{"id":96,"date":"2019-11-01T13:32:06","date_gmt":"2019-11-01T11:32:06","guid":{"rendered":"http:\/\/srvr10.xetpoint.com\/~seyfi\/kaakkois-suomi\/?page_id=96"},"modified":"2020-01-29T21:42:33","modified_gmt":"2020-01-29T19:42:33","slug":"hoitajaksi-elainkoti-pesalle","status":"publish","type":"page","link":"https:\/\/sey.fi\/kaakkois-suomi\/kaakkois-suomen-elainsuojeluyhdistys\/toiminta\/hoitajaksi-elainkoti-pesalle\/","title":{"rendered":"Hoitajaksi el\u00e4inkoti Pes\u00e4lle"},"content":{"rendered":"\n<p>Yhdistyksen aktiivit hallituslaisista el\u00e4intenhoitajiin ty\u00f6skentelev\u00e4t yhdistyksen ja El\u00e4inkoti Pes\u00e4n eteen t\u00e4ysin vapaaehtoisesti ja palkatta. T\u00f6it\u00e4 olisi koko ajan enemm\u00e4n tarjolla kuin tekij\u00f6it\u00e4. Hoitajien m\u00e4\u00e4r\u00e4 vaikuttaa my\u00f6s siihen, montako el\u00e4int\u00e4 pystymme vastaanottamaan sek\u00e4 montaako el\u00e4int\u00e4 pystymme auttamaan. Jokaisen antama panos el\u00e4inkoti Pes\u00e4n el\u00e4inten hyv\u00e4ksi on siis todella t\u00e4rke\u00e4!<\/p>\n\n\n\n<p>Hoitovuoron toimet viev\u00e4t aikaa yleens\u00e4 2-4 h kissam\u00e4\u00e4r\u00e4st\u00e4 riippuen &#8211; monet hoitajat viett\u00e4v\u00e4t Pes\u00e4ll\u00e4 aikaa enemm\u00e4nkin, jos he seurustelevat ja leikkiv\u00e4t el\u00e4imien kanssa. Hoitovuoroja voi tehd\u00e4 yhdess\u00e4 my\u00f6s muiden hoitajien kanssa, jolloin itse hoitamiseen kuluu v\u00e4hemm\u00e4n aikaa ja el\u00e4inten kanssa seurusteluun j\u00e4\u00e4 enemm\u00e4n aikaa. Perehdytykseen kuluu suunnilleen sama aika kun hoitovuoron tekoon, joten perehdytykseen kannattaa varata&nbsp;ainakin kaksi tuntia aikaa. Omat ev\u00e4\u00e4t otetaan mukaan. Pes\u00e4ll\u00e4 on astioita, j\u00e4\u00e4kaappi sek\u00e4 mikro. Mukaan otetaan my\u00f6s jotkut huonommat vaatteet, jotka voi pest\u00e4 60:ss\u00e4 asteessa. Hoitajat saavat keng\u00e4t Pes\u00e4lt\u00e4.<\/p>\n\n\n\n<p>Mik\u00e4li sinulla on kotona kissoja, huolehdi niiden rokotukset kuntoon ennakkoon (v\u00e4hint\u00e4\u00e4n viikko ennen kuin tulet ensimm\u00e4iseen hoitovuoroon), jotta Pes\u00e4lt\u00e4 ei mahdollisesti kulkeudu niille taudinaiheuttajia (esim. kissaflunssa, kissarutto). T\u00e4ll\u00e4 hetkell\u00e4 kaikki Pes\u00e4n kissat vaikuttavat terveilt\u00e4 ja hyvinvoivilta, mutta rokotus on hyv\u00e4 varotoimenpide ja suojaa kissaa muutenkin esimerkiksi sellaisilta viruksilta, jotka omistaja saattaa kantaa kadulta keng\u00e4npohjissaan kotiin.<\/p>\n\n\n\n<p>Ennen hoitovuorojen aloitusta varmista, ett\u00e4 sinulla on voimassaoleva j\u00e4ykk\u00e4kouristusrokote. Jos sinulla ei ole tallessa omaa rokotuskorttiasi etk\u00e4 muista, milloin olet saanut rokotteen, asiaa voi selvitt\u00e4\u00e4 omalta terveysasemaltaan, yleens\u00e4 ihan normaalista ajanvarausnumerosta. J\u00e4ykk\u00e4kouristus-kurkkum\u00e4t\u00e4rokote tulee uusia 10 vuoden v\u00e4lein ja sen uusiminen on maksutonta. Lis\u00e4tietoa:&nbsp;<strong><a href=\"https:\/\/www.rokote.fi\/rokotteilla-ehkaeistaevaet-taudit\/jaeykkaekouristus\/\" target=\"_blank\" rel=\"noreferrer noopener\">https:\/\/www.rokote.fi\/rokotteilla-ehkaeistaevaet-taudit\/jaeykkaekouristus\/<\/a><\/strong><\/p>\n\n\n\n<p>Bussilinjat 2 ja 7 kulkevat Pes\u00e4n ohi. Lis\u00e4tietoja reiteist\u00e4&nbsp;<strong><a href=\"http:\/\/bussit.lappeenranta.fi\/reittiopas\/main\" target=\"_blank\" rel=\"noreferrer noopener\">Lappeenrannan reittioppaasta<\/a><\/strong>&nbsp;ja&nbsp;<strong><a href=\"http:\/\/www.lappeenranta.fi\/fi\/Kartat-ja-liikenne\/Matkaliput-ja-hinnat\/Matkaliput-ja-hinnat\" target=\"_blank\" rel=\"noreferrer noopener\">hinnoista<\/a>&nbsp;<\/strong>kaupungin sivuilla.<\/p>\n\n\n\n<p>El\u00e4inkoti Pes\u00e4n el\u00e4imet hoidetaan p\u00e4\u00e4s\u00e4\u00e4nt\u00f6isesti kerran p\u00e4iv\u00e4ss\u00e4. Joskus joku kissa tarvitsee l\u00e4\u00e4kint\u00e4\u00e4, jolloin hoitovuoron lis\u00e4ksi tarvitsemme l\u00e4\u00e4kitsij\u00f6it\u00e4 k\u00e4ym\u00e4\u00e4n eri aikoina p\u00e4iv\u00e4ss\u00e4. Hoitovuoroja saat tehd\u00e4 niin paljon kuin haluat. Hoito- ja l\u00e4\u00e4kint\u00e4vuorot varataan s\u00e4hk\u00f6isesti maksuttomassa Nimenhuuto-palvelussa.<\/p>\n\n\n\n<p>Voit tutustua el\u00e4inkoti Pes\u00e4n toimintaan tarkemmin nettisivuillamme kohdassa&nbsp;<strong><a href=\"https:\/\/sey.fi\/kaakkois-suomi\/kaakkois-suomen-elainsuojeluyhdistys\/toiminta\/elainkoti-pesa\/\">El\u00e4inkoti Pes\u00e4<\/a><\/strong>. Voit ilmoittautua vapaaehtoiseksi el\u00e4intenhoitajaksi s\u00e4hk\u00f6postitse&nbsp;<strong><a href=\"mailto:kasey.vuorovastaava@gmail.com\">kasey.vuorovastaava(at)gmail.com<\/a><\/strong>&nbsp;tai puhelimitse&nbsp;050 555 1186.<\/p>\n","protected":false},"excerpt":{"rendered":"<p>Yhdistyksen aktiivit hallituslaisista el\u00e4intenhoitajiin ty\u00f6skentelev\u00e4t yhdistyksen ja El\u00e4inkoti Pes\u00e4n eteen t\u00e4ysin vapaaehtoisesti ja palkatta. T\u00f6it\u00e4 olisi koko ajan enemm\u00e4n tarjolla kuin tekij\u00f6it\u00e4. Hoitajien m\u00e4\u00e4r\u00e4 vaikuttaa my\u00f6s siihen, montako el\u00e4int\u00e4 pystymme vastaanottamaan sek\u00e4 montaako el\u00e4int\u00e4 pystymme auttamaan. Jokaisen antama panos el\u00e4inkoti Pes\u00e4n el\u00e4inten hyv\u00e4ksi on siis todella t\u00e4rke\u00e4! Hoitovuoron toimet viev\u00e4t aikaa yleens\u00e4 2-4 h kissam\u00e4\u00e4r\u00e4st\u00e4 [&hellip;]<\/p>\n","protected":false},"author":8,"featured_media":0,"parent":67,"menu_order":0,"comment_status":"closed","ping_status":"closed","template":"","meta":{"_acf_changed":false,"footnotes":""},"class_list":["post-96","page","type-page","status-publish","hentry"],"acf":[],"yoast_head":"<!-- This site is optimized with the Yoast SEO plugin v27.1.1 - https:\/\/yoast.com\/product\/yoast-seo-wordpress\/ -->\n<title>Hoitajaksi el\u00e4inkoti Pes\u00e4lle - Kaakkois-Suomen el\u00e4insuojeluyhdistys<\/title>\n<meta name=\"robots\" content=\"index, follow, max-snippet:-1, max-image-preview:large, max-video-preview:-1\" \/>\n<link rel=\"canonical\" href=\"https:\/\/sey.fi\/kaakkois-suomi\/kaakkois-suomen-elainsuojeluyhdistys\/toiminta\/hoitajaksi-elainkoti-pesalle\/\" \/>\n<meta property=\"og:locale\" content=\"fi_FI\" \/>\n<meta property=\"og:type\" content=\"article\" \/>\n<meta property=\"og:title\" content=\"Hoitajaksi el\u00e4inkoti Pes\u00e4lle - Kaakkois-Suomen el\u00e4insuojeluyhdistys\" \/>\n<meta property=\"og:description\" content=\"Yhdistyksen aktiivit hallituslaisista el\u00e4intenhoitajiin ty\u00f6skentelev\u00e4t yhdistyksen ja El\u00e4inkoti Pes\u00e4n eteen t\u00e4ysin vapaaehtoisesti ja palkatta. T\u00f6it\u00e4 olisi koko ajan enemm\u00e4n tarjolla kuin tekij\u00f6it\u00e4. Hoitajien m\u00e4\u00e4r\u00e4 vaikuttaa my\u00f6s siihen, montako el\u00e4int\u00e4 pystymme vastaanottamaan sek\u00e4 montaako el\u00e4int\u00e4 pystymme auttamaan. Jokaisen antama panos el\u00e4inkoti Pes\u00e4n el\u00e4inten hyv\u00e4ksi on siis todella t\u00e4rke\u00e4! Hoitovuoron toimet viev\u00e4t aikaa yleens\u00e4 2-4 h kissam\u00e4\u00e4r\u00e4st\u00e4 [&hellip;]\" \/>\n<meta property=\"og:url\" content=\"https:\/\/sey.fi\/kaakkois-suomi\/kaakkois-suomen-elainsuojeluyhdistys\/toiminta\/hoitajaksi-elainkoti-pesalle\/\" \/>\n<meta property=\"og:site_name\" content=\"Kaakkois-Suomen el\u00e4insuojeluyhdistys\" \/>\n<meta property=\"article:modified_time\" content=\"2020-01-29T19:42:33+00:00\" \/>\n<meta name=\"twitter:card\" content=\"summary_large_image\" \/>\n<meta name=\"twitter:label1\" content=\"Arvioitu lukuaika\" \/>\n\t<meta name=\"twitter:data1\" content=\"2 minuuttia\" \/>\n<script type=\"application\/ld+json\" class=\"yoast-schema-graph\">{\"@context\":\"https:\/\/schema.org\",\"@graph\":[{\"@type\":\"WebPage\",\"@id\":\"https:\/\/sey.fi\/kaakkois-suomi\/kaakkois-suomen-elainsuojeluyhdistys\/toiminta\/hoitajaksi-elainkoti-pesalle\/\",\"url\":\"https:\/\/sey.fi\/kaakkois-suomi\/kaakkois-suomen-elainsuojeluyhdistys\/toiminta\/hoitajaksi-elainkoti-pesalle\/\",\"name\":\"Hoitajaksi el\u00e4inkoti Pes\u00e4lle - Kaakkois-Suomen el\u00e4insuojeluyhdistys\",\"isPartOf\":{\"@id\":\"https:\/\/sey.fi\/kaakkois-suomi\/#website\"},\"datePublished\":\"2019-11-01T11:32:06+00:00\",\"dateModified\":\"2020-01-29T19:42:33+00:00\",\"breadcrumb\":{\"@id\":\"https:\/\/sey.fi\/kaakkois-suomi\/kaakkois-suomen-elainsuojeluyhdistys\/toiminta\/hoitajaksi-elainkoti-pesalle\/#breadcrumb\"},\"inLanguage\":\"fi\",\"potentialAction\":[{\"@type\":\"ReadAction\",\"target\":[\"https:\/\/sey.fi\/kaakkois-suomi\/kaakkois-suomen-elainsuojeluyhdistys\/toiminta\/hoitajaksi-elainkoti-pesalle\/\"]}]},{\"@type\":\"BreadcrumbList\",\"@id\":\"https:\/\/sey.fi\/kaakkois-suomi\/kaakkois-suomen-elainsuojeluyhdistys\/toiminta\/hoitajaksi-elainkoti-pesalle\/#breadcrumb\",\"itemListElement\":[{\"@type\":\"ListItem\",\"position\":1,\"name\":\"Home\",\"item\":\"https:\/\/sey.fi\/kaakkois-suomi\/\"},{\"@type\":\"ListItem\",\"position\":2,\"name\":\"Kaakkois-Suomen el\u00e4insuojeluyhdistys\",\"item\":\"https:\/\/sey.fi\/kaakkois-suomi\/\"},{\"@type\":\"ListItem\",\"position\":3,\"name\":\"Toiminta\",\"item\":\"https:\/\/sey.fi\/kaakkois-suomi\/kaakkois-suomen-elainsuojeluyhdistys\/toiminta\/\"},{\"@type\":\"ListItem\",\"position\":4,\"name\":\"Hoitajaksi el\u00e4inkoti Pes\u00e4lle\"}]},{\"@type\":\"WebSite\",\"@id\":\"https:\/\/sey.fi\/kaakkois-suomi\/#website\",\"url\":\"https:\/\/sey.fi\/kaakkois-suomi\/\",\"name\":\"Kaakkois-Suomen el\u00e4insuojeluyhdistys\",\"description\":\"Uusi SEY J\u00e4senyhdistykset -sivusto\",\"potentialAction\":[{\"@type\":\"SearchAction\",\"target\":{\"@type\":\"EntryPoint\",\"urlTemplate\":\"https:\/\/sey.fi\/kaakkois-suomi\/?s={search_term_string}\"},\"query-input\":{\"@type\":\"PropertyValueSpecification\",\"valueRequired\":true,\"valueName\":\"search_term_string\"}}],\"inLanguage\":\"fi\"}]}<\/script>\n<!-- \/ Yoast SEO plugin. -->","yoast_head_json":{"title":"Hoitajaksi el\u00e4inkoti Pes\u00e4lle - Kaakkois-Suomen el\u00e4insuojeluyhdistys","robots":{"index":"index","follow":"follow","max-snippet":"max-snippet:-1","max-image-preview":"max-image-preview:large","max-video-preview":"max-video-preview:-1"},"canonical":"https:\/\/sey.fi\/kaakkois-suomi\/kaakkois-suomen-elainsuojeluyhdistys\/toiminta\/hoitajaksi-elainkoti-pesalle\/","og_locale":"fi_FI","og_type":"article","og_title":"Hoitajaksi el\u00e4inkoti Pes\u00e4lle - Kaakkois-Suomen el\u00e4insuojeluyhdistys","og_description":"Yhdistyksen aktiivit hallituslaisista el\u00e4intenhoitajiin ty\u00f6skentelev\u00e4t yhdistyksen ja El\u00e4inkoti Pes\u00e4n eteen t\u00e4ysin vapaaehtoisesti ja palkatta. T\u00f6it\u00e4 olisi koko ajan enemm\u00e4n tarjolla kuin tekij\u00f6it\u00e4. Hoitajien m\u00e4\u00e4r\u00e4 vaikuttaa my\u00f6s siihen, montako el\u00e4int\u00e4 pystymme vastaanottamaan sek\u00e4 montaako el\u00e4int\u00e4 pystymme auttamaan. Jokaisen antama panos el\u00e4inkoti Pes\u00e4n el\u00e4inten hyv\u00e4ksi on siis todella t\u00e4rke\u00e4! Hoitovuoron toimet viev\u00e4t aikaa yleens\u00e4 2-4 h kissam\u00e4\u00e4r\u00e4st\u00e4 [&hellip;]","og_url":"https:\/\/sey.fi\/kaakkois-suomi\/kaakkois-suomen-elainsuojeluyhdistys\/toiminta\/hoitajaksi-elainkoti-pesalle\/","og_site_name":"Kaakkois-Suomen el\u00e4insuojeluyhdistys","article_modified_time":"2020-01-29T19:42:33+00:00","twitter_card":"summary_large_image","twitter_misc":{"Arvioitu lukuaika":"2 minuuttia"},"schema":{"@context":"https:\/\/schema.org","@graph":[{"@type":"WebPage","@id":"https:\/\/sey.fi\/kaakkois-suomi\/kaakkois-suomen-elainsuojeluyhdistys\/toiminta\/hoitajaksi-elainkoti-pesalle\/","url":"https:\/\/sey.fi\/kaakkois-suomi\/kaakkois-suomen-elainsuojeluyhdistys\/toiminta\/hoitajaksi-elainkoti-pesalle\/","name":"Hoitajaksi el\u00e4inkoti Pes\u00e4lle - Kaakkois-Suomen el\u00e4insuojeluyhdistys","isPartOf":{"@id":"https:\/\/sey.fi\/kaakkois-suomi\/#website"},"datePublished":"2019-11-01T11:32:06+00:00","dateModified":"2020-01-29T19:42:33+00:00","breadcrumb":{"@id":"https:\/\/sey.fi\/kaakkois-suomi\/kaakkois-suomen-elainsuojeluyhdistys\/toiminta\/hoitajaksi-elainkoti-pesalle\/#breadcrumb"},"inLanguage":"fi","potentialAction":[{"@type":"ReadAction","target":["https:\/\/sey.fi\/kaakkois-suomi\/kaakkois-suomen-elainsuojeluyhdistys\/toiminta\/hoitajaksi-elainkoti-pesalle\/"]}]},{"@type":"BreadcrumbList","@id":"https:\/\/sey.fi\/kaakkois-suomi\/kaakkois-suomen-elainsuojeluyhdistys\/toiminta\/hoitajaksi-elainkoti-pesalle\/#breadcrumb","itemListElement":[{"@type":"ListItem","position":1,"name":"Home","item":"https:\/\/sey.fi\/kaakkois-suomi\/"},{"@type":"ListItem","position":2,"name":"Kaakkois-Suomen el\u00e4insuojeluyhdistys","item":"https:\/\/sey.fi\/kaakkois-suomi\/"},{"@type":"ListItem","position":3,"name":"Toiminta","item":"https:\/\/sey.fi\/kaakkois-suomi\/kaakkois-suomen-elainsuojeluyhdistys\/toiminta\/"},{"@type":"ListItem","position":4,"name":"Hoitajaksi el\u00e4inkoti Pes\u00e4lle"}]},{"@type":"WebSite","@id":"https:\/\/sey.fi\/kaakkois-suomi\/#website","url":"https:\/\/sey.fi\/kaakkois-suomi\/","name":"Kaakkois-Suomen el\u00e4insuojeluyhdistys","description":"Uusi SEY J\u00e4senyhdistykset -sivusto","potentialAction":[{"@type":"SearchAction","target":{"@type":"EntryPoint","urlTemplate":"https:\/\/sey.fi\/kaakkois-suomi\/?s={search_term_string}"},"query-input":{"@type":"PropertyValueSpecification","valueRequired":true,"valueName":"search_term_string"}}],"inLanguage":"fi"}]}},"_links":{"self":[{"href":"https:\/\/sey.fi\/kaakkois-suomi\/wp-json\/wp\/v2\/pages\/96","targetHints":{"allow":["GET"]}}],"collection":[{"href":"https:\/\/sey.fi\/kaakkois-suomi\/wp-json\/wp\/v2\/pages"}],"about":[{"href":"https:\/\/sey.fi\/kaakkois-suomi\/wp-json\/wp\/v2\/types\/page"}],"author":[{"embeddable":true,"href":"https:\/\/sey.fi\/kaakkois-suomi\/wp-json\/wp\/v2\/users\/8"}],"replies":[{"embeddable":true,"href":"https:\/\/sey.fi\/kaakkois-suomi\/wp-json\/wp\/v2\/comments?post=96"}],"version-history":[{"count":2,"href":"https:\/\/sey.fi\/kaakkois-suomi\/wp-json\/wp\/v2\/pages\/96\/revisions"}],"predecessor-version":[{"id":542,"href":"https:\/\/sey.fi\/kaakkois-suomi\/wp-json\/wp\/v2\/pages\/96\/revisions\/542"}],"up":[{"embeddable":true,"href":"https:\/\/sey.fi\/kaakkois-suomi\/wp-json\/wp\/v2\/pages\/67"}],"wp:attachment":[{"href":"https:\/\/sey.fi\/kaakkois-suomi\/wp-json\/wp\/v2\/media?parent=96"}],"curies":[{"name":"wp","href":"https:\/\/api.w.org\/{rel}","templated":true}]}}