{"id":102,"date":"2019-10-28T12:42:28","date_gmt":"2019-10-28T10:42:28","guid":{"rendered":"http:\/\/srvr10.xetpoint.com\/~seyfi\/kainuu\/?page_id=102"},"modified":"2024-03-18T17:46:48","modified_gmt":"2024-03-18T15:46:48","slug":"liity-jaseneksi","status":"publish","type":"page","link":"https:\/\/sey.fi\/kainuu\/kainuun-elainsuojeluyhdistys\/tule-mukaan\/liity-jaseneksi\/","title":{"rendered":"Liity j\u00e4seneksi"},"content":{"rendered":"\n<p>J\u00e4senyhdistykseen kuulumalla\u00a0p\u00e4\u00e4set osaltasi\u00a0vaikuttamaan el\u00e4insuojelullisiin asioihin. Mit\u00e4 suurempi yhdistys on, sit\u00e4\u00a0kauemmaksi sen \u00e4\u00e4ni kuuluu. Tule mukaan &#8211; Kainuun El\u00e4insuojeluyhdistykseen liittyminen on helppoa!\u00a0J\u00e4senmaksu aikuisilta (varsinainen j\u00e4sen) 35\u20ac\/vuosi, nuorisoj\u00e4sen (alle 15-v.)  25\u20ac\/vuosi.  J\u00e4senyyden voi my\u00f6s lahjoittaa!<\/p>\n\n\n\n<p><strong>\u25ba&nbsp;<a href=\"http:\/\/www.sey.fi\/tue-toimintaa\/jasenyys\" target=\"_blank\" rel=\"noreferrer noopener\">LIITY<\/a><\/strong><\/p>\n","protected":false},"excerpt":{"rendered":"<p>J\u00e4senyhdistykseen kuulumalla\u00a0p\u00e4\u00e4set osaltasi\u00a0vaikuttamaan el\u00e4insuojelullisiin asioihin. Mit\u00e4 suurempi yhdistys on, sit\u00e4\u00a0kauemmaksi sen \u00e4\u00e4ni kuuluu. Tule mukaan &#8211; Kainuun El\u00e4insuojeluyhdistykseen liittyminen on helppoa!\u00a0J\u00e4senmaksu aikuisilta (varsinainen j\u00e4sen) 35\u20ac\/vuosi, nuorisoj\u00e4sen (alle 15-v.) 25\u20ac\/vuosi. J\u00e4senyyden voi my\u00f6s lahjoittaa! \u25ba&nbsp;LIITY<\/p>\n","protected":false},"author":8,"featured_media":0,"parent":18,"menu_order":0,"comment_status":"closed","ping_status":"closed","template":"","meta":{"_acf_changed":false,"footnotes":""},"class_list":["post-102","page","type-page","status-publish","hentry"],"acf":[],"yoast_head":"<!-- This site is optimized with the Yoast SEO plugin v27.1.1 - https:\/\/yoast.com\/product\/yoast-seo-wordpress\/ -->\n<title>Liity j\u00e4seneksi - Kainuun el\u00e4insuojeluyhdistys<\/title>\n<meta name=\"robots\" content=\"index, follow, max-snippet:-1, max-image-preview:large, max-video-preview:-1\" \/>\n<link rel=\"canonical\" href=\"https:\/\/sey.fi\/kainuu\/kainuun-elainsuojeluyhdistys\/tule-mukaan\/liity-jaseneksi\/\" \/>\n<meta property=\"og:locale\" content=\"fi_FI\" \/>\n<meta property=\"og:type\" content=\"article\" \/>\n<meta property=\"og:title\" content=\"Liity j\u00e4seneksi - Kainuun el\u00e4insuojeluyhdistys\" \/>\n<meta property=\"og:description\" content=\"J\u00e4senyhdistykseen kuulumalla\u00a0p\u00e4\u00e4set osaltasi\u00a0vaikuttamaan el\u00e4insuojelullisiin asioihin. Mit\u00e4 suurempi yhdistys on, sit\u00e4\u00a0kauemmaksi sen \u00e4\u00e4ni kuuluu. Tule mukaan &#8211; Kainuun El\u00e4insuojeluyhdistykseen liittyminen on helppoa!\u00a0J\u00e4senmaksu aikuisilta (varsinainen j\u00e4sen) 35\u20ac\/vuosi, nuorisoj\u00e4sen (alle 15-v.) 25\u20ac\/vuosi. J\u00e4senyyden voi my\u00f6s lahjoittaa! \u25ba&nbsp;LIITY\" \/>\n<meta property=\"og:url\" content=\"https:\/\/sey.fi\/kainuu\/kainuun-elainsuojeluyhdistys\/tule-mukaan\/liity-jaseneksi\/\" \/>\n<meta property=\"og:site_name\" content=\"Kainuun el\u00e4insuojeluyhdistys\" \/>\n<meta property=\"article:modified_time\" content=\"2024-03-18T15:46:48+00:00\" \/>\n<meta name=\"twitter:card\" content=\"summary_large_image\" \/>\n<meta name=\"twitter:label1\" content=\"Arvioitu lukuaika\" \/>\n\t<meta name=\"twitter:data1\" content=\"1 minuutti\" \/>\n<script type=\"application\/ld+json\" class=\"yoast-schema-graph\">{\"@context\":\"https:\/\/schema.org\",\"@graph\":[{\"@type\":\"WebPage\",\"@id\":\"https:\/\/sey.fi\/kainuu\/kainuun-elainsuojeluyhdistys\/tule-mukaan\/liity-jaseneksi\/\",\"url\":\"https:\/\/sey.fi\/kainuu\/kainuun-elainsuojeluyhdistys\/tule-mukaan\/liity-jaseneksi\/\",\"name\":\"Liity j\u00e4seneksi - Kainuun el\u00e4insuojeluyhdistys\",\"isPartOf\":{\"@id\":\"https:\/\/sey.fi\/kainuu\/#website\"},\"datePublished\":\"2019-10-28T10:42:28+00:00\",\"dateModified\":\"2024-03-18T15:46:48+00:00\",\"breadcrumb\":{\"@id\":\"https:\/\/sey.fi\/kainuu\/kainuun-elainsuojeluyhdistys\/tule-mukaan\/liity-jaseneksi\/#breadcrumb\"},\"inLanguage\":\"fi\",\"potentialAction\":[{\"@type\":\"ReadAction\",\"target\":[\"https:\/\/sey.fi\/kainuu\/kainuun-elainsuojeluyhdistys\/tule-mukaan\/liity-jaseneksi\/\"]}]},{\"@type\":\"BreadcrumbList\",\"@id\":\"https:\/\/sey.fi\/kainuu\/kainuun-elainsuojeluyhdistys\/tule-mukaan\/liity-jaseneksi\/#breadcrumb\",\"itemListElement\":[{\"@type\":\"ListItem\",\"position\":1,\"name\":\"Home\",\"item\":\"https:\/\/sey.fi\/kainuu\/\"},{\"@type\":\"ListItem\",\"position\":2,\"name\":\"Kainuun el\u00e4insuojeluyhdistys\",\"item\":\"https:\/\/sey.fi\/kainuu\/\"},{\"@type\":\"ListItem\",\"position\":3,\"name\":\"Tule mukaan\",\"item\":\"https:\/\/sey.fi\/kainuu\/kainuun-elainsuojeluyhdistys\/tule-mukaan\/\"},{\"@type\":\"ListItem\",\"position\":4,\"name\":\"Liity j\u00e4seneksi\"}]},{\"@type\":\"WebSite\",\"@id\":\"https:\/\/sey.fi\/kainuu\/#website\",\"url\":\"https:\/\/sey.fi\/kainuu\/\",\"name\":\"Kainuun el\u00e4insuojeluyhdistys\",\"description\":\"Uusi SEY J\u00e4senyhdistykset -sivusto\",\"potentialAction\":[{\"@type\":\"SearchAction\",\"target\":{\"@type\":\"EntryPoint\",\"urlTemplate\":\"https:\/\/sey.fi\/kainuu\/?s={search_term_string}\"},\"query-input\":{\"@type\":\"PropertyValueSpecification\",\"valueRequired\":true,\"valueName\":\"search_term_string\"}}],\"inLanguage\":\"fi\"}]}<\/script>\n<!-- \/ Yoast SEO plugin. -->","yoast_head_json":{"title":"Liity j\u00e4seneksi - Kainuun el\u00e4insuojeluyhdistys","robots":{"index":"index","follow":"follow","max-snippet":"max-snippet:-1","max-image-preview":"max-image-preview:large","max-video-preview":"max-video-preview:-1"},"canonical":"https:\/\/sey.fi\/kainuu\/kainuun-elainsuojeluyhdistys\/tule-mukaan\/liity-jaseneksi\/","og_locale":"fi_FI","og_type":"article","og_title":"Liity j\u00e4seneksi - Kainuun el\u00e4insuojeluyhdistys","og_description":"J\u00e4senyhdistykseen kuulumalla\u00a0p\u00e4\u00e4set osaltasi\u00a0vaikuttamaan el\u00e4insuojelullisiin asioihin. Mit\u00e4 suurempi yhdistys on, sit\u00e4\u00a0kauemmaksi sen \u00e4\u00e4ni kuuluu. Tule mukaan &#8211; Kainuun El\u00e4insuojeluyhdistykseen liittyminen on helppoa!\u00a0J\u00e4senmaksu aikuisilta (varsinainen j\u00e4sen) 35\u20ac\/vuosi, nuorisoj\u00e4sen (alle 15-v.) 25\u20ac\/vuosi. J\u00e4senyyden voi my\u00f6s lahjoittaa! \u25ba&nbsp;LIITY","og_url":"https:\/\/sey.fi\/kainuu\/kainuun-elainsuojeluyhdistys\/tule-mukaan\/liity-jaseneksi\/","og_site_name":"Kainuun el\u00e4insuojeluyhdistys","article_modified_time":"2024-03-18T15:46:48+00:00","twitter_card":"summary_large_image","twitter_misc":{"Arvioitu lukuaika":"1 minuutti"},"schema":{"@context":"https:\/\/schema.org","@graph":[{"@type":"WebPage","@id":"https:\/\/sey.fi\/kainuu\/kainuun-elainsuojeluyhdistys\/tule-mukaan\/liity-jaseneksi\/","url":"https:\/\/sey.fi\/kainuu\/kainuun-elainsuojeluyhdistys\/tule-mukaan\/liity-jaseneksi\/","name":"Liity j\u00e4seneksi - Kainuun el\u00e4insuojeluyhdistys","isPartOf":{"@id":"https:\/\/sey.fi\/kainuu\/#website"},"datePublished":"2019-10-28T10:42:28+00:00","dateModified":"2024-03-18T15:46:48+00:00","breadcrumb":{"@id":"https:\/\/sey.fi\/kainuu\/kainuun-elainsuojeluyhdistys\/tule-mukaan\/liity-jaseneksi\/#breadcrumb"},"inLanguage":"fi","potentialAction":[{"@type":"ReadAction","target":["https:\/\/sey.fi\/kainuu\/kainuun-elainsuojeluyhdistys\/tule-mukaan\/liity-jaseneksi\/"]}]},{"@type":"BreadcrumbList","@id":"https:\/\/sey.fi\/kainuu\/kainuun-elainsuojeluyhdistys\/tule-mukaan\/liity-jaseneksi\/#breadcrumb","itemListElement":[{"@type":"ListItem","position":1,"name":"Home","item":"https:\/\/sey.fi\/kainuu\/"},{"@type":"ListItem","position":2,"name":"Kainuun el\u00e4insuojeluyhdistys","item":"https:\/\/sey.fi\/kainuu\/"},{"@type":"ListItem","position":3,"name":"Tule mukaan","item":"https:\/\/sey.fi\/kainuu\/kainuun-elainsuojeluyhdistys\/tule-mukaan\/"},{"@type":"ListItem","position":4,"name":"Liity j\u00e4seneksi"}]},{"@type":"WebSite","@id":"https:\/\/sey.fi\/kainuu\/#website","url":"https:\/\/sey.fi\/kainuu\/","name":"Kainuun el\u00e4insuojeluyhdistys","description":"Uusi SEY J\u00e4senyhdistykset -sivusto","potentialAction":[{"@type":"SearchAction","target":{"@type":"EntryPoint","urlTemplate":"https:\/\/sey.fi\/kainuu\/?s={search_term_string}"},"query-input":{"@type":"PropertyValueSpecification","valueRequired":true,"valueName":"search_term_string"}}],"inLanguage":"fi"}]}},"_links":{"self":[{"href":"https:\/\/sey.fi\/kainuu\/wp-json\/wp\/v2\/pages\/102","targetHints":{"allow":["GET"]}}],"collection":[{"href":"https:\/\/sey.fi\/kainuu\/wp-json\/wp\/v2\/pages"}],"about":[{"href":"https:\/\/sey.fi\/kainuu\/wp-json\/wp\/v2\/types\/page"}],"author":[{"embeddable":true,"href":"https:\/\/sey.fi\/kainuu\/wp-json\/wp\/v2\/users\/8"}],"replies":[{"embeddable":true,"href":"https:\/\/sey.fi\/kainuu\/wp-json\/wp\/v2\/comments?post=102"}],"version-history":[{"count":3,"href":"https:\/\/sey.fi\/kainuu\/wp-json\/wp\/v2\/pages\/102\/revisions"}],"predecessor-version":[{"id":325,"href":"https:\/\/sey.fi\/kainuu\/wp-json\/wp\/v2\/pages\/102\/revisions\/325"}],"up":[{"embeddable":true,"href":"https:\/\/sey.fi\/kainuu\/wp-json\/wp\/v2\/pages\/18"}],"wp:attachment":[{"href":"https:\/\/sey.fi\/kainuu\/wp-json\/wp\/v2\/media?parent=102"}],"curies":[{"name":"wp","href":"https:\/\/api.w.org\/{rel}","templated":true}]}}