{"id":104,"date":"2019-10-28T12:43:26","date_gmt":"2019-10-28T10:43:26","guid":{"rendered":"http:\/\/srvr10.xetpoint.com\/~seyfi\/kainuu\/?page_id=104"},"modified":"2024-03-08T19:24:49","modified_gmt":"2024-03-08T17:24:49","slug":"sijaiskodit","status":"publish","type":"page","link":"https:\/\/sey.fi\/kainuu\/kainuun-elainsuojeluyhdistys\/tule-mukaan\/sijaiskodit\/","title":{"rendered":"Sijaiskodit"},"content":{"rendered":"\n<figure class=\"wp-block-image\"><img decoding=\"async\" src=\"http:\/\/kainuu.sey.fi\/images\/Taytekuvat\/taytekuva_kissa_01.png\" alt=\"\" \/><\/figure>\n\n\n\n<p>Suomessa ja maailmalla on paljon kotia etsivi\u00e4 lemmikkej\u00e4, kuten koiria, kissoja ja kaneja. Kainuun El\u00e4insuojeluyhdistys ry yll\u00e4pit\u00e4\u00e4 sijaiskotitoimintaa el\u00e4imille.&nbsp;Sijaiskotiin menev\u00e4t ne el\u00e4imet, jotka jostakin syyst\u00e4 joutuvat luopumaan aikaisemmasta kodistaan &#8211; esimerkiksi omistajansa vakavan sairastumisen johdosta. El\u00e4imet ovat p\u00e4\u00e4asiassa kissoja tai koiria.<\/p>\n\n\n\n<p>Sijaiskotitoiminta on t\u00e4rke\u00e4 v\u00e4livaihe el\u00e4imen saapuessa yhdistyksellemme. T\u00e4ll\u00f6in el\u00e4in tarvitsee v\u00e4litt\u00f6m\u00e4sti huolehtivaa sijaiskotia, jossa on osaamista ja tilat antaa v\u00e4liaikainen turvasatama uutta kotia etsiv\u00e4lle el\u00e4imelle. Toivottavasti sinulla on mahdollisuus antaa koti parhaalle yst\u00e4v\u00e4llesi &#8211; tai jopa useammalle. Harkitse kuitenkin tarkoin ne olosuhteet, mit\u00e4 olet el\u00e4imelle tarjoamassa.<\/p>\n\n\n\n<p>Sijaiskoti huolehtii el\u00e4imest\u00e4, kunnes sille l\u00f6ytyy pysyv\u00e4 lopullinen koti. Yhdistyksemme maksaa el\u00e4imen yll\u00e4pidon sek\u00e4 mahdolliset el\u00e4inl\u00e4\u00e4k\u00e4rik\u00e4ynnit. Perusajatuksena on, ettei sijaiskodin tarjoajalle tule kuluja el\u00e4imen hoidon ajalta. Sijaiskoti voi my\u00f6s halutessaan itse adoptoida el\u00e4imen. Sijaiskodissa voi olla my\u00f6s lapsia tai muita lemmikkej\u00e4, ja kodin sopivuus arvioidaan aina el\u00e4inkohtaisesti. Yhdistys tekee parhaansa, ett\u00e4 jokaiselle el\u00e4imelle l\u00f6ytyy sille sopiva sijaiskoti ja uusi loppuel\u00e4m\u00e4n koti.<\/p>\n\n\n\n<p>Sijaiskotiasioissa ota yhteytt\u00e4 sijaiskotivastaavaamme puhelimitse 040 685 0718\/H\u00e4nninen tai s-postilla kainuun.elainsuojeluyhdistys@gmail.com.<\/p>\n","protected":false},"excerpt":{"rendered":"<p>Suomessa ja maailmalla on paljon kotia etsivi\u00e4 lemmikkej\u00e4, kuten koiria, kissoja ja kaneja. Kainuun El\u00e4insuojeluyhdistys ry yll\u00e4pit\u00e4\u00e4 sijaiskotitoimintaa el\u00e4imille.&nbsp;Sijaiskotiin menev\u00e4t ne el\u00e4imet, jotka jostakin syyst\u00e4 joutuvat luopumaan aikaisemmasta kodistaan &#8211; esimerkiksi omistajansa vakavan sairastumisen johdosta. El\u00e4imet ovat p\u00e4\u00e4asiassa kissoja tai koiria. Sijaiskotitoiminta on t\u00e4rke\u00e4 v\u00e4livaihe el\u00e4imen saapuessa yhdistyksellemme. T\u00e4ll\u00f6in el\u00e4in tarvitsee v\u00e4litt\u00f6m\u00e4sti huolehtivaa sijaiskotia, jossa [&hellip;]<\/p>\n","protected":false},"author":8,"featured_media":0,"parent":18,"menu_order":0,"comment_status":"closed","ping_status":"closed","template":"","meta":{"_acf_changed":false,"footnotes":""},"class_list":["post-104","page","type-page","status-publish","hentry"],"acf":[],"yoast_head":"<!-- This site is optimized with the Yoast SEO plugin v27.1.1 - https:\/\/yoast.com\/product\/yoast-seo-wordpress\/ -->\n<title>Sijaiskodit - Kainuun el\u00e4insuojeluyhdistys<\/title>\n<meta name=\"robots\" content=\"index, follow, max-snippet:-1, max-image-preview:large, max-video-preview:-1\" \/>\n<link rel=\"canonical\" href=\"https:\/\/sey.fi\/kainuu\/kainuun-elainsuojeluyhdistys\/tule-mukaan\/sijaiskodit\/\" \/>\n<meta property=\"og:locale\" content=\"fi_FI\" \/>\n<meta property=\"og:type\" content=\"article\" \/>\n<meta property=\"og:title\" content=\"Sijaiskodit - Kainuun el\u00e4insuojeluyhdistys\" \/>\n<meta property=\"og:description\" content=\"Suomessa ja maailmalla on paljon kotia etsivi\u00e4 lemmikkej\u00e4, kuten koiria, kissoja ja kaneja. Kainuun El\u00e4insuojeluyhdistys ry yll\u00e4pit\u00e4\u00e4 sijaiskotitoimintaa el\u00e4imille.&nbsp;Sijaiskotiin menev\u00e4t ne el\u00e4imet, jotka jostakin syyst\u00e4 joutuvat luopumaan aikaisemmasta kodistaan &#8211; esimerkiksi omistajansa vakavan sairastumisen johdosta. El\u00e4imet ovat p\u00e4\u00e4asiassa kissoja tai koiria. Sijaiskotitoiminta on t\u00e4rke\u00e4 v\u00e4livaihe el\u00e4imen saapuessa yhdistyksellemme. T\u00e4ll\u00f6in el\u00e4in tarvitsee v\u00e4litt\u00f6m\u00e4sti huolehtivaa sijaiskotia, jossa [&hellip;]\" \/>\n<meta property=\"og:url\" content=\"https:\/\/sey.fi\/kainuu\/kainuun-elainsuojeluyhdistys\/tule-mukaan\/sijaiskodit\/\" \/>\n<meta property=\"og:site_name\" content=\"Kainuun el\u00e4insuojeluyhdistys\" \/>\n<meta property=\"article:modified_time\" content=\"2024-03-08T17:24:49+00:00\" \/>\n<meta property=\"og:image\" content=\"http:\/\/kainuu.sey.fi\/images\/Taytekuvat\/taytekuva_kissa_01.png\" \/>\n<meta name=\"twitter:card\" content=\"summary_large_image\" \/>\n<meta name=\"twitter:label1\" content=\"Arvioitu lukuaika\" \/>\n\t<meta name=\"twitter:data1\" content=\"2 minuuttia\" \/>\n<script type=\"application\/ld+json\" class=\"yoast-schema-graph\">{\"@context\":\"https:\/\/schema.org\",\"@graph\":[{\"@type\":\"WebPage\",\"@id\":\"https:\/\/sey.fi\/kainuu\/kainuun-elainsuojeluyhdistys\/tule-mukaan\/sijaiskodit\/\",\"url\":\"https:\/\/sey.fi\/kainuu\/kainuun-elainsuojeluyhdistys\/tule-mukaan\/sijaiskodit\/\",\"name\":\"Sijaiskodit - Kainuun el\u00e4insuojeluyhdistys\",\"isPartOf\":{\"@id\":\"https:\/\/sey.fi\/kainuu\/#website\"},\"primaryImageOfPage\":{\"@id\":\"https:\/\/sey.fi\/kainuu\/kainuun-elainsuojeluyhdistys\/tule-mukaan\/sijaiskodit\/#primaryimage\"},\"image\":{\"@id\":\"https:\/\/sey.fi\/kainuu\/kainuun-elainsuojeluyhdistys\/tule-mukaan\/sijaiskodit\/#primaryimage\"},\"thumbnailUrl\":\"http:\/\/kainuu.sey.fi\/images\/Taytekuvat\/taytekuva_kissa_01.png\",\"datePublished\":\"2019-10-28T10:43:26+00:00\",\"dateModified\":\"2024-03-08T17:24:49+00:00\",\"breadcrumb\":{\"@id\":\"https:\/\/sey.fi\/kainuu\/kainuun-elainsuojeluyhdistys\/tule-mukaan\/sijaiskodit\/#breadcrumb\"},\"inLanguage\":\"fi\",\"potentialAction\":[{\"@type\":\"ReadAction\",\"target\":[\"https:\/\/sey.fi\/kainuu\/kainuun-elainsuojeluyhdistys\/tule-mukaan\/sijaiskodit\/\"]}]},{\"@type\":\"ImageObject\",\"inLanguage\":\"fi\",\"@id\":\"https:\/\/sey.fi\/kainuu\/kainuun-elainsuojeluyhdistys\/tule-mukaan\/sijaiskodit\/#primaryimage\",\"url\":\"http:\/\/kainuu.sey.fi\/images\/Taytekuvat\/taytekuva_kissa_01.png\",\"contentUrl\":\"http:\/\/kainuu.sey.fi\/images\/Taytekuvat\/taytekuva_kissa_01.png\"},{\"@type\":\"BreadcrumbList\",\"@id\":\"https:\/\/sey.fi\/kainuu\/kainuun-elainsuojeluyhdistys\/tule-mukaan\/sijaiskodit\/#breadcrumb\",\"itemListElement\":[{\"@type\":\"ListItem\",\"position\":1,\"name\":\"Home\",\"item\":\"https:\/\/sey.fi\/kainuu\/\"},{\"@type\":\"ListItem\",\"position\":2,\"name\":\"Kainuun el\u00e4insuojeluyhdistys\",\"item\":\"https:\/\/sey.fi\/kainuu\/\"},{\"@type\":\"ListItem\",\"position\":3,\"name\":\"Tule mukaan\",\"item\":\"https:\/\/sey.fi\/kainuu\/kainuun-elainsuojeluyhdistys\/tule-mukaan\/\"},{\"@type\":\"ListItem\",\"position\":4,\"name\":\"Sijaiskodit\"}]},{\"@type\":\"WebSite\",\"@id\":\"https:\/\/sey.fi\/kainuu\/#website\",\"url\":\"https:\/\/sey.fi\/kainuu\/\",\"name\":\"Kainuun el\u00e4insuojeluyhdistys\",\"description\":\"Uusi SEY J\u00e4senyhdistykset -sivusto\",\"potentialAction\":[{\"@type\":\"SearchAction\",\"target\":{\"@type\":\"EntryPoint\",\"urlTemplate\":\"https:\/\/sey.fi\/kainuu\/?s={search_term_string}\"},\"query-input\":{\"@type\":\"PropertyValueSpecification\",\"valueRequired\":true,\"valueName\":\"search_term_string\"}}],\"inLanguage\":\"fi\"}]}<\/script>\n<!-- \/ Yoast SEO plugin. -->","yoast_head_json":{"title":"Sijaiskodit - Kainuun el\u00e4insuojeluyhdistys","robots":{"index":"index","follow":"follow","max-snippet":"max-snippet:-1","max-image-preview":"max-image-preview:large","max-video-preview":"max-video-preview:-1"},"canonical":"https:\/\/sey.fi\/kainuu\/kainuun-elainsuojeluyhdistys\/tule-mukaan\/sijaiskodit\/","og_locale":"fi_FI","og_type":"article","og_title":"Sijaiskodit - Kainuun el\u00e4insuojeluyhdistys","og_description":"Suomessa ja maailmalla on paljon kotia etsivi\u00e4 lemmikkej\u00e4, kuten koiria, kissoja ja kaneja. Kainuun El\u00e4insuojeluyhdistys ry yll\u00e4pit\u00e4\u00e4 sijaiskotitoimintaa el\u00e4imille.&nbsp;Sijaiskotiin menev\u00e4t ne el\u00e4imet, jotka jostakin syyst\u00e4 joutuvat luopumaan aikaisemmasta kodistaan &#8211; esimerkiksi omistajansa vakavan sairastumisen johdosta. El\u00e4imet ovat p\u00e4\u00e4asiassa kissoja tai koiria. Sijaiskotitoiminta on t\u00e4rke\u00e4 v\u00e4livaihe el\u00e4imen saapuessa yhdistyksellemme. T\u00e4ll\u00f6in el\u00e4in tarvitsee v\u00e4litt\u00f6m\u00e4sti huolehtivaa sijaiskotia, jossa [&hellip;]","og_url":"https:\/\/sey.fi\/kainuu\/kainuun-elainsuojeluyhdistys\/tule-mukaan\/sijaiskodit\/","og_site_name":"Kainuun el\u00e4insuojeluyhdistys","article_modified_time":"2024-03-08T17:24:49+00:00","og_image":[{"url":"http:\/\/kainuu.sey.fi\/images\/Taytekuvat\/taytekuva_kissa_01.png","type":"","width":"","height":""}],"twitter_card":"summary_large_image","twitter_misc":{"Arvioitu lukuaika":"2 minuuttia"},"schema":{"@context":"https:\/\/schema.org","@graph":[{"@type":"WebPage","@id":"https:\/\/sey.fi\/kainuu\/kainuun-elainsuojeluyhdistys\/tule-mukaan\/sijaiskodit\/","url":"https:\/\/sey.fi\/kainuu\/kainuun-elainsuojeluyhdistys\/tule-mukaan\/sijaiskodit\/","name":"Sijaiskodit - Kainuun el\u00e4insuojeluyhdistys","isPartOf":{"@id":"https:\/\/sey.fi\/kainuu\/#website"},"primaryImageOfPage":{"@id":"https:\/\/sey.fi\/kainuu\/kainuun-elainsuojeluyhdistys\/tule-mukaan\/sijaiskodit\/#primaryimage"},"image":{"@id":"https:\/\/sey.fi\/kainuu\/kainuun-elainsuojeluyhdistys\/tule-mukaan\/sijaiskodit\/#primaryimage"},"thumbnailUrl":"http:\/\/kainuu.sey.fi\/images\/Taytekuvat\/taytekuva_kissa_01.png","datePublished":"2019-10-28T10:43:26+00:00","dateModified":"2024-03-08T17:24:49+00:00","breadcrumb":{"@id":"https:\/\/sey.fi\/kainuu\/kainuun-elainsuojeluyhdistys\/tule-mukaan\/sijaiskodit\/#breadcrumb"},"inLanguage":"fi","potentialAction":[{"@type":"ReadAction","target":["https:\/\/sey.fi\/kainuu\/kainuun-elainsuojeluyhdistys\/tule-mukaan\/sijaiskodit\/"]}]},{"@type":"ImageObject","inLanguage":"fi","@id":"https:\/\/sey.fi\/kainuu\/kainuun-elainsuojeluyhdistys\/tule-mukaan\/sijaiskodit\/#primaryimage","url":"http:\/\/kainuu.sey.fi\/images\/Taytekuvat\/taytekuva_kissa_01.png","contentUrl":"http:\/\/kainuu.sey.fi\/images\/Taytekuvat\/taytekuva_kissa_01.png"},{"@type":"BreadcrumbList","@id":"https:\/\/sey.fi\/kainuu\/kainuun-elainsuojeluyhdistys\/tule-mukaan\/sijaiskodit\/#breadcrumb","itemListElement":[{"@type":"ListItem","position":1,"name":"Home","item":"https:\/\/sey.fi\/kainuu\/"},{"@type":"ListItem","position":2,"name":"Kainuun el\u00e4insuojeluyhdistys","item":"https:\/\/sey.fi\/kainuu\/"},{"@type":"ListItem","position":3,"name":"Tule mukaan","item":"https:\/\/sey.fi\/kainuu\/kainuun-elainsuojeluyhdistys\/tule-mukaan\/"},{"@type":"ListItem","position":4,"name":"Sijaiskodit"}]},{"@type":"WebSite","@id":"https:\/\/sey.fi\/kainuu\/#website","url":"https:\/\/sey.fi\/kainuu\/","name":"Kainuun el\u00e4insuojeluyhdistys","description":"Uusi SEY J\u00e4senyhdistykset -sivusto","potentialAction":[{"@type":"SearchAction","target":{"@type":"EntryPoint","urlTemplate":"https:\/\/sey.fi\/kainuu\/?s={search_term_string}"},"query-input":{"@type":"PropertyValueSpecification","valueRequired":true,"valueName":"search_term_string"}}],"inLanguage":"fi"}]}},"_links":{"self":[{"href":"https:\/\/sey.fi\/kainuu\/wp-json\/wp\/v2\/pages\/104","targetHints":{"allow":["GET"]}}],"collection":[{"href":"https:\/\/sey.fi\/kainuu\/wp-json\/wp\/v2\/pages"}],"about":[{"href":"https:\/\/sey.fi\/kainuu\/wp-json\/wp\/v2\/types\/page"}],"author":[{"embeddable":true,"href":"https:\/\/sey.fi\/kainuu\/wp-json\/wp\/v2\/users\/8"}],"replies":[{"embeddable":true,"href":"https:\/\/sey.fi\/kainuu\/wp-json\/wp\/v2\/comments?post=104"}],"version-history":[{"count":5,"href":"https:\/\/sey.fi\/kainuu\/wp-json\/wp\/v2\/pages\/104\/revisions"}],"predecessor-version":[{"id":317,"href":"https:\/\/sey.fi\/kainuu\/wp-json\/wp\/v2\/pages\/104\/revisions\/317"}],"up":[{"embeddable":true,"href":"https:\/\/sey.fi\/kainuu\/wp-json\/wp\/v2\/pages\/18"}],"wp:attachment":[{"href":"https:\/\/sey.fi\/kainuu\/wp-json\/wp\/v2\/media?parent=104"}],"curies":[{"name":"wp","href":"https:\/\/api.w.org\/{rel}","templated":true}]}}