{"id":106,"date":"2019-10-28T12:48:50","date_gmt":"2019-10-28T10:48:50","guid":{"rendered":"http:\/\/srvr10.xetpoint.com\/~seyfi\/kainuu\/?page_id=106"},"modified":"2019-10-28T12:48:50","modified_gmt":"2019-10-28T10:48:50","slug":"jasentapahtumat","status":"publish","type":"page","link":"https:\/\/sey.fi\/kainuu\/kainuun-elainsuojeluyhdistys\/tule-mukaan\/jasentapahtumat\/","title":{"rendered":"J\u00e4sentapahtumat"},"content":{"rendered":"\n<p>J\u00e4sentapahtumat tuovat j\u00e4senist\u00f6\u00e4mme yhteen. Saatamme kuunnella yhdess\u00e4 el\u00e4inl\u00e4\u00e4k\u00e4rin luentoa tai vaikkapa tehd\u00e4 tutustumisk\u00e4ynnin maatilalle. J\u00e4sentapahtumat ovat p\u00e4\u00e4s\u00e4\u00e4nt\u00f6isesti maksuttomia. Mahdollisuuksien mukaan my\u00f6s ei-j\u00e4senet voivat osallistua niihin. Tiedoitamme j\u00e4sentapahtumista kotisivuillamme, sosiaalisessa mediassa sek\u00e4 postituslistallamme. Avoimet j\u00e4sentapahtumat ovat oivallinen keino tutustua toimintaamme!<\/p>\n","protected":false},"excerpt":{"rendered":"<p>J\u00e4sentapahtumat tuovat j\u00e4senist\u00f6\u00e4mme yhteen. Saatamme kuunnella yhdess\u00e4 el\u00e4inl\u00e4\u00e4k\u00e4rin luentoa tai vaikkapa tehd\u00e4 tutustumisk\u00e4ynnin maatilalle. J\u00e4sentapahtumat ovat p\u00e4\u00e4s\u00e4\u00e4nt\u00f6isesti maksuttomia. Mahdollisuuksien mukaan my\u00f6s ei-j\u00e4senet voivat osallistua niihin. Tiedoitamme j\u00e4sentapahtumista kotisivuillamme, sosiaalisessa mediassa sek\u00e4 postituslistallamme. Avoimet j\u00e4sentapahtumat ovat oivallinen keino tutustua toimintaamme!<\/p>\n","protected":false},"author":8,"featured_media":0,"parent":18,"menu_order":0,"comment_status":"closed","ping_status":"closed","template":"","meta":{"_acf_changed":false,"footnotes":""},"class_list":["post-106","page","type-page","status-publish","hentry"],"acf":[],"yoast_head":"<!-- This site is optimized with the Yoast SEO plugin v27.1.1 - https:\/\/yoast.com\/product\/yoast-seo-wordpress\/ -->\n<title>J\u00e4sentapahtumat - Kainuun el\u00e4insuojeluyhdistys<\/title>\n<meta name=\"robots\" content=\"index, follow, max-snippet:-1, max-image-preview:large, max-video-preview:-1\" \/>\n<link rel=\"canonical\" href=\"https:\/\/sey.fi\/kainuu\/kainuun-elainsuojeluyhdistys\/tule-mukaan\/jasentapahtumat\/\" \/>\n<meta property=\"og:locale\" content=\"fi_FI\" \/>\n<meta property=\"og:type\" content=\"article\" \/>\n<meta property=\"og:title\" content=\"J\u00e4sentapahtumat - Kainuun el\u00e4insuojeluyhdistys\" \/>\n<meta property=\"og:description\" content=\"J\u00e4sentapahtumat tuovat j\u00e4senist\u00f6\u00e4mme yhteen. Saatamme kuunnella yhdess\u00e4 el\u00e4inl\u00e4\u00e4k\u00e4rin luentoa tai vaikkapa tehd\u00e4 tutustumisk\u00e4ynnin maatilalle. J\u00e4sentapahtumat ovat p\u00e4\u00e4s\u00e4\u00e4nt\u00f6isesti maksuttomia. Mahdollisuuksien mukaan my\u00f6s ei-j\u00e4senet voivat osallistua niihin. Tiedoitamme j\u00e4sentapahtumista kotisivuillamme, sosiaalisessa mediassa sek\u00e4 postituslistallamme. Avoimet j\u00e4sentapahtumat ovat oivallinen keino tutustua toimintaamme!\" \/>\n<meta property=\"og:url\" content=\"https:\/\/sey.fi\/kainuu\/kainuun-elainsuojeluyhdistys\/tule-mukaan\/jasentapahtumat\/\" \/>\n<meta property=\"og:site_name\" content=\"Kainuun el\u00e4insuojeluyhdistys\" \/>\n<meta name=\"twitter:card\" content=\"summary_large_image\" \/>\n<script type=\"application\/ld+json\" class=\"yoast-schema-graph\">{\"@context\":\"https:\/\/schema.org\",\"@graph\":[{\"@type\":\"WebPage\",\"@id\":\"https:\/\/sey.fi\/kainuu\/kainuun-elainsuojeluyhdistys\/tule-mukaan\/jasentapahtumat\/\",\"url\":\"https:\/\/sey.fi\/kainuu\/kainuun-elainsuojeluyhdistys\/tule-mukaan\/jasentapahtumat\/\",\"name\":\"J\u00e4sentapahtumat - Kainuun el\u00e4insuojeluyhdistys\",\"isPartOf\":{\"@id\":\"https:\/\/sey.fi\/kainuu\/#website\"},\"datePublished\":\"2019-10-28T10:48:50+00:00\",\"breadcrumb\":{\"@id\":\"https:\/\/sey.fi\/kainuu\/kainuun-elainsuojeluyhdistys\/tule-mukaan\/jasentapahtumat\/#breadcrumb\"},\"inLanguage\":\"fi\",\"potentialAction\":[{\"@type\":\"ReadAction\",\"target\":[\"https:\/\/sey.fi\/kainuu\/kainuun-elainsuojeluyhdistys\/tule-mukaan\/jasentapahtumat\/\"]}]},{\"@type\":\"BreadcrumbList\",\"@id\":\"https:\/\/sey.fi\/kainuu\/kainuun-elainsuojeluyhdistys\/tule-mukaan\/jasentapahtumat\/#breadcrumb\",\"itemListElement\":[{\"@type\":\"ListItem\",\"position\":1,\"name\":\"Home\",\"item\":\"https:\/\/sey.fi\/kainuu\/\"},{\"@type\":\"ListItem\",\"position\":2,\"name\":\"Kainuun el\u00e4insuojeluyhdistys\",\"item\":\"https:\/\/sey.fi\/kainuu\/\"},{\"@type\":\"ListItem\",\"position\":3,\"name\":\"Tule mukaan\",\"item\":\"https:\/\/sey.fi\/kainuu\/kainuun-elainsuojeluyhdistys\/tule-mukaan\/\"},{\"@type\":\"ListItem\",\"position\":4,\"name\":\"J\u00e4sentapahtumat\"}]},{\"@type\":\"WebSite\",\"@id\":\"https:\/\/sey.fi\/kainuu\/#website\",\"url\":\"https:\/\/sey.fi\/kainuu\/\",\"name\":\"Kainuun el\u00e4insuojeluyhdistys\",\"description\":\"Uusi SEY J\u00e4senyhdistykset -sivusto\",\"potentialAction\":[{\"@type\":\"SearchAction\",\"target\":{\"@type\":\"EntryPoint\",\"urlTemplate\":\"https:\/\/sey.fi\/kainuu\/?s={search_term_string}\"},\"query-input\":{\"@type\":\"PropertyValueSpecification\",\"valueRequired\":true,\"valueName\":\"search_term_string\"}}],\"inLanguage\":\"fi\"}]}<\/script>\n<!-- \/ Yoast SEO plugin. -->","yoast_head_json":{"title":"J\u00e4sentapahtumat - Kainuun el\u00e4insuojeluyhdistys","robots":{"index":"index","follow":"follow","max-snippet":"max-snippet:-1","max-image-preview":"max-image-preview:large","max-video-preview":"max-video-preview:-1"},"canonical":"https:\/\/sey.fi\/kainuu\/kainuun-elainsuojeluyhdistys\/tule-mukaan\/jasentapahtumat\/","og_locale":"fi_FI","og_type":"article","og_title":"J\u00e4sentapahtumat - Kainuun el\u00e4insuojeluyhdistys","og_description":"J\u00e4sentapahtumat tuovat j\u00e4senist\u00f6\u00e4mme yhteen. Saatamme kuunnella yhdess\u00e4 el\u00e4inl\u00e4\u00e4k\u00e4rin luentoa tai vaikkapa tehd\u00e4 tutustumisk\u00e4ynnin maatilalle. J\u00e4sentapahtumat ovat p\u00e4\u00e4s\u00e4\u00e4nt\u00f6isesti maksuttomia. Mahdollisuuksien mukaan my\u00f6s ei-j\u00e4senet voivat osallistua niihin. Tiedoitamme j\u00e4sentapahtumista kotisivuillamme, sosiaalisessa mediassa sek\u00e4 postituslistallamme. Avoimet j\u00e4sentapahtumat ovat oivallinen keino tutustua toimintaamme!","og_url":"https:\/\/sey.fi\/kainuu\/kainuun-elainsuojeluyhdistys\/tule-mukaan\/jasentapahtumat\/","og_site_name":"Kainuun el\u00e4insuojeluyhdistys","twitter_card":"summary_large_image","schema":{"@context":"https:\/\/schema.org","@graph":[{"@type":"WebPage","@id":"https:\/\/sey.fi\/kainuu\/kainuun-elainsuojeluyhdistys\/tule-mukaan\/jasentapahtumat\/","url":"https:\/\/sey.fi\/kainuu\/kainuun-elainsuojeluyhdistys\/tule-mukaan\/jasentapahtumat\/","name":"J\u00e4sentapahtumat - Kainuun el\u00e4insuojeluyhdistys","isPartOf":{"@id":"https:\/\/sey.fi\/kainuu\/#website"},"datePublished":"2019-10-28T10:48:50+00:00","breadcrumb":{"@id":"https:\/\/sey.fi\/kainuu\/kainuun-elainsuojeluyhdistys\/tule-mukaan\/jasentapahtumat\/#breadcrumb"},"inLanguage":"fi","potentialAction":[{"@type":"ReadAction","target":["https:\/\/sey.fi\/kainuu\/kainuun-elainsuojeluyhdistys\/tule-mukaan\/jasentapahtumat\/"]}]},{"@type":"BreadcrumbList","@id":"https:\/\/sey.fi\/kainuu\/kainuun-elainsuojeluyhdistys\/tule-mukaan\/jasentapahtumat\/#breadcrumb","itemListElement":[{"@type":"ListItem","position":1,"name":"Home","item":"https:\/\/sey.fi\/kainuu\/"},{"@type":"ListItem","position":2,"name":"Kainuun el\u00e4insuojeluyhdistys","item":"https:\/\/sey.fi\/kainuu\/"},{"@type":"ListItem","position":3,"name":"Tule mukaan","item":"https:\/\/sey.fi\/kainuu\/kainuun-elainsuojeluyhdistys\/tule-mukaan\/"},{"@type":"ListItem","position":4,"name":"J\u00e4sentapahtumat"}]},{"@type":"WebSite","@id":"https:\/\/sey.fi\/kainuu\/#website","url":"https:\/\/sey.fi\/kainuu\/","name":"Kainuun el\u00e4insuojeluyhdistys","description":"Uusi SEY J\u00e4senyhdistykset -sivusto","potentialAction":[{"@type":"SearchAction","target":{"@type":"EntryPoint","urlTemplate":"https:\/\/sey.fi\/kainuu\/?s={search_term_string}"},"query-input":{"@type":"PropertyValueSpecification","valueRequired":true,"valueName":"search_term_string"}}],"inLanguage":"fi"}]}},"_links":{"self":[{"href":"https:\/\/sey.fi\/kainuu\/wp-json\/wp\/v2\/pages\/106","targetHints":{"allow":["GET"]}}],"collection":[{"href":"https:\/\/sey.fi\/kainuu\/wp-json\/wp\/v2\/pages"}],"about":[{"href":"https:\/\/sey.fi\/kainuu\/wp-json\/wp\/v2\/types\/page"}],"author":[{"embeddable":true,"href":"https:\/\/sey.fi\/kainuu\/wp-json\/wp\/v2\/users\/8"}],"replies":[{"embeddable":true,"href":"https:\/\/sey.fi\/kainuu\/wp-json\/wp\/v2\/comments?post=106"}],"version-history":[{"count":1,"href":"https:\/\/sey.fi\/kainuu\/wp-json\/wp\/v2\/pages\/106\/revisions"}],"predecessor-version":[{"id":107,"href":"https:\/\/sey.fi\/kainuu\/wp-json\/wp\/v2\/pages\/106\/revisions\/107"}],"up":[{"embeddable":true,"href":"https:\/\/sey.fi\/kainuu\/wp-json\/wp\/v2\/pages\/18"}],"wp:attachment":[{"href":"https:\/\/sey.fi\/kainuu\/wp-json\/wp\/v2\/media?parent=106"}],"curies":[{"name":"wp","href":"https:\/\/api.w.org\/{rel}","templated":true}]}}