{"id":108,"date":"2019-10-28T12:49:13","date_gmt":"2019-10-28T10:49:13","guid":{"rendered":"http:\/\/srvr10.xetpoint.com\/~seyfi\/kainuu\/?page_id=108"},"modified":"2024-03-17T18:52:10","modified_gmt":"2024-03-17T16:52:10","slug":"vapaaehtoistyo","status":"publish","type":"page","link":"https:\/\/sey.fi\/kainuu\/kainuun-elainsuojeluyhdistys\/tule-mukaan\/vapaaehtoistyo\/","title":{"rendered":"Vapaaehtoisty\u00f6"},"content":{"rendered":"\n<figure class=\"wp-block-image\"><img decoding=\"async\" src=\"http:\/\/kainuu.sey.fi\/images\/Taytekuvat\/taytekuva_gerbiili_01.png\" alt=\"\" \/><\/figure>\n\n\n\n<p>El\u00e4insuojeluty\u00f6ss\u00e4 tarvitaan monenlaista osaajaa ja tekij\u00e4\u00e4. Yhdistyksemme toiminta perustuu t\u00e4ysin vapaaehtoistoimintaan.<\/p>\n\n\n\n<p>Haluaisitko avustaa kuljetuksissa tai hoitaa el\u00e4imi\u00e4? Vai jakaisitko mieluummin mainoksia tai leipoisit myyj\u00e4isi\u00e4 varten?  Yhdistyksen el\u00e4imet voivat esimerkiksi tarvita kuljetuksen sijaiskotiin tai el\u00e4inl\u00e4\u00e4k\u00e4rik\u00e4ynneille. Tapahtumissa tarvitaan k\u00e4sipareja esimerkiksi tavaroiden kuljetukseen ja kokoamiseen sek\u00e4 eri ty\u00f6pisteille.  Vapaaehtoisena sijaiskotina puolestaan autat el\u00e4imen uuden el\u00e4m\u00e4n alkuun. Joskus avuntarve voi olla lyhyt aikaistakin, kuten koiran lenkitysapua.<\/p>\n\n\n\n<p>Toivomme sinulta t\u00e4ysi-ik\u00e4isyytt\u00e4, mutta osa teht\u00e4vist\u00e4 sopii my\u00f6s t\u00e4t\u00e4 nuoremmillekin. Monia ty\u00f6teht\u00e4vi\u00e4 voi tehd\u00e4 my\u00f6s oman aikataulun mukaisesti yksin tai yhdess\u00e4 kaverin kanssa. Mielek\u00e4st\u00e4 tekemist\u00e4 hyv\u00e4n asian puolesta &#8211; ja kaikkeen annetaan tarvittava opastus. <\/p>\n\n\n\n<p>Ota yhteytt\u00e4 s-postilla kainuun.elainsuojeluyhdistys@gmail.com, viestill\u00e4 044 595 1123 tai yksityisviestill\u00e4 (Instagram\/FB) @kainuun.elainsuojeluyhdistys. Kerro viestiss\u00e4si itsest\u00e4si sek\u00e4 siit\u00e4, millainen vapaaehtoisty\u00f6 sinua kiinnostaisi.<\/p>\n\n\n\n<p>L\u00e4mpim\u00e4sti tervetuloa mukaan \u2013 odotamme, ett\u00e4 saamme kuulla sinusta!<\/p>\n","protected":false},"excerpt":{"rendered":"<p>El\u00e4insuojeluty\u00f6ss\u00e4 tarvitaan monenlaista osaajaa ja tekij\u00e4\u00e4. Yhdistyksemme toiminta perustuu t\u00e4ysin vapaaehtoistoimintaan. Haluaisitko avustaa kuljetuksissa tai hoitaa el\u00e4imi\u00e4? Vai jakaisitko mieluummin mainoksia tai leipoisit myyj\u00e4isi\u00e4 varten? Yhdistyksen el\u00e4imet voivat esimerkiksi tarvita kuljetuksen sijaiskotiin tai el\u00e4inl\u00e4\u00e4k\u00e4rik\u00e4ynneille. Tapahtumissa tarvitaan k\u00e4sipareja esimerkiksi tavaroiden kuljetukseen ja kokoamiseen sek\u00e4 eri ty\u00f6pisteille. Vapaaehtoisena sijaiskotina puolestaan autat el\u00e4imen uuden el\u00e4m\u00e4n alkuun. Joskus avuntarve [&hellip;]<\/p>\n","protected":false},"author":8,"featured_media":0,"parent":18,"menu_order":0,"comment_status":"closed","ping_status":"closed","template":"","meta":{"_acf_changed":false,"footnotes":""},"class_list":["post-108","page","type-page","status-publish","hentry"],"acf":[],"yoast_head":"<!-- This site is optimized with the Yoast SEO plugin v27.1.1 - https:\/\/yoast.com\/product\/yoast-seo-wordpress\/ -->\n<title>Vapaaehtoisty\u00f6 - Kainuun el\u00e4insuojeluyhdistys<\/title>\n<meta name=\"robots\" content=\"index, follow, max-snippet:-1, max-image-preview:large, max-video-preview:-1\" \/>\n<link rel=\"canonical\" href=\"https:\/\/sey.fi\/kainuu\/kainuun-elainsuojeluyhdistys\/tule-mukaan\/vapaaehtoistyo\/\" \/>\n<meta property=\"og:locale\" content=\"fi_FI\" \/>\n<meta property=\"og:type\" content=\"article\" \/>\n<meta property=\"og:title\" content=\"Vapaaehtoisty\u00f6 - Kainuun el\u00e4insuojeluyhdistys\" \/>\n<meta property=\"og:description\" content=\"El\u00e4insuojeluty\u00f6ss\u00e4 tarvitaan monenlaista osaajaa ja tekij\u00e4\u00e4. Yhdistyksemme toiminta perustuu t\u00e4ysin vapaaehtoistoimintaan. Haluaisitko avustaa kuljetuksissa tai hoitaa el\u00e4imi\u00e4? Vai jakaisitko mieluummin mainoksia tai leipoisit myyj\u00e4isi\u00e4 varten? Yhdistyksen el\u00e4imet voivat esimerkiksi tarvita kuljetuksen sijaiskotiin tai el\u00e4inl\u00e4\u00e4k\u00e4rik\u00e4ynneille. Tapahtumissa tarvitaan k\u00e4sipareja esimerkiksi tavaroiden kuljetukseen ja kokoamiseen sek\u00e4 eri ty\u00f6pisteille. Vapaaehtoisena sijaiskotina puolestaan autat el\u00e4imen uuden el\u00e4m\u00e4n alkuun. Joskus avuntarve [&hellip;]\" \/>\n<meta property=\"og:url\" content=\"https:\/\/sey.fi\/kainuu\/kainuun-elainsuojeluyhdistys\/tule-mukaan\/vapaaehtoistyo\/\" \/>\n<meta property=\"og:site_name\" content=\"Kainuun el\u00e4insuojeluyhdistys\" \/>\n<meta property=\"article:modified_time\" content=\"2024-03-17T16:52:10+00:00\" \/>\n<meta property=\"og:image\" content=\"http:\/\/kainuu.sey.fi\/images\/Taytekuvat\/taytekuva_gerbiili_01.png\" \/>\n<meta name=\"twitter:card\" content=\"summary_large_image\" \/>\n<meta name=\"twitter:label1\" content=\"Arvioitu lukuaika\" \/>\n\t<meta name=\"twitter:data1\" content=\"1 minuutti\" \/>\n<script type=\"application\/ld+json\" class=\"yoast-schema-graph\">{\"@context\":\"https:\/\/schema.org\",\"@graph\":[{\"@type\":\"WebPage\",\"@id\":\"https:\/\/sey.fi\/kainuu\/kainuun-elainsuojeluyhdistys\/tule-mukaan\/vapaaehtoistyo\/\",\"url\":\"https:\/\/sey.fi\/kainuu\/kainuun-elainsuojeluyhdistys\/tule-mukaan\/vapaaehtoistyo\/\",\"name\":\"Vapaaehtoisty\u00f6 - Kainuun el\u00e4insuojeluyhdistys\",\"isPartOf\":{\"@id\":\"https:\/\/sey.fi\/kainuu\/#website\"},\"primaryImageOfPage\":{\"@id\":\"https:\/\/sey.fi\/kainuu\/kainuun-elainsuojeluyhdistys\/tule-mukaan\/vapaaehtoistyo\/#primaryimage\"},\"image\":{\"@id\":\"https:\/\/sey.fi\/kainuu\/kainuun-elainsuojeluyhdistys\/tule-mukaan\/vapaaehtoistyo\/#primaryimage\"},\"thumbnailUrl\":\"http:\/\/kainuu.sey.fi\/images\/Taytekuvat\/taytekuva_gerbiili_01.png\",\"datePublished\":\"2019-10-28T10:49:13+00:00\",\"dateModified\":\"2024-03-17T16:52:10+00:00\",\"breadcrumb\":{\"@id\":\"https:\/\/sey.fi\/kainuu\/kainuun-elainsuojeluyhdistys\/tule-mukaan\/vapaaehtoistyo\/#breadcrumb\"},\"inLanguage\":\"fi\",\"potentialAction\":[{\"@type\":\"ReadAction\",\"target\":[\"https:\/\/sey.fi\/kainuu\/kainuun-elainsuojeluyhdistys\/tule-mukaan\/vapaaehtoistyo\/\"]}]},{\"@type\":\"ImageObject\",\"inLanguage\":\"fi\",\"@id\":\"https:\/\/sey.fi\/kainuu\/kainuun-elainsuojeluyhdistys\/tule-mukaan\/vapaaehtoistyo\/#primaryimage\",\"url\":\"http:\/\/kainuu.sey.fi\/images\/Taytekuvat\/taytekuva_gerbiili_01.png\",\"contentUrl\":\"http:\/\/kainuu.sey.fi\/images\/Taytekuvat\/taytekuva_gerbiili_01.png\"},{\"@type\":\"BreadcrumbList\",\"@id\":\"https:\/\/sey.fi\/kainuu\/kainuun-elainsuojeluyhdistys\/tule-mukaan\/vapaaehtoistyo\/#breadcrumb\",\"itemListElement\":[{\"@type\":\"ListItem\",\"position\":1,\"name\":\"Home\",\"item\":\"https:\/\/sey.fi\/kainuu\/\"},{\"@type\":\"ListItem\",\"position\":2,\"name\":\"Kainuun el\u00e4insuojeluyhdistys\",\"item\":\"https:\/\/sey.fi\/kainuu\/\"},{\"@type\":\"ListItem\",\"position\":3,\"name\":\"Tule mukaan\",\"item\":\"https:\/\/sey.fi\/kainuu\/kainuun-elainsuojeluyhdistys\/tule-mukaan\/\"},{\"@type\":\"ListItem\",\"position\":4,\"name\":\"Vapaaehtoisty\u00f6\"}]},{\"@type\":\"WebSite\",\"@id\":\"https:\/\/sey.fi\/kainuu\/#website\",\"url\":\"https:\/\/sey.fi\/kainuu\/\",\"name\":\"Kainuun el\u00e4insuojeluyhdistys\",\"description\":\"Uusi SEY J\u00e4senyhdistykset -sivusto\",\"potentialAction\":[{\"@type\":\"SearchAction\",\"target\":{\"@type\":\"EntryPoint\",\"urlTemplate\":\"https:\/\/sey.fi\/kainuu\/?s={search_term_string}\"},\"query-input\":{\"@type\":\"PropertyValueSpecification\",\"valueRequired\":true,\"valueName\":\"search_term_string\"}}],\"inLanguage\":\"fi\"}]}<\/script>\n<!-- \/ Yoast SEO plugin. -->","yoast_head_json":{"title":"Vapaaehtoisty\u00f6 - Kainuun el\u00e4insuojeluyhdistys","robots":{"index":"index","follow":"follow","max-snippet":"max-snippet:-1","max-image-preview":"max-image-preview:large","max-video-preview":"max-video-preview:-1"},"canonical":"https:\/\/sey.fi\/kainuu\/kainuun-elainsuojeluyhdistys\/tule-mukaan\/vapaaehtoistyo\/","og_locale":"fi_FI","og_type":"article","og_title":"Vapaaehtoisty\u00f6 - Kainuun el\u00e4insuojeluyhdistys","og_description":"El\u00e4insuojeluty\u00f6ss\u00e4 tarvitaan monenlaista osaajaa ja tekij\u00e4\u00e4. Yhdistyksemme toiminta perustuu t\u00e4ysin vapaaehtoistoimintaan. Haluaisitko avustaa kuljetuksissa tai hoitaa el\u00e4imi\u00e4? Vai jakaisitko mieluummin mainoksia tai leipoisit myyj\u00e4isi\u00e4 varten? Yhdistyksen el\u00e4imet voivat esimerkiksi tarvita kuljetuksen sijaiskotiin tai el\u00e4inl\u00e4\u00e4k\u00e4rik\u00e4ynneille. Tapahtumissa tarvitaan k\u00e4sipareja esimerkiksi tavaroiden kuljetukseen ja kokoamiseen sek\u00e4 eri ty\u00f6pisteille. Vapaaehtoisena sijaiskotina puolestaan autat el\u00e4imen uuden el\u00e4m\u00e4n alkuun. Joskus avuntarve [&hellip;]","og_url":"https:\/\/sey.fi\/kainuu\/kainuun-elainsuojeluyhdistys\/tule-mukaan\/vapaaehtoistyo\/","og_site_name":"Kainuun el\u00e4insuojeluyhdistys","article_modified_time":"2024-03-17T16:52:10+00:00","og_image":[{"url":"http:\/\/kainuu.sey.fi\/images\/Taytekuvat\/taytekuva_gerbiili_01.png","type":"","width":"","height":""}],"twitter_card":"summary_large_image","twitter_misc":{"Arvioitu lukuaika":"1 minuutti"},"schema":{"@context":"https:\/\/schema.org","@graph":[{"@type":"WebPage","@id":"https:\/\/sey.fi\/kainuu\/kainuun-elainsuojeluyhdistys\/tule-mukaan\/vapaaehtoistyo\/","url":"https:\/\/sey.fi\/kainuu\/kainuun-elainsuojeluyhdistys\/tule-mukaan\/vapaaehtoistyo\/","name":"Vapaaehtoisty\u00f6 - Kainuun el\u00e4insuojeluyhdistys","isPartOf":{"@id":"https:\/\/sey.fi\/kainuu\/#website"},"primaryImageOfPage":{"@id":"https:\/\/sey.fi\/kainuu\/kainuun-elainsuojeluyhdistys\/tule-mukaan\/vapaaehtoistyo\/#primaryimage"},"image":{"@id":"https:\/\/sey.fi\/kainuu\/kainuun-elainsuojeluyhdistys\/tule-mukaan\/vapaaehtoistyo\/#primaryimage"},"thumbnailUrl":"http:\/\/kainuu.sey.fi\/images\/Taytekuvat\/taytekuva_gerbiili_01.png","datePublished":"2019-10-28T10:49:13+00:00","dateModified":"2024-03-17T16:52:10+00:00","breadcrumb":{"@id":"https:\/\/sey.fi\/kainuu\/kainuun-elainsuojeluyhdistys\/tule-mukaan\/vapaaehtoistyo\/#breadcrumb"},"inLanguage":"fi","potentialAction":[{"@type":"ReadAction","target":["https:\/\/sey.fi\/kainuu\/kainuun-elainsuojeluyhdistys\/tule-mukaan\/vapaaehtoistyo\/"]}]},{"@type":"ImageObject","inLanguage":"fi","@id":"https:\/\/sey.fi\/kainuu\/kainuun-elainsuojeluyhdistys\/tule-mukaan\/vapaaehtoistyo\/#primaryimage","url":"http:\/\/kainuu.sey.fi\/images\/Taytekuvat\/taytekuva_gerbiili_01.png","contentUrl":"http:\/\/kainuu.sey.fi\/images\/Taytekuvat\/taytekuva_gerbiili_01.png"},{"@type":"BreadcrumbList","@id":"https:\/\/sey.fi\/kainuu\/kainuun-elainsuojeluyhdistys\/tule-mukaan\/vapaaehtoistyo\/#breadcrumb","itemListElement":[{"@type":"ListItem","position":1,"name":"Home","item":"https:\/\/sey.fi\/kainuu\/"},{"@type":"ListItem","position":2,"name":"Kainuun el\u00e4insuojeluyhdistys","item":"https:\/\/sey.fi\/kainuu\/"},{"@type":"ListItem","position":3,"name":"Tule mukaan","item":"https:\/\/sey.fi\/kainuu\/kainuun-elainsuojeluyhdistys\/tule-mukaan\/"},{"@type":"ListItem","position":4,"name":"Vapaaehtoisty\u00f6"}]},{"@type":"WebSite","@id":"https:\/\/sey.fi\/kainuu\/#website","url":"https:\/\/sey.fi\/kainuu\/","name":"Kainuun el\u00e4insuojeluyhdistys","description":"Uusi SEY J\u00e4senyhdistykset -sivusto","potentialAction":[{"@type":"SearchAction","target":{"@type":"EntryPoint","urlTemplate":"https:\/\/sey.fi\/kainuu\/?s={search_term_string}"},"query-input":{"@type":"PropertyValueSpecification","valueRequired":true,"valueName":"search_term_string"}}],"inLanguage":"fi"}]}},"_links":{"self":[{"href":"https:\/\/sey.fi\/kainuu\/wp-json\/wp\/v2\/pages\/108","targetHints":{"allow":["GET"]}}],"collection":[{"href":"https:\/\/sey.fi\/kainuu\/wp-json\/wp\/v2\/pages"}],"about":[{"href":"https:\/\/sey.fi\/kainuu\/wp-json\/wp\/v2\/types\/page"}],"author":[{"embeddable":true,"href":"https:\/\/sey.fi\/kainuu\/wp-json\/wp\/v2\/users\/8"}],"replies":[{"embeddable":true,"href":"https:\/\/sey.fi\/kainuu\/wp-json\/wp\/v2\/comments?post=108"}],"version-history":[{"count":4,"href":"https:\/\/sey.fi\/kainuu\/wp-json\/wp\/v2\/pages\/108\/revisions"}],"predecessor-version":[{"id":323,"href":"https:\/\/sey.fi\/kainuu\/wp-json\/wp\/v2\/pages\/108\/revisions\/323"}],"up":[{"embeddable":true,"href":"https:\/\/sey.fi\/kainuu\/wp-json\/wp\/v2\/pages\/18"}],"wp:attachment":[{"href":"https:\/\/sey.fi\/kainuu\/wp-json\/wp\/v2\/media?parent=108"}],"curies":[{"name":"wp","href":"https:\/\/api.w.org\/{rel}","templated":true}]}}