{"id":110,"date":"2019-10-28T12:51:27","date_gmt":"2019-10-28T10:51:27","guid":{"rendered":"http:\/\/srvr10.xetpoint.com\/~seyfi\/kainuu\/?page_id=110"},"modified":"2019-10-28T12:51:28","modified_gmt":"2019-10-28T10:51:28","slug":"match-show","status":"publish","type":"page","link":"https:\/\/sey.fi\/kainuu\/kainuun-elainsuojeluyhdistys\/tule-mukaan\/match-show\/","title":{"rendered":"Match Show"},"content":{"rendered":"\n<figure class=\"wp-block-image\"><img decoding=\"async\" src=\"http:\/\/kainuu.sey.fi\/images\/Taytekuvat\/taytekuva_match_show_01.png\" alt=\"\" \/><\/figure>\n\n\n\n<p>Match Show on leikkimielinen koiran\u00e4yttely, jossa tuomarimme arvioivat koirien ja omistajien yhteistoimintaa. My\u00f6s lapset ja pentukoirat voivat osallistua. Huolehdithan koirien rokotusten ajantasaisuudesta. Tapahtumissa on my\u00f6s arpajaiset, kahvipiste, koirien nakkirata sek\u00e4 mahdollisesti my\u00f6s muiden toimijoiden omia aktiviteettej\u00e4. Tapahtuman tuotto menee el\u00e4insuojeluty\u00f6h\u00f6n. Talkooapu on aina tervetullutta ja mielekk\u00e4it\u00e4 teht\u00e4vi\u00e4 l\u00f6ytyy kaikille!<\/p>\n\n\n\n<hr class=\"wp-block-separator\" \/>\n\n\n\n<h2 class=\"wp-block-heading\"><br>Kuvia KESYn Match Show tapahtumista<\/h2>\n\n\n\n<h6 class=\"wp-block-heading\">8.5.2016<\/h6>\n\n\n\n<figure class=\"wp-block-image\"><a href=\"http:\/\/kainuu.sey.fi\/images\/MatchShow\/080516_01.jpg\" target=\"_blank\" rel=\"noreferrer noopener\"><img decoding=\"async\" src=\"http:\/\/kainuu.sey.fi\/images\/MatchShow\/080516_01.jpg\" alt=\"\" \/><\/a><\/figure>\n\n\n\n<figure class=\"wp-block-image\"><a href=\"http:\/\/kainuu.sey.fi\/images\/MatchShow\/080516_02.jpg\" target=\"_blank\" rel=\"noreferrer noopener\"><img decoding=\"async\" src=\"http:\/\/kainuu.sey.fi\/images\/MatchShow\/080516_02.jpg\" alt=\"\" \/><\/a><\/figure>\n\n\n\n<figure class=\"wp-block-image\"><a href=\"http:\/\/kainuu.sey.fi\/images\/MatchShow\/080516_03.jpg\" target=\"_blank\" rel=\"noreferrer noopener\"><img decoding=\"async\" src=\"http:\/\/kainuu.sey.fi\/images\/MatchShow\/080516_03.jpg\" alt=\"\" \/><\/a><\/figure>\n\n\n\n<figure class=\"wp-block-image\"><a href=\"http:\/\/kainuu.sey.fi\/images\/MatchShow\/080516_04.jpg\" target=\"_blank\" rel=\"noreferrer noopener\"><img decoding=\"async\" src=\"http:\/\/kainuu.sey.fi\/images\/MatchShow\/080516_04.jpg\" alt=\"\" \/><\/a><\/figure>\n\n\n\n<figure class=\"wp-block-image\"><a href=\"http:\/\/kainuu.sey.fi\/images\/MatchShow\/080516_05.jpg\" target=\"_blank\" rel=\"noreferrer noopener\"><img decoding=\"async\" src=\"http:\/\/kainuu.sey.fi\/images\/MatchShow\/080516_05.jpg\" alt=\"\" \/><\/a><\/figure>\n\n\n\n<figure class=\"wp-block-image\"><a href=\"http:\/\/kainuu.sey.fi\/images\/MatchShow\/080516_06.jpg\" target=\"_blank\" rel=\"noreferrer noopener\"><img decoding=\"async\" src=\"http:\/\/kainuu.sey.fi\/images\/MatchShow\/080516_06.jpg\" alt=\"\" \/><\/a><\/figure>\n\n\n\n<figure class=\"wp-block-image\"><a href=\"http:\/\/kainuu.sey.fi\/images\/MatchShow\/080516_07.jpg\" target=\"_blank\" rel=\"noreferrer noopener\"><img decoding=\"async\" src=\"http:\/\/kainuu.sey.fi\/images\/MatchShow\/080516_07.jpg\" alt=\"\" \/><\/a><\/figure>\n\n\n\n<figure class=\"wp-block-image\"><a href=\"http:\/\/kainuu.sey.fi\/images\/MatchShow\/080516_08.jpg\" target=\"_blank\" rel=\"noreferrer noopener\"><img decoding=\"async\" src=\"http:\/\/kainuu.sey.fi\/images\/MatchShow\/080516_08.jpg\" alt=\"\" \/><\/a><\/figure>\n\n\n\n<figure class=\"wp-block-image\"><a href=\"http:\/\/kainuu.sey.fi\/images\/MatchShow\/080516_09.jpg\" target=\"_blank\" rel=\"noreferrer noopener\"><img decoding=\"async\" src=\"http:\/\/kainuu.sey.fi\/images\/MatchShow\/080516_09.jpg\" alt=\"\" \/><\/a><\/figure>\n\n\n\n<figure class=\"wp-block-image\"><a href=\"http:\/\/kainuu.sey.fi\/images\/MatchShow\/080516_10.jpg\" target=\"_blank\" rel=\"noreferrer noopener\"><img decoding=\"async\" src=\"http:\/\/kainuu.sey.fi\/images\/MatchShow\/080516_10.jpg\" alt=\"\" \/><\/a><\/figure>\n\n\n\n<figure class=\"wp-block-image\"><a href=\"http:\/\/kainuu.sey.fi\/images\/MatchShow\/080516_11.jpg\" target=\"_blank\" rel=\"noreferrer noopener\"><img decoding=\"async\" src=\"http:\/\/kainuu.sey.fi\/images\/MatchShow\/080516_11.jpg\" alt=\"\" \/><\/a><\/figure>\n\n\n\n<figure class=\"wp-block-image\"><a href=\"http:\/\/kainuu.sey.fi\/images\/MatchShow\/080516_12.jpg\" target=\"_blank\" rel=\"noreferrer noopener\"><img decoding=\"async\" src=\"http:\/\/kainuu.sey.fi\/images\/MatchShow\/080516_12.jpg\" alt=\"\" \/><\/a><\/figure>\n\n\n\n<figure class=\"wp-block-image\"><a href=\"http:\/\/kainuu.sey.fi\/images\/MatchShow\/080516_13.jpg\" target=\"_blank\" rel=\"noreferrer noopener\"><img decoding=\"async\" src=\"http:\/\/kainuu.sey.fi\/images\/MatchShow\/080516_13.jpg\" alt=\"\" \/><\/a><\/figure>\n\n\n\n<figure class=\"wp-block-image\"><a href=\"http:\/\/kainuu.sey.fi\/images\/MatchShow\/080516_14.jpg\" target=\"_blank\" rel=\"noreferrer noopener\"><img decoding=\"async\" src=\"http:\/\/kainuu.sey.fi\/images\/MatchShow\/080516_14.jpg\" alt=\"\" \/><\/a><\/figure>\n\n\n\n<figure class=\"wp-block-image\"><a href=\"http:\/\/kainuu.sey.fi\/images\/MatchShow\/080516_15.jpg\" target=\"_blank\" rel=\"noreferrer noopener\"><img decoding=\"async\" src=\"http:\/\/kainuu.sey.fi\/images\/MatchShow\/080516_15.jpg\" alt=\"\" \/><\/a><\/figure>\n\n\n\n<figure class=\"wp-block-image\"><a href=\"http:\/\/kainuu.sey.fi\/images\/MatchShow\/080516_16.jpg\" target=\"_blank\" rel=\"noreferrer noopener\"><img decoding=\"async\" src=\"http:\/\/kainuu.sey.fi\/images\/MatchShow\/080516_16.jpg\" alt=\"\" \/><\/a><\/figure>\n\n\n\n<figure class=\"wp-block-image\"><a href=\"http:\/\/kainuu.sey.fi\/images\/MatchShow\/080516_17.jpg\" target=\"_blank\" rel=\"noreferrer noopener\"><img decoding=\"async\" src=\"http:\/\/kainuu.sey.fi\/images\/MatchShow\/080516_17.jpg\" alt=\"\" \/><\/a><\/figure>\n\n\n\n<figure class=\"wp-block-image\"><a href=\"http:\/\/kainuu.sey.fi\/images\/MatchShow\/080516_18.jpg\" target=\"_blank\" rel=\"noreferrer noopener\"><img decoding=\"async\" src=\"http:\/\/kainuu.sey.fi\/images\/MatchShow\/080516_18.jpg\" alt=\"\" \/><\/a><\/figure>\n\n\n\n<figure class=\"wp-block-image\"><a href=\"http:\/\/kainuu.sey.fi\/images\/MatchShow\/080516_19.jpg\" target=\"_blank\" rel=\"noreferrer noopener\"><img decoding=\"async\" src=\"http:\/\/kainuu.sey.fi\/images\/MatchShow\/080516_19.jpg\" alt=\"\" \/><\/a><\/figure>\n\n\n\n<figure class=\"wp-block-image\"><a href=\"http:\/\/kainuu.sey.fi\/images\/MatchShow\/080516_20.jpg\" target=\"_blank\" rel=\"noreferrer noopener\"><img decoding=\"async\" src=\"http:\/\/kainuu.sey.fi\/images\/MatchShow\/080516_20.jpg\" alt=\"\" \/><\/a><\/figure>\n\n\n\n<figure class=\"wp-block-image\"><a href=\"http:\/\/kainuu.sey.fi\/images\/MatchShow\/080516_21.jpg\" target=\"_blank\" rel=\"noreferrer noopener\"><img decoding=\"async\" src=\"http:\/\/kainuu.sey.fi\/images\/MatchShow\/080516_21.jpg\" alt=\"\" \/><\/a><\/figure>\n\n\n\n<figure class=\"wp-block-image\"><a href=\"http:\/\/kainuu.sey.fi\/images\/MatchShow\/080516_22.jpg\" target=\"_blank\" rel=\"noreferrer noopener\"><img decoding=\"async\" src=\"http:\/\/kainuu.sey.fi\/images\/MatchShow\/080516_22.jpg\" alt=\"\" \/><\/a><\/figure>\n\n\n\n<figure class=\"wp-block-image\"><a href=\"http:\/\/kainuu.sey.fi\/images\/MatchShow\/080516_23.jpg\" target=\"_blank\" rel=\"noreferrer noopener\"><img decoding=\"async\" src=\"http:\/\/kainuu.sey.fi\/images\/MatchShow\/080516_23.jpg\" alt=\"\" \/><\/a><\/figure>\n\n\n\n<figure class=\"wp-block-image\"><a href=\"http:\/\/kainuu.sey.fi\/images\/MatchShow\/080516_24.jpg\" target=\"_blank\" rel=\"noreferrer noopener\"><img decoding=\"async\" src=\"http:\/\/kainuu.sey.fi\/images\/MatchShow\/080516_24.jpg\" alt=\"\" \/><\/a><\/figure>\n\n\n\n<figure class=\"wp-block-image\"><a href=\"http:\/\/kainuu.sey.fi\/images\/MatchShow\/080516_25.jpg\" target=\"_blank\" rel=\"noreferrer noopener\"><img decoding=\"async\" src=\"http:\/\/kainuu.sey.fi\/images\/MatchShow\/080516_25.jpg\" alt=\"\" \/><\/a><\/figure>\n\n\n\n<figure class=\"wp-block-image\"><a href=\"http:\/\/kainuu.sey.fi\/images\/MatchShow\/080516_26.jpg\" target=\"_blank\" rel=\"noreferrer noopener\"><img decoding=\"async\" src=\"http:\/\/kainuu.sey.fi\/images\/MatchShow\/080516_26.jpg\" alt=\"\" \/><\/a><\/figure>\n\n\n\n<figure class=\"wp-block-image\"><a href=\"http:\/\/kainuu.sey.fi\/images\/MatchShow\/080516_27.jpg\" target=\"_blank\" rel=\"noreferrer noopener\"><img decoding=\"async\" src=\"http:\/\/kainuu.sey.fi\/images\/MatchShow\/080516_27.jpg\" alt=\"\" \/><\/a><\/figure>\n\n\n\n<figure class=\"wp-block-image\"><a href=\"http:\/\/kainuu.sey.fi\/images\/MatchShow\/080516_28.jpg\" target=\"_blank\" rel=\"noreferrer noopener\"><img decoding=\"async\" src=\"http:\/\/kainuu.sey.fi\/images\/MatchShow\/080516_28.jpg\" alt=\"\" \/><\/a><\/figure>\n\n\n\n<figure class=\"wp-block-image\"><a href=\"http:\/\/kainuu.sey.fi\/images\/MatchShow\/080516_29.jpg\" target=\"_blank\" rel=\"noreferrer noopener\"><img decoding=\"async\" src=\"http:\/\/kainuu.sey.fi\/images\/MatchShow\/080516_29.jpg\" alt=\"\" \/><\/a><\/figure>\n\n\n\n<figure class=\"wp-block-image\"><a href=\"http:\/\/kainuu.sey.fi\/images\/MatchShow\/080516_30.jpg\" target=\"_blank\" rel=\"noreferrer noopener\"><img decoding=\"async\" src=\"http:\/\/kainuu.sey.fi\/images\/MatchShow\/080516_30.jpg\" alt=\"\" \/><\/a><\/figure>\n\n\n\n<figure class=\"wp-block-image\"><a href=\"http:\/\/kainuu.sey.fi\/images\/MatchShow\/080516_31.jpg\" target=\"_blank\" rel=\"noreferrer noopener\"><img decoding=\"async\" src=\"http:\/\/kainuu.sey.fi\/images\/MatchShow\/080516_31.jpg\" alt=\"\" \/><\/a><\/figure>\n\n\n\n<figure class=\"wp-block-image\"><a href=\"http:\/\/kainuu.sey.fi\/images\/MatchShow\/080516_32.jpg\" target=\"_blank\" rel=\"noreferrer noopener\"><img decoding=\"async\" src=\"http:\/\/kainuu.sey.fi\/images\/MatchShow\/080516_32.jpg\" alt=\"\" \/><\/a><\/figure>\n\n\n\n<figure class=\"wp-block-image\"><a href=\"http:\/\/kainuu.sey.fi\/images\/MatchShow\/080516_33.jpg\" target=\"_blank\" rel=\"noreferrer noopener\"><img decoding=\"async\" src=\"http:\/\/kainuu.sey.fi\/images\/MatchShow\/080516_33.jpg\" alt=\"\" \/><\/a><\/figure>\n\n\n\n<figure class=\"wp-block-image\"><a href=\"http:\/\/kainuu.sey.fi\/images\/MatchShow\/080516_34.jpg\" target=\"_blank\" rel=\"noreferrer noopener\"><img decoding=\"async\" src=\"http:\/\/kainuu.sey.fi\/images\/MatchShow\/080516_34.jpg\" alt=\"\" \/><\/a><\/figure>\n\n\n\n<figure class=\"wp-block-image\"><a href=\"http:\/\/kainuu.sey.fi\/images\/MatchShow\/080516_35.jpg\" target=\"_blank\" rel=\"noreferrer noopener\"><img decoding=\"async\" src=\"http:\/\/kainuu.sey.fi\/images\/MatchShow\/080516_35.jpg\" alt=\"\" \/><\/a><\/figure>\n\n\n\n<figure class=\"wp-block-image\"><a href=\"http:\/\/kainuu.sey.fi\/images\/MatchShow\/080516_36.jpg\" target=\"_blank\" rel=\"noreferrer noopener\"><img decoding=\"async\" src=\"http:\/\/kainuu.sey.fi\/images\/MatchShow\/080516_36.jpg\" alt=\"\" \/><\/a><\/figure>\n\n\n\n<figure class=\"wp-block-image\"><a href=\"http:\/\/kainuu.sey.fi\/images\/MatchShow\/080516_37.jpg\" target=\"_blank\" rel=\"noreferrer noopener\"><img decoding=\"async\" src=\"http:\/\/kainuu.sey.fi\/images\/MatchShow\/080516_37.jpg\" alt=\"\" \/><\/a><\/figure>\n\n\n\n<figure class=\"wp-block-image\"><a href=\"http:\/\/kainuu.sey.fi\/images\/MatchShow\/080516_38.jpg\" target=\"_blank\" rel=\"noreferrer noopener\"><img decoding=\"async\" src=\"http:\/\/kainuu.sey.fi\/images\/MatchShow\/080516_38.jpg\" alt=\"\" \/><\/a><\/figure>\n\n\n\n<figure class=\"wp-block-image\"><a href=\"http:\/\/kainuu.sey.fi\/images\/MatchShow\/080516_39.jpg\" target=\"_blank\" rel=\"noreferrer noopener\"><img decoding=\"async\" src=\"http:\/\/kainuu.sey.fi\/images\/MatchShow\/080516_39.jpg\" alt=\"\" \/><\/a><\/figure>\n\n\n\n<figure class=\"wp-block-image\"><a href=\"http:\/\/kainuu.sey.fi\/images\/MatchShow\/080516_40.jpg\" target=\"_blank\" rel=\"noreferrer noopener\"><img decoding=\"async\" src=\"http:\/\/kainuu.sey.fi\/images\/MatchShow\/080516_40.jpg\" alt=\"\" \/><\/a><\/figure>\n\n\n\n<figure class=\"wp-block-image\"><a href=\"http:\/\/kainuu.sey.fi\/images\/MatchShow\/080516_41.jpg\" target=\"_blank\" rel=\"noreferrer noopener\"><img decoding=\"async\" src=\"http:\/\/kainuu.sey.fi\/images\/MatchShow\/080516_41.jpg\" alt=\"\" \/><\/a><\/figure>\n\n\n\n<figure class=\"wp-block-image\"><a href=\"http:\/\/kainuu.sey.fi\/images\/MatchShow\/080516_42.jpg\" target=\"_blank\" rel=\"noreferrer noopener\"><img decoding=\"async\" src=\"http:\/\/kainuu.sey.fi\/images\/MatchShow\/080516_42.jpg\" alt=\"\" \/><\/a><\/figure>\n\n\n\n<figure class=\"wp-block-image\"><a href=\"http:\/\/kainuu.sey.fi\/images\/MatchShow\/080516_43.jpg\" target=\"_blank\" rel=\"noreferrer noopener\"><img decoding=\"async\" src=\"http:\/\/kainuu.sey.fi\/images\/MatchShow\/080516_43.jpg\" alt=\"\" \/><\/a><\/figure>\n\n\n\n<figure class=\"wp-block-image\"><a href=\"http:\/\/kainuu.sey.fi\/images\/MatchShow\/080516_44.jpg\" target=\"_blank\" rel=\"noreferrer noopener\"><img decoding=\"async\" src=\"http:\/\/kainuu.sey.fi\/images\/MatchShow\/080516_44.jpg\" alt=\"\" \/><\/a><\/figure>\n\n\n\n<figure class=\"wp-block-image\"><a href=\"http:\/\/kainuu.sey.fi\/images\/MatchShow\/080516_45.jpg\" target=\"_blank\" rel=\"noreferrer noopener\"><img decoding=\"async\" src=\"http:\/\/kainuu.sey.fi\/images\/MatchShow\/080516_45.jpg\" alt=\"\" \/><\/a><\/figure>\n\n\n\n<h6 class=\"wp-block-heading\">4.10.2015<\/h6>\n\n\n\n<figure class=\"wp-block-image\"><a href=\"http:\/\/kainuu.sey.fi\/images\/MatchShow\/04102015_01.jpg\" target=\"_blank\" rel=\"noreferrer noopener\"><img decoding=\"async\" src=\"http:\/\/kainuu.sey.fi\/images\/MatchShow\/04102015_01.jpg\" alt=\"\" \/><\/a><\/figure>\n\n\n\n<figure class=\"wp-block-image\"><a href=\"http:\/\/kainuu.sey.fi\/images\/MatchShow\/04102015_02.jpg\" target=\"_blank\" rel=\"noreferrer noopener\"><img decoding=\"async\" src=\"http:\/\/kainuu.sey.fi\/images\/MatchShow\/04102015_02.jpg\" alt=\"\" \/><\/a><\/figure>\n\n\n\n<figure class=\"wp-block-image\"><a href=\"http:\/\/kainuu.sey.fi\/images\/MatchShow\/04102015_03.jpg\" target=\"_blank\" rel=\"noreferrer noopener\"><img decoding=\"async\" src=\"http:\/\/kainuu.sey.fi\/images\/MatchShow\/04102015_03.jpg\" alt=\"\" \/><\/a><\/figure>\n\n\n\n<figure class=\"wp-block-image\"><a href=\"http:\/\/kainuu.sey.fi\/images\/MatchShow\/04102015_04.jpg\" target=\"_blank\" rel=\"noreferrer noopener\"><img decoding=\"async\" src=\"http:\/\/kainuu.sey.fi\/images\/MatchShow\/04102015_04.jpg\" alt=\"\" \/><\/a><\/figure>\n\n\n\n<figure class=\"wp-block-image\"><a href=\"http:\/\/kainuu.sey.fi\/images\/MatchShow\/04102015_05.jpg\" target=\"_blank\" rel=\"noreferrer noopener\"><img decoding=\"async\" src=\"http:\/\/kainuu.sey.fi\/images\/MatchShow\/04102015_05.jpg\" alt=\"\" \/><\/a><\/figure>\n\n\n\n<figure class=\"wp-block-image\"><a href=\"http:\/\/kainuu.sey.fi\/images\/MatchShow\/04102015_06.jpg\" target=\"_blank\" rel=\"noreferrer noopener\"><img decoding=\"async\" src=\"http:\/\/kainuu.sey.fi\/images\/MatchShow\/04102015_06.jpg\" alt=\"\" \/><\/a><\/figure>\n\n\n\n<figure class=\"wp-block-image\"><a href=\"http:\/\/kainuu.sey.fi\/images\/MatchShow\/04102015_07.jpg\" target=\"_blank\" rel=\"noreferrer noopener\"><img decoding=\"async\" src=\"http:\/\/kainuu.sey.fi\/images\/MatchShow\/04102015_07.jpg\" alt=\"\" \/><\/a><\/figure>\n\n\n\n<figure class=\"wp-block-image\"><a href=\"http:\/\/kainuu.sey.fi\/images\/MatchShow\/04102015_08.jpg\" target=\"_blank\" rel=\"noreferrer noopener\"><img decoding=\"async\" src=\"http:\/\/kainuu.sey.fi\/images\/MatchShow\/04102015_08.jpg\" alt=\"\" \/><\/a><\/figure>\n","protected":false},"excerpt":{"rendered":"<p>Match Show on leikkimielinen koiran\u00e4yttely, jossa tuomarimme arvioivat koirien ja omistajien yhteistoimintaa. My\u00f6s lapset ja pentukoirat voivat osallistua. Huolehdithan koirien rokotusten ajantasaisuudesta. Tapahtumissa on my\u00f6s arpajaiset, kahvipiste, koirien nakkirata sek\u00e4 mahdollisesti my\u00f6s muiden toimijoiden omia aktiviteettej\u00e4. Tapahtuman tuotto menee el\u00e4insuojeluty\u00f6h\u00f6n. Talkooapu on aina tervetullutta ja mielekk\u00e4it\u00e4 teht\u00e4vi\u00e4 l\u00f6ytyy kaikille! Kuvia KESYn Match Show tapahtumista 8.5.2016 [&hellip;]<\/p>\n","protected":false},"author":8,"featured_media":0,"parent":18,"menu_order":0,"comment_status":"closed","ping_status":"closed","template":"","meta":{"_acf_changed":false,"footnotes":""},"class_list":["post-110","page","type-page","status-publish","hentry"],"acf":[],"yoast_head":"<!-- This site is optimized with the Yoast SEO plugin v27.1.1 - https:\/\/yoast.com\/product\/yoast-seo-wordpress\/ -->\n<title>Match Show - Kainuun el\u00e4insuojeluyhdistys<\/title>\n<meta name=\"robots\" content=\"index, follow, max-snippet:-1, max-image-preview:large, max-video-preview:-1\" \/>\n<link rel=\"canonical\" href=\"https:\/\/sey.fi\/kainuu\/kainuun-elainsuojeluyhdistys\/tule-mukaan\/match-show\/\" \/>\n<meta property=\"og:locale\" content=\"fi_FI\" \/>\n<meta property=\"og:type\" content=\"article\" \/>\n<meta property=\"og:title\" content=\"Match Show - Kainuun el\u00e4insuojeluyhdistys\" \/>\n<meta property=\"og:description\" content=\"Match Show on leikkimielinen koiran\u00e4yttely, jossa tuomarimme arvioivat koirien ja omistajien yhteistoimintaa. My\u00f6s lapset ja pentukoirat voivat osallistua. Huolehdithan koirien rokotusten ajantasaisuudesta. Tapahtumissa on my\u00f6s arpajaiset, kahvipiste, koirien nakkirata sek\u00e4 mahdollisesti my\u00f6s muiden toimijoiden omia aktiviteettej\u00e4. Tapahtuman tuotto menee el\u00e4insuojeluty\u00f6h\u00f6n. Talkooapu on aina tervetullutta ja mielekk\u00e4it\u00e4 teht\u00e4vi\u00e4 l\u00f6ytyy kaikille! Kuvia KESYn Match Show tapahtumista 8.5.2016 [&hellip;]\" \/>\n<meta property=\"og:url\" content=\"https:\/\/sey.fi\/kainuu\/kainuun-elainsuojeluyhdistys\/tule-mukaan\/match-show\/\" \/>\n<meta property=\"og:site_name\" content=\"Kainuun el\u00e4insuojeluyhdistys\" \/>\n<meta property=\"article:modified_time\" content=\"2019-10-28T10:51:28+00:00\" \/>\n<meta property=\"og:image\" content=\"http:\/\/kainuu.sey.fi\/images\/Taytekuvat\/taytekuva_match_show_01.png\" \/>\n<meta name=\"twitter:card\" content=\"summary_large_image\" \/>\n<script type=\"application\/ld+json\" class=\"yoast-schema-graph\">{\"@context\":\"https:\/\/schema.org\",\"@graph\":[{\"@type\":\"WebPage\",\"@id\":\"https:\/\/sey.fi\/kainuu\/kainuun-elainsuojeluyhdistys\/tule-mukaan\/match-show\/\",\"url\":\"https:\/\/sey.fi\/kainuu\/kainuun-elainsuojeluyhdistys\/tule-mukaan\/match-show\/\",\"name\":\"Match Show - Kainuun el\u00e4insuojeluyhdistys\",\"isPartOf\":{\"@id\":\"https:\/\/sey.fi\/kainuu\/#website\"},\"primaryImageOfPage\":{\"@id\":\"https:\/\/sey.fi\/kainuu\/kainuun-elainsuojeluyhdistys\/tule-mukaan\/match-show\/#primaryimage\"},\"image\":{\"@id\":\"https:\/\/sey.fi\/kainuu\/kainuun-elainsuojeluyhdistys\/tule-mukaan\/match-show\/#primaryimage\"},\"thumbnailUrl\":\"http:\/\/kainuu.sey.fi\/images\/Taytekuvat\/taytekuva_match_show_01.png\",\"datePublished\":\"2019-10-28T10:51:27+00:00\",\"dateModified\":\"2019-10-28T10:51:28+00:00\",\"breadcrumb\":{\"@id\":\"https:\/\/sey.fi\/kainuu\/kainuun-elainsuojeluyhdistys\/tule-mukaan\/match-show\/#breadcrumb\"},\"inLanguage\":\"fi\",\"potentialAction\":[{\"@type\":\"ReadAction\",\"target\":[\"https:\/\/sey.fi\/kainuu\/kainuun-elainsuojeluyhdistys\/tule-mukaan\/match-show\/\"]}]},{\"@type\":\"ImageObject\",\"inLanguage\":\"fi\",\"@id\":\"https:\/\/sey.fi\/kainuu\/kainuun-elainsuojeluyhdistys\/tule-mukaan\/match-show\/#primaryimage\",\"url\":\"http:\/\/kainuu.sey.fi\/images\/Taytekuvat\/taytekuva_match_show_01.png\",\"contentUrl\":\"http:\/\/kainuu.sey.fi\/images\/Taytekuvat\/taytekuva_match_show_01.png\"},{\"@type\":\"BreadcrumbList\",\"@id\":\"https:\/\/sey.fi\/kainuu\/kainuun-elainsuojeluyhdistys\/tule-mukaan\/match-show\/#breadcrumb\",\"itemListElement\":[{\"@type\":\"ListItem\",\"position\":1,\"name\":\"Home\",\"item\":\"https:\/\/sey.fi\/kainuu\/\"},{\"@type\":\"ListItem\",\"position\":2,\"name\":\"Kainuun el\u00e4insuojeluyhdistys\",\"item\":\"https:\/\/sey.fi\/kainuu\/\"},{\"@type\":\"ListItem\",\"position\":3,\"name\":\"Tule mukaan\",\"item\":\"https:\/\/sey.fi\/kainuu\/kainuun-elainsuojeluyhdistys\/tule-mukaan\/\"},{\"@type\":\"ListItem\",\"position\":4,\"name\":\"Match Show\"}]},{\"@type\":\"WebSite\",\"@id\":\"https:\/\/sey.fi\/kainuu\/#website\",\"url\":\"https:\/\/sey.fi\/kainuu\/\",\"name\":\"Kainuun el\u00e4insuojeluyhdistys\",\"description\":\"Uusi SEY J\u00e4senyhdistykset -sivusto\",\"potentialAction\":[{\"@type\":\"SearchAction\",\"target\":{\"@type\":\"EntryPoint\",\"urlTemplate\":\"https:\/\/sey.fi\/kainuu\/?s={search_term_string}\"},\"query-input\":{\"@type\":\"PropertyValueSpecification\",\"valueRequired\":true,\"valueName\":\"search_term_string\"}}],\"inLanguage\":\"fi\"}]}<\/script>\n<!-- \/ Yoast SEO plugin. -->","yoast_head_json":{"title":"Match Show - Kainuun el\u00e4insuojeluyhdistys","robots":{"index":"index","follow":"follow","max-snippet":"max-snippet:-1","max-image-preview":"max-image-preview:large","max-video-preview":"max-video-preview:-1"},"canonical":"https:\/\/sey.fi\/kainuu\/kainuun-elainsuojeluyhdistys\/tule-mukaan\/match-show\/","og_locale":"fi_FI","og_type":"article","og_title":"Match Show - Kainuun el\u00e4insuojeluyhdistys","og_description":"Match Show on leikkimielinen koiran\u00e4yttely, jossa tuomarimme arvioivat koirien ja omistajien yhteistoimintaa. My\u00f6s lapset ja pentukoirat voivat osallistua. Huolehdithan koirien rokotusten ajantasaisuudesta. Tapahtumissa on my\u00f6s arpajaiset, kahvipiste, koirien nakkirata sek\u00e4 mahdollisesti my\u00f6s muiden toimijoiden omia aktiviteettej\u00e4. Tapahtuman tuotto menee el\u00e4insuojeluty\u00f6h\u00f6n. Talkooapu on aina tervetullutta ja mielekk\u00e4it\u00e4 teht\u00e4vi\u00e4 l\u00f6ytyy kaikille! Kuvia KESYn Match Show tapahtumista 8.5.2016 [&hellip;]","og_url":"https:\/\/sey.fi\/kainuu\/kainuun-elainsuojeluyhdistys\/tule-mukaan\/match-show\/","og_site_name":"Kainuun el\u00e4insuojeluyhdistys","article_modified_time":"2019-10-28T10:51:28+00:00","og_image":[{"url":"http:\/\/kainuu.sey.fi\/images\/Taytekuvat\/taytekuva_match_show_01.png","type":"","width":"","height":""}],"twitter_card":"summary_large_image","schema":{"@context":"https:\/\/schema.org","@graph":[{"@type":"WebPage","@id":"https:\/\/sey.fi\/kainuu\/kainuun-elainsuojeluyhdistys\/tule-mukaan\/match-show\/","url":"https:\/\/sey.fi\/kainuu\/kainuun-elainsuojeluyhdistys\/tule-mukaan\/match-show\/","name":"Match Show - Kainuun el\u00e4insuojeluyhdistys","isPartOf":{"@id":"https:\/\/sey.fi\/kainuu\/#website"},"primaryImageOfPage":{"@id":"https:\/\/sey.fi\/kainuu\/kainuun-elainsuojeluyhdistys\/tule-mukaan\/match-show\/#primaryimage"},"image":{"@id":"https:\/\/sey.fi\/kainuu\/kainuun-elainsuojeluyhdistys\/tule-mukaan\/match-show\/#primaryimage"},"thumbnailUrl":"http:\/\/kainuu.sey.fi\/images\/Taytekuvat\/taytekuva_match_show_01.png","datePublished":"2019-10-28T10:51:27+00:00","dateModified":"2019-10-28T10:51:28+00:00","breadcrumb":{"@id":"https:\/\/sey.fi\/kainuu\/kainuun-elainsuojeluyhdistys\/tule-mukaan\/match-show\/#breadcrumb"},"inLanguage":"fi","potentialAction":[{"@type":"ReadAction","target":["https:\/\/sey.fi\/kainuu\/kainuun-elainsuojeluyhdistys\/tule-mukaan\/match-show\/"]}]},{"@type":"ImageObject","inLanguage":"fi","@id":"https:\/\/sey.fi\/kainuu\/kainuun-elainsuojeluyhdistys\/tule-mukaan\/match-show\/#primaryimage","url":"http:\/\/kainuu.sey.fi\/images\/Taytekuvat\/taytekuva_match_show_01.png","contentUrl":"http:\/\/kainuu.sey.fi\/images\/Taytekuvat\/taytekuva_match_show_01.png"},{"@type":"BreadcrumbList","@id":"https:\/\/sey.fi\/kainuu\/kainuun-elainsuojeluyhdistys\/tule-mukaan\/match-show\/#breadcrumb","itemListElement":[{"@type":"ListItem","position":1,"name":"Home","item":"https:\/\/sey.fi\/kainuu\/"},{"@type":"ListItem","position":2,"name":"Kainuun el\u00e4insuojeluyhdistys","item":"https:\/\/sey.fi\/kainuu\/"},{"@type":"ListItem","position":3,"name":"Tule mukaan","item":"https:\/\/sey.fi\/kainuu\/kainuun-elainsuojeluyhdistys\/tule-mukaan\/"},{"@type":"ListItem","position":4,"name":"Match Show"}]},{"@type":"WebSite","@id":"https:\/\/sey.fi\/kainuu\/#website","url":"https:\/\/sey.fi\/kainuu\/","name":"Kainuun el\u00e4insuojeluyhdistys","description":"Uusi SEY J\u00e4senyhdistykset -sivusto","potentialAction":[{"@type":"SearchAction","target":{"@type":"EntryPoint","urlTemplate":"https:\/\/sey.fi\/kainuu\/?s={search_term_string}"},"query-input":{"@type":"PropertyValueSpecification","valueRequired":true,"valueName":"search_term_string"}}],"inLanguage":"fi"}]}},"_links":{"self":[{"href":"https:\/\/sey.fi\/kainuu\/wp-json\/wp\/v2\/pages\/110","targetHints":{"allow":["GET"]}}],"collection":[{"href":"https:\/\/sey.fi\/kainuu\/wp-json\/wp\/v2\/pages"}],"about":[{"href":"https:\/\/sey.fi\/kainuu\/wp-json\/wp\/v2\/types\/page"}],"author":[{"embeddable":true,"href":"https:\/\/sey.fi\/kainuu\/wp-json\/wp\/v2\/users\/8"}],"replies":[{"embeddable":true,"href":"https:\/\/sey.fi\/kainuu\/wp-json\/wp\/v2\/comments?post=110"}],"version-history":[{"count":1,"href":"https:\/\/sey.fi\/kainuu\/wp-json\/wp\/v2\/pages\/110\/revisions"}],"predecessor-version":[{"id":111,"href":"https:\/\/sey.fi\/kainuu\/wp-json\/wp\/v2\/pages\/110\/revisions\/111"}],"up":[{"embeddable":true,"href":"https:\/\/sey.fi\/kainuu\/wp-json\/wp\/v2\/pages\/18"}],"wp:attachment":[{"href":"https:\/\/sey.fi\/kainuu\/wp-json\/wp\/v2\/media?parent=110"}],"curies":[{"name":"wp","href":"https:\/\/api.w.org\/{rel}","templated":true}]}}