{"id":112,"date":"2019-10-28T12:51:57","date_gmt":"2019-10-28T10:51:57","guid":{"rendered":"http:\/\/srvr10.xetpoint.com\/~seyfi\/kainuu\/?page_id=112"},"modified":"2023-02-20T18:44:59","modified_gmt":"2023-02-20T16:44:59","slug":"lahjoitukset","status":"publish","type":"page","link":"https:\/\/sey.fi\/kainuu\/kainuun-elainsuojeluyhdistys\/tule-mukaan\/lahjoitukset\/","title":{"rendered":"Lahjoitukset"},"content":{"rendered":"\n<p>Otamme vastaan el\u00e4insuojeluty\u00f6ss\u00e4 tarvittavia tavaralahjoituksia: kuljetush\u00e4kkej\u00e4, kuivamuonaa, kissanhiekkaa, el\u00e4intenhoitotarvikkeita ja leluja eli melkein kaikkea mahdollista huoneenl\u00e4mm\u00f6ss\u00e4 s\u00e4ilyv\u00e4\u00e4 puhdasta ja el\u00e4inten arjessa tarvittavia tuotteita. Voit tukea toimintaamme my\u00f6s rahalahjoituksin. Lahjoitusten avulla voimme yll\u00e4pit\u00e4\u00e4 el\u00e4insuojeluty\u00f6t\u00e4mme ja laajentaa toimintaamme.<\/p>\n\n\n\n<p><strong>RAHALAHJOITUKSET<\/strong><\/p>\n\n\n\n<p>Kainuun El\u00e4insuojeluyhdistys ry:ll\u00e4 on 1.1.2023 alkaen voimassa oleva Poliisihallituksen my\u00f6nt\u00e4m\u00e4 rahanker\u00e4yslupa (RA\/2022\/1647). Lupa on my\u00f6nnetty 23.11.2022. <\/p>\n\n\n\n<p>Rahanker\u00e4ystili: FI74 8146 9710 2284 94 (Danske Bank)<\/p>\n\n\n\n<p>Rahanker\u00e4yksest\u00e4 saatujen varojen k\u00e4ytt\u00f6tarkoituksena on muun muassa kattaa yhdistyksen<br>toiminnasta aiheutuvia kuluja, kuten el\u00e4inten hoidosta aiheutuvia el\u00e4inl\u00e4\u00e4k\u00e4ri- ja<br>l\u00e4\u00e4kint\u00e4kuluja sek\u00e4 el\u00e4inten ruokakustannuksia ja el\u00e4imen mahdollisesta<br>ulkopuolisesta majoituksesta aiheutuvia kuluja. Varoilla yhdistys hankkii my\u00f6s<br>el\u00e4inten hoitoon ja suojeluun tarvittavia v\u00e4lineit\u00e4 ja tarvikkeita.<\/p>\n\n\n\n<p>Yhteystiedot: kainuun.elainsuojeluyhdistys@gmail.com \/ 044 595 1123<\/p>\n\n\n\n<p><\/p>\n\n\n\n<p>Rahalahjoituksia voi tehd\u00e4 my\u00f6s\u00a0<a href=\"https:\/\/sey.fi\/lahjoita\/kun-kukaan-muu-ei-auta\/\" target=\"_blank\" rel=\"noreferrer noopener\">SEY Suomen el\u00e4insuojelun<\/a> kautta.<\/p>\n","protected":false},"excerpt":{"rendered":"<p>Otamme vastaan el\u00e4insuojeluty\u00f6ss\u00e4 tarvittavia tavaralahjoituksia: kuljetush\u00e4kkej\u00e4, kuivamuonaa, kissanhiekkaa, el\u00e4intenhoitotarvikkeita ja leluja eli melkein kaikkea mahdollista huoneenl\u00e4mm\u00f6ss\u00e4 s\u00e4ilyv\u00e4\u00e4 puhdasta ja el\u00e4inten arjessa tarvittavia tuotteita. Voit tukea toimintaamme my\u00f6s rahalahjoituksin. Lahjoitusten avulla voimme yll\u00e4pit\u00e4\u00e4 el\u00e4insuojeluty\u00f6t\u00e4mme ja laajentaa toimintaamme. RAHALAHJOITUKSET Kainuun El\u00e4insuojeluyhdistys ry:ll\u00e4 on 1.1.2023 alkaen voimassa oleva Poliisihallituksen my\u00f6nt\u00e4m\u00e4 rahanker\u00e4yslupa (RA\/2022\/1647). Lupa on my\u00f6nnetty 23.11.2022. Rahanker\u00e4ystili: FI74 [&hellip;]<\/p>\n","protected":false},"author":8,"featured_media":0,"parent":18,"menu_order":0,"comment_status":"closed","ping_status":"closed","template":"","meta":{"_acf_changed":false,"footnotes":""},"class_list":["post-112","page","type-page","status-publish","hentry"],"acf":[],"yoast_head":"<!-- This site is optimized with the Yoast SEO plugin v27.1.1 - https:\/\/yoast.com\/product\/yoast-seo-wordpress\/ -->\n<title>Lahjoitukset - Kainuun el\u00e4insuojeluyhdistys<\/title>\n<meta name=\"robots\" content=\"index, follow, max-snippet:-1, max-image-preview:large, max-video-preview:-1\" \/>\n<link rel=\"canonical\" href=\"https:\/\/sey.fi\/kainuu\/kainuun-elainsuojeluyhdistys\/tule-mukaan\/lahjoitukset\/\" \/>\n<meta property=\"og:locale\" content=\"fi_FI\" \/>\n<meta property=\"og:type\" content=\"article\" \/>\n<meta property=\"og:title\" content=\"Lahjoitukset - Kainuun el\u00e4insuojeluyhdistys\" \/>\n<meta property=\"og:description\" content=\"Otamme vastaan el\u00e4insuojeluty\u00f6ss\u00e4 tarvittavia tavaralahjoituksia: kuljetush\u00e4kkej\u00e4, kuivamuonaa, kissanhiekkaa, el\u00e4intenhoitotarvikkeita ja leluja eli melkein kaikkea mahdollista huoneenl\u00e4mm\u00f6ss\u00e4 s\u00e4ilyv\u00e4\u00e4 puhdasta ja el\u00e4inten arjessa tarvittavia tuotteita. Voit tukea toimintaamme my\u00f6s rahalahjoituksin. Lahjoitusten avulla voimme yll\u00e4pit\u00e4\u00e4 el\u00e4insuojeluty\u00f6t\u00e4mme ja laajentaa toimintaamme. RAHALAHJOITUKSET Kainuun El\u00e4insuojeluyhdistys ry:ll\u00e4 on 1.1.2023 alkaen voimassa oleva Poliisihallituksen my\u00f6nt\u00e4m\u00e4 rahanker\u00e4yslupa (RA\/2022\/1647). Lupa on my\u00f6nnetty 23.11.2022. Rahanker\u00e4ystili: FI74 [&hellip;]\" \/>\n<meta property=\"og:url\" content=\"https:\/\/sey.fi\/kainuu\/kainuun-elainsuojeluyhdistys\/tule-mukaan\/lahjoitukset\/\" \/>\n<meta property=\"og:site_name\" content=\"Kainuun el\u00e4insuojeluyhdistys\" \/>\n<meta property=\"article:modified_time\" content=\"2023-02-20T16:44:59+00:00\" \/>\n<meta name=\"twitter:card\" content=\"summary_large_image\" \/>\n<meta name=\"twitter:label1\" content=\"Arvioitu lukuaika\" \/>\n\t<meta name=\"twitter:data1\" content=\"1 minuutti\" \/>\n<script type=\"application\/ld+json\" class=\"yoast-schema-graph\">{\"@context\":\"https:\/\/schema.org\",\"@graph\":[{\"@type\":\"WebPage\",\"@id\":\"https:\/\/sey.fi\/kainuu\/kainuun-elainsuojeluyhdistys\/tule-mukaan\/lahjoitukset\/\",\"url\":\"https:\/\/sey.fi\/kainuu\/kainuun-elainsuojeluyhdistys\/tule-mukaan\/lahjoitukset\/\",\"name\":\"Lahjoitukset - Kainuun el\u00e4insuojeluyhdistys\",\"isPartOf\":{\"@id\":\"https:\/\/sey.fi\/kainuu\/#website\"},\"datePublished\":\"2019-10-28T10:51:57+00:00\",\"dateModified\":\"2023-02-20T16:44:59+00:00\",\"breadcrumb\":{\"@id\":\"https:\/\/sey.fi\/kainuu\/kainuun-elainsuojeluyhdistys\/tule-mukaan\/lahjoitukset\/#breadcrumb\"},\"inLanguage\":\"fi\",\"potentialAction\":[{\"@type\":\"ReadAction\",\"target\":[\"https:\/\/sey.fi\/kainuu\/kainuun-elainsuojeluyhdistys\/tule-mukaan\/lahjoitukset\/\"]}]},{\"@type\":\"BreadcrumbList\",\"@id\":\"https:\/\/sey.fi\/kainuu\/kainuun-elainsuojeluyhdistys\/tule-mukaan\/lahjoitukset\/#breadcrumb\",\"itemListElement\":[{\"@type\":\"ListItem\",\"position\":1,\"name\":\"Home\",\"item\":\"https:\/\/sey.fi\/kainuu\/\"},{\"@type\":\"ListItem\",\"position\":2,\"name\":\"Kainuun el\u00e4insuojeluyhdistys\",\"item\":\"https:\/\/sey.fi\/kainuu\/\"},{\"@type\":\"ListItem\",\"position\":3,\"name\":\"Tule mukaan\",\"item\":\"https:\/\/sey.fi\/kainuu\/kainuun-elainsuojeluyhdistys\/tule-mukaan\/\"},{\"@type\":\"ListItem\",\"position\":4,\"name\":\"Lahjoitukset\"}]},{\"@type\":\"WebSite\",\"@id\":\"https:\/\/sey.fi\/kainuu\/#website\",\"url\":\"https:\/\/sey.fi\/kainuu\/\",\"name\":\"Kainuun el\u00e4insuojeluyhdistys\",\"description\":\"Uusi SEY J\u00e4senyhdistykset -sivusto\",\"potentialAction\":[{\"@type\":\"SearchAction\",\"target\":{\"@type\":\"EntryPoint\",\"urlTemplate\":\"https:\/\/sey.fi\/kainuu\/?s={search_term_string}\"},\"query-input\":{\"@type\":\"PropertyValueSpecification\",\"valueRequired\":true,\"valueName\":\"search_term_string\"}}],\"inLanguage\":\"fi\"}]}<\/script>\n<!-- \/ Yoast SEO plugin. -->","yoast_head_json":{"title":"Lahjoitukset - Kainuun el\u00e4insuojeluyhdistys","robots":{"index":"index","follow":"follow","max-snippet":"max-snippet:-1","max-image-preview":"max-image-preview:large","max-video-preview":"max-video-preview:-1"},"canonical":"https:\/\/sey.fi\/kainuu\/kainuun-elainsuojeluyhdistys\/tule-mukaan\/lahjoitukset\/","og_locale":"fi_FI","og_type":"article","og_title":"Lahjoitukset - Kainuun el\u00e4insuojeluyhdistys","og_description":"Otamme vastaan el\u00e4insuojeluty\u00f6ss\u00e4 tarvittavia tavaralahjoituksia: kuljetush\u00e4kkej\u00e4, kuivamuonaa, kissanhiekkaa, el\u00e4intenhoitotarvikkeita ja leluja eli melkein kaikkea mahdollista huoneenl\u00e4mm\u00f6ss\u00e4 s\u00e4ilyv\u00e4\u00e4 puhdasta ja el\u00e4inten arjessa tarvittavia tuotteita. Voit tukea toimintaamme my\u00f6s rahalahjoituksin. Lahjoitusten avulla voimme yll\u00e4pit\u00e4\u00e4 el\u00e4insuojeluty\u00f6t\u00e4mme ja laajentaa toimintaamme. RAHALAHJOITUKSET Kainuun El\u00e4insuojeluyhdistys ry:ll\u00e4 on 1.1.2023 alkaen voimassa oleva Poliisihallituksen my\u00f6nt\u00e4m\u00e4 rahanker\u00e4yslupa (RA\/2022\/1647). Lupa on my\u00f6nnetty 23.11.2022. Rahanker\u00e4ystili: FI74 [&hellip;]","og_url":"https:\/\/sey.fi\/kainuu\/kainuun-elainsuojeluyhdistys\/tule-mukaan\/lahjoitukset\/","og_site_name":"Kainuun el\u00e4insuojeluyhdistys","article_modified_time":"2023-02-20T16:44:59+00:00","twitter_card":"summary_large_image","twitter_misc":{"Arvioitu lukuaika":"1 minuutti"},"schema":{"@context":"https:\/\/schema.org","@graph":[{"@type":"WebPage","@id":"https:\/\/sey.fi\/kainuu\/kainuun-elainsuojeluyhdistys\/tule-mukaan\/lahjoitukset\/","url":"https:\/\/sey.fi\/kainuu\/kainuun-elainsuojeluyhdistys\/tule-mukaan\/lahjoitukset\/","name":"Lahjoitukset - Kainuun el\u00e4insuojeluyhdistys","isPartOf":{"@id":"https:\/\/sey.fi\/kainuu\/#website"},"datePublished":"2019-10-28T10:51:57+00:00","dateModified":"2023-02-20T16:44:59+00:00","breadcrumb":{"@id":"https:\/\/sey.fi\/kainuu\/kainuun-elainsuojeluyhdistys\/tule-mukaan\/lahjoitukset\/#breadcrumb"},"inLanguage":"fi","potentialAction":[{"@type":"ReadAction","target":["https:\/\/sey.fi\/kainuu\/kainuun-elainsuojeluyhdistys\/tule-mukaan\/lahjoitukset\/"]}]},{"@type":"BreadcrumbList","@id":"https:\/\/sey.fi\/kainuu\/kainuun-elainsuojeluyhdistys\/tule-mukaan\/lahjoitukset\/#breadcrumb","itemListElement":[{"@type":"ListItem","position":1,"name":"Home","item":"https:\/\/sey.fi\/kainuu\/"},{"@type":"ListItem","position":2,"name":"Kainuun el\u00e4insuojeluyhdistys","item":"https:\/\/sey.fi\/kainuu\/"},{"@type":"ListItem","position":3,"name":"Tule mukaan","item":"https:\/\/sey.fi\/kainuu\/kainuun-elainsuojeluyhdistys\/tule-mukaan\/"},{"@type":"ListItem","position":4,"name":"Lahjoitukset"}]},{"@type":"WebSite","@id":"https:\/\/sey.fi\/kainuu\/#website","url":"https:\/\/sey.fi\/kainuu\/","name":"Kainuun el\u00e4insuojeluyhdistys","description":"Uusi SEY J\u00e4senyhdistykset -sivusto","potentialAction":[{"@type":"SearchAction","target":{"@type":"EntryPoint","urlTemplate":"https:\/\/sey.fi\/kainuu\/?s={search_term_string}"},"query-input":{"@type":"PropertyValueSpecification","valueRequired":true,"valueName":"search_term_string"}}],"inLanguage":"fi"}]}},"_links":{"self":[{"href":"https:\/\/sey.fi\/kainuu\/wp-json\/wp\/v2\/pages\/112","targetHints":{"allow":["GET"]}}],"collection":[{"href":"https:\/\/sey.fi\/kainuu\/wp-json\/wp\/v2\/pages"}],"about":[{"href":"https:\/\/sey.fi\/kainuu\/wp-json\/wp\/v2\/types\/page"}],"author":[{"embeddable":true,"href":"https:\/\/sey.fi\/kainuu\/wp-json\/wp\/v2\/users\/8"}],"replies":[{"embeddable":true,"href":"https:\/\/sey.fi\/kainuu\/wp-json\/wp\/v2\/comments?post=112"}],"version-history":[{"count":5,"href":"https:\/\/sey.fi\/kainuu\/wp-json\/wp\/v2\/pages\/112\/revisions"}],"predecessor-version":[{"id":287,"href":"https:\/\/sey.fi\/kainuu\/wp-json\/wp\/v2\/pages\/112\/revisions\/287"}],"up":[{"embeddable":true,"href":"https:\/\/sey.fi\/kainuu\/wp-json\/wp\/v2\/pages\/18"}],"wp:attachment":[{"href":"https:\/\/sey.fi\/kainuu\/wp-json\/wp\/v2\/media?parent=112"}],"curies":[{"name":"wp","href":"https:\/\/api.w.org\/{rel}","templated":true}]}}