{"id":16,"date":"2019-10-24T16:59:03","date_gmt":"2019-10-24T13:59:03","guid":{"rendered":"http:\/\/srvr10.xetpoint.com\/~seyfi\/kainuu\/?page_id=16"},"modified":"2020-03-06T12:06:31","modified_gmt":"2020-03-06T10:06:31","slug":"yhdistyksen-toiminta","status":"publish","type":"page","link":"https:\/\/sey.fi\/kainuu\/kainuun-elainsuojeluyhdistys\/yhdistyksen-toiminta\/","title":{"rendered":"Yhdistyksen toiminta"},"content":{"rendered":"\n<p>Kainuun El\u00e4insuojeluyhdistys ry eli tuttavallisesti KESY on toiminut Kainuun alueella jo vuodesta 1980 l\u00e4htien.<\/p>\n\n\n\n<p>Tarkoituksenamme on edist\u00e4\u00e4 el\u00e4insuojeluty\u00f6t\u00e4 sek\u00e4 suojella el\u00e4imi\u00e4 ja antaa niille hyv\u00e4t elinolot. Haluamme my\u00f6s levitt\u00e4\u00e4 tietoa el\u00e4inten hyvinvoinnista ja hyv\u00e4st\u00e4 kohtelusta ja n\u00e4in ollen yritt\u00e4\u00e4 s\u00e4\u00e4st\u00e4\u00e4 el\u00e4imi\u00e4 k\u00e4rsimykselt\u00e4. Pyrimme levitt\u00e4m\u00e4\u00e4n tietoa sek\u00e4 j\u00e4rjest\u00e4mme erilaisia tapahtumia rahoittaaksemme toimintaamme. J\u00e4seni\u00e4 meill\u00e4 on&nbsp;yli 100.<\/p>\n\n\n\n<p>KESY on SEY Suomen El\u00e4insuojelun\u00a0j\u00e4senyhdistys, josta lis\u00e4tietoa l\u00f6yd\u00e4t sivustolta\u00a0<a rel=\"noreferrer noopener\" href=\"http:\/\/www.sey.fi\/\" target=\"_blank\">www.sey.fi<\/a>. Varsinaista\u00a0toimitilaa meill\u00e4 ei ole. J\u00e4senillat ja yleis\u00f6lle avoimet\u00a0tapahtumat j\u00e4rjestet\u00e4\u00e4n erikseen ilmoitetuissa paikoissa.<\/p>\n\n\n\n<p>Kaikki toimintamme on t\u00e4ysin vapaaehtoista ja toivotammekin kaikki toiminnastamme kiinnostuneet tervetulleiksi mukaan auttamaan el\u00e4imi\u00e4!<\/p>\n\n\n\n<figure class=\"wp-block-image\"><img decoding=\"async\" src=\"http:\/\/kainuu.sey.fi\/images\/Muut\/edustus_logo_ja_koira.jpg\" alt=\"\" \/><\/figure>\n","protected":false},"excerpt":{"rendered":"<p>Kainuun El\u00e4insuojeluyhdistys ry eli tuttavallisesti KESY on toiminut Kainuun alueella jo vuodesta 1980 l\u00e4htien. Tarkoituksenamme on edist\u00e4\u00e4 el\u00e4insuojeluty\u00f6t\u00e4 sek\u00e4 suojella el\u00e4imi\u00e4 ja antaa niille hyv\u00e4t elinolot. Haluamme my\u00f6s levitt\u00e4\u00e4 tietoa el\u00e4inten hyvinvoinnista ja hyv\u00e4st\u00e4 kohtelusta ja n\u00e4in ollen yritt\u00e4\u00e4 s\u00e4\u00e4st\u00e4\u00e4 el\u00e4imi\u00e4 k\u00e4rsimykselt\u00e4. Pyrimme levitt\u00e4m\u00e4\u00e4n tietoa sek\u00e4 j\u00e4rjest\u00e4mme erilaisia tapahtumia rahoittaaksemme toimintaamme. J\u00e4seni\u00e4 meill\u00e4 on&nbsp;yli 100. [&hellip;]<\/p>\n","protected":false},"author":8,"featured_media":0,"parent":2,"menu_order":0,"comment_status":"closed","ping_status":"closed","template":"","meta":{"_acf_changed":false,"footnotes":""},"class_list":["post-16","page","type-page","status-publish","hentry"],"acf":[],"yoast_head":"<!-- This site is optimized with the Yoast SEO plugin v27.1.1 - https:\/\/yoast.com\/product\/yoast-seo-wordpress\/ -->\n<title>Yhdistyksen toiminta - Kainuun el\u00e4insuojeluyhdistys<\/title>\n<meta name=\"robots\" content=\"index, follow, max-snippet:-1, max-image-preview:large, max-video-preview:-1\" \/>\n<link rel=\"canonical\" href=\"https:\/\/sey.fi\/kainuu\/kainuun-elainsuojeluyhdistys\/yhdistyksen-toiminta\/\" \/>\n<meta property=\"og:locale\" content=\"fi_FI\" \/>\n<meta property=\"og:type\" content=\"article\" \/>\n<meta property=\"og:title\" content=\"Yhdistyksen toiminta - Kainuun el\u00e4insuojeluyhdistys\" \/>\n<meta property=\"og:description\" content=\"Kainuun El\u00e4insuojeluyhdistys ry eli tuttavallisesti KESY on toiminut Kainuun alueella jo vuodesta 1980 l\u00e4htien. Tarkoituksenamme on edist\u00e4\u00e4 el\u00e4insuojeluty\u00f6t\u00e4 sek\u00e4 suojella el\u00e4imi\u00e4 ja antaa niille hyv\u00e4t elinolot. Haluamme my\u00f6s levitt\u00e4\u00e4 tietoa el\u00e4inten hyvinvoinnista ja hyv\u00e4st\u00e4 kohtelusta ja n\u00e4in ollen yritt\u00e4\u00e4 s\u00e4\u00e4st\u00e4\u00e4 el\u00e4imi\u00e4 k\u00e4rsimykselt\u00e4. Pyrimme levitt\u00e4m\u00e4\u00e4n tietoa sek\u00e4 j\u00e4rjest\u00e4mme erilaisia tapahtumia rahoittaaksemme toimintaamme. J\u00e4seni\u00e4 meill\u00e4 on&nbsp;yli 100. [&hellip;]\" \/>\n<meta property=\"og:url\" content=\"https:\/\/sey.fi\/kainuu\/kainuun-elainsuojeluyhdistys\/yhdistyksen-toiminta\/\" \/>\n<meta property=\"og:site_name\" content=\"Kainuun el\u00e4insuojeluyhdistys\" \/>\n<meta property=\"article:modified_time\" content=\"2020-03-06T10:06:31+00:00\" \/>\n<meta property=\"og:image\" content=\"http:\/\/kainuu.sey.fi\/images\/Muut\/edustus_logo_ja_koira.jpg\" \/>\n<meta name=\"twitter:card\" content=\"summary_large_image\" \/>\n<meta name=\"twitter:label1\" content=\"Arvioitu lukuaika\" \/>\n\t<meta name=\"twitter:data1\" content=\"1 minuutti\" \/>\n<script type=\"application\/ld+json\" class=\"yoast-schema-graph\">{\"@context\":\"https:\/\/schema.org\",\"@graph\":[{\"@type\":\"WebPage\",\"@id\":\"https:\/\/sey.fi\/kainuu\/kainuun-elainsuojeluyhdistys\/yhdistyksen-toiminta\/\",\"url\":\"https:\/\/sey.fi\/kainuu\/kainuun-elainsuojeluyhdistys\/yhdistyksen-toiminta\/\",\"name\":\"Yhdistyksen toiminta - Kainuun el\u00e4insuojeluyhdistys\",\"isPartOf\":{\"@id\":\"https:\/\/sey.fi\/kainuu\/#website\"},\"primaryImageOfPage\":{\"@id\":\"https:\/\/sey.fi\/kainuu\/kainuun-elainsuojeluyhdistys\/yhdistyksen-toiminta\/#primaryimage\"},\"image\":{\"@id\":\"https:\/\/sey.fi\/kainuu\/kainuun-elainsuojeluyhdistys\/yhdistyksen-toiminta\/#primaryimage\"},\"thumbnailUrl\":\"http:\/\/kainuu.sey.fi\/images\/Muut\/edustus_logo_ja_koira.jpg\",\"datePublished\":\"2019-10-24T13:59:03+00:00\",\"dateModified\":\"2020-03-06T10:06:31+00:00\",\"breadcrumb\":{\"@id\":\"https:\/\/sey.fi\/kainuu\/kainuun-elainsuojeluyhdistys\/yhdistyksen-toiminta\/#breadcrumb\"},\"inLanguage\":\"fi\",\"potentialAction\":[{\"@type\":\"ReadAction\",\"target\":[\"https:\/\/sey.fi\/kainuu\/kainuun-elainsuojeluyhdistys\/yhdistyksen-toiminta\/\"]}]},{\"@type\":\"ImageObject\",\"inLanguage\":\"fi\",\"@id\":\"https:\/\/sey.fi\/kainuu\/kainuun-elainsuojeluyhdistys\/yhdistyksen-toiminta\/#primaryimage\",\"url\":\"http:\/\/kainuu.sey.fi\/images\/Muut\/edustus_logo_ja_koira.jpg\",\"contentUrl\":\"http:\/\/kainuu.sey.fi\/images\/Muut\/edustus_logo_ja_koira.jpg\"},{\"@type\":\"BreadcrumbList\",\"@id\":\"https:\/\/sey.fi\/kainuu\/kainuun-elainsuojeluyhdistys\/yhdistyksen-toiminta\/#breadcrumb\",\"itemListElement\":[{\"@type\":\"ListItem\",\"position\":1,\"name\":\"Home\",\"item\":\"https:\/\/sey.fi\/kainuu\/\"},{\"@type\":\"ListItem\",\"position\":2,\"name\":\"Kainuun el\u00e4insuojeluyhdistys\",\"item\":\"https:\/\/sey.fi\/kainuu\/\"},{\"@type\":\"ListItem\",\"position\":3,\"name\":\"Yhdistyksen toiminta\"}]},{\"@type\":\"WebSite\",\"@id\":\"https:\/\/sey.fi\/kainuu\/#website\",\"url\":\"https:\/\/sey.fi\/kainuu\/\",\"name\":\"Kainuun el\u00e4insuojeluyhdistys\",\"description\":\"Uusi SEY J\u00e4senyhdistykset -sivusto\",\"potentialAction\":[{\"@type\":\"SearchAction\",\"target\":{\"@type\":\"EntryPoint\",\"urlTemplate\":\"https:\/\/sey.fi\/kainuu\/?s={search_term_string}\"},\"query-input\":{\"@type\":\"PropertyValueSpecification\",\"valueRequired\":true,\"valueName\":\"search_term_string\"}}],\"inLanguage\":\"fi\"}]}<\/script>\n<!-- \/ Yoast SEO plugin. -->","yoast_head_json":{"title":"Yhdistyksen toiminta - Kainuun el\u00e4insuojeluyhdistys","robots":{"index":"index","follow":"follow","max-snippet":"max-snippet:-1","max-image-preview":"max-image-preview:large","max-video-preview":"max-video-preview:-1"},"canonical":"https:\/\/sey.fi\/kainuu\/kainuun-elainsuojeluyhdistys\/yhdistyksen-toiminta\/","og_locale":"fi_FI","og_type":"article","og_title":"Yhdistyksen toiminta - Kainuun el\u00e4insuojeluyhdistys","og_description":"Kainuun El\u00e4insuojeluyhdistys ry eli tuttavallisesti KESY on toiminut Kainuun alueella jo vuodesta 1980 l\u00e4htien. Tarkoituksenamme on edist\u00e4\u00e4 el\u00e4insuojeluty\u00f6t\u00e4 sek\u00e4 suojella el\u00e4imi\u00e4 ja antaa niille hyv\u00e4t elinolot. Haluamme my\u00f6s levitt\u00e4\u00e4 tietoa el\u00e4inten hyvinvoinnista ja hyv\u00e4st\u00e4 kohtelusta ja n\u00e4in ollen yritt\u00e4\u00e4 s\u00e4\u00e4st\u00e4\u00e4 el\u00e4imi\u00e4 k\u00e4rsimykselt\u00e4. Pyrimme levitt\u00e4m\u00e4\u00e4n tietoa sek\u00e4 j\u00e4rjest\u00e4mme erilaisia tapahtumia rahoittaaksemme toimintaamme. J\u00e4seni\u00e4 meill\u00e4 on&nbsp;yli 100. [&hellip;]","og_url":"https:\/\/sey.fi\/kainuu\/kainuun-elainsuojeluyhdistys\/yhdistyksen-toiminta\/","og_site_name":"Kainuun el\u00e4insuojeluyhdistys","article_modified_time":"2020-03-06T10:06:31+00:00","og_image":[{"url":"http:\/\/kainuu.sey.fi\/images\/Muut\/edustus_logo_ja_koira.jpg","type":"","width":"","height":""}],"twitter_card":"summary_large_image","twitter_misc":{"Arvioitu lukuaika":"1 minuutti"},"schema":{"@context":"https:\/\/schema.org","@graph":[{"@type":"WebPage","@id":"https:\/\/sey.fi\/kainuu\/kainuun-elainsuojeluyhdistys\/yhdistyksen-toiminta\/","url":"https:\/\/sey.fi\/kainuu\/kainuun-elainsuojeluyhdistys\/yhdistyksen-toiminta\/","name":"Yhdistyksen toiminta - Kainuun el\u00e4insuojeluyhdistys","isPartOf":{"@id":"https:\/\/sey.fi\/kainuu\/#website"},"primaryImageOfPage":{"@id":"https:\/\/sey.fi\/kainuu\/kainuun-elainsuojeluyhdistys\/yhdistyksen-toiminta\/#primaryimage"},"image":{"@id":"https:\/\/sey.fi\/kainuu\/kainuun-elainsuojeluyhdistys\/yhdistyksen-toiminta\/#primaryimage"},"thumbnailUrl":"http:\/\/kainuu.sey.fi\/images\/Muut\/edustus_logo_ja_koira.jpg","datePublished":"2019-10-24T13:59:03+00:00","dateModified":"2020-03-06T10:06:31+00:00","breadcrumb":{"@id":"https:\/\/sey.fi\/kainuu\/kainuun-elainsuojeluyhdistys\/yhdistyksen-toiminta\/#breadcrumb"},"inLanguage":"fi","potentialAction":[{"@type":"ReadAction","target":["https:\/\/sey.fi\/kainuu\/kainuun-elainsuojeluyhdistys\/yhdistyksen-toiminta\/"]}]},{"@type":"ImageObject","inLanguage":"fi","@id":"https:\/\/sey.fi\/kainuu\/kainuun-elainsuojeluyhdistys\/yhdistyksen-toiminta\/#primaryimage","url":"http:\/\/kainuu.sey.fi\/images\/Muut\/edustus_logo_ja_koira.jpg","contentUrl":"http:\/\/kainuu.sey.fi\/images\/Muut\/edustus_logo_ja_koira.jpg"},{"@type":"BreadcrumbList","@id":"https:\/\/sey.fi\/kainuu\/kainuun-elainsuojeluyhdistys\/yhdistyksen-toiminta\/#breadcrumb","itemListElement":[{"@type":"ListItem","position":1,"name":"Home","item":"https:\/\/sey.fi\/kainuu\/"},{"@type":"ListItem","position":2,"name":"Kainuun el\u00e4insuojeluyhdistys","item":"https:\/\/sey.fi\/kainuu\/"},{"@type":"ListItem","position":3,"name":"Yhdistyksen toiminta"}]},{"@type":"WebSite","@id":"https:\/\/sey.fi\/kainuu\/#website","url":"https:\/\/sey.fi\/kainuu\/","name":"Kainuun el\u00e4insuojeluyhdistys","description":"Uusi SEY J\u00e4senyhdistykset -sivusto","potentialAction":[{"@type":"SearchAction","target":{"@type":"EntryPoint","urlTemplate":"https:\/\/sey.fi\/kainuu\/?s={search_term_string}"},"query-input":{"@type":"PropertyValueSpecification","valueRequired":true,"valueName":"search_term_string"}}],"inLanguage":"fi"}]}},"_links":{"self":[{"href":"https:\/\/sey.fi\/kainuu\/wp-json\/wp\/v2\/pages\/16","targetHints":{"allow":["GET"]}}],"collection":[{"href":"https:\/\/sey.fi\/kainuu\/wp-json\/wp\/v2\/pages"}],"about":[{"href":"https:\/\/sey.fi\/kainuu\/wp-json\/wp\/v2\/types\/page"}],"author":[{"embeddable":true,"href":"https:\/\/sey.fi\/kainuu\/wp-json\/wp\/v2\/users\/8"}],"replies":[{"embeddable":true,"href":"https:\/\/sey.fi\/kainuu\/wp-json\/wp\/v2\/comments?post=16"}],"version-history":[{"count":3,"href":"https:\/\/sey.fi\/kainuu\/wp-json\/wp\/v2\/pages\/16\/revisions"}],"predecessor-version":[{"id":168,"href":"https:\/\/sey.fi\/kainuu\/wp-json\/wp\/v2\/pages\/16\/revisions\/168"}],"up":[{"embeddable":true,"href":"https:\/\/sey.fi\/kainuu\/wp-json\/wp\/v2\/pages\/2"}],"wp:attachment":[{"href":"https:\/\/sey.fi\/kainuu\/wp-json\/wp\/v2\/media?parent=16"}],"curies":[{"name":"wp","href":"https:\/\/api.w.org\/{rel}","templated":true}]}}