{"id":18,"date":"2019-10-24T16:59:20","date_gmt":"2019-10-24T13:59:20","guid":{"rendered":"http:\/\/srvr10.xetpoint.com\/~seyfi\/kainuu\/?page_id=18"},"modified":"2020-03-06T12:08:22","modified_gmt":"2020-03-06T10:08:22","slug":"tule-mukaan","status":"publish","type":"page","link":"https:\/\/sey.fi\/kainuu\/kainuun-elainsuojeluyhdistys\/tule-mukaan\/","title":{"rendered":"Tule mukaan"},"content":{"rendered":"\n<figure class=\"wp-block-image\"><img decoding=\"async\" src=\"http:\/\/kainuu.sey.fi\/images\/Taytekuvat\/taytekuva_koira_01.png\" alt=\"\" \/><\/figure>\n\n\n\n<p>Kainuun El\u00e4insuojeluyhdistys on aktiivinen toimija. Kaiken ik\u00e4iset ja kykyiset henkil\u00f6t ovat tervetulleita mukaan parantamaan el\u00e4inten hyvinvointia. Sinulla ei tarvitse olla entuudestaan tietoa el\u00e4inten hoitamisesta tai j\u00e4rjest\u00f6toiminnasta&nbsp;&#8211;&nbsp;<strong>pelkk\u00e4 tahto auttaa riitt\u00e4\u00e4<\/strong>. Autamme ja neuvomme mielell\u00e4mme.&nbsp;Kaikkeen vapaaehtoistoimintaan perehdytet\u00e4\u00e4n eik\u00e4 ket\u00e4\u00e4n j\u00e4tet\u00e4 yksin. Tule yksin tai vaikka kaverin kanssa!<\/p>\n\n\n\n<p><strong>Voit ottaa helposti yhteytt\u00e4 vaikkapa:<\/strong><\/p>\n\n\n\n<ul class=\"wp-block-list\"><li>S\u00e4hk\u00f6postilla&nbsp;<a href=\"mailto:kainuun.elainsuojeluyhdistys@gmail.com\">kainuun.elainsuojeluyhdistys@gmail.com<\/a><\/li><li>Puhelimella 044 595 1123<\/li><li><a href=\"https:\/\/www.facebook.com\/kainuun.elainsuojeluyhdistys\" target=\"_blank\" rel=\"noreferrer noopener\">Facebook-sivumme<\/a>&nbsp;kautta<\/li><li><a href=\"http:\/\/www.sey.fi\/tue-toimintaa\/vapaaehtoiseksi\/vapaaehtoiseksi-seyn-jasenyhdistykseen\" target=\"_blank\" rel=\"noreferrer noopener\">SEY:n lomakkeen (Kainuun El\u00e4insuojeluyhdistys ry)<\/a>&nbsp;kautta<\/li><\/ul>\n\n\n\n<hr class=\"wp-block-separator\" \/>\n\n\n\n<h2 class=\"wp-block-heading\"><br>Yhteisty\u00f6kumppanit<\/h2>\n\n\n\n<p>Yhteisty\u00f6kumppanit ovat t\u00e4rke\u00e4 osa toimintaamme. Kumppaneitamme voivat olla yritykset, el\u00e4inl\u00e4\u00e4k\u00e4rit, toiset yhdistykset yms &#8211; k\u00e4yt\u00e4nn\u00f6ss\u00e4 kaikki\u00a0jotka tahtovat lis\u00e4t\u00e4 niiden hyvinvointia kanssamme. Tulemme my\u00f6s itse mielell\u00e4mme esittelem\u00e4\u00e4n toimintaamme erilaisiin tapahtumiin (mm. kouluvierailut, j\u00e4rjest\u00f6jen tilaisuudet). Yritykset voivat my\u00f6s osallistua\u00a0<a rel=\"noreferrer noopener\" href=\"http:\/\/www.sey.fi\/tue-toimintaa\/tee-yrityslahjoitus\" target=\"_blank\">Suomen El\u00e4insuojelu<\/a>:n\u00a0kautta.<\/p>\n","protected":false},"excerpt":{"rendered":"<p>Kainuun El\u00e4insuojeluyhdistys on aktiivinen toimija. Kaiken ik\u00e4iset ja kykyiset henkil\u00f6t ovat tervetulleita mukaan parantamaan el\u00e4inten hyvinvointia. Sinulla ei tarvitse olla entuudestaan tietoa el\u00e4inten hoitamisesta tai j\u00e4rjest\u00f6toiminnasta&nbsp;&#8211;&nbsp;pelkk\u00e4 tahto auttaa riitt\u00e4\u00e4. Autamme ja neuvomme mielell\u00e4mme.&nbsp;Kaikkeen vapaaehtoistoimintaan perehdytet\u00e4\u00e4n eik\u00e4 ket\u00e4\u00e4n j\u00e4tet\u00e4 yksin. Tule yksin tai vaikka kaverin kanssa! Voit ottaa helposti yhteytt\u00e4 vaikkapa: S\u00e4hk\u00f6postilla&nbsp;kainuun.elainsuojeluyhdistys@gmail.com Puhelimella 044 595 1123 [&hellip;]<\/p>\n","protected":false},"author":8,"featured_media":0,"parent":2,"menu_order":0,"comment_status":"closed","ping_status":"closed","template":"","meta":{"_acf_changed":false,"footnotes":""},"class_list":["post-18","page","type-page","status-publish","hentry"],"acf":[],"yoast_head":"<!-- This site is optimized with the Yoast SEO plugin v27.1.1 - https:\/\/yoast.com\/product\/yoast-seo-wordpress\/ -->\n<title>Tule mukaan - Kainuun el\u00e4insuojeluyhdistys<\/title>\n<meta name=\"robots\" content=\"index, follow, max-snippet:-1, max-image-preview:large, max-video-preview:-1\" \/>\n<link rel=\"canonical\" href=\"https:\/\/sey.fi\/kainuu\/kainuun-elainsuojeluyhdistys\/tule-mukaan\/\" \/>\n<meta property=\"og:locale\" content=\"fi_FI\" \/>\n<meta property=\"og:type\" content=\"article\" \/>\n<meta property=\"og:title\" content=\"Tule mukaan - Kainuun el\u00e4insuojeluyhdistys\" \/>\n<meta property=\"og:description\" content=\"Kainuun El\u00e4insuojeluyhdistys on aktiivinen toimija. Kaiken ik\u00e4iset ja kykyiset henkil\u00f6t ovat tervetulleita mukaan parantamaan el\u00e4inten hyvinvointia. Sinulla ei tarvitse olla entuudestaan tietoa el\u00e4inten hoitamisesta tai j\u00e4rjest\u00f6toiminnasta&nbsp;&#8211;&nbsp;pelkk\u00e4 tahto auttaa riitt\u00e4\u00e4. Autamme ja neuvomme mielell\u00e4mme.&nbsp;Kaikkeen vapaaehtoistoimintaan perehdytet\u00e4\u00e4n eik\u00e4 ket\u00e4\u00e4n j\u00e4tet\u00e4 yksin. Tule yksin tai vaikka kaverin kanssa! Voit ottaa helposti yhteytt\u00e4 vaikkapa: S\u00e4hk\u00f6postilla&nbsp;kainuun.elainsuojeluyhdistys@gmail.com Puhelimella 044 595 1123 [&hellip;]\" \/>\n<meta property=\"og:url\" content=\"https:\/\/sey.fi\/kainuu\/kainuun-elainsuojeluyhdistys\/tule-mukaan\/\" \/>\n<meta property=\"og:site_name\" content=\"Kainuun el\u00e4insuojeluyhdistys\" \/>\n<meta property=\"article:modified_time\" content=\"2020-03-06T10:08:22+00:00\" \/>\n<meta property=\"og:image\" content=\"http:\/\/kainuu.sey.fi\/images\/Taytekuvat\/taytekuva_koira_01.png\" \/>\n<meta name=\"twitter:card\" content=\"summary_large_image\" \/>\n<meta name=\"twitter:label1\" content=\"Arvioitu lukuaika\" \/>\n\t<meta name=\"twitter:data1\" content=\"1 minuutti\" \/>\n<script type=\"application\/ld+json\" class=\"yoast-schema-graph\">{\"@context\":\"https:\/\/schema.org\",\"@graph\":[{\"@type\":\"WebPage\",\"@id\":\"https:\/\/sey.fi\/kainuu\/kainuun-elainsuojeluyhdistys\/tule-mukaan\/\",\"url\":\"https:\/\/sey.fi\/kainuu\/kainuun-elainsuojeluyhdistys\/tule-mukaan\/\",\"name\":\"Tule mukaan - Kainuun el\u00e4insuojeluyhdistys\",\"isPartOf\":{\"@id\":\"https:\/\/sey.fi\/kainuu\/#website\"},\"primaryImageOfPage\":{\"@id\":\"https:\/\/sey.fi\/kainuu\/kainuun-elainsuojeluyhdistys\/tule-mukaan\/#primaryimage\"},\"image\":{\"@id\":\"https:\/\/sey.fi\/kainuu\/kainuun-elainsuojeluyhdistys\/tule-mukaan\/#primaryimage\"},\"thumbnailUrl\":\"http:\/\/kainuu.sey.fi\/images\/Taytekuvat\/taytekuva_koira_01.png\",\"datePublished\":\"2019-10-24T13:59:20+00:00\",\"dateModified\":\"2020-03-06T10:08:22+00:00\",\"breadcrumb\":{\"@id\":\"https:\/\/sey.fi\/kainuu\/kainuun-elainsuojeluyhdistys\/tule-mukaan\/#breadcrumb\"},\"inLanguage\":\"fi\",\"potentialAction\":[{\"@type\":\"ReadAction\",\"target\":[\"https:\/\/sey.fi\/kainuu\/kainuun-elainsuojeluyhdistys\/tule-mukaan\/\"]}]},{\"@type\":\"ImageObject\",\"inLanguage\":\"fi\",\"@id\":\"https:\/\/sey.fi\/kainuu\/kainuun-elainsuojeluyhdistys\/tule-mukaan\/#primaryimage\",\"url\":\"http:\/\/kainuu.sey.fi\/images\/Taytekuvat\/taytekuva_koira_01.png\",\"contentUrl\":\"http:\/\/kainuu.sey.fi\/images\/Taytekuvat\/taytekuva_koira_01.png\"},{\"@type\":\"BreadcrumbList\",\"@id\":\"https:\/\/sey.fi\/kainuu\/kainuun-elainsuojeluyhdistys\/tule-mukaan\/#breadcrumb\",\"itemListElement\":[{\"@type\":\"ListItem\",\"position\":1,\"name\":\"Home\",\"item\":\"https:\/\/sey.fi\/kainuu\/\"},{\"@type\":\"ListItem\",\"position\":2,\"name\":\"Kainuun el\u00e4insuojeluyhdistys\",\"item\":\"https:\/\/sey.fi\/kainuu\/\"},{\"@type\":\"ListItem\",\"position\":3,\"name\":\"Tule mukaan\"}]},{\"@type\":\"WebSite\",\"@id\":\"https:\/\/sey.fi\/kainuu\/#website\",\"url\":\"https:\/\/sey.fi\/kainuu\/\",\"name\":\"Kainuun el\u00e4insuojeluyhdistys\",\"description\":\"Uusi SEY J\u00e4senyhdistykset -sivusto\",\"potentialAction\":[{\"@type\":\"SearchAction\",\"target\":{\"@type\":\"EntryPoint\",\"urlTemplate\":\"https:\/\/sey.fi\/kainuu\/?s={search_term_string}\"},\"query-input\":{\"@type\":\"PropertyValueSpecification\",\"valueRequired\":true,\"valueName\":\"search_term_string\"}}],\"inLanguage\":\"fi\"}]}<\/script>\n<!-- \/ Yoast SEO plugin. -->","yoast_head_json":{"title":"Tule mukaan - Kainuun el\u00e4insuojeluyhdistys","robots":{"index":"index","follow":"follow","max-snippet":"max-snippet:-1","max-image-preview":"max-image-preview:large","max-video-preview":"max-video-preview:-1"},"canonical":"https:\/\/sey.fi\/kainuu\/kainuun-elainsuojeluyhdistys\/tule-mukaan\/","og_locale":"fi_FI","og_type":"article","og_title":"Tule mukaan - Kainuun el\u00e4insuojeluyhdistys","og_description":"Kainuun El\u00e4insuojeluyhdistys on aktiivinen toimija. Kaiken ik\u00e4iset ja kykyiset henkil\u00f6t ovat tervetulleita mukaan parantamaan el\u00e4inten hyvinvointia. Sinulla ei tarvitse olla entuudestaan tietoa el\u00e4inten hoitamisesta tai j\u00e4rjest\u00f6toiminnasta&nbsp;&#8211;&nbsp;pelkk\u00e4 tahto auttaa riitt\u00e4\u00e4. Autamme ja neuvomme mielell\u00e4mme.&nbsp;Kaikkeen vapaaehtoistoimintaan perehdytet\u00e4\u00e4n eik\u00e4 ket\u00e4\u00e4n j\u00e4tet\u00e4 yksin. Tule yksin tai vaikka kaverin kanssa! Voit ottaa helposti yhteytt\u00e4 vaikkapa: S\u00e4hk\u00f6postilla&nbsp;kainuun.elainsuojeluyhdistys@gmail.com Puhelimella 044 595 1123 [&hellip;]","og_url":"https:\/\/sey.fi\/kainuu\/kainuun-elainsuojeluyhdistys\/tule-mukaan\/","og_site_name":"Kainuun el\u00e4insuojeluyhdistys","article_modified_time":"2020-03-06T10:08:22+00:00","og_image":[{"url":"http:\/\/kainuu.sey.fi\/images\/Taytekuvat\/taytekuva_koira_01.png","type":"","width":"","height":""}],"twitter_card":"summary_large_image","twitter_misc":{"Arvioitu lukuaika":"1 minuutti"},"schema":{"@context":"https:\/\/schema.org","@graph":[{"@type":"WebPage","@id":"https:\/\/sey.fi\/kainuu\/kainuun-elainsuojeluyhdistys\/tule-mukaan\/","url":"https:\/\/sey.fi\/kainuu\/kainuun-elainsuojeluyhdistys\/tule-mukaan\/","name":"Tule mukaan - Kainuun el\u00e4insuojeluyhdistys","isPartOf":{"@id":"https:\/\/sey.fi\/kainuu\/#website"},"primaryImageOfPage":{"@id":"https:\/\/sey.fi\/kainuu\/kainuun-elainsuojeluyhdistys\/tule-mukaan\/#primaryimage"},"image":{"@id":"https:\/\/sey.fi\/kainuu\/kainuun-elainsuojeluyhdistys\/tule-mukaan\/#primaryimage"},"thumbnailUrl":"http:\/\/kainuu.sey.fi\/images\/Taytekuvat\/taytekuva_koira_01.png","datePublished":"2019-10-24T13:59:20+00:00","dateModified":"2020-03-06T10:08:22+00:00","breadcrumb":{"@id":"https:\/\/sey.fi\/kainuu\/kainuun-elainsuojeluyhdistys\/tule-mukaan\/#breadcrumb"},"inLanguage":"fi","potentialAction":[{"@type":"ReadAction","target":["https:\/\/sey.fi\/kainuu\/kainuun-elainsuojeluyhdistys\/tule-mukaan\/"]}]},{"@type":"ImageObject","inLanguage":"fi","@id":"https:\/\/sey.fi\/kainuu\/kainuun-elainsuojeluyhdistys\/tule-mukaan\/#primaryimage","url":"http:\/\/kainuu.sey.fi\/images\/Taytekuvat\/taytekuva_koira_01.png","contentUrl":"http:\/\/kainuu.sey.fi\/images\/Taytekuvat\/taytekuva_koira_01.png"},{"@type":"BreadcrumbList","@id":"https:\/\/sey.fi\/kainuu\/kainuun-elainsuojeluyhdistys\/tule-mukaan\/#breadcrumb","itemListElement":[{"@type":"ListItem","position":1,"name":"Home","item":"https:\/\/sey.fi\/kainuu\/"},{"@type":"ListItem","position":2,"name":"Kainuun el\u00e4insuojeluyhdistys","item":"https:\/\/sey.fi\/kainuu\/"},{"@type":"ListItem","position":3,"name":"Tule mukaan"}]},{"@type":"WebSite","@id":"https:\/\/sey.fi\/kainuu\/#website","url":"https:\/\/sey.fi\/kainuu\/","name":"Kainuun el\u00e4insuojeluyhdistys","description":"Uusi SEY J\u00e4senyhdistykset -sivusto","potentialAction":[{"@type":"SearchAction","target":{"@type":"EntryPoint","urlTemplate":"https:\/\/sey.fi\/kainuu\/?s={search_term_string}"},"query-input":{"@type":"PropertyValueSpecification","valueRequired":true,"valueName":"search_term_string"}}],"inLanguage":"fi"}]}},"_links":{"self":[{"href":"https:\/\/sey.fi\/kainuu\/wp-json\/wp\/v2\/pages\/18","targetHints":{"allow":["GET"]}}],"collection":[{"href":"https:\/\/sey.fi\/kainuu\/wp-json\/wp\/v2\/pages"}],"about":[{"href":"https:\/\/sey.fi\/kainuu\/wp-json\/wp\/v2\/types\/page"}],"author":[{"embeddable":true,"href":"https:\/\/sey.fi\/kainuu\/wp-json\/wp\/v2\/users\/8"}],"replies":[{"embeddable":true,"href":"https:\/\/sey.fi\/kainuu\/wp-json\/wp\/v2\/comments?post=18"}],"version-history":[{"count":3,"href":"https:\/\/sey.fi\/kainuu\/wp-json\/wp\/v2\/pages\/18\/revisions"}],"predecessor-version":[{"id":169,"href":"https:\/\/sey.fi\/kainuu\/wp-json\/wp\/v2\/pages\/18\/revisions\/169"}],"up":[{"embeddable":true,"href":"https:\/\/sey.fi\/kainuu\/wp-json\/wp\/v2\/pages\/2"}],"wp:attachment":[{"href":"https:\/\/sey.fi\/kainuu\/wp-json\/wp\/v2\/media?parent=18"}],"curies":[{"name":"wp","href":"https:\/\/api.w.org\/{rel}","templated":true}]}}