{"id":20,"date":"2019-10-24T16:59:34","date_gmt":"2019-10-24T13:59:34","guid":{"rendered":"http:\/\/srvr10.xetpoint.com\/~seyfi\/kainuu\/?page_id=20"},"modified":"2025-11-14T23:08:20","modified_gmt":"2025-11-14T21:08:20","slug":"yhteystiedot","status":"publish","type":"page","link":"https:\/\/sey.fi\/kainuu\/kainuun-elainsuojeluyhdistys\/yhteystiedot\/","title":{"rendered":"Yhteystiedot"},"content":{"rendered":"\n<p><strong>Kiireellisiss\u00e4 tai h\u00e4t\u00e4tapauksissa ota yhteytt\u00e4 h\u00e4t\u00e4numeroon (112) tai <\/strong><a href=\"https:\/\/www.sotkamo.fi\/asuminen-ja-ymparisto\/kainuun-ymparistoterveyspalvelut\/elainlaakintahuolto\/\" target=\"_blank\" rel=\"noreferrer noopener\"><strong>valvontael\u00e4inl\u00e4\u00e4k\u00e4riin<\/strong>!<\/a> <\/p>\n\n\n\n<p><strong>EL\u00c4INSUOJELUILMOITUKSEN voit tehd\u00e4 valvontael\u00e4inl\u00e4\u00e4k\u00e4rille, SEYn alueellisille el\u00e4insuojeluneuvojille: puh.<\/strong> <strong>040 251 2138&nbsp;<\/strong>tai <strong> 040 219 0960, KESY:n s\u00e4hk\u00f6postiin<\/strong> kainuun.elainsuojeluyhdistys@gmail.com tai <strong>SEY Suomen El\u00e4insuojelun <\/strong><a href=\"https:\/\/sey.fi\/tee-elainsuojeluilmoitus\/\" target=\"_blank\" rel=\"noreferrer noopener\"><strong>s\u00e4hk\u00f6isell\u00e4 lomakkeella<\/strong>.<\/a> <\/p>\n\n\n\n<p>SEYn alueelliset el\u00e4insuojeluneuvojat antavat lis\u00e4ksi ohjausta ja neuvontaa el\u00e4imiin sek\u00e4 el\u00e4inten hyvinvointiin liittyviss\u00e4 kysymyksiss\u00e4. Otathan yhteytt\u00e4, mik\u00e4li Sinulla her\u00e4\u00e4 huoli tai kysymyksi\u00e4 el\u00e4imen tilanteeseen liittyen!<\/p>\n\n\n\n<h2 class=\"wp-block-heading\">KAINUUN EL\u00c4INSUOJELUYHDISTYS RY<\/h2>\n\n\n\n<p>87100 Kajaani<\/p>\n\n\n\n<p><strong>Puheenjohtaja<\/strong> puh. 044 595 1123<\/p>\n\n\n\n<p><strong>Sijaiskoti- ja kodinetsij\u00e4asiat<\/strong> puh. 040 685 0718 (H\u00e4nninen)<\/p>\n\n\n\n<p><strong>S-posti:<\/strong> kainuun.elainsuojeluyhdistys@gmail.com, puheenjohtaja.kesy@gmail.com<\/p>\n\n\n\n<p><strong>Huomioithan,<\/strong> ett\u00e4 vapaaehtoisemme vastaavat puhelimeen ja viesteihin aina mahdollisuuksien mukaan. Mik\u00e4li et saa meit\u00e4 kiinni puhelimitse, voit l\u00e4hett\u00e4\u00e4 my\u00f6s tekstiviestin tai s\u00e4hk\u00f6postia, ja palaamme asiaan mahdollisimman nopeasti. Voit laittaa viestin my\u00f6s Facebook Messengeriss\u00e4 @kainuun.elainsuojeluyhdistys.<\/p>\n\n\n\n<p><\/p>\n\n\n\n<p><strong>Vuokraamme kissaloukkuja: <\/strong><\/p>\n\n\n\n<p><strong>Kajaani<\/strong> 040 6850 718 \/H\u00e4nninen <\/p>\n\n\n\n<p><strong>Suomussalmi<\/strong> 040 5176 469<\/p>\n\n\n\n<p><strong>Kuhmo<\/strong> 044 5749 321 (Yhteydenotot vain WhatsApp-viestill\u00e4! Mik\u00e4li sinulla ei ole k\u00e4yt\u00f6ss\u00e4 WhatsApp-sovellusta, silloin tekstiviestill\u00e4)<\/p>\n\n\n\n<p><\/p>\n\n\n\n<p><\/p>\n\n\n\n<p>Yhdistyksen hallitus ja tarkemmat yhteystiedot l\u00f6yd\u00e4t <a href=\"https:\/\/sey.fi\/kainuu\/kainuun-elainsuojeluyhdistys\/yhdistyksen-toiminta\/hallitus-ja-yhteyshenkilot\/\" target=\"_blank\" rel=\"noreferrer noopener\">t\u00e4\u00e4lt\u00e4<\/a>.<\/p>\n\n\n\n<p>Ota seurantaan my\u00f6s Instagram- ja <a rel=\"noreferrer noopener\" href=\"https:\/\/www.facebook.com\/kainuun.elainsuojeluyhdistys\" target=\"_blank\">Facebook-tilimme<\/a>!<\/p>\n","protected":false},"excerpt":{"rendered":"<p>Kiireellisiss\u00e4 tai h\u00e4t\u00e4tapauksissa ota yhteytt\u00e4 h\u00e4t\u00e4numeroon (112) tai valvontael\u00e4inl\u00e4\u00e4k\u00e4riin! EL\u00c4INSUOJELUILMOITUKSEN voit tehd\u00e4 valvontael\u00e4inl\u00e4\u00e4k\u00e4rille, SEYn alueellisille el\u00e4insuojeluneuvojille: puh. 040 251 2138&nbsp;tai 040 219 0960, KESY:n s\u00e4hk\u00f6postiin kainuun.elainsuojeluyhdistys@gmail.com tai SEY Suomen El\u00e4insuojelun s\u00e4hk\u00f6isell\u00e4 lomakkeella. SEYn alueelliset el\u00e4insuojeluneuvojat antavat lis\u00e4ksi ohjausta ja neuvontaa el\u00e4imiin sek\u00e4 el\u00e4inten hyvinvointiin liittyviss\u00e4 kysymyksiss\u00e4. Otathan yhteytt\u00e4, mik\u00e4li Sinulla her\u00e4\u00e4 huoli tai kysymyksi\u00e4 el\u00e4imen [&hellip;]<\/p>\n","protected":false},"author":8,"featured_media":0,"parent":2,"menu_order":0,"comment_status":"closed","ping_status":"closed","template":"","meta":{"_acf_changed":false,"footnotes":""},"class_list":["post-20","page","type-page","status-publish","hentry"],"acf":[],"yoast_head":"<!-- This site is optimized with the Yoast SEO plugin v27.1.1 - https:\/\/yoast.com\/product\/yoast-seo-wordpress\/ -->\n<title>Yhteystiedot - Kainuun el\u00e4insuojeluyhdistys<\/title>\n<meta name=\"robots\" content=\"index, follow, max-snippet:-1, max-image-preview:large, max-video-preview:-1\" \/>\n<link rel=\"canonical\" href=\"https:\/\/sey.fi\/kainuu\/kainuun-elainsuojeluyhdistys\/yhteystiedot\/\" \/>\n<meta property=\"og:locale\" content=\"fi_FI\" \/>\n<meta property=\"og:type\" content=\"article\" \/>\n<meta property=\"og:title\" content=\"Yhteystiedot - Kainuun el\u00e4insuojeluyhdistys\" \/>\n<meta property=\"og:description\" content=\"Kiireellisiss\u00e4 tai h\u00e4t\u00e4tapauksissa ota yhteytt\u00e4 h\u00e4t\u00e4numeroon (112) tai valvontael\u00e4inl\u00e4\u00e4k\u00e4riin! EL\u00c4INSUOJELUILMOITUKSEN voit tehd\u00e4 valvontael\u00e4inl\u00e4\u00e4k\u00e4rille, SEYn alueellisille el\u00e4insuojeluneuvojille: puh. 040 251 2138&nbsp;tai 040 219 0960, KESY:n s\u00e4hk\u00f6postiin kainuun.elainsuojeluyhdistys@gmail.com tai SEY Suomen El\u00e4insuojelun s\u00e4hk\u00f6isell\u00e4 lomakkeella. SEYn alueelliset el\u00e4insuojeluneuvojat antavat lis\u00e4ksi ohjausta ja neuvontaa el\u00e4imiin sek\u00e4 el\u00e4inten hyvinvointiin liittyviss\u00e4 kysymyksiss\u00e4. Otathan yhteytt\u00e4, mik\u00e4li Sinulla her\u00e4\u00e4 huoli tai kysymyksi\u00e4 el\u00e4imen [&hellip;]\" \/>\n<meta property=\"og:url\" content=\"https:\/\/sey.fi\/kainuu\/kainuun-elainsuojeluyhdistys\/yhteystiedot\/\" \/>\n<meta property=\"og:site_name\" content=\"Kainuun el\u00e4insuojeluyhdistys\" \/>\n<meta property=\"article:modified_time\" content=\"2025-11-14T21:08:20+00:00\" \/>\n<meta name=\"twitter:card\" content=\"summary_large_image\" \/>\n<meta name=\"twitter:label1\" content=\"Arvioitu lukuaika\" \/>\n\t<meta name=\"twitter:data1\" content=\"1 minuutti\" \/>\n<script type=\"application\/ld+json\" class=\"yoast-schema-graph\">{\"@context\":\"https:\/\/schema.org\",\"@graph\":[{\"@type\":\"WebPage\",\"@id\":\"https:\/\/sey.fi\/kainuu\/kainuun-elainsuojeluyhdistys\/yhteystiedot\/\",\"url\":\"https:\/\/sey.fi\/kainuu\/kainuun-elainsuojeluyhdistys\/yhteystiedot\/\",\"name\":\"Yhteystiedot - Kainuun el\u00e4insuojeluyhdistys\",\"isPartOf\":{\"@id\":\"https:\/\/sey.fi\/kainuu\/#website\"},\"datePublished\":\"2019-10-24T13:59:34+00:00\",\"dateModified\":\"2025-11-14T21:08:20+00:00\",\"breadcrumb\":{\"@id\":\"https:\/\/sey.fi\/kainuu\/kainuun-elainsuojeluyhdistys\/yhteystiedot\/#breadcrumb\"},\"inLanguage\":\"fi\",\"potentialAction\":[{\"@type\":\"ReadAction\",\"target\":[\"https:\/\/sey.fi\/kainuu\/kainuun-elainsuojeluyhdistys\/yhteystiedot\/\"]}]},{\"@type\":\"BreadcrumbList\",\"@id\":\"https:\/\/sey.fi\/kainuu\/kainuun-elainsuojeluyhdistys\/yhteystiedot\/#breadcrumb\",\"itemListElement\":[{\"@type\":\"ListItem\",\"position\":1,\"name\":\"Home\",\"item\":\"https:\/\/sey.fi\/kainuu\/\"},{\"@type\":\"ListItem\",\"position\":2,\"name\":\"Kainuun el\u00e4insuojeluyhdistys\",\"item\":\"https:\/\/sey.fi\/kainuu\/\"},{\"@type\":\"ListItem\",\"position\":3,\"name\":\"Yhteystiedot\"}]},{\"@type\":\"WebSite\",\"@id\":\"https:\/\/sey.fi\/kainuu\/#website\",\"url\":\"https:\/\/sey.fi\/kainuu\/\",\"name\":\"Kainuun el\u00e4insuojeluyhdistys\",\"description\":\"Uusi SEY J\u00e4senyhdistykset -sivusto\",\"potentialAction\":[{\"@type\":\"SearchAction\",\"target\":{\"@type\":\"EntryPoint\",\"urlTemplate\":\"https:\/\/sey.fi\/kainuu\/?s={search_term_string}\"},\"query-input\":{\"@type\":\"PropertyValueSpecification\",\"valueRequired\":true,\"valueName\":\"search_term_string\"}}],\"inLanguage\":\"fi\"}]}<\/script>\n<!-- \/ Yoast SEO plugin. -->","yoast_head_json":{"title":"Yhteystiedot - Kainuun el\u00e4insuojeluyhdistys","robots":{"index":"index","follow":"follow","max-snippet":"max-snippet:-1","max-image-preview":"max-image-preview:large","max-video-preview":"max-video-preview:-1"},"canonical":"https:\/\/sey.fi\/kainuu\/kainuun-elainsuojeluyhdistys\/yhteystiedot\/","og_locale":"fi_FI","og_type":"article","og_title":"Yhteystiedot - Kainuun el\u00e4insuojeluyhdistys","og_description":"Kiireellisiss\u00e4 tai h\u00e4t\u00e4tapauksissa ota yhteytt\u00e4 h\u00e4t\u00e4numeroon (112) tai valvontael\u00e4inl\u00e4\u00e4k\u00e4riin! EL\u00c4INSUOJELUILMOITUKSEN voit tehd\u00e4 valvontael\u00e4inl\u00e4\u00e4k\u00e4rille, SEYn alueellisille el\u00e4insuojeluneuvojille: puh. 040 251 2138&nbsp;tai 040 219 0960, KESY:n s\u00e4hk\u00f6postiin kainuun.elainsuojeluyhdistys@gmail.com tai SEY Suomen El\u00e4insuojelun s\u00e4hk\u00f6isell\u00e4 lomakkeella. SEYn alueelliset el\u00e4insuojeluneuvojat antavat lis\u00e4ksi ohjausta ja neuvontaa el\u00e4imiin sek\u00e4 el\u00e4inten hyvinvointiin liittyviss\u00e4 kysymyksiss\u00e4. Otathan yhteytt\u00e4, mik\u00e4li Sinulla her\u00e4\u00e4 huoli tai kysymyksi\u00e4 el\u00e4imen [&hellip;]","og_url":"https:\/\/sey.fi\/kainuu\/kainuun-elainsuojeluyhdistys\/yhteystiedot\/","og_site_name":"Kainuun el\u00e4insuojeluyhdistys","article_modified_time":"2025-11-14T21:08:20+00:00","twitter_card":"summary_large_image","twitter_misc":{"Arvioitu lukuaika":"1 minuutti"},"schema":{"@context":"https:\/\/schema.org","@graph":[{"@type":"WebPage","@id":"https:\/\/sey.fi\/kainuu\/kainuun-elainsuojeluyhdistys\/yhteystiedot\/","url":"https:\/\/sey.fi\/kainuu\/kainuun-elainsuojeluyhdistys\/yhteystiedot\/","name":"Yhteystiedot - Kainuun el\u00e4insuojeluyhdistys","isPartOf":{"@id":"https:\/\/sey.fi\/kainuu\/#website"},"datePublished":"2019-10-24T13:59:34+00:00","dateModified":"2025-11-14T21:08:20+00:00","breadcrumb":{"@id":"https:\/\/sey.fi\/kainuu\/kainuun-elainsuojeluyhdistys\/yhteystiedot\/#breadcrumb"},"inLanguage":"fi","potentialAction":[{"@type":"ReadAction","target":["https:\/\/sey.fi\/kainuu\/kainuun-elainsuojeluyhdistys\/yhteystiedot\/"]}]},{"@type":"BreadcrumbList","@id":"https:\/\/sey.fi\/kainuu\/kainuun-elainsuojeluyhdistys\/yhteystiedot\/#breadcrumb","itemListElement":[{"@type":"ListItem","position":1,"name":"Home","item":"https:\/\/sey.fi\/kainuu\/"},{"@type":"ListItem","position":2,"name":"Kainuun el\u00e4insuojeluyhdistys","item":"https:\/\/sey.fi\/kainuu\/"},{"@type":"ListItem","position":3,"name":"Yhteystiedot"}]},{"@type":"WebSite","@id":"https:\/\/sey.fi\/kainuu\/#website","url":"https:\/\/sey.fi\/kainuu\/","name":"Kainuun el\u00e4insuojeluyhdistys","description":"Uusi SEY J\u00e4senyhdistykset -sivusto","potentialAction":[{"@type":"SearchAction","target":{"@type":"EntryPoint","urlTemplate":"https:\/\/sey.fi\/kainuu\/?s={search_term_string}"},"query-input":{"@type":"PropertyValueSpecification","valueRequired":true,"valueName":"search_term_string"}}],"inLanguage":"fi"}]}},"_links":{"self":[{"href":"https:\/\/sey.fi\/kainuu\/wp-json\/wp\/v2\/pages\/20","targetHints":{"allow":["GET"]}}],"collection":[{"href":"https:\/\/sey.fi\/kainuu\/wp-json\/wp\/v2\/pages"}],"about":[{"href":"https:\/\/sey.fi\/kainuu\/wp-json\/wp\/v2\/types\/page"}],"author":[{"embeddable":true,"href":"https:\/\/sey.fi\/kainuu\/wp-json\/wp\/v2\/users\/8"}],"replies":[{"embeddable":true,"href":"https:\/\/sey.fi\/kainuu\/wp-json\/wp\/v2\/comments?post=20"}],"version-history":[{"count":28,"href":"https:\/\/sey.fi\/kainuu\/wp-json\/wp\/v2\/pages\/20\/revisions"}],"predecessor-version":[{"id":364,"href":"https:\/\/sey.fi\/kainuu\/wp-json\/wp\/v2\/pages\/20\/revisions\/364"}],"up":[{"embeddable":true,"href":"https:\/\/sey.fi\/kainuu\/wp-json\/wp\/v2\/pages\/2"}],"wp:attachment":[{"href":"https:\/\/sey.fi\/kainuu\/wp-json\/wp\/v2\/media?parent=20"}],"curies":[{"name":"wp","href":"https:\/\/api.w.org\/{rel}","templated":true}]}}