{"id":249,"date":"2022-05-18T19:52:03","date_gmt":"2022-05-18T16:52:03","guid":{"rendered":"https:\/\/sey.fi\/kainuu\/?page_id=249"},"modified":"2022-05-18T19:52:04","modified_gmt":"2022-05-18T16:52:04","slug":"etsimme-sijaiskoteja","status":"publish","type":"page","link":"https:\/\/sey.fi\/kainuu\/etsimme-sijaiskoteja\/","title":{"rendered":"Etsimme sijaiskoteja"},"content":{"rendered":"\n<p>Hei kaikki vapaaehtoistoiminnasta ja el\u00e4inten hoitamisesta kiinnostuneet! <\/p>\n\n\n\n<p>Etsimme parhaillaan sijaiskoteja etenkin kissoille ja koirille.El\u00e4in tulee yhdistykselle tavallisesti omistajansa sairauden, kuoleman tai el\u00e4m\u00e4ntilanteesta johtuvien pitovaikeuksien takia. Joskus el\u00e4in on otettu huostaan viranomaisen p\u00e4\u00e4t\u00f6ksell\u00e4 asiattoman kohtelun takia tai j\u00e4tetty noutamatta l\u00f6yt\u00f6el\u00e4intalosta.<\/p>\n\n\n\n<p>Sijaiskotiajan pituus vaihtelee parista p\u00e4iv\u00e4st\u00e4 useisiin kuukausiin. Tuona aikana el\u00e4imen terveydentila tarkistetaan ja havaitut terveysongelmat hoidetaan. Samoin selvitet\u00e4\u00e4n, millainen el\u00e4in on kyseess\u00e4 ja millaisen kodin se tarvitsisi. Sijaiskotiin tuleva el\u00e4in voi olla koulutettu tai kouluttamaton, yli-innokas tai arka, ylisosiaalinen ilopilleri tai s\u00e4ngyn alle linnoittautuva murinapallo. El\u00e4imell\u00e4 voi olla huonoja kokemuksia ihmisist\u00e4, ja luottamuksen rakentaminen kysyy k\u00e4rsiv\u00e4llisyytt\u00e4 ja aikaa.<\/p>\n\n\n\n<p>Sijaiskotina olo voi siis olla haastavaa mutta se on varmasti my\u00f6s palkitsevaa. Palkinto tulee siin\u00e4, kun karvatassu alkaa luottaa sijaisihmiseens\u00e4: kissa ei en\u00e4\u00e4 sihise sohvan alla ja koira alkaa pikkuhiljaa kuunnella, mit\u00e4 sijaisis\u00e4nt\u00e4 tai -em\u00e4nt\u00e4 sanoo. Murinapallon ensimm\u00e4inen kehr\u00e4ys tai ex-pelokkaan koiran kuolainen ilopusu on liikuttava hetki. <\/p>\n\n\n\n<p>Sijaiskodilta odotamme ko. lajin perustuntemusta. Mik\u00e4\u00e4n kaikki solmut avaava el\u00e4intieteen houdini ei siis tarvitse olla. Yhdistyksell\u00e4 on lis\u00e4ksi hyv\u00e4 porukka auttamassa ja neuvomassa kaikenlaisissa tilanteissa.Yhdistys korvaa kaikki sijaiskotikulut. Lainaamme tarpeellisia tarvikkeita. Ruoan ja muun kulutustavaran toimitamme sijaiskotiin tai korvaamme niiden ostot kuitteja vastaan.<\/p>\n\n\n\n<p>Ota yhteytt\u00e4 sijaiskotivastaavaamme Sirpa H\u00e4nniseen joko s-postilla sipukka123@gmail.com tai puh. 040 6850718 (klo 16 j\u00e4lkeen).<\/p>\n","protected":false},"excerpt":{"rendered":"<p>Hei kaikki vapaaehtoistoiminnasta ja el\u00e4inten hoitamisesta kiinnostuneet! Etsimme parhaillaan sijaiskoteja etenkin kissoille ja koirille.El\u00e4in tulee yhdistykselle tavallisesti omistajansa sairauden, kuoleman tai el\u00e4m\u00e4ntilanteesta johtuvien pitovaikeuksien takia. Joskus el\u00e4in on otettu huostaan viranomaisen p\u00e4\u00e4t\u00f6ksell\u00e4 asiattoman kohtelun takia tai j\u00e4tetty noutamatta l\u00f6yt\u00f6el\u00e4intalosta. Sijaiskotiajan pituus vaihtelee parista p\u00e4iv\u00e4st\u00e4 useisiin kuukausiin. Tuona aikana el\u00e4imen terveydentila tarkistetaan ja havaitut terveysongelmat hoidetaan. [&hellip;]<\/p>\n","protected":false},"author":14,"featured_media":0,"parent":0,"menu_order":0,"comment_status":"closed","ping_status":"closed","template":"","meta":{"_acf_changed":false,"footnotes":""},"class_list":["post-249","page","type-page","status-publish","hentry"],"acf":[],"yoast_head":"<!-- This site is optimized with the Yoast SEO plugin v27.1.1 - https:\/\/yoast.com\/product\/yoast-seo-wordpress\/ -->\n<title>Etsimme sijaiskoteja - Kainuun el\u00e4insuojeluyhdistys<\/title>\n<meta name=\"robots\" content=\"index, follow, max-snippet:-1, max-image-preview:large, max-video-preview:-1\" \/>\n<link rel=\"canonical\" href=\"https:\/\/sey.fi\/kainuu\/etsimme-sijaiskoteja\/\" \/>\n<meta property=\"og:locale\" content=\"fi_FI\" \/>\n<meta property=\"og:type\" content=\"article\" \/>\n<meta property=\"og:title\" content=\"Etsimme sijaiskoteja - Kainuun el\u00e4insuojeluyhdistys\" \/>\n<meta property=\"og:description\" content=\"Hei kaikki vapaaehtoistoiminnasta ja el\u00e4inten hoitamisesta kiinnostuneet! Etsimme parhaillaan sijaiskoteja etenkin kissoille ja koirille.El\u00e4in tulee yhdistykselle tavallisesti omistajansa sairauden, kuoleman tai el\u00e4m\u00e4ntilanteesta johtuvien pitovaikeuksien takia. Joskus el\u00e4in on otettu huostaan viranomaisen p\u00e4\u00e4t\u00f6ksell\u00e4 asiattoman kohtelun takia tai j\u00e4tetty noutamatta l\u00f6yt\u00f6el\u00e4intalosta. Sijaiskotiajan pituus vaihtelee parista p\u00e4iv\u00e4st\u00e4 useisiin kuukausiin. Tuona aikana el\u00e4imen terveydentila tarkistetaan ja havaitut terveysongelmat hoidetaan. [&hellip;]\" \/>\n<meta property=\"og:url\" content=\"https:\/\/sey.fi\/kainuu\/etsimme-sijaiskoteja\/\" \/>\n<meta property=\"og:site_name\" content=\"Kainuun el\u00e4insuojeluyhdistys\" \/>\n<meta property=\"article:modified_time\" content=\"2022-05-18T16:52:04+00:00\" \/>\n<meta name=\"twitter:card\" content=\"summary_large_image\" \/>\n<meta name=\"twitter:label1\" content=\"Arvioitu lukuaika\" \/>\n\t<meta name=\"twitter:data1\" content=\"2 minuuttia\" \/>\n<script type=\"application\/ld+json\" class=\"yoast-schema-graph\">{\"@context\":\"https:\/\/schema.org\",\"@graph\":[{\"@type\":\"WebPage\",\"@id\":\"https:\/\/sey.fi\/kainuu\/etsimme-sijaiskoteja\/\",\"url\":\"https:\/\/sey.fi\/kainuu\/etsimme-sijaiskoteja\/\",\"name\":\"Etsimme sijaiskoteja - Kainuun el\u00e4insuojeluyhdistys\",\"isPartOf\":{\"@id\":\"https:\/\/sey.fi\/kainuu\/#website\"},\"datePublished\":\"2022-05-18T16:52:03+00:00\",\"dateModified\":\"2022-05-18T16:52:04+00:00\",\"breadcrumb\":{\"@id\":\"https:\/\/sey.fi\/kainuu\/etsimme-sijaiskoteja\/#breadcrumb\"},\"inLanguage\":\"fi\",\"potentialAction\":[{\"@type\":\"ReadAction\",\"target\":[\"https:\/\/sey.fi\/kainuu\/etsimme-sijaiskoteja\/\"]}]},{\"@type\":\"BreadcrumbList\",\"@id\":\"https:\/\/sey.fi\/kainuu\/etsimme-sijaiskoteja\/#breadcrumb\",\"itemListElement\":[{\"@type\":\"ListItem\",\"position\":1,\"name\":\"Home\",\"item\":\"https:\/\/sey.fi\/kainuu\/\"},{\"@type\":\"ListItem\",\"position\":2,\"name\":\"Etsimme sijaiskoteja\"}]},{\"@type\":\"WebSite\",\"@id\":\"https:\/\/sey.fi\/kainuu\/#website\",\"url\":\"https:\/\/sey.fi\/kainuu\/\",\"name\":\"Kainuun el\u00e4insuojeluyhdistys\",\"description\":\"Uusi SEY J\u00e4senyhdistykset -sivusto\",\"potentialAction\":[{\"@type\":\"SearchAction\",\"target\":{\"@type\":\"EntryPoint\",\"urlTemplate\":\"https:\/\/sey.fi\/kainuu\/?s={search_term_string}\"},\"query-input\":{\"@type\":\"PropertyValueSpecification\",\"valueRequired\":true,\"valueName\":\"search_term_string\"}}],\"inLanguage\":\"fi\"}]}<\/script>\n<!-- \/ Yoast SEO plugin. -->","yoast_head_json":{"title":"Etsimme sijaiskoteja - Kainuun el\u00e4insuojeluyhdistys","robots":{"index":"index","follow":"follow","max-snippet":"max-snippet:-1","max-image-preview":"max-image-preview:large","max-video-preview":"max-video-preview:-1"},"canonical":"https:\/\/sey.fi\/kainuu\/etsimme-sijaiskoteja\/","og_locale":"fi_FI","og_type":"article","og_title":"Etsimme sijaiskoteja - Kainuun el\u00e4insuojeluyhdistys","og_description":"Hei kaikki vapaaehtoistoiminnasta ja el\u00e4inten hoitamisesta kiinnostuneet! Etsimme parhaillaan sijaiskoteja etenkin kissoille ja koirille.El\u00e4in tulee yhdistykselle tavallisesti omistajansa sairauden, kuoleman tai el\u00e4m\u00e4ntilanteesta johtuvien pitovaikeuksien takia. Joskus el\u00e4in on otettu huostaan viranomaisen p\u00e4\u00e4t\u00f6ksell\u00e4 asiattoman kohtelun takia tai j\u00e4tetty noutamatta l\u00f6yt\u00f6el\u00e4intalosta. Sijaiskotiajan pituus vaihtelee parista p\u00e4iv\u00e4st\u00e4 useisiin kuukausiin. Tuona aikana el\u00e4imen terveydentila tarkistetaan ja havaitut terveysongelmat hoidetaan. [&hellip;]","og_url":"https:\/\/sey.fi\/kainuu\/etsimme-sijaiskoteja\/","og_site_name":"Kainuun el\u00e4insuojeluyhdistys","article_modified_time":"2022-05-18T16:52:04+00:00","twitter_card":"summary_large_image","twitter_misc":{"Arvioitu lukuaika":"2 minuuttia"},"schema":{"@context":"https:\/\/schema.org","@graph":[{"@type":"WebPage","@id":"https:\/\/sey.fi\/kainuu\/etsimme-sijaiskoteja\/","url":"https:\/\/sey.fi\/kainuu\/etsimme-sijaiskoteja\/","name":"Etsimme sijaiskoteja - Kainuun el\u00e4insuojeluyhdistys","isPartOf":{"@id":"https:\/\/sey.fi\/kainuu\/#website"},"datePublished":"2022-05-18T16:52:03+00:00","dateModified":"2022-05-18T16:52:04+00:00","breadcrumb":{"@id":"https:\/\/sey.fi\/kainuu\/etsimme-sijaiskoteja\/#breadcrumb"},"inLanguage":"fi","potentialAction":[{"@type":"ReadAction","target":["https:\/\/sey.fi\/kainuu\/etsimme-sijaiskoteja\/"]}]},{"@type":"BreadcrumbList","@id":"https:\/\/sey.fi\/kainuu\/etsimme-sijaiskoteja\/#breadcrumb","itemListElement":[{"@type":"ListItem","position":1,"name":"Home","item":"https:\/\/sey.fi\/kainuu\/"},{"@type":"ListItem","position":2,"name":"Etsimme sijaiskoteja"}]},{"@type":"WebSite","@id":"https:\/\/sey.fi\/kainuu\/#website","url":"https:\/\/sey.fi\/kainuu\/","name":"Kainuun el\u00e4insuojeluyhdistys","description":"Uusi SEY J\u00e4senyhdistykset -sivusto","potentialAction":[{"@type":"SearchAction","target":{"@type":"EntryPoint","urlTemplate":"https:\/\/sey.fi\/kainuu\/?s={search_term_string}"},"query-input":{"@type":"PropertyValueSpecification","valueRequired":true,"valueName":"search_term_string"}}],"inLanguage":"fi"}]}},"_links":{"self":[{"href":"https:\/\/sey.fi\/kainuu\/wp-json\/wp\/v2\/pages\/249","targetHints":{"allow":["GET"]}}],"collection":[{"href":"https:\/\/sey.fi\/kainuu\/wp-json\/wp\/v2\/pages"}],"about":[{"href":"https:\/\/sey.fi\/kainuu\/wp-json\/wp\/v2\/types\/page"}],"author":[{"embeddable":true,"href":"https:\/\/sey.fi\/kainuu\/wp-json\/wp\/v2\/users\/14"}],"replies":[{"embeddable":true,"href":"https:\/\/sey.fi\/kainuu\/wp-json\/wp\/v2\/comments?post=249"}],"version-history":[{"count":1,"href":"https:\/\/sey.fi\/kainuu\/wp-json\/wp\/v2\/pages\/249\/revisions"}],"predecessor-version":[{"id":250,"href":"https:\/\/sey.fi\/kainuu\/wp-json\/wp\/v2\/pages\/249\/revisions\/250"}],"wp:attachment":[{"href":"https:\/\/sey.fi\/kainuu\/wp-json\/wp\/v2\/media?parent=249"}],"curies":[{"name":"wp","href":"https:\/\/api.w.org\/{rel}","templated":true}]}}