{"id":44,"date":"2019-10-28T12:17:10","date_gmt":"2019-10-28T10:17:10","guid":{"rendered":"http:\/\/srvr10.xetpoint.com\/~seyfi\/kainuu\/?page_id=44"},"modified":"2023-02-19T13:05:50","modified_gmt":"2023-02-19T11:05:50","slug":"neuvot-ja-ohjeet-2","status":"publish","type":"page","link":"https:\/\/sey.fi\/kainuu\/kainuun-elainsuojeluyhdistys\/neuvot-ja-ohjeet-2\/","title":{"rendered":"Neuvot ja ohjeet"},"content":{"rendered":"\n<p>Jos ep\u00e4ilet el\u00e4inten huonoa kohtelua, puutu asiaan! Jokainen meist\u00e4 voi yritt\u00e4\u00e4 neuvoa el\u00e4imen omistajaa.&nbsp;<a rel=\"noreferrer noopener\" href=\"http:\/\/www.sey.fi\/\" target=\"_blank\">Suomen el\u00e4insuojelu<\/a>n sivuilla&nbsp;on kattava tietopankki el\u00e4inten hyvinvointiin liittyvist\u00e4 asioista.<br><br><strong>Mik\u00e4li tilanteeseen ei tule muutosta, tee EL\u00c4INSUOJELUILMOITUS ottamalla yhteytt\u00e4:<\/strong><\/p>\n\n\n\n<ul class=\"wp-block-list\"><li>SEY Suomen el\u00e4insuojelun\u00a0<a href=\"https:\/\/sey.fi\/elainsuojeluneuvojat\/\">alueelliseen el\u00e4insuojeluneuvojaan<\/a> Kainuussa<\/li><li><a href=\"https:\/\/www.sotkamo.fi\/asuminen-ja-ymparisto\/kainuun-ymparistoterveyspalvelut\/elainlaakintahuolto\/\" target=\"_blank\" rel=\"noreferrer noopener\">Valvontael\u00e4inl\u00e4\u00e4k\u00e4riin<\/a><\/li><li>Valvontael\u00e4inl\u00e4\u00e4k\u00e4rin ohella my\u00f6s poliisi on el\u00e4insuojeluviranomainen ja osaa koordinoida jatkotoimenpiteit\u00e4 (puh. 112)<\/li><li>Ilmoituksen voi tehd\u00e4 my\u00f6s Suomen el\u00e4insuojelun\u00a0<a rel=\"noreferrer noopener\" href=\"http:\/\/www.sey.fi\/yhteystiedot\/sahkoinen-elainsuojeluilmoitus\" target=\"_blank\">s\u00e4hk\u00f6isell\u00e4 lomakkeella<\/a><\/li><\/ul>\n\n\n\n<p>Ilmoittajan tiedot s\u00e4ilytet\u00e4\u00e4n aina luottamuksellisina.  Tarkastuksissa neuvot ja ohjeet el\u00e4imen hyv\u00e4st\u00e4 el\u00e4imenpidosta usein riitt\u00e4v\u00e4t tilanteen parantamiseksi. Valitettavasti joskus tulee ilmi my\u00f6s huomattavasti vakavampia tapauksia. El\u00e4imet ovat voineet k\u00e4rsi\u00e4 pitk\u00e4\u00e4nkin, koska kukaan ei ole rohjennut tehd\u00e4 ilmoitusta aiemmin.<\/p>\n\n\n\n<p><strong>&#8221;Paras el\u00e4insuojeluk\u00e4ynti on sellainen, jossa ei olekaan mit\u00e4\u00e4n h\u00e4t\u00e4n\u00e4.&#8221;<\/strong>&nbsp;<em>-el\u00e4insuojeluneuvoja<\/em><\/p>\n","protected":false},"excerpt":{"rendered":"<p>Jos ep\u00e4ilet el\u00e4inten huonoa kohtelua, puutu asiaan! Jokainen meist\u00e4 voi yritt\u00e4\u00e4 neuvoa el\u00e4imen omistajaa.&nbsp;Suomen el\u00e4insuojelun sivuilla&nbsp;on kattava tietopankki el\u00e4inten hyvinvointiin liittyvist\u00e4 asioista. Mik\u00e4li tilanteeseen ei tule muutosta, tee EL\u00c4INSUOJELUILMOITUS ottamalla yhteytt\u00e4: SEY Suomen el\u00e4insuojelun\u00a0alueelliseen el\u00e4insuojeluneuvojaan Kainuussa Valvontael\u00e4inl\u00e4\u00e4k\u00e4riin Valvontael\u00e4inl\u00e4\u00e4k\u00e4rin ohella my\u00f6s poliisi on el\u00e4insuojeluviranomainen ja osaa koordinoida jatkotoimenpiteit\u00e4 (puh. 112) Ilmoituksen voi tehd\u00e4 my\u00f6s Suomen el\u00e4insuojelun\u00a0s\u00e4hk\u00f6isell\u00e4 [&hellip;]<\/p>\n","protected":false},"author":8,"featured_media":0,"parent":2,"menu_order":0,"comment_status":"closed","ping_status":"closed","template":"","meta":{"_acf_changed":false,"footnotes":""},"class_list":["post-44","page","type-page","status-publish","hentry"],"acf":[],"yoast_head":"<!-- This site is optimized with the Yoast SEO plugin v27.1.1 - https:\/\/yoast.com\/product\/yoast-seo-wordpress\/ -->\n<title>Neuvot ja ohjeet - Kainuun el\u00e4insuojeluyhdistys<\/title>\n<meta name=\"robots\" content=\"index, follow, max-snippet:-1, max-image-preview:large, max-video-preview:-1\" \/>\n<link rel=\"canonical\" href=\"https:\/\/sey.fi\/kainuu\/kainuun-elainsuojeluyhdistys\/neuvot-ja-ohjeet-2\/\" \/>\n<meta property=\"og:locale\" content=\"fi_FI\" \/>\n<meta property=\"og:type\" content=\"article\" \/>\n<meta property=\"og:title\" content=\"Neuvot ja ohjeet - Kainuun el\u00e4insuojeluyhdistys\" \/>\n<meta property=\"og:description\" content=\"Jos ep\u00e4ilet el\u00e4inten huonoa kohtelua, puutu asiaan! Jokainen meist\u00e4 voi yritt\u00e4\u00e4 neuvoa el\u00e4imen omistajaa.&nbsp;Suomen el\u00e4insuojelun sivuilla&nbsp;on kattava tietopankki el\u00e4inten hyvinvointiin liittyvist\u00e4 asioista. Mik\u00e4li tilanteeseen ei tule muutosta, tee EL\u00c4INSUOJELUILMOITUS ottamalla yhteytt\u00e4: SEY Suomen el\u00e4insuojelun\u00a0alueelliseen el\u00e4insuojeluneuvojaan Kainuussa Valvontael\u00e4inl\u00e4\u00e4k\u00e4riin Valvontael\u00e4inl\u00e4\u00e4k\u00e4rin ohella my\u00f6s poliisi on el\u00e4insuojeluviranomainen ja osaa koordinoida jatkotoimenpiteit\u00e4 (puh. 112) Ilmoituksen voi tehd\u00e4 my\u00f6s Suomen el\u00e4insuojelun\u00a0s\u00e4hk\u00f6isell\u00e4 [&hellip;]\" \/>\n<meta property=\"og:url\" content=\"https:\/\/sey.fi\/kainuu\/kainuun-elainsuojeluyhdistys\/neuvot-ja-ohjeet-2\/\" \/>\n<meta property=\"og:site_name\" content=\"Kainuun el\u00e4insuojeluyhdistys\" \/>\n<meta property=\"article:modified_time\" content=\"2023-02-19T11:05:50+00:00\" \/>\n<meta name=\"twitter:card\" content=\"summary_large_image\" \/>\n<meta name=\"twitter:label1\" content=\"Arvioitu lukuaika\" \/>\n\t<meta name=\"twitter:data1\" content=\"1 minuutti\" \/>\n<script type=\"application\/ld+json\" class=\"yoast-schema-graph\">{\"@context\":\"https:\/\/schema.org\",\"@graph\":[{\"@type\":\"WebPage\",\"@id\":\"https:\/\/sey.fi\/kainuu\/kainuun-elainsuojeluyhdistys\/neuvot-ja-ohjeet-2\/\",\"url\":\"https:\/\/sey.fi\/kainuu\/kainuun-elainsuojeluyhdistys\/neuvot-ja-ohjeet-2\/\",\"name\":\"Neuvot ja ohjeet - Kainuun el\u00e4insuojeluyhdistys\",\"isPartOf\":{\"@id\":\"https:\/\/sey.fi\/kainuu\/#website\"},\"datePublished\":\"2019-10-28T10:17:10+00:00\",\"dateModified\":\"2023-02-19T11:05:50+00:00\",\"breadcrumb\":{\"@id\":\"https:\/\/sey.fi\/kainuu\/kainuun-elainsuojeluyhdistys\/neuvot-ja-ohjeet-2\/#breadcrumb\"},\"inLanguage\":\"fi\",\"potentialAction\":[{\"@type\":\"ReadAction\",\"target\":[\"https:\/\/sey.fi\/kainuu\/kainuun-elainsuojeluyhdistys\/neuvot-ja-ohjeet-2\/\"]}]},{\"@type\":\"BreadcrumbList\",\"@id\":\"https:\/\/sey.fi\/kainuu\/kainuun-elainsuojeluyhdistys\/neuvot-ja-ohjeet-2\/#breadcrumb\",\"itemListElement\":[{\"@type\":\"ListItem\",\"position\":1,\"name\":\"Home\",\"item\":\"https:\/\/sey.fi\/kainuu\/\"},{\"@type\":\"ListItem\",\"position\":2,\"name\":\"Kainuun el\u00e4insuojeluyhdistys\",\"item\":\"https:\/\/sey.fi\/kainuu\/\"},{\"@type\":\"ListItem\",\"position\":3,\"name\":\"Neuvot ja ohjeet\"}]},{\"@type\":\"WebSite\",\"@id\":\"https:\/\/sey.fi\/kainuu\/#website\",\"url\":\"https:\/\/sey.fi\/kainuu\/\",\"name\":\"Kainuun el\u00e4insuojeluyhdistys\",\"description\":\"Uusi SEY J\u00e4senyhdistykset -sivusto\",\"potentialAction\":[{\"@type\":\"SearchAction\",\"target\":{\"@type\":\"EntryPoint\",\"urlTemplate\":\"https:\/\/sey.fi\/kainuu\/?s={search_term_string}\"},\"query-input\":{\"@type\":\"PropertyValueSpecification\",\"valueRequired\":true,\"valueName\":\"search_term_string\"}}],\"inLanguage\":\"fi\"}]}<\/script>\n<!-- \/ Yoast SEO plugin. -->","yoast_head_json":{"title":"Neuvot ja ohjeet - Kainuun el\u00e4insuojeluyhdistys","robots":{"index":"index","follow":"follow","max-snippet":"max-snippet:-1","max-image-preview":"max-image-preview:large","max-video-preview":"max-video-preview:-1"},"canonical":"https:\/\/sey.fi\/kainuu\/kainuun-elainsuojeluyhdistys\/neuvot-ja-ohjeet-2\/","og_locale":"fi_FI","og_type":"article","og_title":"Neuvot ja ohjeet - Kainuun el\u00e4insuojeluyhdistys","og_description":"Jos ep\u00e4ilet el\u00e4inten huonoa kohtelua, puutu asiaan! Jokainen meist\u00e4 voi yritt\u00e4\u00e4 neuvoa el\u00e4imen omistajaa.&nbsp;Suomen el\u00e4insuojelun sivuilla&nbsp;on kattava tietopankki el\u00e4inten hyvinvointiin liittyvist\u00e4 asioista. Mik\u00e4li tilanteeseen ei tule muutosta, tee EL\u00c4INSUOJELUILMOITUS ottamalla yhteytt\u00e4: SEY Suomen el\u00e4insuojelun\u00a0alueelliseen el\u00e4insuojeluneuvojaan Kainuussa Valvontael\u00e4inl\u00e4\u00e4k\u00e4riin Valvontael\u00e4inl\u00e4\u00e4k\u00e4rin ohella my\u00f6s poliisi on el\u00e4insuojeluviranomainen ja osaa koordinoida jatkotoimenpiteit\u00e4 (puh. 112) Ilmoituksen voi tehd\u00e4 my\u00f6s Suomen el\u00e4insuojelun\u00a0s\u00e4hk\u00f6isell\u00e4 [&hellip;]","og_url":"https:\/\/sey.fi\/kainuu\/kainuun-elainsuojeluyhdistys\/neuvot-ja-ohjeet-2\/","og_site_name":"Kainuun el\u00e4insuojeluyhdistys","article_modified_time":"2023-02-19T11:05:50+00:00","twitter_card":"summary_large_image","twitter_misc":{"Arvioitu lukuaika":"1 minuutti"},"schema":{"@context":"https:\/\/schema.org","@graph":[{"@type":"WebPage","@id":"https:\/\/sey.fi\/kainuu\/kainuun-elainsuojeluyhdistys\/neuvot-ja-ohjeet-2\/","url":"https:\/\/sey.fi\/kainuu\/kainuun-elainsuojeluyhdistys\/neuvot-ja-ohjeet-2\/","name":"Neuvot ja ohjeet - Kainuun el\u00e4insuojeluyhdistys","isPartOf":{"@id":"https:\/\/sey.fi\/kainuu\/#website"},"datePublished":"2019-10-28T10:17:10+00:00","dateModified":"2023-02-19T11:05:50+00:00","breadcrumb":{"@id":"https:\/\/sey.fi\/kainuu\/kainuun-elainsuojeluyhdistys\/neuvot-ja-ohjeet-2\/#breadcrumb"},"inLanguage":"fi","potentialAction":[{"@type":"ReadAction","target":["https:\/\/sey.fi\/kainuu\/kainuun-elainsuojeluyhdistys\/neuvot-ja-ohjeet-2\/"]}]},{"@type":"BreadcrumbList","@id":"https:\/\/sey.fi\/kainuu\/kainuun-elainsuojeluyhdistys\/neuvot-ja-ohjeet-2\/#breadcrumb","itemListElement":[{"@type":"ListItem","position":1,"name":"Home","item":"https:\/\/sey.fi\/kainuu\/"},{"@type":"ListItem","position":2,"name":"Kainuun el\u00e4insuojeluyhdistys","item":"https:\/\/sey.fi\/kainuu\/"},{"@type":"ListItem","position":3,"name":"Neuvot ja ohjeet"}]},{"@type":"WebSite","@id":"https:\/\/sey.fi\/kainuu\/#website","url":"https:\/\/sey.fi\/kainuu\/","name":"Kainuun el\u00e4insuojeluyhdistys","description":"Uusi SEY J\u00e4senyhdistykset -sivusto","potentialAction":[{"@type":"SearchAction","target":{"@type":"EntryPoint","urlTemplate":"https:\/\/sey.fi\/kainuu\/?s={search_term_string}"},"query-input":{"@type":"PropertyValueSpecification","valueRequired":true,"valueName":"search_term_string"}}],"inLanguage":"fi"}]}},"_links":{"self":[{"href":"https:\/\/sey.fi\/kainuu\/wp-json\/wp\/v2\/pages\/44","targetHints":{"allow":["GET"]}}],"collection":[{"href":"https:\/\/sey.fi\/kainuu\/wp-json\/wp\/v2\/pages"}],"about":[{"href":"https:\/\/sey.fi\/kainuu\/wp-json\/wp\/v2\/types\/page"}],"author":[{"embeddable":true,"href":"https:\/\/sey.fi\/kainuu\/wp-json\/wp\/v2\/users\/8"}],"replies":[{"embeddable":true,"href":"https:\/\/sey.fi\/kainuu\/wp-json\/wp\/v2\/comments?post=44"}],"version-history":[{"count":10,"href":"https:\/\/sey.fi\/kainuu\/wp-json\/wp\/v2\/pages\/44\/revisions"}],"predecessor-version":[{"id":284,"href":"https:\/\/sey.fi\/kainuu\/wp-json\/wp\/v2\/pages\/44\/revisions\/284"}],"up":[{"embeddable":true,"href":"https:\/\/sey.fi\/kainuu\/wp-json\/wp\/v2\/pages\/2"}],"wp:attachment":[{"href":"https:\/\/sey.fi\/kainuu\/wp-json\/wp\/v2\/media?parent=44"}],"curies":[{"name":"wp","href":"https:\/\/api.w.org\/{rel}","templated":true}]}}