{"id":46,"date":"2019-10-28T12:18:43","date_gmt":"2019-10-28T10:18:43","guid":{"rendered":"http:\/\/srvr10.xetpoint.com\/~seyfi\/kainuu\/?page_id=46"},"modified":"2023-02-19T12:13:02","modified_gmt":"2023-02-19T10:13:02","slug":"ensiapu","status":"publish","type":"page","link":"https:\/\/sey.fi\/kainuu\/kainuun-elainsuojeluyhdistys\/neuvot-ja-ohjeet-2\/ensiapu\/","title":{"rendered":"Ensiapu"},"content":{"rendered":"\n<p>Jotta mahdollisesti pelastaisimme el\u00e4imen hengen, lievitt\u00e4isimme tuskia ja est\u00e4isimme lis\u00e4vauriot on el\u00e4imelle annettava ensiapu t\u00e4rke\u00e4\u00e4.&nbsp;<\/p>\n\n\n\n<hr class=\"wp-block-separator\" \/>\n\n\n\n<h2 class=\"wp-block-heading\"><br>Tied\u00e4<\/h2>\n\n\n\n<p>Tied\u00e4 kuinka el\u00e4imi\u00e4 tulee ruokkia &#8211; ja mit\u00e4 niille ei koskaan saa antaa. \u00c4l\u00e4 anna el\u00e4imille esimerkiksi&nbsp;lintujen- ja sian luita, pullataikina,&nbsp;<strong>tummaa suklaata&nbsp;tai xylitolia<\/strong>. Pid\u00e4 asunnossasi vain sellaisia kasveja, jotka eiv\u00e4t ole myrkyllisi\u00e4 kotiel\u00e4imille.<\/p>\n\n\n\n<hr class=\"wp-block-separator\" \/>\n\n\n\n<h2 class=\"wp-block-heading\"><br>Varaudu<\/h2>\n\n\n\n<p>Hanki el\u00e4imellesi sopiva<strong>&nbsp;ensiapupakkaus &#8211;<\/strong>&nbsp;valmiita pakkauksia on saatavilla el\u00e4inl\u00e4\u00e4k\u00e4riasemilta, apteekeista, el\u00e4inkaupoista sek\u00e4 isoista marketeista. Muistathan tarkistaa vuosittain, ett\u00e4 nykyinen ensiapupakkauksesi on ajan tasalla!<\/p>\n\n\n\n<p><strong>Onhan puhelimessasi p\u00e4ivyst\u00e4v\u00e4n el\u00e4inl\u00e4\u00e4k\u00e4rin puhelinnumero?\u00a0 <a href=\"https:\/\/www.sotkamo.fi\/asuminen-ja-ymparisto\/kainuun-ymparistoterveyspalvelut\/elainlaakintahuolto\/\">Jos ei, niin lis\u00e4\u00e4 heti!<\/a><\/strong><\/p>\n\n\n\n<hr class=\"wp-block-separator\" \/>\n\n\n\n<h2 class=\"wp-block-heading\"><br>Toimi<\/h2>\n\n\n\n<ul class=\"wp-block-list\"><li><a href=\"http:\/\/www.reviiri.info\/sites\/default\/files\/Ensiapuohjeet.pdf\" target=\"_blank\" rel=\"noreferrer noopener\">Koiran ja kissan ensiapuohjeita<\/a>&nbsp;El\u00e4inl\u00e4\u00e4k\u00e4riasema Reviirin kotisivuilla (.PDF)<\/li><li><a href=\"http:\/\/kainuu.sey.fi\/images\/Dokumentit\/ensiapu.pdf\" target=\"_blank\" rel=\"noreferrer noopener\">Koiran ensiavun ohjeet<\/a>&nbsp;M\u00e4yr\u00e4koiramme -lehdess\u00e4 (.PDF)<\/li><\/ul>\n\n\n\n<p><strong>Tulosta ohje itsellesi ja lue se ajatuksella l\u00e4pi &#8211; ja laita se sitten helposti&nbsp;saatavaan paikkaan kodissasi!<\/strong><\/p>\n","protected":false},"excerpt":{"rendered":"<p>Jotta mahdollisesti pelastaisimme el\u00e4imen hengen, lievitt\u00e4isimme tuskia ja est\u00e4isimme lis\u00e4vauriot on el\u00e4imelle annettava ensiapu t\u00e4rke\u00e4\u00e4.&nbsp; Tied\u00e4 Tied\u00e4 kuinka el\u00e4imi\u00e4 tulee ruokkia &#8211; ja mit\u00e4 niille ei koskaan saa antaa. \u00c4l\u00e4 anna el\u00e4imille esimerkiksi&nbsp;lintujen- ja sian luita, pullataikina,&nbsp;tummaa suklaata&nbsp;tai xylitolia. Pid\u00e4 asunnossasi vain sellaisia kasveja, jotka eiv\u00e4t ole myrkyllisi\u00e4 kotiel\u00e4imille. Varaudu Hanki el\u00e4imellesi sopiva&nbsp;ensiapupakkaus &#8211;&nbsp;valmiita pakkauksia [&hellip;]<\/p>\n","protected":false},"author":8,"featured_media":0,"parent":44,"menu_order":0,"comment_status":"closed","ping_status":"closed","template":"","meta":{"_acf_changed":false,"footnotes":""},"class_list":["post-46","page","type-page","status-publish","hentry"],"acf":[],"yoast_head":"<!-- This site is optimized with the Yoast SEO plugin v27.1.1 - https:\/\/yoast.com\/product\/yoast-seo-wordpress\/ -->\n<title>Ensiapu - Kainuun el\u00e4insuojeluyhdistys<\/title>\n<meta name=\"robots\" content=\"index, follow, max-snippet:-1, max-image-preview:large, max-video-preview:-1\" \/>\n<link rel=\"canonical\" href=\"https:\/\/sey.fi\/kainuu\/kainuun-elainsuojeluyhdistys\/neuvot-ja-ohjeet-2\/ensiapu\/\" \/>\n<meta property=\"og:locale\" content=\"fi_FI\" \/>\n<meta property=\"og:type\" content=\"article\" \/>\n<meta property=\"og:title\" content=\"Ensiapu - Kainuun el\u00e4insuojeluyhdistys\" \/>\n<meta property=\"og:description\" content=\"Jotta mahdollisesti pelastaisimme el\u00e4imen hengen, lievitt\u00e4isimme tuskia ja est\u00e4isimme lis\u00e4vauriot on el\u00e4imelle annettava ensiapu t\u00e4rke\u00e4\u00e4.&nbsp; Tied\u00e4 Tied\u00e4 kuinka el\u00e4imi\u00e4 tulee ruokkia &#8211; ja mit\u00e4 niille ei koskaan saa antaa. \u00c4l\u00e4 anna el\u00e4imille esimerkiksi&nbsp;lintujen- ja sian luita, pullataikina,&nbsp;tummaa suklaata&nbsp;tai xylitolia. Pid\u00e4 asunnossasi vain sellaisia kasveja, jotka eiv\u00e4t ole myrkyllisi\u00e4 kotiel\u00e4imille. Varaudu Hanki el\u00e4imellesi sopiva&nbsp;ensiapupakkaus &#8211;&nbsp;valmiita pakkauksia [&hellip;]\" \/>\n<meta property=\"og:url\" content=\"https:\/\/sey.fi\/kainuu\/kainuun-elainsuojeluyhdistys\/neuvot-ja-ohjeet-2\/ensiapu\/\" \/>\n<meta property=\"og:site_name\" content=\"Kainuun el\u00e4insuojeluyhdistys\" \/>\n<meta property=\"article:modified_time\" content=\"2023-02-19T10:13:02+00:00\" \/>\n<meta name=\"twitter:card\" content=\"summary_large_image\" \/>\n<meta name=\"twitter:label1\" content=\"Arvioitu lukuaika\" \/>\n\t<meta name=\"twitter:data1\" content=\"1 minuutti\" \/>\n<script type=\"application\/ld+json\" class=\"yoast-schema-graph\">{\"@context\":\"https:\/\/schema.org\",\"@graph\":[{\"@type\":\"WebPage\",\"@id\":\"https:\/\/sey.fi\/kainuu\/kainuun-elainsuojeluyhdistys\/neuvot-ja-ohjeet-2\/ensiapu\/\",\"url\":\"https:\/\/sey.fi\/kainuu\/kainuun-elainsuojeluyhdistys\/neuvot-ja-ohjeet-2\/ensiapu\/\",\"name\":\"Ensiapu - Kainuun el\u00e4insuojeluyhdistys\",\"isPartOf\":{\"@id\":\"https:\/\/sey.fi\/kainuu\/#website\"},\"datePublished\":\"2019-10-28T10:18:43+00:00\",\"dateModified\":\"2023-02-19T10:13:02+00:00\",\"breadcrumb\":{\"@id\":\"https:\/\/sey.fi\/kainuu\/kainuun-elainsuojeluyhdistys\/neuvot-ja-ohjeet-2\/ensiapu\/#breadcrumb\"},\"inLanguage\":\"fi\",\"potentialAction\":[{\"@type\":\"ReadAction\",\"target\":[\"https:\/\/sey.fi\/kainuu\/kainuun-elainsuojeluyhdistys\/neuvot-ja-ohjeet-2\/ensiapu\/\"]}]},{\"@type\":\"BreadcrumbList\",\"@id\":\"https:\/\/sey.fi\/kainuu\/kainuun-elainsuojeluyhdistys\/neuvot-ja-ohjeet-2\/ensiapu\/#breadcrumb\",\"itemListElement\":[{\"@type\":\"ListItem\",\"position\":1,\"name\":\"Home\",\"item\":\"https:\/\/sey.fi\/kainuu\/\"},{\"@type\":\"ListItem\",\"position\":2,\"name\":\"Kainuun el\u00e4insuojeluyhdistys\",\"item\":\"https:\/\/sey.fi\/kainuu\/\"},{\"@type\":\"ListItem\",\"position\":3,\"name\":\"Neuvot ja ohjeet\",\"item\":\"https:\/\/sey.fi\/kainuu\/kainuun-elainsuojeluyhdistys\/neuvot-ja-ohjeet-2\/\"},{\"@type\":\"ListItem\",\"position\":4,\"name\":\"Ensiapu\"}]},{\"@type\":\"WebSite\",\"@id\":\"https:\/\/sey.fi\/kainuu\/#website\",\"url\":\"https:\/\/sey.fi\/kainuu\/\",\"name\":\"Kainuun el\u00e4insuojeluyhdistys\",\"description\":\"Uusi SEY J\u00e4senyhdistykset -sivusto\",\"potentialAction\":[{\"@type\":\"SearchAction\",\"target\":{\"@type\":\"EntryPoint\",\"urlTemplate\":\"https:\/\/sey.fi\/kainuu\/?s={search_term_string}\"},\"query-input\":{\"@type\":\"PropertyValueSpecification\",\"valueRequired\":true,\"valueName\":\"search_term_string\"}}],\"inLanguage\":\"fi\"}]}<\/script>\n<!-- \/ Yoast SEO plugin. -->","yoast_head_json":{"title":"Ensiapu - Kainuun el\u00e4insuojeluyhdistys","robots":{"index":"index","follow":"follow","max-snippet":"max-snippet:-1","max-image-preview":"max-image-preview:large","max-video-preview":"max-video-preview:-1"},"canonical":"https:\/\/sey.fi\/kainuu\/kainuun-elainsuojeluyhdistys\/neuvot-ja-ohjeet-2\/ensiapu\/","og_locale":"fi_FI","og_type":"article","og_title":"Ensiapu - Kainuun el\u00e4insuojeluyhdistys","og_description":"Jotta mahdollisesti pelastaisimme el\u00e4imen hengen, lievitt\u00e4isimme tuskia ja est\u00e4isimme lis\u00e4vauriot on el\u00e4imelle annettava ensiapu t\u00e4rke\u00e4\u00e4.&nbsp; Tied\u00e4 Tied\u00e4 kuinka el\u00e4imi\u00e4 tulee ruokkia &#8211; ja mit\u00e4 niille ei koskaan saa antaa. \u00c4l\u00e4 anna el\u00e4imille esimerkiksi&nbsp;lintujen- ja sian luita, pullataikina,&nbsp;tummaa suklaata&nbsp;tai xylitolia. Pid\u00e4 asunnossasi vain sellaisia kasveja, jotka eiv\u00e4t ole myrkyllisi\u00e4 kotiel\u00e4imille. Varaudu Hanki el\u00e4imellesi sopiva&nbsp;ensiapupakkaus &#8211;&nbsp;valmiita pakkauksia [&hellip;]","og_url":"https:\/\/sey.fi\/kainuu\/kainuun-elainsuojeluyhdistys\/neuvot-ja-ohjeet-2\/ensiapu\/","og_site_name":"Kainuun el\u00e4insuojeluyhdistys","article_modified_time":"2023-02-19T10:13:02+00:00","twitter_card":"summary_large_image","twitter_misc":{"Arvioitu lukuaika":"1 minuutti"},"schema":{"@context":"https:\/\/schema.org","@graph":[{"@type":"WebPage","@id":"https:\/\/sey.fi\/kainuu\/kainuun-elainsuojeluyhdistys\/neuvot-ja-ohjeet-2\/ensiapu\/","url":"https:\/\/sey.fi\/kainuu\/kainuun-elainsuojeluyhdistys\/neuvot-ja-ohjeet-2\/ensiapu\/","name":"Ensiapu - Kainuun el\u00e4insuojeluyhdistys","isPartOf":{"@id":"https:\/\/sey.fi\/kainuu\/#website"},"datePublished":"2019-10-28T10:18:43+00:00","dateModified":"2023-02-19T10:13:02+00:00","breadcrumb":{"@id":"https:\/\/sey.fi\/kainuu\/kainuun-elainsuojeluyhdistys\/neuvot-ja-ohjeet-2\/ensiapu\/#breadcrumb"},"inLanguage":"fi","potentialAction":[{"@type":"ReadAction","target":["https:\/\/sey.fi\/kainuu\/kainuun-elainsuojeluyhdistys\/neuvot-ja-ohjeet-2\/ensiapu\/"]}]},{"@type":"BreadcrumbList","@id":"https:\/\/sey.fi\/kainuu\/kainuun-elainsuojeluyhdistys\/neuvot-ja-ohjeet-2\/ensiapu\/#breadcrumb","itemListElement":[{"@type":"ListItem","position":1,"name":"Home","item":"https:\/\/sey.fi\/kainuu\/"},{"@type":"ListItem","position":2,"name":"Kainuun el\u00e4insuojeluyhdistys","item":"https:\/\/sey.fi\/kainuu\/"},{"@type":"ListItem","position":3,"name":"Neuvot ja ohjeet","item":"https:\/\/sey.fi\/kainuu\/kainuun-elainsuojeluyhdistys\/neuvot-ja-ohjeet-2\/"},{"@type":"ListItem","position":4,"name":"Ensiapu"}]},{"@type":"WebSite","@id":"https:\/\/sey.fi\/kainuu\/#website","url":"https:\/\/sey.fi\/kainuu\/","name":"Kainuun el\u00e4insuojeluyhdistys","description":"Uusi SEY J\u00e4senyhdistykset -sivusto","potentialAction":[{"@type":"SearchAction","target":{"@type":"EntryPoint","urlTemplate":"https:\/\/sey.fi\/kainuu\/?s={search_term_string}"},"query-input":{"@type":"PropertyValueSpecification","valueRequired":true,"valueName":"search_term_string"}}],"inLanguage":"fi"}]}},"_links":{"self":[{"href":"https:\/\/sey.fi\/kainuu\/wp-json\/wp\/v2\/pages\/46","targetHints":{"allow":["GET"]}}],"collection":[{"href":"https:\/\/sey.fi\/kainuu\/wp-json\/wp\/v2\/pages"}],"about":[{"href":"https:\/\/sey.fi\/kainuu\/wp-json\/wp\/v2\/types\/page"}],"author":[{"embeddable":true,"href":"https:\/\/sey.fi\/kainuu\/wp-json\/wp\/v2\/users\/8"}],"replies":[{"embeddable":true,"href":"https:\/\/sey.fi\/kainuu\/wp-json\/wp\/v2\/comments?post=46"}],"version-history":[{"count":2,"href":"https:\/\/sey.fi\/kainuu\/wp-json\/wp\/v2\/pages\/46\/revisions"}],"predecessor-version":[{"id":276,"href":"https:\/\/sey.fi\/kainuu\/wp-json\/wp\/v2\/pages\/46\/revisions\/276"}],"up":[{"embeddable":true,"href":"https:\/\/sey.fi\/kainuu\/wp-json\/wp\/v2\/pages\/44"}],"wp:attachment":[{"href":"https:\/\/sey.fi\/kainuu\/wp-json\/wp\/v2\/media?parent=46"}],"curies":[{"name":"wp","href":"https:\/\/api.w.org\/{rel}","templated":true}]}}