{"id":49,"date":"2019-10-28T12:19:21","date_gmt":"2019-10-28T10:19:21","guid":{"rendered":"http:\/\/srvr10.xetpoint.com\/~seyfi\/kainuu\/?page_id=49"},"modified":"2019-10-28T12:19:22","modified_gmt":"2019-10-28T10:19:22","slug":"karsiva-elain","status":"publish","type":"page","link":"https:\/\/sey.fi\/kainuu\/kainuun-elainsuojeluyhdistys\/neuvot-ja-ohjeet-2\/karsiva-elain\/","title":{"rendered":"K\u00e4rsiv\u00e4 el\u00e4in"},"content":{"rendered":"\n<p>Luonnonsuojelulain mukaan avutonta, sairasta tai vahingoittunutta el\u00e4int\u00e4 on pyritt\u00e4v\u00e4 auttamaan. Jos kohtaat k\u00e4rsiv\u00e4n el\u00e4imen (koti- tai tuotantoel\u00e4in), ota yhteys omistajaan, mik\u00e4li se on mahdollista selvitt\u00e4\u00e4. My\u00f6s h\u00e4t\u00e4numeroon voi soittaa tai kysy\u00e4 lis\u00e4ohjeita paikallisesta El\u00e4insuojeluyhdistyksest\u00e4. \u00c4l\u00e4 j\u00e4\u00e4 toimettomaksi!<\/p>\n\n\n\n<p>Jos vahingoittuneen el\u00e4imen k\u00e4sittely tai hengiss\u00e4 pit\u00e4minen kuitenkin olisi sille erityisen julmaa, on el\u00e4in lopetettava tai huolehdittava, ett\u00e4 se tulee lopetetuksi. Loukkaantuneen luonnonvaraisen el\u00e4imen voi toimittaa veloituksetta kunnan el\u00e4inl\u00e4\u00e4k\u00e4rille lopetettavaksi.<\/p>\n","protected":false},"excerpt":{"rendered":"<p>Luonnonsuojelulain mukaan avutonta, sairasta tai vahingoittunutta el\u00e4int\u00e4 on pyritt\u00e4v\u00e4 auttamaan. Jos kohtaat k\u00e4rsiv\u00e4n el\u00e4imen (koti- tai tuotantoel\u00e4in), ota yhteys omistajaan, mik\u00e4li se on mahdollista selvitt\u00e4\u00e4. My\u00f6s h\u00e4t\u00e4numeroon voi soittaa tai kysy\u00e4 lis\u00e4ohjeita paikallisesta El\u00e4insuojeluyhdistyksest\u00e4. \u00c4l\u00e4 j\u00e4\u00e4 toimettomaksi! Jos vahingoittuneen el\u00e4imen k\u00e4sittely tai hengiss\u00e4 pit\u00e4minen kuitenkin olisi sille erityisen julmaa, on el\u00e4in lopetettava tai huolehdittava, ett\u00e4 [&hellip;]<\/p>\n","protected":false},"author":8,"featured_media":0,"parent":44,"menu_order":0,"comment_status":"closed","ping_status":"closed","template":"","meta":{"_acf_changed":false,"footnotes":""},"class_list":["post-49","page","type-page","status-publish","hentry"],"acf":[],"yoast_head":"<!-- This site is optimized with the Yoast SEO plugin v27.1.1 - https:\/\/yoast.com\/product\/yoast-seo-wordpress\/ -->\n<title>K\u00e4rsiv\u00e4 el\u00e4in - Kainuun el\u00e4insuojeluyhdistys<\/title>\n<meta name=\"robots\" content=\"index, follow, max-snippet:-1, max-image-preview:large, max-video-preview:-1\" \/>\n<link rel=\"canonical\" href=\"https:\/\/sey.fi\/kainuu\/kainuun-elainsuojeluyhdistys\/neuvot-ja-ohjeet-2\/karsiva-elain\/\" \/>\n<meta property=\"og:locale\" content=\"fi_FI\" \/>\n<meta property=\"og:type\" content=\"article\" \/>\n<meta property=\"og:title\" content=\"K\u00e4rsiv\u00e4 el\u00e4in - Kainuun el\u00e4insuojeluyhdistys\" \/>\n<meta property=\"og:description\" content=\"Luonnonsuojelulain mukaan avutonta, sairasta tai vahingoittunutta el\u00e4int\u00e4 on pyritt\u00e4v\u00e4 auttamaan. Jos kohtaat k\u00e4rsiv\u00e4n el\u00e4imen (koti- tai tuotantoel\u00e4in), ota yhteys omistajaan, mik\u00e4li se on mahdollista selvitt\u00e4\u00e4. My\u00f6s h\u00e4t\u00e4numeroon voi soittaa tai kysy\u00e4 lis\u00e4ohjeita paikallisesta El\u00e4insuojeluyhdistyksest\u00e4. \u00c4l\u00e4 j\u00e4\u00e4 toimettomaksi! Jos vahingoittuneen el\u00e4imen k\u00e4sittely tai hengiss\u00e4 pit\u00e4minen kuitenkin olisi sille erityisen julmaa, on el\u00e4in lopetettava tai huolehdittava, ett\u00e4 [&hellip;]\" \/>\n<meta property=\"og:url\" content=\"https:\/\/sey.fi\/kainuu\/kainuun-elainsuojeluyhdistys\/neuvot-ja-ohjeet-2\/karsiva-elain\/\" \/>\n<meta property=\"og:site_name\" content=\"Kainuun el\u00e4insuojeluyhdistys\" \/>\n<meta property=\"article:modified_time\" content=\"2019-10-28T10:19:22+00:00\" \/>\n<meta name=\"twitter:card\" content=\"summary_large_image\" \/>\n<script type=\"application\/ld+json\" class=\"yoast-schema-graph\">{\"@context\":\"https:\/\/schema.org\",\"@graph\":[{\"@type\":\"WebPage\",\"@id\":\"https:\/\/sey.fi\/kainuu\/kainuun-elainsuojeluyhdistys\/neuvot-ja-ohjeet-2\/karsiva-elain\/\",\"url\":\"https:\/\/sey.fi\/kainuu\/kainuun-elainsuojeluyhdistys\/neuvot-ja-ohjeet-2\/karsiva-elain\/\",\"name\":\"K\u00e4rsiv\u00e4 el\u00e4in - Kainuun el\u00e4insuojeluyhdistys\",\"isPartOf\":{\"@id\":\"https:\/\/sey.fi\/kainuu\/#website\"},\"datePublished\":\"2019-10-28T10:19:21+00:00\",\"dateModified\":\"2019-10-28T10:19:22+00:00\",\"breadcrumb\":{\"@id\":\"https:\/\/sey.fi\/kainuu\/kainuun-elainsuojeluyhdistys\/neuvot-ja-ohjeet-2\/karsiva-elain\/#breadcrumb\"},\"inLanguage\":\"fi\",\"potentialAction\":[{\"@type\":\"ReadAction\",\"target\":[\"https:\/\/sey.fi\/kainuu\/kainuun-elainsuojeluyhdistys\/neuvot-ja-ohjeet-2\/karsiva-elain\/\"]}]},{\"@type\":\"BreadcrumbList\",\"@id\":\"https:\/\/sey.fi\/kainuu\/kainuun-elainsuojeluyhdistys\/neuvot-ja-ohjeet-2\/karsiva-elain\/#breadcrumb\",\"itemListElement\":[{\"@type\":\"ListItem\",\"position\":1,\"name\":\"Home\",\"item\":\"https:\/\/sey.fi\/kainuu\/\"},{\"@type\":\"ListItem\",\"position\":2,\"name\":\"Kainuun el\u00e4insuojeluyhdistys\",\"item\":\"https:\/\/sey.fi\/kainuu\/\"},{\"@type\":\"ListItem\",\"position\":3,\"name\":\"Neuvot ja ohjeet\",\"item\":\"https:\/\/sey.fi\/kainuu\/kainuun-elainsuojeluyhdistys\/neuvot-ja-ohjeet-2\/\"},{\"@type\":\"ListItem\",\"position\":4,\"name\":\"K\u00e4rsiv\u00e4 el\u00e4in\"}]},{\"@type\":\"WebSite\",\"@id\":\"https:\/\/sey.fi\/kainuu\/#website\",\"url\":\"https:\/\/sey.fi\/kainuu\/\",\"name\":\"Kainuun el\u00e4insuojeluyhdistys\",\"description\":\"Uusi SEY J\u00e4senyhdistykset -sivusto\",\"potentialAction\":[{\"@type\":\"SearchAction\",\"target\":{\"@type\":\"EntryPoint\",\"urlTemplate\":\"https:\/\/sey.fi\/kainuu\/?s={search_term_string}\"},\"query-input\":{\"@type\":\"PropertyValueSpecification\",\"valueRequired\":true,\"valueName\":\"search_term_string\"}}],\"inLanguage\":\"fi\"}]}<\/script>\n<!-- \/ Yoast SEO plugin. -->","yoast_head_json":{"title":"K\u00e4rsiv\u00e4 el\u00e4in - Kainuun el\u00e4insuojeluyhdistys","robots":{"index":"index","follow":"follow","max-snippet":"max-snippet:-1","max-image-preview":"max-image-preview:large","max-video-preview":"max-video-preview:-1"},"canonical":"https:\/\/sey.fi\/kainuu\/kainuun-elainsuojeluyhdistys\/neuvot-ja-ohjeet-2\/karsiva-elain\/","og_locale":"fi_FI","og_type":"article","og_title":"K\u00e4rsiv\u00e4 el\u00e4in - Kainuun el\u00e4insuojeluyhdistys","og_description":"Luonnonsuojelulain mukaan avutonta, sairasta tai vahingoittunutta el\u00e4int\u00e4 on pyritt\u00e4v\u00e4 auttamaan. Jos kohtaat k\u00e4rsiv\u00e4n el\u00e4imen (koti- tai tuotantoel\u00e4in), ota yhteys omistajaan, mik\u00e4li se on mahdollista selvitt\u00e4\u00e4. My\u00f6s h\u00e4t\u00e4numeroon voi soittaa tai kysy\u00e4 lis\u00e4ohjeita paikallisesta El\u00e4insuojeluyhdistyksest\u00e4. \u00c4l\u00e4 j\u00e4\u00e4 toimettomaksi! Jos vahingoittuneen el\u00e4imen k\u00e4sittely tai hengiss\u00e4 pit\u00e4minen kuitenkin olisi sille erityisen julmaa, on el\u00e4in lopetettava tai huolehdittava, ett\u00e4 [&hellip;]","og_url":"https:\/\/sey.fi\/kainuu\/kainuun-elainsuojeluyhdistys\/neuvot-ja-ohjeet-2\/karsiva-elain\/","og_site_name":"Kainuun el\u00e4insuojeluyhdistys","article_modified_time":"2019-10-28T10:19:22+00:00","twitter_card":"summary_large_image","schema":{"@context":"https:\/\/schema.org","@graph":[{"@type":"WebPage","@id":"https:\/\/sey.fi\/kainuu\/kainuun-elainsuojeluyhdistys\/neuvot-ja-ohjeet-2\/karsiva-elain\/","url":"https:\/\/sey.fi\/kainuu\/kainuun-elainsuojeluyhdistys\/neuvot-ja-ohjeet-2\/karsiva-elain\/","name":"K\u00e4rsiv\u00e4 el\u00e4in - Kainuun el\u00e4insuojeluyhdistys","isPartOf":{"@id":"https:\/\/sey.fi\/kainuu\/#website"},"datePublished":"2019-10-28T10:19:21+00:00","dateModified":"2019-10-28T10:19:22+00:00","breadcrumb":{"@id":"https:\/\/sey.fi\/kainuu\/kainuun-elainsuojeluyhdistys\/neuvot-ja-ohjeet-2\/karsiva-elain\/#breadcrumb"},"inLanguage":"fi","potentialAction":[{"@type":"ReadAction","target":["https:\/\/sey.fi\/kainuu\/kainuun-elainsuojeluyhdistys\/neuvot-ja-ohjeet-2\/karsiva-elain\/"]}]},{"@type":"BreadcrumbList","@id":"https:\/\/sey.fi\/kainuu\/kainuun-elainsuojeluyhdistys\/neuvot-ja-ohjeet-2\/karsiva-elain\/#breadcrumb","itemListElement":[{"@type":"ListItem","position":1,"name":"Home","item":"https:\/\/sey.fi\/kainuu\/"},{"@type":"ListItem","position":2,"name":"Kainuun el\u00e4insuojeluyhdistys","item":"https:\/\/sey.fi\/kainuu\/"},{"@type":"ListItem","position":3,"name":"Neuvot ja ohjeet","item":"https:\/\/sey.fi\/kainuu\/kainuun-elainsuojeluyhdistys\/neuvot-ja-ohjeet-2\/"},{"@type":"ListItem","position":4,"name":"K\u00e4rsiv\u00e4 el\u00e4in"}]},{"@type":"WebSite","@id":"https:\/\/sey.fi\/kainuu\/#website","url":"https:\/\/sey.fi\/kainuu\/","name":"Kainuun el\u00e4insuojeluyhdistys","description":"Uusi SEY J\u00e4senyhdistykset -sivusto","potentialAction":[{"@type":"SearchAction","target":{"@type":"EntryPoint","urlTemplate":"https:\/\/sey.fi\/kainuu\/?s={search_term_string}"},"query-input":{"@type":"PropertyValueSpecification","valueRequired":true,"valueName":"search_term_string"}}],"inLanguage":"fi"}]}},"_links":{"self":[{"href":"https:\/\/sey.fi\/kainuu\/wp-json\/wp\/v2\/pages\/49","targetHints":{"allow":["GET"]}}],"collection":[{"href":"https:\/\/sey.fi\/kainuu\/wp-json\/wp\/v2\/pages"}],"about":[{"href":"https:\/\/sey.fi\/kainuu\/wp-json\/wp\/v2\/types\/page"}],"author":[{"embeddable":true,"href":"https:\/\/sey.fi\/kainuu\/wp-json\/wp\/v2\/users\/8"}],"replies":[{"embeddable":true,"href":"https:\/\/sey.fi\/kainuu\/wp-json\/wp\/v2\/comments?post=49"}],"version-history":[{"count":1,"href":"https:\/\/sey.fi\/kainuu\/wp-json\/wp\/v2\/pages\/49\/revisions"}],"predecessor-version":[{"id":50,"href":"https:\/\/sey.fi\/kainuu\/wp-json\/wp\/v2\/pages\/49\/revisions\/50"}],"up":[{"embeddable":true,"href":"https:\/\/sey.fi\/kainuu\/wp-json\/wp\/v2\/pages\/44"}],"wp:attachment":[{"href":"https:\/\/sey.fi\/kainuu\/wp-json\/wp\/v2\/media?parent=49"}],"curies":[{"name":"wp","href":"https:\/\/api.w.org\/{rel}","templated":true}]}}