{"id":51,"date":"2019-10-28T12:20:09","date_gmt":"2019-10-28T10:20:09","guid":{"rendered":"http:\/\/srvr10.xetpoint.com\/~seyfi\/kainuu\/?page_id=51"},"modified":"2025-11-14T23:07:24","modified_gmt":"2025-11-14T21:07:24","slug":"kadonnut-elain","status":"publish","type":"page","link":"https:\/\/sey.fi\/kainuu\/kainuun-elainsuojeluyhdistys\/neuvot-ja-ohjeet-2\/kadonnut-elain\/","title":{"rendered":"Kadonnut el\u00e4in"},"content":{"rendered":"\n<p>Kun lemmikki katoaa, kannattaa siit\u00e4 ilmoittaa paikalliseen l\u00f6yt\u00f6el\u00e4imist\u00e4 vastaavaan paikkaan.&nbsp;Sielt\u00e4&nbsp;my\u00f6s sielt\u00e4 kannattaa kysell\u00e4 kadonnutta lemmikki\u00e4\u00e4n. My\u00f6s poliisille voi kadonneesta\/l\u00f6ydetyst\u00e4 el\u00e4imest\u00e4 ilmoittaa. Muistathan my\u00f6s&nbsp;ilmoittaa heille, kun el\u00e4in l\u00f6ytyy.<\/p>\n\n\n\n<p>Paikallisradiot ottavat joskus vastaan ilmoituksia l\u00f6ydetyist\u00e4 tai kadonneista el\u00e4imist\u00e4.<\/p>\n\n\n\n<p>Jokainen irrallaan tavatun lemmikkiel\u00e4imen kiinniottaja voi toimittaa l\u00f6yt\u00e4m\u00e4ns\u00e4 lemmikkiel\u00e4imen l\u00f6yt\u00f6el\u00e4inhoitolaan. El\u00e4insuojelulaki velvoittaa hoitamaan lemmikkej\u00e4 tarhalla 15 vrk, ja jos omistajaa ei tuona aikana l\u00f6ydy, pyrit\u00e4\u00e4n lemmikille etsim\u00e4\u00e4n uusi koti tai se lopetetaan. Omistaja vastaa kadonneen lemmikin hoitokustannuksista.<\/p>\n\n\n\n<h2 class=\"wp-block-heading\"><strong>Kajaani\/Paltamo\/Ristij\u00e4rvi:<\/strong><\/h2>\n\n\n\n<p><strong><a href=\"http:\/\/www.juliuksen.com\/hotelli.htm\" target=\"_blank\" rel=\"noreferrer noopener\">Juliuksen El\u00e4inhotelli<\/a><\/strong><br>Sokaj\u00e4rventie 11<br>87100 Kajaani<br>Puh. 045 130 8049&nbsp;<em>(klo 8-15 ja 18-20 v\u00e4lisen\u00e4 aikana, muutoin soitot poliisille)<\/em><\/p>\n\n\n\n<h2 class=\"wp-block-heading\"><strong>Kuhmo\/Sotkamo<\/strong>:<\/h2>\n\n\n\n<p><strong><b>P<\/b>ienel\u00e4inhoitola Kiantime&#8217;s<\/strong><br>Juonnontie 326<br>88900 Kuhmo<br>Puh. 040 538 2428 \/ s-posti anu@kilponen.eu<\/p>\n\n\n\n<h2 class=\"wp-block-heading\"><strong>Hyrynsalmi, Suomussalmi:<\/strong><\/h2>\n\n\n\n<p><strong>Man-Man Oy<\/strong><br>Kyr\u00f6ntie 93<br>89600 Suomussalmi<br>p. 045 6150 411\/ s.posti: elainhoitola.manman@gmail.com<\/p>\n\n\n\n<p><strong>Muistathan siruttaa ja rekister\u00f6id\u00e4 lemmikkisi sirun!&nbsp;<\/strong>N\u00e4in kotiin takaisin l\u00f6yt\u00e4minen on helpompaa. <\/p>\n\n\n\n<p><strong>Vuokraamme kissaloukkuja: <\/strong><\/p>\n\n\n\n<p><strong>Kajaani<\/strong> 040 6850 718 \/H\u00e4nninen <\/p>\n\n\n\n<p><strong>Suomussalmi<\/strong> 040 5176 469<\/p>\n\n\n\n<p><strong>Kuhmo<\/strong> 044 5749 321 (Yhteydenotot vain WhatsApp-viestill\u00e4! Mik\u00e4li sinulla ei ole k\u00e4yt\u00f6ss\u00e4 WhatsApp-sovellusta, silloin tekstiviestill\u00e4)<\/p>\n","protected":false},"excerpt":{"rendered":"<p>Kun lemmikki katoaa, kannattaa siit\u00e4 ilmoittaa paikalliseen l\u00f6yt\u00f6el\u00e4imist\u00e4 vastaavaan paikkaan.&nbsp;Sielt\u00e4&nbsp;my\u00f6s sielt\u00e4 kannattaa kysell\u00e4 kadonnutta lemmikki\u00e4\u00e4n. My\u00f6s poliisille voi kadonneesta\/l\u00f6ydetyst\u00e4 el\u00e4imest\u00e4 ilmoittaa. Muistathan my\u00f6s&nbsp;ilmoittaa heille, kun el\u00e4in l\u00f6ytyy. Paikallisradiot ottavat joskus vastaan ilmoituksia l\u00f6ydetyist\u00e4 tai kadonneista el\u00e4imist\u00e4. Jokainen irrallaan tavatun lemmikkiel\u00e4imen kiinniottaja voi toimittaa l\u00f6yt\u00e4m\u00e4ns\u00e4 lemmikkiel\u00e4imen l\u00f6yt\u00f6el\u00e4inhoitolaan. El\u00e4insuojelulaki velvoittaa hoitamaan lemmikkej\u00e4 tarhalla 15 vrk, ja jos [&hellip;]<\/p>\n","protected":false},"author":8,"featured_media":0,"parent":44,"menu_order":0,"comment_status":"closed","ping_status":"closed","template":"","meta":{"_acf_changed":false,"footnotes":""},"class_list":["post-51","page","type-page","status-publish","hentry"],"acf":[],"yoast_head":"<!-- This site is optimized with the Yoast SEO plugin v27.1.1 - https:\/\/yoast.com\/product\/yoast-seo-wordpress\/ -->\n<title>Kadonnut el\u00e4in - Kainuun el\u00e4insuojeluyhdistys<\/title>\n<meta name=\"robots\" content=\"index, follow, max-snippet:-1, max-image-preview:large, max-video-preview:-1\" \/>\n<link rel=\"canonical\" href=\"https:\/\/sey.fi\/kainuu\/kainuun-elainsuojeluyhdistys\/neuvot-ja-ohjeet-2\/kadonnut-elain\/\" \/>\n<meta property=\"og:locale\" content=\"fi_FI\" \/>\n<meta property=\"og:type\" content=\"article\" \/>\n<meta property=\"og:title\" content=\"Kadonnut el\u00e4in - Kainuun el\u00e4insuojeluyhdistys\" \/>\n<meta property=\"og:description\" content=\"Kun lemmikki katoaa, kannattaa siit\u00e4 ilmoittaa paikalliseen l\u00f6yt\u00f6el\u00e4imist\u00e4 vastaavaan paikkaan.&nbsp;Sielt\u00e4&nbsp;my\u00f6s sielt\u00e4 kannattaa kysell\u00e4 kadonnutta lemmikki\u00e4\u00e4n. My\u00f6s poliisille voi kadonneesta\/l\u00f6ydetyst\u00e4 el\u00e4imest\u00e4 ilmoittaa. Muistathan my\u00f6s&nbsp;ilmoittaa heille, kun el\u00e4in l\u00f6ytyy. Paikallisradiot ottavat joskus vastaan ilmoituksia l\u00f6ydetyist\u00e4 tai kadonneista el\u00e4imist\u00e4. Jokainen irrallaan tavatun lemmikkiel\u00e4imen kiinniottaja voi toimittaa l\u00f6yt\u00e4m\u00e4ns\u00e4 lemmikkiel\u00e4imen l\u00f6yt\u00f6el\u00e4inhoitolaan. El\u00e4insuojelulaki velvoittaa hoitamaan lemmikkej\u00e4 tarhalla 15 vrk, ja jos [&hellip;]\" \/>\n<meta property=\"og:url\" content=\"https:\/\/sey.fi\/kainuu\/kainuun-elainsuojeluyhdistys\/neuvot-ja-ohjeet-2\/kadonnut-elain\/\" \/>\n<meta property=\"og:site_name\" content=\"Kainuun el\u00e4insuojeluyhdistys\" \/>\n<meta property=\"article:modified_time\" content=\"2025-11-14T21:07:24+00:00\" \/>\n<meta name=\"twitter:card\" content=\"summary_large_image\" \/>\n<meta name=\"twitter:label1\" content=\"Arvioitu lukuaika\" \/>\n\t<meta name=\"twitter:data1\" content=\"2 minuuttia\" \/>\n<script type=\"application\/ld+json\" class=\"yoast-schema-graph\">{\"@context\":\"https:\/\/schema.org\",\"@graph\":[{\"@type\":\"WebPage\",\"@id\":\"https:\/\/sey.fi\/kainuu\/kainuun-elainsuojeluyhdistys\/neuvot-ja-ohjeet-2\/kadonnut-elain\/\",\"url\":\"https:\/\/sey.fi\/kainuu\/kainuun-elainsuojeluyhdistys\/neuvot-ja-ohjeet-2\/kadonnut-elain\/\",\"name\":\"Kadonnut el\u00e4in - Kainuun el\u00e4insuojeluyhdistys\",\"isPartOf\":{\"@id\":\"https:\/\/sey.fi\/kainuu\/#website\"},\"datePublished\":\"2019-10-28T10:20:09+00:00\",\"dateModified\":\"2025-11-14T21:07:24+00:00\",\"breadcrumb\":{\"@id\":\"https:\/\/sey.fi\/kainuu\/kainuun-elainsuojeluyhdistys\/neuvot-ja-ohjeet-2\/kadonnut-elain\/#breadcrumb\"},\"inLanguage\":\"fi\",\"potentialAction\":[{\"@type\":\"ReadAction\",\"target\":[\"https:\/\/sey.fi\/kainuu\/kainuun-elainsuojeluyhdistys\/neuvot-ja-ohjeet-2\/kadonnut-elain\/\"]}]},{\"@type\":\"BreadcrumbList\",\"@id\":\"https:\/\/sey.fi\/kainuu\/kainuun-elainsuojeluyhdistys\/neuvot-ja-ohjeet-2\/kadonnut-elain\/#breadcrumb\",\"itemListElement\":[{\"@type\":\"ListItem\",\"position\":1,\"name\":\"Home\",\"item\":\"https:\/\/sey.fi\/kainuu\/\"},{\"@type\":\"ListItem\",\"position\":2,\"name\":\"Kainuun el\u00e4insuojeluyhdistys\",\"item\":\"https:\/\/sey.fi\/kainuu\/\"},{\"@type\":\"ListItem\",\"position\":3,\"name\":\"Neuvot ja ohjeet\",\"item\":\"https:\/\/sey.fi\/kainuu\/kainuun-elainsuojeluyhdistys\/neuvot-ja-ohjeet-2\/\"},{\"@type\":\"ListItem\",\"position\":4,\"name\":\"Kadonnut el\u00e4in\"}]},{\"@type\":\"WebSite\",\"@id\":\"https:\/\/sey.fi\/kainuu\/#website\",\"url\":\"https:\/\/sey.fi\/kainuu\/\",\"name\":\"Kainuun el\u00e4insuojeluyhdistys\",\"description\":\"Uusi SEY J\u00e4senyhdistykset -sivusto\",\"potentialAction\":[{\"@type\":\"SearchAction\",\"target\":{\"@type\":\"EntryPoint\",\"urlTemplate\":\"https:\/\/sey.fi\/kainuu\/?s={search_term_string}\"},\"query-input\":{\"@type\":\"PropertyValueSpecification\",\"valueRequired\":true,\"valueName\":\"search_term_string\"}}],\"inLanguage\":\"fi\"}]}<\/script>\n<!-- \/ Yoast SEO plugin. -->","yoast_head_json":{"title":"Kadonnut el\u00e4in - Kainuun el\u00e4insuojeluyhdistys","robots":{"index":"index","follow":"follow","max-snippet":"max-snippet:-1","max-image-preview":"max-image-preview:large","max-video-preview":"max-video-preview:-1"},"canonical":"https:\/\/sey.fi\/kainuu\/kainuun-elainsuojeluyhdistys\/neuvot-ja-ohjeet-2\/kadonnut-elain\/","og_locale":"fi_FI","og_type":"article","og_title":"Kadonnut el\u00e4in - Kainuun el\u00e4insuojeluyhdistys","og_description":"Kun lemmikki katoaa, kannattaa siit\u00e4 ilmoittaa paikalliseen l\u00f6yt\u00f6el\u00e4imist\u00e4 vastaavaan paikkaan.&nbsp;Sielt\u00e4&nbsp;my\u00f6s sielt\u00e4 kannattaa kysell\u00e4 kadonnutta lemmikki\u00e4\u00e4n. My\u00f6s poliisille voi kadonneesta\/l\u00f6ydetyst\u00e4 el\u00e4imest\u00e4 ilmoittaa. Muistathan my\u00f6s&nbsp;ilmoittaa heille, kun el\u00e4in l\u00f6ytyy. Paikallisradiot ottavat joskus vastaan ilmoituksia l\u00f6ydetyist\u00e4 tai kadonneista el\u00e4imist\u00e4. Jokainen irrallaan tavatun lemmikkiel\u00e4imen kiinniottaja voi toimittaa l\u00f6yt\u00e4m\u00e4ns\u00e4 lemmikkiel\u00e4imen l\u00f6yt\u00f6el\u00e4inhoitolaan. El\u00e4insuojelulaki velvoittaa hoitamaan lemmikkej\u00e4 tarhalla 15 vrk, ja jos [&hellip;]","og_url":"https:\/\/sey.fi\/kainuu\/kainuun-elainsuojeluyhdistys\/neuvot-ja-ohjeet-2\/kadonnut-elain\/","og_site_name":"Kainuun el\u00e4insuojeluyhdistys","article_modified_time":"2025-11-14T21:07:24+00:00","twitter_card":"summary_large_image","twitter_misc":{"Arvioitu lukuaika":"2 minuuttia"},"schema":{"@context":"https:\/\/schema.org","@graph":[{"@type":"WebPage","@id":"https:\/\/sey.fi\/kainuu\/kainuun-elainsuojeluyhdistys\/neuvot-ja-ohjeet-2\/kadonnut-elain\/","url":"https:\/\/sey.fi\/kainuu\/kainuun-elainsuojeluyhdistys\/neuvot-ja-ohjeet-2\/kadonnut-elain\/","name":"Kadonnut el\u00e4in - Kainuun el\u00e4insuojeluyhdistys","isPartOf":{"@id":"https:\/\/sey.fi\/kainuu\/#website"},"datePublished":"2019-10-28T10:20:09+00:00","dateModified":"2025-11-14T21:07:24+00:00","breadcrumb":{"@id":"https:\/\/sey.fi\/kainuu\/kainuun-elainsuojeluyhdistys\/neuvot-ja-ohjeet-2\/kadonnut-elain\/#breadcrumb"},"inLanguage":"fi","potentialAction":[{"@type":"ReadAction","target":["https:\/\/sey.fi\/kainuu\/kainuun-elainsuojeluyhdistys\/neuvot-ja-ohjeet-2\/kadonnut-elain\/"]}]},{"@type":"BreadcrumbList","@id":"https:\/\/sey.fi\/kainuu\/kainuun-elainsuojeluyhdistys\/neuvot-ja-ohjeet-2\/kadonnut-elain\/#breadcrumb","itemListElement":[{"@type":"ListItem","position":1,"name":"Home","item":"https:\/\/sey.fi\/kainuu\/"},{"@type":"ListItem","position":2,"name":"Kainuun el\u00e4insuojeluyhdistys","item":"https:\/\/sey.fi\/kainuu\/"},{"@type":"ListItem","position":3,"name":"Neuvot ja ohjeet","item":"https:\/\/sey.fi\/kainuu\/kainuun-elainsuojeluyhdistys\/neuvot-ja-ohjeet-2\/"},{"@type":"ListItem","position":4,"name":"Kadonnut el\u00e4in"}]},{"@type":"WebSite","@id":"https:\/\/sey.fi\/kainuu\/#website","url":"https:\/\/sey.fi\/kainuu\/","name":"Kainuun el\u00e4insuojeluyhdistys","description":"Uusi SEY J\u00e4senyhdistykset -sivusto","potentialAction":[{"@type":"SearchAction","target":{"@type":"EntryPoint","urlTemplate":"https:\/\/sey.fi\/kainuu\/?s={search_term_string}"},"query-input":{"@type":"PropertyValueSpecification","valueRequired":true,"valueName":"search_term_string"}}],"inLanguage":"fi"}]}},"_links":{"self":[{"href":"https:\/\/sey.fi\/kainuu\/wp-json\/wp\/v2\/pages\/51","targetHints":{"allow":["GET"]}}],"collection":[{"href":"https:\/\/sey.fi\/kainuu\/wp-json\/wp\/v2\/pages"}],"about":[{"href":"https:\/\/sey.fi\/kainuu\/wp-json\/wp\/v2\/types\/page"}],"author":[{"embeddable":true,"href":"https:\/\/sey.fi\/kainuu\/wp-json\/wp\/v2\/users\/8"}],"replies":[{"embeddable":true,"href":"https:\/\/sey.fi\/kainuu\/wp-json\/wp\/v2\/comments?post=51"}],"version-history":[{"count":8,"href":"https:\/\/sey.fi\/kainuu\/wp-json\/wp\/v2\/pages\/51\/revisions"}],"predecessor-version":[{"id":371,"href":"https:\/\/sey.fi\/kainuu\/wp-json\/wp\/v2\/pages\/51\/revisions\/371"}],"up":[{"embeddable":true,"href":"https:\/\/sey.fi\/kainuu\/wp-json\/wp\/v2\/pages\/44"}],"wp:attachment":[{"href":"https:\/\/sey.fi\/kainuu\/wp-json\/wp\/v2\/media?parent=51"}],"curies":[{"name":"wp","href":"https:\/\/api.w.org\/{rel}","templated":true}]}}