{"id":53,"date":"2019-10-28T12:20:42","date_gmt":"2019-10-28T10:20:42","guid":{"rendered":"http:\/\/srvr10.xetpoint.com\/~seyfi\/kainuu\/?page_id=53"},"modified":"2021-11-24T11:42:55","modified_gmt":"2021-11-24T09:42:55","slug":"elaimen-kuolema","status":"publish","type":"page","link":"https:\/\/sey.fi\/kainuu\/kainuun-elainsuojeluyhdistys\/neuvot-ja-ohjeet-2\/elaimen-kuolema\/","title":{"rendered":"El\u00e4imen kuolema"},"content":{"rendered":"\n<h2 class=\"wp-block-heading\">Sateenkaaren p\u00e4\u00e4<\/h2>\n\n\n\n<p>Pitk\u00e4kin el\u00e4imenel\u00e4m\u00e4 on ihmisel\u00e4m\u00e4n mittakaavassa usein lyhyt. Parhaassa tapauksessa yhteist\u00e4 el\u00e4m\u00e4\u00e4 lemmikkisi kanssa riitt\u00e4\u00e4 toistakymment\u00e4 vuotta, mutta joskus yhteinen el\u00e4m\u00e4 j\u00e4\u00e4 vain muutamiin vuosiin tai kuukausiin. Vanhan el\u00e4imen kanssa ihminen alkaa pikku hiljaa henkisesti valmistautua luopumiseen, mutta nuoren kohdalla poismeno on yleens\u00e4 suuri j\u00e4rkytys.<\/p>\n\n\n\n<p>Omistaja usein toivoo, ett\u00e4 vanha lemmikki vain nukkuisi rauhallisesti pois. N\u00e4in k\u00e4y kuitenkin hyvin harvoin. Omistajan tulee valmistautua siihen, ett\u00e4 kun luopumisen aika koittaa, h\u00e4nen on teht\u00e4v\u00e4 lopullinen p\u00e4\u00e4t\u00f6s siit\u00e4, milloin on oikea aika p\u00e4\u00e4st\u00e4\u00e4 el\u00e4in pois. On itsek\u00e4st\u00e4 pakottaa toinen el\u00e4m\u00e4\u00e4n kipujen kanssa vain siit\u00e4 syyst\u00e4, ett\u00e4 omistaja ei halua luopua lemmikist\u00e4\u00e4n. El\u00e4imen lopettaminen el\u00e4inl\u00e4\u00e4k\u00e4riss\u00e4 tapahtuu l\u00e4\u00e4kkeiden avulla, eik\u00e4 se itse huomaa mit\u00e4\u00e4n. Omistaja voi silitell\u00e4 lemmikki\u00e4\u00e4n samalla saattaen sen rauhallisesti viimeiselle matkalle.&nbsp;<\/p>\n\n\n\n<hr class=\"wp-block-separator\" \/>\n\n\n\n<h2 class=\"wp-block-heading\"><br>Hautaaminen<\/h2>\n\n\n\n<p>Kuollut el\u00e4in voidaan haudata, mutta hautapaikka tulee kuitenkin valita siten, ett\u00e4 siit\u00e4 ei koidu haittaa ihmisten tai el\u00e4inten terveydelle. El\u00e4inten hautausmaita sijaitsee eri puolilta ja niist\u00e4 monet ovat paikallisten el\u00e4insuojeluyhdistysten yll\u00e4pit\u00e4mi\u00e4. Tiedot el\u00e4inten hautausmaista l\u00f6ytyv\u00e4t suoraan paikallisilta el\u00e4insuojeluyhdistyksilt\u00e4. Tietoa voi olla my\u00f6s el\u00e4inl\u00e4\u00e4k\u00e4riasemilla.<\/p>\n\n\n\n<p>Kajaanissa lemmikkien hautausmaa sijaitsee Sepp\u00e4l\u00e4n Maatalousopiston \/ El\u00e4inl\u00e4\u00e4k\u00e4ri Countrypolisin takana.<br><a href=\"http:\/\/pienelainhautausmaa.simplesite.com\/\" target=\"_blank\" rel=\"noreferrer noopener\">Pienel\u00e4inhautausmaa Sinisen sillan<\/a>&nbsp;toiminnasta vastaa Tmi Hempee \/ Niina Moilanen.<\/p>\n\n\n\n<hr class=\"wp-block-separator\" \/>\n\n\n\n<h2 class=\"wp-block-heading\"><br>Tuhkaaminen<\/h2>\n\n\n\n<p>Toinen vaihtoehto lemmikkisi kuoltua on vied\u00e4 se tuhkattavaksi pienel\u00e4inkrematorioon. Monilla el\u00e4inl\u00e4\u00e4k\u00e4riasemilla on sopimus tuhkauspalveluista jonkun pienel\u00e4inkrematorion kanssa, jolloin el\u00e4inl\u00e4\u00e4k\u00e4riasema hoitaa sovittaessa el\u00e4imen tuhkaukseen l\u00e4hett\u00e4misen lopetuksen j\u00e4lkeen. Uurnan voi noutaa krematoriosta tai se toimitetaan suoraan kotiin. Tuhkan voi my\u00f6s j\u00e4tt\u00e4\u00e4 laitokseen, joka huolehtii tuhkan hautaamisesta.<\/p>\n\n\n\n<p>Kajaanissa toimii Pienel\u00e4intuhkaamo\u00a0<a href=\"http:\/\/www.faunapet.fi\/\">Fauna<\/a>, joka noutaa kuolleet lemmikit aina 60kg asti Kajaanin, Sotkamon ja Suomussalmen kunnallisilla el\u00e4inl\u00e4\u00e4k\u00e4riasemilta. Lemmikin voi toimittaa tuhkaamoon my\u00f6s itse.\u00a0<\/p>\n\n\n\n<hr class=\"wp-block-separator\" \/>\n\n\n\n<h2 class=\"wp-block-heading\"><br>Ep\u00e4selv\u00e4 kuolema<\/h2>\n\n\n\n<p>Jos el\u00e4in kuolee yll\u00e4tt\u00e4en itsest\u00e4\u00e4n ja kuolinsyyst\u00e4 on ep\u00e4selvyytt\u00e4, voi omistaja l\u00e4hett\u00e4\u00e4 sen joko suoraan tai hoitavan el\u00e4inl\u00e4\u00e4k\u00e4rin kautta tutkittavaksi Elintarviketurvallisuusvirasto Eviraan. Usein tieto kuolinsyyst\u00e4 helpottaa omistajaa, ja antaa arvokasta tietoa kasvattajalle. Kennelliiton Omakoira-palvelussa omistaja voi ilmoittaa koiran kuolemasta ja sen syyst\u00e4, joka tallentuu koiran tietoihin ja Jalostustietoj\u00e4rjestelm\u00e4\u00e4n. Antamalla tiedot omistaja voi auttaa rodun terveysominaisuuksien jalostamista.<\/p>\n","protected":false},"excerpt":{"rendered":"<p>Sateenkaaren p\u00e4\u00e4 Pitk\u00e4kin el\u00e4imenel\u00e4m\u00e4 on ihmisel\u00e4m\u00e4n mittakaavassa usein lyhyt. Parhaassa tapauksessa yhteist\u00e4 el\u00e4m\u00e4\u00e4 lemmikkisi kanssa riitt\u00e4\u00e4 toistakymment\u00e4 vuotta, mutta joskus yhteinen el\u00e4m\u00e4 j\u00e4\u00e4 vain muutamiin vuosiin tai kuukausiin. Vanhan el\u00e4imen kanssa ihminen alkaa pikku hiljaa henkisesti valmistautua luopumiseen, mutta nuoren kohdalla poismeno on yleens\u00e4 suuri j\u00e4rkytys. Omistaja usein toivoo, ett\u00e4 vanha lemmikki vain nukkuisi rauhallisesti [&hellip;]<\/p>\n","protected":false},"author":8,"featured_media":0,"parent":44,"menu_order":0,"comment_status":"closed","ping_status":"closed","template":"","meta":{"_acf_changed":false,"footnotes":""},"class_list":["post-53","page","type-page","status-publish","hentry"],"acf":[],"yoast_head":"<!-- This site is optimized with the Yoast SEO plugin v27.1.1 - https:\/\/yoast.com\/product\/yoast-seo-wordpress\/ -->\n<title>El\u00e4imen kuolema - Kainuun el\u00e4insuojeluyhdistys<\/title>\n<meta name=\"robots\" content=\"index, follow, max-snippet:-1, max-image-preview:large, max-video-preview:-1\" \/>\n<link rel=\"canonical\" href=\"https:\/\/sey.fi\/kainuu\/kainuun-elainsuojeluyhdistys\/neuvot-ja-ohjeet-2\/elaimen-kuolema\/\" \/>\n<meta property=\"og:locale\" content=\"fi_FI\" \/>\n<meta property=\"og:type\" content=\"article\" \/>\n<meta property=\"og:title\" content=\"El\u00e4imen kuolema - Kainuun el\u00e4insuojeluyhdistys\" \/>\n<meta property=\"og:description\" content=\"Sateenkaaren p\u00e4\u00e4 Pitk\u00e4kin el\u00e4imenel\u00e4m\u00e4 on ihmisel\u00e4m\u00e4n mittakaavassa usein lyhyt. Parhaassa tapauksessa yhteist\u00e4 el\u00e4m\u00e4\u00e4 lemmikkisi kanssa riitt\u00e4\u00e4 toistakymment\u00e4 vuotta, mutta joskus yhteinen el\u00e4m\u00e4 j\u00e4\u00e4 vain muutamiin vuosiin tai kuukausiin. Vanhan el\u00e4imen kanssa ihminen alkaa pikku hiljaa henkisesti valmistautua luopumiseen, mutta nuoren kohdalla poismeno on yleens\u00e4 suuri j\u00e4rkytys. Omistaja usein toivoo, ett\u00e4 vanha lemmikki vain nukkuisi rauhallisesti [&hellip;]\" \/>\n<meta property=\"og:url\" content=\"https:\/\/sey.fi\/kainuu\/kainuun-elainsuojeluyhdistys\/neuvot-ja-ohjeet-2\/elaimen-kuolema\/\" \/>\n<meta property=\"og:site_name\" content=\"Kainuun el\u00e4insuojeluyhdistys\" \/>\n<meta property=\"article:modified_time\" content=\"2021-11-24T09:42:55+00:00\" \/>\n<meta name=\"twitter:card\" content=\"summary_large_image\" \/>\n<meta name=\"twitter:label1\" content=\"Arvioitu lukuaika\" \/>\n\t<meta name=\"twitter:data1\" content=\"2 minuuttia\" \/>\n<script type=\"application\/ld+json\" class=\"yoast-schema-graph\">{\"@context\":\"https:\/\/schema.org\",\"@graph\":[{\"@type\":\"WebPage\",\"@id\":\"https:\/\/sey.fi\/kainuu\/kainuun-elainsuojeluyhdistys\/neuvot-ja-ohjeet-2\/elaimen-kuolema\/\",\"url\":\"https:\/\/sey.fi\/kainuu\/kainuun-elainsuojeluyhdistys\/neuvot-ja-ohjeet-2\/elaimen-kuolema\/\",\"name\":\"El\u00e4imen kuolema - Kainuun el\u00e4insuojeluyhdistys\",\"isPartOf\":{\"@id\":\"https:\/\/sey.fi\/kainuu\/#website\"},\"datePublished\":\"2019-10-28T10:20:42+00:00\",\"dateModified\":\"2021-11-24T09:42:55+00:00\",\"breadcrumb\":{\"@id\":\"https:\/\/sey.fi\/kainuu\/kainuun-elainsuojeluyhdistys\/neuvot-ja-ohjeet-2\/elaimen-kuolema\/#breadcrumb\"},\"inLanguage\":\"fi\",\"potentialAction\":[{\"@type\":\"ReadAction\",\"target\":[\"https:\/\/sey.fi\/kainuu\/kainuun-elainsuojeluyhdistys\/neuvot-ja-ohjeet-2\/elaimen-kuolema\/\"]}]},{\"@type\":\"BreadcrumbList\",\"@id\":\"https:\/\/sey.fi\/kainuu\/kainuun-elainsuojeluyhdistys\/neuvot-ja-ohjeet-2\/elaimen-kuolema\/#breadcrumb\",\"itemListElement\":[{\"@type\":\"ListItem\",\"position\":1,\"name\":\"Home\",\"item\":\"https:\/\/sey.fi\/kainuu\/\"},{\"@type\":\"ListItem\",\"position\":2,\"name\":\"Kainuun el\u00e4insuojeluyhdistys\",\"item\":\"https:\/\/sey.fi\/kainuu\/\"},{\"@type\":\"ListItem\",\"position\":3,\"name\":\"Neuvot ja ohjeet\",\"item\":\"https:\/\/sey.fi\/kainuu\/kainuun-elainsuojeluyhdistys\/neuvot-ja-ohjeet-2\/\"},{\"@type\":\"ListItem\",\"position\":4,\"name\":\"El\u00e4imen kuolema\"}]},{\"@type\":\"WebSite\",\"@id\":\"https:\/\/sey.fi\/kainuu\/#website\",\"url\":\"https:\/\/sey.fi\/kainuu\/\",\"name\":\"Kainuun el\u00e4insuojeluyhdistys\",\"description\":\"Uusi SEY J\u00e4senyhdistykset -sivusto\",\"potentialAction\":[{\"@type\":\"SearchAction\",\"target\":{\"@type\":\"EntryPoint\",\"urlTemplate\":\"https:\/\/sey.fi\/kainuu\/?s={search_term_string}\"},\"query-input\":{\"@type\":\"PropertyValueSpecification\",\"valueRequired\":true,\"valueName\":\"search_term_string\"}}],\"inLanguage\":\"fi\"}]}<\/script>\n<!-- \/ Yoast SEO plugin. -->","yoast_head_json":{"title":"El\u00e4imen kuolema - Kainuun el\u00e4insuojeluyhdistys","robots":{"index":"index","follow":"follow","max-snippet":"max-snippet:-1","max-image-preview":"max-image-preview:large","max-video-preview":"max-video-preview:-1"},"canonical":"https:\/\/sey.fi\/kainuu\/kainuun-elainsuojeluyhdistys\/neuvot-ja-ohjeet-2\/elaimen-kuolema\/","og_locale":"fi_FI","og_type":"article","og_title":"El\u00e4imen kuolema - Kainuun el\u00e4insuojeluyhdistys","og_description":"Sateenkaaren p\u00e4\u00e4 Pitk\u00e4kin el\u00e4imenel\u00e4m\u00e4 on ihmisel\u00e4m\u00e4n mittakaavassa usein lyhyt. Parhaassa tapauksessa yhteist\u00e4 el\u00e4m\u00e4\u00e4 lemmikkisi kanssa riitt\u00e4\u00e4 toistakymment\u00e4 vuotta, mutta joskus yhteinen el\u00e4m\u00e4 j\u00e4\u00e4 vain muutamiin vuosiin tai kuukausiin. Vanhan el\u00e4imen kanssa ihminen alkaa pikku hiljaa henkisesti valmistautua luopumiseen, mutta nuoren kohdalla poismeno on yleens\u00e4 suuri j\u00e4rkytys. Omistaja usein toivoo, ett\u00e4 vanha lemmikki vain nukkuisi rauhallisesti [&hellip;]","og_url":"https:\/\/sey.fi\/kainuu\/kainuun-elainsuojeluyhdistys\/neuvot-ja-ohjeet-2\/elaimen-kuolema\/","og_site_name":"Kainuun el\u00e4insuojeluyhdistys","article_modified_time":"2021-11-24T09:42:55+00:00","twitter_card":"summary_large_image","twitter_misc":{"Arvioitu lukuaika":"2 minuuttia"},"schema":{"@context":"https:\/\/schema.org","@graph":[{"@type":"WebPage","@id":"https:\/\/sey.fi\/kainuu\/kainuun-elainsuojeluyhdistys\/neuvot-ja-ohjeet-2\/elaimen-kuolema\/","url":"https:\/\/sey.fi\/kainuu\/kainuun-elainsuojeluyhdistys\/neuvot-ja-ohjeet-2\/elaimen-kuolema\/","name":"El\u00e4imen kuolema - Kainuun el\u00e4insuojeluyhdistys","isPartOf":{"@id":"https:\/\/sey.fi\/kainuu\/#website"},"datePublished":"2019-10-28T10:20:42+00:00","dateModified":"2021-11-24T09:42:55+00:00","breadcrumb":{"@id":"https:\/\/sey.fi\/kainuu\/kainuun-elainsuojeluyhdistys\/neuvot-ja-ohjeet-2\/elaimen-kuolema\/#breadcrumb"},"inLanguage":"fi","potentialAction":[{"@type":"ReadAction","target":["https:\/\/sey.fi\/kainuu\/kainuun-elainsuojeluyhdistys\/neuvot-ja-ohjeet-2\/elaimen-kuolema\/"]}]},{"@type":"BreadcrumbList","@id":"https:\/\/sey.fi\/kainuu\/kainuun-elainsuojeluyhdistys\/neuvot-ja-ohjeet-2\/elaimen-kuolema\/#breadcrumb","itemListElement":[{"@type":"ListItem","position":1,"name":"Home","item":"https:\/\/sey.fi\/kainuu\/"},{"@type":"ListItem","position":2,"name":"Kainuun el\u00e4insuojeluyhdistys","item":"https:\/\/sey.fi\/kainuu\/"},{"@type":"ListItem","position":3,"name":"Neuvot ja ohjeet","item":"https:\/\/sey.fi\/kainuu\/kainuun-elainsuojeluyhdistys\/neuvot-ja-ohjeet-2\/"},{"@type":"ListItem","position":4,"name":"El\u00e4imen kuolema"}]},{"@type":"WebSite","@id":"https:\/\/sey.fi\/kainuu\/#website","url":"https:\/\/sey.fi\/kainuu\/","name":"Kainuun el\u00e4insuojeluyhdistys","description":"Uusi SEY J\u00e4senyhdistykset -sivusto","potentialAction":[{"@type":"SearchAction","target":{"@type":"EntryPoint","urlTemplate":"https:\/\/sey.fi\/kainuu\/?s={search_term_string}"},"query-input":{"@type":"PropertyValueSpecification","valueRequired":true,"valueName":"search_term_string"}}],"inLanguage":"fi"}]}},"_links":{"self":[{"href":"https:\/\/sey.fi\/kainuu\/wp-json\/wp\/v2\/pages\/53","targetHints":{"allow":["GET"]}}],"collection":[{"href":"https:\/\/sey.fi\/kainuu\/wp-json\/wp\/v2\/pages"}],"about":[{"href":"https:\/\/sey.fi\/kainuu\/wp-json\/wp\/v2\/types\/page"}],"author":[{"embeddable":true,"href":"https:\/\/sey.fi\/kainuu\/wp-json\/wp\/v2\/users\/8"}],"replies":[{"embeddable":true,"href":"https:\/\/sey.fi\/kainuu\/wp-json\/wp\/v2\/comments?post=53"}],"version-history":[{"count":3,"href":"https:\/\/sey.fi\/kainuu\/wp-json\/wp\/v2\/pages\/53\/revisions"}],"predecessor-version":[{"id":227,"href":"https:\/\/sey.fi\/kainuu\/wp-json\/wp\/v2\/pages\/53\/revisions\/227"}],"up":[{"embeddable":true,"href":"https:\/\/sey.fi\/kainuu\/wp-json\/wp\/v2\/pages\/44"}],"wp:attachment":[{"href":"https:\/\/sey.fi\/kainuu\/wp-json\/wp\/v2\/media?parent=53"}],"curies":[{"name":"wp","href":"https:\/\/api.w.org\/{rel}","templated":true}]}}