{"id":55,"date":"2019-10-28T12:21:39","date_gmt":"2019-10-28T10:21:39","guid":{"rendered":"http:\/\/srvr10.xetpoint.com\/~seyfi\/kainuu\/?page_id=55"},"modified":"2023-05-18T14:46:18","modified_gmt":"2023-05-18T11:46:18","slug":"luonnonvaraiset-elaimet","status":"publish","type":"page","link":"https:\/\/sey.fi\/kainuu\/kainuun-elainsuojeluyhdistys\/neuvot-ja-ohjeet-2\/luonnonvaraiset-elaimet\/","title":{"rendered":"Luonnonvaraiset el\u00e4imet"},"content":{"rendered":"\n<figure class=\"wp-block-image\"><img decoding=\"async\" src=\"http:\/\/kainuu.sey.fi\/images\/Taytekuvat\/taytekuva_karhu_01.png\" alt=\"\" \/><\/figure>\n\n\n\n<p><strong>Jos mahdollista, soita aina asiantuntevaan hoitopaikkaan ENNEN&nbsp;kuin kosket el\u00e4imeen!<\/strong>&nbsp;Suojelu- ja hyvinvointipoikkeus on sokea ja karvaton poikanen, joka tulee saada l\u00e4mpim\u00e4\u00e4n pikaisesti. \u00c4l\u00e4 luota luonnonvaraisten el\u00e4inten hoidossa pelkk\u00e4\u00e4n \u201cmaalaisj\u00e4rkeen\u201d. Jos el\u00e4in on selv\u00e4sti loukkaantunut, se tulee toimittaa el\u00e4inl\u00e4\u00e4k\u00e4riin v\u00e4litt\u00f6m\u00e4sti.<\/p>\n\n\n\n<h2 class=\"wp-block-heading\">Lis\u00e4\u00e4 tietoa luonnonvaraisten el\u00e4inten kohtaamisesta ja h\u00e4d\u00e4ss\u00e4 auttamisesta l\u00f6yd\u00e4t <a href=\"https:\/\/sey.fi\/luonnonelaimet\/\" target=\"_blank\" rel=\"noreferrer noopener\">t\u00e4\u00e4lt\u00e4!<\/a><br><\/h2>\n\n\n\n<hr class=\"wp-block-separator has-css-opacity\" \/>\n\n\n\n<h2 class=\"wp-block-heading\">Asiantuntevaa apua<\/h2>\n\n\n\n<p>Neuvoa luonnonvaraisiin el\u00e4imiin liittyviss\u00e4 asioissa voit kysy\u00e4 seuraavilta tahoilta:<\/p>\n\n\n\n<p><strong>Luonnonvaraisten El\u00e4inten Apu Kainuu &#8211; LUKA ry<\/strong><br>puh. 046 8843 186 (yhteydenotto 24\/7, huom. nroon <strong>vain puhelut<\/strong>)<\/p>\n\n\n\n<p>luka.yhdistys@gmail.com<\/p>\n\n\n\n<p>Facebook: <a href=\"https:\/\/www.facebook.com\/LUKAyhdistys\/\">https:\/\/www.facebook.com\/LUKAyhdistys\/<\/a><\/p>\n\n\n\n<p><strong>Sari Valtanen<\/strong> (P\u00e4\u00e4kaupunkiseudun el\u00e4insuojeluyhdistys) puh. 040 735 4470<\/p>\n\n\n\n<p><strong><a href=\"https:\/\/www.sotkamo.fi\/asuminen-ja-ymparisto\/kainuun-ymparistoterveyspalvelut\/elainlaakintahuolto\/\" target=\"_blank\" rel=\"noreferrer noopener\">El\u00e4inl\u00e4\u00e4k\u00e4rit Kainuussa<\/a><\/strong><\/p>\n\n\n\n<p><strong>P\u00e4ivyst\u00e4v\u00e4 el\u00e4inl\u00e4\u00e4k\u00e4ri\/Kainuu<br><\/strong>Tavoittaa iltaisin ja viikonloppuisin<br>Puh. 0600 303 301<\/p>\n\n\n\n<p><strong><a href=\"http:\/\/www.birdlife.fi\/\" target=\"_blank\" rel=\"noreferrer noopener\">BirdLife Suomi ry<\/a><\/strong><br>Puh. (09) 4135 3300<\/p>\n\n\n\n<p><strong><a href=\"http:\/\/www.korkeasaari.fi\/\" target=\"_blank\" rel=\"noreferrer noopener\">Korkeasaaren el\u00e4intarha<\/a><\/strong><br>Puh. (09) 3103 7887<\/p>\n\n\n\n<p><strong><a href=\"http:\/\/www.korkeasaari.fi\/suojelutyo\/villielainsairaala\/\" target=\"_blank\" rel=\"noreferrer noopener\">Korkeasaaren villiel\u00e4insairaala<br><\/a><\/strong>Puh.&nbsp;(09) 310 37900<\/p>\n\n\n\n<p><strong><a href=\"https:\/\/www.facebook.com\/lintuhoitola\/\" target=\"_blank\" rel=\"noreferrer noopener\" aria-label=\" (avautuu uudessa v\u00e4lilehdess\u00e4)\">Pyht\u00e4\u00e4n lintuhoitola<\/a><\/strong><br>Puh. 040 518 8976<\/p>\n\n\n\n<hr class=\"wp-block-separator has-css-opacity\" \/>\n","protected":false},"excerpt":{"rendered":"<p>Jos mahdollista, soita aina asiantuntevaan hoitopaikkaan ENNEN&nbsp;kuin kosket el\u00e4imeen!&nbsp;Suojelu- ja hyvinvointipoikkeus on sokea ja karvaton poikanen, joka tulee saada l\u00e4mpim\u00e4\u00e4n pikaisesti. \u00c4l\u00e4 luota luonnonvaraisten el\u00e4inten hoidossa pelkk\u00e4\u00e4n \u201cmaalaisj\u00e4rkeen\u201d. Jos el\u00e4in on selv\u00e4sti loukkaantunut, se tulee toimittaa el\u00e4inl\u00e4\u00e4k\u00e4riin v\u00e4litt\u00f6m\u00e4sti. Lis\u00e4\u00e4 tietoa luonnonvaraisten el\u00e4inten kohtaamisesta ja h\u00e4d\u00e4ss\u00e4 auttamisesta l\u00f6yd\u00e4t t\u00e4\u00e4lt\u00e4! Asiantuntevaa apua Neuvoa luonnonvaraisiin el\u00e4imiin liittyviss\u00e4 asioissa [&hellip;]<\/p>\n","protected":false},"author":8,"featured_media":0,"parent":44,"menu_order":0,"comment_status":"closed","ping_status":"closed","template":"","meta":{"_acf_changed":false,"footnotes":""},"class_list":["post-55","page","type-page","status-publish","hentry"],"acf":[],"yoast_head":"<!-- This site is optimized with the Yoast SEO plugin v27.1.1 - https:\/\/yoast.com\/product\/yoast-seo-wordpress\/ -->\n<title>Luonnonvaraiset el\u00e4imet - Kainuun el\u00e4insuojeluyhdistys<\/title>\n<meta name=\"robots\" content=\"index, follow, max-snippet:-1, max-image-preview:large, max-video-preview:-1\" \/>\n<link rel=\"canonical\" href=\"https:\/\/sey.fi\/kainuu\/kainuun-elainsuojeluyhdistys\/neuvot-ja-ohjeet-2\/luonnonvaraiset-elaimet\/\" \/>\n<meta property=\"og:locale\" content=\"fi_FI\" \/>\n<meta property=\"og:type\" content=\"article\" \/>\n<meta property=\"og:title\" content=\"Luonnonvaraiset el\u00e4imet - Kainuun el\u00e4insuojeluyhdistys\" \/>\n<meta property=\"og:description\" content=\"Jos mahdollista, soita aina asiantuntevaan hoitopaikkaan ENNEN&nbsp;kuin kosket el\u00e4imeen!&nbsp;Suojelu- ja hyvinvointipoikkeus on sokea ja karvaton poikanen, joka tulee saada l\u00e4mpim\u00e4\u00e4n pikaisesti. \u00c4l\u00e4 luota luonnonvaraisten el\u00e4inten hoidossa pelkk\u00e4\u00e4n \u201cmaalaisj\u00e4rkeen\u201d. Jos el\u00e4in on selv\u00e4sti loukkaantunut, se tulee toimittaa el\u00e4inl\u00e4\u00e4k\u00e4riin v\u00e4litt\u00f6m\u00e4sti. Lis\u00e4\u00e4 tietoa luonnonvaraisten el\u00e4inten kohtaamisesta ja h\u00e4d\u00e4ss\u00e4 auttamisesta l\u00f6yd\u00e4t t\u00e4\u00e4lt\u00e4! Asiantuntevaa apua Neuvoa luonnonvaraisiin el\u00e4imiin liittyviss\u00e4 asioissa [&hellip;]\" \/>\n<meta property=\"og:url\" content=\"https:\/\/sey.fi\/kainuu\/kainuun-elainsuojeluyhdistys\/neuvot-ja-ohjeet-2\/luonnonvaraiset-elaimet\/\" \/>\n<meta property=\"og:site_name\" content=\"Kainuun el\u00e4insuojeluyhdistys\" \/>\n<meta property=\"article:modified_time\" content=\"2023-05-18T11:46:18+00:00\" \/>\n<meta property=\"og:image\" content=\"http:\/\/kainuu.sey.fi\/images\/Taytekuvat\/taytekuva_karhu_01.png\" \/>\n<meta name=\"twitter:card\" content=\"summary_large_image\" \/>\n<meta name=\"twitter:label1\" content=\"Arvioitu lukuaika\" \/>\n\t<meta name=\"twitter:data1\" content=\"1 minuutti\" \/>\n<script type=\"application\/ld+json\" class=\"yoast-schema-graph\">{\"@context\":\"https:\/\/schema.org\",\"@graph\":[{\"@type\":\"WebPage\",\"@id\":\"https:\/\/sey.fi\/kainuu\/kainuun-elainsuojeluyhdistys\/neuvot-ja-ohjeet-2\/luonnonvaraiset-elaimet\/\",\"url\":\"https:\/\/sey.fi\/kainuu\/kainuun-elainsuojeluyhdistys\/neuvot-ja-ohjeet-2\/luonnonvaraiset-elaimet\/\",\"name\":\"Luonnonvaraiset el\u00e4imet - Kainuun el\u00e4insuojeluyhdistys\",\"isPartOf\":{\"@id\":\"https:\/\/sey.fi\/kainuu\/#website\"},\"primaryImageOfPage\":{\"@id\":\"https:\/\/sey.fi\/kainuu\/kainuun-elainsuojeluyhdistys\/neuvot-ja-ohjeet-2\/luonnonvaraiset-elaimet\/#primaryimage\"},\"image\":{\"@id\":\"https:\/\/sey.fi\/kainuu\/kainuun-elainsuojeluyhdistys\/neuvot-ja-ohjeet-2\/luonnonvaraiset-elaimet\/#primaryimage\"},\"thumbnailUrl\":\"http:\/\/kainuu.sey.fi\/images\/Taytekuvat\/taytekuva_karhu_01.png\",\"datePublished\":\"2019-10-28T10:21:39+00:00\",\"dateModified\":\"2023-05-18T11:46:18+00:00\",\"breadcrumb\":{\"@id\":\"https:\/\/sey.fi\/kainuu\/kainuun-elainsuojeluyhdistys\/neuvot-ja-ohjeet-2\/luonnonvaraiset-elaimet\/#breadcrumb\"},\"inLanguage\":\"fi\",\"potentialAction\":[{\"@type\":\"ReadAction\",\"target\":[\"https:\/\/sey.fi\/kainuu\/kainuun-elainsuojeluyhdistys\/neuvot-ja-ohjeet-2\/luonnonvaraiset-elaimet\/\"]}]},{\"@type\":\"ImageObject\",\"inLanguage\":\"fi\",\"@id\":\"https:\/\/sey.fi\/kainuu\/kainuun-elainsuojeluyhdistys\/neuvot-ja-ohjeet-2\/luonnonvaraiset-elaimet\/#primaryimage\",\"url\":\"http:\/\/kainuu.sey.fi\/images\/Taytekuvat\/taytekuva_karhu_01.png\",\"contentUrl\":\"http:\/\/kainuu.sey.fi\/images\/Taytekuvat\/taytekuva_karhu_01.png\"},{\"@type\":\"BreadcrumbList\",\"@id\":\"https:\/\/sey.fi\/kainuu\/kainuun-elainsuojeluyhdistys\/neuvot-ja-ohjeet-2\/luonnonvaraiset-elaimet\/#breadcrumb\",\"itemListElement\":[{\"@type\":\"ListItem\",\"position\":1,\"name\":\"Home\",\"item\":\"https:\/\/sey.fi\/kainuu\/\"},{\"@type\":\"ListItem\",\"position\":2,\"name\":\"Kainuun el\u00e4insuojeluyhdistys\",\"item\":\"https:\/\/sey.fi\/kainuu\/\"},{\"@type\":\"ListItem\",\"position\":3,\"name\":\"Neuvot ja ohjeet\",\"item\":\"https:\/\/sey.fi\/kainuu\/kainuun-elainsuojeluyhdistys\/neuvot-ja-ohjeet-2\/\"},{\"@type\":\"ListItem\",\"position\":4,\"name\":\"Luonnonvaraiset el\u00e4imet\"}]},{\"@type\":\"WebSite\",\"@id\":\"https:\/\/sey.fi\/kainuu\/#website\",\"url\":\"https:\/\/sey.fi\/kainuu\/\",\"name\":\"Kainuun el\u00e4insuojeluyhdistys\",\"description\":\"Uusi SEY J\u00e4senyhdistykset -sivusto\",\"potentialAction\":[{\"@type\":\"SearchAction\",\"target\":{\"@type\":\"EntryPoint\",\"urlTemplate\":\"https:\/\/sey.fi\/kainuu\/?s={search_term_string}\"},\"query-input\":{\"@type\":\"PropertyValueSpecification\",\"valueRequired\":true,\"valueName\":\"search_term_string\"}}],\"inLanguage\":\"fi\"}]}<\/script>\n<!-- \/ Yoast SEO plugin. -->","yoast_head_json":{"title":"Luonnonvaraiset el\u00e4imet - Kainuun el\u00e4insuojeluyhdistys","robots":{"index":"index","follow":"follow","max-snippet":"max-snippet:-1","max-image-preview":"max-image-preview:large","max-video-preview":"max-video-preview:-1"},"canonical":"https:\/\/sey.fi\/kainuu\/kainuun-elainsuojeluyhdistys\/neuvot-ja-ohjeet-2\/luonnonvaraiset-elaimet\/","og_locale":"fi_FI","og_type":"article","og_title":"Luonnonvaraiset el\u00e4imet - Kainuun el\u00e4insuojeluyhdistys","og_description":"Jos mahdollista, soita aina asiantuntevaan hoitopaikkaan ENNEN&nbsp;kuin kosket el\u00e4imeen!&nbsp;Suojelu- ja hyvinvointipoikkeus on sokea ja karvaton poikanen, joka tulee saada l\u00e4mpim\u00e4\u00e4n pikaisesti. \u00c4l\u00e4 luota luonnonvaraisten el\u00e4inten hoidossa pelkk\u00e4\u00e4n \u201cmaalaisj\u00e4rkeen\u201d. Jos el\u00e4in on selv\u00e4sti loukkaantunut, se tulee toimittaa el\u00e4inl\u00e4\u00e4k\u00e4riin v\u00e4litt\u00f6m\u00e4sti. Lis\u00e4\u00e4 tietoa luonnonvaraisten el\u00e4inten kohtaamisesta ja h\u00e4d\u00e4ss\u00e4 auttamisesta l\u00f6yd\u00e4t t\u00e4\u00e4lt\u00e4! Asiantuntevaa apua Neuvoa luonnonvaraisiin el\u00e4imiin liittyviss\u00e4 asioissa [&hellip;]","og_url":"https:\/\/sey.fi\/kainuu\/kainuun-elainsuojeluyhdistys\/neuvot-ja-ohjeet-2\/luonnonvaraiset-elaimet\/","og_site_name":"Kainuun el\u00e4insuojeluyhdistys","article_modified_time":"2023-05-18T11:46:18+00:00","og_image":[{"url":"http:\/\/kainuu.sey.fi\/images\/Taytekuvat\/taytekuva_karhu_01.png","type":"","width":"","height":""}],"twitter_card":"summary_large_image","twitter_misc":{"Arvioitu lukuaika":"1 minuutti"},"schema":{"@context":"https:\/\/schema.org","@graph":[{"@type":"WebPage","@id":"https:\/\/sey.fi\/kainuu\/kainuun-elainsuojeluyhdistys\/neuvot-ja-ohjeet-2\/luonnonvaraiset-elaimet\/","url":"https:\/\/sey.fi\/kainuu\/kainuun-elainsuojeluyhdistys\/neuvot-ja-ohjeet-2\/luonnonvaraiset-elaimet\/","name":"Luonnonvaraiset el\u00e4imet - Kainuun el\u00e4insuojeluyhdistys","isPartOf":{"@id":"https:\/\/sey.fi\/kainuu\/#website"},"primaryImageOfPage":{"@id":"https:\/\/sey.fi\/kainuu\/kainuun-elainsuojeluyhdistys\/neuvot-ja-ohjeet-2\/luonnonvaraiset-elaimet\/#primaryimage"},"image":{"@id":"https:\/\/sey.fi\/kainuu\/kainuun-elainsuojeluyhdistys\/neuvot-ja-ohjeet-2\/luonnonvaraiset-elaimet\/#primaryimage"},"thumbnailUrl":"http:\/\/kainuu.sey.fi\/images\/Taytekuvat\/taytekuva_karhu_01.png","datePublished":"2019-10-28T10:21:39+00:00","dateModified":"2023-05-18T11:46:18+00:00","breadcrumb":{"@id":"https:\/\/sey.fi\/kainuu\/kainuun-elainsuojeluyhdistys\/neuvot-ja-ohjeet-2\/luonnonvaraiset-elaimet\/#breadcrumb"},"inLanguage":"fi","potentialAction":[{"@type":"ReadAction","target":["https:\/\/sey.fi\/kainuu\/kainuun-elainsuojeluyhdistys\/neuvot-ja-ohjeet-2\/luonnonvaraiset-elaimet\/"]}]},{"@type":"ImageObject","inLanguage":"fi","@id":"https:\/\/sey.fi\/kainuu\/kainuun-elainsuojeluyhdistys\/neuvot-ja-ohjeet-2\/luonnonvaraiset-elaimet\/#primaryimage","url":"http:\/\/kainuu.sey.fi\/images\/Taytekuvat\/taytekuva_karhu_01.png","contentUrl":"http:\/\/kainuu.sey.fi\/images\/Taytekuvat\/taytekuva_karhu_01.png"},{"@type":"BreadcrumbList","@id":"https:\/\/sey.fi\/kainuu\/kainuun-elainsuojeluyhdistys\/neuvot-ja-ohjeet-2\/luonnonvaraiset-elaimet\/#breadcrumb","itemListElement":[{"@type":"ListItem","position":1,"name":"Home","item":"https:\/\/sey.fi\/kainuu\/"},{"@type":"ListItem","position":2,"name":"Kainuun el\u00e4insuojeluyhdistys","item":"https:\/\/sey.fi\/kainuu\/"},{"@type":"ListItem","position":3,"name":"Neuvot ja ohjeet","item":"https:\/\/sey.fi\/kainuu\/kainuun-elainsuojeluyhdistys\/neuvot-ja-ohjeet-2\/"},{"@type":"ListItem","position":4,"name":"Luonnonvaraiset el\u00e4imet"}]},{"@type":"WebSite","@id":"https:\/\/sey.fi\/kainuu\/#website","url":"https:\/\/sey.fi\/kainuu\/","name":"Kainuun el\u00e4insuojeluyhdistys","description":"Uusi SEY J\u00e4senyhdistykset -sivusto","potentialAction":[{"@type":"SearchAction","target":{"@type":"EntryPoint","urlTemplate":"https:\/\/sey.fi\/kainuu\/?s={search_term_string}"},"query-input":{"@type":"PropertyValueSpecification","valueRequired":true,"valueName":"search_term_string"}}],"inLanguage":"fi"}]}},"_links":{"self":[{"href":"https:\/\/sey.fi\/kainuu\/wp-json\/wp\/v2\/pages\/55","targetHints":{"allow":["GET"]}}],"collection":[{"href":"https:\/\/sey.fi\/kainuu\/wp-json\/wp\/v2\/pages"}],"about":[{"href":"https:\/\/sey.fi\/kainuu\/wp-json\/wp\/v2\/types\/page"}],"author":[{"embeddable":true,"href":"https:\/\/sey.fi\/kainuu\/wp-json\/wp\/v2\/users\/8"}],"replies":[{"embeddable":true,"href":"https:\/\/sey.fi\/kainuu\/wp-json\/wp\/v2\/comments?post=55"}],"version-history":[{"count":12,"href":"https:\/\/sey.fi\/kainuu\/wp-json\/wp\/v2\/pages\/55\/revisions"}],"predecessor-version":[{"id":295,"href":"https:\/\/sey.fi\/kainuu\/wp-json\/wp\/v2\/pages\/55\/revisions\/295"}],"up":[{"embeddable":true,"href":"https:\/\/sey.fi\/kainuu\/wp-json\/wp\/v2\/pages\/44"}],"wp:attachment":[{"href":"https:\/\/sey.fi\/kainuu\/wp-json\/wp\/v2\/media?parent=55"}],"curies":[{"name":"wp","href":"https:\/\/api.w.org\/{rel}","templated":true}]}}