{"id":57,"date":"2019-10-28T12:22:26","date_gmt":"2019-10-28T10:22:26","guid":{"rendered":"http:\/\/srvr10.xetpoint.com\/~seyfi\/kainuu\/?page_id=57"},"modified":"2024-01-07T13:53:15","modified_gmt":"2024-01-07T11:53:15","slug":"elainsuojelulaki","status":"publish","type":"page","link":"https:\/\/sey.fi\/kainuu\/kainuun-elainsuojeluyhdistys\/neuvot-ja-ohjeet-2\/elainsuojelulaki\/","title":{"rendered":"Laki el\u00e4inten hyvinvoinnista"},"content":{"rendered":"\n<p>Uusi el\u00e4inten hyvinvointilaki (693\/2023) astui voimaan 1.1.2024. Uuden lain my\u00f6t\u00e4 voimaan on tullut osittain t\u00e4ysin uusia s\u00e4\u00e4nn\u00f6ksi\u00e4 ja osittain muuttuvia s\u00e4\u00e4nn\u00f6ksi\u00e4, liittyen muun muassa koirien ja hevosten pitoon sek\u00e4  jatkuvan vedensaannin vaatimukseen nis\u00e4kk\u00e4ille ja linnuille.<\/p>\n\n\n\n<p>Keskeisiin muutoksiin voit tutustua esimerkiksi Ruokaviraston <a href=\"https:\/\/www.ruokavirasto.fi\/elaimet\/elainten-hyvinvointi\/uuden-elainten-hyvinvointilain-keskeiset-muutokset\/\">sivustolla<\/a>. Uusi laki kokonaisuudessaan luettavissa <a href=\"https:\/\/finlex.fi\/fi\/laki\/alkup\/2023\/20230693\">t\u00e4\u00e4ll\u00e4<\/a>.<\/p>\n\n\n\n<p><strong>1 \u00a7 Lain tarkoitus<\/strong><br>T\u00e4m\u00e4n lain tarkoituksena on edist\u00e4\u00e4 el\u00e4inten hyvinvointia ja suojella el\u00e4imi\u00e4 parhaalla mahdollisella tavalla niiden hyvinvoinnille aiheutuvalta haitalta.<\/p>\n\n\n\n<p>Lain tarkoituksena on my\u00f6s lis\u00e4t\u00e4 el\u00e4inten kunnioitusta ja hyv\u00e4\u00e4 kohtelua.<\/p>\n\n\n\n<p><\/p>\n\n\n\n<p><strong>6 \u00a7 Yleiset periaatteet<\/strong><br>El\u00e4imi\u00e4 on kohdeltava hyvin ja niit\u00e4 kunnioittaen. El\u00e4imille ei saa aiheuttaa tarpeetonta kipua tai k\u00e4rsimyst\u00e4 eik\u00e4 niiden hyvinvointia saa tarpeettomasti vaarantaa.<\/p>\n\n\n\n<p>Hoidossa olevaa el\u00e4int\u00e4 ei saa j\u00e4tt\u00e4\u00e4 hoidotta eik\u00e4 hyl\u00e4t\u00e4.<\/p>\n\n\n\n<p><strong>12 \u00a7 Kohtelun yleiset vaatimukset<\/strong><br>El\u00e4int\u00e4 on kohdeltava rauhallisesti. El\u00e4imen k\u00e4sittelyss\u00e4 ja koulutuksessa on pyritt\u00e4v\u00e4 k\u00e4ytt\u00e4m\u00e4\u00e4n hyv\u00e4ksi sen lajityypillist\u00e4 k\u00e4ytt\u00e4ytymist\u00e4.<\/p>\n\n\n\n<p>El\u00e4in on totutettava k\u00e4sittelyyn ja pito-olosuhteisiin, jos se on pidett\u00e4v\u00e4n el\u00e4inlajin ja el\u00e4inten pitomuodon kannalta tarkoituksenmukaista. Jos el\u00e4in ei ole tottunut k\u00e4sittelyyn, t\u00e4m\u00e4 on otettava huomioon el\u00e4int\u00e4 k\u00e4sitelt\u00e4ess\u00e4. Luonnonvaraista el\u00e4int\u00e4 tulisi k\u00e4sitell\u00e4 niin, ett\u00e4 se ei kesyynny tarpeettomasti.<\/p>\n\n\n\n<p>Valtioneuvoston asetuksella voidaan antaa tarkempia s\u00e4\u00e4nn\u00f6ksi\u00e4 el\u00e4inten k\u00e4sittelyst\u00e4 sek\u00e4 k\u00e4sittelyyn ja pito-olosuhteisiin totuttamisesta.<\/p>\n\n\n\n<p><strong>26 \u00a7 L\u00f6yt\u00f6el\u00e4imet<\/strong><br>Kunnalla tulee olla sen alueella irrallaan tavattujen ja kiinni otettujen koirien ja kissojen sek\u00e4 muiden pienikokoisten seura- ja harrastusel\u00e4inten (<em>l\u00f6yt\u00f6el\u00e4imet<\/em>) tilap\u00e4isen hoidon j\u00e4rjest\u00e4mist\u00e4 varten talteenottopaikka.<\/p>\n\n\n\n<p>Talteenottopaikassa on tarkastettava, onko l\u00f6yt\u00f6el\u00e4imell\u00e4 tunnistusmerkint\u00e4 tai muu tunniste ja ryhdytt\u00e4v\u00e4 kohtuullisiin toimiin talteenotosta ilmoittamiseksi el\u00e4imen omistajalle tai muulle pit\u00e4j\u00e4lle. Jos el\u00e4imen omistaja tai pit\u00e4j\u00e4 ei ole tiedossa, ilmoitus el\u00e4imen talteenotosta ja tuntomerkeist\u00e4 on julkaistava talteenottopaikan internetsivuilla. Sairaalle tai vahingoittuneelle el\u00e4imelle on j\u00e4rjestett\u00e4v\u00e4 viipym\u00e4tt\u00e4 sen tarvitsema ensiapu ja muu kohtuullinen ja tarkoituksenmukainen hoito sairauden tai vamman hoitamiseksi.<\/p>\n\n\n\n<p>L\u00f6yt\u00f6el\u00e4int\u00e4 on s\u00e4ilytett\u00e4v\u00e4 v\u00e4hint\u00e4\u00e4n 15 p\u00e4iv\u00e4n ajan siit\u00e4, kun el\u00e4imen omistajalle tai pit\u00e4j\u00e4lle on ilmoitettu el\u00e4imen talteenotosta tai kun talteenotosta on julkaistu 2 momentissa tarkoitettu ilmoitus. T\u00e4m\u00e4n j\u00e4lkeen kunnalla on oikeus myyd\u00e4, luovuttaa tai lopettaa el\u00e4in. &#8212;<\/p>\n\n\n\n<p>Jos poliisille on tehty mets\u00e4styslain (615\/93) 55 \u00a7:ss\u00e4 tarkoitettu ilmoitus koiran talteenotosta, tulee poliisin ilmoittaa talteenotosta kunnan l\u00f6yt\u00f6el\u00e4inten talteenottopaikkaan.<\/p>\n","protected":false},"excerpt":{"rendered":"<p>Uusi el\u00e4inten hyvinvointilaki (693\/2023) astui voimaan 1.1.2024. Uuden lain my\u00f6t\u00e4 voimaan on tullut osittain t\u00e4ysin uusia s\u00e4\u00e4nn\u00f6ksi\u00e4 ja osittain muuttuvia s\u00e4\u00e4nn\u00f6ksi\u00e4, liittyen muun muassa koirien ja hevosten pitoon sek\u00e4 jatkuvan vedensaannin vaatimukseen nis\u00e4kk\u00e4ille ja linnuille. Keskeisiin muutoksiin voit tutustua esimerkiksi Ruokaviraston sivustolla. Uusi laki kokonaisuudessaan luettavissa t\u00e4\u00e4ll\u00e4. 1 \u00a7 Lain tarkoitusT\u00e4m\u00e4n lain tarkoituksena on edist\u00e4\u00e4 [&hellip;]<\/p>\n","protected":false},"author":8,"featured_media":0,"parent":44,"menu_order":0,"comment_status":"closed","ping_status":"closed","template":"","meta":{"_acf_changed":false,"footnotes":""},"class_list":["post-57","page","type-page","status-publish","hentry"],"acf":[],"yoast_head":"<!-- This site is optimized with the Yoast SEO plugin v27.1.1 - https:\/\/yoast.com\/product\/yoast-seo-wordpress\/ -->\n<title>Laki el\u00e4inten hyvinvoinnista - Kainuun el\u00e4insuojeluyhdistys<\/title>\n<meta name=\"robots\" content=\"index, follow, max-snippet:-1, max-image-preview:large, max-video-preview:-1\" \/>\n<link rel=\"canonical\" href=\"https:\/\/sey.fi\/kainuu\/kainuun-elainsuojeluyhdistys\/neuvot-ja-ohjeet-2\/elainsuojelulaki\/\" \/>\n<meta property=\"og:locale\" content=\"fi_FI\" \/>\n<meta property=\"og:type\" content=\"article\" \/>\n<meta property=\"og:title\" content=\"Laki el\u00e4inten hyvinvoinnista - Kainuun el\u00e4insuojeluyhdistys\" \/>\n<meta property=\"og:description\" content=\"Uusi el\u00e4inten hyvinvointilaki (693\/2023) astui voimaan 1.1.2024. Uuden lain my\u00f6t\u00e4 voimaan on tullut osittain t\u00e4ysin uusia s\u00e4\u00e4nn\u00f6ksi\u00e4 ja osittain muuttuvia s\u00e4\u00e4nn\u00f6ksi\u00e4, liittyen muun muassa koirien ja hevosten pitoon sek\u00e4 jatkuvan vedensaannin vaatimukseen nis\u00e4kk\u00e4ille ja linnuille. Keskeisiin muutoksiin voit tutustua esimerkiksi Ruokaviraston sivustolla. Uusi laki kokonaisuudessaan luettavissa t\u00e4\u00e4ll\u00e4. 1 \u00a7 Lain tarkoitusT\u00e4m\u00e4n lain tarkoituksena on edist\u00e4\u00e4 [&hellip;]\" \/>\n<meta property=\"og:url\" content=\"https:\/\/sey.fi\/kainuu\/kainuun-elainsuojeluyhdistys\/neuvot-ja-ohjeet-2\/elainsuojelulaki\/\" \/>\n<meta property=\"og:site_name\" content=\"Kainuun el\u00e4insuojeluyhdistys\" \/>\n<meta property=\"article:modified_time\" content=\"2024-01-07T11:53:15+00:00\" \/>\n<meta name=\"twitter:card\" content=\"summary_large_image\" \/>\n<meta name=\"twitter:label1\" content=\"Arvioitu lukuaika\" \/>\n\t<meta name=\"twitter:data1\" content=\"3 minuuttia\" \/>\n<script type=\"application\/ld+json\" class=\"yoast-schema-graph\">{\"@context\":\"https:\/\/schema.org\",\"@graph\":[{\"@type\":\"WebPage\",\"@id\":\"https:\/\/sey.fi\/kainuu\/kainuun-elainsuojeluyhdistys\/neuvot-ja-ohjeet-2\/elainsuojelulaki\/\",\"url\":\"https:\/\/sey.fi\/kainuu\/kainuun-elainsuojeluyhdistys\/neuvot-ja-ohjeet-2\/elainsuojelulaki\/\",\"name\":\"Laki el\u00e4inten hyvinvoinnista - Kainuun el\u00e4insuojeluyhdistys\",\"isPartOf\":{\"@id\":\"https:\/\/sey.fi\/kainuu\/#website\"},\"datePublished\":\"2019-10-28T10:22:26+00:00\",\"dateModified\":\"2024-01-07T11:53:15+00:00\",\"breadcrumb\":{\"@id\":\"https:\/\/sey.fi\/kainuu\/kainuun-elainsuojeluyhdistys\/neuvot-ja-ohjeet-2\/elainsuojelulaki\/#breadcrumb\"},\"inLanguage\":\"fi\",\"potentialAction\":[{\"@type\":\"ReadAction\",\"target\":[\"https:\/\/sey.fi\/kainuu\/kainuun-elainsuojeluyhdistys\/neuvot-ja-ohjeet-2\/elainsuojelulaki\/\"]}]},{\"@type\":\"BreadcrumbList\",\"@id\":\"https:\/\/sey.fi\/kainuu\/kainuun-elainsuojeluyhdistys\/neuvot-ja-ohjeet-2\/elainsuojelulaki\/#breadcrumb\",\"itemListElement\":[{\"@type\":\"ListItem\",\"position\":1,\"name\":\"Home\",\"item\":\"https:\/\/sey.fi\/kainuu\/\"},{\"@type\":\"ListItem\",\"position\":2,\"name\":\"Kainuun el\u00e4insuojeluyhdistys\",\"item\":\"https:\/\/sey.fi\/kainuu\/\"},{\"@type\":\"ListItem\",\"position\":3,\"name\":\"Neuvot ja ohjeet\",\"item\":\"https:\/\/sey.fi\/kainuu\/kainuun-elainsuojeluyhdistys\/neuvot-ja-ohjeet-2\/\"},{\"@type\":\"ListItem\",\"position\":4,\"name\":\"Laki el\u00e4inten hyvinvoinnista\"}]},{\"@type\":\"WebSite\",\"@id\":\"https:\/\/sey.fi\/kainuu\/#website\",\"url\":\"https:\/\/sey.fi\/kainuu\/\",\"name\":\"Kainuun el\u00e4insuojeluyhdistys\",\"description\":\"Uusi SEY J\u00e4senyhdistykset -sivusto\",\"potentialAction\":[{\"@type\":\"SearchAction\",\"target\":{\"@type\":\"EntryPoint\",\"urlTemplate\":\"https:\/\/sey.fi\/kainuu\/?s={search_term_string}\"},\"query-input\":{\"@type\":\"PropertyValueSpecification\",\"valueRequired\":true,\"valueName\":\"search_term_string\"}}],\"inLanguage\":\"fi\"}]}<\/script>\n<!-- \/ Yoast SEO plugin. -->","yoast_head_json":{"title":"Laki el\u00e4inten hyvinvoinnista - Kainuun el\u00e4insuojeluyhdistys","robots":{"index":"index","follow":"follow","max-snippet":"max-snippet:-1","max-image-preview":"max-image-preview:large","max-video-preview":"max-video-preview:-1"},"canonical":"https:\/\/sey.fi\/kainuu\/kainuun-elainsuojeluyhdistys\/neuvot-ja-ohjeet-2\/elainsuojelulaki\/","og_locale":"fi_FI","og_type":"article","og_title":"Laki el\u00e4inten hyvinvoinnista - Kainuun el\u00e4insuojeluyhdistys","og_description":"Uusi el\u00e4inten hyvinvointilaki (693\/2023) astui voimaan 1.1.2024. Uuden lain my\u00f6t\u00e4 voimaan on tullut osittain t\u00e4ysin uusia s\u00e4\u00e4nn\u00f6ksi\u00e4 ja osittain muuttuvia s\u00e4\u00e4nn\u00f6ksi\u00e4, liittyen muun muassa koirien ja hevosten pitoon sek\u00e4 jatkuvan vedensaannin vaatimukseen nis\u00e4kk\u00e4ille ja linnuille. Keskeisiin muutoksiin voit tutustua esimerkiksi Ruokaviraston sivustolla. Uusi laki kokonaisuudessaan luettavissa t\u00e4\u00e4ll\u00e4. 1 \u00a7 Lain tarkoitusT\u00e4m\u00e4n lain tarkoituksena on edist\u00e4\u00e4 [&hellip;]","og_url":"https:\/\/sey.fi\/kainuu\/kainuun-elainsuojeluyhdistys\/neuvot-ja-ohjeet-2\/elainsuojelulaki\/","og_site_name":"Kainuun el\u00e4insuojeluyhdistys","article_modified_time":"2024-01-07T11:53:15+00:00","twitter_card":"summary_large_image","twitter_misc":{"Arvioitu lukuaika":"3 minuuttia"},"schema":{"@context":"https:\/\/schema.org","@graph":[{"@type":"WebPage","@id":"https:\/\/sey.fi\/kainuu\/kainuun-elainsuojeluyhdistys\/neuvot-ja-ohjeet-2\/elainsuojelulaki\/","url":"https:\/\/sey.fi\/kainuu\/kainuun-elainsuojeluyhdistys\/neuvot-ja-ohjeet-2\/elainsuojelulaki\/","name":"Laki el\u00e4inten hyvinvoinnista - Kainuun el\u00e4insuojeluyhdistys","isPartOf":{"@id":"https:\/\/sey.fi\/kainuu\/#website"},"datePublished":"2019-10-28T10:22:26+00:00","dateModified":"2024-01-07T11:53:15+00:00","breadcrumb":{"@id":"https:\/\/sey.fi\/kainuu\/kainuun-elainsuojeluyhdistys\/neuvot-ja-ohjeet-2\/elainsuojelulaki\/#breadcrumb"},"inLanguage":"fi","potentialAction":[{"@type":"ReadAction","target":["https:\/\/sey.fi\/kainuu\/kainuun-elainsuojeluyhdistys\/neuvot-ja-ohjeet-2\/elainsuojelulaki\/"]}]},{"@type":"BreadcrumbList","@id":"https:\/\/sey.fi\/kainuu\/kainuun-elainsuojeluyhdistys\/neuvot-ja-ohjeet-2\/elainsuojelulaki\/#breadcrumb","itemListElement":[{"@type":"ListItem","position":1,"name":"Home","item":"https:\/\/sey.fi\/kainuu\/"},{"@type":"ListItem","position":2,"name":"Kainuun el\u00e4insuojeluyhdistys","item":"https:\/\/sey.fi\/kainuu\/"},{"@type":"ListItem","position":3,"name":"Neuvot ja ohjeet","item":"https:\/\/sey.fi\/kainuu\/kainuun-elainsuojeluyhdistys\/neuvot-ja-ohjeet-2\/"},{"@type":"ListItem","position":4,"name":"Laki el\u00e4inten hyvinvoinnista"}]},{"@type":"WebSite","@id":"https:\/\/sey.fi\/kainuu\/#website","url":"https:\/\/sey.fi\/kainuu\/","name":"Kainuun el\u00e4insuojeluyhdistys","description":"Uusi SEY J\u00e4senyhdistykset -sivusto","potentialAction":[{"@type":"SearchAction","target":{"@type":"EntryPoint","urlTemplate":"https:\/\/sey.fi\/kainuu\/?s={search_term_string}"},"query-input":{"@type":"PropertyValueSpecification","valueRequired":true,"valueName":"search_term_string"}}],"inLanguage":"fi"}]}},"_links":{"self":[{"href":"https:\/\/sey.fi\/kainuu\/wp-json\/wp\/v2\/pages\/57","targetHints":{"allow":["GET"]}}],"collection":[{"href":"https:\/\/sey.fi\/kainuu\/wp-json\/wp\/v2\/pages"}],"about":[{"href":"https:\/\/sey.fi\/kainuu\/wp-json\/wp\/v2\/types\/page"}],"author":[{"embeddable":true,"href":"https:\/\/sey.fi\/kainuu\/wp-json\/wp\/v2\/users\/8"}],"replies":[{"embeddable":true,"href":"https:\/\/sey.fi\/kainuu\/wp-json\/wp\/v2\/comments?post=57"}],"version-history":[{"count":2,"href":"https:\/\/sey.fi\/kainuu\/wp-json\/wp\/v2\/pages\/57\/revisions"}],"predecessor-version":[{"id":298,"href":"https:\/\/sey.fi\/kainuu\/wp-json\/wp\/v2\/pages\/57\/revisions\/298"}],"up":[{"embeddable":true,"href":"https:\/\/sey.fi\/kainuu\/wp-json\/wp\/v2\/pages\/44"}],"wp:attachment":[{"href":"https:\/\/sey.fi\/kainuu\/wp-json\/wp\/v2\/media?parent=57"}],"curies":[{"name":"wp","href":"https:\/\/api.w.org\/{rel}","templated":true}]}}