{"id":81,"date":"2019-10-28T12:31:02","date_gmt":"2019-10-28T10:31:02","guid":{"rendered":"http:\/\/srvr10.xetpoint.com\/~seyfi\/kainuu\/?page_id=81"},"modified":"2021-07-30T14:31:40","modified_gmt":"2021-07-30T11:31:40","slug":"kodittomat-elaimet","status":"publish","type":"page","link":"https:\/\/sey.fi\/kainuu\/kainuun-elainsuojeluyhdistys\/kodittomat-elaimet\/","title":{"rendered":"Kodittomat el\u00e4imet"},"content":{"rendered":"\n<p>Suomessa ja maailmalla on paljon kotia etsivi\u00e4 koiria ja kissoja. Kainuun El\u00e4insuojeluyhdistys ry yll\u00e4pit\u00e4\u00e4 sijaiskotitoimintaa el\u00e4imille.&nbsp;Sijaiskotiin menev\u00e4t ne el\u00e4imet, jotka jostakin syyst\u00e4 joutuvat luopumaan aikaisemmasta kodistaan &#8211; esimerkiksi omistajansa vakavan sairastumisen johdosta. El\u00e4imet ovat p\u00e4\u00e4asiassa kissoja tai koiria. Toivottavasti sinulla on mahdollisuus antaa koti parhaalle yst\u00e4v\u00e4llesi &#8211; tai jopa useammalle. Harkitse kuitenkin tarkoin ne olosuhteet, mit\u00e4 olet el\u00e4imelle tarjoamassa.<\/p>\n\n\n\n<p>Sijaiskoti huolehtii el\u00e4imeist\u00e4 kunnes sille l\u00f6ytyy pysyv\u00e4 lopullinen koti. Yhdistyksemme maksaa el\u00e4imen yll\u00e4pidon sek\u00e4 mahdolliset el\u00e4inl\u00e4\u00e4k\u00e4rik\u00e4ynnit. Perusajatuksena on ettei sijaiskodin tarjoajalle tule kuluja. Sijaiskoti voi my\u00f6s halutessaan adoptoida el\u00e4imen. Sijaiskodissa voi olla lapsia tai muita lemmikkej\u00e4. Yhdistys tekee parhaansa, ett\u00e4 sopiva sijaiskoti ja koti l\u00f6ytyy jokaiselle el\u00e4imelle.&nbsp;Kissojen osalta kodinetsint\u00e4\u00e4 hoitaa&nbsp;<a href=\"http:\/\/www.kainuunkissanystavat.fi\/\" target=\"_blank\" rel=\"noreferrer noopener\">Kainuun Kissanyst\u00e4v\u00e4t ry<\/a>&nbsp;ja heid\u00e4n sivuiltaan on&nbsp;l\u00f6ydett\u00e4viss\u00e4 kotia etsiv\u00e4t kissat.<\/p>\n\n\n\n<p>Joudutko luopumaan el\u00e4imest\u00e4si? Kiinnostuitko sijaiskotitoiminnasta?&nbsp;<a href=\"https:\/\/sey.fi\/kainuu\/kainuun-elainsuojeluyhdistys\/yhteystiedot\/\">Ota yhteytt\u00e4<\/a>&nbsp;&#8211;&nbsp;kerromme mielell\u00e4mme lis\u00e4\u00e4!<\/p>\n\n\n\n<hr class=\"wp-block-separator\" \/>\n","protected":false},"excerpt":{"rendered":"<p>Suomessa ja maailmalla on paljon kotia etsivi\u00e4 koiria ja kissoja. Kainuun El\u00e4insuojeluyhdistys ry yll\u00e4pit\u00e4\u00e4 sijaiskotitoimintaa el\u00e4imille.&nbsp;Sijaiskotiin menev\u00e4t ne el\u00e4imet, jotka jostakin syyst\u00e4 joutuvat luopumaan aikaisemmasta kodistaan &#8211; esimerkiksi omistajansa vakavan sairastumisen johdosta. El\u00e4imet ovat p\u00e4\u00e4asiassa kissoja tai koiria. Toivottavasti sinulla on mahdollisuus antaa koti parhaalle yst\u00e4v\u00e4llesi &#8211; tai jopa useammalle. Harkitse kuitenkin tarkoin ne olosuhteet, [&hellip;]<\/p>\n","protected":false},"author":8,"featured_media":0,"parent":2,"menu_order":0,"comment_status":"closed","ping_status":"closed","template":"","meta":{"_acf_changed":false,"footnotes":""},"class_list":["post-81","page","type-page","status-publish","hentry"],"acf":[],"yoast_head":"<!-- This site is optimized with the Yoast SEO plugin v27.1.1 - https:\/\/yoast.com\/product\/yoast-seo-wordpress\/ -->\n<title>Kodittomat el\u00e4imet - Kainuun el\u00e4insuojeluyhdistys<\/title>\n<meta name=\"robots\" content=\"index, follow, max-snippet:-1, max-image-preview:large, max-video-preview:-1\" \/>\n<link rel=\"canonical\" href=\"https:\/\/sey.fi\/kainuu\/kainuun-elainsuojeluyhdistys\/kodittomat-elaimet\/\" \/>\n<meta property=\"og:locale\" content=\"fi_FI\" \/>\n<meta property=\"og:type\" content=\"article\" \/>\n<meta property=\"og:title\" content=\"Kodittomat el\u00e4imet - Kainuun el\u00e4insuojeluyhdistys\" \/>\n<meta property=\"og:description\" content=\"Suomessa ja maailmalla on paljon kotia etsivi\u00e4 koiria ja kissoja. Kainuun El\u00e4insuojeluyhdistys ry yll\u00e4pit\u00e4\u00e4 sijaiskotitoimintaa el\u00e4imille.&nbsp;Sijaiskotiin menev\u00e4t ne el\u00e4imet, jotka jostakin syyst\u00e4 joutuvat luopumaan aikaisemmasta kodistaan &#8211; esimerkiksi omistajansa vakavan sairastumisen johdosta. El\u00e4imet ovat p\u00e4\u00e4asiassa kissoja tai koiria. Toivottavasti sinulla on mahdollisuus antaa koti parhaalle yst\u00e4v\u00e4llesi &#8211; tai jopa useammalle. Harkitse kuitenkin tarkoin ne olosuhteet, [&hellip;]\" \/>\n<meta property=\"og:url\" content=\"https:\/\/sey.fi\/kainuu\/kainuun-elainsuojeluyhdistys\/kodittomat-elaimet\/\" \/>\n<meta property=\"og:site_name\" content=\"Kainuun el\u00e4insuojeluyhdistys\" \/>\n<meta property=\"article:modified_time\" content=\"2021-07-30T11:31:40+00:00\" \/>\n<meta name=\"twitter:card\" content=\"summary_large_image\" \/>\n<meta name=\"twitter:label1\" content=\"Arvioitu lukuaika\" \/>\n\t<meta name=\"twitter:data1\" content=\"1 minuutti\" \/>\n<script type=\"application\/ld+json\" class=\"yoast-schema-graph\">{\"@context\":\"https:\/\/schema.org\",\"@graph\":[{\"@type\":\"WebPage\",\"@id\":\"https:\/\/sey.fi\/kainuu\/kainuun-elainsuojeluyhdistys\/kodittomat-elaimet\/\",\"url\":\"https:\/\/sey.fi\/kainuu\/kainuun-elainsuojeluyhdistys\/kodittomat-elaimet\/\",\"name\":\"Kodittomat el\u00e4imet - Kainuun el\u00e4insuojeluyhdistys\",\"isPartOf\":{\"@id\":\"https:\/\/sey.fi\/kainuu\/#website\"},\"datePublished\":\"2019-10-28T10:31:02+00:00\",\"dateModified\":\"2021-07-30T11:31:40+00:00\",\"breadcrumb\":{\"@id\":\"https:\/\/sey.fi\/kainuu\/kainuun-elainsuojeluyhdistys\/kodittomat-elaimet\/#breadcrumb\"},\"inLanguage\":\"fi\",\"potentialAction\":[{\"@type\":\"ReadAction\",\"target\":[\"https:\/\/sey.fi\/kainuu\/kainuun-elainsuojeluyhdistys\/kodittomat-elaimet\/\"]}]},{\"@type\":\"BreadcrumbList\",\"@id\":\"https:\/\/sey.fi\/kainuu\/kainuun-elainsuojeluyhdistys\/kodittomat-elaimet\/#breadcrumb\",\"itemListElement\":[{\"@type\":\"ListItem\",\"position\":1,\"name\":\"Home\",\"item\":\"https:\/\/sey.fi\/kainuu\/\"},{\"@type\":\"ListItem\",\"position\":2,\"name\":\"Kainuun el\u00e4insuojeluyhdistys\",\"item\":\"https:\/\/sey.fi\/kainuu\/\"},{\"@type\":\"ListItem\",\"position\":3,\"name\":\"Kodittomat el\u00e4imet\"}]},{\"@type\":\"WebSite\",\"@id\":\"https:\/\/sey.fi\/kainuu\/#website\",\"url\":\"https:\/\/sey.fi\/kainuu\/\",\"name\":\"Kainuun el\u00e4insuojeluyhdistys\",\"description\":\"Uusi SEY J\u00e4senyhdistykset -sivusto\",\"potentialAction\":[{\"@type\":\"SearchAction\",\"target\":{\"@type\":\"EntryPoint\",\"urlTemplate\":\"https:\/\/sey.fi\/kainuu\/?s={search_term_string}\"},\"query-input\":{\"@type\":\"PropertyValueSpecification\",\"valueRequired\":true,\"valueName\":\"search_term_string\"}}],\"inLanguage\":\"fi\"}]}<\/script>\n<!-- \/ Yoast SEO plugin. -->","yoast_head_json":{"title":"Kodittomat el\u00e4imet - Kainuun el\u00e4insuojeluyhdistys","robots":{"index":"index","follow":"follow","max-snippet":"max-snippet:-1","max-image-preview":"max-image-preview:large","max-video-preview":"max-video-preview:-1"},"canonical":"https:\/\/sey.fi\/kainuu\/kainuun-elainsuojeluyhdistys\/kodittomat-elaimet\/","og_locale":"fi_FI","og_type":"article","og_title":"Kodittomat el\u00e4imet - Kainuun el\u00e4insuojeluyhdistys","og_description":"Suomessa ja maailmalla on paljon kotia etsivi\u00e4 koiria ja kissoja. Kainuun El\u00e4insuojeluyhdistys ry yll\u00e4pit\u00e4\u00e4 sijaiskotitoimintaa el\u00e4imille.&nbsp;Sijaiskotiin menev\u00e4t ne el\u00e4imet, jotka jostakin syyst\u00e4 joutuvat luopumaan aikaisemmasta kodistaan &#8211; esimerkiksi omistajansa vakavan sairastumisen johdosta. El\u00e4imet ovat p\u00e4\u00e4asiassa kissoja tai koiria. Toivottavasti sinulla on mahdollisuus antaa koti parhaalle yst\u00e4v\u00e4llesi &#8211; tai jopa useammalle. Harkitse kuitenkin tarkoin ne olosuhteet, [&hellip;]","og_url":"https:\/\/sey.fi\/kainuu\/kainuun-elainsuojeluyhdistys\/kodittomat-elaimet\/","og_site_name":"Kainuun el\u00e4insuojeluyhdistys","article_modified_time":"2021-07-30T11:31:40+00:00","twitter_card":"summary_large_image","twitter_misc":{"Arvioitu lukuaika":"1 minuutti"},"schema":{"@context":"https:\/\/schema.org","@graph":[{"@type":"WebPage","@id":"https:\/\/sey.fi\/kainuu\/kainuun-elainsuojeluyhdistys\/kodittomat-elaimet\/","url":"https:\/\/sey.fi\/kainuu\/kainuun-elainsuojeluyhdistys\/kodittomat-elaimet\/","name":"Kodittomat el\u00e4imet - Kainuun el\u00e4insuojeluyhdistys","isPartOf":{"@id":"https:\/\/sey.fi\/kainuu\/#website"},"datePublished":"2019-10-28T10:31:02+00:00","dateModified":"2021-07-30T11:31:40+00:00","breadcrumb":{"@id":"https:\/\/sey.fi\/kainuu\/kainuun-elainsuojeluyhdistys\/kodittomat-elaimet\/#breadcrumb"},"inLanguage":"fi","potentialAction":[{"@type":"ReadAction","target":["https:\/\/sey.fi\/kainuu\/kainuun-elainsuojeluyhdistys\/kodittomat-elaimet\/"]}]},{"@type":"BreadcrumbList","@id":"https:\/\/sey.fi\/kainuu\/kainuun-elainsuojeluyhdistys\/kodittomat-elaimet\/#breadcrumb","itemListElement":[{"@type":"ListItem","position":1,"name":"Home","item":"https:\/\/sey.fi\/kainuu\/"},{"@type":"ListItem","position":2,"name":"Kainuun el\u00e4insuojeluyhdistys","item":"https:\/\/sey.fi\/kainuu\/"},{"@type":"ListItem","position":3,"name":"Kodittomat el\u00e4imet"}]},{"@type":"WebSite","@id":"https:\/\/sey.fi\/kainuu\/#website","url":"https:\/\/sey.fi\/kainuu\/","name":"Kainuun el\u00e4insuojeluyhdistys","description":"Uusi SEY J\u00e4senyhdistykset -sivusto","potentialAction":[{"@type":"SearchAction","target":{"@type":"EntryPoint","urlTemplate":"https:\/\/sey.fi\/kainuu\/?s={search_term_string}"},"query-input":{"@type":"PropertyValueSpecification","valueRequired":true,"valueName":"search_term_string"}}],"inLanguage":"fi"}]}},"_links":{"self":[{"href":"https:\/\/sey.fi\/kainuu\/wp-json\/wp\/v2\/pages\/81","targetHints":{"allow":["GET"]}}],"collection":[{"href":"https:\/\/sey.fi\/kainuu\/wp-json\/wp\/v2\/pages"}],"about":[{"href":"https:\/\/sey.fi\/kainuu\/wp-json\/wp\/v2\/types\/page"}],"author":[{"embeddable":true,"href":"https:\/\/sey.fi\/kainuu\/wp-json\/wp\/v2\/users\/8"}],"replies":[{"embeddable":true,"href":"https:\/\/sey.fi\/kainuu\/wp-json\/wp\/v2\/comments?post=81"}],"version-history":[{"count":2,"href":"https:\/\/sey.fi\/kainuu\/wp-json\/wp\/v2\/pages\/81\/revisions"}],"predecessor-version":[{"id":223,"href":"https:\/\/sey.fi\/kainuu\/wp-json\/wp\/v2\/pages\/81\/revisions\/223"}],"up":[{"embeddable":true,"href":"https:\/\/sey.fi\/kainuu\/wp-json\/wp\/v2\/pages\/2"}],"wp:attachment":[{"href":"https:\/\/sey.fi\/kainuu\/wp-json\/wp\/v2\/media?parent=81"}],"curies":[{"name":"wp","href":"https:\/\/api.w.org\/{rel}","templated":true}]}}