{"id":87,"date":"2019-10-28T12:34:27","date_gmt":"2019-10-28T10:34:27","guid":{"rendered":"http:\/\/srvr10.xetpoint.com\/~seyfi\/kainuu\/?page_id=87"},"modified":"2019-10-28T12:35:04","modified_gmt":"2019-10-28T10:35:04","slug":"toimintasuunnitelmat","status":"publish","type":"page","link":"https:\/\/sey.fi\/kainuu\/kainuun-elainsuojeluyhdistys\/yhdistyksen-toiminta\/toimintasuunnitelma\/toimintasuunnitelmat\/","title":{"rendered":"Toimintasuunnitelmat"},"content":{"rendered":"\n<h2 class=\"wp-block-heading\">Vuosi 2017<\/h2>\n\n\n\n<p>Kainuun El\u00e4insuojeluyhdistyksen s\u00e4\u00e4nt\u00f6jen mukaan yhdistyksen tarkoituksena on edist\u00e4\u00e4 el\u00e4insuojelua sek\u00e4 el\u00e4inten hyvinvointia ja hyv\u00e4\u00e4 kohtelua Kainuun alueella.<\/p>\n\n\n\n<p>Toimintakaudella 2017 yhdistys pyrkii t\u00e4ytt\u00e4m\u00e4\u00e4n teht\u00e4v\u00e4ns\u00e4 entist\u00e4 paremmin: n\u00e4kym\u00e4\u00e4n paremmin ja tekem\u00e4\u00e4n enemm\u00e4n.<\/p>\n\n\n\n<p>Hallitus<br>Hallituksen ja sen l\u00e4hipiirin ty\u00f6njakoa selkeytet\u00e4\u00e4n ja vahvistetaan niin, ett\u00e4 jokainen teht\u00e4v\u00e4 on vastuutettu, ettei mik\u00e4\u00e4n asia ole vain yhden henkil\u00f6n osaamisen ja jaksamisen varassa ja ettei kukaan kuormitu liikaa.<\/p>\n\n\n\n<p>J\u00e4senist\u00f6<br>Uusia j\u00e4seni\u00e4 tavoitellaan pontevasti, ja tulokkaat toivotetaan henkil\u00f6kohtaisesti tervetulleeksi. Hallituksen ymp\u00e4rille pyrit\u00e4\u00e4n l\u00f6yt\u00e4m\u00e4\u00e4n osaajia eri el\u00e4m\u00e4naloilta, ja jokaiselle ty\u00f6panostaan tarjoavalle osoitetaan teht\u00e4v\u00e4 tai ainakin vastataan nopeasti.<\/p>\n\n\n\n<p>J\u00e4senist\u00f6lle l\u00e4hetet\u00e4\u00e4n kerran vuodessa j\u00e4senkirje. J\u00e4senkirje l\u00e4hetet\u00e4\u00e4n p\u00e4\u00e4s\u00e4\u00e4nt\u00f6isesti s\u00e4hk\u00f6isesti, ja siksi j\u00e4senten s\u00e4hk\u00f6postiosoitteistoa pit\u00e4\u00e4 kartuttaa kaikissa mahdollisissa tilanteissa.<\/p>\n\n\n\n<p>Valistusty\u00f6<br>Tuuli Ahtonen ja Merja Korhonen aloittavat ELLU-kurssien vet\u00e4misen.<\/p>\n\n\n\n<p>Tiina Konttinen ja Leena Turpeinen aloittavat kouluvierailut.<\/p>\n\n\n\n<p>Johanna Huotari Kuhmosta on ilmoittanut halukkuutensa osallistua 1.4. j\u00e4rjestett\u00e4v\u00e4\u00e4n kouluvierailijakoulutukseen ja aloittaa sen j\u00e4lkeen kouluvierailut.<\/p>\n\n\n\n<p>Lehdist\u00f6tiedotteita, puffipyynt\u00f6j\u00e4 ja juttuideoita tarjotaan medialle. Keskeisimpien el\u00e4inlajien hyvinvoinnin edellytyksist\u00e4 ja sesongeittain esille nousevista ajankohtaisista asioista tiedotetaan. Erityisesti yleis\u00f6nosastokirjoittelua tulee lis\u00e4t\u00e4.<\/p>\n\n\n\n<p>Maahanmuuttajille tarkoitettua lemmikkiopasta sek\u00e4 Minulla on kotonani lemmikki &#8211; lompakkokorttia jaetaan sopivia kanavia pitkin. Lemmikkioppaan valmistumisesta tehd\u00e4\u00e4n lehtijuttu tai lehdist\u00f6tiedote.<\/p>\n\n\n\n<p>Sijaiskotitoiminta<br>Uusia sijaiskoteja etsit\u00e4\u00e4n ja sijaiskotitoiminnasta tiedotetaan.<\/p>\n\n\n\n<p>Sirutustoiminta<br>KESYlle hankitaan omat siruttajat ja siruttaminen omissa tapahtumissa pyrit\u00e4\u00e4n aloittamaan 2017. Kirsi Huovinen on sopinut sirutuskoulutuksesta kev\u00e4\u00e4n mittaan Countrypoliksessa j\u00e4rjestett\u00e4v\u00e4n kissojenleikkuutempauksen yhteydess\u00e4. KESYll\u00e4 on Kissanyst\u00e4vilt\u00e4 saatuja siruja ja turvasiru.fi-palvelulta saatuja ilmaisia aktivointikoodeja.<\/p>\n\n\n\n<p>J\u00e4rjest\u00e4mme sirutustapahtuman yhdess\u00e4 El\u00e4insuojeluyhdistysten Kummien kanssa 11.2. Kuhmossa ja 12.2. Sotkamossa.<\/p>\n\n\n\n<p>Tapahtumat ja n\u00e4kyminen<br>J\u00e4rjest\u00e4mme match show\u2019n \u00e4itienp\u00e4iv\u00e4n\u00e4 KAO-Opintien pihamaalla. El\u00e4inten viikko tullaan noteeraamaan jollakin tapahtumalla.<\/p>\n\n\n\n<p>J\u00e4rjest\u00e4mme kaksi j\u00e4sentapahtumaa, yhden toukokuussa ja toisen loppuvuodesta. Loppuvuoden teemaksi on ehdotettu eksoottisia el\u00e4imi\u00e4 ja pitopaikaksi Tiina Konttisen kotia. Kev\u00e4ttapaamisen aiheeksi on ehdotettu linnunp\u00f6ntt\u00f6talkoita.<\/p>\n\n\n\n<p>Olemme mukana Markkinakadulla ja Lehtikankaan apteekin tapahtumap\u00e4iv\u00e4ss\u00e4 El\u00e4inten viikolla. Pyrimme ylip\u00e4\u00e4t\u00e4\u00e4n esitt\u00e4ytym\u00e4\u00e4n entist\u00e4 ahkerammin tapahtumissa ymp\u00e4ri Kainuuta. T\u00e4m\u00e4 edellytt\u00e4\u00e4 Kainuun tapahtumakalenterin aktiivisempaa seuraamista. Hallituksen on syyt\u00e4 ottaa k\u00e4ytt\u00f6\u00f6n vuosikello.<\/p>\n\n\n\n<p>Banderollin, esitteiden, pinssien ja hihamerkkien lis\u00e4ksi tarvitaan muutakin mainosmateriaalia. Pyrimme eroon kertaluonteisista kartonkiviritelmist\u00e4.<\/p>\n\n\n\n<p>M\u00e4ts\u00e4rikyltit annetaan viimeistelt\u00e4v\u00e4ksi KAOn tilasisustajaopiskelijoille. KESYlle ostetaan uusi teltta. Autotarra teetet\u00e4\u00e4n.<\/p>\n\n\n\n<p>SEY-suhteet<br>Pyrimme siihen, ett\u00e4 SEYn jokaiseen aluetapaamiseen l\u00e4htisi ainakin yksi edustaja. L\u00e4htij\u00e4n ei tarvitse olla hallituksen piirist\u00e4. Seuraava tapaaminen j\u00e4rjestet\u00e4\u00e4n Tampereella, ja teemana ovat luonnonvaraiset el\u00e4imet.<\/p>\n\n\n\n<p>SEYn aloitteisiin ja kysymyksiin reagoidaan ja vastataan aikailematta, ja sen tuottamaan materiaalia tilataan ja jaetaan.<\/p>\n\n\n\n<p>FB-sivulla jaetaan kaikki SEYn kannanotot ja postaukset.<\/p>\n\n\n\n<p>SEYn el\u00e4insuojeluneuvontatoimintaa tehd\u00e4\u00e4n tunnetuksi valtakunnallisessa kampanjassa kev\u00e4\u00e4ll\u00e4 2017.<\/p>\n\n\n\n<p>Talous<br>Selvit\u00e4mme varainkeruuluvan tarpeellisuuden ja j\u00e4rkevyyden, ja my\u00f6nteisess\u00e4 tapauksessa hankimme KESYlle varainkeruuluvan.<\/p>\n\n\n\n<p>Selvi\u00e4mme, olisiko el\u00e4inruokaker\u00e4yksen toteuttamisessa yhdess\u00e4 Kissanyst\u00e4vien kanssa mit\u00e4\u00e4n ideaa.<\/p>\n\n\n\n<p>Etsimme ainakin yhden yrityskummin ja haarukoimme talkoomahdollisuuksia.<\/p>\n\n\n\n<p>Myymme hihamerkkej\u00e4 amk:n opiskelijoille vapun alla.<\/p>\n\n\n\n<p>Muuta<br>Selvit\u00e4mme, ovatko s\u00e4\u00e4nn\u00f6t ajan tasalla. Jos s\u00e4\u00e4nn\u00f6t katsotaan vanhentuneiksi, esitys uusiksi s\u00e4\u00e4nn\u00f6iksi tuodaan seuraavaan vuosikokoukseen.<\/p>\n\n\n\n<p>Luetteloimme KESYn tavaraomaisuuden.<\/p>\n\n\n\n<p>Konttinen ja P\u00e4\u00e4kk\u00f6nen ovat halukkaita rakentamaan ja askartelemaan myyt\u00e4v\u00e4\u00e4 materiaalia KESYn tapahtumiin. Esimerkiksi linnunp\u00f6ntt\u00f6jen rakentaminen porukalla voisi olla my\u00f6s kev\u00e4isen j\u00e4sentapaamisen aihe.<\/p>\n\n\n\n<p>Kainuun Kissanyst\u00e4vien kanssa j\u00e4rjestet\u00e4\u00e4n tapaaminen.<\/p>\n\n\n\n<h2 class=\"wp-block-heading\">Vuosi 2016<\/h2>\n\n\n\n<p>Toimintakaudella 2016 yhdistys pyrkii t\u00e4ytt\u00e4m\u00e4\u00e4n teht\u00e4v\u00e4ns\u00e4 entist\u00e4 tehokkaammin: n\u00e4kym\u00e4\u00e4n paremmin ja tekem\u00e4\u00e4n enemm\u00e4n.<\/p>\n\n\n\n<p>Hallituksen ja sen l\u00e4hipiirin sis\u00e4ll\u00e4 ty\u00f6njakoa selkeytet\u00e4\u00e4n ja vahvistetaan niin, ett\u00e4 jokainen teht\u00e4v\u00e4 on vastuutettu, ettei mik\u00e4\u00e4n asia ole vain yhden ihmisen osaamisen varassa ja ettei kukaan toisaalta kuormitu liikaa.<\/p>\n\n\n\n<p>Uusia j\u00e4seni\u00e4 tavoitellaan pontevasti. Tulokkaat toivotetaan l\u00e4mpim\u00e4stitervetulleeksi. Hallituksen tueksi etsit\u00e4\u00e4n osaajia eri el\u00e4m\u00e4naloilta, ja jokaiselle ty\u00f6panostaan tarjoavalle pyrit\u00e4\u00e4n osoittamaan teht\u00e4v\u00e4 tai h\u00e4nelle ainakin vastataan heti.<\/p>\n\n\n\n<p>ELLU-el\u00e4intaitokouluttajakoulutuksen suorittaneet Merja Korhonen ja Tuuli Ahtonen k\u00e4ynnist\u00e4nev\u00e4t ELLU-kurssien vet\u00e4misen syksyll\u00e4 2016 aloitusryhm\u00e4n\u00e4.<\/p>\n\n\n\n<p>Kainuun Kissanyst\u00e4vien kanssa laaditaan maahanmuuttajille tarkoitettu kuvallinen tietopaketti lemmikkiel\u00e4inten asianmukaisesta hoidosta.<\/p>\n\n\n\n<p>SEY j\u00e4rjest\u00e4\u00e4 kouluvierailijakoulutuksen kev\u00e4\u00e4ll\u00e4 2016, ja mukaan pyrit\u00e4\u00e4n l\u00f6yt\u00e4m\u00e4\u00e4n ainakin yksi henkil\u00f6 KESY:n piirist\u00e4.<\/p>\n\n\n\n<p>Lehdist\u00f6tiedotteita, puffipyynt\u00f6j\u00e4 ja juttuideoita l\u00e4hetet\u00e4\u00e4n medialle. Keskeisimpien el\u00e4inlajien hyvinvoinnin edellytyksist\u00e4 ja ajankohtaisista asioista kirjoitetaan yleis\u00f6nosastoissa.<\/p>\n\n\n\n<p>Sijaiskotitoimintaa kehitet\u00e4\u00e4n. Sijaiskotitarpeesta tiedotetaan ja uusia sijaiskoteja etsit\u00e4\u00e4n tehostetusti vuosikokouksen j\u00e4lkeen.<\/p>\n\n\n\n<p>Kainuun El\u00e4insuojeluyhdistys ry j\u00e4rjesti yhteisty\u00f6ss\u00e4 El\u00e4insuojeluyhdistysten kummien kanssa Turvasiru tutuksi -tempaukseen liittyv\u00e4n tapahtuman maaliskuussa 2015 Kajaanissa ja Kuhmossa. Tapahtumassa useat kissat ja koirat saivat tunnistusmerkinn\u00e4n. Tapahtuma poiki idean my\u00f6s omien siruttajien hankkimisesta yhdistykselle.<\/p>\n\n\n\n<p>KESY:n ohjelmassa s\u00e4ilyv\u00e4t kaksi vuosittaista m\u00e4ts\u00e4ri\u00e4 ja j\u00e4seniltaa. Toukokuun Match Show j\u00e4rjestet\u00e4\u00e4n Kajaanin CM:n pihamaalla, mik\u00e4li kauppojen vapautunut aukiolo sen sallii, ja El\u00e4inten viikon Match Show&nbsp;KAO-Opintiell\u00e4, mik\u00e4li piha-alueen remontti sen sallii.<\/p>\n\n\n\n<p>Pyrimme n\u00e4kym\u00e4\u00e4n entist\u00e4 paremmin Kajaanissa ja muualla Kainuussa j\u00e4rjestett\u00e4viss\u00e4 tapahtumissa.<\/p>\n\n\n\n<p>Uuden kotisivuston kehittely\u00e4 jatketaan.<\/p>\n\n\n\n<p>KESY:lle haetaan rahankeruulupa. Yrityskummeja etsit\u00e4\u00e4n ja talkoomahdollisuuksia selvitet\u00e4\u00e4n. Kotisivulle ja esitteeseen pyrit\u00e4\u00e4n saamaan mainos.<\/p>\n\n\n\n<p>Hihamerkkien myynti amk:n opiskelijoille otetaan uudelleen esille.<\/p>\n\n\n\n<hr class=\"wp-block-separator\" \/>\n\n\n\n<h2 class=\"wp-block-heading\"><br>Vuosi 2015<\/h2>\n\n\n\n<p>J\u00e4senhankintaa tehostetaan. J\u00e4senille l\u00e4hetet\u00e4\u00e4n j\u00e4senkirje kahdesti vuodessa ja j\u00e4seniin ollaan tarvittaessa yhteydess\u00e4 my\u00f6s tekstiviestill\u00e4.<\/p>\n\n\n\n<p>Kaikille avoin j\u00e4senilta j\u00e4rjestet\u00e4\u00e4n kahdesti vuodessa: kev\u00e4\u00e4ll\u00e4 ja loppuvuodesta.<\/p>\n\n\n\n<p>Yhdistys hankkii aktiivisesti uusia sijaiskoteja, pit\u00e4\u00e4 sijaiskotirekisteri\u00e4 ja informoi kainuulaisia sijaiskotitoiminnasta.<\/p>\n\n\n\n<p>SEY valitsi tammikuussa 2015 kaksi kainuulaista (Vaalasta ja Sotkamosta) el\u00e4insuojeluneuvojaksi perehdytt\u00e4v\u00e4\u00e4n koulutukseen. Koulutus j\u00e4rjestet\u00e4\u00e4n maaliskuussa.<\/p>\n\n\n\n<p>Yhdistys j\u00e4rjest\u00e4\u00e4 Match Show:n kahdesti vuodessa. Tapahtumia kehitet\u00e4\u00e4n monipuolisemmiksi ja toimivammiksi ja mukaan pyydet\u00e4\u00e4n muita toimijoita.<\/p>\n\n\n\n<p>Yhdistys toteuttaa El\u00e4insuojeluyhdistysten Kummit ry:n kanssa Turvasiru tutuksi -kiertueen sirutustempauksen.<\/p>\n\n\n\n<p>Yhdistys esittelee toimintaansa markkinakadulla ja muissa mahdollisissa tapahtumissa.<\/p>\n\n\n\n<p>Yhdistyksen verkkon\u00e4kyvyytt\u00e4 parannetaan kehitt\u00e4m\u00e4ll\u00e4 FB-sivuja ja kotisivuja.<\/p>\n\n\n\n<p>Keskeisimpien el\u00e4inlajien hyvinvoinnin edellytyksist\u00e4 ja ajankohtaisista asioista kirjoitetaan yleis\u00f6nosastoissa.<\/p>\n","protected":false},"excerpt":{"rendered":"<p>Vuosi 2017 Kainuun El\u00e4insuojeluyhdistyksen s\u00e4\u00e4nt\u00f6jen mukaan yhdistyksen tarkoituksena on edist\u00e4\u00e4 el\u00e4insuojelua sek\u00e4 el\u00e4inten hyvinvointia ja hyv\u00e4\u00e4 kohtelua Kainuun alueella. Toimintakaudella 2017 yhdistys pyrkii t\u00e4ytt\u00e4m\u00e4\u00e4n teht\u00e4v\u00e4ns\u00e4 entist\u00e4 paremmin: n\u00e4kym\u00e4\u00e4n paremmin ja tekem\u00e4\u00e4n enemm\u00e4n. HallitusHallituksen ja sen l\u00e4hipiirin ty\u00f6njakoa selkeytet\u00e4\u00e4n ja vahvistetaan niin, ett\u00e4 jokainen teht\u00e4v\u00e4 on vastuutettu, ettei mik\u00e4\u00e4n asia ole vain yhden henkil\u00f6n osaamisen ja [&hellip;]<\/p>\n","protected":false},"author":8,"featured_media":0,"parent":86,"menu_order":0,"comment_status":"closed","ping_status":"closed","template":"","meta":{"_acf_changed":false,"footnotes":""},"class_list":["post-87","page","type-page","status-publish","hentry"],"acf":[],"yoast_head":"<!-- This site is optimized with the Yoast SEO plugin v27.1.1 - https:\/\/yoast.com\/product\/yoast-seo-wordpress\/ -->\n<title>Toimintasuunnitelmat - Kainuun el\u00e4insuojeluyhdistys<\/title>\n<meta name=\"robots\" content=\"index, follow, max-snippet:-1, max-image-preview:large, max-video-preview:-1\" \/>\n<link rel=\"canonical\" href=\"https:\/\/sey.fi\/kainuu\/kainuun-elainsuojeluyhdistys\/yhdistyksen-toiminta\/toimintasuunnitelma\/toimintasuunnitelmat\/\" \/>\n<meta property=\"og:locale\" content=\"fi_FI\" \/>\n<meta property=\"og:type\" content=\"article\" \/>\n<meta property=\"og:title\" content=\"Toimintasuunnitelmat - Kainuun el\u00e4insuojeluyhdistys\" \/>\n<meta property=\"og:description\" content=\"Vuosi 2017 Kainuun El\u00e4insuojeluyhdistyksen s\u00e4\u00e4nt\u00f6jen mukaan yhdistyksen tarkoituksena on edist\u00e4\u00e4 el\u00e4insuojelua sek\u00e4 el\u00e4inten hyvinvointia ja hyv\u00e4\u00e4 kohtelua Kainuun alueella. Toimintakaudella 2017 yhdistys pyrkii t\u00e4ytt\u00e4m\u00e4\u00e4n teht\u00e4v\u00e4ns\u00e4 entist\u00e4 paremmin: n\u00e4kym\u00e4\u00e4n paremmin ja tekem\u00e4\u00e4n enemm\u00e4n. HallitusHallituksen ja sen l\u00e4hipiirin ty\u00f6njakoa selkeytet\u00e4\u00e4n ja vahvistetaan niin, ett\u00e4 jokainen teht\u00e4v\u00e4 on vastuutettu, ettei mik\u00e4\u00e4n asia ole vain yhden henkil\u00f6n osaamisen ja [&hellip;]\" \/>\n<meta property=\"og:url\" content=\"https:\/\/sey.fi\/kainuu\/kainuun-elainsuojeluyhdistys\/yhdistyksen-toiminta\/toimintasuunnitelma\/toimintasuunnitelmat\/\" \/>\n<meta property=\"og:site_name\" content=\"Kainuun el\u00e4insuojeluyhdistys\" \/>\n<meta property=\"article:modified_time\" content=\"2019-10-28T10:35:04+00:00\" \/>\n<meta name=\"twitter:card\" content=\"summary_large_image\" \/>\n<meta name=\"twitter:label1\" content=\"Arvioitu lukuaika\" \/>\n\t<meta name=\"twitter:data1\" content=\"5 minuuttia\" \/>\n<script type=\"application\/ld+json\" class=\"yoast-schema-graph\">{\"@context\":\"https:\/\/schema.org\",\"@graph\":[{\"@type\":\"WebPage\",\"@id\":\"https:\/\/sey.fi\/kainuu\/kainuun-elainsuojeluyhdistys\/yhdistyksen-toiminta\/toimintasuunnitelma\/toimintasuunnitelmat\/\",\"url\":\"https:\/\/sey.fi\/kainuu\/kainuun-elainsuojeluyhdistys\/yhdistyksen-toiminta\/toimintasuunnitelma\/toimintasuunnitelmat\/\",\"name\":\"Toimintasuunnitelmat - Kainuun el\u00e4insuojeluyhdistys\",\"isPartOf\":{\"@id\":\"https:\/\/sey.fi\/kainuu\/#website\"},\"datePublished\":\"2019-10-28T10:34:27+00:00\",\"dateModified\":\"2019-10-28T10:35:04+00:00\",\"breadcrumb\":{\"@id\":\"https:\/\/sey.fi\/kainuu\/kainuun-elainsuojeluyhdistys\/yhdistyksen-toiminta\/toimintasuunnitelma\/toimintasuunnitelmat\/#breadcrumb\"},\"inLanguage\":\"fi\",\"potentialAction\":[{\"@type\":\"ReadAction\",\"target\":[\"https:\/\/sey.fi\/kainuu\/kainuun-elainsuojeluyhdistys\/yhdistyksen-toiminta\/toimintasuunnitelma\/toimintasuunnitelmat\/\"]}]},{\"@type\":\"BreadcrumbList\",\"@id\":\"https:\/\/sey.fi\/kainuu\/kainuun-elainsuojeluyhdistys\/yhdistyksen-toiminta\/toimintasuunnitelma\/toimintasuunnitelmat\/#breadcrumb\",\"itemListElement\":[{\"@type\":\"ListItem\",\"position\":1,\"name\":\"Home\",\"item\":\"https:\/\/sey.fi\/kainuu\/\"},{\"@type\":\"ListItem\",\"position\":2,\"name\":\"Kainuun el\u00e4insuojeluyhdistys\",\"item\":\"https:\/\/sey.fi\/kainuu\/\"},{\"@type\":\"ListItem\",\"position\":3,\"name\":\"Yhdistyksen toiminta\",\"item\":\"https:\/\/sey.fi\/kainuu\/kainuun-elainsuojeluyhdistys\/yhdistyksen-toiminta\/\"},{\"@type\":\"ListItem\",\"position\":4,\"name\":\"Toimintasuunnitelma\",\"item\":\"https:\/\/sey.fi\/kainuu\/kainuun-elainsuojeluyhdistys\/yhdistyksen-toiminta\/toimintasuunnitelma\/\"},{\"@type\":\"ListItem\",\"position\":5,\"name\":\"Toimintasuunnitelmat\"}]},{\"@type\":\"WebSite\",\"@id\":\"https:\/\/sey.fi\/kainuu\/#website\",\"url\":\"https:\/\/sey.fi\/kainuu\/\",\"name\":\"Kainuun el\u00e4insuojeluyhdistys\",\"description\":\"Uusi SEY J\u00e4senyhdistykset -sivusto\",\"potentialAction\":[{\"@type\":\"SearchAction\",\"target\":{\"@type\":\"EntryPoint\",\"urlTemplate\":\"https:\/\/sey.fi\/kainuu\/?s={search_term_string}\"},\"query-input\":{\"@type\":\"PropertyValueSpecification\",\"valueRequired\":true,\"valueName\":\"search_term_string\"}}],\"inLanguage\":\"fi\"}]}<\/script>\n<!-- \/ Yoast SEO plugin. -->","yoast_head_json":{"title":"Toimintasuunnitelmat - Kainuun el\u00e4insuojeluyhdistys","robots":{"index":"index","follow":"follow","max-snippet":"max-snippet:-1","max-image-preview":"max-image-preview:large","max-video-preview":"max-video-preview:-1"},"canonical":"https:\/\/sey.fi\/kainuu\/kainuun-elainsuojeluyhdistys\/yhdistyksen-toiminta\/toimintasuunnitelma\/toimintasuunnitelmat\/","og_locale":"fi_FI","og_type":"article","og_title":"Toimintasuunnitelmat - Kainuun el\u00e4insuojeluyhdistys","og_description":"Vuosi 2017 Kainuun El\u00e4insuojeluyhdistyksen s\u00e4\u00e4nt\u00f6jen mukaan yhdistyksen tarkoituksena on edist\u00e4\u00e4 el\u00e4insuojelua sek\u00e4 el\u00e4inten hyvinvointia ja hyv\u00e4\u00e4 kohtelua Kainuun alueella. Toimintakaudella 2017 yhdistys pyrkii t\u00e4ytt\u00e4m\u00e4\u00e4n teht\u00e4v\u00e4ns\u00e4 entist\u00e4 paremmin: n\u00e4kym\u00e4\u00e4n paremmin ja tekem\u00e4\u00e4n enemm\u00e4n. HallitusHallituksen ja sen l\u00e4hipiirin ty\u00f6njakoa selkeytet\u00e4\u00e4n ja vahvistetaan niin, ett\u00e4 jokainen teht\u00e4v\u00e4 on vastuutettu, ettei mik\u00e4\u00e4n asia ole vain yhden henkil\u00f6n osaamisen ja [&hellip;]","og_url":"https:\/\/sey.fi\/kainuu\/kainuun-elainsuojeluyhdistys\/yhdistyksen-toiminta\/toimintasuunnitelma\/toimintasuunnitelmat\/","og_site_name":"Kainuun el\u00e4insuojeluyhdistys","article_modified_time":"2019-10-28T10:35:04+00:00","twitter_card":"summary_large_image","twitter_misc":{"Arvioitu lukuaika":"5 minuuttia"},"schema":{"@context":"https:\/\/schema.org","@graph":[{"@type":"WebPage","@id":"https:\/\/sey.fi\/kainuu\/kainuun-elainsuojeluyhdistys\/yhdistyksen-toiminta\/toimintasuunnitelma\/toimintasuunnitelmat\/","url":"https:\/\/sey.fi\/kainuu\/kainuun-elainsuojeluyhdistys\/yhdistyksen-toiminta\/toimintasuunnitelma\/toimintasuunnitelmat\/","name":"Toimintasuunnitelmat - Kainuun el\u00e4insuojeluyhdistys","isPartOf":{"@id":"https:\/\/sey.fi\/kainuu\/#website"},"datePublished":"2019-10-28T10:34:27+00:00","dateModified":"2019-10-28T10:35:04+00:00","breadcrumb":{"@id":"https:\/\/sey.fi\/kainuu\/kainuun-elainsuojeluyhdistys\/yhdistyksen-toiminta\/toimintasuunnitelma\/toimintasuunnitelmat\/#breadcrumb"},"inLanguage":"fi","potentialAction":[{"@type":"ReadAction","target":["https:\/\/sey.fi\/kainuu\/kainuun-elainsuojeluyhdistys\/yhdistyksen-toiminta\/toimintasuunnitelma\/toimintasuunnitelmat\/"]}]},{"@type":"BreadcrumbList","@id":"https:\/\/sey.fi\/kainuu\/kainuun-elainsuojeluyhdistys\/yhdistyksen-toiminta\/toimintasuunnitelma\/toimintasuunnitelmat\/#breadcrumb","itemListElement":[{"@type":"ListItem","position":1,"name":"Home","item":"https:\/\/sey.fi\/kainuu\/"},{"@type":"ListItem","position":2,"name":"Kainuun el\u00e4insuojeluyhdistys","item":"https:\/\/sey.fi\/kainuu\/"},{"@type":"ListItem","position":3,"name":"Yhdistyksen toiminta","item":"https:\/\/sey.fi\/kainuu\/kainuun-elainsuojeluyhdistys\/yhdistyksen-toiminta\/"},{"@type":"ListItem","position":4,"name":"Toimintasuunnitelma","item":"https:\/\/sey.fi\/kainuu\/kainuun-elainsuojeluyhdistys\/yhdistyksen-toiminta\/toimintasuunnitelma\/"},{"@type":"ListItem","position":5,"name":"Toimintasuunnitelmat"}]},{"@type":"WebSite","@id":"https:\/\/sey.fi\/kainuu\/#website","url":"https:\/\/sey.fi\/kainuu\/","name":"Kainuun el\u00e4insuojeluyhdistys","description":"Uusi SEY J\u00e4senyhdistykset -sivusto","potentialAction":[{"@type":"SearchAction","target":{"@type":"EntryPoint","urlTemplate":"https:\/\/sey.fi\/kainuu\/?s={search_term_string}"},"query-input":{"@type":"PropertyValueSpecification","valueRequired":true,"valueName":"search_term_string"}}],"inLanguage":"fi"}]}},"_links":{"self":[{"href":"https:\/\/sey.fi\/kainuu\/wp-json\/wp\/v2\/pages\/87","targetHints":{"allow":["GET"]}}],"collection":[{"href":"https:\/\/sey.fi\/kainuu\/wp-json\/wp\/v2\/pages"}],"about":[{"href":"https:\/\/sey.fi\/kainuu\/wp-json\/wp\/v2\/types\/page"}],"author":[{"embeddable":true,"href":"https:\/\/sey.fi\/kainuu\/wp-json\/wp\/v2\/users\/8"}],"replies":[{"embeddable":true,"href":"https:\/\/sey.fi\/kainuu\/wp-json\/wp\/v2\/comments?post=87"}],"version-history":[{"count":1,"href":"https:\/\/sey.fi\/kainuu\/wp-json\/wp\/v2\/pages\/87\/revisions"}],"predecessor-version":[{"id":88,"href":"https:\/\/sey.fi\/kainuu\/wp-json\/wp\/v2\/pages\/87\/revisions\/88"}],"up":[{"embeddable":true,"href":"https:\/\/sey.fi\/kainuu\/wp-json\/wp\/v2\/pages\/86"}],"wp:attachment":[{"href":"https:\/\/sey.fi\/kainuu\/wp-json\/wp\/v2\/media?parent=87"}],"curies":[{"name":"wp","href":"https:\/\/api.w.org\/{rel}","templated":true}]}}