{"id":91,"date":"2019-10-28T12:39:18","date_gmt":"2019-10-28T10:39:18","guid":{"rendered":"http:\/\/srvr10.xetpoint.com\/~seyfi\/kainuu\/?page_id=91"},"modified":"2026-04-06T17:00:21","modified_gmt":"2026-04-06T14:00:21","slug":"hallitus-ja-yhteyshenkilot","status":"publish","type":"page","link":"https:\/\/sey.fi\/kainuu\/kainuun-elainsuojeluyhdistys\/yhdistyksen-toiminta\/hallitus-ja-yhteyshenkilot\/","title":{"rendered":"Hallitus ja yhteyshenkil\u00f6t"},"content":{"rendered":"\n<p>Kainuun El\u00e4insuojeluyhdistyksen hallituksen ja muiden keskeisten toimijoidemme yhteystiedot <em>(p\u00e4ivitetty 15.3.2026)<\/em>.<\/p>\n\n\n\n<hr class=\"wp-block-separator has-css-opacity\" \/>\n\n\n\n<h2 class=\"wp-block-heading\"><br>S\u00e4hk\u00f6posti<\/h2>\n\n\n\n<p><a href=\"mailto:kainuun.elainsuojeluyhdistys@gmail.com\">kainuun.elainsuojeluyhdistys@gmail.com<\/a><\/p>\n\n\n\n<hr class=\"wp-block-separator has-css-opacity\" \/>\n\n\n\n<h2 class=\"wp-block-heading\"><br>Puhelin<\/h2>\n\n\n\n<p>044 595 1123 (puheenjohtaja) Tavoitat parhaiten s-postilla: kainuun.elainsuojeluyhdistys@gmail.com tai puheenjohtaja.kesy@gmail.com<\/p>\n\n\n\n<p>040 685 0718 (sijaiskoti-  ja kodinetsij\u00e4asiat \/ H\u00e4nninen)<\/p>\n\n\n\n<hr class=\"wp-block-separator has-css-opacity\" \/>\n\n\n\n<h2 class=\"wp-block-heading\"><br>Posti- ja laskutusosoite<\/h2>\n\n\n\n<p>Kainuun El\u00e4insuojeluyhdistys ry<\/p>\n\n\n\n<p>Kainuunkatu 3 as 25, 87100 Kajaani<\/p>\n\n\n\n<p>(Huom! Osoite vain postia varten)<\/p>\n\n\n\n<p>Laskut ja muun postin voi toimittaa my\u00f6s s-postilla: kainuun.elainsuojeluyhdistys@gmail.com<\/p>\n\n\n\n<hr class=\"wp-block-separator has-css-opacity\" \/>\n\n\n\n<h2 class=\"wp-block-heading\"><br>Sosiaalinen media<\/h2>\n\n\n\n<hr class=\"wp-block-separator has-css-opacity\" \/>\n\n\n<div class=\"wp-block-image is-style-default\">\n<figure class=\"aligncenter is-resized\"><a href=\"https:\/\/www.facebook.com\/kainuun.elainsuojeluyhdistys\" target=\"_blank\" rel=\"noreferrer noopener\"><img decoding=\"async\" src=\"http:\/\/kainuu.sey.fi\/images\/Logot\/facebook_banneri.png\" alt=\"\" style=\"width:174px;height:66px\" \/><\/a><figcaption class=\"wp-element-caption\"><a href=\"https:\/\/www.facebook.com\/kainuun.elainsuojeluyhdistys\">https:\/\/www.facebook.com\/kainuun.elainsuojeluyhdistys<\/a><\/figcaption><\/figure><\/div>\n\n\n<p>Instagram: @kainuun.elainsuojeluyhdistys<\/p>\n\n\n\n<h2 class=\"wp-block-heading\"><br>Hallitus 2026<\/h2>\n\n\n\n<p><strong>Sonja Sirvi\u00f6<\/strong><br>Puheenjohtaja, j\u00e4senasiat, viestint\u00e4<br>Puhelin&nbsp;044 595 1123<br><a href=\"mailto:puheenjohtaja.kesy@gmail.com\">puheenjohtaja.kesy@gmail.com<\/a><\/p>\n\n\n\n<p><strong>Sirpa H\u00e4nninen<\/strong><br>Varapuheenjohtaja, sijaiskoti- ja kodinetsij\u00e4asiat<br>Puhelin 040 685 0718<br><a href=\"mailto:kainuun.elainsuojeluyhdistys@gmail.com\">kainuun.elainsuojeluyhdistys@gmail.com<\/a><\/p>\n\n\n\n<p><strong>Sanja Leinonen<\/strong><br>Rahastonhoitaja<\/p>\n\n\n\n<p><strong>Pirjo L\u00e4mps\u00e4<\/strong><\/p>\n\n\n\n<p><strong>Susanna<\/strong> <strong>Salminen<\/strong><\/p>\n\n\n\n<p><strong>Kristian Niininen<\/strong><\/p>\n\n\n\n<p><strong>Liisa Piispanen<\/strong><\/p>\n\n\n\n<hr class=\"wp-block-separator has-css-opacity\" \/>\n\n\n\n<h2 class=\"wp-block-heading\"><br>Hallituksen varaj\u00e4senet<\/h2>\n\n\n\n<p><strong>Jenna Ahvenj\u00e4rvi<\/strong><\/p>\n\n\n\n<p><strong>Pirjo Nenola<\/strong> (Sihteeri)<\/p>\n\n\n\n<p><a href=\"mailto:sihteeri.kesy@gmail.com\">sihteeri.kesy@gmail.com<\/a><\/p>\n\n\n\n<p><\/p>\n\n\n\n<hr class=\"wp-block-separator has-css-opacity\" \/>\n\n\n\n<h2 class=\"wp-block-heading\"><br>Lis\u00e4ksi<\/h2>\n\n\n\n<p><strong>Tuuli Ahtonen<br><\/strong>Sirutus<\/p>\n\n\n\n<p><br><\/p>\n\n\n\n<hr class=\"wp-block-separator has-css-opacity\" \/>\n\n\n\n<h2 class=\"wp-block-heading\">El\u00e4insuojeluneuvojat&nbsp;(SEY Suomen el\u00e4insuojelu:&nbsp;Kainuu)<\/h2>\n\n\n\n<p><strong>KUHMO, NURMES, VALTIMO<br>Tanja Toivonen<br><\/strong><a href=\"mailto:tanja.toivonen@sey.fi\">tanja.toivonen@sey.fi<\/a><br>040 195 5342 (laita viesti, jos et heti tavoita)<\/p>\n\n\n\n<p><strong>KAINUU JA POHJOIS-POHJANMAA<\/strong>&nbsp;<br><strong>Johanna Inkala<\/strong><br><a href=\"mailto:johanna.inkala@sey.fi\">johanna.inkala@sey.fi<\/a><br>040 219 0960<\/p>\n","protected":false},"excerpt":{"rendered":"<p>Kainuun El\u00e4insuojeluyhdistyksen hallituksen ja muiden keskeisten toimijoidemme yhteystiedot (p\u00e4ivitetty 15.3.2026). S\u00e4hk\u00f6posti kainuun.elainsuojeluyhdistys@gmail.com Puhelin 044 595 1123 (puheenjohtaja) Tavoitat parhaiten s-postilla: kainuun.elainsuojeluyhdistys@gmail.com tai puheenjohtaja.kesy@gmail.com 040 685 0718 (sijaiskoti- ja kodinetsij\u00e4asiat \/ H\u00e4nninen) Posti- ja laskutusosoite Kainuun El\u00e4insuojeluyhdistys ry Kainuunkatu 3 as 25, 87100 Kajaani (Huom! Osoite vain postia varten) Laskut ja muun postin voi toimittaa my\u00f6s [&hellip;]<\/p>\n","protected":false},"author":8,"featured_media":0,"parent":16,"menu_order":0,"comment_status":"closed","ping_status":"closed","template":"","meta":{"_acf_changed":false,"footnotes":""},"class_list":["post-91","page","type-page","status-publish","hentry"],"acf":[],"yoast_head":"<!-- This site is optimized with the Yoast SEO plugin v27.1.1 - https:\/\/yoast.com\/product\/yoast-seo-wordpress\/ -->\n<title>Hallitus ja yhteyshenkil\u00f6t - Kainuun el\u00e4insuojeluyhdistys<\/title>\n<meta name=\"robots\" content=\"index, follow, max-snippet:-1, max-image-preview:large, max-video-preview:-1\" \/>\n<link rel=\"canonical\" href=\"https:\/\/sey.fi\/kainuu\/kainuun-elainsuojeluyhdistys\/yhdistyksen-toiminta\/hallitus-ja-yhteyshenkilot\/\" \/>\n<meta property=\"og:locale\" content=\"fi_FI\" \/>\n<meta property=\"og:type\" content=\"article\" \/>\n<meta property=\"og:title\" content=\"Hallitus ja yhteyshenkil\u00f6t - Kainuun el\u00e4insuojeluyhdistys\" \/>\n<meta property=\"og:description\" content=\"Kainuun El\u00e4insuojeluyhdistyksen hallituksen ja muiden keskeisten toimijoidemme yhteystiedot (p\u00e4ivitetty 15.3.2026). S\u00e4hk\u00f6posti kainuun.elainsuojeluyhdistys@gmail.com Puhelin 044 595 1123 (puheenjohtaja) Tavoitat parhaiten s-postilla: kainuun.elainsuojeluyhdistys@gmail.com tai puheenjohtaja.kesy@gmail.com 040 685 0718 (sijaiskoti- ja kodinetsij\u00e4asiat \/ H\u00e4nninen) Posti- ja laskutusosoite Kainuun El\u00e4insuojeluyhdistys ry Kainuunkatu 3 as 25, 87100 Kajaani (Huom! Osoite vain postia varten) Laskut ja muun postin voi toimittaa my\u00f6s [&hellip;]\" \/>\n<meta property=\"og:url\" content=\"https:\/\/sey.fi\/kainuu\/kainuun-elainsuojeluyhdistys\/yhdistyksen-toiminta\/hallitus-ja-yhteyshenkilot\/\" \/>\n<meta property=\"og:site_name\" content=\"Kainuun el\u00e4insuojeluyhdistys\" \/>\n<meta property=\"article:modified_time\" content=\"2026-04-06T14:00:21+00:00\" \/>\n<meta property=\"og:image\" content=\"http:\/\/kainuu.sey.fi\/images\/Logot\/facebook_banneri.png\" \/>\n<meta name=\"twitter:card\" content=\"summary_large_image\" \/>\n<meta name=\"twitter:label1\" content=\"Arvioitu lukuaika\" \/>\n\t<meta name=\"twitter:data1\" content=\"2 minuuttia\" \/>\n<script type=\"application\/ld+json\" class=\"yoast-schema-graph\">{\"@context\":\"https:\/\/schema.org\",\"@graph\":[{\"@type\":\"WebPage\",\"@id\":\"https:\/\/sey.fi\/kainuu\/kainuun-elainsuojeluyhdistys\/yhdistyksen-toiminta\/hallitus-ja-yhteyshenkilot\/\",\"url\":\"https:\/\/sey.fi\/kainuu\/kainuun-elainsuojeluyhdistys\/yhdistyksen-toiminta\/hallitus-ja-yhteyshenkilot\/\",\"name\":\"Hallitus ja yhteyshenkil\u00f6t - Kainuun el\u00e4insuojeluyhdistys\",\"isPartOf\":{\"@id\":\"https:\/\/sey.fi\/kainuu\/#website\"},\"primaryImageOfPage\":{\"@id\":\"https:\/\/sey.fi\/kainuu\/kainuun-elainsuojeluyhdistys\/yhdistyksen-toiminta\/hallitus-ja-yhteyshenkilot\/#primaryimage\"},\"image\":{\"@id\":\"https:\/\/sey.fi\/kainuu\/kainuun-elainsuojeluyhdistys\/yhdistyksen-toiminta\/hallitus-ja-yhteyshenkilot\/#primaryimage\"},\"thumbnailUrl\":\"http:\/\/kainuu.sey.fi\/images\/Logot\/facebook_banneri.png\",\"datePublished\":\"2019-10-28T10:39:18+00:00\",\"dateModified\":\"2026-04-06T14:00:21+00:00\",\"breadcrumb\":{\"@id\":\"https:\/\/sey.fi\/kainuu\/kainuun-elainsuojeluyhdistys\/yhdistyksen-toiminta\/hallitus-ja-yhteyshenkilot\/#breadcrumb\"},\"inLanguage\":\"fi\",\"potentialAction\":[{\"@type\":\"ReadAction\",\"target\":[\"https:\/\/sey.fi\/kainuu\/kainuun-elainsuojeluyhdistys\/yhdistyksen-toiminta\/hallitus-ja-yhteyshenkilot\/\"]}]},{\"@type\":\"ImageObject\",\"inLanguage\":\"fi\",\"@id\":\"https:\/\/sey.fi\/kainuu\/kainuun-elainsuojeluyhdistys\/yhdistyksen-toiminta\/hallitus-ja-yhteyshenkilot\/#primaryimage\",\"url\":\"http:\/\/kainuu.sey.fi\/images\/Logot\/facebook_banneri.png\",\"contentUrl\":\"http:\/\/kainuu.sey.fi\/images\/Logot\/facebook_banneri.png\"},{\"@type\":\"BreadcrumbList\",\"@id\":\"https:\/\/sey.fi\/kainuu\/kainuun-elainsuojeluyhdistys\/yhdistyksen-toiminta\/hallitus-ja-yhteyshenkilot\/#breadcrumb\",\"itemListElement\":[{\"@type\":\"ListItem\",\"position\":1,\"name\":\"Home\",\"item\":\"https:\/\/sey.fi\/kainuu\/\"},{\"@type\":\"ListItem\",\"position\":2,\"name\":\"Kainuun el\u00e4insuojeluyhdistys\",\"item\":\"https:\/\/sey.fi\/kainuu\/\"},{\"@type\":\"ListItem\",\"position\":3,\"name\":\"Yhdistyksen toiminta\",\"item\":\"https:\/\/sey.fi\/kainuu\/kainuun-elainsuojeluyhdistys\/yhdistyksen-toiminta\/\"},{\"@type\":\"ListItem\",\"position\":4,\"name\":\"Hallitus ja yhteyshenkil\u00f6t\"}]},{\"@type\":\"WebSite\",\"@id\":\"https:\/\/sey.fi\/kainuu\/#website\",\"url\":\"https:\/\/sey.fi\/kainuu\/\",\"name\":\"Kainuun el\u00e4insuojeluyhdistys\",\"description\":\"Uusi SEY J\u00e4senyhdistykset -sivusto\",\"potentialAction\":[{\"@type\":\"SearchAction\",\"target\":{\"@type\":\"EntryPoint\",\"urlTemplate\":\"https:\/\/sey.fi\/kainuu\/?s={search_term_string}\"},\"query-input\":{\"@type\":\"PropertyValueSpecification\",\"valueRequired\":true,\"valueName\":\"search_term_string\"}}],\"inLanguage\":\"fi\"}]}<\/script>\n<!-- \/ Yoast SEO plugin. -->","yoast_head_json":{"title":"Hallitus ja yhteyshenkil\u00f6t - Kainuun el\u00e4insuojeluyhdistys","robots":{"index":"index","follow":"follow","max-snippet":"max-snippet:-1","max-image-preview":"max-image-preview:large","max-video-preview":"max-video-preview:-1"},"canonical":"https:\/\/sey.fi\/kainuu\/kainuun-elainsuojeluyhdistys\/yhdistyksen-toiminta\/hallitus-ja-yhteyshenkilot\/","og_locale":"fi_FI","og_type":"article","og_title":"Hallitus ja yhteyshenkil\u00f6t - Kainuun el\u00e4insuojeluyhdistys","og_description":"Kainuun El\u00e4insuojeluyhdistyksen hallituksen ja muiden keskeisten toimijoidemme yhteystiedot (p\u00e4ivitetty 15.3.2026). S\u00e4hk\u00f6posti kainuun.elainsuojeluyhdistys@gmail.com Puhelin 044 595 1123 (puheenjohtaja) Tavoitat parhaiten s-postilla: kainuun.elainsuojeluyhdistys@gmail.com tai puheenjohtaja.kesy@gmail.com 040 685 0718 (sijaiskoti- ja kodinetsij\u00e4asiat \/ H\u00e4nninen) Posti- ja laskutusosoite Kainuun El\u00e4insuojeluyhdistys ry Kainuunkatu 3 as 25, 87100 Kajaani (Huom! Osoite vain postia varten) Laskut ja muun postin voi toimittaa my\u00f6s [&hellip;]","og_url":"https:\/\/sey.fi\/kainuu\/kainuun-elainsuojeluyhdistys\/yhdistyksen-toiminta\/hallitus-ja-yhteyshenkilot\/","og_site_name":"Kainuun el\u00e4insuojeluyhdistys","article_modified_time":"2026-04-06T14:00:21+00:00","og_image":[{"url":"http:\/\/kainuu.sey.fi\/images\/Logot\/facebook_banneri.png","type":"","width":"","height":""}],"twitter_card":"summary_large_image","twitter_misc":{"Arvioitu lukuaika":"2 minuuttia"},"schema":{"@context":"https:\/\/schema.org","@graph":[{"@type":"WebPage","@id":"https:\/\/sey.fi\/kainuu\/kainuun-elainsuojeluyhdistys\/yhdistyksen-toiminta\/hallitus-ja-yhteyshenkilot\/","url":"https:\/\/sey.fi\/kainuu\/kainuun-elainsuojeluyhdistys\/yhdistyksen-toiminta\/hallitus-ja-yhteyshenkilot\/","name":"Hallitus ja yhteyshenkil\u00f6t - Kainuun el\u00e4insuojeluyhdistys","isPartOf":{"@id":"https:\/\/sey.fi\/kainuu\/#website"},"primaryImageOfPage":{"@id":"https:\/\/sey.fi\/kainuu\/kainuun-elainsuojeluyhdistys\/yhdistyksen-toiminta\/hallitus-ja-yhteyshenkilot\/#primaryimage"},"image":{"@id":"https:\/\/sey.fi\/kainuu\/kainuun-elainsuojeluyhdistys\/yhdistyksen-toiminta\/hallitus-ja-yhteyshenkilot\/#primaryimage"},"thumbnailUrl":"http:\/\/kainuu.sey.fi\/images\/Logot\/facebook_banneri.png","datePublished":"2019-10-28T10:39:18+00:00","dateModified":"2026-04-06T14:00:21+00:00","breadcrumb":{"@id":"https:\/\/sey.fi\/kainuu\/kainuun-elainsuojeluyhdistys\/yhdistyksen-toiminta\/hallitus-ja-yhteyshenkilot\/#breadcrumb"},"inLanguage":"fi","potentialAction":[{"@type":"ReadAction","target":["https:\/\/sey.fi\/kainuu\/kainuun-elainsuojeluyhdistys\/yhdistyksen-toiminta\/hallitus-ja-yhteyshenkilot\/"]}]},{"@type":"ImageObject","inLanguage":"fi","@id":"https:\/\/sey.fi\/kainuu\/kainuun-elainsuojeluyhdistys\/yhdistyksen-toiminta\/hallitus-ja-yhteyshenkilot\/#primaryimage","url":"http:\/\/kainuu.sey.fi\/images\/Logot\/facebook_banneri.png","contentUrl":"http:\/\/kainuu.sey.fi\/images\/Logot\/facebook_banneri.png"},{"@type":"BreadcrumbList","@id":"https:\/\/sey.fi\/kainuu\/kainuun-elainsuojeluyhdistys\/yhdistyksen-toiminta\/hallitus-ja-yhteyshenkilot\/#breadcrumb","itemListElement":[{"@type":"ListItem","position":1,"name":"Home","item":"https:\/\/sey.fi\/kainuu\/"},{"@type":"ListItem","position":2,"name":"Kainuun el\u00e4insuojeluyhdistys","item":"https:\/\/sey.fi\/kainuu\/"},{"@type":"ListItem","position":3,"name":"Yhdistyksen toiminta","item":"https:\/\/sey.fi\/kainuu\/kainuun-elainsuojeluyhdistys\/yhdistyksen-toiminta\/"},{"@type":"ListItem","position":4,"name":"Hallitus ja yhteyshenkil\u00f6t"}]},{"@type":"WebSite","@id":"https:\/\/sey.fi\/kainuu\/#website","url":"https:\/\/sey.fi\/kainuu\/","name":"Kainuun el\u00e4insuojeluyhdistys","description":"Uusi SEY J\u00e4senyhdistykset -sivusto","potentialAction":[{"@type":"SearchAction","target":{"@type":"EntryPoint","urlTemplate":"https:\/\/sey.fi\/kainuu\/?s={search_term_string}"},"query-input":{"@type":"PropertyValueSpecification","valueRequired":true,"valueName":"search_term_string"}}],"inLanguage":"fi"}]}},"_links":{"self":[{"href":"https:\/\/sey.fi\/kainuu\/wp-json\/wp\/v2\/pages\/91","targetHints":{"allow":["GET"]}}],"collection":[{"href":"https:\/\/sey.fi\/kainuu\/wp-json\/wp\/v2\/pages"}],"about":[{"href":"https:\/\/sey.fi\/kainuu\/wp-json\/wp\/v2\/types\/page"}],"author":[{"embeddable":true,"href":"https:\/\/sey.fi\/kainuu\/wp-json\/wp\/v2\/users\/8"}],"replies":[{"embeddable":true,"href":"https:\/\/sey.fi\/kainuu\/wp-json\/wp\/v2\/comments?post=91"}],"version-history":[{"count":29,"href":"https:\/\/sey.fi\/kainuu\/wp-json\/wp\/v2\/pages\/91\/revisions"}],"predecessor-version":[{"id":370,"href":"https:\/\/sey.fi\/kainuu\/wp-json\/wp\/v2\/pages\/91\/revisions\/370"}],"up":[{"embeddable":true,"href":"https:\/\/sey.fi\/kainuu\/wp-json\/wp\/v2\/pages\/16"}],"wp:attachment":[{"href":"https:\/\/sey.fi\/kainuu\/wp-json\/wp\/v2\/media?parent=91"}],"curies":[{"name":"wp","href":"https:\/\/api.w.org\/{rel}","templated":true}]}}