{"id":94,"date":"2019-10-28T12:39:48","date_gmt":"2019-10-28T10:39:48","guid":{"rendered":"http:\/\/srvr10.xetpoint.com\/~seyfi\/kainuu\/?page_id=94"},"modified":"2019-10-28T12:39:49","modified_gmt":"2019-10-28T10:39:49","slug":"yhdistyksen-saannot","status":"publish","type":"page","link":"https:\/\/sey.fi\/kainuu\/kainuun-elainsuojeluyhdistys\/yhdistyksen-toiminta\/yhdistyksen-saannot\/","title":{"rendered":"Yhdistyksen s\u00e4\u00e4nn\u00f6t"},"content":{"rendered":"\n<p><strong>Kainuun El\u00e4insuojeluyhdistys ry&nbsp;&nbsp;&nbsp;&nbsp;&nbsp;&nbsp;&nbsp;&nbsp;&nbsp;&nbsp;&nbsp;&nbsp;&nbsp;&nbsp;&nbsp; &nbsp;&nbsp;&nbsp;&nbsp;&nbsp;&nbsp;&nbsp;&nbsp;&nbsp;&nbsp;&nbsp;&nbsp;&nbsp;&nbsp;&nbsp;&nbsp;&nbsp;&nbsp;&nbsp;&nbsp;&nbsp;&nbsp;&nbsp;&nbsp;&nbsp;&nbsp;&nbsp;&nbsp;&nbsp;&nbsp;&nbsp;&nbsp;&nbsp;&nbsp;&nbsp;&nbsp;&nbsp;&nbsp;&nbsp;&nbsp;&nbsp;&nbsp;&nbsp;&nbsp;&nbsp;&nbsp; 21.3.2005<\/strong><\/p>\n\n\n\n<p><strong>N\u00e4m\u00e4 s\u00e4\u00e4nn\u00f6t on hyv\u00e4ksytty 25.10.2005<\/strong><\/p>\n\n\n\n<hr class=\"wp-block-separator\" \/>\n\n\n\n<h2 class=\"wp-block-heading\"><br>S\u00e4\u00e4nn\u00f6t<\/h2>\n\n\n\n<p><strong>1 \u00a7&nbsp;&nbsp; Yhdistyksen nimi ja kotipaikka<\/strong><\/p>\n\n\n\n<p>Yhdistyksen nimi on Kainuun El\u00e4insuojeluyhdistys ry, josta ep\u00e4virallisesti k\u00e4ytet\u00e4\u00e4n lyhennett\u00e4 KESY. Sen kotipaikka on Kajaanin kaupunki. Yhdistyksen toiminta-alue k\u00e4sitt\u00e4\u00e4 Kainuun kunnat.&nbsp; Yhdistys on Suomen El\u00e4insuojeluyhdistys ry:n j\u00e4senyhdistys.&nbsp;&nbsp;&nbsp;&nbsp;&nbsp;&nbsp;&nbsp;&nbsp;&nbsp;&nbsp;&nbsp;<\/p>\n\n\n\n<p><strong>2&nbsp; \u00a7&nbsp;&nbsp; Tarkoitus ja toiminnan laatu<\/strong><\/p>\n\n\n\n<p>Yhdistyksen tarkoituksena on edist\u00e4\u00e4 el\u00e4insuojelua ja suojella el\u00e4imi\u00e4 parhaalla mahdollisella tavalla k\u00e4rsimykselt\u00e4, kivulta ja tuskalta sek\u00e4 edist\u00e4\u00e4 el\u00e4inten hyvinvointia ja hyv\u00e4\u00e4 kohtelua.<\/p>\n\n\n\n<p>Tarkoituksensa toteuttamiseksi yhdistys:<\/p>\n\n\n\n<ul class=\"wp-block-list\"><li>Pyrkii vaikuttamaan el\u00e4insuojelulains\u00e4\u00e4d\u00e4nt\u00f6\u00f6n sek\u00e4 viranomaisten p\u00e4\u00e4t\u00f6ksiin ja toimintaan antamalla lausuntoja, ehdotuksia ja kannanottoja, jotka edist\u00e4v\u00e4t el\u00e4inten hyv\u00e4\u00e4 kohtelua.<\/li><li>Neuvoo ja opastaa el\u00e4intenomistajia toimimaan tavalla, joka edist\u00e4\u00e4 el\u00e4imen hyvinvointia.<\/li><li>Harjoittaa tarkoitusperiens\u00e4 mukaista nuorisotoimintaa.<\/li><li>Harjoittaa julkaisu-, valistus- ja koulutustoimintaa.<\/li><li>J\u00e4rjest\u00e4\u00e4 esitelm\u00e4tilaisuuksia, kokouksia, el\u00e4insuojelup\u00e4ivi\u00e4 ja muita samantapaisia tilaisuuksia.<\/li><li>Ottaa palvelukseensa puhujia, neuvojia, valvojia ja asiamiehi\u00e4.<\/li><li>Toimii muillakin vastaavilla tavoilla, jotta el\u00e4inten hyv\u00e4 kohtelu ja rakkaus el\u00e4imiin lis\u00e4\u00e4ntyisiv\u00e4t.<\/li><li>Yll\u00e4pit\u00e4\u00e4 rekister\u00f6im\u00e4tt\u00f6mi\u00e4 alajaostoja.<\/li><\/ul>\n\n\n\n<p>Toimintansa tukemiseksi yhdistys voi:<\/p>\n\n\n\n<ul class=\"wp-block-list\"><li>Ottaa vastaan lahjoituksia ja testamentteja sek\u00e4 hankkia ja omistaa toimintaansa varten tarpeellista kiinte\u00e4\u00e4 ja irtainta omaisuutta.<\/li><li>J\u00e4rjest\u00e4\u00e4 myyj\u00e4isi\u00e4, arpajaisia ja varainker\u00e4yksi\u00e4.<\/li><li>Ostaa ja v\u00e4litt\u00e4\u00e4 j\u00e4senilleen el\u00e4intenhoito- ja suojeluv\u00e4lineit\u00e4 sek\u00e4 myyd\u00e4 merkkej\u00e4, kortteja ja adresseja sek\u00e4 harjoittaa kioskitoimintaa.<\/li><\/ul>\n\n\n\n<p>Tarvittaessa yhdistys hankkii toimintaansa varten asianmukaisen luvan.<\/p>\n\n\n\n<p><strong>3&nbsp; \u00a7&nbsp;&nbsp; J\u00e4senet<\/strong><\/p>\n\n\n\n<p>Yhdistyksell\u00e4 on varsinaisia j\u00e4seni\u00e4 sek\u00e4 nuoriso-, kannatus-, ainais- ja kunniaj\u00e4seni\u00e4 ja kunniapuheenjohtajia.<\/p>\n\n\n\n<p>Yhdistyksen varsinaiseksi ja ainaisj\u00e4seneksi voidaan hyv\u00e4ksy\u00e4 henkil\u00f6, joka hyv\u00e4ksyy yhdistyksen tarkoituksen. Henkil\u00f6, joka ei ole t\u00e4ytt\u00e4nyt viitt\u00e4toista vuotta, hyv\u00e4ksyt\u00e4\u00e4n nuorisoj\u00e4seneksi.<\/p>\n\n\n\n<p>Kannatusj\u00e4seneksi voidaan hyv\u00e4ksy\u00e4 yksityinen henkil\u00f6 tai oikeuskelpoinen yhteis\u00f6, joka haluaa tukea yhdistyksen tarkoitusta ja toimintaa.<\/p>\n\n\n\n<p>Varsinaiset j\u00e4senet sek\u00e4 ainais-, nuoriso- ja kannatusj\u00e4senet hyv\u00e4ksyy hakemuksesta yhdistyksen hallitus.<\/p>\n\n\n\n<p>Kunniapuheenjohtajaksi tai kunniaj\u00e4seneksi voidaan hallituksen esityksest\u00e4 yhdistyksen kokouksessa kutsua henkil\u00f6, joka on huomattavasti edist\u00e4nyt ja tukenut yhdistyksen toimintaa.<\/p>\n\n\n\n<p><strong>4&nbsp; \u00a7&nbsp;&nbsp; J\u00e4senen eroaminen ja erottaminen<\/strong><\/p>\n\n\n\n<p>J\u00e4senell\u00e4 on oikeus erota yhdistyksest\u00e4 ilmoittamalla siit\u00e4 kirjallisesti hallitukselle tai sen puheenjohtajalle taikka ilmoittamalla erosta yhdistyksen kokouksessa merkitt\u00e4v\u00e4ksi p\u00f6yt\u00e4kirjaan.<\/p>\n\n\n\n<p>Hallitus voi erottaa j\u00e4senen yhdistyksest\u00e4, jos j\u00e4sen on j\u00e4tt\u00e4nyt er\u00e4\u00e4ntyneen j\u00e4senmaksunsa maksamatta tai muuten j\u00e4tt\u00e4nyt t\u00e4ytt\u00e4m\u00e4tt\u00e4 ne velvoitukset, joihin h\u00e4n on yhdistykseen liittym\u00e4ll\u00e4 sitoutunut tai on menettelyll\u00e4\u00e4n yhdistyksess\u00e4 tai sen ulkopuolella vahingoittanut yhdistyst\u00e4 tai ei en\u00e4\u00e4 t\u00e4yt\u00e4 laissa taikka yhdistyksen s\u00e4\u00e4nn\u00f6iss\u00e4 mainittuja j\u00e4senyyden ehtoja.<\/p>\n\n\n\n<p><strong>5&nbsp; \u00a7&nbsp;&nbsp;&nbsp; J\u00e4senrekisterin pit\u00e4minen<\/strong><\/p>\n\n\n\n<p>Yhdistyksen hallituksen teht\u00e4v\u00e4n\u00e4 on pit\u00e4\u00e4 j\u00e4senrekisteri\u00e4. Yhdistyksen kokous voi p\u00e4\u00e4tt\u00e4\u00e4, ett\u00e4 yhdistyksen j\u00e4senrekisterin pit\u00e4minen annetaan Suomen El\u00e4insuojeluyhdistys ry:n teht\u00e4v\u00e4ksi.<\/p>\n\n\n\n<p><strong>6&nbsp; \u00a7&nbsp;&nbsp;&nbsp; Liittymis- ja j\u00e4senmaksu<\/strong><\/p>\n\n\n\n<p>Varsinaisilta j\u00e4senilt\u00e4 sek\u00e4 nuoriso- ja kannatusj\u00e4senilt\u00e4 peritt\u00e4v\u00e4n liittymismaksun ja vuotuisen j\u00e4senmaksun suuruuden erikseen kullekin j\u00e4senryhm\u00e4lle p\u00e4\u00e4tt\u00e4\u00e4 vuosikokous.<\/p>\n\n\n\n<p>Ainaisj\u00e4senilt\u00e4 peritt\u00e4v\u00e4n liittymismaksun ja kertakaikkisen ainaisj\u00e4senmaksun suuruuden vahvistaa vuosikokous. Ainaisj\u00e4sen on t\u00e4m\u00e4n j\u00e4lkeen vapaa j\u00e4senmaksuvelvollisuudesta.<\/p>\n\n\n\n<p>Kunniapuheenjohtaja ja kunniaj\u00e4senet eiv\u00e4t suorita j\u00e4senmaksuja.<\/p>\n\n\n\n<p><strong>7&nbsp;&nbsp; \u00a7&nbsp;&nbsp;&nbsp; Hallitus<\/strong><\/p>\n\n\n\n<p>Yhdistyksen asioita hoitaa hallitus, johon kuuluu vuosikokouksessa valitut puheenjohtaja ja 6 muuta varsinaista j\u00e4sent\u00e4 sek\u00e4 2 varaj\u00e4sent\u00e4.<\/p>\n\n\n\n<p>Hallituksen toimikausi on vuosikokousten v\u00e4linen aika.<\/p>\n\n\n\n<p>Hallitus valitsee keskuudestaan varapuheenjohtajan sek\u00e4 ottaa keskuudestaan tai ulkopuoleltaan sihteerin, rahastonhoitajan ja muut tarvittavat toimihenkil\u00f6t.<\/p>\n\n\n\n<p>Hallitus kokoontuu puheenjohtajan tai h\u00e4nen estyneen\u00e4 ollessaan varapuheenjohtajan kutsusta, kun he katsovat siihen olevan aihetta tai kun v\u00e4hint\u00e4\u00e4n puolet hallituksen j\u00e4senist\u00e4 sit\u00e4 vaatii.<\/p>\n\n\n\n<p>Hallitus on p\u00e4\u00e4t\u00f6svaltainen, kun puolet sen j\u00e4senist\u00e4 ja lis\u00e4ksi puheenjohtaja tai varapuheenjohtaja ovat l\u00e4sn\u00e4. \u00c4\u00e4nestykset ratkaistaan ehdottomalla enemmist\u00f6ll\u00e4. \u00c4\u00e4nten menness\u00e4 tasan ratkaisee puheenjohtajan \u00e4\u00e4ni, vaaleissa kuitenkin arpa.<\/p>\n\n\n\n<p><strong>8&nbsp; \u00a7&nbsp;&nbsp;&nbsp; Yhdistyksen nimen kirjoittaminen<\/strong><\/p>\n\n\n\n<p>Yhdistyksen nimen kirjoittaa hallituksen puheenjohtaja yksin sek\u00e4 varapuheenjohtaja ja sihteeri kaksi yhdess\u00e4.<\/p>\n\n\n\n<p><strong>9&nbsp; \u00a7&nbsp;&nbsp;&nbsp; Tilikausi ja tilintarkastus<\/strong><\/p>\n\n\n\n<p>Yhdistyksen tilikausi on kalenterivuosi.<\/p>\n\n\n\n<p>Tilinp\u00e4\u00e4t\u00f6s tarvittavine asiakirjoineen ja hallituksen vuosikertomus on annettava tilintarkastajille hyviss\u00e4 ajoin ennen vuosikokousta.<\/p>\n\n\n\n<p>Tilintarkastajan tulee antaa kirjallinen lausuntonsa viimeist\u00e4\u00e4n kaksi viikkoa ennen vuosikokousta hallitukselle.<\/p>\n\n\n\n<p><strong>10&nbsp; \u00a7&nbsp;&nbsp;&nbsp; Yhdistyksen kokoukset<\/strong><\/p>\n\n\n\n<p>Yhdistyksen vuosikokous pidet\u00e4\u00e4n vuosittain hallituksen m\u00e4\u00e4r\u00e4\u00e4m\u00e4n\u00e4 aikana maaliskuun loppuun menness\u00e4. Ylim\u00e4\u00e4r\u00e4inen kokous pidet\u00e4\u00e4n, kun yhdistyksen kokous niin p\u00e4\u00e4tt\u00e4\u00e4 tai kun hallitus katsoo siihen olevan aihetta tai kun v\u00e4hint\u00e4\u00e4n kymmenesosa (1\/10) yhdistyksen \u00e4\u00e4nioikeutetuista j\u00e4senist\u00e4 sit\u00e4 hallitukselta erityisesti ilmoitettua asiaa varten kirjallisesti vaatii. Kokous on pidett\u00e4v\u00e4 kolmenkymmenen vuorokauden kuluessa siit\u00e4, kun vaatimus sen pit\u00e4misest\u00e4 on esitetty hallitukselle.<\/p>\n\n\n\n<p>Yhdistyksen kokouksissa on jokaisella varsinaisella j\u00e4senell\u00e4, ainaisj\u00e4senell\u00e4, kunniapuheenjohtajalla ja kunniaj\u00e4senell\u00e4 yksi \u00e4\u00e4ni. Kannatus- ja nuorisoj\u00e4senell\u00e4 on kokouksessa vain l\u00e4sn\u00e4olo- ja puheoikeus.<\/p>\n\n\n\n<p>Yhdistyksen kokouksen p\u00e4\u00e4t\u00f6kseksi tulee, ellei s\u00e4\u00e4nn\u00f6iss\u00e4 ole toisin m\u00e4\u00e4r\u00e4tty, se mielipide, jota on kannattanut yli puolet annetuista \u00e4\u00e4nist\u00e4. \u00c4\u00e4nten menness\u00e4 tasan ratkaisee kokouksen puheenjohtajan \u00e4\u00e4n, vaaleissa kuitenkin arpa.<\/p>\n\n\n\n<p><strong>11&nbsp; \u00a7&nbsp;&nbsp; Yhdistyksen kokouksen koollekutsuminen<\/strong><\/p>\n\n\n\n<p>Hallituksen on kutsuttava yhdistyksen kokoukset koolle v\u00e4hint\u00e4\u00e4n seitsem\u00e4n vuorokautta ennen kokousta Kainuussa ilmestyv\u00e4ss\u00e4 sanomalehdess\u00e4.<\/p>\n\n\n\n<p><strong>12&nbsp;&nbsp;&nbsp; \u00a7&nbsp;&nbsp; Vuosikokous<\/strong><\/p>\n\n\n\n<p>Yhdistyksen vuosikokouksessa k\u00e4sitell\u00e4\u00e4n seuraavat asiat:<\/p>\n\n\n\n<ol class=\"wp-block-list\"><li>Kokouksen avaus<\/li><li>Valitaan kokouksen puheenjohtaja, sihteeri, kaksi p\u00f6yt\u00e4kirjan tarkastajaa ja tarvittaessa kaksi \u00e4\u00e4ntenlaskijaa<\/li><li>Todetaan kokouksen laillisuus ja p\u00e4\u00e4t\u00f6svaltaisuus<\/li><li>Hyv\u00e4ksyt\u00e4\u00e4n kokouksen esityslista<\/li><li>Esitet\u00e4\u00e4n tilinp\u00e4\u00e4t\u00f6s, vuosikertomus ja tilintarkastajien lausunto<\/li><li>P\u00e4\u00e4tet\u00e4\u00e4n tilinp\u00e4\u00e4t\u00f6ksen vahvistamisesta ja vastuuvapauden my\u00f6nt\u00e4misest\u00e4 hallitukselle ja muille vastuuvelvollisille<\/li><li>Vahvistetaan toimintasuunnitelma, tulo- ja menoarvio sek\u00e4 liittymis- ja j\u00e4senmaksujen sek\u00e4 ainaisj\u00e4senmaksun suuruudet<\/li><li>Valitaan hallituksen puheenjohtaja ja muut j\u00e4senet<\/li><li>Valitaan kaksi tilintarkastajaa ja heille varatilintarkastajat<\/li><li>K\u00e4sitell\u00e4\u00e4n muut kokouskutsussa mainitut asiat<\/li><\/ol>\n\n\n\n<p><strong>13&nbsp; \u00a7&nbsp;&nbsp; S\u00e4\u00e4nt\u00f6jen muuttaminen ja yhdistyksen purkaminen<\/strong><\/p>\n\n\n\n<p>P\u00e4\u00e4t\u00f6s s\u00e4\u00e4nt\u00f6jen muuttamisesta ja yhdistyksen purkamisesta on teht\u00e4v\u00e4 yhdistyksen kokouksessa v\u00e4hint\u00e4\u00e4n kolmen nelj\u00e4sosan (3\/4) enemmist\u00f6ll\u00e4 annetuista \u00e4\u00e4nist\u00e4. Kokouskutsussa on mainittava s\u00e4\u00e4nt\u00f6jen muuttamisesta tai yhdistyksen purkamisesta.<\/p>\n\n\n\n<p>Yhdistyksen purkautuessa k\u00e4ytet\u00e4\u00e4n yhdistyksen varat yhdistyksen tarkoituksen edist\u00e4miseen purkamisesta p\u00e4\u00e4tt\u00e4v\u00e4n kokouksen m\u00e4\u00e4r\u00e4\u00e4m\u00e4ll\u00e4 tavalla. Yhdistyksen tullessa lakkautetuksi k\u00e4ytet\u00e4\u00e4n sen varat samaan tarkoitukseen.<\/p>\n\n\n\n<p><strong>14&nbsp; \u00a7&nbsp;&nbsp;&nbsp; Saavutetut j\u00e4senoikeudet s\u00e4ilyv\u00e4t.<\/strong><\/p>\n","protected":false},"excerpt":{"rendered":"<p>Kainuun El\u00e4insuojeluyhdistys ry&nbsp;&nbsp;&nbsp;&nbsp;&nbsp;&nbsp;&nbsp;&nbsp;&nbsp;&nbsp;&nbsp;&nbsp;&nbsp;&nbsp;&nbsp; &nbsp;&nbsp;&nbsp;&nbsp;&nbsp;&nbsp;&nbsp;&nbsp;&nbsp;&nbsp;&nbsp;&nbsp;&nbsp;&nbsp;&nbsp;&nbsp;&nbsp;&nbsp;&nbsp;&nbsp;&nbsp;&nbsp;&nbsp;&nbsp;&nbsp;&nbsp;&nbsp;&nbsp;&nbsp;&nbsp;&nbsp;&nbsp;&nbsp;&nbsp;&nbsp;&nbsp;&nbsp;&nbsp;&nbsp;&nbsp;&nbsp;&nbsp;&nbsp;&nbsp;&nbsp;&nbsp; 21.3.2005 N\u00e4m\u00e4 s\u00e4\u00e4nn\u00f6t on hyv\u00e4ksytty 25.10.2005 S\u00e4\u00e4nn\u00f6t 1 \u00a7&nbsp;&nbsp; Yhdistyksen nimi ja kotipaikka Yhdistyksen nimi on Kainuun El\u00e4insuojeluyhdistys ry, josta ep\u00e4virallisesti k\u00e4ytet\u00e4\u00e4n lyhennett\u00e4 KESY. Sen kotipaikka on Kajaanin kaupunki. Yhdistyksen toiminta-alue k\u00e4sitt\u00e4\u00e4 Kainuun kunnat.&nbsp; Yhdistys on Suomen El\u00e4insuojeluyhdistys ry:n j\u00e4senyhdistys.&nbsp;&nbsp;&nbsp;&nbsp;&nbsp;&nbsp;&nbsp;&nbsp;&nbsp;&nbsp;&nbsp; 2&nbsp; \u00a7&nbsp;&nbsp; Tarkoitus ja toiminnan laatu Yhdistyksen tarkoituksena on edist\u00e4\u00e4 el\u00e4insuojelua [&hellip;]<\/p>\n","protected":false},"author":8,"featured_media":0,"parent":16,"menu_order":0,"comment_status":"closed","ping_status":"closed","template":"","meta":{"_acf_changed":false,"footnotes":""},"class_list":["post-94","page","type-page","status-publish","hentry"],"acf":[],"yoast_head":"<!-- This site is optimized with the Yoast SEO plugin v27.1.1 - https:\/\/yoast.com\/product\/yoast-seo-wordpress\/ -->\n<title>Yhdistyksen s\u00e4\u00e4nn\u00f6t - Kainuun el\u00e4insuojeluyhdistys<\/title>\n<meta name=\"robots\" content=\"index, follow, max-snippet:-1, max-image-preview:large, max-video-preview:-1\" \/>\n<link rel=\"canonical\" href=\"https:\/\/sey.fi\/kainuu\/kainuun-elainsuojeluyhdistys\/yhdistyksen-toiminta\/yhdistyksen-saannot\/\" \/>\n<meta property=\"og:locale\" content=\"fi_FI\" \/>\n<meta property=\"og:type\" content=\"article\" \/>\n<meta property=\"og:title\" content=\"Yhdistyksen s\u00e4\u00e4nn\u00f6t - Kainuun el\u00e4insuojeluyhdistys\" \/>\n<meta property=\"og:description\" content=\"Kainuun El\u00e4insuojeluyhdistys ry&nbsp;&nbsp;&nbsp;&nbsp;&nbsp;&nbsp;&nbsp;&nbsp;&nbsp;&nbsp;&nbsp;&nbsp;&nbsp;&nbsp;&nbsp; &nbsp;&nbsp;&nbsp;&nbsp;&nbsp;&nbsp;&nbsp;&nbsp;&nbsp;&nbsp;&nbsp;&nbsp;&nbsp;&nbsp;&nbsp;&nbsp;&nbsp;&nbsp;&nbsp;&nbsp;&nbsp;&nbsp;&nbsp;&nbsp;&nbsp;&nbsp;&nbsp;&nbsp;&nbsp;&nbsp;&nbsp;&nbsp;&nbsp;&nbsp;&nbsp;&nbsp;&nbsp;&nbsp;&nbsp;&nbsp;&nbsp;&nbsp;&nbsp;&nbsp;&nbsp;&nbsp; 21.3.2005 N\u00e4m\u00e4 s\u00e4\u00e4nn\u00f6t on hyv\u00e4ksytty 25.10.2005 S\u00e4\u00e4nn\u00f6t 1 \u00a7&nbsp;&nbsp; Yhdistyksen nimi ja kotipaikka Yhdistyksen nimi on Kainuun El\u00e4insuojeluyhdistys ry, josta ep\u00e4virallisesti k\u00e4ytet\u00e4\u00e4n lyhennett\u00e4 KESY. Sen kotipaikka on Kajaanin kaupunki. Yhdistyksen toiminta-alue k\u00e4sitt\u00e4\u00e4 Kainuun kunnat.&nbsp; Yhdistys on Suomen El\u00e4insuojeluyhdistys ry:n j\u00e4senyhdistys.&nbsp;&nbsp;&nbsp;&nbsp;&nbsp;&nbsp;&nbsp;&nbsp;&nbsp;&nbsp;&nbsp; 2&nbsp; \u00a7&nbsp;&nbsp; Tarkoitus ja toiminnan laatu Yhdistyksen tarkoituksena on edist\u00e4\u00e4 el\u00e4insuojelua [&hellip;]\" \/>\n<meta property=\"og:url\" content=\"https:\/\/sey.fi\/kainuu\/kainuun-elainsuojeluyhdistys\/yhdistyksen-toiminta\/yhdistyksen-saannot\/\" \/>\n<meta property=\"og:site_name\" content=\"Kainuun el\u00e4insuojeluyhdistys\" \/>\n<meta property=\"article:modified_time\" content=\"2019-10-28T10:39:49+00:00\" \/>\n<meta name=\"twitter:card\" content=\"summary_large_image\" \/>\n<meta name=\"twitter:label1\" content=\"Arvioitu lukuaika\" \/>\n\t<meta name=\"twitter:data1\" content=\"6 minuuttia\" \/>\n<script type=\"application\/ld+json\" class=\"yoast-schema-graph\">{\"@context\":\"https:\/\/schema.org\",\"@graph\":[{\"@type\":\"WebPage\",\"@id\":\"https:\/\/sey.fi\/kainuu\/kainuun-elainsuojeluyhdistys\/yhdistyksen-toiminta\/yhdistyksen-saannot\/\",\"url\":\"https:\/\/sey.fi\/kainuu\/kainuun-elainsuojeluyhdistys\/yhdistyksen-toiminta\/yhdistyksen-saannot\/\",\"name\":\"Yhdistyksen s\u00e4\u00e4nn\u00f6t - Kainuun el\u00e4insuojeluyhdistys\",\"isPartOf\":{\"@id\":\"https:\/\/sey.fi\/kainuu\/#website\"},\"datePublished\":\"2019-10-28T10:39:48+00:00\",\"dateModified\":\"2019-10-28T10:39:49+00:00\",\"breadcrumb\":{\"@id\":\"https:\/\/sey.fi\/kainuu\/kainuun-elainsuojeluyhdistys\/yhdistyksen-toiminta\/yhdistyksen-saannot\/#breadcrumb\"},\"inLanguage\":\"fi\",\"potentialAction\":[{\"@type\":\"ReadAction\",\"target\":[\"https:\/\/sey.fi\/kainuu\/kainuun-elainsuojeluyhdistys\/yhdistyksen-toiminta\/yhdistyksen-saannot\/\"]}]},{\"@type\":\"BreadcrumbList\",\"@id\":\"https:\/\/sey.fi\/kainuu\/kainuun-elainsuojeluyhdistys\/yhdistyksen-toiminta\/yhdistyksen-saannot\/#breadcrumb\",\"itemListElement\":[{\"@type\":\"ListItem\",\"position\":1,\"name\":\"Home\",\"item\":\"https:\/\/sey.fi\/kainuu\/\"},{\"@type\":\"ListItem\",\"position\":2,\"name\":\"Kainuun el\u00e4insuojeluyhdistys\",\"item\":\"https:\/\/sey.fi\/kainuu\/\"},{\"@type\":\"ListItem\",\"position\":3,\"name\":\"Yhdistyksen toiminta\",\"item\":\"https:\/\/sey.fi\/kainuu\/kainuun-elainsuojeluyhdistys\/yhdistyksen-toiminta\/\"},{\"@type\":\"ListItem\",\"position\":4,\"name\":\"Yhdistyksen s\u00e4\u00e4nn\u00f6t\"}]},{\"@type\":\"WebSite\",\"@id\":\"https:\/\/sey.fi\/kainuu\/#website\",\"url\":\"https:\/\/sey.fi\/kainuu\/\",\"name\":\"Kainuun el\u00e4insuojeluyhdistys\",\"description\":\"Uusi SEY J\u00e4senyhdistykset -sivusto\",\"potentialAction\":[{\"@type\":\"SearchAction\",\"target\":{\"@type\":\"EntryPoint\",\"urlTemplate\":\"https:\/\/sey.fi\/kainuu\/?s={search_term_string}\"},\"query-input\":{\"@type\":\"PropertyValueSpecification\",\"valueRequired\":true,\"valueName\":\"search_term_string\"}}],\"inLanguage\":\"fi\"}]}<\/script>\n<!-- \/ Yoast SEO plugin. -->","yoast_head_json":{"title":"Yhdistyksen s\u00e4\u00e4nn\u00f6t - Kainuun el\u00e4insuojeluyhdistys","robots":{"index":"index","follow":"follow","max-snippet":"max-snippet:-1","max-image-preview":"max-image-preview:large","max-video-preview":"max-video-preview:-1"},"canonical":"https:\/\/sey.fi\/kainuu\/kainuun-elainsuojeluyhdistys\/yhdistyksen-toiminta\/yhdistyksen-saannot\/","og_locale":"fi_FI","og_type":"article","og_title":"Yhdistyksen s\u00e4\u00e4nn\u00f6t - Kainuun el\u00e4insuojeluyhdistys","og_description":"Kainuun El\u00e4insuojeluyhdistys ry&nbsp;&nbsp;&nbsp;&nbsp;&nbsp;&nbsp;&nbsp;&nbsp;&nbsp;&nbsp;&nbsp;&nbsp;&nbsp;&nbsp;&nbsp; &nbsp;&nbsp;&nbsp;&nbsp;&nbsp;&nbsp;&nbsp;&nbsp;&nbsp;&nbsp;&nbsp;&nbsp;&nbsp;&nbsp;&nbsp;&nbsp;&nbsp;&nbsp;&nbsp;&nbsp;&nbsp;&nbsp;&nbsp;&nbsp;&nbsp;&nbsp;&nbsp;&nbsp;&nbsp;&nbsp;&nbsp;&nbsp;&nbsp;&nbsp;&nbsp;&nbsp;&nbsp;&nbsp;&nbsp;&nbsp;&nbsp;&nbsp;&nbsp;&nbsp;&nbsp;&nbsp; 21.3.2005 N\u00e4m\u00e4 s\u00e4\u00e4nn\u00f6t on hyv\u00e4ksytty 25.10.2005 S\u00e4\u00e4nn\u00f6t 1 \u00a7&nbsp;&nbsp; Yhdistyksen nimi ja kotipaikka Yhdistyksen nimi on Kainuun El\u00e4insuojeluyhdistys ry, josta ep\u00e4virallisesti k\u00e4ytet\u00e4\u00e4n lyhennett\u00e4 KESY. Sen kotipaikka on Kajaanin kaupunki. Yhdistyksen toiminta-alue k\u00e4sitt\u00e4\u00e4 Kainuun kunnat.&nbsp; Yhdistys on Suomen El\u00e4insuojeluyhdistys ry:n j\u00e4senyhdistys.&nbsp;&nbsp;&nbsp;&nbsp;&nbsp;&nbsp;&nbsp;&nbsp;&nbsp;&nbsp;&nbsp; 2&nbsp; \u00a7&nbsp;&nbsp; Tarkoitus ja toiminnan laatu Yhdistyksen tarkoituksena on edist\u00e4\u00e4 el\u00e4insuojelua [&hellip;]","og_url":"https:\/\/sey.fi\/kainuu\/kainuun-elainsuojeluyhdistys\/yhdistyksen-toiminta\/yhdistyksen-saannot\/","og_site_name":"Kainuun el\u00e4insuojeluyhdistys","article_modified_time":"2019-10-28T10:39:49+00:00","twitter_card":"summary_large_image","twitter_misc":{"Arvioitu lukuaika":"6 minuuttia"},"schema":{"@context":"https:\/\/schema.org","@graph":[{"@type":"WebPage","@id":"https:\/\/sey.fi\/kainuu\/kainuun-elainsuojeluyhdistys\/yhdistyksen-toiminta\/yhdistyksen-saannot\/","url":"https:\/\/sey.fi\/kainuu\/kainuun-elainsuojeluyhdistys\/yhdistyksen-toiminta\/yhdistyksen-saannot\/","name":"Yhdistyksen s\u00e4\u00e4nn\u00f6t - Kainuun el\u00e4insuojeluyhdistys","isPartOf":{"@id":"https:\/\/sey.fi\/kainuu\/#website"},"datePublished":"2019-10-28T10:39:48+00:00","dateModified":"2019-10-28T10:39:49+00:00","breadcrumb":{"@id":"https:\/\/sey.fi\/kainuu\/kainuun-elainsuojeluyhdistys\/yhdistyksen-toiminta\/yhdistyksen-saannot\/#breadcrumb"},"inLanguage":"fi","potentialAction":[{"@type":"ReadAction","target":["https:\/\/sey.fi\/kainuu\/kainuun-elainsuojeluyhdistys\/yhdistyksen-toiminta\/yhdistyksen-saannot\/"]}]},{"@type":"BreadcrumbList","@id":"https:\/\/sey.fi\/kainuu\/kainuun-elainsuojeluyhdistys\/yhdistyksen-toiminta\/yhdistyksen-saannot\/#breadcrumb","itemListElement":[{"@type":"ListItem","position":1,"name":"Home","item":"https:\/\/sey.fi\/kainuu\/"},{"@type":"ListItem","position":2,"name":"Kainuun el\u00e4insuojeluyhdistys","item":"https:\/\/sey.fi\/kainuu\/"},{"@type":"ListItem","position":3,"name":"Yhdistyksen toiminta","item":"https:\/\/sey.fi\/kainuu\/kainuun-elainsuojeluyhdistys\/yhdistyksen-toiminta\/"},{"@type":"ListItem","position":4,"name":"Yhdistyksen s\u00e4\u00e4nn\u00f6t"}]},{"@type":"WebSite","@id":"https:\/\/sey.fi\/kainuu\/#website","url":"https:\/\/sey.fi\/kainuu\/","name":"Kainuun el\u00e4insuojeluyhdistys","description":"Uusi SEY J\u00e4senyhdistykset -sivusto","potentialAction":[{"@type":"SearchAction","target":{"@type":"EntryPoint","urlTemplate":"https:\/\/sey.fi\/kainuu\/?s={search_term_string}"},"query-input":{"@type":"PropertyValueSpecification","valueRequired":true,"valueName":"search_term_string"}}],"inLanguage":"fi"}]}},"_links":{"self":[{"href":"https:\/\/sey.fi\/kainuu\/wp-json\/wp\/v2\/pages\/94","targetHints":{"allow":["GET"]}}],"collection":[{"href":"https:\/\/sey.fi\/kainuu\/wp-json\/wp\/v2\/pages"}],"about":[{"href":"https:\/\/sey.fi\/kainuu\/wp-json\/wp\/v2\/types\/page"}],"author":[{"embeddable":true,"href":"https:\/\/sey.fi\/kainuu\/wp-json\/wp\/v2\/users\/8"}],"replies":[{"embeddable":true,"href":"https:\/\/sey.fi\/kainuu\/wp-json\/wp\/v2\/comments?post=94"}],"version-history":[{"count":1,"href":"https:\/\/sey.fi\/kainuu\/wp-json\/wp\/v2\/pages\/94\/revisions"}],"predecessor-version":[{"id":95,"href":"https:\/\/sey.fi\/kainuu\/wp-json\/wp\/v2\/pages\/94\/revisions\/95"}],"up":[{"embeddable":true,"href":"https:\/\/sey.fi\/kainuu\/wp-json\/wp\/v2\/pages\/16"}],"wp:attachment":[{"href":"https:\/\/sey.fi\/kainuu\/wp-json\/wp\/v2\/media?parent=94"}],"curies":[{"name":"wp","href":"https:\/\/api.w.org\/{rel}","templated":true}]}}