{"id":98,"date":"2019-10-28T12:41:00","date_gmt":"2019-10-28T10:41:00","guid":{"rendered":"http:\/\/srvr10.xetpoint.com\/~seyfi\/kainuu\/?page_id=98"},"modified":"2022-06-17T12:10:35","modified_gmt":"2022-06-17T09:10:35","slug":"kainuun-elainsuojeluyhdistys-ryn-rekisteri-ja-tietosuojaseloste","status":"publish","type":"page","link":"https:\/\/sey.fi\/kainuu\/kainuun-elainsuojeluyhdistys\/yhdistyksen-toiminta\/kainuun-elainsuojeluyhdistys-ryn-rekisteri-ja-tietosuojaseloste\/","title":{"rendered":"Kainuun El\u00e4insuojeluyhdistys ry:n rekisteri- ja tietosuojaseloste"},"content":{"rendered":"\n<p>Kainuun El\u00e4insuojeluyhdistys ry (my\u00f6hemmin KESY) noudattaa tietosuoja-asioissaan ja rekisteriens\u00e4 k\u00e4sittelyss\u00e4 EU:n tietosuoja-asetusta (GDPR) sek\u00e4 soveltuvaa kansallista lains\u00e4\u00e4d\u00e4nt\u00f6\u00e4. Rekisterinpit\u00e4j\u00e4ll\u00e4 on tietosuoja-asetuksen mukaan velvollisuus informoida selke\u00e4ll\u00e4 tavalla rekister\u00f6ityj\u00e4. T\u00e4m\u00e4 seloste t\u00e4ytt\u00e4\u00e4 informointivelvoitteen.<\/p>\n\n\n\n<h2 class=\"wp-block-heading\">1. Rekisterinpit\u00e4j\u00e4<\/h2>\n\n\n\n<p>Kainuun El\u00e4insuojeluyhdistys ry<br>044 595 1123<br>kainuun.elainsuojeluyhdistys(at)gmail.com<\/p>\n\n\n\n<h2 class=\"wp-block-heading\">2. Rekister\u00f6idyt<\/h2>\n\n\n\n<p>Rekistereiss\u00e4 k\u00e4sitell\u00e4\u00e4n seuraavien henkil\u00f6iden ja toimijoiden henkil\u00f6tietoja: nykyiset,<br>eronneet ja mahdolliset tulevat j\u00e4senet, asiakkaat, yhteisty\u00f6kumppanit ja mahdolliset<br>tulevat yhteisty\u00f6kumppanit, luottamushenkil\u00f6t, vapaaehtoiset ty\u00f6ntekij\u00e4t sek\u00e4 kilpailuihin,<br>arvontoihin ja tapahtumiin ilmoittautuneet ja osallistuneet henkil\u00f6t.<\/p>\n\n\n\n<h2 class=\"wp-block-heading\">3. Rekisterien yll\u00e4pit\u00e4misen peruste ja k\u00e4ytt\u00f6tarkoitus<\/h2>\n\n\n\n<p>Rekisterien olemassaolon tarkoitus on sujuvoittaa vuorovaikutusta j\u00e4senten, asiakkaiden<br>ja yhteisty\u00f6kumppaneiden kanssa ja tukea yhdistyksen toiminnan kasvua ja kehittymist\u00e4.<br>Henkil\u00f6tietoja k\u00e4sitell\u00e4\u00e4n vain KESYn omien s\u00e4\u00e4nt\u00f6jen sallimissa rekistereiss\u00e4 toiminnan<br>sujuvuuden mahdollistamiseksi ja el\u00e4inten hyvinvoinnin varmistamiseksi.<br>Henkil\u00f6tietoja ei k\u00e4ytet\u00e4 automaattiseen p\u00e4\u00e4t\u00f6ksentekoon tai profilointiin.<\/p>\n\n\n\n<h2 class=\"wp-block-heading\">4. Rekisteriin tallennettavat henkil\u00f6tiedot<\/h2>\n\n\n\n<p>Rekisteri voi pit\u00e4\u00e4 sis\u00e4ll\u00e4\u00e4n seuraavia tietoja:<\/p>\n\n\n\n<ul class=\"wp-block-list\"><li>henkil\u00f6n tai toimijan nimi ja yhteystiedot (postiosoite, s\u00e4hk\u00f6postiosoite, puhelinnumero, www-sivuston osoite)<\/li><li>henkil\u00f6n yksil\u00f6intitiedot (syntym\u00e4vuosi ja sukupuoli)<\/li><li>pankkitilin numero<\/li><li>henkil\u00f6tunnus (nimenkirjoittajien muutosilmoitus Patentti- ja rekisterihallitukseen)<\/li><\/ul>\n\n\n\n<h2 class=\"wp-block-heading\">5. Rekister\u00f6idyn oikeudet<\/h2>\n\n\n\n<p>Rekister\u00f6idyll\u00e4 on oikeus<\/p>\n\n\n\n<ul class=\"wp-block-list\"><li>tarkastaa rekisteriin tallennetut henkil\u00f6tietonsa<\/li><li>pyyt\u00e4\u00e4 oikaisemaan puutteelliset, v\u00e4\u00e4r\u00e4t tai vanhentuneet tiedot<\/li><li>vastustaa henkil\u00f6tietojen k\u00e4sittely\u00e4, mik\u00e4li kokee niit\u00e4 k\u00e4sitellyn lainvastaisesti<\/li><li>pyyt\u00e4\u00e4 tietojen poistamista, mik\u00e4li tietojen k\u00e4sittely ei ole tarpeen<\/li><li>peruuttaa suostumus tietojensa k\u00e4sittelyyn, mik\u00e4li k\u00e4sittely perustuu suostumukseen eik\u00e4 esimerkiksi j\u00e4senyyteen tai asiakkuuteen<\/li><li>tehd\u00e4 valitus tietosuojavaltuutetulle, mik\u00e4li kokee, ett\u00e4 tietoja k\u00e4sitelt\u00e4ess\u00e4 rikotaan lakia tai voimassa olevaa tietosuoja-asetusta<\/li><li>vaatia kiistanalaisten tietojen k\u00e4sittelyn rajoittamista siksi aikaa, ett\u00e4 asia saadaan<br>ratkaistua.<\/li><\/ul>\n\n\n\n<p>Rekisterinpit\u00e4j\u00e4ll\u00e4 voi olla lakis\u00e4\u00e4teinen tai muu oikeus olla poistamatta<br>poistettavaksi pyydetty\u00e4 tietoa.<\/p>\n\n\n\n<h2 class=\"wp-block-heading\">6. Tietol\u00e4hteet<\/h2>\n\n\n\n<p>Rekistereiss\u00e4 olevat tiedot ovat p\u00e4\u00e4osin rekister\u00f6ityjen KESYlle antamia tietoja ja liittyv\u00e4t j\u00e4senyyden hakemiseen, sijaiskodiksi tai vapaaehtoisty\u00f6ntekij\u00e4ksi tarjoutumiseen, tapahtumaan ilmoittautumiseen, luottamushenkil\u00f6ksi valintaan tai siihen, ett\u00e4 rekister\u00f6ity on muussa tarkoituksessa (yleens\u00e4 el\u00e4int\u00e4 koskevassa asiassa) ottanut yhteytt\u00e4 KESYyn puhelimitse, s\u00e4hk\u00f6postitse, kirjeitse tai sosiaalisen median kautta. KESYn j\u00e4rjest\u00e4miss\u00e4 sirutustapahtumissa ker\u00e4t\u00e4\u00e4n tietoja turvasiru.fi -rekister\u00f6inti\u00e4 varten, mutta paperille kirjatut tiedot tuhotaan heti rekister\u00f6innin j\u00e4lkeen. KESYn toiminnalle t\u00e4rkeiden yhteisty\u00f6kumppaneiden (esim. muut el\u00e4insuojeluyhdistykset, el\u00e4insuojeluviranomaiset, l\u00f6yt\u00f6el\u00e4intalot ja tapahtumien sponsorit) yhteystiedot ovat julkisesti saatavissa, ja niiden k\u00e4sittely on molempien osapuolten edun mukaista.<\/p>\n\n\n\n<h2 class=\"wp-block-heading\">7. Tietojen luovuttaminen eteenp\u00e4in<\/h2>\n\n\n\n<p>KESY ei p\u00e4\u00e4s\u00e4\u00e4nt\u00f6isesti luovuta tietoja kolmansille osapuolille, esim. markkinointitarkoitukseen yhdistyksen ulkopuolelle. Henkil\u00f6tietoja luovutetaan vain toimivaltaisen viranomaisen m\u00e4\u00e4r\u00e4yksest\u00e4, joka perustuu voimassaolevaan lains\u00e4\u00e4d\u00e4nt\u00f6\u00f6n.<\/p>\n\n\n\n<h2 class=\"wp-block-heading\">8. Tietojen s\u00e4ilytt\u00e4misaika<\/h2>\n\n\n\n<p>Henkil\u00f6tietoja s\u00e4ilytet\u00e4\u00e4n vain niin kauan kuin se on v\u00e4ltt\u00e4m\u00e4t\u00f6nt\u00e4, kuitenkin voimassaolevan lains\u00e4\u00e4d\u00e4nn\u00f6n mukaisesti. Kirjanpitoon liittyv\u00e4 aineisto tulee s\u00e4ilytt\u00e4\u00e4 10 vuotta Kirjanpitolain mukaan.<\/p>\n\n\n\n<h2 class=\"wp-block-heading\">9. Tietojen k\u00e4sittelij\u00e4t<\/h2>\n\n\n\n<p>KESYn valtuuttamat henkil\u00f6t voivat k\u00e4sitell\u00e4 henkil\u00f6tietoja voimassaolevaa lains\u00e4\u00e4d\u00e4nt\u00f6\u00e4 noudattaen ja asianmukaisesti. KESY rajoittaa tietoja k\u00e4sittelevien henkil\u00f6iden piiri\u00e4 niin, ett\u00e4 tietoihin p\u00e4\u00e4sev\u00e4t k\u00e4siksi vain ne KESYn edustajat, joiden on teht\u00e4viens\u00e4 takia tarpeellista k\u00e4sitell\u00e4 tietoja. KESY on antanut j\u00e4senrekisterins\u00e4 yll\u00e4pidon Suomen El\u00e4insuojeluyhdistysten liitto ry:n<br>teht\u00e4v\u00e4ksi.<\/p>\n\n\n\n<p>Kirjanpito on t\u00e4ll\u00e4 hetkell\u00e4 ostettu ulkopuoliselta palveluntarjoajalta.<\/p>\n\n\n\n<h2 class=\"wp-block-heading\">10. Tietoturva<\/h2>\n\n\n\n<p>KESY pyrkii teknisin ja organisatorisin toimin suojaamaan rekisterit luvattomalta p\u00e4\u00e4sylt\u00e4, vahingossa tai laittomasti tapahtuvalta tietojen h\u00e4vitt\u00e4miselt\u00e4, v\u00e4\u00e4rink\u00e4yt\u00f6kselt\u00e4, siirt\u00e4miselt\u00e4, luovuttamiselta tai muulta laittomalta k\u00e4sittelylt\u00e4. S\u00e4hk\u00f6iset rekisterit on suojattu yksil\u00f6llisin k\u00e4ytt\u00e4j\u00e4tunnuksin ja salasanoin. Manuaalinen aineisto s\u00e4ilytet\u00e4\u00e4n lukitussa tilassa.<\/p>\n\n\n\n<h2 class=\"wp-block-heading\">11. Yhteydenotot<\/h2>\n\n\n\n<p>Rekister\u00f6idyn oikeuksia koskevat pyynn\u00f6t ja t\u00e4t\u00e4 selostetta koskevat kommentit ja kysymykset voi v\u00e4litt\u00e4\u00e4 KESYlle kohdassa 1 mainitun puhelinnumeron tai s\u00e4hk\u00f6postiosoitteen kautta.<\/p>\n\n\n\n<h2 class=\"wp-block-heading\">12. Muutokset t\u00e4h\u00e4n tietosuojaselosteeseen<\/h2>\n\n\n\n<p>KESY kehitt\u00e4\u00e4 jatkuvasti toimintaansa ja pid\u00e4tt\u00e4\u00e4 itsell\u00e4\u00e4n oikeuden muuttaa t\u00e4t\u00e4 selostetta. Muutostarpeen voivat aiheuttaa my\u00f6s lains\u00e4\u00e4d\u00e4nn\u00f6n muutokset. T\u00e4m\u00e4 seloste on p\u00e4iv\u00e4tty 25.5.2018.<\/p>\n","protected":false},"excerpt":{"rendered":"<p>Kainuun El\u00e4insuojeluyhdistys ry (my\u00f6hemmin KESY) noudattaa tietosuoja-asioissaan ja rekisteriens\u00e4 k\u00e4sittelyss\u00e4 EU:n tietosuoja-asetusta (GDPR) sek\u00e4 soveltuvaa kansallista lains\u00e4\u00e4d\u00e4nt\u00f6\u00e4. Rekisterinpit\u00e4j\u00e4ll\u00e4 on tietosuoja-asetuksen mukaan velvollisuus informoida selke\u00e4ll\u00e4 tavalla rekister\u00f6ityj\u00e4. T\u00e4m\u00e4 seloste t\u00e4ytt\u00e4\u00e4 informointivelvoitteen. 1. Rekisterinpit\u00e4j\u00e4 Kainuun El\u00e4insuojeluyhdistys ry044 595 1123kainuun.elainsuojeluyhdistys(at)gmail.com 2. Rekister\u00f6idyt Rekistereiss\u00e4 k\u00e4sitell\u00e4\u00e4n seuraavien henkil\u00f6iden ja toimijoiden henkil\u00f6tietoja: nykyiset,eronneet ja mahdolliset tulevat j\u00e4senet, asiakkaat, yhteisty\u00f6kumppanit ja mahdollisettulevat [&hellip;]<\/p>\n","protected":false},"author":8,"featured_media":0,"parent":16,"menu_order":0,"comment_status":"closed","ping_status":"closed","template":"","meta":{"_acf_changed":false,"footnotes":""},"class_list":["post-98","page","type-page","status-publish","hentry"],"acf":[],"yoast_head":"<!-- This site is optimized with the Yoast SEO plugin v27.1.1 - https:\/\/yoast.com\/product\/yoast-seo-wordpress\/ -->\n<title>Kainuun El\u00e4insuojeluyhdistys ry:n rekisteri- ja tietosuojaseloste - Kainuun el\u00e4insuojeluyhdistys<\/title>\n<meta name=\"robots\" content=\"index, follow, max-snippet:-1, max-image-preview:large, max-video-preview:-1\" \/>\n<link rel=\"canonical\" href=\"https:\/\/sey.fi\/kainuu\/kainuun-elainsuojeluyhdistys\/yhdistyksen-toiminta\/kainuun-elainsuojeluyhdistys-ryn-rekisteri-ja-tietosuojaseloste\/\" \/>\n<meta property=\"og:locale\" content=\"fi_FI\" \/>\n<meta property=\"og:type\" content=\"article\" \/>\n<meta property=\"og:title\" content=\"Kainuun El\u00e4insuojeluyhdistys ry:n rekisteri- ja tietosuojaseloste - Kainuun el\u00e4insuojeluyhdistys\" \/>\n<meta property=\"og:description\" content=\"Kainuun El\u00e4insuojeluyhdistys ry (my\u00f6hemmin KESY) noudattaa tietosuoja-asioissaan ja rekisteriens\u00e4 k\u00e4sittelyss\u00e4 EU:n tietosuoja-asetusta (GDPR) sek\u00e4 soveltuvaa kansallista lains\u00e4\u00e4d\u00e4nt\u00f6\u00e4. Rekisterinpit\u00e4j\u00e4ll\u00e4 on tietosuoja-asetuksen mukaan velvollisuus informoida selke\u00e4ll\u00e4 tavalla rekister\u00f6ityj\u00e4. T\u00e4m\u00e4 seloste t\u00e4ytt\u00e4\u00e4 informointivelvoitteen. 1. Rekisterinpit\u00e4j\u00e4 Kainuun El\u00e4insuojeluyhdistys ry044 595 1123kainuun.elainsuojeluyhdistys(at)gmail.com 2. Rekister\u00f6idyt Rekistereiss\u00e4 k\u00e4sitell\u00e4\u00e4n seuraavien henkil\u00f6iden ja toimijoiden henkil\u00f6tietoja: nykyiset,eronneet ja mahdolliset tulevat j\u00e4senet, asiakkaat, yhteisty\u00f6kumppanit ja mahdollisettulevat [&hellip;]\" \/>\n<meta property=\"og:url\" content=\"https:\/\/sey.fi\/kainuu\/kainuun-elainsuojeluyhdistys\/yhdistyksen-toiminta\/kainuun-elainsuojeluyhdistys-ryn-rekisteri-ja-tietosuojaseloste\/\" \/>\n<meta property=\"og:site_name\" content=\"Kainuun el\u00e4insuojeluyhdistys\" \/>\n<meta property=\"article:modified_time\" content=\"2022-06-17T09:10:35+00:00\" \/>\n<meta name=\"twitter:card\" content=\"summary_large_image\" \/>\n<meta name=\"twitter:label1\" content=\"Arvioitu lukuaika\" \/>\n\t<meta name=\"twitter:data1\" content=\"4 minuuttia\" \/>\n<script type=\"application\/ld+json\" class=\"yoast-schema-graph\">{\"@context\":\"https:\/\/schema.org\",\"@graph\":[{\"@type\":\"WebPage\",\"@id\":\"https:\/\/sey.fi\/kainuu\/kainuun-elainsuojeluyhdistys\/yhdistyksen-toiminta\/kainuun-elainsuojeluyhdistys-ryn-rekisteri-ja-tietosuojaseloste\/\",\"url\":\"https:\/\/sey.fi\/kainuu\/kainuun-elainsuojeluyhdistys\/yhdistyksen-toiminta\/kainuun-elainsuojeluyhdistys-ryn-rekisteri-ja-tietosuojaseloste\/\",\"name\":\"Kainuun El\u00e4insuojeluyhdistys ry:n rekisteri- ja tietosuojaseloste - Kainuun el\u00e4insuojeluyhdistys\",\"isPartOf\":{\"@id\":\"https:\/\/sey.fi\/kainuu\/#website\"},\"datePublished\":\"2019-10-28T10:41:00+00:00\",\"dateModified\":\"2022-06-17T09:10:35+00:00\",\"breadcrumb\":{\"@id\":\"https:\/\/sey.fi\/kainuu\/kainuun-elainsuojeluyhdistys\/yhdistyksen-toiminta\/kainuun-elainsuojeluyhdistys-ryn-rekisteri-ja-tietosuojaseloste\/#breadcrumb\"},\"inLanguage\":\"fi\",\"potentialAction\":[{\"@type\":\"ReadAction\",\"target\":[\"https:\/\/sey.fi\/kainuu\/kainuun-elainsuojeluyhdistys\/yhdistyksen-toiminta\/kainuun-elainsuojeluyhdistys-ryn-rekisteri-ja-tietosuojaseloste\/\"]}]},{\"@type\":\"BreadcrumbList\",\"@id\":\"https:\/\/sey.fi\/kainuu\/kainuun-elainsuojeluyhdistys\/yhdistyksen-toiminta\/kainuun-elainsuojeluyhdistys-ryn-rekisteri-ja-tietosuojaseloste\/#breadcrumb\",\"itemListElement\":[{\"@type\":\"ListItem\",\"position\":1,\"name\":\"Home\",\"item\":\"https:\/\/sey.fi\/kainuu\/\"},{\"@type\":\"ListItem\",\"position\":2,\"name\":\"Kainuun el\u00e4insuojeluyhdistys\",\"item\":\"https:\/\/sey.fi\/kainuu\/\"},{\"@type\":\"ListItem\",\"position\":3,\"name\":\"Yhdistyksen toiminta\",\"item\":\"https:\/\/sey.fi\/kainuu\/kainuun-elainsuojeluyhdistys\/yhdistyksen-toiminta\/\"},{\"@type\":\"ListItem\",\"position\":4,\"name\":\"Kainuun El\u00e4insuojeluyhdistys ry:n rekisteri- ja tietosuojaseloste\"}]},{\"@type\":\"WebSite\",\"@id\":\"https:\/\/sey.fi\/kainuu\/#website\",\"url\":\"https:\/\/sey.fi\/kainuu\/\",\"name\":\"Kainuun el\u00e4insuojeluyhdistys\",\"description\":\"Uusi SEY J\u00e4senyhdistykset -sivusto\",\"potentialAction\":[{\"@type\":\"SearchAction\",\"target\":{\"@type\":\"EntryPoint\",\"urlTemplate\":\"https:\/\/sey.fi\/kainuu\/?s={search_term_string}\"},\"query-input\":{\"@type\":\"PropertyValueSpecification\",\"valueRequired\":true,\"valueName\":\"search_term_string\"}}],\"inLanguage\":\"fi\"}]}<\/script>\n<!-- \/ Yoast SEO plugin. -->","yoast_head_json":{"title":"Kainuun El\u00e4insuojeluyhdistys ry:n rekisteri- ja tietosuojaseloste - Kainuun el\u00e4insuojeluyhdistys","robots":{"index":"index","follow":"follow","max-snippet":"max-snippet:-1","max-image-preview":"max-image-preview:large","max-video-preview":"max-video-preview:-1"},"canonical":"https:\/\/sey.fi\/kainuu\/kainuun-elainsuojeluyhdistys\/yhdistyksen-toiminta\/kainuun-elainsuojeluyhdistys-ryn-rekisteri-ja-tietosuojaseloste\/","og_locale":"fi_FI","og_type":"article","og_title":"Kainuun El\u00e4insuojeluyhdistys ry:n rekisteri- ja tietosuojaseloste - Kainuun el\u00e4insuojeluyhdistys","og_description":"Kainuun El\u00e4insuojeluyhdistys ry (my\u00f6hemmin KESY) noudattaa tietosuoja-asioissaan ja rekisteriens\u00e4 k\u00e4sittelyss\u00e4 EU:n tietosuoja-asetusta (GDPR) sek\u00e4 soveltuvaa kansallista lains\u00e4\u00e4d\u00e4nt\u00f6\u00e4. Rekisterinpit\u00e4j\u00e4ll\u00e4 on tietosuoja-asetuksen mukaan velvollisuus informoida selke\u00e4ll\u00e4 tavalla rekister\u00f6ityj\u00e4. T\u00e4m\u00e4 seloste t\u00e4ytt\u00e4\u00e4 informointivelvoitteen. 1. Rekisterinpit\u00e4j\u00e4 Kainuun El\u00e4insuojeluyhdistys ry044 595 1123kainuun.elainsuojeluyhdistys(at)gmail.com 2. Rekister\u00f6idyt Rekistereiss\u00e4 k\u00e4sitell\u00e4\u00e4n seuraavien henkil\u00f6iden ja toimijoiden henkil\u00f6tietoja: nykyiset,eronneet ja mahdolliset tulevat j\u00e4senet, asiakkaat, yhteisty\u00f6kumppanit ja mahdollisettulevat [&hellip;]","og_url":"https:\/\/sey.fi\/kainuu\/kainuun-elainsuojeluyhdistys\/yhdistyksen-toiminta\/kainuun-elainsuojeluyhdistys-ryn-rekisteri-ja-tietosuojaseloste\/","og_site_name":"Kainuun el\u00e4insuojeluyhdistys","article_modified_time":"2022-06-17T09:10:35+00:00","twitter_card":"summary_large_image","twitter_misc":{"Arvioitu lukuaika":"4 minuuttia"},"schema":{"@context":"https:\/\/schema.org","@graph":[{"@type":"WebPage","@id":"https:\/\/sey.fi\/kainuu\/kainuun-elainsuojeluyhdistys\/yhdistyksen-toiminta\/kainuun-elainsuojeluyhdistys-ryn-rekisteri-ja-tietosuojaseloste\/","url":"https:\/\/sey.fi\/kainuu\/kainuun-elainsuojeluyhdistys\/yhdistyksen-toiminta\/kainuun-elainsuojeluyhdistys-ryn-rekisteri-ja-tietosuojaseloste\/","name":"Kainuun El\u00e4insuojeluyhdistys ry:n rekisteri- ja tietosuojaseloste - Kainuun el\u00e4insuojeluyhdistys","isPartOf":{"@id":"https:\/\/sey.fi\/kainuu\/#website"},"datePublished":"2019-10-28T10:41:00+00:00","dateModified":"2022-06-17T09:10:35+00:00","breadcrumb":{"@id":"https:\/\/sey.fi\/kainuu\/kainuun-elainsuojeluyhdistys\/yhdistyksen-toiminta\/kainuun-elainsuojeluyhdistys-ryn-rekisteri-ja-tietosuojaseloste\/#breadcrumb"},"inLanguage":"fi","potentialAction":[{"@type":"ReadAction","target":["https:\/\/sey.fi\/kainuu\/kainuun-elainsuojeluyhdistys\/yhdistyksen-toiminta\/kainuun-elainsuojeluyhdistys-ryn-rekisteri-ja-tietosuojaseloste\/"]}]},{"@type":"BreadcrumbList","@id":"https:\/\/sey.fi\/kainuu\/kainuun-elainsuojeluyhdistys\/yhdistyksen-toiminta\/kainuun-elainsuojeluyhdistys-ryn-rekisteri-ja-tietosuojaseloste\/#breadcrumb","itemListElement":[{"@type":"ListItem","position":1,"name":"Home","item":"https:\/\/sey.fi\/kainuu\/"},{"@type":"ListItem","position":2,"name":"Kainuun el\u00e4insuojeluyhdistys","item":"https:\/\/sey.fi\/kainuu\/"},{"@type":"ListItem","position":3,"name":"Yhdistyksen toiminta","item":"https:\/\/sey.fi\/kainuu\/kainuun-elainsuojeluyhdistys\/yhdistyksen-toiminta\/"},{"@type":"ListItem","position":4,"name":"Kainuun El\u00e4insuojeluyhdistys ry:n rekisteri- ja tietosuojaseloste"}]},{"@type":"WebSite","@id":"https:\/\/sey.fi\/kainuu\/#website","url":"https:\/\/sey.fi\/kainuu\/","name":"Kainuun el\u00e4insuojeluyhdistys","description":"Uusi SEY J\u00e4senyhdistykset -sivusto","potentialAction":[{"@type":"SearchAction","target":{"@type":"EntryPoint","urlTemplate":"https:\/\/sey.fi\/kainuu\/?s={search_term_string}"},"query-input":{"@type":"PropertyValueSpecification","valueRequired":true,"valueName":"search_term_string"}}],"inLanguage":"fi"}]}},"_links":{"self":[{"href":"https:\/\/sey.fi\/kainuu\/wp-json\/wp\/v2\/pages\/98","targetHints":{"allow":["GET"]}}],"collection":[{"href":"https:\/\/sey.fi\/kainuu\/wp-json\/wp\/v2\/pages"}],"about":[{"href":"https:\/\/sey.fi\/kainuu\/wp-json\/wp\/v2\/types\/page"}],"author":[{"embeddable":true,"href":"https:\/\/sey.fi\/kainuu\/wp-json\/wp\/v2\/users\/8"}],"replies":[{"embeddable":true,"href":"https:\/\/sey.fi\/kainuu\/wp-json\/wp\/v2\/comments?post=98"}],"version-history":[{"count":2,"href":"https:\/\/sey.fi\/kainuu\/wp-json\/wp\/v2\/pages\/98\/revisions"}],"predecessor-version":[{"id":257,"href":"https:\/\/sey.fi\/kainuu\/wp-json\/wp\/v2\/pages\/98\/revisions\/257"}],"up":[{"embeddable":true,"href":"https:\/\/sey.fi\/kainuu\/wp-json\/wp\/v2\/pages\/16"}],"wp:attachment":[{"href":"https:\/\/sey.fi\/kainuu\/wp-json\/wp\/v2\/media?parent=98"}],"curies":[{"name":"wp","href":"https:\/\/api.w.org\/{rel}","templated":true}]}}