{"id":105,"date":"2019-12-09T14:29:00","date_gmt":"2019-12-09T12:29:00","guid":{"rendered":"http:\/\/srvr10.xetpoint.com\/~seyfi\/kissatieto\/?page_id=105"},"modified":"2026-03-27T12:00:09","modified_gmt":"2026-03-27T10:00:09","slug":"kissan-elamankaari","status":"publish","type":"page","link":"https:\/\/sey.fi\/kissa\/kissan-elamankaari\/","title":{"rendered":"Kissan el\u00e4m\u00e4nkaari"},"content":{"rendered":"\n<p class=\"has-text-align-right has-small-font-size\"><em>Kuva: Hanna K. Heikkil\u00e4<\/em><\/p>\n\n\n\n<h2 class=\"wp-block-heading\">1 Pikkupentuaika 0\u20133 kk<\/h2>\n\n\n\n<ul class=\"wp-block-list\">\n<li><p>Pentu tarvitsee emon ja sisarustensa seuraa ainakin t\u00e4m\u00e4n ajan. Niilt\u00e4 se oppii mm. kissankielen ja leikin s\u00e4\u00e4nn\u00f6t.<\/p><\/li>\n\n\n\n<li><p>Sis\u00e4siistiksi oppiminen tapahtuu jo nyt. Pennut tarvitsevat kolmen  viikon i\u00e4st\u00e4 alkaen pentulaatikon viereen pienen hiekkalaatikon, jossa on niin matalat reunat, ett\u00e4 pentu p\u00e4\u00e4see sinne helposti. Kuivikkeeksi on turvallisinta valita paakkuuntumatonta kissanhiekkaa, sill\u00e4 pennut maistelevat mielell\u00e4\u00e4n uusia asioita.<\/p><\/li>\n\n\n\n<li><p>T\u00e4rke\u00e4\u00e4 on, ett\u00e4 ihmiset seurustelevat pennun kanssa paljon. Pennun loppuel\u00e4m\u00e4\u00e4 ajatellen on suureksi eduksi, jos pentu tutustuisi niin miehiin ja naisiin kuin lapsiin ja aikuisiinkin. T\u00e4rkeint\u00e4 t\u00e4m\u00e4 on kahden viikon i\u00e4st\u00e4 kahden kuukauden ik\u00e4\u00e4n asti. Seurusteluhetkien tulee olla pennulle turvallisia, rauhallisia ja miellytt\u00e4vi\u00e4. N\u00e4in pennusta kasvaa kesy ja luottavainen aikuinen, jonka el\u00e4m\u00e4 ihmiskodissa on stressit\u00f6nt\u00e4.<\/p><\/li>\n\n\n\n<li><p>Pentu tarvitsee turvallisia leluja sek\u00e4 tilaa leikki\u00e4, kiipeill\u00e4 ja liikkua. Kodin \u00e4\u00e4niin ja esineisiin tutustumisen lis\u00e4ksi kannattaa totuttaa pentua kehon eri osien kosketteluun ja tutkimiseen, kuljetuslaatikossa oleiluun ja vaikkapa valjaisiin. Pentua kannattaa palkita avok\u00e4tisesti herkuilla n\u00e4iden harjoitusten aikana. Kun kissa pikkupentuna saa paljon positiivisia kokemuksia erilaisista tilanteista, suhtautuu se my\u00f6hemminkin uusiin asioihin rohkeasti. Pennun pel\u00e4stytt\u00e4mist\u00e4 kannattaa kaikissa tilanteissa t\u00e4ytyy varoa.<\/p><\/li>\n\n\n\n<li><p>Ensimm\u00e4isten rokotusten aika<\/p><\/li>\n\n\n\n<li><p>Pentu on mahdollista sterilisoida tai kastroida jo nyt.<\/p><\/li>\n<\/ul>\n\n\n\n<figure class=\"wp-block-image size-large\"><img loading=\"lazy\" decoding=\"async\" width=\"1024\" height=\"512\" src=\"https:\/\/sey.fi\/wp-content\/uploads\/sites\/47\/2026\/01\/pentu-liikkuu_Jenni-Pasanen-1024x512.png\" alt=\"\" class=\"wp-image-479\" srcset=\"https:\/\/sey.fi\/wp-content\/uploads\/sites\/47\/2026\/01\/pentu-liikkuu_Jenni-Pasanen-1024x512.png 1024w, https:\/\/sey.fi\/wp-content\/uploads\/sites\/47\/2026\/01\/pentu-liikkuu_Jenni-Pasanen-300x150.png 300w, https:\/\/sey.fi\/wp-content\/uploads\/sites\/47\/2026\/01\/pentu-liikkuu_Jenni-Pasanen-768x384.png 768w, https:\/\/sey.fi\/wp-content\/uploads\/sites\/47\/2026\/01\/pentu-liikkuu_Jenni-Pasanen-640x320.png 640w, https:\/\/sey.fi\/wp-content\/uploads\/sites\/47\/2026\/01\/pentu-liikkuu_Jenni-Pasanen-320x160.png 320w, https:\/\/sey.fi\/wp-content\/uploads\/sites\/47\/2026\/01\/pentu-liikkuu_Jenni-Pasanen.png 1280w\" sizes=\"auto, (max-width: 1024px) 100vw, 1024px\" \/><figcaption class=\"wp-element-caption\"><em>Pikkupentu.<\/em> <em>Kuva: Jenni Pasanen<\/em><\/figcaption><\/figure>\n\n\n\n<h2 class=\"wp-block-heading\">2 Pentuaika 3 kk \u2013 1 vuosi<\/h2>\n\n\n\n<ul class=\"wp-block-list\">\n<li><p>Pentu muuttaa uuteen kotiin<\/p><\/li>\n\n\n\n<li><p>Kissa oppii uuden kodin tavoille: se l\u00f6yt\u00e4\u00e4 ruoka- ja vessapaikat ja sit\u00e4 ohjataan lempe\u00e4sti kynsim\u00e4\u00e4n sallittuja kohteita<\/p><\/li>\n\n\n\n<li><p>Kissaa totutetaan edelleen hell\u00e4sti hoitotoimenpiteisiin, kuten harjaamiseen sek\u00e4 hampaiden ja korvien tarkistamiseen. On hy\u00f6dyllist\u00e4 totuttaa se my\u00f6s valjaisiin ja taluttimeen. Kuljetuslaatikossa sille voi tarjoilla herkkuruokia niin, ett\u00e4 laatikon ovea pidet\u00e4\u00e4n aluksi auki. My\u00f6hemmin pentua totutetaan v\u00e4hin erin siihen, ett\u00e4 kuljetuslaatikon ovi on hetkellisesti kiinni, sitten hieman pidemp\u00e4\u00e4n jne.<\/p><\/li>\n\n\n\n<li><p>Uuteen kotiin tulleelle kissalle kannattaa tarjota aluksi sille pentukodista tuttuja ruokia. Pian ruokavaliota kannattaa kuitenkin laajentaa monipuoliseksi, jotta kissa ei aikuisena k\u00e4ytt\u00e4ytyisi valikoivasti ruoan suhteen.<\/p><\/li>\n\n\n\n<li><p>Kissanpennut ovat leikkisi\u00e4, ja yhteinen leikki ihmisen kanssa on eritt\u00e4in t\u00e4rke\u00e4\u00e4. Leluiksi sopivat esimerkiksi leikkihiiret ja paperipallot. Monet kissat riehaantuvat etenkin kissanleluista, joissa kepin tai keppiin kiinnitetyn narun p\u00e4\u00e4ss\u00e4 on p\u00f6rhe\u00e4 viuhka tai muu vikkel\u00e4liikkeinen lelu. Kissat pit\u00e4v\u00e4t usein leikeist\u00e4, joissa \u201dsaalis\u201d eli lelu menee v\u00e4lill\u00e4 esimerkiksi maton alle tai nurkan taakse piiloon ja joissa kissa saa jahdata lelua saaden sen v\u00e4lill\u00e4 my\u00f6s kiinni.<\/p><\/li>\n\n\n\n<li><p>Kissa on leikkautettava, eli steriloitava tai kastroitava  mahdollisimman pian. Sukukyps\u00e4ksi tullut kissa voi saada vahinkopennut.  Leikkaamattomat kissat my\u00f6s merkkailevat kotia virtsalla yleisemmin kuin leikatut.<\/p><\/li>\n<\/ul>\n\n\n\n<figure class=\"wp-block-image size-large\"><img loading=\"lazy\" decoding=\"async\" width=\"1024\" height=\"683\" src=\"https:\/\/sey.fi\/wp-content\/uploads\/sites\/47\/2026\/02\/IMG_8037-1024x683.jpg\" alt=\"\" class=\"wp-image-542\" srcset=\"https:\/\/sey.fi\/wp-content\/uploads\/sites\/47\/2026\/02\/IMG_8037-1024x683.jpg 1024w, https:\/\/sey.fi\/wp-content\/uploads\/sites\/47\/2026\/02\/IMG_8037-300x200.jpg 300w, https:\/\/sey.fi\/wp-content\/uploads\/sites\/47\/2026\/02\/IMG_8037-768x512.jpg 768w, https:\/\/sey.fi\/wp-content\/uploads\/sites\/47\/2026\/02\/IMG_8037-1536x1024.jpg 1536w, https:\/\/sey.fi\/wp-content\/uploads\/sites\/47\/2026\/02\/IMG_8037-2048x1365.jpg 2048w\" sizes=\"auto, (max-width: 1024px) 100vw, 1024px\" \/><figcaption class=\"wp-element-caption\"><em>Kissa pentui\u00e4ss\u00e4. Kuva: Jenni Pasanen<\/em><\/figcaption><\/figure>\n\n\n\n<h2 class=\"wp-block-heading\">3 Aikuisuus 1\u201310 v<\/h2>\n\n\n\n<ul class=\"wp-block-list\">\n<li>Kissa tarvitsee aikuisenakin yhteist\u00e4 leikki\u00e4 leluilla ihmisen kanssa joka p\u00e4iv\u00e4.<\/li>\n\n\n\n<li>On t\u00e4rke\u00e4\u00e4 huolehtia siit\u00e4, ettei kissa p\u00e4\u00e4se lihomaan. Ylipaino on vaarallista my\u00f6s kissoille.<\/li>\n\n\n\n<li>Kissa on syyt\u00e4 k\u00e4ytt\u00e4\u00e4 el\u00e4inl\u00e4\u00e4k\u00e4rin tarkastuksessa vuosittain. Samalla tarvittavat rokotukset voi uusia.<\/li>\n<\/ul>\n\n\n\n<h2 class=\"wp-block-heading\">4 Vanhuus 10 v\u2013<\/h2>\n\n\n\n<ul class=\"wp-block-list\">\n<li>Kissan ik\u00e4\u00e4 voi olla vaikea arvata, koska kissa ei yleens\u00e4 harmaannu niin kuin ihmiset.<\/li>\n\n\n\n<li>Vanha kissa tarvitsee yht\u00e4 paljon hellyytt\u00e4 ja rakkautta sek\u00e4 leikki\u00e4 ja aktivointia kuin nuorempikin. Leikki voi kuitenkin olla hieman aiempaa rauhallisempaa.<\/li>\n\n\n\n<li>Vanhuksen kuulo saattaa heiket\u00e4. Kuuroutunut kissa saattaa muuttua \u00e4\u00e4nekk\u00e4\u00e4ksi.<\/li>\n\n\n\n<li>Kissa saattaa alkaa potea dementian kaltaisia oireita. K\u00e4yt\u00f6smuutosten taustalla voi kuitenkin olla my\u00f6s kipu, joten el\u00e4inl\u00e4\u00e4k\u00e4rin tutkimukset ovat tarpeen, jos kissan k\u00e4ytt\u00e4ytyminen muuttuu.<\/li>\n\n\n\n<li>\u00c4reys ei kuulu normaaliin vanhenemiseen, vaan se liittyy hyvin usein kipuun.<\/li>\n\n\n\n<li>Jos kissa liikkuu kankeasti tai sen on vaikea hyp\u00e4t\u00e4, voi se k\u00e4rsi\u00e4 esimerkiksi kipe\u00e4st\u00e4 nivelrikosta. On t\u00e4rke\u00e4\u00e4, ett\u00e4 el\u00e4inl\u00e4\u00e4k\u00e4ri tutkii kissan huolellisesti ja suunnittelee sen hoidon. Kissan kipua voidaan nyky\u00e4\u00e4n hoitaa hyvin. Lis\u00e4ksi kodin sisustuksessa tulee huomioida kissan tarpeet: kissalle j\u00e4rjestet\u00e4\u00e4n esimerkiksi ramppeja, joita pitkin se p\u00e4\u00e4see edelleen lempipaikkoihinsa, ja huolehditaan, ett\u00e4 sill\u00e4 on l\u00e4mpimi\u00e4 petipaikkoja yms.<\/li>\n\n\n\n<li>Jos vanha kissa menee huonoon kuntoon, eik\u00e4 toiveita paranemisesta en\u00e4\u00e4 ole, on omistajan aika tehd\u00e4 p\u00e4\u00e4t\u00f6s kissan eutanasiasta. El\u00e4inl\u00e4\u00e4k\u00e4rin tekem\u00e4 lopetus on el\u00e4imelle tuskaton.<\/li>\n<\/ul>\n\n\n\n<figure class=\"wp-block-image size-large\"><img loading=\"lazy\" decoding=\"async\" width=\"1024\" height=\"1010\" src=\"https:\/\/sey.fi\/wp-content\/uploads\/sites\/47\/2026\/03\/kissa-katsoo-ikkunasta-ulos-1024x1010.jpg\" alt=\"harmaa kissa istuu ja katsoo ikkunasta ulos lumista maisemaa\" class=\"wp-image-627\" srcset=\"https:\/\/sey.fi\/wp-content\/uploads\/sites\/47\/2026\/03\/kissa-katsoo-ikkunasta-ulos-1024x1010.jpg 1024w, https:\/\/sey.fi\/wp-content\/uploads\/sites\/47\/2026\/03\/kissa-katsoo-ikkunasta-ulos-300x296.jpg 300w, https:\/\/sey.fi\/wp-content\/uploads\/sites\/47\/2026\/03\/kissa-katsoo-ikkunasta-ulos-768x758.jpg 768w, https:\/\/sey.fi\/wp-content\/uploads\/sites\/47\/2026\/03\/kissa-katsoo-ikkunasta-ulos-1536x1515.jpg 1536w, https:\/\/sey.fi\/wp-content\/uploads\/sites\/47\/2026\/03\/kissa-katsoo-ikkunasta-ulos-2048x2020.jpg 2048w\" sizes=\"auto, (max-width: 1024px) 100vw, 1024px\" \/><figcaption class=\"wp-element-caption\"><em>Kuva: Jenni Pasanen<\/em><\/figcaption><\/figure>\n\n\n\n<p><\/p>\n","protected":false},"excerpt":{"rendered":"<p>Kuva: Hanna K. Heikkil\u00e4 1 Pikkupentuaika 0\u20133 kk 2 Pentuaika 3 kk \u2013 1 vuosi 3 Aikuisuus 1\u201310 v 4 Vanhuus 10 v\u2013<\/p>\n","protected":false},"author":8,"featured_media":106,"parent":0,"menu_order":0,"comment_status":"closed","ping_status":"closed","template":"","meta":{"_acf_changed":false,"footnotes":""},"class_list":["post-105","page","type-page","status-publish","has-post-thumbnail","hentry"],"acf":[],"yoast_head":"<!-- This site is optimized with the Yoast SEO plugin v27.1.1 - https:\/\/yoast.com\/product\/yoast-seo-wordpress\/ -->\n<title>Kissan el\u00e4m\u00e4nkaari - Kissatieto<\/title>\n<meta name=\"robots\" content=\"index, follow, max-snippet:-1, max-image-preview:large, max-video-preview:-1\" \/>\n<link rel=\"canonical\" href=\"https:\/\/sey.fi\/kissa\/kissan-elamankaari\/\" \/>\n<meta property=\"og:locale\" content=\"fi_FI\" \/>\n<meta property=\"og:type\" content=\"article\" \/>\n<meta property=\"og:title\" content=\"Kissan el\u00e4m\u00e4nkaari - Kissatieto\" \/>\n<meta property=\"og:description\" content=\"Kuva: Hanna K. Heikkil\u00e4 1 Pikkupentuaika 0\u20133 kk 2 Pentuaika 3 kk \u2013 1 vuosi 3 Aikuisuus 1\u201310 v 4 Vanhuus 10 v\u2013\" \/>\n<meta property=\"og:url\" content=\"https:\/\/sey.fi\/kissa\/kissan-elamankaari\/\" \/>\n<meta property=\"og:site_name\" content=\"Kissatieto\" \/>\n<meta property=\"article:modified_time\" content=\"2026-03-27T10:00:09+00:00\" \/>\n<meta property=\"og:image\" content=\"https:\/\/sey.fi\/wp-content\/uploads\/sites\/47\/2019\/12\/vanhus_hanna_k._heikkila.jpg\" \/>\n\t<meta property=\"og:image:width\" content=\"410\" \/>\n\t<meta property=\"og:image:height\" content=\"273\" \/>\n\t<meta property=\"og:image:type\" content=\"image\/jpeg\" \/>\n<meta name=\"twitter:card\" content=\"summary_large_image\" \/>\n<meta name=\"twitter:label1\" content=\"Arvioitu lukuaika\" \/>\n\t<meta name=\"twitter:data1\" content=\"5 minuuttia\" \/>\n<script type=\"application\/ld+json\" class=\"yoast-schema-graph\">{\"@context\":\"https:\/\/schema.org\",\"@graph\":[{\"@type\":\"WebPage\",\"@id\":\"https:\/\/sey.fi\/kissa\/kissan-elamankaari\/\",\"url\":\"https:\/\/sey.fi\/kissa\/kissan-elamankaari\/\",\"name\":\"Kissan el\u00e4m\u00e4nkaari - Kissatieto\",\"isPartOf\":{\"@id\":\"https:\/\/sey.fi\/kissa\/#website\"},\"primaryImageOfPage\":{\"@id\":\"https:\/\/sey.fi\/kissa\/kissan-elamankaari\/#primaryimage\"},\"image\":{\"@id\":\"https:\/\/sey.fi\/kissa\/kissan-elamankaari\/#primaryimage\"},\"thumbnailUrl\":\"https:\/\/sey.fi\/wp-content\/uploads\/sites\/47\/2019\/12\/vanhus_hanna_k._heikkila.jpg\",\"datePublished\":\"2019-12-09T12:29:00+00:00\",\"dateModified\":\"2026-03-27T10:00:09+00:00\",\"breadcrumb\":{\"@id\":\"https:\/\/sey.fi\/kissa\/kissan-elamankaari\/#breadcrumb\"},\"inLanguage\":\"fi\",\"potentialAction\":[{\"@type\":\"ReadAction\",\"target\":[\"https:\/\/sey.fi\/kissa\/kissan-elamankaari\/\"]}]},{\"@type\":\"ImageObject\",\"inLanguage\":\"fi\",\"@id\":\"https:\/\/sey.fi\/kissa\/kissan-elamankaari\/#primaryimage\",\"url\":\"https:\/\/sey.fi\/wp-content\/uploads\/sites\/47\/2019\/12\/vanhus_hanna_k._heikkila.jpg\",\"contentUrl\":\"https:\/\/sey.fi\/wp-content\/uploads\/sites\/47\/2019\/12\/vanhus_hanna_k._heikkila.jpg\",\"width\":410,\"height\":273},{\"@type\":\"BreadcrumbList\",\"@id\":\"https:\/\/sey.fi\/kissa\/kissan-elamankaari\/#breadcrumb\",\"itemListElement\":[{\"@type\":\"ListItem\",\"position\":1,\"name\":\"Home\",\"item\":\"https:\/\/sey.fi\/kissa\/\"},{\"@type\":\"ListItem\",\"position\":2,\"name\":\"Kissan el\u00e4m\u00e4nkaari\"}]},{\"@type\":\"WebSite\",\"@id\":\"https:\/\/sey.fi\/kissa\/#website\",\"url\":\"https:\/\/sey.fi\/kissa\/\",\"name\":\"Kissatieto\",\"description\":\"Uusi SEY J\u00e4senyhdistykset -sivusto\",\"potentialAction\":[{\"@type\":\"SearchAction\",\"target\":{\"@type\":\"EntryPoint\",\"urlTemplate\":\"https:\/\/sey.fi\/kissa\/?s={search_term_string}\"},\"query-input\":{\"@type\":\"PropertyValueSpecification\",\"valueRequired\":true,\"valueName\":\"search_term_string\"}}],\"inLanguage\":\"fi\"}]}<\/script>\n<!-- \/ Yoast SEO plugin. -->","yoast_head_json":{"title":"Kissan el\u00e4m\u00e4nkaari - Kissatieto","robots":{"index":"index","follow":"follow","max-snippet":"max-snippet:-1","max-image-preview":"max-image-preview:large","max-video-preview":"max-video-preview:-1"},"canonical":"https:\/\/sey.fi\/kissa\/kissan-elamankaari\/","og_locale":"fi_FI","og_type":"article","og_title":"Kissan el\u00e4m\u00e4nkaari - Kissatieto","og_description":"Kuva: Hanna K. Heikkil\u00e4 1 Pikkupentuaika 0\u20133 kk 2 Pentuaika 3 kk \u2013 1 vuosi 3 Aikuisuus 1\u201310 v 4 Vanhuus 10 v\u2013","og_url":"https:\/\/sey.fi\/kissa\/kissan-elamankaari\/","og_site_name":"Kissatieto","article_modified_time":"2026-03-27T10:00:09+00:00","og_image":[{"width":410,"height":273,"url":"https:\/\/sey.fi\/wp-content\/uploads\/sites\/47\/2019\/12\/vanhus_hanna_k._heikkila.jpg","type":"image\/jpeg"}],"twitter_card":"summary_large_image","twitter_misc":{"Arvioitu lukuaika":"5 minuuttia"},"schema":{"@context":"https:\/\/schema.org","@graph":[{"@type":"WebPage","@id":"https:\/\/sey.fi\/kissa\/kissan-elamankaari\/","url":"https:\/\/sey.fi\/kissa\/kissan-elamankaari\/","name":"Kissan el\u00e4m\u00e4nkaari - Kissatieto","isPartOf":{"@id":"https:\/\/sey.fi\/kissa\/#website"},"primaryImageOfPage":{"@id":"https:\/\/sey.fi\/kissa\/kissan-elamankaari\/#primaryimage"},"image":{"@id":"https:\/\/sey.fi\/kissa\/kissan-elamankaari\/#primaryimage"},"thumbnailUrl":"https:\/\/sey.fi\/wp-content\/uploads\/sites\/47\/2019\/12\/vanhus_hanna_k._heikkila.jpg","datePublished":"2019-12-09T12:29:00+00:00","dateModified":"2026-03-27T10:00:09+00:00","breadcrumb":{"@id":"https:\/\/sey.fi\/kissa\/kissan-elamankaari\/#breadcrumb"},"inLanguage":"fi","potentialAction":[{"@type":"ReadAction","target":["https:\/\/sey.fi\/kissa\/kissan-elamankaari\/"]}]},{"@type":"ImageObject","inLanguage":"fi","@id":"https:\/\/sey.fi\/kissa\/kissan-elamankaari\/#primaryimage","url":"https:\/\/sey.fi\/wp-content\/uploads\/sites\/47\/2019\/12\/vanhus_hanna_k._heikkila.jpg","contentUrl":"https:\/\/sey.fi\/wp-content\/uploads\/sites\/47\/2019\/12\/vanhus_hanna_k._heikkila.jpg","width":410,"height":273},{"@type":"BreadcrumbList","@id":"https:\/\/sey.fi\/kissa\/kissan-elamankaari\/#breadcrumb","itemListElement":[{"@type":"ListItem","position":1,"name":"Home","item":"https:\/\/sey.fi\/kissa\/"},{"@type":"ListItem","position":2,"name":"Kissan el\u00e4m\u00e4nkaari"}]},{"@type":"WebSite","@id":"https:\/\/sey.fi\/kissa\/#website","url":"https:\/\/sey.fi\/kissa\/","name":"Kissatieto","description":"Uusi SEY J\u00e4senyhdistykset -sivusto","potentialAction":[{"@type":"SearchAction","target":{"@type":"EntryPoint","urlTemplate":"https:\/\/sey.fi\/kissa\/?s={search_term_string}"},"query-input":{"@type":"PropertyValueSpecification","valueRequired":true,"valueName":"search_term_string"}}],"inLanguage":"fi"}]}},"_links":{"self":[{"href":"https:\/\/sey.fi\/kissa\/wp-json\/wp\/v2\/pages\/105","targetHints":{"allow":["GET"]}}],"collection":[{"href":"https:\/\/sey.fi\/kissa\/wp-json\/wp\/v2\/pages"}],"about":[{"href":"https:\/\/sey.fi\/kissa\/wp-json\/wp\/v2\/types\/page"}],"author":[{"embeddable":true,"href":"https:\/\/sey.fi\/kissa\/wp-json\/wp\/v2\/users\/8"}],"replies":[{"embeddable":true,"href":"https:\/\/sey.fi\/kissa\/wp-json\/wp\/v2\/comments?post=105"}],"version-history":[{"count":10,"href":"https:\/\/sey.fi\/kissa\/wp-json\/wp\/v2\/pages\/105\/revisions"}],"predecessor-version":[{"id":722,"href":"https:\/\/sey.fi\/kissa\/wp-json\/wp\/v2\/pages\/105\/revisions\/722"}],"wp:featuredmedia":[{"embeddable":true,"href":"https:\/\/sey.fi\/kissa\/wp-json\/wp\/v2\/media\/106"}],"wp:attachment":[{"href":"https:\/\/sey.fi\/kissa\/wp-json\/wp\/v2\/media?parent=105"}],"curies":[{"name":"wp","href":"https:\/\/api.w.org\/{rel}","templated":true}]}}