{"id":109,"date":"2019-12-09T14:31:23","date_gmt":"2019-12-09T12:31:23","guid":{"rendered":"http:\/\/srvr10.xetpoint.com\/~seyfi\/kissatieto\/?page_id=109"},"modified":"2026-02-25T02:18:49","modified_gmt":"2026-02-25T00:18:49","slug":"lisaantyminen","status":"publish","type":"page","link":"https:\/\/sey.fi\/kissa\/lisaantyminen\/","title":{"rendered":"Lis\u00e4\u00e4ntyminen"},"content":{"rendered":"\n<p class=\"has-text-align-right has-small-font-size\"><em>Kuva: Jouko Torssonen<\/em><\/p>\n\n\n\n<p>Naaraskissa voi tulla sukukyps\u00e4ksi jo 4 kuukauden i\u00e4ss\u00e4. Tavallisempaa kuitenkin on, ett\u00e4 kissa tulee kiimaan ensimm\u00e4isen kerran puolen vuoden paikkeilla. Kiima-aika kest\u00e4\u00e4 yleens\u00e4 noin viikon verran. Sen aikana kissa voi tulla tiineeksi. Usein naaraskissan k\u00e4yt\u00f6s muuttuu voimakkaasti: se voi olla levoton ja \u00e4\u00e4nek\u00e4s. Kissa saattaa aloittaa my\u00f6s virtsamerkkailun.<\/p>\n\n\n\n<p>Mik\u00e4li kissa ei tule tiineeksi, uusi kiima alkaa parin viikon \u2013 \npuolentoista kuukauden kuluttua. Kissan toistuvat kiima-ajat ovat hyvin \nstressaavia niin kissalle kuin perheen ihmisj\u00e4senillekin. Lis\u00e4ksi \nnaaraskissan kohtutulehduksen riski kasvaa ajan kuluessa. Kissa onkin \nsyyt\u00e4 steriloida mahdollisimman nuorena.<\/p>\n\n\n\n<p>Kollikissa on lis\u00e4\u00e4ntymiskykyinen vuoden ymp\u00e4ri. Koska my\u00f6s kolleilla sukuhormonit aiheuttavat lemmikkikissalle hankalaa k\u00e4ytt\u00e4ytymist\u00e4, kuten virtsamerkkailua ja levottomuutta, on kastrointi suositeltava operaatio.<\/p>\n\n\n\n<p>Kissan tiineys kest\u00e4\u00e4 noin 65 vuorokautta. Kissan tiineyden voi havaita nisien punottamisesta, painonnoususta ja siit\u00e4, ettei kissa tule kiimaan uudestaan. Tiine ja imett\u00e4v\u00e4 emo tarvitsee laadukasta ravintoa, jossa on riitt\u00e4v\u00e4n korkea proteiini-, kivenn\u00e4isaine- ja vitamiinipitoisuus.<\/p>\n\n\n\n<p>Yleens\u00e4 kissa hoitaa synnytyksen itsen\u00e4isesti, mutta omistajan on \ntarkkailtava tilannetta mahdollisten ongelmien varalta. Mik\u00e4li emo on \nerityisen tuskainen tai pentuja ei supistuksista huolimatta ala kuulua, \non el\u00e4inl\u00e4\u00e4k\u00e4rin apu tarpeen. Ihmist\u00e4 tarvitaan my\u00f6s silloin, jos emo ei\n ala hoitamaan vastasyntynytt\u00e4 pentuaan.<\/p>\n\n\n\n<p>Mik\u00e4li kissan ep\u00e4ilee olevan tiineen\u00e4, on syyt\u00e4 hakea kissan  tiineydest\u00e4 ja synnytyksest\u00e4 sek\u00e4 pikkupentujen hoidosta ajoissa  runsaasti lis\u00e4tietoa.<\/p>\n\n\n\n<h2 class=\"wp-block-heading\">Mit\u00e4 kahden kissan rakkaustarinasta voi seurata? <\/h2>\n\n\n\n<figure class=\"wp-block-embed is-type-video is-provider-youtube wp-block-embed-youtube wp-embed-aspect-16-9 wp-has-aspect-ratio\"><div class=\"wp-block-embed__wrapper\">\n<iframe loading=\"lazy\" title=\"SEYn Elainten viikko 2013  Kahden kissan rakkaustarina   ja mita sitten tapahtuu%3F\" width=\"500\" height=\"281\" src=\"https:\/\/www.youtube.com\/embed\/xHbSRfr226U?feature=oembed\" frameborder=\"0\" allow=\"accelerometer; autoplay; clipboard-write; encrypted-media; gyroscope; picture-in-picture; web-share\" referrerpolicy=\"strict-origin-when-cross-origin\" allowfullscreen><\/iframe>\n<\/div><\/figure>\n","protected":false},"excerpt":{"rendered":"<p>Kuva: Jouko Torssonen Naaraskissa voi tulla sukukyps\u00e4ksi jo 4 kuukauden i\u00e4ss\u00e4. Tavallisempaa kuitenkin on, ett\u00e4 kissa tulee kiimaan ensimm\u00e4isen kerran puolen vuoden paikkeilla. Kiima-aika kest\u00e4\u00e4 yleens\u00e4 noin viikon verran. Sen aikana kissa voi tulla tiineeksi. Usein naaraskissan k\u00e4yt\u00f6s muuttuu voimakkaasti: se voi olla levoton ja \u00e4\u00e4nek\u00e4s. Kissa saattaa aloittaa my\u00f6s virtsamerkkailun. Mik\u00e4li kissa ei tule [&hellip;]<\/p>\n","protected":false},"author":8,"featured_media":551,"parent":0,"menu_order":0,"comment_status":"closed","ping_status":"closed","template":"","meta":{"_acf_changed":false,"footnotes":""},"class_list":["post-109","page","type-page","status-publish","has-post-thumbnail","hentry"],"acf":[],"yoast_head":"<!-- This site is optimized with the Yoast SEO plugin v27.1.1 - https:\/\/yoast.com\/product\/yoast-seo-wordpress\/ -->\n<title>Lis\u00e4\u00e4ntyminen - Kissatieto<\/title>\n<meta name=\"robots\" content=\"index, follow, max-snippet:-1, max-image-preview:large, max-video-preview:-1\" \/>\n<link rel=\"canonical\" href=\"https:\/\/sey.fi\/kissa\/lisaantyminen\/\" \/>\n<meta property=\"og:locale\" content=\"fi_FI\" \/>\n<meta property=\"og:type\" content=\"article\" \/>\n<meta property=\"og:title\" content=\"Lis\u00e4\u00e4ntyminen - Kissatieto\" \/>\n<meta property=\"og:description\" content=\"Kuva: Jouko Torssonen Naaraskissa voi tulla sukukyps\u00e4ksi jo 4 kuukauden i\u00e4ss\u00e4. Tavallisempaa kuitenkin on, ett\u00e4 kissa tulee kiimaan ensimm\u00e4isen kerran puolen vuoden paikkeilla. Kiima-aika kest\u00e4\u00e4 yleens\u00e4 noin viikon verran. Sen aikana kissa voi tulla tiineeksi. Usein naaraskissan k\u00e4yt\u00f6s muuttuu voimakkaasti: se voi olla levoton ja \u00e4\u00e4nek\u00e4s. Kissa saattaa aloittaa my\u00f6s virtsamerkkailun. Mik\u00e4li kissa ei tule [&hellip;]\" \/>\n<meta property=\"og:url\" content=\"https:\/\/sey.fi\/kissa\/lisaantyminen\/\" \/>\n<meta property=\"og:site_name\" content=\"Kissatieto\" \/>\n<meta property=\"article:modified_time\" content=\"2026-02-25T00:18:49+00:00\" \/>\n<meta property=\"og:image\" content=\"https:\/\/sey.fi\/wp-content\/uploads\/sites\/47\/2026\/02\/Kissa_4_Jouko_Torssonen.jpg\" \/>\n\t<meta property=\"og:image:width\" content=\"1280\" \/>\n\t<meta property=\"og:image:height\" content=\"640\" \/>\n\t<meta property=\"og:image:type\" content=\"image\/jpeg\" \/>\n<meta name=\"twitter:card\" content=\"summary_large_image\" \/>\n<meta name=\"twitter:label1\" content=\"Arvioitu lukuaika\" \/>\n\t<meta name=\"twitter:data1\" content=\"2 minuuttia\" \/>\n<script type=\"application\/ld+json\" class=\"yoast-schema-graph\">{\"@context\":\"https:\/\/schema.org\",\"@graph\":[{\"@type\":\"WebPage\",\"@id\":\"https:\/\/sey.fi\/kissa\/lisaantyminen\/\",\"url\":\"https:\/\/sey.fi\/kissa\/lisaantyminen\/\",\"name\":\"Lis\u00e4\u00e4ntyminen - Kissatieto\",\"isPartOf\":{\"@id\":\"https:\/\/sey.fi\/kissa\/#website\"},\"primaryImageOfPage\":{\"@id\":\"https:\/\/sey.fi\/kissa\/lisaantyminen\/#primaryimage\"},\"image\":{\"@id\":\"https:\/\/sey.fi\/kissa\/lisaantyminen\/#primaryimage\"},\"thumbnailUrl\":\"https:\/\/sey.fi\/wp-content\/uploads\/sites\/47\/2026\/02\/Kissa_4_Jouko_Torssonen.jpg\",\"datePublished\":\"2019-12-09T12:31:23+00:00\",\"dateModified\":\"2026-02-25T00:18:49+00:00\",\"breadcrumb\":{\"@id\":\"https:\/\/sey.fi\/kissa\/lisaantyminen\/#breadcrumb\"},\"inLanguage\":\"fi\",\"potentialAction\":[{\"@type\":\"ReadAction\",\"target\":[\"https:\/\/sey.fi\/kissa\/lisaantyminen\/\"]}]},{\"@type\":\"ImageObject\",\"inLanguage\":\"fi\",\"@id\":\"https:\/\/sey.fi\/kissa\/lisaantyminen\/#primaryimage\",\"url\":\"https:\/\/sey.fi\/wp-content\/uploads\/sites\/47\/2026\/02\/Kissa_4_Jouko_Torssonen.jpg\",\"contentUrl\":\"https:\/\/sey.fi\/wp-content\/uploads\/sites\/47\/2026\/02\/Kissa_4_Jouko_Torssonen.jpg\",\"width\":1280,\"height\":640,\"caption\":\"valkoinen kissa makaa ja kolme hyvin pient\u00e4 kissanpentua nukkuun sen vatsaa vasten\"},{\"@type\":\"BreadcrumbList\",\"@id\":\"https:\/\/sey.fi\/kissa\/lisaantyminen\/#breadcrumb\",\"itemListElement\":[{\"@type\":\"ListItem\",\"position\":1,\"name\":\"Home\",\"item\":\"https:\/\/sey.fi\/kissa\/\"},{\"@type\":\"ListItem\",\"position\":2,\"name\":\"Lis\u00e4\u00e4ntyminen\"}]},{\"@type\":\"WebSite\",\"@id\":\"https:\/\/sey.fi\/kissa\/#website\",\"url\":\"https:\/\/sey.fi\/kissa\/\",\"name\":\"Kissatieto\",\"description\":\"Uusi SEY J\u00e4senyhdistykset -sivusto\",\"potentialAction\":[{\"@type\":\"SearchAction\",\"target\":{\"@type\":\"EntryPoint\",\"urlTemplate\":\"https:\/\/sey.fi\/kissa\/?s={search_term_string}\"},\"query-input\":{\"@type\":\"PropertyValueSpecification\",\"valueRequired\":true,\"valueName\":\"search_term_string\"}}],\"inLanguage\":\"fi\"}]}<\/script>\n<!-- \/ Yoast SEO plugin. -->","yoast_head_json":{"title":"Lis\u00e4\u00e4ntyminen - Kissatieto","robots":{"index":"index","follow":"follow","max-snippet":"max-snippet:-1","max-image-preview":"max-image-preview:large","max-video-preview":"max-video-preview:-1"},"canonical":"https:\/\/sey.fi\/kissa\/lisaantyminen\/","og_locale":"fi_FI","og_type":"article","og_title":"Lis\u00e4\u00e4ntyminen - Kissatieto","og_description":"Kuva: Jouko Torssonen Naaraskissa voi tulla sukukyps\u00e4ksi jo 4 kuukauden i\u00e4ss\u00e4. Tavallisempaa kuitenkin on, ett\u00e4 kissa tulee kiimaan ensimm\u00e4isen kerran puolen vuoden paikkeilla. Kiima-aika kest\u00e4\u00e4 yleens\u00e4 noin viikon verran. Sen aikana kissa voi tulla tiineeksi. Usein naaraskissan k\u00e4yt\u00f6s muuttuu voimakkaasti: se voi olla levoton ja \u00e4\u00e4nek\u00e4s. Kissa saattaa aloittaa my\u00f6s virtsamerkkailun. Mik\u00e4li kissa ei tule [&hellip;]","og_url":"https:\/\/sey.fi\/kissa\/lisaantyminen\/","og_site_name":"Kissatieto","article_modified_time":"2026-02-25T00:18:49+00:00","og_image":[{"width":1280,"height":640,"url":"https:\/\/sey.fi\/wp-content\/uploads\/sites\/47\/2026\/02\/Kissa_4_Jouko_Torssonen.jpg","type":"image\/jpeg"}],"twitter_card":"summary_large_image","twitter_misc":{"Arvioitu lukuaika":"2 minuuttia"},"schema":{"@context":"https:\/\/schema.org","@graph":[{"@type":"WebPage","@id":"https:\/\/sey.fi\/kissa\/lisaantyminen\/","url":"https:\/\/sey.fi\/kissa\/lisaantyminen\/","name":"Lis\u00e4\u00e4ntyminen - Kissatieto","isPartOf":{"@id":"https:\/\/sey.fi\/kissa\/#website"},"primaryImageOfPage":{"@id":"https:\/\/sey.fi\/kissa\/lisaantyminen\/#primaryimage"},"image":{"@id":"https:\/\/sey.fi\/kissa\/lisaantyminen\/#primaryimage"},"thumbnailUrl":"https:\/\/sey.fi\/wp-content\/uploads\/sites\/47\/2026\/02\/Kissa_4_Jouko_Torssonen.jpg","datePublished":"2019-12-09T12:31:23+00:00","dateModified":"2026-02-25T00:18:49+00:00","breadcrumb":{"@id":"https:\/\/sey.fi\/kissa\/lisaantyminen\/#breadcrumb"},"inLanguage":"fi","potentialAction":[{"@type":"ReadAction","target":["https:\/\/sey.fi\/kissa\/lisaantyminen\/"]}]},{"@type":"ImageObject","inLanguage":"fi","@id":"https:\/\/sey.fi\/kissa\/lisaantyminen\/#primaryimage","url":"https:\/\/sey.fi\/wp-content\/uploads\/sites\/47\/2026\/02\/Kissa_4_Jouko_Torssonen.jpg","contentUrl":"https:\/\/sey.fi\/wp-content\/uploads\/sites\/47\/2026\/02\/Kissa_4_Jouko_Torssonen.jpg","width":1280,"height":640,"caption":"valkoinen kissa makaa ja kolme hyvin pient\u00e4 kissanpentua nukkuun sen vatsaa vasten"},{"@type":"BreadcrumbList","@id":"https:\/\/sey.fi\/kissa\/lisaantyminen\/#breadcrumb","itemListElement":[{"@type":"ListItem","position":1,"name":"Home","item":"https:\/\/sey.fi\/kissa\/"},{"@type":"ListItem","position":2,"name":"Lis\u00e4\u00e4ntyminen"}]},{"@type":"WebSite","@id":"https:\/\/sey.fi\/kissa\/#website","url":"https:\/\/sey.fi\/kissa\/","name":"Kissatieto","description":"Uusi SEY J\u00e4senyhdistykset -sivusto","potentialAction":[{"@type":"SearchAction","target":{"@type":"EntryPoint","urlTemplate":"https:\/\/sey.fi\/kissa\/?s={search_term_string}"},"query-input":{"@type":"PropertyValueSpecification","valueRequired":true,"valueName":"search_term_string"}}],"inLanguage":"fi"}]}},"_links":{"self":[{"href":"https:\/\/sey.fi\/kissa\/wp-json\/wp\/v2\/pages\/109","targetHints":{"allow":["GET"]}}],"collection":[{"href":"https:\/\/sey.fi\/kissa\/wp-json\/wp\/v2\/pages"}],"about":[{"href":"https:\/\/sey.fi\/kissa\/wp-json\/wp\/v2\/types\/page"}],"author":[{"embeddable":true,"href":"https:\/\/sey.fi\/kissa\/wp-json\/wp\/v2\/users\/8"}],"replies":[{"embeddable":true,"href":"https:\/\/sey.fi\/kissa\/wp-json\/wp\/v2\/comments?post=109"}],"version-history":[{"count":5,"href":"https:\/\/sey.fi\/kissa\/wp-json\/wp\/v2\/pages\/109\/revisions"}],"predecessor-version":[{"id":553,"href":"https:\/\/sey.fi\/kissa\/wp-json\/wp\/v2\/pages\/109\/revisions\/553"}],"wp:featuredmedia":[{"embeddable":true,"href":"https:\/\/sey.fi\/kissa\/wp-json\/wp\/v2\/media\/551"}],"wp:attachment":[{"href":"https:\/\/sey.fi\/kissa\/wp-json\/wp\/v2\/media?parent=109"}],"curies":[{"name":"wp","href":"https:\/\/api.w.org\/{rel}","templated":true}]}}