{"id":114,"date":"2019-12-09T14:35:45","date_gmt":"2019-12-09T12:35:45","guid":{"rendered":"http:\/\/srvr10.xetpoint.com\/~seyfi\/kissatieto\/?page_id=114"},"modified":"2026-03-23T10:11:51","modified_gmt":"2026-03-23T08:11:51","slug":"sterilisaatio-ja-kastraatio","status":"publish","type":"page","link":"https:\/\/sey.fi\/kissa\/sterilisaatio-ja-kastraatio\/","title":{"rendered":"Sterilisaatio ja kastraatio"},"content":{"rendered":"\n<p>Kissa voi tulla sukukyps\u00e4ksi jo 4 kuukauden i\u00e4ss\u00e4. Sukukyps\u00e4 kissa pystyy lis\u00e4\u00e4ntym\u00e4\u00e4n. Uroskissan virtsa rupeaa haisemaan voimakkaasti, ja sek\u00e4 naaras ett\u00e4 uros saattavat ruveta merkkaamaan reviiri\u00e4\u00e4n virtsamerkeill\u00e4. Kissan levottomuus kasvaa. Se voi karkailla ja maukua tauotta. Leikattu kissa on leppoisampi lemmikki. Leikatut kissat merkkailevat harvemmin, ja kollin virtsan pist\u00e4v\u00e4 haju katoaa.<\/p>\n\n\n\n<p>Aikaisemmin uskottiin, ett\u00e4 kissan t\u00e4ytyy saada yhdet pennut ennen \nleikkaamista. T\u00e4m\u00e4 ei pid\u00e4 paikkaansa. Nykytiedon mukaan kissan voi \nleikata jo ennen sukukypsyytt\u00e4, jopa jo pentuna. Kissan leikkaamista \npentuna kutsutaan varhaissteriloinniksi tai \u2013 kastroinniksi.<\/p>\n\n\n\n<p>Varhaisia leikkauksia on tehty jo monen kymmenen vuoden ajan ja \naihetta on my\u00f6s tutkittu. On havaittu, ett\u00e4 varhaisella leikkauksella on\n monia etuja my\u00f6hemmin tehtyyn operaatioon verrattuna:<\/p>\n\n\n\n<ul class=\"wp-block-list\">\n<li>Pentu toipuu leikkauksesta aikuista nopeammin.<\/li>\n\n\n\n<li>Kissa ei ehdi oppia sukukypsyyteen liittyvi\u00e4 k\u00e4yt\u00f6stapoja, kuten merkkailua.<\/li>\n\n\n\n<li>Varhain leikatun naaraskissan nis\u00e4kasvainriski my\u00f6hemmin on pieni.<\/li>\n<\/ul>\n\n\n\n<p>On t\u00e4rke\u00e4\u00e4 ennaltaehk\u00e4ist\u00e4 leikatun kissan lihominen. Leikatun kissan energiankulutus on pienempi kuin leikkaamattomalla. Mik\u00e4li energiansaantia ei pienennet\u00e4, kissa lihoo.<\/p>\n\n\n\n<p><\/p>\n","protected":false},"excerpt":{"rendered":"<p>Kissa voi tulla sukukyps\u00e4ksi jo 4 kuukauden i\u00e4ss\u00e4. Sukukyps\u00e4 kissa pystyy lis\u00e4\u00e4ntym\u00e4\u00e4n. Uroskissan virtsa rupeaa haisemaan voimakkaasti, ja sek\u00e4 naaras ett\u00e4 uros saattavat ruveta merkkaamaan reviiri\u00e4\u00e4n virtsamerkeill\u00e4. Kissan levottomuus kasvaa. Se voi karkailla ja maukua tauotta. Leikattu kissa on leppoisampi lemmikki. Leikatut kissat merkkailevat harvemmin, ja kollin virtsan pist\u00e4v\u00e4 haju katoaa. Aikaisemmin uskottiin, ett\u00e4 kissan [&hellip;]<\/p>\n","protected":false},"author":8,"featured_media":555,"parent":0,"menu_order":0,"comment_status":"closed","ping_status":"closed","template":"","meta":{"_acf_changed":false,"footnotes":""},"class_list":["post-114","page","type-page","status-publish","has-post-thumbnail","hentry"],"acf":[],"yoast_head":"<!-- This site is optimized with the Yoast SEO plugin v27.1.1 - https:\/\/yoast.com\/product\/yoast-seo-wordpress\/ -->\n<title>Sterilisaatio ja kastraatio - Kissatieto<\/title>\n<meta name=\"robots\" content=\"index, follow, max-snippet:-1, max-image-preview:large, max-video-preview:-1\" \/>\n<link rel=\"canonical\" href=\"https:\/\/sey.fi\/kissa\/sterilisaatio-ja-kastraatio\/\" \/>\n<meta property=\"og:locale\" content=\"fi_FI\" \/>\n<meta property=\"og:type\" content=\"article\" \/>\n<meta property=\"og:title\" content=\"Sterilisaatio ja kastraatio - Kissatieto\" \/>\n<meta property=\"og:description\" content=\"Kissa voi tulla sukukyps\u00e4ksi jo 4 kuukauden i\u00e4ss\u00e4. Sukukyps\u00e4 kissa pystyy lis\u00e4\u00e4ntym\u00e4\u00e4n. Uroskissan virtsa rupeaa haisemaan voimakkaasti, ja sek\u00e4 naaras ett\u00e4 uros saattavat ruveta merkkaamaan reviiri\u00e4\u00e4n virtsamerkeill\u00e4. Kissan levottomuus kasvaa. Se voi karkailla ja maukua tauotta. Leikattu kissa on leppoisampi lemmikki. Leikatut kissat merkkailevat harvemmin, ja kollin virtsan pist\u00e4v\u00e4 haju katoaa. Aikaisemmin uskottiin, ett\u00e4 kissan [&hellip;]\" \/>\n<meta property=\"og:url\" content=\"https:\/\/sey.fi\/kissa\/sterilisaatio-ja-kastraatio\/\" \/>\n<meta property=\"og:site_name\" content=\"Kissatieto\" \/>\n<meta property=\"article:modified_time\" content=\"2026-03-23T08:11:51+00:00\" \/>\n<meta property=\"og:image\" content=\"https:\/\/sey.fi\/wp-content\/uploads\/sites\/47\/2026\/02\/kastraatiotarvikkeet-2.jpg\" \/>\n\t<meta property=\"og:image:width\" content=\"1920\" \/>\n\t<meta property=\"og:image:height\" content=\"960\" \/>\n\t<meta property=\"og:image:type\" content=\"image\/jpeg\" \/>\n<meta name=\"twitter:card\" content=\"summary_large_image\" \/>\n<meta name=\"twitter:label1\" content=\"Arvioitu lukuaika\" \/>\n\t<meta name=\"twitter:data1\" content=\"2 minuuttia\" \/>\n<script type=\"application\/ld+json\" class=\"yoast-schema-graph\">{\"@context\":\"https:\/\/schema.org\",\"@graph\":[{\"@type\":\"WebPage\",\"@id\":\"https:\/\/sey.fi\/kissa\/sterilisaatio-ja-kastraatio\/\",\"url\":\"https:\/\/sey.fi\/kissa\/sterilisaatio-ja-kastraatio\/\",\"name\":\"Sterilisaatio ja kastraatio - Kissatieto\",\"isPartOf\":{\"@id\":\"https:\/\/sey.fi\/kissa\/#website\"},\"primaryImageOfPage\":{\"@id\":\"https:\/\/sey.fi\/kissa\/sterilisaatio-ja-kastraatio\/#primaryimage\"},\"image\":{\"@id\":\"https:\/\/sey.fi\/kissa\/sterilisaatio-ja-kastraatio\/#primaryimage\"},\"thumbnailUrl\":\"https:\/\/sey.fi\/wp-content\/uploads\/sites\/47\/2026\/02\/kastraatiotarvikkeet-2.jpg\",\"datePublished\":\"2019-12-09T12:35:45+00:00\",\"dateModified\":\"2026-03-23T08:11:51+00:00\",\"breadcrumb\":{\"@id\":\"https:\/\/sey.fi\/kissa\/sterilisaatio-ja-kastraatio\/#breadcrumb\"},\"inLanguage\":\"fi\",\"potentialAction\":[{\"@type\":\"ReadAction\",\"target\":[\"https:\/\/sey.fi\/kissa\/sterilisaatio-ja-kastraatio\/\"]}]},{\"@type\":\"ImageObject\",\"inLanguage\":\"fi\",\"@id\":\"https:\/\/sey.fi\/kissa\/sterilisaatio-ja-kastraatio\/#primaryimage\",\"url\":\"https:\/\/sey.fi\/wp-content\/uploads\/sites\/47\/2026\/02\/kastraatiotarvikkeet-2.jpg\",\"contentUrl\":\"https:\/\/sey.fi\/wp-content\/uploads\/sites\/47\/2026\/02\/kastraatiotarvikkeet-2.jpg\",\"width\":1920,\"height\":960,\"caption\":\"el\u00e4inl\u00e4\u00e4k\u00e4rin p\u00f6yd\u00e4ll\u00e4 olevia kastraatiotarvikkeita, kuten haavanompelulankaa\"},{\"@type\":\"BreadcrumbList\",\"@id\":\"https:\/\/sey.fi\/kissa\/sterilisaatio-ja-kastraatio\/#breadcrumb\",\"itemListElement\":[{\"@type\":\"ListItem\",\"position\":1,\"name\":\"Home\",\"item\":\"https:\/\/sey.fi\/kissa\/\"},{\"@type\":\"ListItem\",\"position\":2,\"name\":\"Sterilisaatio ja kastraatio\"}]},{\"@type\":\"WebSite\",\"@id\":\"https:\/\/sey.fi\/kissa\/#website\",\"url\":\"https:\/\/sey.fi\/kissa\/\",\"name\":\"Kissatieto\",\"description\":\"Uusi SEY J\u00e4senyhdistykset -sivusto\",\"potentialAction\":[{\"@type\":\"SearchAction\",\"target\":{\"@type\":\"EntryPoint\",\"urlTemplate\":\"https:\/\/sey.fi\/kissa\/?s={search_term_string}\"},\"query-input\":{\"@type\":\"PropertyValueSpecification\",\"valueRequired\":true,\"valueName\":\"search_term_string\"}}],\"inLanguage\":\"fi\"}]}<\/script>\n<!-- \/ Yoast SEO plugin. -->","yoast_head_json":{"title":"Sterilisaatio ja kastraatio - Kissatieto","robots":{"index":"index","follow":"follow","max-snippet":"max-snippet:-1","max-image-preview":"max-image-preview:large","max-video-preview":"max-video-preview:-1"},"canonical":"https:\/\/sey.fi\/kissa\/sterilisaatio-ja-kastraatio\/","og_locale":"fi_FI","og_type":"article","og_title":"Sterilisaatio ja kastraatio - Kissatieto","og_description":"Kissa voi tulla sukukyps\u00e4ksi jo 4 kuukauden i\u00e4ss\u00e4. Sukukyps\u00e4 kissa pystyy lis\u00e4\u00e4ntym\u00e4\u00e4n. Uroskissan virtsa rupeaa haisemaan voimakkaasti, ja sek\u00e4 naaras ett\u00e4 uros saattavat ruveta merkkaamaan reviiri\u00e4\u00e4n virtsamerkeill\u00e4. Kissan levottomuus kasvaa. Se voi karkailla ja maukua tauotta. Leikattu kissa on leppoisampi lemmikki. Leikatut kissat merkkailevat harvemmin, ja kollin virtsan pist\u00e4v\u00e4 haju katoaa. Aikaisemmin uskottiin, ett\u00e4 kissan [&hellip;]","og_url":"https:\/\/sey.fi\/kissa\/sterilisaatio-ja-kastraatio\/","og_site_name":"Kissatieto","article_modified_time":"2026-03-23T08:11:51+00:00","og_image":[{"width":1920,"height":960,"url":"https:\/\/sey.fi\/wp-content\/uploads\/sites\/47\/2026\/02\/kastraatiotarvikkeet-2.jpg","type":"image\/jpeg"}],"twitter_card":"summary_large_image","twitter_misc":{"Arvioitu lukuaika":"2 minuuttia"},"schema":{"@context":"https:\/\/schema.org","@graph":[{"@type":"WebPage","@id":"https:\/\/sey.fi\/kissa\/sterilisaatio-ja-kastraatio\/","url":"https:\/\/sey.fi\/kissa\/sterilisaatio-ja-kastraatio\/","name":"Sterilisaatio ja kastraatio - Kissatieto","isPartOf":{"@id":"https:\/\/sey.fi\/kissa\/#website"},"primaryImageOfPage":{"@id":"https:\/\/sey.fi\/kissa\/sterilisaatio-ja-kastraatio\/#primaryimage"},"image":{"@id":"https:\/\/sey.fi\/kissa\/sterilisaatio-ja-kastraatio\/#primaryimage"},"thumbnailUrl":"https:\/\/sey.fi\/wp-content\/uploads\/sites\/47\/2026\/02\/kastraatiotarvikkeet-2.jpg","datePublished":"2019-12-09T12:35:45+00:00","dateModified":"2026-03-23T08:11:51+00:00","breadcrumb":{"@id":"https:\/\/sey.fi\/kissa\/sterilisaatio-ja-kastraatio\/#breadcrumb"},"inLanguage":"fi","potentialAction":[{"@type":"ReadAction","target":["https:\/\/sey.fi\/kissa\/sterilisaatio-ja-kastraatio\/"]}]},{"@type":"ImageObject","inLanguage":"fi","@id":"https:\/\/sey.fi\/kissa\/sterilisaatio-ja-kastraatio\/#primaryimage","url":"https:\/\/sey.fi\/wp-content\/uploads\/sites\/47\/2026\/02\/kastraatiotarvikkeet-2.jpg","contentUrl":"https:\/\/sey.fi\/wp-content\/uploads\/sites\/47\/2026\/02\/kastraatiotarvikkeet-2.jpg","width":1920,"height":960,"caption":"el\u00e4inl\u00e4\u00e4k\u00e4rin p\u00f6yd\u00e4ll\u00e4 olevia kastraatiotarvikkeita, kuten haavanompelulankaa"},{"@type":"BreadcrumbList","@id":"https:\/\/sey.fi\/kissa\/sterilisaatio-ja-kastraatio\/#breadcrumb","itemListElement":[{"@type":"ListItem","position":1,"name":"Home","item":"https:\/\/sey.fi\/kissa\/"},{"@type":"ListItem","position":2,"name":"Sterilisaatio ja kastraatio"}]},{"@type":"WebSite","@id":"https:\/\/sey.fi\/kissa\/#website","url":"https:\/\/sey.fi\/kissa\/","name":"Kissatieto","description":"Uusi SEY J\u00e4senyhdistykset -sivusto","potentialAction":[{"@type":"SearchAction","target":{"@type":"EntryPoint","urlTemplate":"https:\/\/sey.fi\/kissa\/?s={search_term_string}"},"query-input":{"@type":"PropertyValueSpecification","valueRequired":true,"valueName":"search_term_string"}}],"inLanguage":"fi"}]}},"_links":{"self":[{"href":"https:\/\/sey.fi\/kissa\/wp-json\/wp\/v2\/pages\/114","targetHints":{"allow":["GET"]}}],"collection":[{"href":"https:\/\/sey.fi\/kissa\/wp-json\/wp\/v2\/pages"}],"about":[{"href":"https:\/\/sey.fi\/kissa\/wp-json\/wp\/v2\/types\/page"}],"author":[{"embeddable":true,"href":"https:\/\/sey.fi\/kissa\/wp-json\/wp\/v2\/users\/8"}],"replies":[{"embeddable":true,"href":"https:\/\/sey.fi\/kissa\/wp-json\/wp\/v2\/comments?post=114"}],"version-history":[{"count":5,"href":"https:\/\/sey.fi\/kissa\/wp-json\/wp\/v2\/pages\/114\/revisions"}],"predecessor-version":[{"id":624,"href":"https:\/\/sey.fi\/kissa\/wp-json\/wp\/v2\/pages\/114\/revisions\/624"}],"wp:featuredmedia":[{"embeddable":true,"href":"https:\/\/sey.fi\/kissa\/wp-json\/wp\/v2\/media\/555"}],"wp:attachment":[{"href":"https:\/\/sey.fi\/kissa\/wp-json\/wp\/v2\/media?parent=114"}],"curies":[{"name":"wp","href":"https:\/\/api.w.org\/{rel}","templated":true}]}}