{"id":117,"date":"2019-12-09T14:38:22","date_gmt":"2019-12-09T12:38:22","guid":{"rendered":"http:\/\/srvr10.xetpoint.com\/~seyfi\/kissatieto\/?page_id=117"},"modified":"2026-03-27T12:48:31","modified_gmt":"2026-03-27T10:48:31","slug":"vaara-vaanii-kissan-kotona","status":"publish","type":"page","link":"https:\/\/sey.fi\/kissa\/kissat\/kissan-perushoito\/vaara-vaanii-kissan-kotona\/","title":{"rendered":"Vaara vaanii kissan kotona"},"content":{"rendered":"\n<p class=\"has-text-align-right has-small-font-size\"><em>Kuva: Jenni Pasanen<\/em><\/p>\n\n\n\n<p>Jo ennen kuin kissa tulee taloon, on syyt\u00e4 tarkastella kotia \nkissaperspektiivist\u00e4. Kissan viihtymist\u00e4 voi parantaa sopivilla \nsisustusratkaisuilla. Toisaalta ihmisasunnossa on my\u00f6s vaaranpaikkoja.<\/p>\n\n\n\n<p>Kissa on luonnossa isompien el\u00e4inten saalisel\u00e4in ja se arvostaa \nturvallista nukkumispaikkaa. Oma piilopaikka on tarpeen my\u00f6s, jos kotona\n tapahtuu jotain, joka s\u00e4ik\u00e4ytt\u00e4\u00e4 kissan. Kissa on piiloutumisen mestari\n ja l\u00f6yt\u00e4\u00e4 lymypaikkoja kaapin nurkasta tai s\u00e4ngyst\u00e4 p\u00e4iv\u00e4peiton alta. \nVarsinkin jos kissoja on enemm\u00e4n kuin yksi, on omistajan syyt\u00e4 \nvarmistaa, ett\u00e4 kaikille kissoille on piilopaikkoja riitt\u00e4v\u00e4sti.<\/p>\n\n\n\n<p>Pesukoneen rumpu voi olla kissan mielest\u00e4 ihanteellinen piilopaikka. Pesuvuoroaan odottavat pehme\u00e4t pyykit tyynyn\u00e4\u00e4n kissa voi torkkua koneessa my\u00f6s silloin, kun ihminen k\u00e4ynnist\u00e4\u00e4 koneen, mik\u00e4 johtaa kissan hukkumiseen. Ennen pesukoneen k\u00e4ynnist\u00e4mist\u00e4 pit\u00e4\u00e4 rumpu siksi aina tarkastaa salamatkustajien varalta.<\/p>\n\n\n\n<p>Kissa arvostaa korkeita t\u00e4hystyspaikkoja, joista se voi tarkkailla \nkodin el\u00e4m\u00e4\u00e4. Korkean kiipeilypuun voi ostaa valmiina, mutta sellaisen \nvoi tehd\u00e4 itsekin esimerkiksi hyllyst\u00e4 tai kattoon ylettyv\u00e4st\u00e4 tolpasta.\n Olipa kiipeilypuu sitten itse tehty tai tehdasvalmisteinen, t\u00e4rke\u00e4\u00e4 on,\n ett\u00e4 se on riitt\u00e4v\u00e4n tukeva. Kaatuessaan kiipeilypuu voi vahingoittaa \npaitsi kissaa my\u00f6s sisustusta.<\/p>\n\n\n\n<figure class=\"wp-block-image size-large\"><img loading=\"lazy\" decoding=\"async\" width=\"840\" height=\"1024\" src=\"https:\/\/sey.fi\/wp-content\/uploads\/sites\/47\/2026\/02\/kissa-hyppaamassa-840x1024.jpg\" alt=\"\" class=\"wp-image-559\" srcset=\"https:\/\/sey.fi\/wp-content\/uploads\/sites\/47\/2026\/02\/kissa-hyppaamassa-840x1024.jpg 840w, https:\/\/sey.fi\/wp-content\/uploads\/sites\/47\/2026\/02\/kissa-hyppaamassa-246x300.jpg 246w, https:\/\/sey.fi\/wp-content\/uploads\/sites\/47\/2026\/02\/kissa-hyppaamassa-768x936.jpg 768w, https:\/\/sey.fi\/wp-content\/uploads\/sites\/47\/2026\/02\/kissa-hyppaamassa-1260x1536.jpg 1260w, https:\/\/sey.fi\/wp-content\/uploads\/sites\/47\/2026\/02\/kissa-hyppaamassa-1680x2048.jpg 1680w\" sizes=\"auto, (max-width: 840px) 100vw, 840px\" \/><figcaption class=\"wp-element-caption\"><em>Kuva: Jenni Pasanen<\/em><\/figcaption><\/figure>\n\n\n\n<p>Vaikka kissalla on hyv\u00e4 tasapaino, <a href=\"https:\/\/sey.fi\/putoaminen-on-aina-vaarallista-kissalle\/\" target=\"_blank\" rel=\"noreferrer noopener\">joka vuosi kissoja kuolee tai vammautuu vakavasti putoamisonnettomuuksissa<\/a>. Kissakodin tuuletusikkunat eiv\u00e4t saa aueta liian paljon. Kissa mahtuu kulkemaan yll\u00e4tt\u00e4v\u00e4n pienest\u00e4 raosta! Koska kissalla ei ole solisluita, se saa vedetty\u00e4 hartiansa enemm\u00e4n suppuun kuin koira. Jos kissan p\u00e4\u00e4 mahtuu aukosta l\u00e4pi, siit\u00e4 menee yleens\u00e4 koko kissa. Mik\u00e4li kissa p\u00e4\u00e4see parvekkeelle, parveke t\u00e4ytyy joko verkottaa tai asennuttaa parvekelasit.<\/p>\n\n\n\n<p>Jotkin tavalliset huonekasvit ja leikkokukat ovat kissalle myrkyllisi\u00e4. Kissoilla on luontainen tarve ruohon pureskeluun. Ruohon puuttuessa my\u00f6s huonekasvit kelpaavat. Tarkkaa syyt\u00e4 ruohonsy\u00f6ntiin ei tiedet\u00e4. Kissalle voi kasvattaa ruohoa itse, ostaa kaupan vihannesosastolta ruukun valmiiksi kasvatettua vehn\u00e4norasta tai tuoda ruohoa ulkoa puhtaalta kasvupaikalta. Jos kissa sy\u00f6 ruohoa erityisen paljon tai jos se oksentelee s\u00e4\u00e4nn\u00f6llisesti, se kannattaa vied\u00e4 el\u00e4inl\u00e4\u00e4k\u00e4rin tutkimuksiin.<\/p>\n\n\n\n<p><a href=\"https:\/\/www.hus.fi\/haku\/myrkytystietokeskus\" target=\"_blank\" rel=\"noreferrer noopener\">HUS:n myrkytystietokeskuksen sivulla <\/a>on hakemisto el\u00e4imille tai ihmisille myrkyllisist\u00e4 kasveista.<\/p>\n\n\n\n<figure class=\"wp-block-image size-large\"><img loading=\"lazy\" decoding=\"async\" width=\"967\" height=\"1024\" src=\"https:\/\/sey.fi\/wp-content\/uploads\/sites\/47\/2026\/03\/kissa-haistelee-lupiinia_Jenni-Pasanen-967x1024.jpg\" alt=\"\" class=\"wp-image-723\" srcset=\"https:\/\/sey.fi\/wp-content\/uploads\/sites\/47\/2026\/03\/kissa-haistelee-lupiinia_Jenni-Pasanen-967x1024.jpg 967w, https:\/\/sey.fi\/wp-content\/uploads\/sites\/47\/2026\/03\/kissa-haistelee-lupiinia_Jenni-Pasanen-283x300.jpg 283w, https:\/\/sey.fi\/wp-content\/uploads\/sites\/47\/2026\/03\/kissa-haistelee-lupiinia_Jenni-Pasanen-768x814.jpg 768w, https:\/\/sey.fi\/wp-content\/uploads\/sites\/47\/2026\/03\/kissa-haistelee-lupiinia_Jenni-Pasanen.jpg 1247w\" sizes=\"auto, (max-width: 967px) 100vw, 967px\" \/><figcaption class=\"wp-element-caption\">Lupiini kuuluu kissoille myrkyllisten kasvien joukkoon. Kuva: Jenni Pasanen<\/figcaption><\/figure>\n\n\n\n<p>Kun perheess\u00e4 on el\u00e4imi\u00e4 tai pikkulapsia, l\u00e4\u00e4kkeet on syyt\u00e4 pit\u00e4\u00e4 niiden ulottumattomissa. Kissaa ei my\u00f6sk\u00e4\u00e4n tule \u00e4\u00e4kit\u00e4 ihmisille tai muille el\u00e4imille tarkoitetuilla l\u00e4\u00e4kkeill\u00e4. Kissat ovat herkki\u00e4 l\u00e4\u00e4keaineille. Pahimmassa tapauksessa jo pienikin m\u00e4\u00e4r\u00e4 v\u00e4\u00e4r\u00e4\u00e4 l\u00e4\u00e4kett\u00e4 voi johtaa kissan kuolemaan. Esimerkiksi ihmisen tavalliset tulehduskipul\u00e4\u00e4kkeet, kuten parasetamoli, asetyylisalisyylihappo ja ibuprofeeni, ovat kissalle eritt\u00e4in vaarallisia.<\/p>\n\n\n\n<p>Toiset kissat pureskelevat sy\u00f6t\u00e4v\u00e4ksi kelpaamattomia esineit\u00e4. Erityisen suosittuja ovat narut, langat ja kumilenkit. Nieltyin\u00e4 n\u00e4m\u00e4 voivat vahingoittaa kissan ruuansulatuskanavaa tai aiheuttaa suolistotukoksen. Erityisen vaaralliseksi pureskelutaipumus muuttuu, jos kohteena on s\u00e4hk\u00f6johdot. Johdot kannattaakin suojata rautakaupoista saatavalla johtosuojalla, ja ottaa pistoke pois sein\u00e4st\u00e4, kun laite ei ole k\u00e4yt\u00f6ss\u00e4. Jos kissalla on tapana sy\u00f6d\u00e4 sopimattomia esineit\u00e4, omistajan t\u00e4ytyy siivota kaikki pureskelemaan houkuttelevat asiat kissan ulottumattomiin. On my\u00f6s syyt\u00e4 selvitt\u00e4\u00e4, ovatko kissan terveydentila ja ruokinta kunnossa, sill\u00e4 melko usein sy\u00f6t\u00e4v\u00e4ksi kelpaamattomien asioiden nieleminen liittyy suolisto-ongelmiin. Huom! Mik\u00e4li kissa on sy\u00f6nyt narua ja narun p\u00e4\u00e4 pist\u00e4\u00e4 suusta tai per\u00e4aukosta ulos, narusta ei saa miss\u00e4\u00e4n nimess\u00e4 vet\u00e4\u00e4, vaan kissa on toimitettava viipym\u00e4tt\u00e4 el\u00e4inl\u00e4\u00e4k\u00e4riin. Vet\u00e4minen voi vahingoittaa kissan suolistoa pahasti.<\/p>\n\n\n\n<p>Kissa voi my\u00f6s sytytt\u00e4\u00e4 tulipalon. Kissaperheess\u00e4 tunnelmointi \nkynttil\u00e4nvalossa on teht\u00e4v\u00e4 erityist\u00e4 varovaisuutta noudattaen. My\u00f6s \nhella on syyt\u00e4 pit\u00e4\u00e4 puhtaana palavasta materiaalista. Hellalla \nkiipeilev\u00e4 kissa voi vahingossa kytke\u00e4 levyn p\u00e4\u00e4lle. Jos hellalla on \nsilloin palavaa materiaalia, huoneistopalon riski on suuri.<\/p>\n\n\n\n<p>My\u00f6s avoimet vessanpytyt, kiinni paukahtavat ovet tai kaatuvat kirjahyllyt voivat olla kissalle kohtalokkaita. Kissanomistajan onkin syyt\u00e4 aina v\u00e4lill\u00e4 tarkastella kotia ja omia tapojaan kriittisesti, kissan turvallisuuden n\u00e4k\u00f6kulmasta.<\/p>\n\n\n\n<p>Lue lis\u00e4\u00e4:<\/p>\n\n\n\n<p>SEY el\u00e4insuojelutarinat: <a href=\"https:\/\/sey.fi\/putoaminen-on-aina-vaarallista-kissalle\/\">Putoaminen on aina vaarallista kissa<\/a><a href=\"https:\/\/sey.fi\/putoaminen-on-aina-vaarallista-kissalle\/\" target=\"_blank\" rel=\"noreferrer noopener\">l<\/a><a href=\"https:\/\/sey.fi\/putoaminen-on-aina-vaarallista-kissalle\/\">le \u2013 ennaltaehk\u00e4ise putoamiset varotoimin<\/a><\/p>\n\n\n\n<p><\/p>\n","protected":false},"excerpt":{"rendered":"<p>Kuva: Jenni Pasanen Jo ennen kuin kissa tulee taloon, on syyt\u00e4 tarkastella kotia kissaperspektiivist\u00e4. Kissan viihtymist\u00e4 voi parantaa sopivilla sisustusratkaisuilla. Toisaalta ihmisasunnossa on my\u00f6s vaaranpaikkoja. Kissa on luonnossa isompien el\u00e4inten saalisel\u00e4in ja se arvostaa turvallista nukkumispaikkaa. Oma piilopaikka on tarpeen my\u00f6s, jos kotona tapahtuu jotain, joka s\u00e4ik\u00e4ytt\u00e4\u00e4 kissan. Kissa on piiloutumisen mestari ja l\u00f6yt\u00e4\u00e4 lymypaikkoja [&hellip;]<\/p>\n","protected":false},"author":8,"featured_media":562,"parent":103,"menu_order":0,"comment_status":"closed","ping_status":"closed","template":"","meta":{"_acf_changed":false,"footnotes":""},"class_list":["post-117","page","type-page","status-publish","has-post-thumbnail","hentry"],"acf":[],"yoast_head":"<!-- This site is optimized with the Yoast SEO plugin v27.1.1 - https:\/\/yoast.com\/product\/yoast-seo-wordpress\/ -->\n<title>Vaara vaanii kissan kotona - Kissatieto<\/title>\n<meta name=\"robots\" content=\"index, follow, max-snippet:-1, max-image-preview:large, max-video-preview:-1\" \/>\n<link rel=\"canonical\" href=\"https:\/\/sey.fi\/kissa\/kissat\/kissan-perushoito\/vaara-vaanii-kissan-kotona\/\" \/>\n<meta property=\"og:locale\" content=\"fi_FI\" \/>\n<meta property=\"og:type\" content=\"article\" \/>\n<meta property=\"og:title\" content=\"Vaara vaanii kissan kotona - Kissatieto\" \/>\n<meta property=\"og:description\" content=\"Kuva: Jenni Pasanen Jo ennen kuin kissa tulee taloon, on syyt\u00e4 tarkastella kotia kissaperspektiivist\u00e4. Kissan viihtymist\u00e4 voi parantaa sopivilla sisustusratkaisuilla. Toisaalta ihmisasunnossa on my\u00f6s vaaranpaikkoja. Kissa on luonnossa isompien el\u00e4inten saalisel\u00e4in ja se arvostaa turvallista nukkumispaikkaa. Oma piilopaikka on tarpeen my\u00f6s, jos kotona tapahtuu jotain, joka s\u00e4ik\u00e4ytt\u00e4\u00e4 kissan. Kissa on piiloutumisen mestari ja l\u00f6yt\u00e4\u00e4 lymypaikkoja [&hellip;]\" \/>\n<meta property=\"og:url\" content=\"https:\/\/sey.fi\/kissa\/kissat\/kissan-perushoito\/vaara-vaanii-kissan-kotona\/\" \/>\n<meta property=\"og:site_name\" content=\"Kissatieto\" \/>\n<meta property=\"article:modified_time\" content=\"2026-03-27T10:48:31+00:00\" \/>\n<meta property=\"og:image\" content=\"https:\/\/sey.fi\/wp-content\/uploads\/sites\/47\/2026\/02\/pentu-hyppaa.jpg\" \/>\n\t<meta property=\"og:image:width\" content=\"1920\" \/>\n\t<meta property=\"og:image:height\" content=\"960\" \/>\n\t<meta property=\"og:image:type\" content=\"image\/jpeg\" \/>\n<meta name=\"twitter:card\" content=\"summary_large_image\" \/>\n<meta name=\"twitter:label1\" content=\"Arvioitu lukuaika\" \/>\n\t<meta name=\"twitter:data1\" content=\"5 minuuttia\" \/>\n<script type=\"application\/ld+json\" class=\"yoast-schema-graph\">{\"@context\":\"https:\/\/schema.org\",\"@graph\":[{\"@type\":\"WebPage\",\"@id\":\"https:\/\/sey.fi\/kissa\/kissat\/kissan-perushoito\/vaara-vaanii-kissan-kotona\/\",\"url\":\"https:\/\/sey.fi\/kissa\/kissat\/kissan-perushoito\/vaara-vaanii-kissan-kotona\/\",\"name\":\"Vaara vaanii kissan kotona - Kissatieto\",\"isPartOf\":{\"@id\":\"https:\/\/sey.fi\/kissa\/#website\"},\"primaryImageOfPage\":{\"@id\":\"https:\/\/sey.fi\/kissa\/kissat\/kissan-perushoito\/vaara-vaanii-kissan-kotona\/#primaryimage\"},\"image\":{\"@id\":\"https:\/\/sey.fi\/kissa\/kissat\/kissan-perushoito\/vaara-vaanii-kissan-kotona\/#primaryimage\"},\"thumbnailUrl\":\"https:\/\/sey.fi\/wp-content\/uploads\/sites\/47\/2026\/02\/pentu-hyppaa.jpg\",\"datePublished\":\"2019-12-09T12:38:22+00:00\",\"dateModified\":\"2026-03-27T10:48:31+00:00\",\"breadcrumb\":{\"@id\":\"https:\/\/sey.fi\/kissa\/kissat\/kissan-perushoito\/vaara-vaanii-kissan-kotona\/#breadcrumb\"},\"inLanguage\":\"fi\",\"potentialAction\":[{\"@type\":\"ReadAction\",\"target\":[\"https:\/\/sey.fi\/kissa\/kissat\/kissan-perushoito\/vaara-vaanii-kissan-kotona\/\"]}]},{\"@type\":\"ImageObject\",\"inLanguage\":\"fi\",\"@id\":\"https:\/\/sey.fi\/kissa\/kissat\/kissan-perushoito\/vaara-vaanii-kissan-kotona\/#primaryimage\",\"url\":\"https:\/\/sey.fi\/wp-content\/uploads\/sites\/47\/2026\/02\/pentu-hyppaa.jpg\",\"contentUrl\":\"https:\/\/sey.fi\/wp-content\/uploads\/sites\/47\/2026\/02\/pentu-hyppaa.jpg\",\"width\":1920,\"height\":960,\"caption\":\"raidallinen pentukissa tasapainottelee puisella tasolla\"},{\"@type\":\"BreadcrumbList\",\"@id\":\"https:\/\/sey.fi\/kissa\/kissat\/kissan-perushoito\/vaara-vaanii-kissan-kotona\/#breadcrumb\",\"itemListElement\":[{\"@type\":\"ListItem\",\"position\":1,\"name\":\"Home\",\"item\":\"https:\/\/sey.fi\/kissa\/\"},{\"@type\":\"ListItem\",\"position\":2,\"name\":\"Kissatieto\",\"item\":\"https:\/\/sey.fi\/kissa\/\"},{\"@type\":\"ListItem\",\"position\":3,\"name\":\"Kissan perushoito\",\"item\":\"https:\/\/sey.fi\/kissa\/kissat\/kissan-perushoito\/\"},{\"@type\":\"ListItem\",\"position\":4,\"name\":\"Vaara vaanii kissan kotona\"}]},{\"@type\":\"WebSite\",\"@id\":\"https:\/\/sey.fi\/kissa\/#website\",\"url\":\"https:\/\/sey.fi\/kissa\/\",\"name\":\"Kissatieto\",\"description\":\"Uusi SEY J\u00e4senyhdistykset -sivusto\",\"potentialAction\":[{\"@type\":\"SearchAction\",\"target\":{\"@type\":\"EntryPoint\",\"urlTemplate\":\"https:\/\/sey.fi\/kissa\/?s={search_term_string}\"},\"query-input\":{\"@type\":\"PropertyValueSpecification\",\"valueRequired\":true,\"valueName\":\"search_term_string\"}}],\"inLanguage\":\"fi\"}]}<\/script>\n<!-- \/ Yoast SEO plugin. -->","yoast_head_json":{"title":"Vaara vaanii kissan kotona - Kissatieto","robots":{"index":"index","follow":"follow","max-snippet":"max-snippet:-1","max-image-preview":"max-image-preview:large","max-video-preview":"max-video-preview:-1"},"canonical":"https:\/\/sey.fi\/kissa\/kissat\/kissan-perushoito\/vaara-vaanii-kissan-kotona\/","og_locale":"fi_FI","og_type":"article","og_title":"Vaara vaanii kissan kotona - Kissatieto","og_description":"Kuva: Jenni Pasanen Jo ennen kuin kissa tulee taloon, on syyt\u00e4 tarkastella kotia kissaperspektiivist\u00e4. Kissan viihtymist\u00e4 voi parantaa sopivilla sisustusratkaisuilla. Toisaalta ihmisasunnossa on my\u00f6s vaaranpaikkoja. Kissa on luonnossa isompien el\u00e4inten saalisel\u00e4in ja se arvostaa turvallista nukkumispaikkaa. Oma piilopaikka on tarpeen my\u00f6s, jos kotona tapahtuu jotain, joka s\u00e4ik\u00e4ytt\u00e4\u00e4 kissan. Kissa on piiloutumisen mestari ja l\u00f6yt\u00e4\u00e4 lymypaikkoja [&hellip;]","og_url":"https:\/\/sey.fi\/kissa\/kissat\/kissan-perushoito\/vaara-vaanii-kissan-kotona\/","og_site_name":"Kissatieto","article_modified_time":"2026-03-27T10:48:31+00:00","og_image":[{"width":1920,"height":960,"url":"https:\/\/sey.fi\/wp-content\/uploads\/sites\/47\/2026\/02\/pentu-hyppaa.jpg","type":"image\/jpeg"}],"twitter_card":"summary_large_image","twitter_misc":{"Arvioitu lukuaika":"5 minuuttia"},"schema":{"@context":"https:\/\/schema.org","@graph":[{"@type":"WebPage","@id":"https:\/\/sey.fi\/kissa\/kissat\/kissan-perushoito\/vaara-vaanii-kissan-kotona\/","url":"https:\/\/sey.fi\/kissa\/kissat\/kissan-perushoito\/vaara-vaanii-kissan-kotona\/","name":"Vaara vaanii kissan kotona - Kissatieto","isPartOf":{"@id":"https:\/\/sey.fi\/kissa\/#website"},"primaryImageOfPage":{"@id":"https:\/\/sey.fi\/kissa\/kissat\/kissan-perushoito\/vaara-vaanii-kissan-kotona\/#primaryimage"},"image":{"@id":"https:\/\/sey.fi\/kissa\/kissat\/kissan-perushoito\/vaara-vaanii-kissan-kotona\/#primaryimage"},"thumbnailUrl":"https:\/\/sey.fi\/wp-content\/uploads\/sites\/47\/2026\/02\/pentu-hyppaa.jpg","datePublished":"2019-12-09T12:38:22+00:00","dateModified":"2026-03-27T10:48:31+00:00","breadcrumb":{"@id":"https:\/\/sey.fi\/kissa\/kissat\/kissan-perushoito\/vaara-vaanii-kissan-kotona\/#breadcrumb"},"inLanguage":"fi","potentialAction":[{"@type":"ReadAction","target":["https:\/\/sey.fi\/kissa\/kissat\/kissan-perushoito\/vaara-vaanii-kissan-kotona\/"]}]},{"@type":"ImageObject","inLanguage":"fi","@id":"https:\/\/sey.fi\/kissa\/kissat\/kissan-perushoito\/vaara-vaanii-kissan-kotona\/#primaryimage","url":"https:\/\/sey.fi\/wp-content\/uploads\/sites\/47\/2026\/02\/pentu-hyppaa.jpg","contentUrl":"https:\/\/sey.fi\/wp-content\/uploads\/sites\/47\/2026\/02\/pentu-hyppaa.jpg","width":1920,"height":960,"caption":"raidallinen pentukissa tasapainottelee puisella tasolla"},{"@type":"BreadcrumbList","@id":"https:\/\/sey.fi\/kissa\/kissat\/kissan-perushoito\/vaara-vaanii-kissan-kotona\/#breadcrumb","itemListElement":[{"@type":"ListItem","position":1,"name":"Home","item":"https:\/\/sey.fi\/kissa\/"},{"@type":"ListItem","position":2,"name":"Kissatieto","item":"https:\/\/sey.fi\/kissa\/"},{"@type":"ListItem","position":3,"name":"Kissan perushoito","item":"https:\/\/sey.fi\/kissa\/kissat\/kissan-perushoito\/"},{"@type":"ListItem","position":4,"name":"Vaara vaanii kissan kotona"}]},{"@type":"WebSite","@id":"https:\/\/sey.fi\/kissa\/#website","url":"https:\/\/sey.fi\/kissa\/","name":"Kissatieto","description":"Uusi SEY J\u00e4senyhdistykset -sivusto","potentialAction":[{"@type":"SearchAction","target":{"@type":"EntryPoint","urlTemplate":"https:\/\/sey.fi\/kissa\/?s={search_term_string}"},"query-input":{"@type":"PropertyValueSpecification","valueRequired":true,"valueName":"search_term_string"}}],"inLanguage":"fi"}]}},"_links":{"self":[{"href":"https:\/\/sey.fi\/kissa\/wp-json\/wp\/v2\/pages\/117","targetHints":{"allow":["GET"]}}],"collection":[{"href":"https:\/\/sey.fi\/kissa\/wp-json\/wp\/v2\/pages"}],"about":[{"href":"https:\/\/sey.fi\/kissa\/wp-json\/wp\/v2\/types\/page"}],"author":[{"embeddable":true,"href":"https:\/\/sey.fi\/kissa\/wp-json\/wp\/v2\/users\/8"}],"replies":[{"embeddable":true,"href":"https:\/\/sey.fi\/kissa\/wp-json\/wp\/v2\/comments?post=117"}],"version-history":[{"count":5,"href":"https:\/\/sey.fi\/kissa\/wp-json\/wp\/v2\/pages\/117\/revisions"}],"predecessor-version":[{"id":725,"href":"https:\/\/sey.fi\/kissa\/wp-json\/wp\/v2\/pages\/117\/revisions\/725"}],"up":[{"embeddable":true,"href":"https:\/\/sey.fi\/kissa\/wp-json\/wp\/v2\/pages\/103"}],"wp:featuredmedia":[{"embeddable":true,"href":"https:\/\/sey.fi\/kissa\/wp-json\/wp\/v2\/media\/562"}],"wp:attachment":[{"href":"https:\/\/sey.fi\/kissa\/wp-json\/wp\/v2\/media?parent=117"}],"curies":[{"name":"wp","href":"https:\/\/api.w.org\/{rel}","templated":true}]}}