{"id":121,"date":"2019-12-09T14:41:26","date_gmt":"2019-12-09T12:41:26","guid":{"rendered":"http:\/\/srvr10.xetpoint.com\/~seyfi\/kissatieto\/?page_id=121"},"modified":"2026-03-27T12:53:12","modified_gmt":"2026-03-27T10:53:12","slug":"kissan-ruokinnasta","status":"publish","type":"page","link":"https:\/\/sey.fi\/kissa\/kissat\/kissan-perushoito\/kissan-ruokinnasta\/","title":{"rendered":"Kissan ruokinnasta"},"content":{"rendered":"\n<p class=\"has-text-align-right has-small-font-size\"><em>Kuva: Hanna K. Heikkil\u00e4<\/em><\/p>\n\n\n\n<p>Kaikki kissael\u00e4inten heimon j\u00e4senet ovat ehdottomia lihansy\u00f6ji\u00e4, eli ne tarvitsevat ruokavalioonsa runsaasti el\u00e4inper\u00e4ist\u00e4 proteiinia. Kissan luontaiseen ruokavalioon kuuluvat pikkujyrsij\u00e4t, linnut, hy\u00f6nteiset ja sammakkoel\u00e4imet. Tiedet\u00e4\u00e4np\u00e4 kissojen pyydyst\u00e4neen jopa j\u00e4niksi\u00e4 ja lepakoita. Kissa on fyysisesti muuttunut kantamuodostaan afrikanvillikissasta eritt\u00e4in v\u00e4h\u00e4n, joten se tarvitsee samankaltaista ravintoa kuin esi-is\u00e4ns\u00e4 voidakseen hyvin.<\/p>\n\n\n\n<p>Lemmikinruokateollisuus on suuri globaali teollisuudenhaara. Valitettavasti toisinaan ruokia valmistettaessa taloudellinen voitontavoittelu ajaa yrityksiss\u00e4 edelle el\u00e4inten todellisista tarpeista. Sen takia kalliimmat ravintoaineet, kuten el\u00e4inproteiini ja rasva, saatetaan korvata halvemmilla, kuten hiilihydraateilla ja kasviper\u00e4isill\u00e4 proteiineilla. Se, ett\u00e4 lemmikinruoka t\u00e4ytt\u00e4\u00e4 rehulle asetetut minimivaatimukset, ei tarkoita, ett\u00e4 se olisi el\u00e4imille parasta mahdollista ravintoa. Kuluttajalta vaaditaan siis kriittisyytt\u00e4 ja tietoa lemmikin todellisista ravitsemuksellisista tarpeista. Ruokien tuoteselosteet on syyt\u00e4 lukea huolellisesti ja j\u00e4tt\u00e4\u00e4 hyllyyn runsaasti kasviper\u00e4ist\u00e4 ainesta sis\u00e4lt\u00e4v\u00e4t tuotteet.<\/p>\n\n\n\n<p>Jos kissa vastaa ruokahuollostaan itse, se pyydyst\u00e4\u00e4 p\u00e4iv\u00e4n aikana, saaliin koosta riippuen noin 3\u201311 jyrsij\u00e4\u00e4. Pikkujyrsij\u00e4n koostumuksesta voi p\u00e4\u00e4tell\u00e4 kissan aterian ihanteellisen koostumuksen. Hiirest\u00e4 suurin osa on vett\u00e4. Lis\u00e4ksi se sis\u00e4lt\u00e4\u00e4 runsaasti proteiinia ja rasvaa ja eritt\u00e4in v\u00e4h\u00e4n hiilihydraattia.<\/p>\n\n\n\n<p>Kaupan hyllyt notkuvat lemmikeille tarkoitetuista valmisruuista. Pakkausten v\u00e4rit ja kuvat sek\u00e4 markkinointimateriaali todistelevat kuluttajille ruokamerkkien paremmuudesta kilpailijoihinsa n\u00e4hden. Kissakuluttajan kannalta hyllyjen ruokatarjonnan voi jakaa kolmeen ryhm\u00e4\u00e4n: m\u00e4rk\u00e4ruokiin, kuivaruokiin ja herkkuihin. Lis\u00e4ksi pakasteina myyt\u00e4vi\u00e4 kissojen raakaruokia l\u00f6ytyy nykyisin el\u00e4intarvikeliikkeiden lis\u00e4ksi monista ruokakaupoista. Kuivaruoat ja osa m\u00e4rk\u00e4ruoista ovat t\u00e4ysravintoja, eli niiden pit\u00e4isi yksin riitt\u00e4\u00e4 t\u00e4ytt\u00e4m\u00e4\u00e4n lemmikin ravitsemustarpeet. My\u00f6s kissoille suunnitelluista raakaruoista suuri osa on nykyisin t\u00e4ysravintoja. Niin sanottuja t\u00e4ydennysrehuja voi k\u00e4ytt\u00e4\u00e4 osana ruokintaa t\u00e4ysrehujen rinnalla. Ne ovat usein t\u00e4ysrehuja proteiinipitoisempia, mutta eiv\u00e4t riit\u00e4 yksin\u00e4\u00e4n t\u00e4ytt\u00e4m\u00e4\u00e4n kissan ravintoaineiden tarpeita.<\/p>\n\n\n\n<h2 class=\"wp-block-heading\">Kuivaruokien ongelmista<\/h2>\n\n\n\n<p>Kuivaruoassa on kissan kannalta muutama iso ongelma. Ensinkin ruoan nestepitoisuus on vain murto-osa hiiren nestem\u00e4\u00e4r\u00e4st\u00e4. Kissa on kotoisin kuivalta seudulta. Sen luontainen janontunne on heikko, eik\u00e4 se v\u00e4ltt\u00e4m\u00e4tt\u00e4 tajua juoda, vaikka k\u00e4rsisikin nestehukasta. Kun nestett\u00e4 on niukasti, kissa sen sijaan minimoi nestehukan v\u00e4hent\u00e4m\u00e4ll\u00e4 virtsanerityst\u00e4. Niukasti nestett\u00e4 saavan kissan virtsa siis muuttuu v\u00e4kev\u00e4mm\u00e4ksi.<\/p>\n\n\n\n<p>Kissan luontaisessa ymp\u00e4rist\u00f6ss\u00e4 niukan tai kuivan ravinnon jakso on yleens\u00e4 ohimenev\u00e4 tila. Kuivaruokaa sy\u00f6v\u00e4n kissan nestehukka saattaa kuitenkin muodostua pysyv\u00e4ksi. Virtsa on t\u00e4ll\u00f6in v\u00e4kev\u00e4\u00e4 viikosta ja kuukaudesta toiseen, ja koska sit\u00e4 erittyy niukasti, ei rakkoa ole tarpeen tyhjent\u00e4\u00e4 usein. Pitki\u00e4 aikoja rakossa oleva v\u00e4kev\u00e4 virtsa saattaa edesauttaa idiopaattisen kystiitin eli virtsarakon steriilin tulehdustilan kehittymist\u00e4. Lis\u00e4ksi virtsassa saattaa alkaa muodostua kiteit\u00e4. Virtsakiteet, jotka voivat kasvaa leikkausta vaativiksi virtsakiviksi, \u00e4rsytt\u00e4v\u00e4t rakkoa ja virtsateit\u00e4 lis\u00e4\u00e4. Ne saattavat my\u00f6s tukkia virtsaputken. Tila on hengenvaarallinen ja vaatii el\u00e4inl\u00e4\u00e4k\u00e4rin apua pikaisesti.<\/p>\n\n\n\n<p>Kissan omistajalle lemmikin sairastuminen saattaa paljastua ep\u00e4miellytt\u00e4v\u00e4n\u00e4 yll\u00e4tyksen\u00e4. Aikaisemmin siististi hiekkalaatikollaan asioinut kissa voi alkaa virtsaamaan hiekkalaatikkonsa ulkopuolelle. Kissa on yhdist\u00e4nyt hiekkalaatikon kivuliaaseen virtsauskokemukseen ja yritt\u00e4\u00e4 etsi\u00e4 paikkaa, jossa kipua ei tunnu. Koska kissan kriteerit vessapaikalle ovat pehmeys ja materiaalin imukyky, pissat l\u00f6ytyv\u00e4t usein s\u00e4ngyst\u00e4, sohvalta tai matolta. Virtsateiden kivusta k\u00e4rsiv\u00e4 kissa voi kuitenkin tehd\u00e4 tarpeensa my\u00f6s koville pinnoille kuten lavuaariin.<\/p>\n\n\n\n<p>Kissat ovat mestareita peittelem\u00e4\u00e4n sairastumistaan. Koska ainoat sairauden merkit voivat olla hutipissat sek\u00e4 laatikolla ravaaminen ja pienet pissapaakut laatikossa kissan tirist\u00e4ess\u00e4 virtsaa kipe\u00e4st\u00e4 rakostaan, ei omistaja v\u00e4ltt\u00e4m\u00e4tt\u00e4 tajua, ett\u00e4 kyse on sairaudesta. Suosittu selitys hutipissoille on, ett\u00e4 kissa osoittaa mielt\u00e4\u00e4n tai kostaa jotain omistajan tekemist\u00e4 tai tekem\u00e4tt\u00e4 j\u00e4tt\u00e4mist\u00e4. Se ei pid\u00e4 koskaan paikkansa. Kissa ei kosta. Se ei voi ymm\u00e4rt\u00e4\u00e4, ett\u00e4 pissa sohvalla tuottaa omistajalle mielipahaa, eiv\u00e4tk\u00e4 sen kognitiiviset kyvyt riit\u00e4 koston suunnitteluun.<\/p>\n\n\n\n<p>Kuivuuden lis\u00e4ksi ongelmia aiheuttavat kuivaruoan energiatiheys ja suuri hiilihydraattipitoisuus. Koska kuivaraksuissa ei juuri ole nestett\u00e4, ne ovat varsin tiivist\u00e4 tavaraa. Kissa saa siksi niist\u00e4 helposti liikaa energiaa, mik\u00e4 johtaa <a href=\"https:\/\/sey.fi\/kissa\/kissat\/kissaongelmia\/ylipaino\/\">ylipainoon<\/a>.<\/p>\n\n\n\n<p>Kissan luontaisessa ruokavaliossa hiilihydraatteja on vain niukasti tai ei ollenkaan. Kissa pystyy kuitenkin k\u00e4ytt\u00e4m\u00e4\u00e4n hiilihydraatteja tehokkaasti energianl\u00e4hteen\u00e4. Kuivaruuan hiilihydraatit ovat tavallisesti per\u00e4isin viljoista ja toisinaan my\u00f6s perunasta tai muista juureksista. Hiilihydraatinl\u00e4hde on kissanruuassa halpa t\u00e4yteaine, jota tarvitaan my\u00f6s kuivamuonanappulan koossa pysymiseen. Hiilihydraattien runsas saanti johtaa helposti lihomiseen, ja lis\u00e4ksi hiilihydraatit nostavat kissan virtsan pH-arvoa, mik\u00e4 altistaa virtsakiteiden muodostumiselle.<\/p>\n\n\n\n<h2 class=\"wp-block-heading\">Tarkkana tuoteselosteiden kanssa<\/h2>\n\n\n\n<p>Ruuan tuoteselosteessa raaka-aineet on esitett\u00e4v\u00e4 niin, ett\u00e4 \nensimm\u00e4iseksi merkit\u00e4\u00e4n aine, jota ruuassa on eniten ja sen j\u00e4lkeen muut\n raaka-aineet suuruusj\u00e4rjestyksess\u00e4. Kuluttajat ovatkin muuttuneet \nentist\u00e4 tietoisemmiksi lemmikinruokien laadusta ja osaavat valita \nkissalle ruokia, joissa el\u00e4inper\u00e4inen proteiini on raaka-ainelistan \nk\u00e4rjess\u00e4.<\/p>\n\n\n\n<p>Aina liha tai kala listan ensimm\u00e4isen\u00e4 ei kuitenkaan tarkoita sit\u00e4, ett\u00e4 sit\u00e4 on ruuassa eniten. Valmistajat saattavat jakaa esimerkiksi maissin tai riisin n\u00e4enn\u00e4isesti useammaksi eri tuotteeksi, kuten maissiksi ja maissigluteiiniksi tai riisiksi ja riisileseeksi. Toisaalta liha voidaan yhdist\u00e4\u00e4 el\u00e4inper\u00e4isiin tuotteisiin ja n\u00e4in el\u00e4inper\u00e4inen raaka-aine kiilaa listan k\u00e4rkeen, vaikka sit\u00e4 todellisuudessa olisikin ruuassa v\u00e4hemm\u00e4n kuin kasviper\u00e4isi\u00e4 aineita. Kannattaakin paneutua huolella oman kissan suosikkiruokien tuoteselosteisiin hahmottaakseen, mist\u00e4 kissan ruokavalio loppujen lopuksi koostuu.<\/p>\n\n\n\n<h2 class=\"wp-block-heading\">M\u00e4rk\u00e4ruoan hyv\u00e4t puolet<\/h2>\n\n\n\n<p>Kosteassa s\u00e4ilykeruoassa on nestett\u00e4 on 70\u201380%, mik\u00e4 on kissan terveyden kannalta erinomainen m\u00e4\u00e4r\u00e4. Voikin olla, ett\u00e4 m\u00e4rk\u00e4ruokaa sy\u00f6v\u00e4 kissa k\u00e4ytt\u00e4ytyy kuin kuivassa ymp\u00e4rist\u00f6ss\u00e4 el\u00e4v\u00e4 esi-is\u00e4ns\u00e4, eik\u00e4 juurikaan juo vett\u00e4 kupistaan. Tilanne muuttuu, jos osa ruoasta tarjoillaan kuivamuonana. Vett\u00e4 pit\u00e4\u00e4 joka tapauksessa olla aina tarjolla.<\/p>\n\n\n\n<p>Vaikka kosteissa ruoissa on yleens\u00e4 v\u00e4hemm\u00e4n kissalle turhia hiilihydraatteja, kannattaa niidenkin tuoteseloste lukea ennen ostop\u00e4\u00e4t\u00f6ksen tekemist\u00e4. Vaikkei t\u00f6lkkiruokaan tarvitakaan sidosaineeksi viljaa tai muuta hiilihydraattil\u00e4hdett\u00e4, niit\u00e4 voi olla k\u00e4ytetty el\u00e4inper\u00e4isi\u00e4 ja siis kalliimpia raaka-aineita t\u00e4ydent\u00e4m\u00e4\u00e4n.<\/p>\n\n\n\n<p>S\u00e4ilykkeen proteiinipitoisuutta on my\u00f6s saatettu nostaa kasviper\u00e4isell\u00e4 proteiinilla, joka on merkitty raaka-ainelistaan esimerkiksi kasvivalkuaistiivisteen nimell\u00e4. Kissa ei valitettavasti pysty k\u00e4ytt\u00e4m\u00e4\u00e4n hyv\u00e4kseen kasviper\u00e4ist\u00e4 proteiinia ja rasvaa yht\u00e4 hyvin kuin el\u00e4inper\u00e4ist\u00e4. Heikkolaatuisella ruoalla kissa voi k\u00e4rsi\u00e4 proteiinivajeesta, mik\u00e4 voi vaikuttaa haitallisesti sen terveyteen, turkin kuntoon ja lihasmassaan, tai se joutuu sy\u00f6m\u00e4\u00e4n kyseist\u00e4 ruokaa huomattavan paljon, jolloin se saa my\u00f6s liikaa energiaa ja lihoo.<\/p>\n\n\n\n<p><\/p>\n","protected":false},"excerpt":{"rendered":"<p>Kuva: Hanna K. Heikkil\u00e4 Kaikki kissael\u00e4inten heimon j\u00e4senet ovat ehdottomia lihansy\u00f6ji\u00e4, eli ne tarvitsevat ruokavalioonsa runsaasti el\u00e4inper\u00e4ist\u00e4 proteiinia. Kissan luontaiseen ruokavalioon kuuluvat pikkujyrsij\u00e4t, linnut, hy\u00f6nteiset ja sammakkoel\u00e4imet. Tiedet\u00e4\u00e4np\u00e4 kissojen pyydyst\u00e4neen jopa j\u00e4niksi\u00e4 ja lepakoita. Kissa on fyysisesti muuttunut kantamuodostaan afrikanvillikissasta eritt\u00e4in v\u00e4h\u00e4n, joten se tarvitsee samankaltaista ravintoa kuin esi-is\u00e4ns\u00e4 voidakseen hyvin. Lemmikinruokateollisuus on suuri globaali [&hellip;]<\/p>\n","protected":false},"author":8,"featured_media":122,"parent":103,"menu_order":0,"comment_status":"closed","ping_status":"closed","template":"","meta":{"_acf_changed":false,"footnotes":""},"class_list":["post-121","page","type-page","status-publish","has-post-thumbnail","hentry"],"acf":[],"yoast_head":"<!-- This site is optimized with the Yoast SEO plugin v27.1.1 - https:\/\/yoast.com\/product\/yoast-seo-wordpress\/ -->\n<title>Kissan ruokinnasta - Kissatieto<\/title>\n<meta name=\"robots\" content=\"index, follow, max-snippet:-1, max-image-preview:large, max-video-preview:-1\" \/>\n<link rel=\"canonical\" href=\"https:\/\/sey.fi\/kissa\/kissat\/kissan-perushoito\/kissan-ruokinnasta\/\" \/>\n<meta property=\"og:locale\" content=\"fi_FI\" \/>\n<meta property=\"og:type\" content=\"article\" \/>\n<meta property=\"og:title\" content=\"Kissan ruokinnasta - Kissatieto\" \/>\n<meta property=\"og:description\" content=\"Kuva: Hanna K. Heikkil\u00e4 Kaikki kissael\u00e4inten heimon j\u00e4senet ovat ehdottomia lihansy\u00f6ji\u00e4, eli ne tarvitsevat ruokavalioonsa runsaasti el\u00e4inper\u00e4ist\u00e4 proteiinia. Kissan luontaiseen ruokavalioon kuuluvat pikkujyrsij\u00e4t, linnut, hy\u00f6nteiset ja sammakkoel\u00e4imet. Tiedet\u00e4\u00e4np\u00e4 kissojen pyydyst\u00e4neen jopa j\u00e4niksi\u00e4 ja lepakoita. Kissa on fyysisesti muuttunut kantamuodostaan afrikanvillikissasta eritt\u00e4in v\u00e4h\u00e4n, joten se tarvitsee samankaltaista ravintoa kuin esi-is\u00e4ns\u00e4 voidakseen hyvin. Lemmikinruokateollisuus on suuri globaali [&hellip;]\" \/>\n<meta property=\"og:url\" content=\"https:\/\/sey.fi\/kissa\/kissat\/kissan-perushoito\/kissan-ruokinnasta\/\" \/>\n<meta property=\"og:site_name\" content=\"Kissatieto\" \/>\n<meta property=\"article:modified_time\" content=\"2026-03-27T10:53:12+00:00\" \/>\n<meta property=\"og:image\" content=\"https:\/\/sey.fi\/wp-content\/uploads\/sites\/47\/2019\/12\/lenni_syo_2_hanna_k._heikkila.jpg\" \/>\n\t<meta property=\"og:image:width\" content=\"410\" \/>\n\t<meta property=\"og:image:height\" content=\"273\" \/>\n\t<meta property=\"og:image:type\" content=\"image\/jpeg\" \/>\n<meta name=\"twitter:card\" content=\"summary_large_image\" \/>\n<meta name=\"twitter:label1\" content=\"Arvioitu lukuaika\" \/>\n\t<meta name=\"twitter:data1\" content=\"6 minuuttia\" \/>\n<script type=\"application\/ld+json\" class=\"yoast-schema-graph\">{\"@context\":\"https:\/\/schema.org\",\"@graph\":[{\"@type\":\"WebPage\",\"@id\":\"https:\/\/sey.fi\/kissa\/kissat\/kissan-perushoito\/kissan-ruokinnasta\/\",\"url\":\"https:\/\/sey.fi\/kissa\/kissat\/kissan-perushoito\/kissan-ruokinnasta\/\",\"name\":\"Kissan ruokinnasta - Kissatieto\",\"isPartOf\":{\"@id\":\"https:\/\/sey.fi\/kissa\/#website\"},\"primaryImageOfPage\":{\"@id\":\"https:\/\/sey.fi\/kissa\/kissat\/kissan-perushoito\/kissan-ruokinnasta\/#primaryimage\"},\"image\":{\"@id\":\"https:\/\/sey.fi\/kissa\/kissat\/kissan-perushoito\/kissan-ruokinnasta\/#primaryimage\"},\"thumbnailUrl\":\"https:\/\/sey.fi\/wp-content\/uploads\/sites\/47\/2019\/12\/lenni_syo_2_hanna_k._heikkila.jpg\",\"datePublished\":\"2019-12-09T12:41:26+00:00\",\"dateModified\":\"2026-03-27T10:53:12+00:00\",\"breadcrumb\":{\"@id\":\"https:\/\/sey.fi\/kissa\/kissat\/kissan-perushoito\/kissan-ruokinnasta\/#breadcrumb\"},\"inLanguage\":\"fi\",\"potentialAction\":[{\"@type\":\"ReadAction\",\"target\":[\"https:\/\/sey.fi\/kissa\/kissat\/kissan-perushoito\/kissan-ruokinnasta\/\"]}]},{\"@type\":\"ImageObject\",\"inLanguage\":\"fi\",\"@id\":\"https:\/\/sey.fi\/kissa\/kissat\/kissan-perushoito\/kissan-ruokinnasta\/#primaryimage\",\"url\":\"https:\/\/sey.fi\/wp-content\/uploads\/sites\/47\/2019\/12\/lenni_syo_2_hanna_k._heikkila.jpg\",\"contentUrl\":\"https:\/\/sey.fi\/wp-content\/uploads\/sites\/47\/2019\/12\/lenni_syo_2_hanna_k._heikkila.jpg\",\"width\":410,\"height\":273},{\"@type\":\"BreadcrumbList\",\"@id\":\"https:\/\/sey.fi\/kissa\/kissat\/kissan-perushoito\/kissan-ruokinnasta\/#breadcrumb\",\"itemListElement\":[{\"@type\":\"ListItem\",\"position\":1,\"name\":\"Home\",\"item\":\"https:\/\/sey.fi\/kissa\/\"},{\"@type\":\"ListItem\",\"position\":2,\"name\":\"Kissatieto\",\"item\":\"https:\/\/sey.fi\/kissa\/\"},{\"@type\":\"ListItem\",\"position\":3,\"name\":\"Kissan perushoito\",\"item\":\"https:\/\/sey.fi\/kissa\/kissat\/kissan-perushoito\/\"},{\"@type\":\"ListItem\",\"position\":4,\"name\":\"Kissan ruokinnasta\"}]},{\"@type\":\"WebSite\",\"@id\":\"https:\/\/sey.fi\/kissa\/#website\",\"url\":\"https:\/\/sey.fi\/kissa\/\",\"name\":\"Kissatieto\",\"description\":\"Uusi SEY J\u00e4senyhdistykset -sivusto\",\"potentialAction\":[{\"@type\":\"SearchAction\",\"target\":{\"@type\":\"EntryPoint\",\"urlTemplate\":\"https:\/\/sey.fi\/kissa\/?s={search_term_string}\"},\"query-input\":{\"@type\":\"PropertyValueSpecification\",\"valueRequired\":true,\"valueName\":\"search_term_string\"}}],\"inLanguage\":\"fi\"}]}<\/script>\n<!-- \/ Yoast SEO plugin. -->","yoast_head_json":{"title":"Kissan ruokinnasta - Kissatieto","robots":{"index":"index","follow":"follow","max-snippet":"max-snippet:-1","max-image-preview":"max-image-preview:large","max-video-preview":"max-video-preview:-1"},"canonical":"https:\/\/sey.fi\/kissa\/kissat\/kissan-perushoito\/kissan-ruokinnasta\/","og_locale":"fi_FI","og_type":"article","og_title":"Kissan ruokinnasta - Kissatieto","og_description":"Kuva: Hanna K. Heikkil\u00e4 Kaikki kissael\u00e4inten heimon j\u00e4senet ovat ehdottomia lihansy\u00f6ji\u00e4, eli ne tarvitsevat ruokavalioonsa runsaasti el\u00e4inper\u00e4ist\u00e4 proteiinia. Kissan luontaiseen ruokavalioon kuuluvat pikkujyrsij\u00e4t, linnut, hy\u00f6nteiset ja sammakkoel\u00e4imet. Tiedet\u00e4\u00e4np\u00e4 kissojen pyydyst\u00e4neen jopa j\u00e4niksi\u00e4 ja lepakoita. Kissa on fyysisesti muuttunut kantamuodostaan afrikanvillikissasta eritt\u00e4in v\u00e4h\u00e4n, joten se tarvitsee samankaltaista ravintoa kuin esi-is\u00e4ns\u00e4 voidakseen hyvin. Lemmikinruokateollisuus on suuri globaali [&hellip;]","og_url":"https:\/\/sey.fi\/kissa\/kissat\/kissan-perushoito\/kissan-ruokinnasta\/","og_site_name":"Kissatieto","article_modified_time":"2026-03-27T10:53:12+00:00","og_image":[{"width":410,"height":273,"url":"https:\/\/sey.fi\/wp-content\/uploads\/sites\/47\/2019\/12\/lenni_syo_2_hanna_k._heikkila.jpg","type":"image\/jpeg"}],"twitter_card":"summary_large_image","twitter_misc":{"Arvioitu lukuaika":"6 minuuttia"},"schema":{"@context":"https:\/\/schema.org","@graph":[{"@type":"WebPage","@id":"https:\/\/sey.fi\/kissa\/kissat\/kissan-perushoito\/kissan-ruokinnasta\/","url":"https:\/\/sey.fi\/kissa\/kissat\/kissan-perushoito\/kissan-ruokinnasta\/","name":"Kissan ruokinnasta - Kissatieto","isPartOf":{"@id":"https:\/\/sey.fi\/kissa\/#website"},"primaryImageOfPage":{"@id":"https:\/\/sey.fi\/kissa\/kissat\/kissan-perushoito\/kissan-ruokinnasta\/#primaryimage"},"image":{"@id":"https:\/\/sey.fi\/kissa\/kissat\/kissan-perushoito\/kissan-ruokinnasta\/#primaryimage"},"thumbnailUrl":"https:\/\/sey.fi\/wp-content\/uploads\/sites\/47\/2019\/12\/lenni_syo_2_hanna_k._heikkila.jpg","datePublished":"2019-12-09T12:41:26+00:00","dateModified":"2026-03-27T10:53:12+00:00","breadcrumb":{"@id":"https:\/\/sey.fi\/kissa\/kissat\/kissan-perushoito\/kissan-ruokinnasta\/#breadcrumb"},"inLanguage":"fi","potentialAction":[{"@type":"ReadAction","target":["https:\/\/sey.fi\/kissa\/kissat\/kissan-perushoito\/kissan-ruokinnasta\/"]}]},{"@type":"ImageObject","inLanguage":"fi","@id":"https:\/\/sey.fi\/kissa\/kissat\/kissan-perushoito\/kissan-ruokinnasta\/#primaryimage","url":"https:\/\/sey.fi\/wp-content\/uploads\/sites\/47\/2019\/12\/lenni_syo_2_hanna_k._heikkila.jpg","contentUrl":"https:\/\/sey.fi\/wp-content\/uploads\/sites\/47\/2019\/12\/lenni_syo_2_hanna_k._heikkila.jpg","width":410,"height":273},{"@type":"BreadcrumbList","@id":"https:\/\/sey.fi\/kissa\/kissat\/kissan-perushoito\/kissan-ruokinnasta\/#breadcrumb","itemListElement":[{"@type":"ListItem","position":1,"name":"Home","item":"https:\/\/sey.fi\/kissa\/"},{"@type":"ListItem","position":2,"name":"Kissatieto","item":"https:\/\/sey.fi\/kissa\/"},{"@type":"ListItem","position":3,"name":"Kissan perushoito","item":"https:\/\/sey.fi\/kissa\/kissat\/kissan-perushoito\/"},{"@type":"ListItem","position":4,"name":"Kissan ruokinnasta"}]},{"@type":"WebSite","@id":"https:\/\/sey.fi\/kissa\/#website","url":"https:\/\/sey.fi\/kissa\/","name":"Kissatieto","description":"Uusi SEY J\u00e4senyhdistykset -sivusto","potentialAction":[{"@type":"SearchAction","target":{"@type":"EntryPoint","urlTemplate":"https:\/\/sey.fi\/kissa\/?s={search_term_string}"},"query-input":{"@type":"PropertyValueSpecification","valueRequired":true,"valueName":"search_term_string"}}],"inLanguage":"fi"}]}},"_links":{"self":[{"href":"https:\/\/sey.fi\/kissa\/wp-json\/wp\/v2\/pages\/121","targetHints":{"allow":["GET"]}}],"collection":[{"href":"https:\/\/sey.fi\/kissa\/wp-json\/wp\/v2\/pages"}],"about":[{"href":"https:\/\/sey.fi\/kissa\/wp-json\/wp\/v2\/types\/page"}],"author":[{"embeddable":true,"href":"https:\/\/sey.fi\/kissa\/wp-json\/wp\/v2\/users\/8"}],"replies":[{"embeddable":true,"href":"https:\/\/sey.fi\/kissa\/wp-json\/wp\/v2\/comments?post=121"}],"version-history":[{"count":6,"href":"https:\/\/sey.fi\/kissa\/wp-json\/wp\/v2\/pages\/121\/revisions"}],"predecessor-version":[{"id":727,"href":"https:\/\/sey.fi\/kissa\/wp-json\/wp\/v2\/pages\/121\/revisions\/727"}],"up":[{"embeddable":true,"href":"https:\/\/sey.fi\/kissa\/wp-json\/wp\/v2\/pages\/103"}],"wp:featuredmedia":[{"embeddable":true,"href":"https:\/\/sey.fi\/kissa\/wp-json\/wp\/v2\/media\/122"}],"wp:attachment":[{"href":"https:\/\/sey.fi\/kissa\/wp-json\/wp\/v2\/media?parent=121"}],"curies":[{"name":"wp","href":"https:\/\/api.w.org\/{rel}","templated":true}]}}