{"id":124,"date":"2019-12-09T14:43:13","date_gmt":"2019-12-09T12:43:13","guid":{"rendered":"http:\/\/srvr10.xetpoint.com\/~seyfi\/kissatieto\/?page_id=124"},"modified":"2026-03-27T12:55:13","modified_gmt":"2026-03-27T10:55:13","slug":"hyva-hiekkalaatikko-on-riittavan-tilava","status":"publish","type":"page","link":"https:\/\/sey.fi\/kissa\/kissat\/kissan-perushoito\/hyva-hiekkalaatikko-on-riittavan-tilava\/","title":{"rendered":"Hyv\u00e4 hiekkalaatikko on riitt\u00e4v\u00e4n tilava"},"content":{"rendered":"\n<p class=\"has-text-align-right has-small-font-size\"><em>Kuva: Ami Bergstr\u00f6m<\/em><\/p>\n\n\n\n<p>Luonnossa tarpeensa tekev\u00e4 kissa valitsee paikan, jossa on runsaasti pehme\u00e4\u00e4, hienojakoista multaa tai hiekkaa. Kissa on siisti el\u00e4in. Se ei v\u00e4ltt\u00e4m\u00e4tt\u00e4 tee tarpeitaan kahta kertaa samaan paikkaan \u2013 onhan ulkona varaa valita aina uusi puhdas paikka.<\/p>\n\n\n\n<p>Sis\u00e4kissa tarvitsee tarpeidentekoa varten hiekkalaatikon \u2013 tai mieluiten useamman. Oikea paikka kotona laatikolle on rauhallisessa paikassa, johon kissalla on aina vapaa p\u00e4\u00e4sy, kaukana ruoka- ja vesikupeista.<\/p>\n\n\n\n<p>Kuivikemateriaaleissa on paljon valinnanvaraa. Useimmille kissoille mieluisin vaihtoehto on hienojakoinen paakkuuntuva hiekka. Kun pissapaakut ja ulosteet siivoaa s\u00e4\u00e4nn\u00f6llisesti ja koko laatikon pesee esimerkiksi astianpesuaineella viikon\u2013parin v\u00e4lein, laatikko on helppo pit\u00e4\u00e4 hajuttomana. Osa kissanhiekoista on hajustettuja. Valitse hajustamaton hiekka. Hajusteet ovat turhia lis\u00e4aineita, jotka saattavat \u00e4rsytt\u00e4\u00e4 herkk\u00e4nen\u00e4isimpi\u00e4 kissoja.<\/p>\n\n\n\n<p>My\u00f6s hiekkalaatikkoja myyd\u00e4\u00e4n monen mallisia. Laatikon t\u00e4rkein ominaisuus on riitt\u00e4v\u00e4n iso koko. Kissan on p\u00e4\u00e4st\u00e4v\u00e4 k\u00e4\u00e4ntym\u00e4\u00e4n vapaasti ja hiekkaa on mahduttava laatikkoon riitt\u00e4v\u00e4 kerros, jotta kaivaminen on mahdollista. Nyrkkis\u00e4\u00e4nt\u00f6 on, ett\u00e4 laatikon pituuden on oltava minimiss\u00e4\u00e4n puolitoistakertainen kissan kehon pituuteen n\u00e4hden. Muuttolaatikko tai muu iso muoviastia voi olla varsinaista hiekkalaatikoksi tarkoitettua astiaa fiksumpi vaihtoehto, jos tarpeeksi tilavaa laatikkoa ei muuten l\u00f6yd\u00e4.<\/p>\n\n\n\n<p>Katollisuus ja katottomuus jakavat kissojen mielipiteit\u00e4. Kissa voi kokea katollisen laatikon ansaksi, jossa on vain yksi pakotie. My\u00f6s ilmanlaatu umpinaisen laatikon sis\u00e4ll\u00e4 saattaa muuttua tunkkaiseksi. Jotkut kissat taas arvostavat katon suomaa asioimisrauhaa. Alussa voi olla hyv\u00e4 idea tarjota kissalle sek\u00e4 katollista ett\u00e4 katotonta vessamallia ja antaa kissan itse valita itselleen sopivampi versio vessasta.<\/p>\n\n\n\n<h2 class=\"wp-block-heading\">Hiekkalaatikon siisteyden t\u00e4rkeys<\/h2>\n\n\n\n<p>Luonnossa kissalla ei ole tarvetta virtsata tai ulostaa kahta kertaa samaan paikkaan. Valinnanvaraa kissan reviirill\u00e4 on riitt\u00e4v\u00e4sti. Kissa arvostaa siisti\u00e4 ja hajutonta asiointipaikkaa ja omistajan teht\u00e4v\u00e4ksi j\u00e4\u00e4 k\u00e4ym\u00e4l\u00e4laatikon puhtauden takaaminen. Laatikko on siivottava v\u00e4hint\u00e4\u00e4n kerran p\u00e4iv\u00e4ss\u00e4.<\/p>\n\n\n\n<p>Mik\u00e4li kissa kokee hiekka-astiansa syyst\u00e4 tai toisesta \nep\u00e4miellytt\u00e4v\u00e4ksi, saattaa se valita uuden paikan asioida. Koska kissa \nvalitsee mielell\u00e4\u00e4n pehme\u00e4n ja imukykyisen paikan, voi omistaja \nharmikseen l\u00f6yt\u00e4\u00e4 kostean yll\u00e4tyksen s\u00e4ngyst\u00e4\u00e4n tai sohvalta.<\/p>\n\n\n\n<p>Hiekkalaatikon ep\u00e4miellytt\u00e4v\u00e4ksi kokeva kissa saattaa my\u00f6s ruveta harventamaan laatikkok\u00e4yntej\u00e4\u00e4n. T\u00e4m\u00e4 voi olla haitallista virtsateiden terveyden kannalta. Kun virtsa seisoo rakossa tarpeettoman kauan, saattaa se \u00e4rsytt\u00e4\u00e4 rakon pintaa, mik\u00e4 voi johtaa rakon \u00e4rtymiseen. Virtsa voi my\u00f6s rakossa seistess\u00e4\u00e4n kiteyty\u00e4. Optimaalisista hiekkalaatikko-olosuhteista huolehtiminen onkin siksi my\u00f6s kissan terveydest\u00e4 huolehtimista.<\/p>\n\n\n\n<p>Lue lis\u00e4\u00e4: <a href=\"https:\/\/sey.fi\/kissa\/kissat\/kissaongelmia\/ongelmat-sisasiisteyden-kanssa\/\">Ongelmat sis\u00e4siisteyden kanssa<\/a><\/p>\n","protected":false},"excerpt":{"rendered":"<p>Kuva: Ami Bergstr\u00f6m Luonnossa tarpeensa tekev\u00e4 kissa valitsee paikan, jossa on runsaasti pehme\u00e4\u00e4, hienojakoista multaa tai hiekkaa. Kissa on siisti el\u00e4in. Se ei v\u00e4ltt\u00e4m\u00e4tt\u00e4 tee tarpeitaan kahta kertaa samaan paikkaan \u2013 onhan ulkona varaa valita aina uusi puhdas paikka. Sis\u00e4kissa tarvitsee tarpeidentekoa varten hiekkalaatikon \u2013 tai mieluiten useamman. Oikea paikka kotona laatikolle on rauhallisessa paikassa, [&hellip;]<\/p>\n","protected":false},"author":8,"featured_media":125,"parent":103,"menu_order":0,"comment_status":"closed","ping_status":"closed","template":"","meta":{"_acf_changed":false,"footnotes":""},"class_list":["post-124","page","type-page","status-publish","has-post-thumbnail","hentry"],"acf":[],"yoast_head":"<!-- This site is optimized with the Yoast SEO plugin v27.1.1 - https:\/\/yoast.com\/product\/yoast-seo-wordpress\/ -->\n<title>Hyv\u00e4 hiekkalaatikko on riitt\u00e4v\u00e4n tilava - Kissatieto<\/title>\n<meta name=\"robots\" content=\"index, follow, max-snippet:-1, max-image-preview:large, max-video-preview:-1\" \/>\n<link rel=\"canonical\" href=\"https:\/\/sey.fi\/kissa\/kissat\/kissan-perushoito\/hyva-hiekkalaatikko-on-riittavan-tilava\/\" \/>\n<meta property=\"og:locale\" content=\"fi_FI\" \/>\n<meta property=\"og:type\" content=\"article\" \/>\n<meta property=\"og:title\" content=\"Hyv\u00e4 hiekkalaatikko on riitt\u00e4v\u00e4n tilava - Kissatieto\" \/>\n<meta property=\"og:description\" content=\"Kuva: Ami Bergstr\u00f6m Luonnossa tarpeensa tekev\u00e4 kissa valitsee paikan, jossa on runsaasti pehme\u00e4\u00e4, hienojakoista multaa tai hiekkaa. Kissa on siisti el\u00e4in. Se ei v\u00e4ltt\u00e4m\u00e4tt\u00e4 tee tarpeitaan kahta kertaa samaan paikkaan \u2013 onhan ulkona varaa valita aina uusi puhdas paikka. Sis\u00e4kissa tarvitsee tarpeidentekoa varten hiekkalaatikon \u2013 tai mieluiten useamman. Oikea paikka kotona laatikolle on rauhallisessa paikassa, [&hellip;]\" \/>\n<meta property=\"og:url\" content=\"https:\/\/sey.fi\/kissa\/kissat\/kissan-perushoito\/hyva-hiekkalaatikko-on-riittavan-tilava\/\" \/>\n<meta property=\"og:site_name\" content=\"Kissatieto\" \/>\n<meta property=\"article:modified_time\" content=\"2026-03-27T10:55:13+00:00\" \/>\n<meta property=\"og:image\" content=\"https:\/\/sey.fi\/wp-content\/uploads\/sites\/47\/2019\/12\/dscn1159_ami_bergstrom.jpg\" \/>\n\t<meta property=\"og:image:width\" content=\"410\" \/>\n\t<meta property=\"og:image:height\" content=\"308\" \/>\n\t<meta property=\"og:image:type\" content=\"image\/jpeg\" \/>\n<meta name=\"twitter:card\" content=\"summary_large_image\" \/>\n<meta name=\"twitter:label1\" content=\"Arvioitu lukuaika\" \/>\n\t<meta name=\"twitter:data1\" content=\"3 minuuttia\" \/>\n<script type=\"application\/ld+json\" class=\"yoast-schema-graph\">{\"@context\":\"https:\/\/schema.org\",\"@graph\":[{\"@type\":\"WebPage\",\"@id\":\"https:\/\/sey.fi\/kissa\/kissat\/kissan-perushoito\/hyva-hiekkalaatikko-on-riittavan-tilava\/\",\"url\":\"https:\/\/sey.fi\/kissa\/kissat\/kissan-perushoito\/hyva-hiekkalaatikko-on-riittavan-tilava\/\",\"name\":\"Hyv\u00e4 hiekkalaatikko on riitt\u00e4v\u00e4n tilava - Kissatieto\",\"isPartOf\":{\"@id\":\"https:\/\/sey.fi\/kissa\/#website\"},\"primaryImageOfPage\":{\"@id\":\"https:\/\/sey.fi\/kissa\/kissat\/kissan-perushoito\/hyva-hiekkalaatikko-on-riittavan-tilava\/#primaryimage\"},\"image\":{\"@id\":\"https:\/\/sey.fi\/kissa\/kissat\/kissan-perushoito\/hyva-hiekkalaatikko-on-riittavan-tilava\/#primaryimage\"},\"thumbnailUrl\":\"https:\/\/sey.fi\/wp-content\/uploads\/sites\/47\/2019\/12\/dscn1159_ami_bergstrom.jpg\",\"datePublished\":\"2019-12-09T12:43:13+00:00\",\"dateModified\":\"2026-03-27T10:55:13+00:00\",\"breadcrumb\":{\"@id\":\"https:\/\/sey.fi\/kissa\/kissat\/kissan-perushoito\/hyva-hiekkalaatikko-on-riittavan-tilava\/#breadcrumb\"},\"inLanguage\":\"fi\",\"potentialAction\":[{\"@type\":\"ReadAction\",\"target\":[\"https:\/\/sey.fi\/kissa\/kissat\/kissan-perushoito\/hyva-hiekkalaatikko-on-riittavan-tilava\/\"]}]},{\"@type\":\"ImageObject\",\"inLanguage\":\"fi\",\"@id\":\"https:\/\/sey.fi\/kissa\/kissat\/kissan-perushoito\/hyva-hiekkalaatikko-on-riittavan-tilava\/#primaryimage\",\"url\":\"https:\/\/sey.fi\/wp-content\/uploads\/sites\/47\/2019\/12\/dscn1159_ami_bergstrom.jpg\",\"contentUrl\":\"https:\/\/sey.fi\/wp-content\/uploads\/sites\/47\/2019\/12\/dscn1159_ami_bergstrom.jpg\",\"width\":410,\"height\":308},{\"@type\":\"BreadcrumbList\",\"@id\":\"https:\/\/sey.fi\/kissa\/kissat\/kissan-perushoito\/hyva-hiekkalaatikko-on-riittavan-tilava\/#breadcrumb\",\"itemListElement\":[{\"@type\":\"ListItem\",\"position\":1,\"name\":\"Home\",\"item\":\"https:\/\/sey.fi\/kissa\/\"},{\"@type\":\"ListItem\",\"position\":2,\"name\":\"Kissatieto\",\"item\":\"https:\/\/sey.fi\/kissa\/\"},{\"@type\":\"ListItem\",\"position\":3,\"name\":\"Kissan perushoito\",\"item\":\"https:\/\/sey.fi\/kissa\/kissat\/kissan-perushoito\/\"},{\"@type\":\"ListItem\",\"position\":4,\"name\":\"Hyv\u00e4 hiekkalaatikko on riitt\u00e4v\u00e4n tilava\"}]},{\"@type\":\"WebSite\",\"@id\":\"https:\/\/sey.fi\/kissa\/#website\",\"url\":\"https:\/\/sey.fi\/kissa\/\",\"name\":\"Kissatieto\",\"description\":\"Uusi SEY J\u00e4senyhdistykset -sivusto\",\"potentialAction\":[{\"@type\":\"SearchAction\",\"target\":{\"@type\":\"EntryPoint\",\"urlTemplate\":\"https:\/\/sey.fi\/kissa\/?s={search_term_string}\"},\"query-input\":{\"@type\":\"PropertyValueSpecification\",\"valueRequired\":true,\"valueName\":\"search_term_string\"}}],\"inLanguage\":\"fi\"}]}<\/script>\n<!-- \/ Yoast SEO plugin. -->","yoast_head_json":{"title":"Hyv\u00e4 hiekkalaatikko on riitt\u00e4v\u00e4n tilava - Kissatieto","robots":{"index":"index","follow":"follow","max-snippet":"max-snippet:-1","max-image-preview":"max-image-preview:large","max-video-preview":"max-video-preview:-1"},"canonical":"https:\/\/sey.fi\/kissa\/kissat\/kissan-perushoito\/hyva-hiekkalaatikko-on-riittavan-tilava\/","og_locale":"fi_FI","og_type":"article","og_title":"Hyv\u00e4 hiekkalaatikko on riitt\u00e4v\u00e4n tilava - Kissatieto","og_description":"Kuva: Ami Bergstr\u00f6m Luonnossa tarpeensa tekev\u00e4 kissa valitsee paikan, jossa on runsaasti pehme\u00e4\u00e4, hienojakoista multaa tai hiekkaa. Kissa on siisti el\u00e4in. Se ei v\u00e4ltt\u00e4m\u00e4tt\u00e4 tee tarpeitaan kahta kertaa samaan paikkaan \u2013 onhan ulkona varaa valita aina uusi puhdas paikka. Sis\u00e4kissa tarvitsee tarpeidentekoa varten hiekkalaatikon \u2013 tai mieluiten useamman. Oikea paikka kotona laatikolle on rauhallisessa paikassa, [&hellip;]","og_url":"https:\/\/sey.fi\/kissa\/kissat\/kissan-perushoito\/hyva-hiekkalaatikko-on-riittavan-tilava\/","og_site_name":"Kissatieto","article_modified_time":"2026-03-27T10:55:13+00:00","og_image":[{"width":410,"height":308,"url":"https:\/\/sey.fi\/wp-content\/uploads\/sites\/47\/2019\/12\/dscn1159_ami_bergstrom.jpg","type":"image\/jpeg"}],"twitter_card":"summary_large_image","twitter_misc":{"Arvioitu lukuaika":"3 minuuttia"},"schema":{"@context":"https:\/\/schema.org","@graph":[{"@type":"WebPage","@id":"https:\/\/sey.fi\/kissa\/kissat\/kissan-perushoito\/hyva-hiekkalaatikko-on-riittavan-tilava\/","url":"https:\/\/sey.fi\/kissa\/kissat\/kissan-perushoito\/hyva-hiekkalaatikko-on-riittavan-tilava\/","name":"Hyv\u00e4 hiekkalaatikko on riitt\u00e4v\u00e4n tilava - Kissatieto","isPartOf":{"@id":"https:\/\/sey.fi\/kissa\/#website"},"primaryImageOfPage":{"@id":"https:\/\/sey.fi\/kissa\/kissat\/kissan-perushoito\/hyva-hiekkalaatikko-on-riittavan-tilava\/#primaryimage"},"image":{"@id":"https:\/\/sey.fi\/kissa\/kissat\/kissan-perushoito\/hyva-hiekkalaatikko-on-riittavan-tilava\/#primaryimage"},"thumbnailUrl":"https:\/\/sey.fi\/wp-content\/uploads\/sites\/47\/2019\/12\/dscn1159_ami_bergstrom.jpg","datePublished":"2019-12-09T12:43:13+00:00","dateModified":"2026-03-27T10:55:13+00:00","breadcrumb":{"@id":"https:\/\/sey.fi\/kissa\/kissat\/kissan-perushoito\/hyva-hiekkalaatikko-on-riittavan-tilava\/#breadcrumb"},"inLanguage":"fi","potentialAction":[{"@type":"ReadAction","target":["https:\/\/sey.fi\/kissa\/kissat\/kissan-perushoito\/hyva-hiekkalaatikko-on-riittavan-tilava\/"]}]},{"@type":"ImageObject","inLanguage":"fi","@id":"https:\/\/sey.fi\/kissa\/kissat\/kissan-perushoito\/hyva-hiekkalaatikko-on-riittavan-tilava\/#primaryimage","url":"https:\/\/sey.fi\/wp-content\/uploads\/sites\/47\/2019\/12\/dscn1159_ami_bergstrom.jpg","contentUrl":"https:\/\/sey.fi\/wp-content\/uploads\/sites\/47\/2019\/12\/dscn1159_ami_bergstrom.jpg","width":410,"height":308},{"@type":"BreadcrumbList","@id":"https:\/\/sey.fi\/kissa\/kissat\/kissan-perushoito\/hyva-hiekkalaatikko-on-riittavan-tilava\/#breadcrumb","itemListElement":[{"@type":"ListItem","position":1,"name":"Home","item":"https:\/\/sey.fi\/kissa\/"},{"@type":"ListItem","position":2,"name":"Kissatieto","item":"https:\/\/sey.fi\/kissa\/"},{"@type":"ListItem","position":3,"name":"Kissan perushoito","item":"https:\/\/sey.fi\/kissa\/kissat\/kissan-perushoito\/"},{"@type":"ListItem","position":4,"name":"Hyv\u00e4 hiekkalaatikko on riitt\u00e4v\u00e4n tilava"}]},{"@type":"WebSite","@id":"https:\/\/sey.fi\/kissa\/#website","url":"https:\/\/sey.fi\/kissa\/","name":"Kissatieto","description":"Uusi SEY J\u00e4senyhdistykset -sivusto","potentialAction":[{"@type":"SearchAction","target":{"@type":"EntryPoint","urlTemplate":"https:\/\/sey.fi\/kissa\/?s={search_term_string}"},"query-input":{"@type":"PropertyValueSpecification","valueRequired":true,"valueName":"search_term_string"}}],"inLanguage":"fi"}]}},"_links":{"self":[{"href":"https:\/\/sey.fi\/kissa\/wp-json\/wp\/v2\/pages\/124","targetHints":{"allow":["GET"]}}],"collection":[{"href":"https:\/\/sey.fi\/kissa\/wp-json\/wp\/v2\/pages"}],"about":[{"href":"https:\/\/sey.fi\/kissa\/wp-json\/wp\/v2\/types\/page"}],"author":[{"embeddable":true,"href":"https:\/\/sey.fi\/kissa\/wp-json\/wp\/v2\/users\/8"}],"replies":[{"embeddable":true,"href":"https:\/\/sey.fi\/kissa\/wp-json\/wp\/v2\/comments?post=124"}],"version-history":[{"count":3,"href":"https:\/\/sey.fi\/kissa\/wp-json\/wp\/v2\/pages\/124\/revisions"}],"predecessor-version":[{"id":728,"href":"https:\/\/sey.fi\/kissa\/wp-json\/wp\/v2\/pages\/124\/revisions\/728"}],"up":[{"embeddable":true,"href":"https:\/\/sey.fi\/kissa\/wp-json\/wp\/v2\/pages\/103"}],"wp:featuredmedia":[{"embeddable":true,"href":"https:\/\/sey.fi\/kissa\/wp-json\/wp\/v2\/media\/125"}],"wp:attachment":[{"href":"https:\/\/sey.fi\/kissa\/wp-json\/wp\/v2\/media?parent=124"}],"curies":[{"name":"wp","href":"https:\/\/api.w.org\/{rel}","templated":true}]}}