{"id":133,"date":"2019-12-09T14:49:30","date_gmt":"2019-12-09T12:49:30","guid":{"rendered":"http:\/\/srvr10.xetpoint.com\/~seyfi\/kissatieto\/?page_id=133"},"modified":"2026-02-25T04:21:10","modified_gmt":"2026-02-25T02:21:10","slug":"rokotukset","status":"publish","type":"page","link":"https:\/\/sey.fi\/kissa\/kissat\/kissan-perushoito\/rokotukset\/","title":{"rendered":"Rokotukset"},"content":{"rendered":"\n<p>Kissoilla on tarttuvia virustauteja, joita vastaan ne on syyt\u00e4 \nrokottaa. My\u00f6s sis\u00e4kissat tarvitsevat rokotukset. Osa viruksista on \nsitkeit\u00e4 ja selvi\u00e4\u00e4 ymp\u00e4rist\u00f6ss\u00e4 pitk\u00e4\u00e4n. Ihminen voi tuoda kotiin \ntullessaan viruksen kotiin esimerkiksi kenkiens\u00e4 pohjissa. N\u00e4in kissa \nvoi sairastua, vaikka ei kotipiirin ulkopuolella liikkuisikaan.<\/p>\n\n\n\n<p>Pikkupentu saa vasta-aineita emon maidon mukana. Ensimm\u00e4isen rokotuksen pentu saa yleens\u00e4 jo ennen luovutusik\u00e4\u00e4 8\u201312-viikkoisena. Rokotus tehostetaan noin kuukauden kuluttua ensimm\u00e4isest\u00e4 rokotuksesta. Sen j\u00e4lkeen rokotus t\u00e4ytyy uusia 1\u20133 vuoden v\u00e4lein. Uusinnan tiheys riippuu siit\u00e4, mit\u00e4 valmistetta el\u00e4inl\u00e4\u00e4k\u00e4ri k\u00e4ytt\u00e4\u00e4. Uusinnan ajankohdan el\u00e4inl\u00e4\u00e4k\u00e4ri kirjoittaa kissan rokotuskorttiin tai passiin.<\/p>\n\n\n\n<p>Kotikissa saa tavallisesti rokotteet kissaruttoa ja kissaflunssia vastaan. N\u00e4yttelykissa tai perheens\u00e4 kanssa matkusteleva kissa voidaan lis\u00e4ksi rokottaa rabiesta eli raivotautia vastaan.<\/p>\n\n\n\n<p><strong>Kissarutto<\/strong> on vakava virustauti, johon ei ole \nolemassa l\u00e4\u00e4kett\u00e4 tai hoitoa. Taudin oireita ovat voimakas oksentelu, \nripulointi ja kuume. Virus on aggressiivinen ja johtaa useimmiten kissan\n kuolemaan. Lis\u00e4ksi virus on eritt\u00e4in sitke\u00e4 ja s\u00e4ilyy hengiss\u00e4 ja \ntartuttamiskykyisen\u00e4 ymp\u00e4rist\u00f6ss\u00e4 jopa vuoden. Ihminen voi siis \ntiet\u00e4m\u00e4tt\u00e4\u00e4n tuoda taudin kotiin.<\/p>\n\n\n\n<p><strong>Kissaflunssat<\/strong> ovat virusten aiheuttamia flunssankaltaisia tauteja. Ne ovat kuitenkin ihmisten flunssia vakavampia sairauksia. Eri virukset aiheuttavat hieman erilaisia oireita: vuotoa silmist\u00e4 ja sieraimista, kuumetta, silm\u00e4tulehdusta, rakkuloita suun limakalvoille ja jopa keuhkokuumetta. Virukset levi\u00e4v\u00e4t pisaratartuntana ja esimerkiksi pesem\u00e4tt\u00f6mien ruoka- ja juoma-astioiden kautta.<\/p>\n\n\n\n<p>Kissan flunssavirustartunnasta tekee hankalan se, ett\u00e4 virus saattaa j\u00e4\u00e4d\u00e4 piilem\u00e4\u00e4n kissan elimist\u00f6\u00f6n ja aktivoitua esimerkiksi stressin seurauksena uudelleen. Silloin se my\u00f6s tartuttaa virusta edelleen.<\/p>\n\n\n\n<p>Vaikka rokotus ei anna t\u00e4ydellist\u00e4 suojaa flunssaviruksia vastaan, \nrokotetut kissat sairastuvat yleens\u00e4 lievemmin kuin rokottamattomat. Jos\n perheess\u00e4 on useita kissoja, tai jos kissa k\u00e4y n\u00e4yttelyiss\u00e4 tai \nlomahoidossa lemmikkihoitolassa, on flunssarokotuskin syyt\u00e4 pit\u00e4\u00e4 \nvoimassa. Flunssarokotus on uusittava vuosittain.<\/p>\n\n\n\n<p><strong>Rabies eli raivotauti<\/strong> on vakava virustauti, joka  johtaa kuolemaan. Rabies voi tarttua my\u00f6s ihmiseen. Suomessa  rabiestartunnan todenn\u00e4k\u00f6isyys on hyvin pieni. Suomi on rabiesvapaa maa,  eik\u00e4 tautia ole t\u00e4\u00e4ll\u00e4 luonnonel\u00e4imiss\u00e4. Ven\u00e4j\u00e4ll\u00e4 ja Baltian maissa  tautia kuitenkin tavataan my\u00f6s luonnonvaraisissa el\u00e4imiss\u00e4, joten rajan  pinnassa ulkoilevalle kissalle rokotus voi olla tarpeen. My\u00f6s ulkomailla  matkustavien kissojen rabiesrokotus tulee olla voimassa.<\/p>\n","protected":false},"excerpt":{"rendered":"<p>Kissoilla on tarttuvia virustauteja, joita vastaan ne on syyt\u00e4 rokottaa. My\u00f6s sis\u00e4kissat tarvitsevat rokotukset. Osa viruksista on sitkeit\u00e4 ja selvi\u00e4\u00e4 ymp\u00e4rist\u00f6ss\u00e4 pitk\u00e4\u00e4n. Ihminen voi tuoda kotiin tullessaan viruksen kotiin esimerkiksi kenkiens\u00e4 pohjissa. N\u00e4in kissa voi sairastua, vaikka ei kotipiirin ulkopuolella liikkuisikaan. Pikkupentu saa vasta-aineita emon maidon mukana. Ensimm\u00e4isen rokotuksen pentu saa yleens\u00e4 jo ennen luovutusik\u00e4\u00e4 [&hellip;]<\/p>\n","protected":false},"author":8,"featured_media":579,"parent":103,"menu_order":0,"comment_status":"closed","ping_status":"closed","template":"","meta":{"_acf_changed":false,"footnotes":""},"class_list":["post-133","page","type-page","status-publish","has-post-thumbnail","hentry"],"acf":[],"yoast_head":"<!-- This site is optimized with the Yoast SEO plugin v27.1.1 - https:\/\/yoast.com\/product\/yoast-seo-wordpress\/ -->\n<title>Rokotukset - Kissatieto<\/title>\n<meta name=\"robots\" content=\"index, follow, max-snippet:-1, max-image-preview:large, max-video-preview:-1\" \/>\n<link rel=\"canonical\" href=\"https:\/\/sey.fi\/kissa\/kissat\/kissan-perushoito\/rokotukset\/\" \/>\n<meta property=\"og:locale\" content=\"fi_FI\" \/>\n<meta property=\"og:type\" content=\"article\" \/>\n<meta property=\"og:title\" content=\"Rokotukset - Kissatieto\" \/>\n<meta property=\"og:description\" content=\"Kissoilla on tarttuvia virustauteja, joita vastaan ne on syyt\u00e4 rokottaa. My\u00f6s sis\u00e4kissat tarvitsevat rokotukset. Osa viruksista on sitkeit\u00e4 ja selvi\u00e4\u00e4 ymp\u00e4rist\u00f6ss\u00e4 pitk\u00e4\u00e4n. Ihminen voi tuoda kotiin tullessaan viruksen kotiin esimerkiksi kenkiens\u00e4 pohjissa. N\u00e4in kissa voi sairastua, vaikka ei kotipiirin ulkopuolella liikkuisikaan. Pikkupentu saa vasta-aineita emon maidon mukana. Ensimm\u00e4isen rokotuksen pentu saa yleens\u00e4 jo ennen luovutusik\u00e4\u00e4 [&hellip;]\" \/>\n<meta property=\"og:url\" content=\"https:\/\/sey.fi\/kissa\/kissat\/kissan-perushoito\/rokotukset\/\" \/>\n<meta property=\"og:site_name\" content=\"Kissatieto\" \/>\n<meta property=\"article:modified_time\" content=\"2026-02-25T02:21:10+00:00\" \/>\n<meta property=\"og:image\" content=\"https:\/\/sey.fi\/wp-content\/uploads\/sites\/47\/2026\/02\/raidallinen-kissa.jpg\" \/>\n\t<meta property=\"og:image:width\" content=\"1920\" \/>\n\t<meta property=\"og:image:height\" content=\"960\" \/>\n\t<meta property=\"og:image:type\" content=\"image\/jpeg\" \/>\n<meta name=\"twitter:card\" content=\"summary_large_image\" \/>\n<meta name=\"twitter:label1\" content=\"Arvioitu lukuaika\" \/>\n\t<meta name=\"twitter:data1\" content=\"3 minuuttia\" \/>\n<script type=\"application\/ld+json\" class=\"yoast-schema-graph\">{\"@context\":\"https:\/\/schema.org\",\"@graph\":[{\"@type\":\"WebPage\",\"@id\":\"https:\/\/sey.fi\/kissa\/kissat\/kissan-perushoito\/rokotukset\/\",\"url\":\"https:\/\/sey.fi\/kissa\/kissat\/kissan-perushoito\/rokotukset\/\",\"name\":\"Rokotukset - Kissatieto\",\"isPartOf\":{\"@id\":\"https:\/\/sey.fi\/kissa\/#website\"},\"primaryImageOfPage\":{\"@id\":\"https:\/\/sey.fi\/kissa\/kissat\/kissan-perushoito\/rokotukset\/#primaryimage\"},\"image\":{\"@id\":\"https:\/\/sey.fi\/kissa\/kissat\/kissan-perushoito\/rokotukset\/#primaryimage\"},\"thumbnailUrl\":\"https:\/\/sey.fi\/wp-content\/uploads\/sites\/47\/2026\/02\/raidallinen-kissa.jpg\",\"datePublished\":\"2019-12-09T12:49:30+00:00\",\"dateModified\":\"2026-02-25T02:21:10+00:00\",\"breadcrumb\":{\"@id\":\"https:\/\/sey.fi\/kissa\/kissat\/kissan-perushoito\/rokotukset\/#breadcrumb\"},\"inLanguage\":\"fi\",\"potentialAction\":[{\"@type\":\"ReadAction\",\"target\":[\"https:\/\/sey.fi\/kissa\/kissat\/kissan-perushoito\/rokotukset\/\"]}]},{\"@type\":\"ImageObject\",\"inLanguage\":\"fi\",\"@id\":\"https:\/\/sey.fi\/kissa\/kissat\/kissan-perushoito\/rokotukset\/#primaryimage\",\"url\":\"https:\/\/sey.fi\/wp-content\/uploads\/sites\/47\/2026\/02\/raidallinen-kissa.jpg\",\"contentUrl\":\"https:\/\/sey.fi\/wp-content\/uploads\/sites\/47\/2026\/02\/raidallinen-kissa.jpg\",\"width\":1920,\"height\":960,\"caption\":\"raidallinen kissa nostettuna\"},{\"@type\":\"BreadcrumbList\",\"@id\":\"https:\/\/sey.fi\/kissa\/kissat\/kissan-perushoito\/rokotukset\/#breadcrumb\",\"itemListElement\":[{\"@type\":\"ListItem\",\"position\":1,\"name\":\"Home\",\"item\":\"https:\/\/sey.fi\/kissa\/\"},{\"@type\":\"ListItem\",\"position\":2,\"name\":\"Kissatieto\",\"item\":\"https:\/\/sey.fi\/kissa\/\"},{\"@type\":\"ListItem\",\"position\":3,\"name\":\"Kissan perushoito\",\"item\":\"https:\/\/sey.fi\/kissa\/kissat\/kissan-perushoito\/\"},{\"@type\":\"ListItem\",\"position\":4,\"name\":\"Rokotukset\"}]},{\"@type\":\"WebSite\",\"@id\":\"https:\/\/sey.fi\/kissa\/#website\",\"url\":\"https:\/\/sey.fi\/kissa\/\",\"name\":\"Kissatieto\",\"description\":\"Uusi SEY J\u00e4senyhdistykset -sivusto\",\"potentialAction\":[{\"@type\":\"SearchAction\",\"target\":{\"@type\":\"EntryPoint\",\"urlTemplate\":\"https:\/\/sey.fi\/kissa\/?s={search_term_string}\"},\"query-input\":{\"@type\":\"PropertyValueSpecification\",\"valueRequired\":true,\"valueName\":\"search_term_string\"}}],\"inLanguage\":\"fi\"}]}<\/script>\n<!-- \/ Yoast SEO plugin. -->","yoast_head_json":{"title":"Rokotukset - Kissatieto","robots":{"index":"index","follow":"follow","max-snippet":"max-snippet:-1","max-image-preview":"max-image-preview:large","max-video-preview":"max-video-preview:-1"},"canonical":"https:\/\/sey.fi\/kissa\/kissat\/kissan-perushoito\/rokotukset\/","og_locale":"fi_FI","og_type":"article","og_title":"Rokotukset - Kissatieto","og_description":"Kissoilla on tarttuvia virustauteja, joita vastaan ne on syyt\u00e4 rokottaa. My\u00f6s sis\u00e4kissat tarvitsevat rokotukset. Osa viruksista on sitkeit\u00e4 ja selvi\u00e4\u00e4 ymp\u00e4rist\u00f6ss\u00e4 pitk\u00e4\u00e4n. Ihminen voi tuoda kotiin tullessaan viruksen kotiin esimerkiksi kenkiens\u00e4 pohjissa. N\u00e4in kissa voi sairastua, vaikka ei kotipiirin ulkopuolella liikkuisikaan. Pikkupentu saa vasta-aineita emon maidon mukana. Ensimm\u00e4isen rokotuksen pentu saa yleens\u00e4 jo ennen luovutusik\u00e4\u00e4 [&hellip;]","og_url":"https:\/\/sey.fi\/kissa\/kissat\/kissan-perushoito\/rokotukset\/","og_site_name":"Kissatieto","article_modified_time":"2026-02-25T02:21:10+00:00","og_image":[{"width":1920,"height":960,"url":"https:\/\/sey.fi\/wp-content\/uploads\/sites\/47\/2026\/02\/raidallinen-kissa.jpg","type":"image\/jpeg"}],"twitter_card":"summary_large_image","twitter_misc":{"Arvioitu lukuaika":"3 minuuttia"},"schema":{"@context":"https:\/\/schema.org","@graph":[{"@type":"WebPage","@id":"https:\/\/sey.fi\/kissa\/kissat\/kissan-perushoito\/rokotukset\/","url":"https:\/\/sey.fi\/kissa\/kissat\/kissan-perushoito\/rokotukset\/","name":"Rokotukset - Kissatieto","isPartOf":{"@id":"https:\/\/sey.fi\/kissa\/#website"},"primaryImageOfPage":{"@id":"https:\/\/sey.fi\/kissa\/kissat\/kissan-perushoito\/rokotukset\/#primaryimage"},"image":{"@id":"https:\/\/sey.fi\/kissa\/kissat\/kissan-perushoito\/rokotukset\/#primaryimage"},"thumbnailUrl":"https:\/\/sey.fi\/wp-content\/uploads\/sites\/47\/2026\/02\/raidallinen-kissa.jpg","datePublished":"2019-12-09T12:49:30+00:00","dateModified":"2026-02-25T02:21:10+00:00","breadcrumb":{"@id":"https:\/\/sey.fi\/kissa\/kissat\/kissan-perushoito\/rokotukset\/#breadcrumb"},"inLanguage":"fi","potentialAction":[{"@type":"ReadAction","target":["https:\/\/sey.fi\/kissa\/kissat\/kissan-perushoito\/rokotukset\/"]}]},{"@type":"ImageObject","inLanguage":"fi","@id":"https:\/\/sey.fi\/kissa\/kissat\/kissan-perushoito\/rokotukset\/#primaryimage","url":"https:\/\/sey.fi\/wp-content\/uploads\/sites\/47\/2026\/02\/raidallinen-kissa.jpg","contentUrl":"https:\/\/sey.fi\/wp-content\/uploads\/sites\/47\/2026\/02\/raidallinen-kissa.jpg","width":1920,"height":960,"caption":"raidallinen kissa nostettuna"},{"@type":"BreadcrumbList","@id":"https:\/\/sey.fi\/kissa\/kissat\/kissan-perushoito\/rokotukset\/#breadcrumb","itemListElement":[{"@type":"ListItem","position":1,"name":"Home","item":"https:\/\/sey.fi\/kissa\/"},{"@type":"ListItem","position":2,"name":"Kissatieto","item":"https:\/\/sey.fi\/kissa\/"},{"@type":"ListItem","position":3,"name":"Kissan perushoito","item":"https:\/\/sey.fi\/kissa\/kissat\/kissan-perushoito\/"},{"@type":"ListItem","position":4,"name":"Rokotukset"}]},{"@type":"WebSite","@id":"https:\/\/sey.fi\/kissa\/#website","url":"https:\/\/sey.fi\/kissa\/","name":"Kissatieto","description":"Uusi SEY J\u00e4senyhdistykset -sivusto","potentialAction":[{"@type":"SearchAction","target":{"@type":"EntryPoint","urlTemplate":"https:\/\/sey.fi\/kissa\/?s={search_term_string}"},"query-input":{"@type":"PropertyValueSpecification","valueRequired":true,"valueName":"search_term_string"}}],"inLanguage":"fi"}]}},"_links":{"self":[{"href":"https:\/\/sey.fi\/kissa\/wp-json\/wp\/v2\/pages\/133","targetHints":{"allow":["GET"]}}],"collection":[{"href":"https:\/\/sey.fi\/kissa\/wp-json\/wp\/v2\/pages"}],"about":[{"href":"https:\/\/sey.fi\/kissa\/wp-json\/wp\/v2\/types\/page"}],"author":[{"embeddable":true,"href":"https:\/\/sey.fi\/kissa\/wp-json\/wp\/v2\/users\/8"}],"replies":[{"embeddable":true,"href":"https:\/\/sey.fi\/kissa\/wp-json\/wp\/v2\/comments?post=133"}],"version-history":[{"count":2,"href":"https:\/\/sey.fi\/kissa\/wp-json\/wp\/v2\/pages\/133\/revisions"}],"predecessor-version":[{"id":577,"href":"https:\/\/sey.fi\/kissa\/wp-json\/wp\/v2\/pages\/133\/revisions\/577"}],"up":[{"embeddable":true,"href":"https:\/\/sey.fi\/kissa\/wp-json\/wp\/v2\/pages\/103"}],"wp:featuredmedia":[{"embeddable":true,"href":"https:\/\/sey.fi\/kissa\/wp-json\/wp\/v2\/media\/579"}],"wp:attachment":[{"href":"https:\/\/sey.fi\/kissa\/wp-json\/wp\/v2\/media?parent=133"}],"curies":[{"name":"wp","href":"https:\/\/api.w.org\/{rel}","templated":true}]}}