{"id":139,"date":"2019-12-09T14:52:32","date_gmt":"2019-12-09T12:52:32","guid":{"rendered":"http:\/\/srvr10.xetpoint.com\/~seyfi\/kissatieto\/?page_id=139"},"modified":"2026-02-25T16:23:33","modified_gmt":"2026-02-25T14:23:33","slug":"kun-kissa-sairastuu-sairauden-oireet","status":"publish","type":"page","link":"https:\/\/sey.fi\/kissa\/kissat\/kissan-perushoito\/kun-kissa-sairastuu-sairauden-oireet\/","title":{"rendered":"Kun kissa sairastuu &#8211; sairauden oireet"},"content":{"rendered":"\n<p class=\"has-text-align-right has-small-font-size\"><em>Kuva: Hanna K. Heikkil\u00e4<\/em><\/p>\n\n\n\n<p>Omistaja on lemmikkins\u00e4 paras tulkki. Kissa kuitenkin pyrkii \nsalaamaan sairauden oireet mahdollisimman pitk\u00e4\u00e4n my\u00f6s omalta \nperheelt\u00e4\u00e4n. T\u00e4st\u00e4 on ollut aikanaan hy\u00f6ty\u00e4, sill\u00e4 luonnossa petoel\u00e4imet\n valitsevat mielell\u00e4\u00e4n saaliikseen muita heikommat yksil\u00f6t. Omistajan on\n siis syyt\u00e4 tarkkailla kissaansa huolellisesti ja k\u00e4yd\u00e4 s\u00e4\u00e4nn\u00f6llisesti \nl\u00e4pi sen koko keho muutosten tai kipeiden paikkojen varalta. My\u00f6s suun \nkunto on syyt\u00e4 tarkastaa hammaskiven tai ientulehduksen varalta.<\/p>\n\n\n\n<h2 class=\"wp-block-heading\">Oksentelu<\/h2>\n\n\n\n<p>Kissat puhdistavat itse\u00e4\u00e4n nuolemalla ja samalla vatsaan p\u00e4\u00e4tyy irtokarvaa. Normaalitilanteessa karva kulkeutuu ongelmitta suoliston l\u00e4pi. Erityisen runsaan karvanl\u00e4hd\u00f6n aikaan kissa saattaa oksentaa satunnaisesti nielty\u00e4 karvaa, mutta s\u00e4\u00e4nn\u00f6llisen karvojen oksentelun syyt\u00e4 kannattaa selvitell\u00e4 el\u00e4inl\u00e4\u00e4k\u00e4rin kanssa Etenkin runsaimman karvanl\u00e4hd\u00f6n aikaan kissan s\u00e4\u00e4nn\u00f6llinen harjaaminen v\u00e4hent\u00e4\u00e4 karvan joutumista vatsaan.<\/p>\n\n\n\n<p>Oksentelu voi kuitenkin olla my\u00f6s oire sairaudesta. Mik\u00e4li pahoinvointiin liittyy muita oireita, se kest\u00e4\u00e4 pitk\u00e4\u00e4n tai kissa on voimaton, on syyt\u00e4 k\u00e4\u00e4nty\u00e4 el\u00e4inl\u00e4\u00e4k\u00e4rin puoleen. My\u00f6s lievemm\u00e4n mutta s\u00e4\u00e4nn\u00f6llisen, esimerkiksi viikoittaisen oksentelun syy tulee selvitt\u00e4\u00e4.<\/p>\n\n\n\n<h2 class=\"wp-block-heading\">Ripuli<\/h2>\n\n\n\n<p>Kissan ripulointi ei j\u00e4\u00e4 sis\u00e4kissan omistajalta huomaamatta. L\u00f6ys\u00e4 vatsa voi johtua esimerkiksi loisista, ep\u00e4sopivasta ruuasta, stressist\u00e4 tai suolistomikrobiston ep\u00e4tasapainosta, mutta my\u00f6s vakavammista sairauksista. Jos ripuli jatkuu pitk\u00e4\u00e4n tai on toistuvaa, on el\u00e4inl\u00e4\u00e4k\u00e4rin apu tarpeen.<\/p>\n\n\n\n<h2 class=\"wp-block-heading\">Sy\u00f6m\u00e4tt\u00f6myys<\/h2>\n\n\n\n<p>Toisinaan kissan sairastuminen n\u00e4kyy vain v\u00e4symisen\u00e4 tai sy\u00f6m\u00e4tt\u00f6myyten\u00e4. T\u00e4ydellinen sy\u00f6m\u00e4tt\u00f6myys on kissalle vaarallista. Jo parinkin p\u00e4iv\u00e4n sy\u00f6m\u00e4tt\u00f6myys voi johtaa rasvamaksaksi kutsuttuun tilaan, joka voi koitua kissalle kohtalokkaaksi. Sy\u00f6m\u00e4tt\u00f6myyden syy pit\u00e4\u00e4 selvitt\u00e4\u00e4 el\u00e4inl\u00e4\u00e4k\u00e4rill\u00e4 siis pikaisesti.<\/p>\n\n\n\n<h2 class=\"wp-block-heading\">Silm\u00e4t ja korvat<\/h2>\n\n\n\n<p>Terveen kissan silm\u00e4t ja korvat ovat siistit, eik\u00e4 niiss\u00e4 n\u00e4y eritteit\u00e4. Sairaan kissan silm\u00e4n sis\u00e4nurkasta voi n\u00e4ky\u00e4 vilkkuluomeksi kutsuttu kolmas luomi.<\/p>\n\n\n\n<h2 class=\"wp-block-heading\">K\u00e4ytt\u00e4ytymisen muutokset<\/h2>\n\n\n\n<p>Kissan sairastuminen voi n\u00e4ky\u00e4 my\u00f6s muutoksena k\u00e4ytt\u00e4ytymisess\u00e4. Kissa voi muuttua syrj\u00e4\u00e4nvet\u00e4ytyv\u00e4ksi tai tavallista \u00e4rtyis\u00e4mm\u00e4ksi. Se voi v\u00e4hent\u00e4\u00e4 liikkumistaan tai esimerkiksi hypp\u00e4\u00e4mist\u00e4 korkeampiin paikkoihin, joihin se on ennen vaivatta p\u00e4\u00e4ssyt. My\u00f6s hiekkalaatikkok\u00e4ytt\u00e4ytymist\u00e4 kannattaa tarkkailla. Tarpeiden tekeminen laatikon ulkopuolelle voi olla sairauden oire. Sairastumisesta voi kertoa my\u00f6s pissapaakkujen kutistuminen tai kasvaminen. Sairas kissa voi laiminly\u00f6d\u00e4 turkkinsa hoitamisen ja karva voi muuttua kiillottomaksi ja rasvaisen tuntuiseksi. Toisaalta kissa voi nuolla kipe\u00e4\u00e4 paikkaa erityisen innokkaasti, mik\u00e4 n\u00e4kyy karvan kulumisena tai jopa kaljuina laikkuina.<\/p>\n\n\n\n<p><\/p>\n","protected":false},"excerpt":{"rendered":"<p>Kuva: Hanna K. Heikkil\u00e4 Omistaja on lemmikkins\u00e4 paras tulkki. Kissa kuitenkin pyrkii salaamaan sairauden oireet mahdollisimman pitk\u00e4\u00e4n my\u00f6s omalta perheelt\u00e4\u00e4n. T\u00e4st\u00e4 on ollut aikanaan hy\u00f6ty\u00e4, sill\u00e4 luonnossa petoel\u00e4imet valitsevat mielell\u00e4\u00e4n saaliikseen muita heikommat yksil\u00f6t. Omistajan on siis syyt\u00e4 tarkkailla kissaansa huolellisesti ja k\u00e4yd\u00e4 s\u00e4\u00e4nn\u00f6llisesti l\u00e4pi sen koko keho muutosten tai kipeiden paikkojen varalta. My\u00f6s suun [&hellip;]<\/p>\n","protected":false},"author":8,"featured_media":140,"parent":103,"menu_order":0,"comment_status":"closed","ping_status":"closed","template":"","meta":{"_acf_changed":false,"footnotes":""},"class_list":["post-139","page","type-page","status-publish","has-post-thumbnail","hentry"],"acf":[],"yoast_head":"<!-- This site is optimized with the Yoast SEO plugin v27.1.1 - https:\/\/yoast.com\/product\/yoast-seo-wordpress\/ -->\n<title>Kun kissa sairastuu - sairauden oireet - Kissatieto<\/title>\n<meta name=\"robots\" content=\"index, follow, max-snippet:-1, max-image-preview:large, max-video-preview:-1\" \/>\n<link rel=\"canonical\" href=\"https:\/\/sey.fi\/kissa\/kissat\/kissan-perushoito\/kun-kissa-sairastuu-sairauden-oireet\/\" \/>\n<meta property=\"og:locale\" content=\"fi_FI\" \/>\n<meta property=\"og:type\" content=\"article\" \/>\n<meta property=\"og:title\" content=\"Kun kissa sairastuu - sairauden oireet - Kissatieto\" \/>\n<meta property=\"og:description\" content=\"Kuva: Hanna K. Heikkil\u00e4 Omistaja on lemmikkins\u00e4 paras tulkki. Kissa kuitenkin pyrkii salaamaan sairauden oireet mahdollisimman pitk\u00e4\u00e4n my\u00f6s omalta perheelt\u00e4\u00e4n. T\u00e4st\u00e4 on ollut aikanaan hy\u00f6ty\u00e4, sill\u00e4 luonnossa petoel\u00e4imet valitsevat mielell\u00e4\u00e4n saaliikseen muita heikommat yksil\u00f6t. Omistajan on siis syyt\u00e4 tarkkailla kissaansa huolellisesti ja k\u00e4yd\u00e4 s\u00e4\u00e4nn\u00f6llisesti l\u00e4pi sen koko keho muutosten tai kipeiden paikkojen varalta. My\u00f6s suun [&hellip;]\" \/>\n<meta property=\"og:url\" content=\"https:\/\/sey.fi\/kissa\/kissat\/kissan-perushoito\/kun-kissa-sairastuu-sairauden-oireet\/\" \/>\n<meta property=\"og:site_name\" content=\"Kissatieto\" \/>\n<meta property=\"article:modified_time\" content=\"2026-02-25T14:23:33+00:00\" \/>\n<meta property=\"og:image\" content=\"https:\/\/sey.fi\/wp-content\/uploads\/sites\/47\/2019\/12\/lenni_loikoilee_hanna_k._heikkila.jpg\" \/>\n\t<meta property=\"og:image:width\" content=\"410\" \/>\n\t<meta property=\"og:image:height\" content=\"273\" \/>\n\t<meta property=\"og:image:type\" content=\"image\/jpeg\" \/>\n<meta name=\"twitter:card\" content=\"summary_large_image\" \/>\n<meta name=\"twitter:label1\" content=\"Arvioitu lukuaika\" \/>\n\t<meta name=\"twitter:data1\" content=\"3 minuuttia\" \/>\n<script type=\"application\/ld+json\" class=\"yoast-schema-graph\">{\"@context\":\"https:\/\/schema.org\",\"@graph\":[{\"@type\":\"WebPage\",\"@id\":\"https:\/\/sey.fi\/kissa\/kissat\/kissan-perushoito\/kun-kissa-sairastuu-sairauden-oireet\/\",\"url\":\"https:\/\/sey.fi\/kissa\/kissat\/kissan-perushoito\/kun-kissa-sairastuu-sairauden-oireet\/\",\"name\":\"Kun kissa sairastuu - sairauden oireet - Kissatieto\",\"isPartOf\":{\"@id\":\"https:\/\/sey.fi\/kissa\/#website\"},\"primaryImageOfPage\":{\"@id\":\"https:\/\/sey.fi\/kissa\/kissat\/kissan-perushoito\/kun-kissa-sairastuu-sairauden-oireet\/#primaryimage\"},\"image\":{\"@id\":\"https:\/\/sey.fi\/kissa\/kissat\/kissan-perushoito\/kun-kissa-sairastuu-sairauden-oireet\/#primaryimage\"},\"thumbnailUrl\":\"https:\/\/sey.fi\/wp-content\/uploads\/sites\/47\/2019\/12\/lenni_loikoilee_hanna_k._heikkila.jpg\",\"datePublished\":\"2019-12-09T12:52:32+00:00\",\"dateModified\":\"2026-02-25T14:23:33+00:00\",\"breadcrumb\":{\"@id\":\"https:\/\/sey.fi\/kissa\/kissat\/kissan-perushoito\/kun-kissa-sairastuu-sairauden-oireet\/#breadcrumb\"},\"inLanguage\":\"fi\",\"potentialAction\":[{\"@type\":\"ReadAction\",\"target\":[\"https:\/\/sey.fi\/kissa\/kissat\/kissan-perushoito\/kun-kissa-sairastuu-sairauden-oireet\/\"]}]},{\"@type\":\"ImageObject\",\"inLanguage\":\"fi\",\"@id\":\"https:\/\/sey.fi\/kissa\/kissat\/kissan-perushoito\/kun-kissa-sairastuu-sairauden-oireet\/#primaryimage\",\"url\":\"https:\/\/sey.fi\/wp-content\/uploads\/sites\/47\/2019\/12\/lenni_loikoilee_hanna_k._heikkila.jpg\",\"contentUrl\":\"https:\/\/sey.fi\/wp-content\/uploads\/sites\/47\/2019\/12\/lenni_loikoilee_hanna_k._heikkila.jpg\",\"width\":410,\"height\":273},{\"@type\":\"BreadcrumbList\",\"@id\":\"https:\/\/sey.fi\/kissa\/kissat\/kissan-perushoito\/kun-kissa-sairastuu-sairauden-oireet\/#breadcrumb\",\"itemListElement\":[{\"@type\":\"ListItem\",\"position\":1,\"name\":\"Home\",\"item\":\"https:\/\/sey.fi\/kissa\/\"},{\"@type\":\"ListItem\",\"position\":2,\"name\":\"Kissatieto\",\"item\":\"https:\/\/sey.fi\/kissa\/\"},{\"@type\":\"ListItem\",\"position\":3,\"name\":\"Kissan perushoito\",\"item\":\"https:\/\/sey.fi\/kissa\/kissat\/kissan-perushoito\/\"},{\"@type\":\"ListItem\",\"position\":4,\"name\":\"Kun kissa sairastuu &#8211; sairauden oireet\"}]},{\"@type\":\"WebSite\",\"@id\":\"https:\/\/sey.fi\/kissa\/#website\",\"url\":\"https:\/\/sey.fi\/kissa\/\",\"name\":\"Kissatieto\",\"description\":\"Uusi SEY J\u00e4senyhdistykset -sivusto\",\"potentialAction\":[{\"@type\":\"SearchAction\",\"target\":{\"@type\":\"EntryPoint\",\"urlTemplate\":\"https:\/\/sey.fi\/kissa\/?s={search_term_string}\"},\"query-input\":{\"@type\":\"PropertyValueSpecification\",\"valueRequired\":true,\"valueName\":\"search_term_string\"}}],\"inLanguage\":\"fi\"}]}<\/script>\n<!-- \/ Yoast SEO plugin. -->","yoast_head_json":{"title":"Kun kissa sairastuu - sairauden oireet - Kissatieto","robots":{"index":"index","follow":"follow","max-snippet":"max-snippet:-1","max-image-preview":"max-image-preview:large","max-video-preview":"max-video-preview:-1"},"canonical":"https:\/\/sey.fi\/kissa\/kissat\/kissan-perushoito\/kun-kissa-sairastuu-sairauden-oireet\/","og_locale":"fi_FI","og_type":"article","og_title":"Kun kissa sairastuu - sairauden oireet - Kissatieto","og_description":"Kuva: Hanna K. Heikkil\u00e4 Omistaja on lemmikkins\u00e4 paras tulkki. Kissa kuitenkin pyrkii salaamaan sairauden oireet mahdollisimman pitk\u00e4\u00e4n my\u00f6s omalta perheelt\u00e4\u00e4n. T\u00e4st\u00e4 on ollut aikanaan hy\u00f6ty\u00e4, sill\u00e4 luonnossa petoel\u00e4imet valitsevat mielell\u00e4\u00e4n saaliikseen muita heikommat yksil\u00f6t. Omistajan on siis syyt\u00e4 tarkkailla kissaansa huolellisesti ja k\u00e4yd\u00e4 s\u00e4\u00e4nn\u00f6llisesti l\u00e4pi sen koko keho muutosten tai kipeiden paikkojen varalta. My\u00f6s suun [&hellip;]","og_url":"https:\/\/sey.fi\/kissa\/kissat\/kissan-perushoito\/kun-kissa-sairastuu-sairauden-oireet\/","og_site_name":"Kissatieto","article_modified_time":"2026-02-25T14:23:33+00:00","og_image":[{"width":410,"height":273,"url":"https:\/\/sey.fi\/wp-content\/uploads\/sites\/47\/2019\/12\/lenni_loikoilee_hanna_k._heikkila.jpg","type":"image\/jpeg"}],"twitter_card":"summary_large_image","twitter_misc":{"Arvioitu lukuaika":"3 minuuttia"},"schema":{"@context":"https:\/\/schema.org","@graph":[{"@type":"WebPage","@id":"https:\/\/sey.fi\/kissa\/kissat\/kissan-perushoito\/kun-kissa-sairastuu-sairauden-oireet\/","url":"https:\/\/sey.fi\/kissa\/kissat\/kissan-perushoito\/kun-kissa-sairastuu-sairauden-oireet\/","name":"Kun kissa sairastuu - sairauden oireet - Kissatieto","isPartOf":{"@id":"https:\/\/sey.fi\/kissa\/#website"},"primaryImageOfPage":{"@id":"https:\/\/sey.fi\/kissa\/kissat\/kissan-perushoito\/kun-kissa-sairastuu-sairauden-oireet\/#primaryimage"},"image":{"@id":"https:\/\/sey.fi\/kissa\/kissat\/kissan-perushoito\/kun-kissa-sairastuu-sairauden-oireet\/#primaryimage"},"thumbnailUrl":"https:\/\/sey.fi\/wp-content\/uploads\/sites\/47\/2019\/12\/lenni_loikoilee_hanna_k._heikkila.jpg","datePublished":"2019-12-09T12:52:32+00:00","dateModified":"2026-02-25T14:23:33+00:00","breadcrumb":{"@id":"https:\/\/sey.fi\/kissa\/kissat\/kissan-perushoito\/kun-kissa-sairastuu-sairauden-oireet\/#breadcrumb"},"inLanguage":"fi","potentialAction":[{"@type":"ReadAction","target":["https:\/\/sey.fi\/kissa\/kissat\/kissan-perushoito\/kun-kissa-sairastuu-sairauden-oireet\/"]}]},{"@type":"ImageObject","inLanguage":"fi","@id":"https:\/\/sey.fi\/kissa\/kissat\/kissan-perushoito\/kun-kissa-sairastuu-sairauden-oireet\/#primaryimage","url":"https:\/\/sey.fi\/wp-content\/uploads\/sites\/47\/2019\/12\/lenni_loikoilee_hanna_k._heikkila.jpg","contentUrl":"https:\/\/sey.fi\/wp-content\/uploads\/sites\/47\/2019\/12\/lenni_loikoilee_hanna_k._heikkila.jpg","width":410,"height":273},{"@type":"BreadcrumbList","@id":"https:\/\/sey.fi\/kissa\/kissat\/kissan-perushoito\/kun-kissa-sairastuu-sairauden-oireet\/#breadcrumb","itemListElement":[{"@type":"ListItem","position":1,"name":"Home","item":"https:\/\/sey.fi\/kissa\/"},{"@type":"ListItem","position":2,"name":"Kissatieto","item":"https:\/\/sey.fi\/kissa\/"},{"@type":"ListItem","position":3,"name":"Kissan perushoito","item":"https:\/\/sey.fi\/kissa\/kissat\/kissan-perushoito\/"},{"@type":"ListItem","position":4,"name":"Kun kissa sairastuu &#8211; sairauden oireet"}]},{"@type":"WebSite","@id":"https:\/\/sey.fi\/kissa\/#website","url":"https:\/\/sey.fi\/kissa\/","name":"Kissatieto","description":"Uusi SEY J\u00e4senyhdistykset -sivusto","potentialAction":[{"@type":"SearchAction","target":{"@type":"EntryPoint","urlTemplate":"https:\/\/sey.fi\/kissa\/?s={search_term_string}"},"query-input":{"@type":"PropertyValueSpecification","valueRequired":true,"valueName":"search_term_string"}}],"inLanguage":"fi"}]}},"_links":{"self":[{"href":"https:\/\/sey.fi\/kissa\/wp-json\/wp\/v2\/pages\/139","targetHints":{"allow":["GET"]}}],"collection":[{"href":"https:\/\/sey.fi\/kissa\/wp-json\/wp\/v2\/pages"}],"about":[{"href":"https:\/\/sey.fi\/kissa\/wp-json\/wp\/v2\/types\/page"}],"author":[{"embeddable":true,"href":"https:\/\/sey.fi\/kissa\/wp-json\/wp\/v2\/users\/8"}],"replies":[{"embeddable":true,"href":"https:\/\/sey.fi\/kissa\/wp-json\/wp\/v2\/comments?post=139"}],"version-history":[{"count":2,"href":"https:\/\/sey.fi\/kissa\/wp-json\/wp\/v2\/pages\/139\/revisions"}],"predecessor-version":[{"id":585,"href":"https:\/\/sey.fi\/kissa\/wp-json\/wp\/v2\/pages\/139\/revisions\/585"}],"up":[{"embeddable":true,"href":"https:\/\/sey.fi\/kissa\/wp-json\/wp\/v2\/pages\/103"}],"wp:featuredmedia":[{"embeddable":true,"href":"https:\/\/sey.fi\/kissa\/wp-json\/wp\/v2\/media\/140"}],"wp:attachment":[{"href":"https:\/\/sey.fi\/kissa\/wp-json\/wp\/v2\/media?parent=139"}],"curies":[{"name":"wp","href":"https:\/\/api.w.org\/{rel}","templated":true}]}}