{"id":149,"date":"2019-12-09T15:00:05","date_gmt":"2019-12-09T13:00:05","guid":{"rendered":"http:\/\/srvr10.xetpoint.com\/~seyfi\/kissatieto\/?page_id=149"},"modified":"2026-02-25T17:59:07","modified_gmt":"2026-02-25T15:59:07","slug":"saalistusleikit","status":"publish","type":"page","link":"https:\/\/sey.fi\/kissa\/kissan-kayttaytymistarpeet\/saalistusleikit\/","title":{"rendered":"Saalistusleikit"},"content":{"rendered":"\n<p class=\"has-text-align-right has-small-font-size\"><em>Kuva: Hanna K. Heikkil\u00e4<\/em><\/p>\n\n\n\n<p>Saalistaminen on kissalle palkitsevaa puuhaa. Vaikka jokainen saalistusloikka ei p\u00e4\u00e4ttyisik\u00e4\u00e4n onnistuneeseen lopputulokseen, saa kissa jo yrityksest\u00e4 palkinnon, kun aivojen mielihyv\u00e4kemikaalit hyrr\u00e4\u00e4v\u00e4t. Kissan historiassa t\u00e4st\u00e4 sis\u00e4isest\u00e4 palkkiosta on ollut hy\u00f6ty\u00e4. Innokkaimmin saalistusta yritt\u00e4neet ovat my\u00f6s onnistuneet ja jatkaneet sukuaan kaikkein tehokkaimmin.<\/p>\n\n\n\n<p>My\u00f6s keinotekoisen saaliin pyydyst\u00e4minen aiheuttaa kissan aivoissa positiivista vipin\u00e4\u00e4. Kissan mets\u00e4st\u00e4j\u00e4nvaiston her\u00e4tt\u00e4\u00e4 vikkel\u00e4sti liikkuva pieni kohde. Siksi ihmisen osallistuminen kissan leikkiin on t\u00e4rke\u00e4\u00e4. Ihmisen teht\u00e4v\u00e4 on j\u00e4ljitell\u00e4 leluilla saaliiden liikkeit\u00e4 ja n\u00e4in innostaa kissaa leikkiin. Leikkihetket voivat olla lyhyit\u00e4, mutta niit\u00e4 olisi hyv\u00e4 olla useita p\u00e4iv\u00e4ss\u00e4 kissan aktiivisina aikoina \u2013 yleens\u00e4 etenkin iltaisin.<\/p>\n\n\n\n<p>Yhteisiss\u00e4 leikeiss\u00e4 parhaita ovat vavan ja siihen kiinnitetyn narun p\u00e4\u00e4h\u00e4n kiinnitetyt lelut ja varrelliset huiskat. Niiden avulla on helppo leikitt\u00e4\u00e4 kissaa vauhdikkaasti ja turvallisesti. Kissojen mieltymykset lelujen suhteen ovat kuitenkin hyvin yksil\u00f6llisi\u00e4, ja kannattaakin kokeilla monenlaisia leluja. Kun leikkihetki on ohi, lelut kannattaa piilottaa ja k\u00e4ytt\u00e4\u00e4 eri p\u00e4ivin\u00e4 eri leluja. N\u00e4in kissan mielenkiinto s\u00e4ilyy. Kissan saatavilla kannattaa lis\u00e4ksi pit\u00e4\u00e4 pieni\u00e4 leikkihiiri\u00e4, paperitolloja yms. turvallisia leluja itsen\u00e4ist\u00e4 leikki\u00e4 varten.<\/p>\n\n\n\n<p>Lelua liikutellessa kannattaa j\u00e4ljitell\u00e4 pikkujyrsij\u00e4n liikkeit\u00e4. Pikkuel\u00e4in liikkuu nykiv\u00e4sti ja v\u00e4lill\u00e4 pys\u00e4hdellen. V\u00e4lill\u00e4 se katoaa piiloon. Luontodokumentteja seuraamalla voi hioa kissanleikitt\u00e4mistaitojaan!<\/p>\n\n\n\n<p>Kannattaa muistaa, ett\u00e4 k\u00e4si tai jalkater\u00e4 eiv\u00e4t ole kissan leluja. Vaikkei pentu viel\u00e4 k\u00e4tt\u00e4 pystyisi satuttamaan, kissan kasvaessa leikki muuttuu tuskalliseksi. K\u00e4sien kimppuun hy\u00f6kk\u00e4ily\u00e4 on aikuiselta kissalta vaikea opettaa pois. Kissaa ei siis pikkupentunakaan pid\u00e4 yllytt\u00e4\u00e4 puremaan ja kynsim\u00e4\u00e4n k\u00e4tt\u00e4. Jos kissa innostuu k\u00e4ym\u00e4\u00e4n raajojen kimppuun, on syyt\u00e4 vet\u00e4yty\u00e4 leikist\u00e4 ja tarjota hetken p\u00e4\u00e4st\u00e4 kissalle luvallista puuhaa lelujen kanssa.<\/p>\n\n\n\n<figure class=\"wp-block-image size-large\"><img loading=\"lazy\" decoding=\"async\" width=\"1024\" height=\"886\" src=\"https:\/\/sey.fi\/wp-content\/uploads\/sites\/47\/2026\/02\/pentu-leikkii-1024x886.jpeg\" alt=\"\" class=\"wp-image-593\" srcset=\"https:\/\/sey.fi\/wp-content\/uploads\/sites\/47\/2026\/02\/pentu-leikkii-1024x886.jpeg 1024w, https:\/\/sey.fi\/wp-content\/uploads\/sites\/47\/2026\/02\/pentu-leikkii-300x260.jpeg 300w, https:\/\/sey.fi\/wp-content\/uploads\/sites\/47\/2026\/02\/pentu-leikkii-768x664.jpeg 768w, https:\/\/sey.fi\/wp-content\/uploads\/sites\/47\/2026\/02\/pentu-leikkii.jpeg 1200w\" sizes=\"auto, (max-width: 1024px) 100vw, 1024px\" \/><figcaption class=\"wp-element-caption\">Leikitys narun p\u00e4\u00e4ss\u00e4 olevilla leluilla ja huiskilla on tarpeellista kaiken ik\u00e4isille kissoille. Kuva: Jenni Pasanen<\/figcaption><\/figure>\n","protected":false},"excerpt":{"rendered":"<p>Kuva: Hanna K. Heikkil\u00e4 Saalistaminen on kissalle palkitsevaa puuhaa. Vaikka jokainen saalistusloikka ei p\u00e4\u00e4ttyisik\u00e4\u00e4n onnistuneeseen lopputulokseen, saa kissa jo yrityksest\u00e4 palkinnon, kun aivojen mielihyv\u00e4kemikaalit hyrr\u00e4\u00e4v\u00e4t. Kissan historiassa t\u00e4st\u00e4 sis\u00e4isest\u00e4 palkkiosta on ollut hy\u00f6ty\u00e4. Innokkaimmin saalistusta yritt\u00e4neet ovat my\u00f6s onnistuneet ja jatkaneet sukuaan kaikkein tehokkaimmin. My\u00f6s keinotekoisen saaliin pyydyst\u00e4minen aiheuttaa kissan aivoissa positiivista vipin\u00e4\u00e4. Kissan mets\u00e4st\u00e4j\u00e4nvaiston [&hellip;]<\/p>\n","protected":false},"author":8,"featured_media":150,"parent":146,"menu_order":0,"comment_status":"closed","ping_status":"closed","template":"","meta":{"_acf_changed":false,"footnotes":""},"class_list":["post-149","page","type-page","status-publish","has-post-thumbnail","hentry"],"acf":[],"yoast_head":"<!-- This site is optimized with the Yoast SEO plugin v27.1.1 - https:\/\/yoast.com\/product\/yoast-seo-wordpress\/ -->\n<title>Saalistusleikit - Kissatieto<\/title>\n<meta name=\"robots\" content=\"index, follow, max-snippet:-1, max-image-preview:large, max-video-preview:-1\" \/>\n<link rel=\"canonical\" href=\"https:\/\/sey.fi\/kissa\/kissan-kayttaytymistarpeet\/saalistusleikit\/\" \/>\n<meta property=\"og:locale\" content=\"fi_FI\" \/>\n<meta property=\"og:type\" content=\"article\" \/>\n<meta property=\"og:title\" content=\"Saalistusleikit - Kissatieto\" \/>\n<meta property=\"og:description\" content=\"Kuva: Hanna K. Heikkil\u00e4 Saalistaminen on kissalle palkitsevaa puuhaa. Vaikka jokainen saalistusloikka ei p\u00e4\u00e4ttyisik\u00e4\u00e4n onnistuneeseen lopputulokseen, saa kissa jo yrityksest\u00e4 palkinnon, kun aivojen mielihyv\u00e4kemikaalit hyrr\u00e4\u00e4v\u00e4t. Kissan historiassa t\u00e4st\u00e4 sis\u00e4isest\u00e4 palkkiosta on ollut hy\u00f6ty\u00e4. Innokkaimmin saalistusta yritt\u00e4neet ovat my\u00f6s onnistuneet ja jatkaneet sukuaan kaikkein tehokkaimmin. My\u00f6s keinotekoisen saaliin pyydyst\u00e4minen aiheuttaa kissan aivoissa positiivista vipin\u00e4\u00e4. Kissan mets\u00e4st\u00e4j\u00e4nvaiston [&hellip;]\" \/>\n<meta property=\"og:url\" content=\"https:\/\/sey.fi\/kissa\/kissan-kayttaytymistarpeet\/saalistusleikit\/\" \/>\n<meta property=\"og:site_name\" content=\"Kissatieto\" \/>\n<meta property=\"article:modified_time\" content=\"2026-02-25T15:59:07+00:00\" \/>\n<meta property=\"og:image\" content=\"https:\/\/sey.fi\/wp-content\/uploads\/sites\/47\/2019\/12\/leikki_11_hanna_k._heikkila.jpg\" \/>\n\t<meta property=\"og:image:width\" content=\"410\" \/>\n\t<meta property=\"og:image:height\" content=\"273\" \/>\n\t<meta property=\"og:image:type\" content=\"image\/jpeg\" \/>\n<meta name=\"twitter:card\" content=\"summary_large_image\" \/>\n<meta name=\"twitter:label1\" content=\"Arvioitu lukuaika\" \/>\n\t<meta name=\"twitter:data1\" content=\"3 minuuttia\" \/>\n<script type=\"application\/ld+json\" class=\"yoast-schema-graph\">{\"@context\":\"https:\/\/schema.org\",\"@graph\":[{\"@type\":\"WebPage\",\"@id\":\"https:\/\/sey.fi\/kissa\/kissan-kayttaytymistarpeet\/saalistusleikit\/\",\"url\":\"https:\/\/sey.fi\/kissa\/kissan-kayttaytymistarpeet\/saalistusleikit\/\",\"name\":\"Saalistusleikit - Kissatieto\",\"isPartOf\":{\"@id\":\"https:\/\/sey.fi\/kissa\/#website\"},\"primaryImageOfPage\":{\"@id\":\"https:\/\/sey.fi\/kissa\/kissan-kayttaytymistarpeet\/saalistusleikit\/#primaryimage\"},\"image\":{\"@id\":\"https:\/\/sey.fi\/kissa\/kissan-kayttaytymistarpeet\/saalistusleikit\/#primaryimage\"},\"thumbnailUrl\":\"https:\/\/sey.fi\/wp-content\/uploads\/sites\/47\/2019\/12\/leikki_11_hanna_k._heikkila.jpg\",\"datePublished\":\"2019-12-09T13:00:05+00:00\",\"dateModified\":\"2026-02-25T15:59:07+00:00\",\"breadcrumb\":{\"@id\":\"https:\/\/sey.fi\/kissa\/kissan-kayttaytymistarpeet\/saalistusleikit\/#breadcrumb\"},\"inLanguage\":\"fi\",\"potentialAction\":[{\"@type\":\"ReadAction\",\"target\":[\"https:\/\/sey.fi\/kissa\/kissan-kayttaytymistarpeet\/saalistusleikit\/\"]}]},{\"@type\":\"ImageObject\",\"inLanguage\":\"fi\",\"@id\":\"https:\/\/sey.fi\/kissa\/kissan-kayttaytymistarpeet\/saalistusleikit\/#primaryimage\",\"url\":\"https:\/\/sey.fi\/wp-content\/uploads\/sites\/47\/2019\/12\/leikki_11_hanna_k._heikkila.jpg\",\"contentUrl\":\"https:\/\/sey.fi\/wp-content\/uploads\/sites\/47\/2019\/12\/leikki_11_hanna_k._heikkila.jpg\",\"width\":410,\"height\":273},{\"@type\":\"BreadcrumbList\",\"@id\":\"https:\/\/sey.fi\/kissa\/kissan-kayttaytymistarpeet\/saalistusleikit\/#breadcrumb\",\"itemListElement\":[{\"@type\":\"ListItem\",\"position\":1,\"name\":\"Home\",\"item\":\"https:\/\/sey.fi\/kissa\/\"},{\"@type\":\"ListItem\",\"position\":2,\"name\":\"Kissan k\u00e4ytt\u00e4ytymistarpeet\",\"item\":\"https:\/\/sey.fi\/kissa\/kissan-kayttaytymistarpeet\/\"},{\"@type\":\"ListItem\",\"position\":3,\"name\":\"Saalistusleikit\"}]},{\"@type\":\"WebSite\",\"@id\":\"https:\/\/sey.fi\/kissa\/#website\",\"url\":\"https:\/\/sey.fi\/kissa\/\",\"name\":\"Kissatieto\",\"description\":\"Uusi SEY J\u00e4senyhdistykset -sivusto\",\"potentialAction\":[{\"@type\":\"SearchAction\",\"target\":{\"@type\":\"EntryPoint\",\"urlTemplate\":\"https:\/\/sey.fi\/kissa\/?s={search_term_string}\"},\"query-input\":{\"@type\":\"PropertyValueSpecification\",\"valueRequired\":true,\"valueName\":\"search_term_string\"}}],\"inLanguage\":\"fi\"}]}<\/script>\n<!-- \/ Yoast SEO plugin. -->","yoast_head_json":{"title":"Saalistusleikit - Kissatieto","robots":{"index":"index","follow":"follow","max-snippet":"max-snippet:-1","max-image-preview":"max-image-preview:large","max-video-preview":"max-video-preview:-1"},"canonical":"https:\/\/sey.fi\/kissa\/kissan-kayttaytymistarpeet\/saalistusleikit\/","og_locale":"fi_FI","og_type":"article","og_title":"Saalistusleikit - Kissatieto","og_description":"Kuva: Hanna K. Heikkil\u00e4 Saalistaminen on kissalle palkitsevaa puuhaa. Vaikka jokainen saalistusloikka ei p\u00e4\u00e4ttyisik\u00e4\u00e4n onnistuneeseen lopputulokseen, saa kissa jo yrityksest\u00e4 palkinnon, kun aivojen mielihyv\u00e4kemikaalit hyrr\u00e4\u00e4v\u00e4t. Kissan historiassa t\u00e4st\u00e4 sis\u00e4isest\u00e4 palkkiosta on ollut hy\u00f6ty\u00e4. Innokkaimmin saalistusta yritt\u00e4neet ovat my\u00f6s onnistuneet ja jatkaneet sukuaan kaikkein tehokkaimmin. My\u00f6s keinotekoisen saaliin pyydyst\u00e4minen aiheuttaa kissan aivoissa positiivista vipin\u00e4\u00e4. Kissan mets\u00e4st\u00e4j\u00e4nvaiston [&hellip;]","og_url":"https:\/\/sey.fi\/kissa\/kissan-kayttaytymistarpeet\/saalistusleikit\/","og_site_name":"Kissatieto","article_modified_time":"2026-02-25T15:59:07+00:00","og_image":[{"width":410,"height":273,"url":"https:\/\/sey.fi\/wp-content\/uploads\/sites\/47\/2019\/12\/leikki_11_hanna_k._heikkila.jpg","type":"image\/jpeg"}],"twitter_card":"summary_large_image","twitter_misc":{"Arvioitu lukuaika":"3 minuuttia"},"schema":{"@context":"https:\/\/schema.org","@graph":[{"@type":"WebPage","@id":"https:\/\/sey.fi\/kissa\/kissan-kayttaytymistarpeet\/saalistusleikit\/","url":"https:\/\/sey.fi\/kissa\/kissan-kayttaytymistarpeet\/saalistusleikit\/","name":"Saalistusleikit - Kissatieto","isPartOf":{"@id":"https:\/\/sey.fi\/kissa\/#website"},"primaryImageOfPage":{"@id":"https:\/\/sey.fi\/kissa\/kissan-kayttaytymistarpeet\/saalistusleikit\/#primaryimage"},"image":{"@id":"https:\/\/sey.fi\/kissa\/kissan-kayttaytymistarpeet\/saalistusleikit\/#primaryimage"},"thumbnailUrl":"https:\/\/sey.fi\/wp-content\/uploads\/sites\/47\/2019\/12\/leikki_11_hanna_k._heikkila.jpg","datePublished":"2019-12-09T13:00:05+00:00","dateModified":"2026-02-25T15:59:07+00:00","breadcrumb":{"@id":"https:\/\/sey.fi\/kissa\/kissan-kayttaytymistarpeet\/saalistusleikit\/#breadcrumb"},"inLanguage":"fi","potentialAction":[{"@type":"ReadAction","target":["https:\/\/sey.fi\/kissa\/kissan-kayttaytymistarpeet\/saalistusleikit\/"]}]},{"@type":"ImageObject","inLanguage":"fi","@id":"https:\/\/sey.fi\/kissa\/kissan-kayttaytymistarpeet\/saalistusleikit\/#primaryimage","url":"https:\/\/sey.fi\/wp-content\/uploads\/sites\/47\/2019\/12\/leikki_11_hanna_k._heikkila.jpg","contentUrl":"https:\/\/sey.fi\/wp-content\/uploads\/sites\/47\/2019\/12\/leikki_11_hanna_k._heikkila.jpg","width":410,"height":273},{"@type":"BreadcrumbList","@id":"https:\/\/sey.fi\/kissa\/kissan-kayttaytymistarpeet\/saalistusleikit\/#breadcrumb","itemListElement":[{"@type":"ListItem","position":1,"name":"Home","item":"https:\/\/sey.fi\/kissa\/"},{"@type":"ListItem","position":2,"name":"Kissan k\u00e4ytt\u00e4ytymistarpeet","item":"https:\/\/sey.fi\/kissa\/kissan-kayttaytymistarpeet\/"},{"@type":"ListItem","position":3,"name":"Saalistusleikit"}]},{"@type":"WebSite","@id":"https:\/\/sey.fi\/kissa\/#website","url":"https:\/\/sey.fi\/kissa\/","name":"Kissatieto","description":"Uusi SEY J\u00e4senyhdistykset -sivusto","potentialAction":[{"@type":"SearchAction","target":{"@type":"EntryPoint","urlTemplate":"https:\/\/sey.fi\/kissa\/?s={search_term_string}"},"query-input":{"@type":"PropertyValueSpecification","valueRequired":true,"valueName":"search_term_string"}}],"inLanguage":"fi"}]}},"_links":{"self":[{"href":"https:\/\/sey.fi\/kissa\/wp-json\/wp\/v2\/pages\/149","targetHints":{"allow":["GET"]}}],"collection":[{"href":"https:\/\/sey.fi\/kissa\/wp-json\/wp\/v2\/pages"}],"about":[{"href":"https:\/\/sey.fi\/kissa\/wp-json\/wp\/v2\/types\/page"}],"author":[{"embeddable":true,"href":"https:\/\/sey.fi\/kissa\/wp-json\/wp\/v2\/users\/8"}],"replies":[{"embeddable":true,"href":"https:\/\/sey.fi\/kissa\/wp-json\/wp\/v2\/comments?post=149"}],"version-history":[{"count":4,"href":"https:\/\/sey.fi\/kissa\/wp-json\/wp\/v2\/pages\/149\/revisions"}],"predecessor-version":[{"id":594,"href":"https:\/\/sey.fi\/kissa\/wp-json\/wp\/v2\/pages\/149\/revisions\/594"}],"up":[{"embeddable":true,"href":"https:\/\/sey.fi\/kissa\/wp-json\/wp\/v2\/pages\/146"}],"wp:featuredmedia":[{"embeddable":true,"href":"https:\/\/sey.fi\/kissa\/wp-json\/wp\/v2\/media\/150"}],"wp:attachment":[{"href":"https:\/\/sey.fi\/kissa\/wp-json\/wp\/v2\/media?parent=149"}],"curies":[{"name":"wp","href":"https:\/\/api.w.org\/{rel}","templated":true}]}}