{"id":16,"date":"2019-12-09T12:46:05","date_gmt":"2019-12-09T10:46:05","guid":{"rendered":"http:\/\/srvr10.xetpoint.com\/~seyfi\/kissatieto\/?page_id=16"},"modified":"2019-12-09T12:46:07","modified_gmt":"2019-12-09T10:46:07","slug":"villikissasta-kotikissaksi","status":"publish","type":"page","link":"https:\/\/sey.fi\/kissa\/kissat\/kotikissan-historia\/villikissasta-kotikissaksi\/","title":{"rendered":"Villikissasta kotikissaksi"},"content":{"rendered":"\n<p><em>Kuva: Suvi Elo<\/em><\/p>\n\n\n\n<p>Kesykissan ja maatalouden historia liittyv\u00e4t l\u00e4heisesti toisiinsa. \nKun ihmiset L\u00e4hi-id\u00e4ss\u00e4 noin 10 000 vuotta sitten alkoivat viljell\u00e4 \nmaata ja varastoida satoa, pikkujyrsij\u00e4t l\u00f6ysiv\u00e4t varastoista itselleen \nrunsaasti ruokaa. Ihmisen kannalta jyrsij\u00f6iden herkuttelu oli \nharmillista, sill\u00e4 ruokah\u00e4vikin lis\u00e4ksi jyrsij\u00e4t sotkivat ruokaa \nulosteillaan.<\/p>\n\n\n\n<p>Kissat tulivat ihmisasutuksen liepeille ruuan per\u00e4ss\u00e4, ja pian \nihmisten ja kissojen v\u00e4lill\u00e4 vallitsi suhde, josta molemmat hy\u00f6tyiv\u00e4t. \nKenties geneettinen mutaatio teki joistain kissayksil\u00f6ist\u00e4 rohkeampia \nihmisten suhteen ja n\u00e4m\u00e4 p\u00e4\u00e4siv\u00e4t hy\u00f6dynt\u00e4m\u00e4\u00e4n l\u00e4hemm\u00e4n ihmisyhteisty\u00f6n \ntarjoamia etuja \u2013 ruuant\u00e4hteit\u00e4 ja asumusten suojaa. Lis\u00e4ravinnon ja \nsuojan ansiosta n\u00e4m\u00e4 ihmisl\u00e4heiset kissat lis\u00e4\u00e4ntyiv\u00e4t tehokkaammin ja \nihmisiin pelottomasti suhtautuva geenimuoto yleistyi.<\/p>\n\n\n\n<p>Toisin kuin useimmat muut kotiel\u00e4imet, joiden uskotaan kesyyntyneen \neri puolilla maailmaa hieman eri aikoihin, kaikkien kotikissojen on \nosoitettu olevan samaa alkuper\u00e4\u00e4. Eli rodultaan norjalaisiksi \nmets\u00e4kissoiksi tai siperiankissoiksi nimettyjen kissojen taustalla on \nsama afrikanvillikissan perusta kuin muullakin kesykissakannalla.<\/p>\n","protected":false},"excerpt":{"rendered":"<p>Kuva: Suvi Elo Kesykissan ja maatalouden historia liittyv\u00e4t l\u00e4heisesti toisiinsa. Kun ihmiset L\u00e4hi-id\u00e4ss\u00e4 noin 10 000 vuotta sitten alkoivat viljell\u00e4 maata ja varastoida satoa, pikkujyrsij\u00e4t l\u00f6ysiv\u00e4t varastoista itselleen runsaasti ruokaa. Ihmisen kannalta jyrsij\u00f6iden herkuttelu oli harmillista, sill\u00e4 ruokah\u00e4vikin lis\u00e4ksi jyrsij\u00e4t sotkivat ruokaa ulosteillaan. Kissat tulivat ihmisasutuksen liepeille ruuan per\u00e4ss\u00e4, ja pian ihmisten ja kissojen v\u00e4lill\u00e4 [&hellip;]<\/p>\n","protected":false},"author":8,"featured_media":17,"parent":13,"menu_order":0,"comment_status":"closed","ping_status":"closed","template":"","meta":{"_acf_changed":false,"footnotes":""},"class_list":["post-16","page","type-page","status-publish","has-post-thumbnail","hentry"],"acf":[],"yoast_head":"<!-- This site is optimized with the Yoast SEO plugin v27.1.1 - https:\/\/yoast.com\/product\/yoast-seo-wordpress\/ -->\n<title>Villikissasta kotikissaksi - Kissatieto<\/title>\n<meta name=\"robots\" content=\"index, follow, max-snippet:-1, max-image-preview:large, max-video-preview:-1\" \/>\n<link rel=\"canonical\" href=\"https:\/\/sey.fi\/kissa\/kissat\/kotikissan-historia\/villikissasta-kotikissaksi\/\" \/>\n<meta property=\"og:locale\" content=\"fi_FI\" \/>\n<meta property=\"og:type\" content=\"article\" \/>\n<meta property=\"og:title\" content=\"Villikissasta kotikissaksi - Kissatieto\" \/>\n<meta property=\"og:description\" content=\"Kuva: Suvi Elo Kesykissan ja maatalouden historia liittyv\u00e4t l\u00e4heisesti toisiinsa. Kun ihmiset L\u00e4hi-id\u00e4ss\u00e4 noin 10 000 vuotta sitten alkoivat viljell\u00e4 maata ja varastoida satoa, pikkujyrsij\u00e4t l\u00f6ysiv\u00e4t varastoista itselleen runsaasti ruokaa. Ihmisen kannalta jyrsij\u00f6iden herkuttelu oli harmillista, sill\u00e4 ruokah\u00e4vikin lis\u00e4ksi jyrsij\u00e4t sotkivat ruokaa ulosteillaan. Kissat tulivat ihmisasutuksen liepeille ruuan per\u00e4ss\u00e4, ja pian ihmisten ja kissojen v\u00e4lill\u00e4 [&hellip;]\" \/>\n<meta property=\"og:url\" content=\"https:\/\/sey.fi\/kissa\/kissat\/kotikissan-historia\/villikissasta-kotikissaksi\/\" \/>\n<meta property=\"og:site_name\" content=\"Kissatieto\" \/>\n<meta property=\"article:modified_time\" content=\"2019-12-09T10:46:07+00:00\" \/>\n<meta property=\"og:image\" content=\"https:\/\/sey.fi\/wp-content\/uploads\/sites\/47\/2019\/12\/106.jpg\" \/>\n\t<meta property=\"og:image:width\" content=\"410\" \/>\n\t<meta property=\"og:image:height\" content=\"273\" \/>\n\t<meta property=\"og:image:type\" content=\"image\/jpeg\" \/>\n<meta name=\"twitter:card\" content=\"summary_large_image\" \/>\n<meta name=\"twitter:label1\" content=\"Arvioitu lukuaika\" \/>\n\t<meta name=\"twitter:data1\" content=\"1 minuutti\" \/>\n<script type=\"application\/ld+json\" class=\"yoast-schema-graph\">{\"@context\":\"https:\/\/schema.org\",\"@graph\":[{\"@type\":\"WebPage\",\"@id\":\"https:\/\/sey.fi\/kissa\/kissat\/kotikissan-historia\/villikissasta-kotikissaksi\/\",\"url\":\"https:\/\/sey.fi\/kissa\/kissat\/kotikissan-historia\/villikissasta-kotikissaksi\/\",\"name\":\"Villikissasta kotikissaksi - Kissatieto\",\"isPartOf\":{\"@id\":\"https:\/\/sey.fi\/kissa\/#website\"},\"primaryImageOfPage\":{\"@id\":\"https:\/\/sey.fi\/kissa\/kissat\/kotikissan-historia\/villikissasta-kotikissaksi\/#primaryimage\"},\"image\":{\"@id\":\"https:\/\/sey.fi\/kissa\/kissat\/kotikissan-historia\/villikissasta-kotikissaksi\/#primaryimage\"},\"thumbnailUrl\":\"https:\/\/sey.fi\/wp-content\/uploads\/sites\/47\/2019\/12\/106.jpg\",\"datePublished\":\"2019-12-09T10:46:05+00:00\",\"dateModified\":\"2019-12-09T10:46:07+00:00\",\"breadcrumb\":{\"@id\":\"https:\/\/sey.fi\/kissa\/kissat\/kotikissan-historia\/villikissasta-kotikissaksi\/#breadcrumb\"},\"inLanguage\":\"fi\",\"potentialAction\":[{\"@type\":\"ReadAction\",\"target\":[\"https:\/\/sey.fi\/kissa\/kissat\/kotikissan-historia\/villikissasta-kotikissaksi\/\"]}]},{\"@type\":\"ImageObject\",\"inLanguage\":\"fi\",\"@id\":\"https:\/\/sey.fi\/kissa\/kissat\/kotikissan-historia\/villikissasta-kotikissaksi\/#primaryimage\",\"url\":\"https:\/\/sey.fi\/wp-content\/uploads\/sites\/47\/2019\/12\/106.jpg\",\"contentUrl\":\"https:\/\/sey.fi\/wp-content\/uploads\/sites\/47\/2019\/12\/106.jpg\",\"width\":410,\"height\":273,\"caption\":\"Kuva: Suvi Elo\"},{\"@type\":\"BreadcrumbList\",\"@id\":\"https:\/\/sey.fi\/kissa\/kissat\/kotikissan-historia\/villikissasta-kotikissaksi\/#breadcrumb\",\"itemListElement\":[{\"@type\":\"ListItem\",\"position\":1,\"name\":\"Home\",\"item\":\"https:\/\/sey.fi\/kissa\/\"},{\"@type\":\"ListItem\",\"position\":2,\"name\":\"Kissatieto\",\"item\":\"https:\/\/sey.fi\/kissa\/\"},{\"@type\":\"ListItem\",\"position\":3,\"name\":\"Kotikissan historia \u2013 Afrikan savanneilta kotisohvalle\",\"item\":\"https:\/\/sey.fi\/kissa\/kissat\/kotikissan-historia\/\"},{\"@type\":\"ListItem\",\"position\":4,\"name\":\"Villikissasta kotikissaksi\"}]},{\"@type\":\"WebSite\",\"@id\":\"https:\/\/sey.fi\/kissa\/#website\",\"url\":\"https:\/\/sey.fi\/kissa\/\",\"name\":\"Kissatieto\",\"description\":\"Uusi SEY J\u00e4senyhdistykset -sivusto\",\"potentialAction\":[{\"@type\":\"SearchAction\",\"target\":{\"@type\":\"EntryPoint\",\"urlTemplate\":\"https:\/\/sey.fi\/kissa\/?s={search_term_string}\"},\"query-input\":{\"@type\":\"PropertyValueSpecification\",\"valueRequired\":true,\"valueName\":\"search_term_string\"}}],\"inLanguage\":\"fi\"}]}<\/script>\n<!-- \/ Yoast SEO plugin. -->","yoast_head_json":{"title":"Villikissasta kotikissaksi - Kissatieto","robots":{"index":"index","follow":"follow","max-snippet":"max-snippet:-1","max-image-preview":"max-image-preview:large","max-video-preview":"max-video-preview:-1"},"canonical":"https:\/\/sey.fi\/kissa\/kissat\/kotikissan-historia\/villikissasta-kotikissaksi\/","og_locale":"fi_FI","og_type":"article","og_title":"Villikissasta kotikissaksi - Kissatieto","og_description":"Kuva: Suvi Elo Kesykissan ja maatalouden historia liittyv\u00e4t l\u00e4heisesti toisiinsa. Kun ihmiset L\u00e4hi-id\u00e4ss\u00e4 noin 10 000 vuotta sitten alkoivat viljell\u00e4 maata ja varastoida satoa, pikkujyrsij\u00e4t l\u00f6ysiv\u00e4t varastoista itselleen runsaasti ruokaa. Ihmisen kannalta jyrsij\u00f6iden herkuttelu oli harmillista, sill\u00e4 ruokah\u00e4vikin lis\u00e4ksi jyrsij\u00e4t sotkivat ruokaa ulosteillaan. Kissat tulivat ihmisasutuksen liepeille ruuan per\u00e4ss\u00e4, ja pian ihmisten ja kissojen v\u00e4lill\u00e4 [&hellip;]","og_url":"https:\/\/sey.fi\/kissa\/kissat\/kotikissan-historia\/villikissasta-kotikissaksi\/","og_site_name":"Kissatieto","article_modified_time":"2019-12-09T10:46:07+00:00","og_image":[{"width":410,"height":273,"url":"https:\/\/sey.fi\/wp-content\/uploads\/sites\/47\/2019\/12\/106.jpg","type":"image\/jpeg"}],"twitter_card":"summary_large_image","twitter_misc":{"Arvioitu lukuaika":"1 minuutti"},"schema":{"@context":"https:\/\/schema.org","@graph":[{"@type":"WebPage","@id":"https:\/\/sey.fi\/kissa\/kissat\/kotikissan-historia\/villikissasta-kotikissaksi\/","url":"https:\/\/sey.fi\/kissa\/kissat\/kotikissan-historia\/villikissasta-kotikissaksi\/","name":"Villikissasta kotikissaksi - Kissatieto","isPartOf":{"@id":"https:\/\/sey.fi\/kissa\/#website"},"primaryImageOfPage":{"@id":"https:\/\/sey.fi\/kissa\/kissat\/kotikissan-historia\/villikissasta-kotikissaksi\/#primaryimage"},"image":{"@id":"https:\/\/sey.fi\/kissa\/kissat\/kotikissan-historia\/villikissasta-kotikissaksi\/#primaryimage"},"thumbnailUrl":"https:\/\/sey.fi\/wp-content\/uploads\/sites\/47\/2019\/12\/106.jpg","datePublished":"2019-12-09T10:46:05+00:00","dateModified":"2019-12-09T10:46:07+00:00","breadcrumb":{"@id":"https:\/\/sey.fi\/kissa\/kissat\/kotikissan-historia\/villikissasta-kotikissaksi\/#breadcrumb"},"inLanguage":"fi","potentialAction":[{"@type":"ReadAction","target":["https:\/\/sey.fi\/kissa\/kissat\/kotikissan-historia\/villikissasta-kotikissaksi\/"]}]},{"@type":"ImageObject","inLanguage":"fi","@id":"https:\/\/sey.fi\/kissa\/kissat\/kotikissan-historia\/villikissasta-kotikissaksi\/#primaryimage","url":"https:\/\/sey.fi\/wp-content\/uploads\/sites\/47\/2019\/12\/106.jpg","contentUrl":"https:\/\/sey.fi\/wp-content\/uploads\/sites\/47\/2019\/12\/106.jpg","width":410,"height":273,"caption":"Kuva: Suvi Elo"},{"@type":"BreadcrumbList","@id":"https:\/\/sey.fi\/kissa\/kissat\/kotikissan-historia\/villikissasta-kotikissaksi\/#breadcrumb","itemListElement":[{"@type":"ListItem","position":1,"name":"Home","item":"https:\/\/sey.fi\/kissa\/"},{"@type":"ListItem","position":2,"name":"Kissatieto","item":"https:\/\/sey.fi\/kissa\/"},{"@type":"ListItem","position":3,"name":"Kotikissan historia \u2013 Afrikan savanneilta kotisohvalle","item":"https:\/\/sey.fi\/kissa\/kissat\/kotikissan-historia\/"},{"@type":"ListItem","position":4,"name":"Villikissasta kotikissaksi"}]},{"@type":"WebSite","@id":"https:\/\/sey.fi\/kissa\/#website","url":"https:\/\/sey.fi\/kissa\/","name":"Kissatieto","description":"Uusi SEY J\u00e4senyhdistykset -sivusto","potentialAction":[{"@type":"SearchAction","target":{"@type":"EntryPoint","urlTemplate":"https:\/\/sey.fi\/kissa\/?s={search_term_string}"},"query-input":{"@type":"PropertyValueSpecification","valueRequired":true,"valueName":"search_term_string"}}],"inLanguage":"fi"}]}},"_links":{"self":[{"href":"https:\/\/sey.fi\/kissa\/wp-json\/wp\/v2\/pages\/16","targetHints":{"allow":["GET"]}}],"collection":[{"href":"https:\/\/sey.fi\/kissa\/wp-json\/wp\/v2\/pages"}],"about":[{"href":"https:\/\/sey.fi\/kissa\/wp-json\/wp\/v2\/types\/page"}],"author":[{"embeddable":true,"href":"https:\/\/sey.fi\/kissa\/wp-json\/wp\/v2\/users\/8"}],"replies":[{"embeddable":true,"href":"https:\/\/sey.fi\/kissa\/wp-json\/wp\/v2\/comments?post=16"}],"version-history":[{"count":1,"href":"https:\/\/sey.fi\/kissa\/wp-json\/wp\/v2\/pages\/16\/revisions"}],"predecessor-version":[{"id":18,"href":"https:\/\/sey.fi\/kissa\/wp-json\/wp\/v2\/pages\/16\/revisions\/18"}],"up":[{"embeddable":true,"href":"https:\/\/sey.fi\/kissa\/wp-json\/wp\/v2\/pages\/13"}],"wp:featuredmedia":[{"embeddable":true,"href":"https:\/\/sey.fi\/kissa\/wp-json\/wp\/v2\/media\/17"}],"wp:attachment":[{"href":"https:\/\/sey.fi\/kissa\/wp-json\/wp\/v2\/media?parent=16"}],"curies":[{"name":"wp","href":"https:\/\/api.w.org\/{rel}","templated":true}]}}