{"id":173,"date":"2019-12-09T15:11:12","date_gmt":"2019-12-09T13:11:12","guid":{"rendered":"http:\/\/srvr10.xetpoint.com\/~seyfi\/kissatieto\/?page_id=173"},"modified":"2026-03-19T16:35:39","modified_gmt":"2026-03-19T14:35:39","slug":"kissa-oppii","status":"publish","type":"page","link":"https:\/\/sey.fi\/kissa\/kissa-oppii\/","title":{"rendered":"Kissa oppii"},"content":{"rendered":"\n<p class=\"has-text-align-right has-small-font-size\"><em>Kuva: Tarja Hakala-Koivusalo<\/em><\/p>\n\n\n\n<hr class=\"wp-block-separator has-alpha-channel-opacity\" \/>\n\n\n\n<p class=\"has-medium-font-size\"><em>Samat oppimisen lainalaisuudet ohjaavat niin kissaa, koiraa kuin ihmist\u00e4kin. Kun k\u00e4ytt\u00e4ytymist\u00e4 seuraa v\u00e4litt\u00f6m\u00e4sti jokin kissan arvostama asia, herkkuja, huomiota tai leikkihetki, kyseinen k\u00e4ytt\u00e4ytyminen todenn\u00e4k\u00f6isesti toistuu.<\/em><\/p>\n\n\n\n<hr class=\"wp-block-separator has-alpha-channel-opacity\" \/>\n\n\n\n<h2 class=\"wp-block-heading\">Kissan ja koiran sosiaalisen k\u00e4yt\u00f6ksen erot<\/h2>\n\n\n\n<p>Kissaa ja koiraa verrataan usein toisiinsa. Niiden sosiaalisessa k\u00e4yt\u00f6ksess\u00e4 on eroa. Koirat ovat sosiaalisia laumael\u00e4imi\u00e4. Ne ovat vuosituhansien aikana hioneet viestint\u00e4taitojaan ja pyrkiv\u00e4t lukemaan my\u00f6s laumansa ihmisj\u00e4senten tunteita ja toiveita herk\u00e4sti. Lauman saumaton yhteisty\u00f6 on koiran esi-isien maailmassa taannut ravinnonhankinnan ja yksil\u00f6iden hyvinvoinnin.<\/p>\n\n\n\n<p>Kissoille el\u00e4m\u00e4 sosiaalisessa vuorovaikutuksessa on verrattain tuore asia. Vasta ihmisen toiminnan takaama ravinnon runsastuminen on avannut kissalle mahdollisuuden s\u00e4\u00e4nn\u00f6lliseen sosiaaliseen vuorovaikutukseen. Se ei kuitenkaan ole muuttanut esimerkiksi kissan saalistusmets\u00e4stysk\u00e4ytt\u00e4ytymist\u00e4. Kissa saalistaa edelleen yksin.<\/p>\n\n\n\n<p>Kissa ei siis reagoi ihmisen kehuihin ja nuhteisiin yht\u00e4 herk\u00e4sti kuin sosiaaliseksi virtuoosiksi hioutunut koira. <\/p>\n\n\n\n<h2 class=\"wp-block-heading\">Oppimisen lainalaisuudet ovat kaikille samat<\/h2>\n\n\n\n<p>Samat oppimisen lainalaisuudet ohjaavat niin kissaa, koiraa kuin ihmist\u00e4kin: pyrimme tekem\u00e4\u00e4n sellaisia asioita, joista meille seuraa mukavia asioita ja pyrimme v\u00e4lttelem\u00e4\u00e4n ik\u00e4vyyksi\u00e4. Toiminta, josta ei ole mit\u00e4\u00e4n seurausta, unohtuu \u2013 eli sammuu \u2013 v\u00e4hitellen.<\/p>\n\n\n\n<p>Ihminen voi vaikuttaa kissan k\u00e4ytt\u00e4ytymiseen seuraamalla t\u00e4t\u00e4 \noppimisen lakia. Kun k\u00e4ytt\u00e4ytymist\u00e4 seuraa v\u00e4litt\u00f6m\u00e4sti jokin kissan \narvostama asia, herkkuja, huomiota tai leikkihetki, kyseinen \nk\u00e4ytt\u00e4ytyminen todenn\u00e4k\u00f6isesti toistuu. Palkinnon on seurattava \nv\u00e4litt\u00f6m\u00e4sti, jotta kissa yhdist\u00e4\u00e4 sen oikeaan asiaan.<\/p>\n\n\n\n<figure class=\"wp-block-image size-large\"><img loading=\"lazy\" decoding=\"async\" width=\"1024\" height=\"683\" src=\"https:\/\/sey.fi\/wp-content\/uploads\/sites\/47\/2026\/03\/ayelt-van-veen-NO55jI1tSJY-unsplash-1024x683.jpg\" alt=\"\" class=\"wp-image-618\" srcset=\"https:\/\/sey.fi\/wp-content\/uploads\/sites\/47\/2026\/03\/ayelt-van-veen-NO55jI1tSJY-unsplash-1024x683.jpg 1024w, https:\/\/sey.fi\/wp-content\/uploads\/sites\/47\/2026\/03\/ayelt-van-veen-NO55jI1tSJY-unsplash-300x200.jpg 300w, https:\/\/sey.fi\/wp-content\/uploads\/sites\/47\/2026\/03\/ayelt-van-veen-NO55jI1tSJY-unsplash-768x512.jpg 768w, https:\/\/sey.fi\/wp-content\/uploads\/sites\/47\/2026\/03\/ayelt-van-veen-NO55jI1tSJY-unsplash-1536x1024.jpg 1536w, https:\/\/sey.fi\/wp-content\/uploads\/sites\/47\/2026\/03\/ayelt-van-veen-NO55jI1tSJY-unsplash-2048x1365.jpg 2048w\" sizes=\"auto, (max-width: 1024px) 100vw, 1024px\" \/><figcaption class=\"wp-element-caption\">Kuvassa kissaa palkitaan toivotun k\u00e4yt\u00f6ksen toteuttamisesta. Kuva: Ayelt van Veen \/ Unsplash<\/figcaption><\/figure>\n\n\n\n<h2 class=\"wp-block-heading\">Kissoillekin naksutellaan<\/h2>\n\n\n\n<p>Kissa oppii ja sit\u00e4 voi opettaa. Erilaisten temppujen harjoittelu positiivisten palkkioiden avulla lis\u00e4\u00e4 kissan hyvinvointia monin eri tavoin. Herkkupalkalla kissan voi opettaa esimerkiksi istumaan pyynn\u00f6st\u00e4. <\/p>\n\n\n\n<p>Oikea-aikaista palkitsemista voi helpottaa naksuttimen avulla. Naksutin on pieni muovilaite, joka p\u00e4\u00e4st\u00e4\u00e4 naksahtavan \u00e4\u00e4nen. Ensin kissa ehdollistetaan yhdist\u00e4m\u00e4\u00e4n naksautus herkkuun. Ensimm\u00e4isess\u00e4 vaiheessa herkku tulee v\u00e4litt\u00f6m\u00e4sti naksautuksen j\u00e4lkeen. Kun kissa on oppinut yhdist\u00e4m\u00e4\u00e4n \u00e4\u00e4nen positiiviseen asiaan, pelkk\u00e4 \u00e4\u00e4ni riitt\u00e4\u00e4 kertomaan, ett\u00e4 se on onnistunut ja palkinto odottaa. T\u00e4m\u00e4 helpottaa palkitsemista juuri oikealla hetkell\u00e4 ja nopeuttaa oppimista. Ihmisen on muistettava antaa herkkupalkka kissalle jokaisen naksautuksen j\u00e4lkeen.<\/p>\n\n\n\n<p>Naksutinkoulutuksen periaatteet ovat kaikille el\u00e4imille samat. Naksutinkoulutuksen kehitt\u00e4j\u00e4 <strong>Karen Pryor<\/strong> on kuitenkin kirjoittanut Naksutinkoulutusta kissoille \u2013oppaan erityisesti kissankouluttajien tarpeita varten.<\/p>\n\n\n\n<p><a href=\"http:\/\/www.youtube.com\/user\/PositiveCattitudes\/videos?sort=dd&amp;view=0&amp;shelf_index=0\" target=\"_blank\" rel=\"noreferrer noopener\">Positive Cattitudes \u2013Youtube-kanavalla on paljon kissan aktivoimiseen ja opettamiseen liittyvi\u00e4 videoita.<\/a><\/p>\n\n\n\n<h2 class=\"wp-block-heading\">Rankaisu ei kannata<\/h2>\n\n\n\n<p>Kissan rankaiseminen ei kannata miss\u00e4\u00e4n tilanteessa. Toki ik\u00e4v\u00e4 seuraus voi v\u00e4hent\u00e4\u00e4 todenn\u00e4k\u00f6isyytt\u00e4 siihen, ett\u00e4 el\u00e4in yritt\u00e4\u00e4 kyseist\u00e4 asiaa uudestaan, mutta ongelmana on kissalle aiheutuva stressi, joka voi lis\u00e4t\u00e4 ei-toivotun k\u00e4ytt\u00e4ytymisen todenn\u00e4k\u00f6isyytt\u00e4, sek\u00e4 kissan ja ihmisen v\u00e4lisen suhteen heikentyminen. Kun kissa yhdist\u00e4\u00e4 ihmisen pelottavaan tapahtumaan, luottamus ihmiseen k\u00e4rsii. Lis\u00e4ksi rangaistuksen oikea ajoittaminen niin, ett\u00e4 el\u00e4in yhdist\u00e4\u00e4 ep\u00e4miellytt\u00e4v\u00e4n kokemuksen juuri ei-toivottuun k\u00e4ytt\u00e4ytymiseen, on hyvin hankalaa. Kissan rankaiseminen johtaakin usein ei-toivotun k\u00e4ytt\u00e4ytymisen pahenemiseen tai uusien ongelmien syntyyn.<\/p>\n\n\n\n<p>Miten sitten opettaa kissaa pois ei-toivotusta k\u00e4ytt\u00e4ytymisest\u00e4? Ensiksi on syyt\u00e4 selvitt\u00e4\u00e4 k\u00e4ytt\u00e4ytymisen syyt. Esimerkiksi stressi, fyysinen sairaus tai virikkeet\u00f6n ja tyls\u00e4 elinymp\u00e4rist\u00f6 aiheuttavat ongelmak\u00e4ytt\u00e4ytymist\u00e4. Kun kissalla ei ole mahdollisuutta normaaliin, lajityypilliseen k\u00e4ytt\u00e4ytymiseen, se voi alkaa hakea ihmisen huomiota keinolla mill\u00e4 hyv\u00e4ns\u00e4. My\u00f6s negatiivinen huomio, eli vaikka \u00e4k\u00e4inen komentaminen kelpaa paremman puutteessa. Stressi taas saattaa aiheuttaa esimerkiksi virtsamerkkailua. Kissan elinolosuhteiden korjaaminen on aina keskeinen osa ongelmallisen k\u00e4ytt\u00e4ytymisen ratkaisua ja saattaa poistaa kissan tarpeen ei-toivottuun k\u00e4ytt\u00e4ytymiseen jopa kokonaan.<\/p>\n\n\n\n<p>Toisinaan t\u00e4ytyy selvitt\u00e4\u00e4, miten ei-toivotun toiminnan jatkaminen palkitsee kissaa. Esimerkiksi monessa kissaperheess\u00e4 ongelmia aiheuttaa kissan \u00f6inen maukuminen. H\u00e4m\u00e4r\u00e4aktiivisena el\u00e4imen\u00e4 kissa on luontaisesti hereill\u00e4 usein \u00f6isin. Jos ihminen rient\u00e4\u00e4 tarjoamaan kissalle t\u00e4ll\u00f6in esimerkiksi ruokaa, on hyvin todenn\u00e4k\u00f6ist\u00e4, ett\u00e4 kissa aktivoituu seuraavanakin y\u00f6n\u00e4. On muistettava, ett\u00e4 ep\u00e4s\u00e4\u00e4nn\u00f6llinenkin palkinto, eli huomio silloin t\u00e4ll\u00f6in, riitt\u00e4\u00e4 pit\u00e4m\u00e4\u00e4n k\u00e4ytt\u00e4ytymist\u00e4 yll\u00e4. Siksi kaikki k\u00e4yt\u00f6s, jonka ei halua yleistyv\u00e4n, kannattaa j\u00e4tt\u00e4\u00e4 j\u00e4rjestelm\u00e4llisesti huomiotta.<\/p>\n\n\n\n<p>Kun y\u00f6konserttiin reagoiminen lopetetaan, pahenee ongelma yleens\u00e4 ensin. Kissa tekee kaikkensa saadakseen omistajansa reagoimaan totutulla tavalla. Omistajan sitkeys kuitenkin palkitaan, ja v\u00e4hitellen tapa unohtuu, eli sammuu. Samalla on tietysti huolehdittava siit\u00e4, ett\u00e4 kissalla on p\u00e4iv\u00e4aikaan runsaasti aktiviteetteja ja ett\u00e4 se saa illalla aterian, joka pit\u00e4\u00e4 sen kyll\u00e4isen\u00e4 aamuun asti.<\/p>\n\n\n\n<p>Monissa muissa tilanteissa on tuloksellisinta korvata ei-toivottu tekeminen toisella. Esimerkiksi sopimattomalta kynsimispaikalta kissan voi lempe\u00e4sti ohjata sille varatulle paikalle ja houkutella kissan kynsim\u00e4\u00e4n. V\u00e4hitellen oman raapimapuun k\u00e4yt\u00f6st\u00e4 tulee tapa.<\/p>\n\n\n\n<p><\/p>\n","protected":false},"excerpt":{"rendered":"<p>Kuva: Tarja Hakala-Koivusalo Samat oppimisen lainalaisuudet ohjaavat niin kissaa, koiraa kuin ihmist\u00e4kin. Kun k\u00e4ytt\u00e4ytymist\u00e4 seuraa v\u00e4litt\u00f6m\u00e4sti jokin kissan arvostama asia, herkkuja, huomiota tai leikkihetki, kyseinen k\u00e4ytt\u00e4ytyminen todenn\u00e4k\u00f6isesti toistuu. Kissan ja koiran sosiaalisen k\u00e4yt\u00f6ksen erot Kissaa ja koiraa verrataan usein toisiinsa. Niiden sosiaalisessa k\u00e4yt\u00f6ksess\u00e4 on eroa. Koirat ovat sosiaalisia laumael\u00e4imi\u00e4. Ne ovat vuosituhansien aikana hioneet viestint\u00e4taitojaan [&hellip;]<\/p>\n","protected":false},"author":8,"featured_media":174,"parent":0,"menu_order":0,"comment_status":"closed","ping_status":"closed","template":"","meta":{"_acf_changed":false,"footnotes":""},"class_list":["post-173","page","type-page","status-publish","has-post-thumbnail","hentry"],"acf":[],"yoast_head":"<!-- This site is optimized with the Yoast SEO plugin v27.1.1 - https:\/\/yoast.com\/product\/yoast-seo-wordpress\/ -->\n<title>Kissa oppii - Kissatieto<\/title>\n<meta name=\"robots\" content=\"index, follow, max-snippet:-1, max-image-preview:large, max-video-preview:-1\" \/>\n<link rel=\"canonical\" href=\"https:\/\/sey.fi\/kissa\/kissa-oppii\/\" \/>\n<meta property=\"og:locale\" content=\"fi_FI\" \/>\n<meta property=\"og:type\" content=\"article\" \/>\n<meta property=\"og:title\" content=\"Kissa oppii - Kissatieto\" \/>\n<meta property=\"og:description\" content=\"Kuva: Tarja Hakala-Koivusalo Samat oppimisen lainalaisuudet ohjaavat niin kissaa, koiraa kuin ihmist\u00e4kin. Kun k\u00e4ytt\u00e4ytymist\u00e4 seuraa v\u00e4litt\u00f6m\u00e4sti jokin kissan arvostama asia, herkkuja, huomiota tai leikkihetki, kyseinen k\u00e4ytt\u00e4ytyminen todenn\u00e4k\u00f6isesti toistuu. Kissan ja koiran sosiaalisen k\u00e4yt\u00f6ksen erot Kissaa ja koiraa verrataan usein toisiinsa. Niiden sosiaalisessa k\u00e4yt\u00f6ksess\u00e4 on eroa. Koirat ovat sosiaalisia laumael\u00e4imi\u00e4. Ne ovat vuosituhansien aikana hioneet viestint\u00e4taitojaan [&hellip;]\" \/>\n<meta property=\"og:url\" content=\"https:\/\/sey.fi\/kissa\/kissa-oppii\/\" \/>\n<meta property=\"og:site_name\" content=\"Kissatieto\" \/>\n<meta property=\"article:modified_time\" content=\"2026-03-19T14:35:39+00:00\" \/>\n<meta property=\"og:image\" content=\"https:\/\/sey.fi\/wp-content\/uploads\/sites\/47\/2019\/12\/ki_antaa_tassua_tarja_hakala-koivusalo.jpg\" \/>\n\t<meta property=\"og:image:width\" content=\"354\" \/>\n\t<meta property=\"og:image:height\" content=\"266\" \/>\n\t<meta property=\"og:image:type\" content=\"image\/jpeg\" \/>\n<meta name=\"twitter:card\" content=\"summary_large_image\" \/>\n<meta name=\"twitter:label1\" content=\"Arvioitu lukuaika\" \/>\n\t<meta name=\"twitter:data1\" content=\"5 minuuttia\" \/>\n<script type=\"application\/ld+json\" class=\"yoast-schema-graph\">{\"@context\":\"https:\/\/schema.org\",\"@graph\":[{\"@type\":\"WebPage\",\"@id\":\"https:\/\/sey.fi\/kissa\/kissa-oppii\/\",\"url\":\"https:\/\/sey.fi\/kissa\/kissa-oppii\/\",\"name\":\"Kissa oppii - Kissatieto\",\"isPartOf\":{\"@id\":\"https:\/\/sey.fi\/kissa\/#website\"},\"primaryImageOfPage\":{\"@id\":\"https:\/\/sey.fi\/kissa\/kissa-oppii\/#primaryimage\"},\"image\":{\"@id\":\"https:\/\/sey.fi\/kissa\/kissa-oppii\/#primaryimage\"},\"thumbnailUrl\":\"https:\/\/sey.fi\/wp-content\/uploads\/sites\/47\/2019\/12\/ki_antaa_tassua_tarja_hakala-koivusalo.jpg\",\"datePublished\":\"2019-12-09T13:11:12+00:00\",\"dateModified\":\"2026-03-19T14:35:39+00:00\",\"breadcrumb\":{\"@id\":\"https:\/\/sey.fi\/kissa\/kissa-oppii\/#breadcrumb\"},\"inLanguage\":\"fi\",\"potentialAction\":[{\"@type\":\"ReadAction\",\"target\":[\"https:\/\/sey.fi\/kissa\/kissa-oppii\/\"]}]},{\"@type\":\"ImageObject\",\"inLanguage\":\"fi\",\"@id\":\"https:\/\/sey.fi\/kissa\/kissa-oppii\/#primaryimage\",\"url\":\"https:\/\/sey.fi\/wp-content\/uploads\/sites\/47\/2019\/12\/ki_antaa_tassua_tarja_hakala-koivusalo.jpg\",\"contentUrl\":\"https:\/\/sey.fi\/wp-content\/uploads\/sites\/47\/2019\/12\/ki_antaa_tassua_tarja_hakala-koivusalo.jpg\",\"width\":354,\"height\":266},{\"@type\":\"BreadcrumbList\",\"@id\":\"https:\/\/sey.fi\/kissa\/kissa-oppii\/#breadcrumb\",\"itemListElement\":[{\"@type\":\"ListItem\",\"position\":1,\"name\":\"Home\",\"item\":\"https:\/\/sey.fi\/kissa\/\"},{\"@type\":\"ListItem\",\"position\":2,\"name\":\"Kissa oppii\"}]},{\"@type\":\"WebSite\",\"@id\":\"https:\/\/sey.fi\/kissa\/#website\",\"url\":\"https:\/\/sey.fi\/kissa\/\",\"name\":\"Kissatieto\",\"description\":\"Uusi SEY J\u00e4senyhdistykset -sivusto\",\"potentialAction\":[{\"@type\":\"SearchAction\",\"target\":{\"@type\":\"EntryPoint\",\"urlTemplate\":\"https:\/\/sey.fi\/kissa\/?s={search_term_string}\"},\"query-input\":{\"@type\":\"PropertyValueSpecification\",\"valueRequired\":true,\"valueName\":\"search_term_string\"}}],\"inLanguage\":\"fi\"}]}<\/script>\n<!-- \/ Yoast SEO plugin. -->","yoast_head_json":{"title":"Kissa oppii - Kissatieto","robots":{"index":"index","follow":"follow","max-snippet":"max-snippet:-1","max-image-preview":"max-image-preview:large","max-video-preview":"max-video-preview:-1"},"canonical":"https:\/\/sey.fi\/kissa\/kissa-oppii\/","og_locale":"fi_FI","og_type":"article","og_title":"Kissa oppii - Kissatieto","og_description":"Kuva: Tarja Hakala-Koivusalo Samat oppimisen lainalaisuudet ohjaavat niin kissaa, koiraa kuin ihmist\u00e4kin. Kun k\u00e4ytt\u00e4ytymist\u00e4 seuraa v\u00e4litt\u00f6m\u00e4sti jokin kissan arvostama asia, herkkuja, huomiota tai leikkihetki, kyseinen k\u00e4ytt\u00e4ytyminen todenn\u00e4k\u00f6isesti toistuu. Kissan ja koiran sosiaalisen k\u00e4yt\u00f6ksen erot Kissaa ja koiraa verrataan usein toisiinsa. Niiden sosiaalisessa k\u00e4yt\u00f6ksess\u00e4 on eroa. Koirat ovat sosiaalisia laumael\u00e4imi\u00e4. Ne ovat vuosituhansien aikana hioneet viestint\u00e4taitojaan [&hellip;]","og_url":"https:\/\/sey.fi\/kissa\/kissa-oppii\/","og_site_name":"Kissatieto","article_modified_time":"2026-03-19T14:35:39+00:00","og_image":[{"width":354,"height":266,"url":"https:\/\/sey.fi\/wp-content\/uploads\/sites\/47\/2019\/12\/ki_antaa_tassua_tarja_hakala-koivusalo.jpg","type":"image\/jpeg"}],"twitter_card":"summary_large_image","twitter_misc":{"Arvioitu lukuaika":"5 minuuttia"},"schema":{"@context":"https:\/\/schema.org","@graph":[{"@type":"WebPage","@id":"https:\/\/sey.fi\/kissa\/kissa-oppii\/","url":"https:\/\/sey.fi\/kissa\/kissa-oppii\/","name":"Kissa oppii - Kissatieto","isPartOf":{"@id":"https:\/\/sey.fi\/kissa\/#website"},"primaryImageOfPage":{"@id":"https:\/\/sey.fi\/kissa\/kissa-oppii\/#primaryimage"},"image":{"@id":"https:\/\/sey.fi\/kissa\/kissa-oppii\/#primaryimage"},"thumbnailUrl":"https:\/\/sey.fi\/wp-content\/uploads\/sites\/47\/2019\/12\/ki_antaa_tassua_tarja_hakala-koivusalo.jpg","datePublished":"2019-12-09T13:11:12+00:00","dateModified":"2026-03-19T14:35:39+00:00","breadcrumb":{"@id":"https:\/\/sey.fi\/kissa\/kissa-oppii\/#breadcrumb"},"inLanguage":"fi","potentialAction":[{"@type":"ReadAction","target":["https:\/\/sey.fi\/kissa\/kissa-oppii\/"]}]},{"@type":"ImageObject","inLanguage":"fi","@id":"https:\/\/sey.fi\/kissa\/kissa-oppii\/#primaryimage","url":"https:\/\/sey.fi\/wp-content\/uploads\/sites\/47\/2019\/12\/ki_antaa_tassua_tarja_hakala-koivusalo.jpg","contentUrl":"https:\/\/sey.fi\/wp-content\/uploads\/sites\/47\/2019\/12\/ki_antaa_tassua_tarja_hakala-koivusalo.jpg","width":354,"height":266},{"@type":"BreadcrumbList","@id":"https:\/\/sey.fi\/kissa\/kissa-oppii\/#breadcrumb","itemListElement":[{"@type":"ListItem","position":1,"name":"Home","item":"https:\/\/sey.fi\/kissa\/"},{"@type":"ListItem","position":2,"name":"Kissa oppii"}]},{"@type":"WebSite","@id":"https:\/\/sey.fi\/kissa\/#website","url":"https:\/\/sey.fi\/kissa\/","name":"Kissatieto","description":"Uusi SEY J\u00e4senyhdistykset -sivusto","potentialAction":[{"@type":"SearchAction","target":{"@type":"EntryPoint","urlTemplate":"https:\/\/sey.fi\/kissa\/?s={search_term_string}"},"query-input":{"@type":"PropertyValueSpecification","valueRequired":true,"valueName":"search_term_string"}}],"inLanguage":"fi"}]}},"_links":{"self":[{"href":"https:\/\/sey.fi\/kissa\/wp-json\/wp\/v2\/pages\/173","targetHints":{"allow":["GET"]}}],"collection":[{"href":"https:\/\/sey.fi\/kissa\/wp-json\/wp\/v2\/pages"}],"about":[{"href":"https:\/\/sey.fi\/kissa\/wp-json\/wp\/v2\/types\/page"}],"author":[{"embeddable":true,"href":"https:\/\/sey.fi\/kissa\/wp-json\/wp\/v2\/users\/8"}],"replies":[{"embeddable":true,"href":"https:\/\/sey.fi\/kissa\/wp-json\/wp\/v2\/comments?post=173"}],"version-history":[{"count":6,"href":"https:\/\/sey.fi\/kissa\/wp-json\/wp\/v2\/pages\/173\/revisions"}],"predecessor-version":[{"id":621,"href":"https:\/\/sey.fi\/kissa\/wp-json\/wp\/v2\/pages\/173\/revisions\/621"}],"wp:featuredmedia":[{"embeddable":true,"href":"https:\/\/sey.fi\/kissa\/wp-json\/wp\/v2\/media\/174"}],"wp:attachment":[{"href":"https:\/\/sey.fi\/kissa\/wp-json\/wp\/v2\/media?parent=173"}],"curies":[{"name":"wp","href":"https:\/\/api.w.org\/{rel}","templated":true}]}}