{"id":176,"date":"2019-12-09T15:13:10","date_gmt":"2019-12-09T13:13:10","guid":{"rendered":"http:\/\/srvr10.xetpoint.com\/~seyfi\/kissatieto\/?page_id=176"},"modified":"2026-03-24T19:16:43","modified_gmt":"2026-03-24T17:16:43","slug":"kissan-ulkoilu","status":"publish","type":"page","link":"https:\/\/sey.fi\/kissa\/kissan-kayttaytymistarpeet\/kissan-ulkoilu\/","title":{"rendered":"Kissan ulkoilu"},"content":{"rendered":"\n<p class=\"has-text-align-right has-small-font-size\"><em>Kuva: Suvi Elo<\/em><\/p>\n\n\n\n<p>Ulkoilu tuo sis\u00e4kissan el\u00e4m\u00e4\u00e4n runsaasti virikkeit\u00e4 ja liikuntaa. Kissa ei kuitenkaan voi turvallisesti ulkoilla vapaasti kaupunkialueella. Maaseudulla petoel\u00e4imet voivat uhata kissan turvallisuutta.<\/p>\n\n\n\n<p>Monet kissat oppivat nauttimaan valjasulkoilusta omistajansa kanssa. \nOpettaminen valjaisiin ja taluttimeen on helpointa tehd\u00e4 jo pentuna, \nmutta aikuinenkin oppii, kunhan omistaja on rauhallinen ja \nk\u00e4rsiv\u00e4llinen.<\/p>\n\n\n\n<p>Valjaisiin totuttelu on syyt\u00e4 aloittaa sis\u00e4tiloissa. Kissaa palkitaan aluksi valjaiden l\u00e4hestymisest\u00e4 tai tutkimisesta, ja my\u00f6hemmin sit\u00e4 totutetaan valjailla koskettamiseen jne. Kissaa palkitaan harjoittelun aikana avok\u00e4tisesti herkuilla, ja etenemist\u00e4 hidastetaan, jos kissassa havaitaan pelon tai j\u00e4nnittymisen merkkej\u00e4. Kun kissa on tottunut valjaisiin ja taluttimeen sis\u00e4tiloissa, on aika siirty\u00e4 ulos.<\/p>\n\n\n\n<figure class=\"wp-block-image size-large\"><img loading=\"lazy\" decoding=\"async\" width=\"877\" height=\"1024\" src=\"https:\/\/sey.fi\/wp-content\/uploads\/sites\/47\/2026\/03\/kissan-ulkoilutus-877x1024.jpg\" alt=\"\" class=\"wp-image-640\" srcset=\"https:\/\/sey.fi\/wp-content\/uploads\/sites\/47\/2026\/03\/kissan-ulkoilutus-877x1024.jpg 877w, https:\/\/sey.fi\/wp-content\/uploads\/sites\/47\/2026\/03\/kissan-ulkoilutus-257x300.jpg 257w, https:\/\/sey.fi\/wp-content\/uploads\/sites\/47\/2026\/03\/kissan-ulkoilutus-768x897.jpg 768w, https:\/\/sey.fi\/wp-content\/uploads\/sites\/47\/2026\/03\/kissan-ulkoilutus-1315x1536.jpg 1315w, https:\/\/sey.fi\/wp-content\/uploads\/sites\/47\/2026\/03\/kissan-ulkoilutus-1753x2048.jpg 1753w\" sizes=\"auto, (max-width: 877px) 100vw, 877px\" \/><\/figure>\n\n\n\n<p>Ensimm\u00e4isill\u00e4 kerroilla kissa kannattaa vied\u00e4 ulos paikkaan, jossa on mahdollisimman v\u00e4h\u00e4n h\u00e4iri\u00f6tekij\u00f6it\u00e4, kuten liikennett\u00e4 tai muita ulkoilijoita. On hyv\u00e4 ottaa mukaan kissan kuljetuskoppa, ja etenkin aremman kissan kanssa ulkoillaan ensin vain kopasta ymp\u00e4rist\u00f6\u00e4 tarkastellen. Mik\u00e4li kissa joutuu paniikkiin, kokee se kiinnipit\u00e4v\u00e4n ihmisen uhkaksi ja saattaa raapia tai purra kipe\u00e4sti. Kissa voi my\u00f6s reuhtoa itsens\u00e4 irti valjaista ja kadota. Ulkoilevan kissan onkin aina hyv\u00e4 olla merkitty mikrosirulla, ja arkojen kissojen suhteen kannattaa edet\u00e4 \u00e4\u00e4rimm\u00e4isen varovasti.<\/p>\n\n\n\n<p>Omakotitalon tai rivitalon pihalle voi my\u00f6s rakentaa kissatarhan. Tarhassa kissa p\u00e4\u00e4see haistelemaan ulkoilmaa, tarkkailemaan lintuja ja hy\u00f6nteisi\u00e4 ja kokemaan monenlaisia aisti\u00e4rsykkeit\u00e4 turvallisesti. Moni kissa nauttii maailman tarkkailusta my\u00f6s turvallisesti verkotetulta ja lasitetulta parvekkeelta, ja t\u00e4llainen pienikin ulkoilumahdollisuus voi lis\u00e4t\u00e4 kissan hyvinvointia merkitt\u00e4v\u00e4sti.<\/p>\n","protected":false},"excerpt":{"rendered":"<p>Kuva: Suvi Elo Ulkoilu tuo sis\u00e4kissan el\u00e4m\u00e4\u00e4n runsaasti virikkeit\u00e4 ja liikuntaa. Kissa ei kuitenkaan voi turvallisesti ulkoilla vapaasti kaupunkialueella. Maaseudulla petoel\u00e4imet voivat uhata kissan turvallisuutta. Monet kissat oppivat nauttimaan valjasulkoilusta omistajansa kanssa. Opettaminen valjaisiin ja taluttimeen on helpointa tehd\u00e4 jo pentuna, mutta aikuinenkin oppii, kunhan omistaja on rauhallinen ja k\u00e4rsiv\u00e4llinen. Valjaisiin totuttelu on syyt\u00e4 aloittaa [&hellip;]<\/p>\n","protected":false},"author":8,"featured_media":636,"parent":146,"menu_order":0,"comment_status":"closed","ping_status":"closed","template":"","meta":{"_acf_changed":false,"footnotes":""},"class_list":["post-176","page","type-page","status-publish","has-post-thumbnail","hentry"],"acf":[],"yoast_head":"<!-- This site is optimized with the Yoast SEO plugin v27.1.1 - https:\/\/yoast.com\/product\/yoast-seo-wordpress\/ -->\n<title>Kissan ulkoilu - Kissatieto<\/title>\n<meta name=\"robots\" content=\"index, follow, max-snippet:-1, max-image-preview:large, max-video-preview:-1\" \/>\n<link rel=\"canonical\" href=\"https:\/\/sey.fi\/kissa\/kissan-kayttaytymistarpeet\/kissan-ulkoilu\/\" \/>\n<meta property=\"og:locale\" content=\"fi_FI\" \/>\n<meta property=\"og:type\" content=\"article\" \/>\n<meta property=\"og:title\" content=\"Kissan ulkoilu - Kissatieto\" \/>\n<meta property=\"og:description\" content=\"Kuva: Suvi Elo Ulkoilu tuo sis\u00e4kissan el\u00e4m\u00e4\u00e4n runsaasti virikkeit\u00e4 ja liikuntaa. Kissa ei kuitenkaan voi turvallisesti ulkoilla vapaasti kaupunkialueella. Maaseudulla petoel\u00e4imet voivat uhata kissan turvallisuutta. Monet kissat oppivat nauttimaan valjasulkoilusta omistajansa kanssa. Opettaminen valjaisiin ja taluttimeen on helpointa tehd\u00e4 jo pentuna, mutta aikuinenkin oppii, kunhan omistaja on rauhallinen ja k\u00e4rsiv\u00e4llinen. Valjaisiin totuttelu on syyt\u00e4 aloittaa [&hellip;]\" \/>\n<meta property=\"og:url\" content=\"https:\/\/sey.fi\/kissa\/kissan-kayttaytymistarpeet\/kissan-ulkoilu\/\" \/>\n<meta property=\"og:site_name\" content=\"Kissatieto\" \/>\n<meta property=\"article:modified_time\" content=\"2026-03-24T17:16:43+00:00\" \/>\n<meta property=\"og:image\" content=\"https:\/\/sey.fi\/wp-content\/uploads\/sites\/47\/2026\/03\/kissasivut-paakuvat.png\" \/>\n\t<meta property=\"og:image:width\" content=\"1280\" \/>\n\t<meta property=\"og:image:height\" content=\"640\" \/>\n\t<meta property=\"og:image:type\" content=\"image\/png\" \/>\n<meta name=\"twitter:card\" content=\"summary_large_image\" \/>\n<meta name=\"twitter:label1\" content=\"Arvioitu lukuaika\" \/>\n\t<meta name=\"twitter:data1\" content=\"2 minuuttia\" \/>\n<script type=\"application\/ld+json\" class=\"yoast-schema-graph\">{\"@context\":\"https:\/\/schema.org\",\"@graph\":[{\"@type\":\"WebPage\",\"@id\":\"https:\/\/sey.fi\/kissa\/kissan-kayttaytymistarpeet\/kissan-ulkoilu\/\",\"url\":\"https:\/\/sey.fi\/kissa\/kissan-kayttaytymistarpeet\/kissan-ulkoilu\/\",\"name\":\"Kissan ulkoilu - Kissatieto\",\"isPartOf\":{\"@id\":\"https:\/\/sey.fi\/kissa\/#website\"},\"primaryImageOfPage\":{\"@id\":\"https:\/\/sey.fi\/kissa\/kissan-kayttaytymistarpeet\/kissan-ulkoilu\/#primaryimage\"},\"image\":{\"@id\":\"https:\/\/sey.fi\/kissa\/kissan-kayttaytymistarpeet\/kissan-ulkoilu\/#primaryimage\"},\"thumbnailUrl\":\"https:\/\/sey.fi\/wp-content\/uploads\/sites\/47\/2026\/03\/kissasivut-paakuvat.png\",\"datePublished\":\"2019-12-09T13:13:10+00:00\",\"dateModified\":\"2026-03-24T17:16:43+00:00\",\"breadcrumb\":{\"@id\":\"https:\/\/sey.fi\/kissa\/kissan-kayttaytymistarpeet\/kissan-ulkoilu\/#breadcrumb\"},\"inLanguage\":\"fi\",\"potentialAction\":[{\"@type\":\"ReadAction\",\"target\":[\"https:\/\/sey.fi\/kissa\/kissan-kayttaytymistarpeet\/kissan-ulkoilu\/\"]}]},{\"@type\":\"ImageObject\",\"inLanguage\":\"fi\",\"@id\":\"https:\/\/sey.fi\/kissa\/kissan-kayttaytymistarpeet\/kissan-ulkoilu\/#primaryimage\",\"url\":\"https:\/\/sey.fi\/wp-content\/uploads\/sites\/47\/2026\/03\/kissasivut-paakuvat.png\",\"contentUrl\":\"https:\/\/sey.fi\/wp-content\/uploads\/sites\/47\/2026\/03\/kissasivut-paakuvat.png\",\"width\":1280,\"height\":640,\"caption\":\"kaksi kissaa kes\u00e4ll\u00e4 suuressa pihalle rakennetussa ulkotarhassa\"},{\"@type\":\"BreadcrumbList\",\"@id\":\"https:\/\/sey.fi\/kissa\/kissan-kayttaytymistarpeet\/kissan-ulkoilu\/#breadcrumb\",\"itemListElement\":[{\"@type\":\"ListItem\",\"position\":1,\"name\":\"Home\",\"item\":\"https:\/\/sey.fi\/kissa\/\"},{\"@type\":\"ListItem\",\"position\":2,\"name\":\"Kissan k\u00e4ytt\u00e4ytymistarpeet\",\"item\":\"https:\/\/sey.fi\/kissa\/kissan-kayttaytymistarpeet\/\"},{\"@type\":\"ListItem\",\"position\":3,\"name\":\"Kissan ulkoilu\"}]},{\"@type\":\"WebSite\",\"@id\":\"https:\/\/sey.fi\/kissa\/#website\",\"url\":\"https:\/\/sey.fi\/kissa\/\",\"name\":\"Kissatieto\",\"description\":\"Uusi SEY J\u00e4senyhdistykset -sivusto\",\"potentialAction\":[{\"@type\":\"SearchAction\",\"target\":{\"@type\":\"EntryPoint\",\"urlTemplate\":\"https:\/\/sey.fi\/kissa\/?s={search_term_string}\"},\"query-input\":{\"@type\":\"PropertyValueSpecification\",\"valueRequired\":true,\"valueName\":\"search_term_string\"}}],\"inLanguage\":\"fi\"}]}<\/script>\n<!-- \/ Yoast SEO plugin. -->","yoast_head_json":{"title":"Kissan ulkoilu - Kissatieto","robots":{"index":"index","follow":"follow","max-snippet":"max-snippet:-1","max-image-preview":"max-image-preview:large","max-video-preview":"max-video-preview:-1"},"canonical":"https:\/\/sey.fi\/kissa\/kissan-kayttaytymistarpeet\/kissan-ulkoilu\/","og_locale":"fi_FI","og_type":"article","og_title":"Kissan ulkoilu - Kissatieto","og_description":"Kuva: Suvi Elo Ulkoilu tuo sis\u00e4kissan el\u00e4m\u00e4\u00e4n runsaasti virikkeit\u00e4 ja liikuntaa. Kissa ei kuitenkaan voi turvallisesti ulkoilla vapaasti kaupunkialueella. Maaseudulla petoel\u00e4imet voivat uhata kissan turvallisuutta. Monet kissat oppivat nauttimaan valjasulkoilusta omistajansa kanssa. Opettaminen valjaisiin ja taluttimeen on helpointa tehd\u00e4 jo pentuna, mutta aikuinenkin oppii, kunhan omistaja on rauhallinen ja k\u00e4rsiv\u00e4llinen. Valjaisiin totuttelu on syyt\u00e4 aloittaa [&hellip;]","og_url":"https:\/\/sey.fi\/kissa\/kissan-kayttaytymistarpeet\/kissan-ulkoilu\/","og_site_name":"Kissatieto","article_modified_time":"2026-03-24T17:16:43+00:00","og_image":[{"width":1280,"height":640,"url":"https:\/\/sey.fi\/wp-content\/uploads\/sites\/47\/2026\/03\/kissasivut-paakuvat.png","type":"image\/png"}],"twitter_card":"summary_large_image","twitter_misc":{"Arvioitu lukuaika":"2 minuuttia"},"schema":{"@context":"https:\/\/schema.org","@graph":[{"@type":"WebPage","@id":"https:\/\/sey.fi\/kissa\/kissan-kayttaytymistarpeet\/kissan-ulkoilu\/","url":"https:\/\/sey.fi\/kissa\/kissan-kayttaytymistarpeet\/kissan-ulkoilu\/","name":"Kissan ulkoilu - Kissatieto","isPartOf":{"@id":"https:\/\/sey.fi\/kissa\/#website"},"primaryImageOfPage":{"@id":"https:\/\/sey.fi\/kissa\/kissan-kayttaytymistarpeet\/kissan-ulkoilu\/#primaryimage"},"image":{"@id":"https:\/\/sey.fi\/kissa\/kissan-kayttaytymistarpeet\/kissan-ulkoilu\/#primaryimage"},"thumbnailUrl":"https:\/\/sey.fi\/wp-content\/uploads\/sites\/47\/2026\/03\/kissasivut-paakuvat.png","datePublished":"2019-12-09T13:13:10+00:00","dateModified":"2026-03-24T17:16:43+00:00","breadcrumb":{"@id":"https:\/\/sey.fi\/kissa\/kissan-kayttaytymistarpeet\/kissan-ulkoilu\/#breadcrumb"},"inLanguage":"fi","potentialAction":[{"@type":"ReadAction","target":["https:\/\/sey.fi\/kissa\/kissan-kayttaytymistarpeet\/kissan-ulkoilu\/"]}]},{"@type":"ImageObject","inLanguage":"fi","@id":"https:\/\/sey.fi\/kissa\/kissan-kayttaytymistarpeet\/kissan-ulkoilu\/#primaryimage","url":"https:\/\/sey.fi\/wp-content\/uploads\/sites\/47\/2026\/03\/kissasivut-paakuvat.png","contentUrl":"https:\/\/sey.fi\/wp-content\/uploads\/sites\/47\/2026\/03\/kissasivut-paakuvat.png","width":1280,"height":640,"caption":"kaksi kissaa kes\u00e4ll\u00e4 suuressa pihalle rakennetussa ulkotarhassa"},{"@type":"BreadcrumbList","@id":"https:\/\/sey.fi\/kissa\/kissan-kayttaytymistarpeet\/kissan-ulkoilu\/#breadcrumb","itemListElement":[{"@type":"ListItem","position":1,"name":"Home","item":"https:\/\/sey.fi\/kissa\/"},{"@type":"ListItem","position":2,"name":"Kissan k\u00e4ytt\u00e4ytymistarpeet","item":"https:\/\/sey.fi\/kissa\/kissan-kayttaytymistarpeet\/"},{"@type":"ListItem","position":3,"name":"Kissan ulkoilu"}]},{"@type":"WebSite","@id":"https:\/\/sey.fi\/kissa\/#website","url":"https:\/\/sey.fi\/kissa\/","name":"Kissatieto","description":"Uusi SEY J\u00e4senyhdistykset -sivusto","potentialAction":[{"@type":"SearchAction","target":{"@type":"EntryPoint","urlTemplate":"https:\/\/sey.fi\/kissa\/?s={search_term_string}"},"query-input":{"@type":"PropertyValueSpecification","valueRequired":true,"valueName":"search_term_string"}}],"inLanguage":"fi"}]}},"_links":{"self":[{"href":"https:\/\/sey.fi\/kissa\/wp-json\/wp\/v2\/pages\/176","targetHints":{"allow":["GET"]}}],"collection":[{"href":"https:\/\/sey.fi\/kissa\/wp-json\/wp\/v2\/pages"}],"about":[{"href":"https:\/\/sey.fi\/kissa\/wp-json\/wp\/v2\/types\/page"}],"author":[{"embeddable":true,"href":"https:\/\/sey.fi\/kissa\/wp-json\/wp\/v2\/users\/8"}],"replies":[{"embeddable":true,"href":"https:\/\/sey.fi\/kissa\/wp-json\/wp\/v2\/comments?post=176"}],"version-history":[{"count":3,"href":"https:\/\/sey.fi\/kissa\/wp-json\/wp\/v2\/pages\/176\/revisions"}],"predecessor-version":[{"id":641,"href":"https:\/\/sey.fi\/kissa\/wp-json\/wp\/v2\/pages\/176\/revisions\/641"}],"up":[{"embeddable":true,"href":"https:\/\/sey.fi\/kissa\/wp-json\/wp\/v2\/pages\/146"}],"wp:featuredmedia":[{"embeddable":true,"href":"https:\/\/sey.fi\/kissa\/wp-json\/wp\/v2\/media\/636"}],"wp:attachment":[{"href":"https:\/\/sey.fi\/kissa\/wp-json\/wp\/v2\/media?parent=176"}],"curies":[{"name":"wp","href":"https:\/\/api.w.org\/{rel}","templated":true}]}}