{"id":182,"date":"2019-12-09T15:17:08","date_gmt":"2019-12-09T13:17:08","guid":{"rendered":"http:\/\/srvr10.xetpoint.com\/~seyfi\/kissatieto\/?page_id=182"},"modified":"2026-03-24T19:19:11","modified_gmt":"2026-03-24T17:19:11","slug":"kissalle-kaveri","status":"publish","type":"page","link":"https:\/\/sey.fi\/kissa\/kissalle-kaveri\/","title":{"rendered":"Kissalle kaveri?"},"content":{"rendered":"\n<p class=\"has-text-align-right has-small-font-size\">Kuva: Sonja Nurmi-Tuominen<\/p>\n\n\n\n<p>Mik\u00e4li kahden kissan v\u00e4lille muodostuu yst\u00e4vyyssuhde, voi se lis\u00e4t\u00e4 kissan hyvinvointia paljonkin. Kissat pit\u00e4v\u00e4t seuraa toisilleen my\u00f6s silloin, kun omistaja on poissa kotoa, ja monet yst\u00e4vykset toteuttavat riehakkaita leikkituokioita kesken\u00e4\u00e4n. Jos kissat kuitenkin viett\u00e4v\u00e4t aikaa mieluiten eri tiloissa tai jopa aktiivisesti v\u00e4lttelev\u00e4t toisiaan, ei lajitoverin l\u00e4sn\u00e4olo lis\u00e4\u00e4 niiden hyvinvointia. Toisiinsa vihamielisesti tai pelokkaasti suhtautuvia kissoja ei tietenk\u00e4\u00e4n pid\u00e4 majoittaa saman katon alla.<\/p>\n\n\n\n<p>Kissojen yhteiselo onnistuu varmimmin silloin, kun hankitaan samaan aikaan kaksi pentua samasta pentueesta tai yhdess\u00e4 koko el\u00e4m\u00e4ns\u00e4 viett\u00e4neet, l\u00e4heisiss\u00e4 v\u00e4leiss\u00e4 olevat sisaruskissat. Toisilleen vieraiden aikuisten yksil\u00f6iden v\u00e4lisen suhteen kannalta on hyvin t\u00e4rke\u00e4\u00e4 tehd\u00e4 tutustuttaminen hitaasti ja suunnitelmallisesti, ja lopputulema on aina ep\u00e4varmempi.<\/p>\n\n\n\n<p>Lue my\u00f6s: <a href=\"https:\/\/sey.fi\/kissa\/yksi-vai-kaksi-kissaa\/\">Yksi vai kaksi kissaa?<\/a><\/p>\n","protected":false},"excerpt":{"rendered":"<p>Kuva: Sonja Nurmi-Tuominen Mik\u00e4li kahden kissan v\u00e4lille muodostuu yst\u00e4vyyssuhde, voi se lis\u00e4t\u00e4 kissan hyvinvointia paljonkin. Kissat pit\u00e4v\u00e4t seuraa toisilleen my\u00f6s silloin, kun omistaja on poissa kotoa, ja monet yst\u00e4vykset toteuttavat riehakkaita leikkituokioita kesken\u00e4\u00e4n. Jos kissat kuitenkin viett\u00e4v\u00e4t aikaa mieluiten eri tiloissa tai jopa aktiivisesti v\u00e4lttelev\u00e4t toisiaan, ei lajitoverin l\u00e4sn\u00e4olo lis\u00e4\u00e4 niiden hyvinvointia. Toisiinsa vihamielisesti tai [&hellip;]<\/p>\n","protected":false},"author":8,"featured_media":183,"parent":0,"menu_order":0,"comment_status":"closed","ping_status":"closed","template":"","meta":{"_acf_changed":false,"footnotes":""},"class_list":["post-182","page","type-page","status-publish","has-post-thumbnail","hentry"],"acf":[],"yoast_head":"<!-- This site is optimized with the Yoast SEO plugin v27.1.1 - https:\/\/yoast.com\/product\/yoast-seo-wordpress\/ -->\n<title>Kissalle kaveri? - Kissatieto<\/title>\n<meta name=\"robots\" content=\"index, follow, max-snippet:-1, max-image-preview:large, max-video-preview:-1\" \/>\n<link rel=\"canonical\" href=\"https:\/\/sey.fi\/kissa\/kissalle-kaveri\/\" \/>\n<meta property=\"og:locale\" content=\"fi_FI\" \/>\n<meta property=\"og:type\" content=\"article\" \/>\n<meta property=\"og:title\" content=\"Kissalle kaveri? - Kissatieto\" \/>\n<meta property=\"og:description\" content=\"Kuva: Sonja Nurmi-Tuominen Mik\u00e4li kahden kissan v\u00e4lille muodostuu yst\u00e4vyyssuhde, voi se lis\u00e4t\u00e4 kissan hyvinvointia paljonkin. Kissat pit\u00e4v\u00e4t seuraa toisilleen my\u00f6s silloin, kun omistaja on poissa kotoa, ja monet yst\u00e4vykset toteuttavat riehakkaita leikkituokioita kesken\u00e4\u00e4n. Jos kissat kuitenkin viett\u00e4v\u00e4t aikaa mieluiten eri tiloissa tai jopa aktiivisesti v\u00e4lttelev\u00e4t toisiaan, ei lajitoverin l\u00e4sn\u00e4olo lis\u00e4\u00e4 niiden hyvinvointia. Toisiinsa vihamielisesti tai [&hellip;]\" \/>\n<meta property=\"og:url\" content=\"https:\/\/sey.fi\/kissa\/kissalle-kaveri\/\" \/>\n<meta property=\"og:site_name\" content=\"Kissatieto\" \/>\n<meta property=\"article:modified_time\" content=\"2026-03-24T17:19:11+00:00\" \/>\n<meta property=\"og:image\" content=\"https:\/\/sey.fi\/wp-content\/uploads\/sites\/47\/2019\/12\/kissakaverit_sonja_nurmi-tuominen.jpg\" \/>\n\t<meta property=\"og:image:width\" content=\"410\" \/>\n\t<meta property=\"og:image:height\" content=\"308\" \/>\n\t<meta property=\"og:image:type\" content=\"image\/jpeg\" \/>\n<meta name=\"twitter:card\" content=\"summary_large_image\" \/>\n<meta name=\"twitter:label1\" content=\"Arvioitu lukuaika\" \/>\n\t<meta name=\"twitter:data1\" content=\"1 minuutti\" \/>\n<script type=\"application\/ld+json\" class=\"yoast-schema-graph\">{\"@context\":\"https:\/\/schema.org\",\"@graph\":[{\"@type\":\"WebPage\",\"@id\":\"https:\/\/sey.fi\/kissa\/kissalle-kaveri\/\",\"url\":\"https:\/\/sey.fi\/kissa\/kissalle-kaveri\/\",\"name\":\"Kissalle kaveri? - Kissatieto\",\"isPartOf\":{\"@id\":\"https:\/\/sey.fi\/kissa\/#website\"},\"primaryImageOfPage\":{\"@id\":\"https:\/\/sey.fi\/kissa\/kissalle-kaveri\/#primaryimage\"},\"image\":{\"@id\":\"https:\/\/sey.fi\/kissa\/kissalle-kaveri\/#primaryimage\"},\"thumbnailUrl\":\"https:\/\/sey.fi\/wp-content\/uploads\/sites\/47\/2019\/12\/kissakaverit_sonja_nurmi-tuominen.jpg\",\"datePublished\":\"2019-12-09T13:17:08+00:00\",\"dateModified\":\"2026-03-24T17:19:11+00:00\",\"breadcrumb\":{\"@id\":\"https:\/\/sey.fi\/kissa\/kissalle-kaveri\/#breadcrumb\"},\"inLanguage\":\"fi\",\"potentialAction\":[{\"@type\":\"ReadAction\",\"target\":[\"https:\/\/sey.fi\/kissa\/kissalle-kaveri\/\"]}]},{\"@type\":\"ImageObject\",\"inLanguage\":\"fi\",\"@id\":\"https:\/\/sey.fi\/kissa\/kissalle-kaveri\/#primaryimage\",\"url\":\"https:\/\/sey.fi\/wp-content\/uploads\/sites\/47\/2019\/12\/kissakaverit_sonja_nurmi-tuominen.jpg\",\"contentUrl\":\"https:\/\/sey.fi\/wp-content\/uploads\/sites\/47\/2019\/12\/kissakaverit_sonja_nurmi-tuominen.jpg\",\"width\":410,\"height\":308},{\"@type\":\"BreadcrumbList\",\"@id\":\"https:\/\/sey.fi\/kissa\/kissalle-kaveri\/#breadcrumb\",\"itemListElement\":[{\"@type\":\"ListItem\",\"position\":1,\"name\":\"Home\",\"item\":\"https:\/\/sey.fi\/kissa\/\"},{\"@type\":\"ListItem\",\"position\":2,\"name\":\"Kissalle kaveri?\"}]},{\"@type\":\"WebSite\",\"@id\":\"https:\/\/sey.fi\/kissa\/#website\",\"url\":\"https:\/\/sey.fi\/kissa\/\",\"name\":\"Kissatieto\",\"description\":\"Uusi SEY J\u00e4senyhdistykset -sivusto\",\"potentialAction\":[{\"@type\":\"SearchAction\",\"target\":{\"@type\":\"EntryPoint\",\"urlTemplate\":\"https:\/\/sey.fi\/kissa\/?s={search_term_string}\"},\"query-input\":{\"@type\":\"PropertyValueSpecification\",\"valueRequired\":true,\"valueName\":\"search_term_string\"}}],\"inLanguage\":\"fi\"}]}<\/script>\n<!-- \/ Yoast SEO plugin. -->","yoast_head_json":{"title":"Kissalle kaveri? - Kissatieto","robots":{"index":"index","follow":"follow","max-snippet":"max-snippet:-1","max-image-preview":"max-image-preview:large","max-video-preview":"max-video-preview:-1"},"canonical":"https:\/\/sey.fi\/kissa\/kissalle-kaveri\/","og_locale":"fi_FI","og_type":"article","og_title":"Kissalle kaveri? - Kissatieto","og_description":"Kuva: Sonja Nurmi-Tuominen Mik\u00e4li kahden kissan v\u00e4lille muodostuu yst\u00e4vyyssuhde, voi se lis\u00e4t\u00e4 kissan hyvinvointia paljonkin. Kissat pit\u00e4v\u00e4t seuraa toisilleen my\u00f6s silloin, kun omistaja on poissa kotoa, ja monet yst\u00e4vykset toteuttavat riehakkaita leikkituokioita kesken\u00e4\u00e4n. Jos kissat kuitenkin viett\u00e4v\u00e4t aikaa mieluiten eri tiloissa tai jopa aktiivisesti v\u00e4lttelev\u00e4t toisiaan, ei lajitoverin l\u00e4sn\u00e4olo lis\u00e4\u00e4 niiden hyvinvointia. Toisiinsa vihamielisesti tai [&hellip;]","og_url":"https:\/\/sey.fi\/kissa\/kissalle-kaveri\/","og_site_name":"Kissatieto","article_modified_time":"2026-03-24T17:19:11+00:00","og_image":[{"width":410,"height":308,"url":"https:\/\/sey.fi\/wp-content\/uploads\/sites\/47\/2019\/12\/kissakaverit_sonja_nurmi-tuominen.jpg","type":"image\/jpeg"}],"twitter_card":"summary_large_image","twitter_misc":{"Arvioitu lukuaika":"1 minuutti"},"schema":{"@context":"https:\/\/schema.org","@graph":[{"@type":"WebPage","@id":"https:\/\/sey.fi\/kissa\/kissalle-kaveri\/","url":"https:\/\/sey.fi\/kissa\/kissalle-kaveri\/","name":"Kissalle kaveri? - Kissatieto","isPartOf":{"@id":"https:\/\/sey.fi\/kissa\/#website"},"primaryImageOfPage":{"@id":"https:\/\/sey.fi\/kissa\/kissalle-kaveri\/#primaryimage"},"image":{"@id":"https:\/\/sey.fi\/kissa\/kissalle-kaveri\/#primaryimage"},"thumbnailUrl":"https:\/\/sey.fi\/wp-content\/uploads\/sites\/47\/2019\/12\/kissakaverit_sonja_nurmi-tuominen.jpg","datePublished":"2019-12-09T13:17:08+00:00","dateModified":"2026-03-24T17:19:11+00:00","breadcrumb":{"@id":"https:\/\/sey.fi\/kissa\/kissalle-kaveri\/#breadcrumb"},"inLanguage":"fi","potentialAction":[{"@type":"ReadAction","target":["https:\/\/sey.fi\/kissa\/kissalle-kaveri\/"]}]},{"@type":"ImageObject","inLanguage":"fi","@id":"https:\/\/sey.fi\/kissa\/kissalle-kaveri\/#primaryimage","url":"https:\/\/sey.fi\/wp-content\/uploads\/sites\/47\/2019\/12\/kissakaverit_sonja_nurmi-tuominen.jpg","contentUrl":"https:\/\/sey.fi\/wp-content\/uploads\/sites\/47\/2019\/12\/kissakaverit_sonja_nurmi-tuominen.jpg","width":410,"height":308},{"@type":"BreadcrumbList","@id":"https:\/\/sey.fi\/kissa\/kissalle-kaveri\/#breadcrumb","itemListElement":[{"@type":"ListItem","position":1,"name":"Home","item":"https:\/\/sey.fi\/kissa\/"},{"@type":"ListItem","position":2,"name":"Kissalle kaveri?"}]},{"@type":"WebSite","@id":"https:\/\/sey.fi\/kissa\/#website","url":"https:\/\/sey.fi\/kissa\/","name":"Kissatieto","description":"Uusi SEY J\u00e4senyhdistykset -sivusto","potentialAction":[{"@type":"SearchAction","target":{"@type":"EntryPoint","urlTemplate":"https:\/\/sey.fi\/kissa\/?s={search_term_string}"},"query-input":{"@type":"PropertyValueSpecification","valueRequired":true,"valueName":"search_term_string"}}],"inLanguage":"fi"}]}},"_links":{"self":[{"href":"https:\/\/sey.fi\/kissa\/wp-json\/wp\/v2\/pages\/182","targetHints":{"allow":["GET"]}}],"collection":[{"href":"https:\/\/sey.fi\/kissa\/wp-json\/wp\/v2\/pages"}],"about":[{"href":"https:\/\/sey.fi\/kissa\/wp-json\/wp\/v2\/types\/page"}],"author":[{"embeddable":true,"href":"https:\/\/sey.fi\/kissa\/wp-json\/wp\/v2\/users\/8"}],"replies":[{"embeddable":true,"href":"https:\/\/sey.fi\/kissa\/wp-json\/wp\/v2\/comments?post=182"}],"version-history":[{"count":2,"href":"https:\/\/sey.fi\/kissa\/wp-json\/wp\/v2\/pages\/182\/revisions"}],"predecessor-version":[{"id":643,"href":"https:\/\/sey.fi\/kissa\/wp-json\/wp\/v2\/pages\/182\/revisions\/643"}],"wp:featuredmedia":[{"embeddable":true,"href":"https:\/\/sey.fi\/kissa\/wp-json\/wp\/v2\/media\/183"}],"wp:attachment":[{"href":"https:\/\/sey.fi\/kissa\/wp-json\/wp\/v2\/media?parent=182"}],"curies":[{"name":"wp","href":"https:\/\/api.w.org\/{rel}","templated":true}]}}