{"id":19,"date":"2019-12-09T12:47:38","date_gmt":"2019-12-09T10:47:38","guid":{"rendered":"http:\/\/srvr10.xetpoint.com\/~seyfi\/kissatieto\/?page_id=19"},"modified":"2019-12-09T12:47:41","modified_gmt":"2019-12-09T10:47:41","slug":"matka-afrikasta-pohjolan-perukoille","status":"publish","type":"page","link":"https:\/\/sey.fi\/kissa\/kissat\/kotikissan-historia\/matka-afrikasta-pohjolan-perukoille\/","title":{"rendered":"Matka Afrikasta pohjolan perukoille"},"content":{"rendered":"\n<p><em>Kuva: Suvi Elo<\/em><\/p>\n\n\n\n<p>Syntysijoiltaan kesykissa matkasi eri puolille maailmaa kauppiaiden  mukana. My\u00f6s Antiikin Rooman laajeneminen vei hiirenpyydyksi\u00e4 uusille  seuduille. Arkeologisten l\u00f6yt\u00f6jen perusteella on todettu, ett\u00e4 Suomeen  kissa saapui 800 \u2013 1000 jaa. Arvellaan, ett\u00e4 kissa on p\u00e4\u00e4tynyt  pohjolaan, muiden ulkomaisten arvoesineiden tapaan, viikinkien matkassa. <\/p>\n","protected":false},"excerpt":{"rendered":"<p>Kuva: Suvi Elo Syntysijoiltaan kesykissa matkasi eri puolille maailmaa kauppiaiden mukana. My\u00f6s Antiikin Rooman laajeneminen vei hiirenpyydyksi\u00e4 uusille seuduille. Arkeologisten l\u00f6yt\u00f6jen perusteella on todettu, ett\u00e4 Suomeen kissa saapui 800 \u2013 1000 jaa. Arvellaan, ett\u00e4 kissa on p\u00e4\u00e4tynyt pohjolaan, muiden ulkomaisten arvoesineiden tapaan, viikinkien matkassa.<\/p>\n","protected":false},"author":8,"featured_media":20,"parent":13,"menu_order":0,"comment_status":"closed","ping_status":"closed","template":"","meta":{"_acf_changed":false,"footnotes":""},"class_list":["post-19","page","type-page","status-publish","has-post-thumbnail","hentry"],"acf":[],"yoast_head":"<!-- This site is optimized with the Yoast SEO plugin v27.1.1 - https:\/\/yoast.com\/product\/yoast-seo-wordpress\/ -->\n<title>Matka Afrikasta pohjolan perukoille - Kissatieto<\/title>\n<meta name=\"robots\" content=\"index, follow, max-snippet:-1, max-image-preview:large, max-video-preview:-1\" \/>\n<link rel=\"canonical\" href=\"https:\/\/sey.fi\/kissa\/kissat\/kotikissan-historia\/matka-afrikasta-pohjolan-perukoille\/\" \/>\n<meta property=\"og:locale\" content=\"fi_FI\" \/>\n<meta property=\"og:type\" content=\"article\" \/>\n<meta property=\"og:title\" content=\"Matka Afrikasta pohjolan perukoille - Kissatieto\" \/>\n<meta property=\"og:description\" content=\"Kuva: Suvi Elo Syntysijoiltaan kesykissa matkasi eri puolille maailmaa kauppiaiden mukana. My\u00f6s Antiikin Rooman laajeneminen vei hiirenpyydyksi\u00e4 uusille seuduille. Arkeologisten l\u00f6yt\u00f6jen perusteella on todettu, ett\u00e4 Suomeen kissa saapui 800 \u2013 1000 jaa. Arvellaan, ett\u00e4 kissa on p\u00e4\u00e4tynyt pohjolaan, muiden ulkomaisten arvoesineiden tapaan, viikinkien matkassa.\" \/>\n<meta property=\"og:url\" content=\"https:\/\/sey.fi\/kissa\/kissat\/kotikissan-historia\/matka-afrikasta-pohjolan-perukoille\/\" \/>\n<meta property=\"og:site_name\" content=\"Kissatieto\" \/>\n<meta property=\"article:modified_time\" content=\"2019-12-09T10:47:41+00:00\" \/>\n<meta property=\"og:image\" content=\"https:\/\/sey.fi\/wp-content\/uploads\/sites\/47\/2019\/12\/258_suvi_elo.jpg\" \/>\n\t<meta property=\"og:image:width\" content=\"410\" \/>\n\t<meta property=\"og:image:height\" content=\"273\" \/>\n\t<meta property=\"og:image:type\" content=\"image\/jpeg\" \/>\n<meta name=\"twitter:card\" content=\"summary_large_image\" \/>\n<script type=\"application\/ld+json\" class=\"yoast-schema-graph\">{\"@context\":\"https:\/\/schema.org\",\"@graph\":[{\"@type\":\"WebPage\",\"@id\":\"https:\/\/sey.fi\/kissa\/kissat\/kotikissan-historia\/matka-afrikasta-pohjolan-perukoille\/\",\"url\":\"https:\/\/sey.fi\/kissa\/kissat\/kotikissan-historia\/matka-afrikasta-pohjolan-perukoille\/\",\"name\":\"Matka Afrikasta pohjolan perukoille - Kissatieto\",\"isPartOf\":{\"@id\":\"https:\/\/sey.fi\/kissa\/#website\"},\"primaryImageOfPage\":{\"@id\":\"https:\/\/sey.fi\/kissa\/kissat\/kotikissan-historia\/matka-afrikasta-pohjolan-perukoille\/#primaryimage\"},\"image\":{\"@id\":\"https:\/\/sey.fi\/kissa\/kissat\/kotikissan-historia\/matka-afrikasta-pohjolan-perukoille\/#primaryimage\"},\"thumbnailUrl\":\"https:\/\/sey.fi\/wp-content\/uploads\/sites\/47\/2019\/12\/258_suvi_elo.jpg\",\"datePublished\":\"2019-12-09T10:47:38+00:00\",\"dateModified\":\"2019-12-09T10:47:41+00:00\",\"breadcrumb\":{\"@id\":\"https:\/\/sey.fi\/kissa\/kissat\/kotikissan-historia\/matka-afrikasta-pohjolan-perukoille\/#breadcrumb\"},\"inLanguage\":\"fi\",\"potentialAction\":[{\"@type\":\"ReadAction\",\"target\":[\"https:\/\/sey.fi\/kissa\/kissat\/kotikissan-historia\/matka-afrikasta-pohjolan-perukoille\/\"]}]},{\"@type\":\"ImageObject\",\"inLanguage\":\"fi\",\"@id\":\"https:\/\/sey.fi\/kissa\/kissat\/kotikissan-historia\/matka-afrikasta-pohjolan-perukoille\/#primaryimage\",\"url\":\"https:\/\/sey.fi\/wp-content\/uploads\/sites\/47\/2019\/12\/258_suvi_elo.jpg\",\"contentUrl\":\"https:\/\/sey.fi\/wp-content\/uploads\/sites\/47\/2019\/12\/258_suvi_elo.jpg\",\"width\":410,\"height\":273,\"caption\":\"Kuva: Suvi Elo\"},{\"@type\":\"BreadcrumbList\",\"@id\":\"https:\/\/sey.fi\/kissa\/kissat\/kotikissan-historia\/matka-afrikasta-pohjolan-perukoille\/#breadcrumb\",\"itemListElement\":[{\"@type\":\"ListItem\",\"position\":1,\"name\":\"Home\",\"item\":\"https:\/\/sey.fi\/kissa\/\"},{\"@type\":\"ListItem\",\"position\":2,\"name\":\"Kissatieto\",\"item\":\"https:\/\/sey.fi\/kissa\/\"},{\"@type\":\"ListItem\",\"position\":3,\"name\":\"Kotikissan historia \u2013 Afrikan savanneilta kotisohvalle\",\"item\":\"https:\/\/sey.fi\/kissa\/kissat\/kotikissan-historia\/\"},{\"@type\":\"ListItem\",\"position\":4,\"name\":\"Matka Afrikasta pohjolan perukoille\"}]},{\"@type\":\"WebSite\",\"@id\":\"https:\/\/sey.fi\/kissa\/#website\",\"url\":\"https:\/\/sey.fi\/kissa\/\",\"name\":\"Kissatieto\",\"description\":\"Uusi SEY J\u00e4senyhdistykset -sivusto\",\"potentialAction\":[{\"@type\":\"SearchAction\",\"target\":{\"@type\":\"EntryPoint\",\"urlTemplate\":\"https:\/\/sey.fi\/kissa\/?s={search_term_string}\"},\"query-input\":{\"@type\":\"PropertyValueSpecification\",\"valueRequired\":true,\"valueName\":\"search_term_string\"}}],\"inLanguage\":\"fi\"}]}<\/script>\n<!-- \/ Yoast SEO plugin. -->","yoast_head_json":{"title":"Matka Afrikasta pohjolan perukoille - Kissatieto","robots":{"index":"index","follow":"follow","max-snippet":"max-snippet:-1","max-image-preview":"max-image-preview:large","max-video-preview":"max-video-preview:-1"},"canonical":"https:\/\/sey.fi\/kissa\/kissat\/kotikissan-historia\/matka-afrikasta-pohjolan-perukoille\/","og_locale":"fi_FI","og_type":"article","og_title":"Matka Afrikasta pohjolan perukoille - Kissatieto","og_description":"Kuva: Suvi Elo Syntysijoiltaan kesykissa matkasi eri puolille maailmaa kauppiaiden mukana. My\u00f6s Antiikin Rooman laajeneminen vei hiirenpyydyksi\u00e4 uusille seuduille. Arkeologisten l\u00f6yt\u00f6jen perusteella on todettu, ett\u00e4 Suomeen kissa saapui 800 \u2013 1000 jaa. Arvellaan, ett\u00e4 kissa on p\u00e4\u00e4tynyt pohjolaan, muiden ulkomaisten arvoesineiden tapaan, viikinkien matkassa.","og_url":"https:\/\/sey.fi\/kissa\/kissat\/kotikissan-historia\/matka-afrikasta-pohjolan-perukoille\/","og_site_name":"Kissatieto","article_modified_time":"2019-12-09T10:47:41+00:00","og_image":[{"width":410,"height":273,"url":"https:\/\/sey.fi\/wp-content\/uploads\/sites\/47\/2019\/12\/258_suvi_elo.jpg","type":"image\/jpeg"}],"twitter_card":"summary_large_image","schema":{"@context":"https:\/\/schema.org","@graph":[{"@type":"WebPage","@id":"https:\/\/sey.fi\/kissa\/kissat\/kotikissan-historia\/matka-afrikasta-pohjolan-perukoille\/","url":"https:\/\/sey.fi\/kissa\/kissat\/kotikissan-historia\/matka-afrikasta-pohjolan-perukoille\/","name":"Matka Afrikasta pohjolan perukoille - Kissatieto","isPartOf":{"@id":"https:\/\/sey.fi\/kissa\/#website"},"primaryImageOfPage":{"@id":"https:\/\/sey.fi\/kissa\/kissat\/kotikissan-historia\/matka-afrikasta-pohjolan-perukoille\/#primaryimage"},"image":{"@id":"https:\/\/sey.fi\/kissa\/kissat\/kotikissan-historia\/matka-afrikasta-pohjolan-perukoille\/#primaryimage"},"thumbnailUrl":"https:\/\/sey.fi\/wp-content\/uploads\/sites\/47\/2019\/12\/258_suvi_elo.jpg","datePublished":"2019-12-09T10:47:38+00:00","dateModified":"2019-12-09T10:47:41+00:00","breadcrumb":{"@id":"https:\/\/sey.fi\/kissa\/kissat\/kotikissan-historia\/matka-afrikasta-pohjolan-perukoille\/#breadcrumb"},"inLanguage":"fi","potentialAction":[{"@type":"ReadAction","target":["https:\/\/sey.fi\/kissa\/kissat\/kotikissan-historia\/matka-afrikasta-pohjolan-perukoille\/"]}]},{"@type":"ImageObject","inLanguage":"fi","@id":"https:\/\/sey.fi\/kissa\/kissat\/kotikissan-historia\/matka-afrikasta-pohjolan-perukoille\/#primaryimage","url":"https:\/\/sey.fi\/wp-content\/uploads\/sites\/47\/2019\/12\/258_suvi_elo.jpg","contentUrl":"https:\/\/sey.fi\/wp-content\/uploads\/sites\/47\/2019\/12\/258_suvi_elo.jpg","width":410,"height":273,"caption":"Kuva: Suvi Elo"},{"@type":"BreadcrumbList","@id":"https:\/\/sey.fi\/kissa\/kissat\/kotikissan-historia\/matka-afrikasta-pohjolan-perukoille\/#breadcrumb","itemListElement":[{"@type":"ListItem","position":1,"name":"Home","item":"https:\/\/sey.fi\/kissa\/"},{"@type":"ListItem","position":2,"name":"Kissatieto","item":"https:\/\/sey.fi\/kissa\/"},{"@type":"ListItem","position":3,"name":"Kotikissan historia \u2013 Afrikan savanneilta kotisohvalle","item":"https:\/\/sey.fi\/kissa\/kissat\/kotikissan-historia\/"},{"@type":"ListItem","position":4,"name":"Matka Afrikasta pohjolan perukoille"}]},{"@type":"WebSite","@id":"https:\/\/sey.fi\/kissa\/#website","url":"https:\/\/sey.fi\/kissa\/","name":"Kissatieto","description":"Uusi SEY J\u00e4senyhdistykset -sivusto","potentialAction":[{"@type":"SearchAction","target":{"@type":"EntryPoint","urlTemplate":"https:\/\/sey.fi\/kissa\/?s={search_term_string}"},"query-input":{"@type":"PropertyValueSpecification","valueRequired":true,"valueName":"search_term_string"}}],"inLanguage":"fi"}]}},"_links":{"self":[{"href":"https:\/\/sey.fi\/kissa\/wp-json\/wp\/v2\/pages\/19","targetHints":{"allow":["GET"]}}],"collection":[{"href":"https:\/\/sey.fi\/kissa\/wp-json\/wp\/v2\/pages"}],"about":[{"href":"https:\/\/sey.fi\/kissa\/wp-json\/wp\/v2\/types\/page"}],"author":[{"embeddable":true,"href":"https:\/\/sey.fi\/kissa\/wp-json\/wp\/v2\/users\/8"}],"replies":[{"embeddable":true,"href":"https:\/\/sey.fi\/kissa\/wp-json\/wp\/v2\/comments?post=19"}],"version-history":[{"count":1,"href":"https:\/\/sey.fi\/kissa\/wp-json\/wp\/v2\/pages\/19\/revisions"}],"predecessor-version":[{"id":21,"href":"https:\/\/sey.fi\/kissa\/wp-json\/wp\/v2\/pages\/19\/revisions\/21"}],"up":[{"embeddable":true,"href":"https:\/\/sey.fi\/kissa\/wp-json\/wp\/v2\/pages\/13"}],"wp:featuredmedia":[{"embeddable":true,"href":"https:\/\/sey.fi\/kissa\/wp-json\/wp\/v2\/media\/20"}],"wp:attachment":[{"href":"https:\/\/sey.fi\/kissa\/wp-json\/wp\/v2\/media?parent=19"}],"curies":[{"name":"wp","href":"https:\/\/api.w.org\/{rel}","templated":true}]}}