{"id":190,"date":"2019-12-09T15:22:08","date_gmt":"2019-12-09T13:22:08","guid":{"rendered":"http:\/\/srvr10.xetpoint.com\/~seyfi\/kissatieto\/?page_id=190"},"modified":"2026-03-24T19:21:32","modified_gmt":"2026-03-24T17:21:32","slug":"kissan-kieli","status":"publish","type":"page","link":"https:\/\/sey.fi\/kissa\/kissat\/kissan-kieli\/","title":{"rendered":"Kissan kieli"},"content":{"rendered":"\n<p class=\"has-text-align-right has-small-font-size\"><em>Kuva: Vesa Minkkinen<\/em><\/p>\n\n\n\n<p>Kissat viestiv\u00e4t hajuilla, asennoilla, eleill\u00e4 ja \u00e4\u00e4nill\u00e4. Kissan esi-is\u00e4t, <a href=\"https:\/\/sey.fi\/kissa\/kissat\/kotikissan-historia\/\">afrikanvillikissat<\/a>, eliv\u00e4t suhteellisen erist\u00e4ytynytt\u00e4 el\u00e4m\u00e4\u00e4 reviirill\u00e4\u00e4n tavaten lajitovereitaan emon ja pennun vuorovaikutusta lukuun ottamatta oikeastaan vain parittelun yhteydess\u00e4. Kissan sosiaalisuus \u00a0ja viestint\u00e4 eiv\u00e4t olekaan kehittyneet yht\u00e4 pitk\u00e4lle kuin monilla aidosti sosiaalisilla el\u00e4inlajeilla, kuten koirilla. Jotta kissan ja ihmisen suhde toimisi saumattomasti, ihmisen on opeteltava kissan kielt\u00e4 ainakin perusteiden verran.<\/p>\n","protected":false},"excerpt":{"rendered":"<p>Kuva: Vesa Minkkinen Kissat viestiv\u00e4t hajuilla, asennoilla, eleill\u00e4 ja \u00e4\u00e4nill\u00e4. Kissan esi-is\u00e4t, afrikanvillikissat, eliv\u00e4t suhteellisen erist\u00e4ytynytt\u00e4 el\u00e4m\u00e4\u00e4 reviirill\u00e4\u00e4n tavaten lajitovereitaan emon ja pennun vuorovaikutusta lukuun ottamatta oikeastaan vain parittelun yhteydess\u00e4. Kissan sosiaalisuus \u00a0ja viestint\u00e4 eiv\u00e4t olekaan kehittyneet yht\u00e4 pitk\u00e4lle kuin monilla aidosti sosiaalisilla el\u00e4inlajeilla, kuten koirilla. Jotta kissan ja ihmisen suhde toimisi saumattomasti, ihmisen on [&hellip;]<\/p>\n","protected":false},"author":8,"featured_media":191,"parent":2,"menu_order":0,"comment_status":"closed","ping_status":"closed","template":"","meta":{"_acf_changed":false,"footnotes":""},"class_list":["post-190","page","type-page","status-publish","has-post-thumbnail","hentry"],"acf":[],"yoast_head":"<!-- This site is optimized with the Yoast SEO plugin v27.1.1 - https:\/\/yoast.com\/product\/yoast-seo-wordpress\/ -->\n<title>Kissan kieli - Kissatieto<\/title>\n<meta name=\"robots\" content=\"index, follow, max-snippet:-1, max-image-preview:large, max-video-preview:-1\" \/>\n<link rel=\"canonical\" href=\"https:\/\/sey.fi\/kissa\/kissat\/kissan-kieli\/\" \/>\n<meta property=\"og:locale\" content=\"fi_FI\" \/>\n<meta property=\"og:type\" content=\"article\" \/>\n<meta property=\"og:title\" content=\"Kissan kieli - Kissatieto\" \/>\n<meta property=\"og:description\" content=\"Kuva: Vesa Minkkinen Kissat viestiv\u00e4t hajuilla, asennoilla, eleill\u00e4 ja \u00e4\u00e4nill\u00e4. Kissan esi-is\u00e4t, afrikanvillikissat, eliv\u00e4t suhteellisen erist\u00e4ytynytt\u00e4 el\u00e4m\u00e4\u00e4 reviirill\u00e4\u00e4n tavaten lajitovereitaan emon ja pennun vuorovaikutusta lukuun ottamatta oikeastaan vain parittelun yhteydess\u00e4. Kissan sosiaalisuus \u00a0ja viestint\u00e4 eiv\u00e4t olekaan kehittyneet yht\u00e4 pitk\u00e4lle kuin monilla aidosti sosiaalisilla el\u00e4inlajeilla, kuten koirilla. Jotta kissan ja ihmisen suhde toimisi saumattomasti, ihmisen on [&hellip;]\" \/>\n<meta property=\"og:url\" content=\"https:\/\/sey.fi\/kissa\/kissat\/kissan-kieli\/\" \/>\n<meta property=\"og:site_name\" content=\"Kissatieto\" \/>\n<meta property=\"article:modified_time\" content=\"2026-03-24T17:21:32+00:00\" \/>\n<meta property=\"og:image\" content=\"https:\/\/sey.fi\/wp-content\/uploads\/sites\/47\/2019\/12\/ki_haukotus_vesa_minkkinen.jpg\" \/>\n\t<meta property=\"og:image:width\" content=\"410\" \/>\n\t<meta property=\"og:image:height\" content=\"308\" \/>\n\t<meta property=\"og:image:type\" content=\"image\/jpeg\" \/>\n<meta name=\"twitter:card\" content=\"summary_large_image\" \/>\n<meta name=\"twitter:label1\" content=\"Arvioitu lukuaika\" \/>\n\t<meta name=\"twitter:data1\" content=\"1 minuutti\" \/>\n<script type=\"application\/ld+json\" class=\"yoast-schema-graph\">{\"@context\":\"https:\/\/schema.org\",\"@graph\":[{\"@type\":\"WebPage\",\"@id\":\"https:\/\/sey.fi\/kissa\/kissat\/kissan-kieli\/\",\"url\":\"https:\/\/sey.fi\/kissa\/kissat\/kissan-kieli\/\",\"name\":\"Kissan kieli - Kissatieto\",\"isPartOf\":{\"@id\":\"https:\/\/sey.fi\/kissa\/#website\"},\"primaryImageOfPage\":{\"@id\":\"https:\/\/sey.fi\/kissa\/kissat\/kissan-kieli\/#primaryimage\"},\"image\":{\"@id\":\"https:\/\/sey.fi\/kissa\/kissat\/kissan-kieli\/#primaryimage\"},\"thumbnailUrl\":\"https:\/\/sey.fi\/wp-content\/uploads\/sites\/47\/2019\/12\/ki_haukotus_vesa_minkkinen.jpg\",\"datePublished\":\"2019-12-09T13:22:08+00:00\",\"dateModified\":\"2026-03-24T17:21:32+00:00\",\"breadcrumb\":{\"@id\":\"https:\/\/sey.fi\/kissa\/kissat\/kissan-kieli\/#breadcrumb\"},\"inLanguage\":\"fi\",\"potentialAction\":[{\"@type\":\"ReadAction\",\"target\":[\"https:\/\/sey.fi\/kissa\/kissat\/kissan-kieli\/\"]}]},{\"@type\":\"ImageObject\",\"inLanguage\":\"fi\",\"@id\":\"https:\/\/sey.fi\/kissa\/kissat\/kissan-kieli\/#primaryimage\",\"url\":\"https:\/\/sey.fi\/wp-content\/uploads\/sites\/47\/2019\/12\/ki_haukotus_vesa_minkkinen.jpg\",\"contentUrl\":\"https:\/\/sey.fi\/wp-content\/uploads\/sites\/47\/2019\/12\/ki_haukotus_vesa_minkkinen.jpg\",\"width\":410,\"height\":308},{\"@type\":\"BreadcrumbList\",\"@id\":\"https:\/\/sey.fi\/kissa\/kissat\/kissan-kieli\/#breadcrumb\",\"itemListElement\":[{\"@type\":\"ListItem\",\"position\":1,\"name\":\"Home\",\"item\":\"https:\/\/sey.fi\/kissa\/\"},{\"@type\":\"ListItem\",\"position\":2,\"name\":\"Kissatieto\",\"item\":\"https:\/\/sey.fi\/kissa\/\"},{\"@type\":\"ListItem\",\"position\":3,\"name\":\"Kissan kieli\"}]},{\"@type\":\"WebSite\",\"@id\":\"https:\/\/sey.fi\/kissa\/#website\",\"url\":\"https:\/\/sey.fi\/kissa\/\",\"name\":\"Kissatieto\",\"description\":\"Uusi SEY J\u00e4senyhdistykset -sivusto\",\"potentialAction\":[{\"@type\":\"SearchAction\",\"target\":{\"@type\":\"EntryPoint\",\"urlTemplate\":\"https:\/\/sey.fi\/kissa\/?s={search_term_string}\"},\"query-input\":{\"@type\":\"PropertyValueSpecification\",\"valueRequired\":true,\"valueName\":\"search_term_string\"}}],\"inLanguage\":\"fi\"}]}<\/script>\n<!-- \/ Yoast SEO plugin. -->","yoast_head_json":{"title":"Kissan kieli - Kissatieto","robots":{"index":"index","follow":"follow","max-snippet":"max-snippet:-1","max-image-preview":"max-image-preview:large","max-video-preview":"max-video-preview:-1"},"canonical":"https:\/\/sey.fi\/kissa\/kissat\/kissan-kieli\/","og_locale":"fi_FI","og_type":"article","og_title":"Kissan kieli - Kissatieto","og_description":"Kuva: Vesa Minkkinen Kissat viestiv\u00e4t hajuilla, asennoilla, eleill\u00e4 ja \u00e4\u00e4nill\u00e4. Kissan esi-is\u00e4t, afrikanvillikissat, eliv\u00e4t suhteellisen erist\u00e4ytynytt\u00e4 el\u00e4m\u00e4\u00e4 reviirill\u00e4\u00e4n tavaten lajitovereitaan emon ja pennun vuorovaikutusta lukuun ottamatta oikeastaan vain parittelun yhteydess\u00e4. Kissan sosiaalisuus \u00a0ja viestint\u00e4 eiv\u00e4t olekaan kehittyneet yht\u00e4 pitk\u00e4lle kuin monilla aidosti sosiaalisilla el\u00e4inlajeilla, kuten koirilla. Jotta kissan ja ihmisen suhde toimisi saumattomasti, ihmisen on [&hellip;]","og_url":"https:\/\/sey.fi\/kissa\/kissat\/kissan-kieli\/","og_site_name":"Kissatieto","article_modified_time":"2026-03-24T17:21:32+00:00","og_image":[{"width":410,"height":308,"url":"https:\/\/sey.fi\/wp-content\/uploads\/sites\/47\/2019\/12\/ki_haukotus_vesa_minkkinen.jpg","type":"image\/jpeg"}],"twitter_card":"summary_large_image","twitter_misc":{"Arvioitu lukuaika":"1 minuutti"},"schema":{"@context":"https:\/\/schema.org","@graph":[{"@type":"WebPage","@id":"https:\/\/sey.fi\/kissa\/kissat\/kissan-kieli\/","url":"https:\/\/sey.fi\/kissa\/kissat\/kissan-kieli\/","name":"Kissan kieli - Kissatieto","isPartOf":{"@id":"https:\/\/sey.fi\/kissa\/#website"},"primaryImageOfPage":{"@id":"https:\/\/sey.fi\/kissa\/kissat\/kissan-kieli\/#primaryimage"},"image":{"@id":"https:\/\/sey.fi\/kissa\/kissat\/kissan-kieli\/#primaryimage"},"thumbnailUrl":"https:\/\/sey.fi\/wp-content\/uploads\/sites\/47\/2019\/12\/ki_haukotus_vesa_minkkinen.jpg","datePublished":"2019-12-09T13:22:08+00:00","dateModified":"2026-03-24T17:21:32+00:00","breadcrumb":{"@id":"https:\/\/sey.fi\/kissa\/kissat\/kissan-kieli\/#breadcrumb"},"inLanguage":"fi","potentialAction":[{"@type":"ReadAction","target":["https:\/\/sey.fi\/kissa\/kissat\/kissan-kieli\/"]}]},{"@type":"ImageObject","inLanguage":"fi","@id":"https:\/\/sey.fi\/kissa\/kissat\/kissan-kieli\/#primaryimage","url":"https:\/\/sey.fi\/wp-content\/uploads\/sites\/47\/2019\/12\/ki_haukotus_vesa_minkkinen.jpg","contentUrl":"https:\/\/sey.fi\/wp-content\/uploads\/sites\/47\/2019\/12\/ki_haukotus_vesa_minkkinen.jpg","width":410,"height":308},{"@type":"BreadcrumbList","@id":"https:\/\/sey.fi\/kissa\/kissat\/kissan-kieli\/#breadcrumb","itemListElement":[{"@type":"ListItem","position":1,"name":"Home","item":"https:\/\/sey.fi\/kissa\/"},{"@type":"ListItem","position":2,"name":"Kissatieto","item":"https:\/\/sey.fi\/kissa\/"},{"@type":"ListItem","position":3,"name":"Kissan kieli"}]},{"@type":"WebSite","@id":"https:\/\/sey.fi\/kissa\/#website","url":"https:\/\/sey.fi\/kissa\/","name":"Kissatieto","description":"Uusi SEY J\u00e4senyhdistykset -sivusto","potentialAction":[{"@type":"SearchAction","target":{"@type":"EntryPoint","urlTemplate":"https:\/\/sey.fi\/kissa\/?s={search_term_string}"},"query-input":{"@type":"PropertyValueSpecification","valueRequired":true,"valueName":"search_term_string"}}],"inLanguage":"fi"}]}},"_links":{"self":[{"href":"https:\/\/sey.fi\/kissa\/wp-json\/wp\/v2\/pages\/190","targetHints":{"allow":["GET"]}}],"collection":[{"href":"https:\/\/sey.fi\/kissa\/wp-json\/wp\/v2\/pages"}],"about":[{"href":"https:\/\/sey.fi\/kissa\/wp-json\/wp\/v2\/types\/page"}],"author":[{"embeddable":true,"href":"https:\/\/sey.fi\/kissa\/wp-json\/wp\/v2\/users\/8"}],"replies":[{"embeddable":true,"href":"https:\/\/sey.fi\/kissa\/wp-json\/wp\/v2\/comments?post=190"}],"version-history":[{"count":2,"href":"https:\/\/sey.fi\/kissa\/wp-json\/wp\/v2\/pages\/190\/revisions"}],"predecessor-version":[{"id":645,"href":"https:\/\/sey.fi\/kissa\/wp-json\/wp\/v2\/pages\/190\/revisions\/645"}],"up":[{"embeddable":true,"href":"https:\/\/sey.fi\/kissa\/wp-json\/wp\/v2\/pages\/2"}],"wp:featuredmedia":[{"embeddable":true,"href":"https:\/\/sey.fi\/kissa\/wp-json\/wp\/v2\/media\/191"}],"wp:attachment":[{"href":"https:\/\/sey.fi\/kissa\/wp-json\/wp\/v2\/media?parent=190"}],"curies":[{"name":"wp","href":"https:\/\/api.w.org\/{rel}","templated":true}]}}