{"id":193,"date":"2019-12-09T15:27:27","date_gmt":"2019-12-09T13:27:27","guid":{"rendered":"http:\/\/srvr10.xetpoint.com\/~seyfi\/kissatieto\/?page_id=193"},"modified":"2026-03-24T20:37:13","modified_gmt":"2026-03-24T18:37:13","slug":"aaniviestit","status":"publish","type":"page","link":"https:\/\/sey.fi\/kissa\/kissat\/kissan-kieli\/aaniviestit\/","title":{"rendered":"\u00c4\u00e4niviestit"},"content":{"rendered":"\n<p class=\"has-text-align-right has-small-font-size\"><em>Kuva: Marlon Soares \/ Unsplash<\/em><\/p>\n\n\n\n<p><strong>Naukuminen<\/strong>: Naukuminen kuuluu kesykissan ja ihmisen \nv\u00e4liseen viestint\u00e4\u00e4n. Pikkupennut naukuvat emolleen, kun niilt\u00e4 puuttuu \njotain. Villikissalla ei ole ket\u00e4\u00e4n, jolle kohdistaa vaatimuksiaan, \njoten naukuminen tippuu pois sanavarastosta, kun kissa aikuistuu. \nKesykissa sen sijaan voi aikuisenakin muistuttaa ihmist\u00e4\u00e4n naukumalla \nruuan tai huomion tarpeesta.<\/p>\n\n\n\n<p><strong>Tervehdys\u00e4\u00e4ni, \u201dmir\u201d tai &#8221;kur&#8221;<\/strong>: Kun kissa tervehtii ihmist\u00e4 tai el\u00e4inyst\u00e4v\u00e4\u00e4, se p\u00e4\u00e4st\u00e4\u00e4 korkean kehr\u00e4yksen ja maukaisun v\u00e4lilt\u00e4 olevan \u00e4\u00e4nen. Kissa saattaa toistaa \u00e4\u00e4nt\u00e4 koko tervehdysrituaalin ajan.<\/p>\n\n\n\n<p><strong>Kehr\u00e4\u00e4minen<\/strong>: Kun ihminen silittelee kissaa, se \nsaattaa ruveta kehr\u00e4\u00e4m\u00e4\u00e4n. Kehr\u00e4\u00e4minen kuulostaa pienen moottorin \nhurinalta ja tuntuu kissan keholla kevyen\u00e4 t\u00e4rin\u00e4n\u00e4. Kissa voi kehr\u00e4t\u00e4 \nmy\u00f6s tervehtiess\u00e4\u00e4n ihmisi\u00e4 tai muita kissoja. Kissa kehr\u00e4\u00e4 my\u00f6s \nimett\u00e4ess\u00e4\u00e4n.<\/p>\n\n\n\n<p>Kehr\u00e4\u00e4minen ei kuitenkaan v\u00e4ltt\u00e4m\u00e4tt\u00e4 tarkoita sit\u00e4, ett\u00e4 kissa on rento ja tyytyv\u00e4inen. My\u00f6s vakavasti loukkaantuneet, sairaat tai el\u00e4inl\u00e4\u00e4k\u00e4rin p\u00f6yd\u00e4ll\u00e4 j\u00e4nnitt\u00e4v\u00e4t kissat saattavat kehr\u00e4t\u00e4. Kissa saattaa t\u00e4ll\u00f6in pyrki\u00e4 rauhoittamaan itse\u00e4\u00e4n ja ymp\u00e4rill\u00e4\u00e4n olevia tai lievitt\u00e4m\u00e4\u00e4n kokemaansa stressi\u00e4 tai kipua.<\/p>\n\n\n\n<p><strong>S\u00e4hin\u00e4:<\/strong> S\u00e4hin\u00e4 on varoitus, jolla kissa pyrkii pit\u00e4m\u00e4\u00e4n pelottavan kohteen loitolla. S\u00e4hin\u00e4 ei ole ainoastaan kissan kieleen kuuluva \u00e4\u00e4ni. Monet muutkin el\u00e4imet varoittavat ahdistelijaansa ter\u00e4v\u00e4ll\u00e4 s\u00e4hin\u00e4ll\u00e4.<\/p>\n\n\n\n<p><strong>Murina<\/strong>: Murina on s\u00e4hin\u00e4\u00e4 vakavampi varoitus\u00e4\u00e4ni, johon kissa turvautuu, mik\u00e4li s\u00e4hin\u00e4 ei tehoa.<\/p>\n\n\n\n<figure class=\"wp-block-image size-full is-resized\"><img loading=\"lazy\" decoding=\"async\" width=\"410\" height=\"619\" src=\"https:\/\/sey.fi\/wp-content\/uploads\/sites\/47\/2026\/03\/DSC_0703-01-Pekka-Hanninen.jpg\" alt=\"\" class=\"wp-image-665\" style=\"width:840px;height:auto\" srcset=\"https:\/\/sey.fi\/wp-content\/uploads\/sites\/47\/2026\/03\/DSC_0703-01-Pekka-Hanninen.jpg 410w, https:\/\/sey.fi\/wp-content\/uploads\/sites\/47\/2026\/03\/DSC_0703-01-Pekka-Hanninen-199x300.jpg 199w\" sizes=\"auto, (max-width: 410px) 100vw, 410px\" \/><figcaption class=\"wp-element-caption\"><em>Luottavaisesti tervehtim\u00e4\u00e4n tuleva kissa. Kuva: Pekka H\u00e4nninen<\/em><\/figcaption><\/figure>\n","protected":false},"excerpt":{"rendered":"<p>Kuva: Marlon Soares \/ Unsplash Naukuminen: Naukuminen kuuluu kesykissan ja ihmisen v\u00e4liseen viestint\u00e4\u00e4n. Pikkupennut naukuvat emolleen, kun niilt\u00e4 puuttuu jotain. Villikissalla ei ole ket\u00e4\u00e4n, jolle kohdistaa vaatimuksiaan, joten naukuminen tippuu pois sanavarastosta, kun kissa aikuistuu. Kesykissa sen sijaan voi aikuisenakin muistuttaa ihmist\u00e4\u00e4n naukumalla ruuan tai huomion tarpeesta. Tervehdys\u00e4\u00e4ni, \u201dmir\u201d tai &#8221;kur&#8221;: Kun kissa tervehtii ihmist\u00e4 [&hellip;]<\/p>\n","protected":false},"author":8,"featured_media":667,"parent":190,"menu_order":0,"comment_status":"closed","ping_status":"closed","template":"","meta":{"_acf_changed":false,"footnotes":""},"class_list":["post-193","page","type-page","status-publish","has-post-thumbnail","hentry"],"acf":[],"yoast_head":"<!-- This site is optimized with the Yoast SEO plugin v27.1.1 - https:\/\/yoast.com\/product\/yoast-seo-wordpress\/ -->\n<title>\u00c4\u00e4niviestit - Kissatieto<\/title>\n<meta name=\"robots\" content=\"index, follow, max-snippet:-1, max-image-preview:large, max-video-preview:-1\" \/>\n<link rel=\"canonical\" href=\"https:\/\/sey.fi\/kissa\/kissat\/kissan-kieli\/aaniviestit\/\" \/>\n<meta property=\"og:locale\" content=\"fi_FI\" \/>\n<meta property=\"og:type\" content=\"article\" \/>\n<meta property=\"og:title\" content=\"\u00c4\u00e4niviestit - Kissatieto\" \/>\n<meta property=\"og:description\" content=\"Kuva: Marlon Soares \/ Unsplash Naukuminen: Naukuminen kuuluu kesykissan ja ihmisen v\u00e4liseen viestint\u00e4\u00e4n. Pikkupennut naukuvat emolleen, kun niilt\u00e4 puuttuu jotain. Villikissalla ei ole ket\u00e4\u00e4n, jolle kohdistaa vaatimuksiaan, joten naukuminen tippuu pois sanavarastosta, kun kissa aikuistuu. Kesykissa sen sijaan voi aikuisenakin muistuttaa ihmist\u00e4\u00e4n naukumalla ruuan tai huomion tarpeesta. Tervehdys\u00e4\u00e4ni, \u201dmir\u201d tai &#8221;kur&#8221;: Kun kissa tervehtii ihmist\u00e4 [&hellip;]\" \/>\n<meta property=\"og:url\" content=\"https:\/\/sey.fi\/kissa\/kissat\/kissan-kieli\/aaniviestit\/\" \/>\n<meta property=\"og:site_name\" content=\"Kissatieto\" \/>\n<meta property=\"article:modified_time\" content=\"2026-03-24T18:37:13+00:00\" \/>\n<meta property=\"og:image\" content=\"https:\/\/sey.fi\/wp-content\/uploads\/sites\/47\/2026\/03\/Marlon-Soares-Unsplash.jpg\" \/>\n\t<meta property=\"og:image:width\" content=\"1280\" \/>\n\t<meta property=\"og:image:height\" content=\"640\" \/>\n\t<meta property=\"og:image:type\" content=\"image\/jpeg\" \/>\n<meta name=\"twitter:card\" content=\"summary_large_image\" \/>\n<meta name=\"twitter:label1\" content=\"Arvioitu lukuaika\" \/>\n\t<meta name=\"twitter:data1\" content=\"2 minuuttia\" \/>\n<script type=\"application\/ld+json\" class=\"yoast-schema-graph\">{\"@context\":\"https:\/\/schema.org\",\"@graph\":[{\"@type\":\"WebPage\",\"@id\":\"https:\/\/sey.fi\/kissa\/kissat\/kissan-kieli\/aaniviestit\/\",\"url\":\"https:\/\/sey.fi\/kissa\/kissat\/kissan-kieli\/aaniviestit\/\",\"name\":\"\u00c4\u00e4niviestit - Kissatieto\",\"isPartOf\":{\"@id\":\"https:\/\/sey.fi\/kissa\/#website\"},\"primaryImageOfPage\":{\"@id\":\"https:\/\/sey.fi\/kissa\/kissat\/kissan-kieli\/aaniviestit\/#primaryimage\"},\"image\":{\"@id\":\"https:\/\/sey.fi\/kissa\/kissat\/kissan-kieli\/aaniviestit\/#primaryimage\"},\"thumbnailUrl\":\"https:\/\/sey.fi\/wp-content\/uploads\/sites\/47\/2026\/03\/Marlon-Soares-Unsplash.jpg\",\"datePublished\":\"2019-12-09T13:27:27+00:00\",\"dateModified\":\"2026-03-24T18:37:13+00:00\",\"breadcrumb\":{\"@id\":\"https:\/\/sey.fi\/kissa\/kissat\/kissan-kieli\/aaniviestit\/#breadcrumb\"},\"inLanguage\":\"fi\",\"potentialAction\":[{\"@type\":\"ReadAction\",\"target\":[\"https:\/\/sey.fi\/kissa\/kissat\/kissan-kieli\/aaniviestit\/\"]}]},{\"@type\":\"ImageObject\",\"inLanguage\":\"fi\",\"@id\":\"https:\/\/sey.fi\/kissa\/kissat\/kissan-kieli\/aaniviestit\/#primaryimage\",\"url\":\"https:\/\/sey.fi\/wp-content\/uploads\/sites\/47\/2026\/03\/Marlon-Soares-Unsplash.jpg\",\"contentUrl\":\"https:\/\/sey.fi\/wp-content\/uploads\/sites\/47\/2026\/03\/Marlon-Soares-Unsplash.jpg\",\"width\":1280,\"height\":640,\"caption\":\"l\u00e4hikuva suu auki yst\u00e4v\u00e4llisesti \u00e4\u00e4ntelev\u00e4st\u00e4 kissasta\"},{\"@type\":\"BreadcrumbList\",\"@id\":\"https:\/\/sey.fi\/kissa\/kissat\/kissan-kieli\/aaniviestit\/#breadcrumb\",\"itemListElement\":[{\"@type\":\"ListItem\",\"position\":1,\"name\":\"Home\",\"item\":\"https:\/\/sey.fi\/kissa\/\"},{\"@type\":\"ListItem\",\"position\":2,\"name\":\"Kissatieto\",\"item\":\"https:\/\/sey.fi\/kissa\/\"},{\"@type\":\"ListItem\",\"position\":3,\"name\":\"Kissan kieli\",\"item\":\"https:\/\/sey.fi\/kissa\/kissat\/kissan-kieli\/\"},{\"@type\":\"ListItem\",\"position\":4,\"name\":\"\u00c4\u00e4niviestit\"}]},{\"@type\":\"WebSite\",\"@id\":\"https:\/\/sey.fi\/kissa\/#website\",\"url\":\"https:\/\/sey.fi\/kissa\/\",\"name\":\"Kissatieto\",\"description\":\"Uusi SEY J\u00e4senyhdistykset -sivusto\",\"potentialAction\":[{\"@type\":\"SearchAction\",\"target\":{\"@type\":\"EntryPoint\",\"urlTemplate\":\"https:\/\/sey.fi\/kissa\/?s={search_term_string}\"},\"query-input\":{\"@type\":\"PropertyValueSpecification\",\"valueRequired\":true,\"valueName\":\"search_term_string\"}}],\"inLanguage\":\"fi\"}]}<\/script>\n<!-- \/ Yoast SEO plugin. -->","yoast_head_json":{"title":"\u00c4\u00e4niviestit - Kissatieto","robots":{"index":"index","follow":"follow","max-snippet":"max-snippet:-1","max-image-preview":"max-image-preview:large","max-video-preview":"max-video-preview:-1"},"canonical":"https:\/\/sey.fi\/kissa\/kissat\/kissan-kieli\/aaniviestit\/","og_locale":"fi_FI","og_type":"article","og_title":"\u00c4\u00e4niviestit - Kissatieto","og_description":"Kuva: Marlon Soares \/ Unsplash Naukuminen: Naukuminen kuuluu kesykissan ja ihmisen v\u00e4liseen viestint\u00e4\u00e4n. Pikkupennut naukuvat emolleen, kun niilt\u00e4 puuttuu jotain. Villikissalla ei ole ket\u00e4\u00e4n, jolle kohdistaa vaatimuksiaan, joten naukuminen tippuu pois sanavarastosta, kun kissa aikuistuu. Kesykissa sen sijaan voi aikuisenakin muistuttaa ihmist\u00e4\u00e4n naukumalla ruuan tai huomion tarpeesta. Tervehdys\u00e4\u00e4ni, \u201dmir\u201d tai &#8221;kur&#8221;: Kun kissa tervehtii ihmist\u00e4 [&hellip;]","og_url":"https:\/\/sey.fi\/kissa\/kissat\/kissan-kieli\/aaniviestit\/","og_site_name":"Kissatieto","article_modified_time":"2026-03-24T18:37:13+00:00","og_image":[{"width":1280,"height":640,"url":"https:\/\/sey.fi\/wp-content\/uploads\/sites\/47\/2026\/03\/Marlon-Soares-Unsplash.jpg","type":"image\/jpeg"}],"twitter_card":"summary_large_image","twitter_misc":{"Arvioitu lukuaika":"2 minuuttia"},"schema":{"@context":"https:\/\/schema.org","@graph":[{"@type":"WebPage","@id":"https:\/\/sey.fi\/kissa\/kissat\/kissan-kieli\/aaniviestit\/","url":"https:\/\/sey.fi\/kissa\/kissat\/kissan-kieli\/aaniviestit\/","name":"\u00c4\u00e4niviestit - Kissatieto","isPartOf":{"@id":"https:\/\/sey.fi\/kissa\/#website"},"primaryImageOfPage":{"@id":"https:\/\/sey.fi\/kissa\/kissat\/kissan-kieli\/aaniviestit\/#primaryimage"},"image":{"@id":"https:\/\/sey.fi\/kissa\/kissat\/kissan-kieli\/aaniviestit\/#primaryimage"},"thumbnailUrl":"https:\/\/sey.fi\/wp-content\/uploads\/sites\/47\/2026\/03\/Marlon-Soares-Unsplash.jpg","datePublished":"2019-12-09T13:27:27+00:00","dateModified":"2026-03-24T18:37:13+00:00","breadcrumb":{"@id":"https:\/\/sey.fi\/kissa\/kissat\/kissan-kieli\/aaniviestit\/#breadcrumb"},"inLanguage":"fi","potentialAction":[{"@type":"ReadAction","target":["https:\/\/sey.fi\/kissa\/kissat\/kissan-kieli\/aaniviestit\/"]}]},{"@type":"ImageObject","inLanguage":"fi","@id":"https:\/\/sey.fi\/kissa\/kissat\/kissan-kieli\/aaniviestit\/#primaryimage","url":"https:\/\/sey.fi\/wp-content\/uploads\/sites\/47\/2026\/03\/Marlon-Soares-Unsplash.jpg","contentUrl":"https:\/\/sey.fi\/wp-content\/uploads\/sites\/47\/2026\/03\/Marlon-Soares-Unsplash.jpg","width":1280,"height":640,"caption":"l\u00e4hikuva suu auki yst\u00e4v\u00e4llisesti \u00e4\u00e4ntelev\u00e4st\u00e4 kissasta"},{"@type":"BreadcrumbList","@id":"https:\/\/sey.fi\/kissa\/kissat\/kissan-kieli\/aaniviestit\/#breadcrumb","itemListElement":[{"@type":"ListItem","position":1,"name":"Home","item":"https:\/\/sey.fi\/kissa\/"},{"@type":"ListItem","position":2,"name":"Kissatieto","item":"https:\/\/sey.fi\/kissa\/"},{"@type":"ListItem","position":3,"name":"Kissan kieli","item":"https:\/\/sey.fi\/kissa\/kissat\/kissan-kieli\/"},{"@type":"ListItem","position":4,"name":"\u00c4\u00e4niviestit"}]},{"@type":"WebSite","@id":"https:\/\/sey.fi\/kissa\/#website","url":"https:\/\/sey.fi\/kissa\/","name":"Kissatieto","description":"Uusi SEY J\u00e4senyhdistykset -sivusto","potentialAction":[{"@type":"SearchAction","target":{"@type":"EntryPoint","urlTemplate":"https:\/\/sey.fi\/kissa\/?s={search_term_string}"},"query-input":{"@type":"PropertyValueSpecification","valueRequired":true,"valueName":"search_term_string"}}],"inLanguage":"fi"}]}},"_links":{"self":[{"href":"https:\/\/sey.fi\/kissa\/wp-json\/wp\/v2\/pages\/193","targetHints":{"allow":["GET"]}}],"collection":[{"href":"https:\/\/sey.fi\/kissa\/wp-json\/wp\/v2\/pages"}],"about":[{"href":"https:\/\/sey.fi\/kissa\/wp-json\/wp\/v2\/types\/page"}],"author":[{"embeddable":true,"href":"https:\/\/sey.fi\/kissa\/wp-json\/wp\/v2\/users\/8"}],"replies":[{"embeddable":true,"href":"https:\/\/sey.fi\/kissa\/wp-json\/wp\/v2\/comments?post=193"}],"version-history":[{"count":6,"href":"https:\/\/sey.fi\/kissa\/wp-json\/wp\/v2\/pages\/193\/revisions"}],"predecessor-version":[{"id":673,"href":"https:\/\/sey.fi\/kissa\/wp-json\/wp\/v2\/pages\/193\/revisions\/673"}],"up":[{"embeddable":true,"href":"https:\/\/sey.fi\/kissa\/wp-json\/wp\/v2\/pages\/190"}],"wp:featuredmedia":[{"embeddable":true,"href":"https:\/\/sey.fi\/kissa\/wp-json\/wp\/v2\/media\/667"}],"wp:attachment":[{"href":"https:\/\/sey.fi\/kissa\/wp-json\/wp\/v2\/media?parent=193"}],"curies":[{"name":"wp","href":"https:\/\/api.w.org\/{rel}","templated":true}]}}