{"id":195,"date":"2019-12-09T15:29:37","date_gmt":"2019-12-09T13:29:37","guid":{"rendered":"http:\/\/srvr10.xetpoint.com\/~seyfi\/kissatieto\/?page_id=195"},"modified":"2026-03-26T10:39:58","modified_gmt":"2026-03-26T08:39:58","slug":"kissa-viestii-ilmeilla-ja-asennoilla","status":"publish","type":"page","link":"https:\/\/sey.fi\/kissa\/kissat\/kissan-kieli\/kissa-viestii-ilmeilla-ja-asennoilla\/","title":{"rendered":"Kissa viestii ilmeill\u00e4 ja asennoilla"},"content":{"rendered":"\n<p class=\"has-medium-font-size\"><em>T\u00e4ll\u00e4 sivulla esittelemme esimerkkikuvin kissan ilmeit\u00e4 ja asentoja sek\u00e4 mit\u00e4 kissa niill\u00e4 viestii. <\/em><\/p>\n\n\n\n<hr class=\"wp-block-separator has-alpha-channel-opacity\" \/>\n\n\n\n<p class=\"has-medium-font-size\">1.&nbsp;Rento, rauhallinen olo. Kun kissaa ei pelota, sen korvat osoittavat rennosti eteenp\u00e4in. Silm\u00e4t ovat mantelinmuotoiset.<\/p>\n\n\n<div class=\"wp-block-image\">\n<figure class=\"aligncenter size-full is-resized\"><img loading=\"lazy\" decoding=\"async\" width=\"410\" height=\"501\" src=\"https:\/\/sey.fi\/wp-content\/uploads\/sites\/47\/2026\/03\/1-kasvo_tavallinen.jpg\" alt=\"\" class=\"wp-image-646\" style=\"width:293px;height:auto\" srcset=\"https:\/\/sey.fi\/wp-content\/uploads\/sites\/47\/2026\/03\/1-kasvo_tavallinen.jpg 410w, https:\/\/sey.fi\/wp-content\/uploads\/sites\/47\/2026\/03\/1-kasvo_tavallinen-246x300.jpg 246w\" sizes=\"auto, (max-width: 410px) 100vw, 410px\" \/><\/figure><\/div>\n\n\n<p class=\"has-medium-font-size\">2.&nbsp;Silmien siristely on kuin kissan hymy. Silmi\u00e4\u00e4n siristelev\u00e4 kissa viestii yst\u00e4v\u00e4llisyytt\u00e4. Ihminen voi vastata kissan viestiin siristelem\u00e4ll\u00e4 omia silmi\u00e4\u00e4n. Joskus kuitenkin my\u00f6s stressaantuneet kissat siristelev\u00e4t.<\/p>\n\n\n<div class=\"wp-block-image\">\n<figure class=\"aligncenter size-full is-resized\"><img loading=\"lazy\" decoding=\"async\" width=\"900\" height=\"810\" src=\"https:\/\/sey.fi\/wp-content\/uploads\/sites\/47\/2026\/03\/siristys-1.jpg\" alt=\"\" class=\"wp-image-648\" style=\"width:342px;height:auto\" srcset=\"https:\/\/sey.fi\/wp-content\/uploads\/sites\/47\/2026\/03\/siristys-1.jpg 900w, https:\/\/sey.fi\/wp-content\/uploads\/sites\/47\/2026\/03\/siristys-1-300x270.jpg 300w, https:\/\/sey.fi\/wp-content\/uploads\/sites\/47\/2026\/03\/siristys-1-768x691.jpg 768w\" sizes=\"auto, (max-width: 900px) 100vw, 900px\" \/><\/figure><\/div>\n\n\n<p class=\"has-medium-font-size\">3.&nbsp;V\u00e4h\u00e4n pelottaa. Kun kissaa alkaa huolestuttaa, sen silm\u00e4t avautuvat py\u00f6re\u00e4mmiksi ja asento painuu matalammaksi.<\/p>\n\n\n<div class=\"wp-block-image\">\n<figure class=\"aligncenter size-full is-resized\"><img loading=\"lazy\" decoding=\"async\" width=\"410\" height=\"362\" src=\"https:\/\/sey.fi\/wp-content\/uploads\/sites\/47\/2026\/03\/kasvo_vahan_pelottaa.jpg\" alt=\"\" class=\"wp-image-649\" style=\"width:381px;height:auto\" srcset=\"https:\/\/sey.fi\/wp-content\/uploads\/sites\/47\/2026\/03\/kasvo_vahan_pelottaa.jpg 410w, https:\/\/sey.fi\/wp-content\/uploads\/sites\/47\/2026\/03\/kasvo_vahan_pelottaa-300x265.jpg 300w\" sizes=\"auto, (max-width: 410px) 100vw, 410px\" \/><\/figure><\/div>\n\n\n<p class=\"has-medium-font-size\">4.&nbsp;Pelk\u00e4\u00e4n kovasti \u2013 \u00e4l\u00e4 tule l\u00e4hemm\u00e4s! Kissa painaa korvat litteiksi taakse, s\u00e4hisee tai murisee. N\u00e4in pelokas kissa voi puolustaa itse\u00e4\u00e4n kirjaimellisesti \u201dkynsin hampain\u201d, jos sit\u00e4 edelleen l\u00e4hestyt\u00e4\u00e4n.<\/p>\n\n\n<div class=\"wp-block-image\">\n<figure class=\"aligncenter size-full is-resized\"><img loading=\"lazy\" decoding=\"async\" width=\"410\" height=\"251\" src=\"https:\/\/sey.fi\/wp-content\/uploads\/sites\/47\/2026\/03\/kasvo_pelkaan_kovasti.jpg\" alt=\"\" class=\"wp-image-650\" style=\"width:478px;height:auto\" srcset=\"https:\/\/sey.fi\/wp-content\/uploads\/sites\/47\/2026\/03\/kasvo_pelkaan_kovasti.jpg 410w, https:\/\/sey.fi\/wp-content\/uploads\/sites\/47\/2026\/03\/kasvo_pelkaan_kovasti-300x184.jpg 300w\" sizes=\"auto, (max-width: 410px) 100vw, 410px\" \/><\/figure><\/div>\n\n\n<p class=\"has-medium-font-size\">5.&nbsp;Neutraali, rauhallinen olo. Kun kissa on rento, sen selk\u00e4 on suorana ja h\u00e4nt\u00e4 riippuu loivasti alasp\u00e4in.<\/p>\n\n\n<div class=\"wp-block-image\">\n<figure class=\"aligncenter size-full is-resized\"><img loading=\"lazy\" decoding=\"async\" width=\"410\" height=\"205\" src=\"https:\/\/sey.fi\/wp-content\/uploads\/sites\/47\/2026\/03\/vartalo_rauhallinen.jpg\" alt=\"\" class=\"wp-image-651\" style=\"width:420px;height:auto\" srcset=\"https:\/\/sey.fi\/wp-content\/uploads\/sites\/47\/2026\/03\/vartalo_rauhallinen.jpg 410w, https:\/\/sey.fi\/wp-content\/uploads\/sites\/47\/2026\/03\/vartalo_rauhallinen-300x150.jpg 300w, https:\/\/sey.fi\/wp-content\/uploads\/sites\/47\/2026\/03\/vartalo_rauhallinen-320x160.jpg 320w\" sizes=\"auto, (max-width: 410px) 100vw, 410px\" \/><\/figure><\/div>\n\n\n<p class=\"has-medium-font-size\">6.&nbsp;Kun luottavainen kissa tulee tervehtim\u00e4\u00e4n ihmist\u00e4 tai lajitoveriaan, se k\u00e4velee kohti rennosti ja h\u00e4nt\u00e4 pystyyn nostettuna.<\/p>\n\n\n<div class=\"wp-block-image\">\n<figure class=\"aligncenter size-full is-resized\"><img loading=\"lazy\" decoding=\"async\" width=\"410\" height=\"844\" src=\"https:\/\/sey.fi\/wp-content\/uploads\/sites\/47\/2026\/03\/tervehdys.jpg\" alt=\"\" class=\"wp-image-652\" style=\"width:244px;height:auto\" srcset=\"https:\/\/sey.fi\/wp-content\/uploads\/sites\/47\/2026\/03\/tervehdys.jpg 410w, https:\/\/sey.fi\/wp-content\/uploads\/sites\/47\/2026\/03\/tervehdys-146x300.jpg 146w\" sizes=\"auto, (max-width: 410px) 100vw, 410px\" \/><\/figure><\/div>\n\n\n<p class=\"has-medium-font-size\">7. Kissa on ahdistunut. Se viestii tassua nostamalla, ett\u00e4 se voi puolustautua huitaisemalla, jos sit\u00e4 l\u00e4hestyt\u00e4\u00e4n.<\/p>\n\n\n<div class=\"wp-block-image\">\n<figure class=\"aligncenter size-full is-resized\"><img loading=\"lazy\" decoding=\"async\" width=\"410\" height=\"325\" src=\"https:\/\/sey.fi\/wp-content\/uploads\/sites\/47\/2026\/03\/vartalo_vahan_pelottaa.jpg\" alt=\"\" class=\"wp-image-653\" style=\"width:361px;height:auto\" srcset=\"https:\/\/sey.fi\/wp-content\/uploads\/sites\/47\/2026\/03\/vartalo_vahan_pelottaa.jpg 410w, https:\/\/sey.fi\/wp-content\/uploads\/sites\/47\/2026\/03\/vartalo_vahan_pelottaa-300x238.jpg 300w\" sizes=\"auto, (max-width: 410px) 100vw, 410px\" \/><\/figure><\/div>\n\n\n<p class=\"has-medium-font-size\">8.&nbsp;Pelottaa. \u00c4killisesti s\u00e4ik\u00e4ht\u00e4nyt kissa k\u00f6yrist\u00e4\u00e4 selk\u00e4ns\u00e4 ja nostaa h\u00e4nn\u00e4n kaarelle n\u00e4ytt\u00e4\u00e4kseen mahdollisimman suurelta. Sel\u00e4n ja h\u00e4nn\u00e4n karvatkin nousevat t\u00f6rr\u00f6tt\u00e4m\u00e4\u00e4n pystyyn. Kissa valmistautuu tarvittaessa pakenemaan tai puolustamaan itse\u00e4\u00e4n.<\/p>\n\n\n<div class=\"wp-block-image\">\n<figure class=\"aligncenter size-full is-resized\"><img loading=\"lazy\" decoding=\"async\" width=\"800\" height=\"746\" src=\"https:\/\/sey.fi\/wp-content\/uploads\/sites\/47\/2026\/03\/pelottaa-1.jpg\" alt=\"\" class=\"wp-image-654\" style=\"width:384px;height:auto\" srcset=\"https:\/\/sey.fi\/wp-content\/uploads\/sites\/47\/2026\/03\/pelottaa-1.jpg 800w, https:\/\/sey.fi\/wp-content\/uploads\/sites\/47\/2026\/03\/pelottaa-1-300x280.jpg 300w, https:\/\/sey.fi\/wp-content\/uploads\/sites\/47\/2026\/03\/pelottaa-1-768x716.jpg 768w\" sizes=\"auto, (max-width: 800px) 100vw, 800px\" \/><\/figure><\/div>\n\n\n<p><\/p>\n","protected":false},"excerpt":{"rendered":"<p>T\u00e4ll\u00e4 sivulla esittelemme esimerkkikuvin kissan ilmeit\u00e4 ja asentoja sek\u00e4 mit\u00e4 kissa niill\u00e4 viestii. 1.&nbsp;Rento, rauhallinen olo. Kun kissaa ei pelota, sen korvat osoittavat rennosti eteenp\u00e4in. Silm\u00e4t ovat mantelinmuotoiset. 2.&nbsp;Silmien siristely on kuin kissan hymy. Silmi\u00e4\u00e4n siristelev\u00e4 kissa viestii yst\u00e4v\u00e4llisyytt\u00e4. Ihminen voi vastata kissan viestiin siristelem\u00e4ll\u00e4 omia silmi\u00e4\u00e4n. Joskus kuitenkin my\u00f6s stressaantuneet kissat siristelev\u00e4t. 3.&nbsp;V\u00e4h\u00e4n pelottaa. [&hellip;]<\/p>\n","protected":false},"author":8,"featured_media":658,"parent":190,"menu_order":0,"comment_status":"closed","ping_status":"closed","template":"","meta":{"_acf_changed":false,"footnotes":""},"class_list":["post-195","page","type-page","status-publish","has-post-thumbnail","hentry"],"acf":[],"yoast_head":"<!-- This site is optimized with the Yoast SEO plugin v27.1.1 - https:\/\/yoast.com\/product\/yoast-seo-wordpress\/ -->\n<title>Kissa viestii ilmeill\u00e4 ja asennoilla - Kissatieto<\/title>\n<meta name=\"robots\" content=\"index, follow, max-snippet:-1, max-image-preview:large, max-video-preview:-1\" \/>\n<link rel=\"canonical\" href=\"https:\/\/sey.fi\/kissa\/kissat\/kissan-kieli\/kissa-viestii-ilmeilla-ja-asennoilla\/\" \/>\n<meta property=\"og:locale\" content=\"fi_FI\" \/>\n<meta property=\"og:type\" content=\"article\" \/>\n<meta property=\"og:title\" content=\"Kissa viestii ilmeill\u00e4 ja asennoilla - Kissatieto\" \/>\n<meta property=\"og:description\" content=\"T\u00e4ll\u00e4 sivulla esittelemme esimerkkikuvin kissan ilmeit\u00e4 ja asentoja sek\u00e4 mit\u00e4 kissa niill\u00e4 viestii. 1.&nbsp;Rento, rauhallinen olo. Kun kissaa ei pelota, sen korvat osoittavat rennosti eteenp\u00e4in. Silm\u00e4t ovat mantelinmuotoiset. 2.&nbsp;Silmien siristely on kuin kissan hymy. Silmi\u00e4\u00e4n siristelev\u00e4 kissa viestii yst\u00e4v\u00e4llisyytt\u00e4. Ihminen voi vastata kissan viestiin siristelem\u00e4ll\u00e4 omia silmi\u00e4\u00e4n. Joskus kuitenkin my\u00f6s stressaantuneet kissat siristelev\u00e4t. 3.&nbsp;V\u00e4h\u00e4n pelottaa. [&hellip;]\" \/>\n<meta property=\"og:url\" content=\"https:\/\/sey.fi\/kissa\/kissat\/kissan-kieli\/kissa-viestii-ilmeilla-ja-asennoilla\/\" \/>\n<meta property=\"og:site_name\" content=\"Kissatieto\" \/>\n<meta property=\"article:modified_time\" content=\"2026-03-26T08:39:58+00:00\" \/>\n<meta property=\"og:image\" content=\"https:\/\/sey.fi\/wp-content\/uploads\/sites\/47\/2026\/03\/Kopio-kissasivut-paakuvat-1.png\" \/>\n\t<meta property=\"og:image:width\" content=\"1280\" \/>\n\t<meta property=\"og:image:height\" content=\"640\" \/>\n\t<meta property=\"og:image:type\" content=\"image\/png\" \/>\n<meta name=\"twitter:card\" content=\"summary_large_image\" \/>\n<meta name=\"twitter:label1\" content=\"Arvioitu lukuaika\" \/>\n\t<meta name=\"twitter:data1\" content=\"3 minuuttia\" \/>\n<script type=\"application\/ld+json\" class=\"yoast-schema-graph\">{\"@context\":\"https:\/\/schema.org\",\"@graph\":[{\"@type\":\"WebPage\",\"@id\":\"https:\/\/sey.fi\/kissa\/kissat\/kissan-kieli\/kissa-viestii-ilmeilla-ja-asennoilla\/\",\"url\":\"https:\/\/sey.fi\/kissa\/kissat\/kissan-kieli\/kissa-viestii-ilmeilla-ja-asennoilla\/\",\"name\":\"Kissa viestii ilmeill\u00e4 ja asennoilla - Kissatieto\",\"isPartOf\":{\"@id\":\"https:\/\/sey.fi\/kissa\/#website\"},\"primaryImageOfPage\":{\"@id\":\"https:\/\/sey.fi\/kissa\/kissat\/kissan-kieli\/kissa-viestii-ilmeilla-ja-asennoilla\/#primaryimage\"},\"image\":{\"@id\":\"https:\/\/sey.fi\/kissa\/kissat\/kissan-kieli\/kissa-viestii-ilmeilla-ja-asennoilla\/#primaryimage\"},\"thumbnailUrl\":\"https:\/\/sey.fi\/wp-content\/uploads\/sites\/47\/2026\/03\/Kopio-kissasivut-paakuvat-1.png\",\"datePublished\":\"2019-12-09T13:29:37+00:00\",\"dateModified\":\"2026-03-26T08:39:58+00:00\",\"breadcrumb\":{\"@id\":\"https:\/\/sey.fi\/kissa\/kissat\/kissan-kieli\/kissa-viestii-ilmeilla-ja-asennoilla\/#breadcrumb\"},\"inLanguage\":\"fi\",\"potentialAction\":[{\"@type\":\"ReadAction\",\"target\":[\"https:\/\/sey.fi\/kissa\/kissat\/kissan-kieli\/kissa-viestii-ilmeilla-ja-asennoilla\/\"]}]},{\"@type\":\"ImageObject\",\"inLanguage\":\"fi\",\"@id\":\"https:\/\/sey.fi\/kissa\/kissat\/kissan-kieli\/kissa-viestii-ilmeilla-ja-asennoilla\/#primaryimage\",\"url\":\"https:\/\/sey.fi\/wp-content\/uploads\/sites\/47\/2026\/03\/Kopio-kissasivut-paakuvat-1.png\",\"contentUrl\":\"https:\/\/sey.fi\/wp-content\/uploads\/sites\/47\/2026\/03\/Kopio-kissasivut-paakuvat-1.png\",\"width\":1280,\"height\":640,\"caption\":\"mustavalkoisia piirroskuvia kissan eri ilmeist\u00e4 ja asennoista ja niiden tarkoituksesta\"},{\"@type\":\"BreadcrumbList\",\"@id\":\"https:\/\/sey.fi\/kissa\/kissat\/kissan-kieli\/kissa-viestii-ilmeilla-ja-asennoilla\/#breadcrumb\",\"itemListElement\":[{\"@type\":\"ListItem\",\"position\":1,\"name\":\"Home\",\"item\":\"https:\/\/sey.fi\/kissa\/\"},{\"@type\":\"ListItem\",\"position\":2,\"name\":\"Kissatieto\",\"item\":\"https:\/\/sey.fi\/kissa\/\"},{\"@type\":\"ListItem\",\"position\":3,\"name\":\"Kissan kieli\",\"item\":\"https:\/\/sey.fi\/kissa\/kissat\/kissan-kieli\/\"},{\"@type\":\"ListItem\",\"position\":4,\"name\":\"Kissa viestii ilmeill\u00e4 ja asennoilla\"}]},{\"@type\":\"WebSite\",\"@id\":\"https:\/\/sey.fi\/kissa\/#website\",\"url\":\"https:\/\/sey.fi\/kissa\/\",\"name\":\"Kissatieto\",\"description\":\"Uusi SEY J\u00e4senyhdistykset -sivusto\",\"potentialAction\":[{\"@type\":\"SearchAction\",\"target\":{\"@type\":\"EntryPoint\",\"urlTemplate\":\"https:\/\/sey.fi\/kissa\/?s={search_term_string}\"},\"query-input\":{\"@type\":\"PropertyValueSpecification\",\"valueRequired\":true,\"valueName\":\"search_term_string\"}}],\"inLanguage\":\"fi\"}]}<\/script>\n<!-- \/ Yoast SEO plugin. -->","yoast_head_json":{"title":"Kissa viestii ilmeill\u00e4 ja asennoilla - Kissatieto","robots":{"index":"index","follow":"follow","max-snippet":"max-snippet:-1","max-image-preview":"max-image-preview:large","max-video-preview":"max-video-preview:-1"},"canonical":"https:\/\/sey.fi\/kissa\/kissat\/kissan-kieli\/kissa-viestii-ilmeilla-ja-asennoilla\/","og_locale":"fi_FI","og_type":"article","og_title":"Kissa viestii ilmeill\u00e4 ja asennoilla - Kissatieto","og_description":"T\u00e4ll\u00e4 sivulla esittelemme esimerkkikuvin kissan ilmeit\u00e4 ja asentoja sek\u00e4 mit\u00e4 kissa niill\u00e4 viestii. 1.&nbsp;Rento, rauhallinen olo. Kun kissaa ei pelota, sen korvat osoittavat rennosti eteenp\u00e4in. Silm\u00e4t ovat mantelinmuotoiset. 2.&nbsp;Silmien siristely on kuin kissan hymy. Silmi\u00e4\u00e4n siristelev\u00e4 kissa viestii yst\u00e4v\u00e4llisyytt\u00e4. Ihminen voi vastata kissan viestiin siristelem\u00e4ll\u00e4 omia silmi\u00e4\u00e4n. Joskus kuitenkin my\u00f6s stressaantuneet kissat siristelev\u00e4t. 3.&nbsp;V\u00e4h\u00e4n pelottaa. [&hellip;]","og_url":"https:\/\/sey.fi\/kissa\/kissat\/kissan-kieli\/kissa-viestii-ilmeilla-ja-asennoilla\/","og_site_name":"Kissatieto","article_modified_time":"2026-03-26T08:39:58+00:00","og_image":[{"width":1280,"height":640,"url":"https:\/\/sey.fi\/wp-content\/uploads\/sites\/47\/2026\/03\/Kopio-kissasivut-paakuvat-1.png","type":"image\/png"}],"twitter_card":"summary_large_image","twitter_misc":{"Arvioitu lukuaika":"3 minuuttia"},"schema":{"@context":"https:\/\/schema.org","@graph":[{"@type":"WebPage","@id":"https:\/\/sey.fi\/kissa\/kissat\/kissan-kieli\/kissa-viestii-ilmeilla-ja-asennoilla\/","url":"https:\/\/sey.fi\/kissa\/kissat\/kissan-kieli\/kissa-viestii-ilmeilla-ja-asennoilla\/","name":"Kissa viestii ilmeill\u00e4 ja asennoilla - Kissatieto","isPartOf":{"@id":"https:\/\/sey.fi\/kissa\/#website"},"primaryImageOfPage":{"@id":"https:\/\/sey.fi\/kissa\/kissat\/kissan-kieli\/kissa-viestii-ilmeilla-ja-asennoilla\/#primaryimage"},"image":{"@id":"https:\/\/sey.fi\/kissa\/kissat\/kissan-kieli\/kissa-viestii-ilmeilla-ja-asennoilla\/#primaryimage"},"thumbnailUrl":"https:\/\/sey.fi\/wp-content\/uploads\/sites\/47\/2026\/03\/Kopio-kissasivut-paakuvat-1.png","datePublished":"2019-12-09T13:29:37+00:00","dateModified":"2026-03-26T08:39:58+00:00","breadcrumb":{"@id":"https:\/\/sey.fi\/kissa\/kissat\/kissan-kieli\/kissa-viestii-ilmeilla-ja-asennoilla\/#breadcrumb"},"inLanguage":"fi","potentialAction":[{"@type":"ReadAction","target":["https:\/\/sey.fi\/kissa\/kissat\/kissan-kieli\/kissa-viestii-ilmeilla-ja-asennoilla\/"]}]},{"@type":"ImageObject","inLanguage":"fi","@id":"https:\/\/sey.fi\/kissa\/kissat\/kissan-kieli\/kissa-viestii-ilmeilla-ja-asennoilla\/#primaryimage","url":"https:\/\/sey.fi\/wp-content\/uploads\/sites\/47\/2026\/03\/Kopio-kissasivut-paakuvat-1.png","contentUrl":"https:\/\/sey.fi\/wp-content\/uploads\/sites\/47\/2026\/03\/Kopio-kissasivut-paakuvat-1.png","width":1280,"height":640,"caption":"mustavalkoisia piirroskuvia kissan eri ilmeist\u00e4 ja asennoista ja niiden tarkoituksesta"},{"@type":"BreadcrumbList","@id":"https:\/\/sey.fi\/kissa\/kissat\/kissan-kieli\/kissa-viestii-ilmeilla-ja-asennoilla\/#breadcrumb","itemListElement":[{"@type":"ListItem","position":1,"name":"Home","item":"https:\/\/sey.fi\/kissa\/"},{"@type":"ListItem","position":2,"name":"Kissatieto","item":"https:\/\/sey.fi\/kissa\/"},{"@type":"ListItem","position":3,"name":"Kissan kieli","item":"https:\/\/sey.fi\/kissa\/kissat\/kissan-kieli\/"},{"@type":"ListItem","position":4,"name":"Kissa viestii ilmeill\u00e4 ja asennoilla"}]},{"@type":"WebSite","@id":"https:\/\/sey.fi\/kissa\/#website","url":"https:\/\/sey.fi\/kissa\/","name":"Kissatieto","description":"Uusi SEY J\u00e4senyhdistykset -sivusto","potentialAction":[{"@type":"SearchAction","target":{"@type":"EntryPoint","urlTemplate":"https:\/\/sey.fi\/kissa\/?s={search_term_string}"},"query-input":{"@type":"PropertyValueSpecification","valueRequired":true,"valueName":"search_term_string"}}],"inLanguage":"fi"}]}},"_links":{"self":[{"href":"https:\/\/sey.fi\/kissa\/wp-json\/wp\/v2\/pages\/195","targetHints":{"allow":["GET"]}}],"collection":[{"href":"https:\/\/sey.fi\/kissa\/wp-json\/wp\/v2\/pages"}],"about":[{"href":"https:\/\/sey.fi\/kissa\/wp-json\/wp\/v2\/types\/page"}],"author":[{"embeddable":true,"href":"https:\/\/sey.fi\/kissa\/wp-json\/wp\/v2\/users\/8"}],"replies":[{"embeddable":true,"href":"https:\/\/sey.fi\/kissa\/wp-json\/wp\/v2\/comments?post=195"}],"version-history":[{"count":6,"href":"https:\/\/sey.fi\/kissa\/wp-json\/wp\/v2\/pages\/195\/revisions"}],"predecessor-version":[{"id":683,"href":"https:\/\/sey.fi\/kissa\/wp-json\/wp\/v2\/pages\/195\/revisions\/683"}],"up":[{"embeddable":true,"href":"https:\/\/sey.fi\/kissa\/wp-json\/wp\/v2\/pages\/190"}],"wp:featuredmedia":[{"embeddable":true,"href":"https:\/\/sey.fi\/kissa\/wp-json\/wp\/v2\/media\/658"}],"wp:attachment":[{"href":"https:\/\/sey.fi\/kissa\/wp-json\/wp\/v2\/media?parent=195"}],"curies":[{"name":"wp","href":"https:\/\/api.w.org\/{rel}","templated":true}]}}