{"id":197,"date":"2019-12-09T15:30:11","date_gmt":"2019-12-09T13:30:11","guid":{"rendered":"http:\/\/srvr10.xetpoint.com\/~seyfi\/kissatieto\/?page_id=197"},"modified":"2026-03-26T12:01:36","modified_gmt":"2026-03-26T10:01:36","slug":"hajuviestit","status":"publish","type":"page","link":"https:\/\/sey.fi\/kissa\/kissat\/kissan-kieli\/hajuviestit\/","title":{"rendered":"Hajuviestit"},"content":{"rendered":"\n<p class=\"has-text-align-right has-small-font-size\"><em>Kuva: Herman Delgado \/ Unsplash<\/em><\/p>\n\n\n\n<p>Ihmisen ja kissan v\u00e4lisess\u00e4 viestinn\u00e4ss\u00e4 hajuviesteill\u00e4 ei juurikaan \nole merkityst\u00e4. Kissat sen sijaan viestiv\u00e4t toisilleen monipuolisesti \nilmaan levi\u00e4vien kemiallisten feromoniviestien v\u00e4lill\u00e4. Kissa v\u00e4litt\u00e4\u00e4 \nferomoniviestej\u00e4 lajitovereilleen esimerkiksi virtsan ja ulosteen, \ntassunpohjien ja poskien rauhasten kautta.<\/p>\n\n\n\n<p>Ihminen voi k\u00e4ytt\u00e4\u00e4 kissan feromoniviestint\u00e4\u00e4 hyv\u00e4kseen. Er\u00e4\u00e4n kissojen p\u00e4\u00e4n alueen feromonin on todettu vaikuttavan kissaan rauhoittavasti. Rento ja levollinen kissa merkitsee elinpiiri\u00e4\u00e4n hieromalla poskiaan ja otsaansa esineisiin. Synteettinenkin naamaferomoni houkuttelee kissan tekem\u00e4\u00e4n omia feromonimerkint\u00f6j\u00e4 ymp\u00e4rist\u00f6\u00f6ns\u00e4 ja rentoutumaan.<\/p>\n\n\n\n<p>Kun kissa kokee, ett\u00e4 jokin on naamaferomonilla merkattu, ei se todenn\u00e4k\u00f6isesti merkkaa samaa kohdetta kynsim\u00e4ll\u00e4 tai virtsaamalla. Synteettist\u00e4 naamaferomonivalmistetta voi siis k\u00e4ytt\u00e4\u00e4 kissan k\u00e4ytt\u00e4ytymisen ohjailuun. Kissa tarvitsee kuitenkin aina kunnollisen ja sallitun raapimispaikan \u2013 raapimisen tarvetta valmiste ei poista.<\/p>\n\n\n\n<p>Kissan synteettist\u00e4 naamaferomonia myyd\u00e4\u00e4n tuotenimell\u00e4 Feliway classic. Sit\u00e4 on saatavilla pistokkeeseen asetettavana haihduttimena tai paikalliseen k\u00e4ytt\u00f6\u00f6n sopivana sumutteena.<\/p>\n\n\n\n<figure class=\"wp-block-image size-full is-resized\"><img loading=\"lazy\" decoding=\"async\" width=\"410\" height=\"615\" src=\"https:\/\/sey.fi\/wp-content\/uploads\/sites\/47\/2026\/03\/tutustuminen_3-Hanna-K.-Heikkila.jpg\" alt=\"\" class=\"wp-image-675\" style=\"width:840px;height:auto\" srcset=\"https:\/\/sey.fi\/wp-content\/uploads\/sites\/47\/2026\/03\/tutustuminen_3-Hanna-K.-Heikkila.jpg 410w, https:\/\/sey.fi\/wp-content\/uploads\/sites\/47\/2026\/03\/tutustuminen_3-Hanna-K.-Heikkila-200x300.jpg 200w\" sizes=\"auto, (max-width: 410px) 100vw, 410px\" \/><figcaption class=\"wp-element-caption\"><em>On erityisen t\u00e4rke\u00e4\u00e4 opettaa lapselle kissan kielt\u00e4. N\u00e4in v\u00e4ltyt\u00e4\u00e4n mahdollisilta v\u00e4\u00e4rink\u00e4sityksilt\u00e4. Lapsen ja lemmikin suhde muuttuu luottavaiseksi ja rennoksi, kun molemmat ymm\u00e4rt\u00e4v\u00e4t ja kunnioittavat toistensa kielt\u00e4. Kuva: Hanna K. Heikkil\u00e4<\/em><\/figcaption><\/figure>\n\n\n\n<p><\/p>\n","protected":false},"excerpt":{"rendered":"<p>Kuva: Herman Delgado \/ Unsplash Ihmisen ja kissan v\u00e4lisess\u00e4 viestinn\u00e4ss\u00e4 hajuviesteill\u00e4 ei juurikaan ole merkityst\u00e4. Kissat sen sijaan viestiv\u00e4t toisilleen monipuolisesti ilmaan levi\u00e4vien kemiallisten feromoniviestien v\u00e4lill\u00e4. Kissa v\u00e4litt\u00e4\u00e4 feromoniviestej\u00e4 lajitovereilleen esimerkiksi virtsan ja ulosteen, tassunpohjien ja poskien rauhasten kautta. Ihminen voi k\u00e4ytt\u00e4\u00e4 kissan feromoniviestint\u00e4\u00e4 hyv\u00e4kseen. Er\u00e4\u00e4n kissojen p\u00e4\u00e4n alueen feromonin on todettu vaikuttavan kissaan rauhoittavasti. [&hellip;]<\/p>\n","protected":false},"author":8,"featured_media":684,"parent":190,"menu_order":0,"comment_status":"closed","ping_status":"closed","template":"","meta":{"_acf_changed":false,"footnotes":""},"class_list":["post-197","page","type-page","status-publish","has-post-thumbnail","hentry"],"acf":[],"yoast_head":"<!-- This site is optimized with the Yoast SEO plugin v27.1.1 - https:\/\/yoast.com\/product\/yoast-seo-wordpress\/ -->\n<title>Hajuviestit - Kissatieto<\/title>\n<meta name=\"robots\" content=\"index, follow, max-snippet:-1, max-image-preview:large, max-video-preview:-1\" \/>\n<link rel=\"canonical\" href=\"https:\/\/sey.fi\/kissa\/kissat\/kissan-kieli\/hajuviestit\/\" \/>\n<meta property=\"og:locale\" content=\"fi_FI\" \/>\n<meta property=\"og:type\" content=\"article\" \/>\n<meta property=\"og:title\" content=\"Hajuviestit - Kissatieto\" \/>\n<meta property=\"og:description\" content=\"Kuva: Herman Delgado \/ Unsplash Ihmisen ja kissan v\u00e4lisess\u00e4 viestinn\u00e4ss\u00e4 hajuviesteill\u00e4 ei juurikaan ole merkityst\u00e4. Kissat sen sijaan viestiv\u00e4t toisilleen monipuolisesti ilmaan levi\u00e4vien kemiallisten feromoniviestien v\u00e4lill\u00e4. Kissa v\u00e4litt\u00e4\u00e4 feromoniviestej\u00e4 lajitovereilleen esimerkiksi virtsan ja ulosteen, tassunpohjien ja poskien rauhasten kautta. Ihminen voi k\u00e4ytt\u00e4\u00e4 kissan feromoniviestint\u00e4\u00e4 hyv\u00e4kseen. Er\u00e4\u00e4n kissojen p\u00e4\u00e4n alueen feromonin on todettu vaikuttavan kissaan rauhoittavasti. [&hellip;]\" \/>\n<meta property=\"og:url\" content=\"https:\/\/sey.fi\/kissa\/kissat\/kissan-kieli\/hajuviestit\/\" \/>\n<meta property=\"og:site_name\" content=\"Kissatieto\" \/>\n<meta property=\"article:modified_time\" content=\"2026-03-26T10:01:36+00:00\" \/>\n<meta property=\"og:image\" content=\"https:\/\/sey.fi\/wp-content\/uploads\/sites\/47\/2026\/03\/Herman-Delgado-Unsplash.png\" \/>\n\t<meta property=\"og:image:width\" content=\"1280\" \/>\n\t<meta property=\"og:image:height\" content=\"640\" \/>\n\t<meta property=\"og:image:type\" content=\"image\/png\" \/>\n<meta name=\"twitter:card\" content=\"summary_large_image\" \/>\n<meta name=\"twitter:label1\" content=\"Arvioitu lukuaika\" \/>\n\t<meta name=\"twitter:data1\" content=\"2 minuuttia\" \/>\n<script type=\"application\/ld+json\" class=\"yoast-schema-graph\">{\"@context\":\"https:\/\/schema.org\",\"@graph\":[{\"@type\":\"WebPage\",\"@id\":\"https:\/\/sey.fi\/kissa\/kissat\/kissan-kieli\/hajuviestit\/\",\"url\":\"https:\/\/sey.fi\/kissa\/kissat\/kissan-kieli\/hajuviestit\/\",\"name\":\"Hajuviestit - Kissatieto\",\"isPartOf\":{\"@id\":\"https:\/\/sey.fi\/kissa\/#website\"},\"primaryImageOfPage\":{\"@id\":\"https:\/\/sey.fi\/kissa\/kissat\/kissan-kieli\/hajuviestit\/#primaryimage\"},\"image\":{\"@id\":\"https:\/\/sey.fi\/kissa\/kissat\/kissan-kieli\/hajuviestit\/#primaryimage\"},\"thumbnailUrl\":\"https:\/\/sey.fi\/wp-content\/uploads\/sites\/47\/2026\/03\/Herman-Delgado-Unsplash.png\",\"datePublished\":\"2019-12-09T13:30:11+00:00\",\"dateModified\":\"2026-03-26T10:01:36+00:00\",\"breadcrumb\":{\"@id\":\"https:\/\/sey.fi\/kissa\/kissat\/kissan-kieli\/hajuviestit\/#breadcrumb\"},\"inLanguage\":\"fi\",\"potentialAction\":[{\"@type\":\"ReadAction\",\"target\":[\"https:\/\/sey.fi\/kissa\/kissat\/kissan-kieli\/hajuviestit\/\"]}]},{\"@type\":\"ImageObject\",\"inLanguage\":\"fi\",\"@id\":\"https:\/\/sey.fi\/kissa\/kissat\/kissan-kieli\/hajuviestit\/#primaryimage\",\"url\":\"https:\/\/sey.fi\/wp-content\/uploads\/sites\/47\/2026\/03\/Herman-Delgado-Unsplash.png\",\"contentUrl\":\"https:\/\/sey.fi\/wp-content\/uploads\/sites\/47\/2026\/03\/Herman-Delgado-Unsplash.png\",\"width\":1280,\"height\":640,\"caption\":\"Kilpikonnakuvioinen kissa kasvojen l\u00e4hikuvassa hieroo suutaan ihmisen sormeen\"},{\"@type\":\"BreadcrumbList\",\"@id\":\"https:\/\/sey.fi\/kissa\/kissat\/kissan-kieli\/hajuviestit\/#breadcrumb\",\"itemListElement\":[{\"@type\":\"ListItem\",\"position\":1,\"name\":\"Home\",\"item\":\"https:\/\/sey.fi\/kissa\/\"},{\"@type\":\"ListItem\",\"position\":2,\"name\":\"Kissatieto\",\"item\":\"https:\/\/sey.fi\/kissa\/\"},{\"@type\":\"ListItem\",\"position\":3,\"name\":\"Kissan kieli\",\"item\":\"https:\/\/sey.fi\/kissa\/kissat\/kissan-kieli\/\"},{\"@type\":\"ListItem\",\"position\":4,\"name\":\"Hajuviestit\"}]},{\"@type\":\"WebSite\",\"@id\":\"https:\/\/sey.fi\/kissa\/#website\",\"url\":\"https:\/\/sey.fi\/kissa\/\",\"name\":\"Kissatieto\",\"description\":\"Uusi SEY J\u00e4senyhdistykset -sivusto\",\"potentialAction\":[{\"@type\":\"SearchAction\",\"target\":{\"@type\":\"EntryPoint\",\"urlTemplate\":\"https:\/\/sey.fi\/kissa\/?s={search_term_string}\"},\"query-input\":{\"@type\":\"PropertyValueSpecification\",\"valueRequired\":true,\"valueName\":\"search_term_string\"}}],\"inLanguage\":\"fi\"}]}<\/script>\n<!-- \/ Yoast SEO plugin. -->","yoast_head_json":{"title":"Hajuviestit - Kissatieto","robots":{"index":"index","follow":"follow","max-snippet":"max-snippet:-1","max-image-preview":"max-image-preview:large","max-video-preview":"max-video-preview:-1"},"canonical":"https:\/\/sey.fi\/kissa\/kissat\/kissan-kieli\/hajuviestit\/","og_locale":"fi_FI","og_type":"article","og_title":"Hajuviestit - Kissatieto","og_description":"Kuva: Herman Delgado \/ Unsplash Ihmisen ja kissan v\u00e4lisess\u00e4 viestinn\u00e4ss\u00e4 hajuviesteill\u00e4 ei juurikaan ole merkityst\u00e4. Kissat sen sijaan viestiv\u00e4t toisilleen monipuolisesti ilmaan levi\u00e4vien kemiallisten feromoniviestien v\u00e4lill\u00e4. Kissa v\u00e4litt\u00e4\u00e4 feromoniviestej\u00e4 lajitovereilleen esimerkiksi virtsan ja ulosteen, tassunpohjien ja poskien rauhasten kautta. Ihminen voi k\u00e4ytt\u00e4\u00e4 kissan feromoniviestint\u00e4\u00e4 hyv\u00e4kseen. Er\u00e4\u00e4n kissojen p\u00e4\u00e4n alueen feromonin on todettu vaikuttavan kissaan rauhoittavasti. [&hellip;]","og_url":"https:\/\/sey.fi\/kissa\/kissat\/kissan-kieli\/hajuviestit\/","og_site_name":"Kissatieto","article_modified_time":"2026-03-26T10:01:36+00:00","og_image":[{"width":1280,"height":640,"url":"https:\/\/sey.fi\/wp-content\/uploads\/sites\/47\/2026\/03\/Herman-Delgado-Unsplash.png","type":"image\/png"}],"twitter_card":"summary_large_image","twitter_misc":{"Arvioitu lukuaika":"2 minuuttia"},"schema":{"@context":"https:\/\/schema.org","@graph":[{"@type":"WebPage","@id":"https:\/\/sey.fi\/kissa\/kissat\/kissan-kieli\/hajuviestit\/","url":"https:\/\/sey.fi\/kissa\/kissat\/kissan-kieli\/hajuviestit\/","name":"Hajuviestit - Kissatieto","isPartOf":{"@id":"https:\/\/sey.fi\/kissa\/#website"},"primaryImageOfPage":{"@id":"https:\/\/sey.fi\/kissa\/kissat\/kissan-kieli\/hajuviestit\/#primaryimage"},"image":{"@id":"https:\/\/sey.fi\/kissa\/kissat\/kissan-kieli\/hajuviestit\/#primaryimage"},"thumbnailUrl":"https:\/\/sey.fi\/wp-content\/uploads\/sites\/47\/2026\/03\/Herman-Delgado-Unsplash.png","datePublished":"2019-12-09T13:30:11+00:00","dateModified":"2026-03-26T10:01:36+00:00","breadcrumb":{"@id":"https:\/\/sey.fi\/kissa\/kissat\/kissan-kieli\/hajuviestit\/#breadcrumb"},"inLanguage":"fi","potentialAction":[{"@type":"ReadAction","target":["https:\/\/sey.fi\/kissa\/kissat\/kissan-kieli\/hajuviestit\/"]}]},{"@type":"ImageObject","inLanguage":"fi","@id":"https:\/\/sey.fi\/kissa\/kissat\/kissan-kieli\/hajuviestit\/#primaryimage","url":"https:\/\/sey.fi\/wp-content\/uploads\/sites\/47\/2026\/03\/Herman-Delgado-Unsplash.png","contentUrl":"https:\/\/sey.fi\/wp-content\/uploads\/sites\/47\/2026\/03\/Herman-Delgado-Unsplash.png","width":1280,"height":640,"caption":"Kilpikonnakuvioinen kissa kasvojen l\u00e4hikuvassa hieroo suutaan ihmisen sormeen"},{"@type":"BreadcrumbList","@id":"https:\/\/sey.fi\/kissa\/kissat\/kissan-kieli\/hajuviestit\/#breadcrumb","itemListElement":[{"@type":"ListItem","position":1,"name":"Home","item":"https:\/\/sey.fi\/kissa\/"},{"@type":"ListItem","position":2,"name":"Kissatieto","item":"https:\/\/sey.fi\/kissa\/"},{"@type":"ListItem","position":3,"name":"Kissan kieli","item":"https:\/\/sey.fi\/kissa\/kissat\/kissan-kieli\/"},{"@type":"ListItem","position":4,"name":"Hajuviestit"}]},{"@type":"WebSite","@id":"https:\/\/sey.fi\/kissa\/#website","url":"https:\/\/sey.fi\/kissa\/","name":"Kissatieto","description":"Uusi SEY J\u00e4senyhdistykset -sivusto","potentialAction":[{"@type":"SearchAction","target":{"@type":"EntryPoint","urlTemplate":"https:\/\/sey.fi\/kissa\/?s={search_term_string}"},"query-input":{"@type":"PropertyValueSpecification","valueRequired":true,"valueName":"search_term_string"}}],"inLanguage":"fi"}]}},"_links":{"self":[{"href":"https:\/\/sey.fi\/kissa\/wp-json\/wp\/v2\/pages\/197","targetHints":{"allow":["GET"]}}],"collection":[{"href":"https:\/\/sey.fi\/kissa\/wp-json\/wp\/v2\/pages"}],"about":[{"href":"https:\/\/sey.fi\/kissa\/wp-json\/wp\/v2\/types\/page"}],"author":[{"embeddable":true,"href":"https:\/\/sey.fi\/kissa\/wp-json\/wp\/v2\/users\/8"}],"replies":[{"embeddable":true,"href":"https:\/\/sey.fi\/kissa\/wp-json\/wp\/v2\/comments?post=197"}],"version-history":[{"count":4,"href":"https:\/\/sey.fi\/kissa\/wp-json\/wp\/v2\/pages\/197\/revisions"}],"predecessor-version":[{"id":687,"href":"https:\/\/sey.fi\/kissa\/wp-json\/wp\/v2\/pages\/197\/revisions\/687"}],"up":[{"embeddable":true,"href":"https:\/\/sey.fi\/kissa\/wp-json\/wp\/v2\/pages\/190"}],"wp:featuredmedia":[{"embeddable":true,"href":"https:\/\/sey.fi\/kissa\/wp-json\/wp\/v2\/media\/684"}],"wp:attachment":[{"href":"https:\/\/sey.fi\/kissa\/wp-json\/wp\/v2\/media?parent=197"}],"curies":[{"name":"wp","href":"https:\/\/api.w.org\/{rel}","templated":true}]}}