{"id":203,"date":"2019-12-09T15:33:12","date_gmt":"2019-12-09T13:33:12","guid":{"rendered":"http:\/\/srvr10.xetpoint.com\/~seyfi\/kissatieto\/?page_id=203"},"modified":"2019-12-09T15:33:14","modified_gmt":"2019-12-09T13:33:14","slug":"kissaongelmia","status":"publish","type":"page","link":"https:\/\/sey.fi\/kissa\/kissat\/kissaongelmia\/","title":{"rendered":"Kissaongelmia"},"content":{"rendered":"\n<p>Aina yhteisel\u00e4m\u00e4 kissojen kanssa ei suju. Ongelman ratkaisua \netsitt\u00e4ess\u00e4 on t\u00e4rke\u00e4\u00e4 ensin sulkea pois fyysisen sairauden \nmahdollisuus. Sen j\u00e4lkeen pit\u00e4\u00e4 pohtia, onko kissan elinymp\u00e4rist\u00f6ss\u00e4 tai\n omistajan k\u00e4yt\u00f6ksess\u00e4 jotain korjattavaa. Monen ihmisen kannalta \nongelmallisen k\u00e4ytt\u00e4ytymisen taustalla on kissan kokema stressi.<\/p>\n\n\n\n<p>Jos kissan ratkaisua kissan ei-toivottuun k\u00e4ytt\u00e4ytymiseen ei l\u00f6ydy, \nhuolehtiva lemmikinomistaja k\u00e4\u00e4ntyy asiantuntijan puoleen. Esimerkiksi \nkissan k\u00e4ytt\u00e4ytymiseen erikoistunut el\u00e4inl\u00e4\u00e4k\u00e4ri osaa auttaa eteenp\u00e4in.<\/p>\n","protected":false},"excerpt":{"rendered":"<p>Aina yhteisel\u00e4m\u00e4 kissojen kanssa ei suju. Ongelman ratkaisua etsitt\u00e4ess\u00e4 on t\u00e4rke\u00e4\u00e4 ensin sulkea pois fyysisen sairauden mahdollisuus. Sen j\u00e4lkeen pit\u00e4\u00e4 pohtia, onko kissan elinymp\u00e4rist\u00f6ss\u00e4 tai omistajan k\u00e4yt\u00f6ksess\u00e4 jotain korjattavaa. Monen ihmisen kannalta ongelmallisen k\u00e4ytt\u00e4ytymisen taustalla on kissan kokema stressi. Jos kissan ratkaisua kissan ei-toivottuun k\u00e4ytt\u00e4ytymiseen ei l\u00f6ydy, huolehtiva lemmikinomistaja k\u00e4\u00e4ntyy asiantuntijan puoleen. Esimerkiksi kissan k\u00e4ytt\u00e4ytymiseen [&hellip;]<\/p>\n","protected":false},"author":8,"featured_media":0,"parent":2,"menu_order":0,"comment_status":"closed","ping_status":"closed","template":"","meta":{"_acf_changed":false,"footnotes":""},"class_list":["post-203","page","type-page","status-publish","hentry"],"acf":[],"yoast_head":"<!-- This site is optimized with the Yoast SEO plugin v27.1.1 - https:\/\/yoast.com\/product\/yoast-seo-wordpress\/ -->\n<title>Kissaongelmia - Kissatieto<\/title>\n<meta name=\"robots\" content=\"index, follow, max-snippet:-1, max-image-preview:large, max-video-preview:-1\" \/>\n<link rel=\"canonical\" href=\"https:\/\/sey.fi\/kissa\/kissat\/kissaongelmia\/\" \/>\n<meta property=\"og:locale\" content=\"fi_FI\" \/>\n<meta property=\"og:type\" content=\"article\" \/>\n<meta property=\"og:title\" content=\"Kissaongelmia - Kissatieto\" \/>\n<meta property=\"og:description\" content=\"Aina yhteisel\u00e4m\u00e4 kissojen kanssa ei suju. Ongelman ratkaisua etsitt\u00e4ess\u00e4 on t\u00e4rke\u00e4\u00e4 ensin sulkea pois fyysisen sairauden mahdollisuus. Sen j\u00e4lkeen pit\u00e4\u00e4 pohtia, onko kissan elinymp\u00e4rist\u00f6ss\u00e4 tai omistajan k\u00e4yt\u00f6ksess\u00e4 jotain korjattavaa. Monen ihmisen kannalta ongelmallisen k\u00e4ytt\u00e4ytymisen taustalla on kissan kokema stressi. Jos kissan ratkaisua kissan ei-toivottuun k\u00e4ytt\u00e4ytymiseen ei l\u00f6ydy, huolehtiva lemmikinomistaja k\u00e4\u00e4ntyy asiantuntijan puoleen. Esimerkiksi kissan k\u00e4ytt\u00e4ytymiseen [&hellip;]\" \/>\n<meta property=\"og:url\" content=\"https:\/\/sey.fi\/kissa\/kissat\/kissaongelmia\/\" \/>\n<meta property=\"og:site_name\" content=\"Kissatieto\" \/>\n<meta property=\"article:modified_time\" content=\"2019-12-09T13:33:14+00:00\" \/>\n<meta name=\"twitter:card\" content=\"summary_large_image\" \/>\n<script type=\"application\/ld+json\" class=\"yoast-schema-graph\">{\"@context\":\"https:\/\/schema.org\",\"@graph\":[{\"@type\":\"WebPage\",\"@id\":\"https:\/\/sey.fi\/kissa\/kissat\/kissaongelmia\/\",\"url\":\"https:\/\/sey.fi\/kissa\/kissat\/kissaongelmia\/\",\"name\":\"Kissaongelmia - Kissatieto\",\"isPartOf\":{\"@id\":\"https:\/\/sey.fi\/kissa\/#website\"},\"datePublished\":\"2019-12-09T13:33:12+00:00\",\"dateModified\":\"2019-12-09T13:33:14+00:00\",\"breadcrumb\":{\"@id\":\"https:\/\/sey.fi\/kissa\/kissat\/kissaongelmia\/#breadcrumb\"},\"inLanguage\":\"fi\",\"potentialAction\":[{\"@type\":\"ReadAction\",\"target\":[\"https:\/\/sey.fi\/kissa\/kissat\/kissaongelmia\/\"]}]},{\"@type\":\"BreadcrumbList\",\"@id\":\"https:\/\/sey.fi\/kissa\/kissat\/kissaongelmia\/#breadcrumb\",\"itemListElement\":[{\"@type\":\"ListItem\",\"position\":1,\"name\":\"Home\",\"item\":\"https:\/\/sey.fi\/kissa\/\"},{\"@type\":\"ListItem\",\"position\":2,\"name\":\"Kissatieto\",\"item\":\"https:\/\/sey.fi\/kissa\/\"},{\"@type\":\"ListItem\",\"position\":3,\"name\":\"Kissaongelmia\"}]},{\"@type\":\"WebSite\",\"@id\":\"https:\/\/sey.fi\/kissa\/#website\",\"url\":\"https:\/\/sey.fi\/kissa\/\",\"name\":\"Kissatieto\",\"description\":\"Uusi SEY J\u00e4senyhdistykset -sivusto\",\"potentialAction\":[{\"@type\":\"SearchAction\",\"target\":{\"@type\":\"EntryPoint\",\"urlTemplate\":\"https:\/\/sey.fi\/kissa\/?s={search_term_string}\"},\"query-input\":{\"@type\":\"PropertyValueSpecification\",\"valueRequired\":true,\"valueName\":\"search_term_string\"}}],\"inLanguage\":\"fi\"}]}<\/script>\n<!-- \/ Yoast SEO plugin. -->","yoast_head_json":{"title":"Kissaongelmia - Kissatieto","robots":{"index":"index","follow":"follow","max-snippet":"max-snippet:-1","max-image-preview":"max-image-preview:large","max-video-preview":"max-video-preview:-1"},"canonical":"https:\/\/sey.fi\/kissa\/kissat\/kissaongelmia\/","og_locale":"fi_FI","og_type":"article","og_title":"Kissaongelmia - Kissatieto","og_description":"Aina yhteisel\u00e4m\u00e4 kissojen kanssa ei suju. Ongelman ratkaisua etsitt\u00e4ess\u00e4 on t\u00e4rke\u00e4\u00e4 ensin sulkea pois fyysisen sairauden mahdollisuus. Sen j\u00e4lkeen pit\u00e4\u00e4 pohtia, onko kissan elinymp\u00e4rist\u00f6ss\u00e4 tai omistajan k\u00e4yt\u00f6ksess\u00e4 jotain korjattavaa. Monen ihmisen kannalta ongelmallisen k\u00e4ytt\u00e4ytymisen taustalla on kissan kokema stressi. Jos kissan ratkaisua kissan ei-toivottuun k\u00e4ytt\u00e4ytymiseen ei l\u00f6ydy, huolehtiva lemmikinomistaja k\u00e4\u00e4ntyy asiantuntijan puoleen. Esimerkiksi kissan k\u00e4ytt\u00e4ytymiseen [&hellip;]","og_url":"https:\/\/sey.fi\/kissa\/kissat\/kissaongelmia\/","og_site_name":"Kissatieto","article_modified_time":"2019-12-09T13:33:14+00:00","twitter_card":"summary_large_image","schema":{"@context":"https:\/\/schema.org","@graph":[{"@type":"WebPage","@id":"https:\/\/sey.fi\/kissa\/kissat\/kissaongelmia\/","url":"https:\/\/sey.fi\/kissa\/kissat\/kissaongelmia\/","name":"Kissaongelmia - Kissatieto","isPartOf":{"@id":"https:\/\/sey.fi\/kissa\/#website"},"datePublished":"2019-12-09T13:33:12+00:00","dateModified":"2019-12-09T13:33:14+00:00","breadcrumb":{"@id":"https:\/\/sey.fi\/kissa\/kissat\/kissaongelmia\/#breadcrumb"},"inLanguage":"fi","potentialAction":[{"@type":"ReadAction","target":["https:\/\/sey.fi\/kissa\/kissat\/kissaongelmia\/"]}]},{"@type":"BreadcrumbList","@id":"https:\/\/sey.fi\/kissa\/kissat\/kissaongelmia\/#breadcrumb","itemListElement":[{"@type":"ListItem","position":1,"name":"Home","item":"https:\/\/sey.fi\/kissa\/"},{"@type":"ListItem","position":2,"name":"Kissatieto","item":"https:\/\/sey.fi\/kissa\/"},{"@type":"ListItem","position":3,"name":"Kissaongelmia"}]},{"@type":"WebSite","@id":"https:\/\/sey.fi\/kissa\/#website","url":"https:\/\/sey.fi\/kissa\/","name":"Kissatieto","description":"Uusi SEY J\u00e4senyhdistykset -sivusto","potentialAction":[{"@type":"SearchAction","target":{"@type":"EntryPoint","urlTemplate":"https:\/\/sey.fi\/kissa\/?s={search_term_string}"},"query-input":{"@type":"PropertyValueSpecification","valueRequired":true,"valueName":"search_term_string"}}],"inLanguage":"fi"}]}},"_links":{"self":[{"href":"https:\/\/sey.fi\/kissa\/wp-json\/wp\/v2\/pages\/203","targetHints":{"allow":["GET"]}}],"collection":[{"href":"https:\/\/sey.fi\/kissa\/wp-json\/wp\/v2\/pages"}],"about":[{"href":"https:\/\/sey.fi\/kissa\/wp-json\/wp\/v2\/types\/page"}],"author":[{"embeddable":true,"href":"https:\/\/sey.fi\/kissa\/wp-json\/wp\/v2\/users\/8"}],"replies":[{"embeddable":true,"href":"https:\/\/sey.fi\/kissa\/wp-json\/wp\/v2\/comments?post=203"}],"version-history":[{"count":1,"href":"https:\/\/sey.fi\/kissa\/wp-json\/wp\/v2\/pages\/203\/revisions"}],"predecessor-version":[{"id":204,"href":"https:\/\/sey.fi\/kissa\/wp-json\/wp\/v2\/pages\/203\/revisions\/204"}],"up":[{"embeddable":true,"href":"https:\/\/sey.fi\/kissa\/wp-json\/wp\/v2\/pages\/2"}],"wp:attachment":[{"href":"https:\/\/sey.fi\/kissa\/wp-json\/wp\/v2\/media?parent=203"}],"curies":[{"name":"wp","href":"https:\/\/api.w.org\/{rel}","templated":true}]}}