{"id":205,"date":"2019-12-09T15:34:49","date_gmt":"2019-12-09T13:34:49","guid":{"rendered":"http:\/\/srvr10.xetpoint.com\/~seyfi\/kissatieto\/?page_id=205"},"modified":"2026-03-27T10:51:23","modified_gmt":"2026-03-27T08:51:23","slug":"ongelmat-sisasiisteyden-kanssa","status":"publish","type":"page","link":"https:\/\/sey.fi\/kissa\/kissat\/kissaongelmia\/ongelmat-sisasiisteyden-kanssa\/","title":{"rendered":"Ongelmat sis\u00e4siisteyden kanssa"},"content":{"rendered":"\n<p class=\"has-text-align-right has-small-font-size\"><em>Kuva: Ami Bergstr\u00f6m<\/em><\/p>\n\n\n\n<hr class=\"wp-block-separator has-alpha-channel-opacity\" \/>\n\n\n\n<p class=\"has-medium-font-size\"><em>Kissa on tavallisesti siisti el\u00e4in, joka tekee tarpeensa hiekkalaatikkoonsa. Joskus kuitenkin aikaisemmin sis\u00e4siisti kissa ryhtyy virtsaamaan ja ulostamaan muualle kuin laatikkoonsa. Muutokset kissan laatikkok\u00e4ytt\u00e4ytymisess\u00e4 vaativat aina omistajan nopeaa reagointia, sill\u00e4 kyseess\u00e4 voi olla tuskallinen tai jopa hengenvaarallinenkin sairaus.<\/em><\/p>\n\n\n\n<hr class=\"wp-block-separator has-alpha-channel-opacity\" \/>\n\n\n\n<h2 class=\"wp-block-heading\">Sairaus?<\/h2>\n\n\n\n<p>Ensimm\u00e4inen merkki <strong>virtsatiesairaudesta<\/strong> voi olla hiekkapaakkujen pienentyminen, kun kissa yritt\u00e4\u00e4 tiristell\u00e4 kipe\u00e4\u00e4 rakkoaan mahdollisimman usein tyhj\u00e4ksi. Se voi my\u00f6s yhdist\u00e4\u00e4 kivuntunteen hiekkalaatikkoonsa ja alkaa v\u00e4ltell\u00e4 laatikkoa. Koska kissa arvostaa imukykyist\u00e4 pissapaikkaa, s\u00e4ngyt, sohvat tai vaatemytyt lattialla ovat sille sopivia asiointipaikkoja. Toisaalta kipua kokeva kissa voi hyvinkin hakeutua tarpeilleen my\u00f6s koville pinnoille, kuten lavuaariin tai laattalattialle.<\/p>\n\n\n\n<p>Virtsatiesairaudet voivat muuttua nopeasti kissalle hengenvaarallisiksi, sill\u00e4 ne voivat johtaa virtsateiden tukkeutumiseen. H\u00e4lytt\u00e4vi\u00e4 merkkej\u00e4 ovat tihe\u00e4 virtsaamisv\u00e4li ja pienet pissam\u00e4\u00e4r\u00e4t, \u00e4\u00e4ntely virtsatessa ja virtsaamisvaikeudet. N\u00e4it\u00e4 oireita havaittaessa on kissa toimitettava viipym\u00e4tt\u00e4 el\u00e4inl\u00e4\u00e4k\u00e4riin. My\u00f6s tarmokas takap\u00e4\u00e4n peseminen virtsaamisen j\u00e4lkeen tai juoksentelu ymp\u00e4riins\u00e4 pissalla k\u00e4ymisen j\u00e4lkeen liittyv\u00e4t usein ongelmiin virtsateiss\u00e4.<\/p>\n\n\n\n<p>Virtsatiesairauksien lis\u00e4ksi my\u00f6s<strong> virtsan m\u00e4\u00e4r\u00e4\u00e4 lis\u00e4\u00e4v\u00e4t sairaudet<\/strong>, kuten munuaisvika ja diabetes, voivat aiheuttaa laatikon ulkopuolelle virtsaamista. T\u00e4ll\u00f6in virtsam\u00e4\u00e4r\u00e4t ovat yleens\u00e4 isoja.<\/p>\n\n\n\n<blockquote class=\"wp-block-quote is-layout-flow wp-block-quote-is-layout-flow\">\n<p>S\u00e4\u00e4nn\u00f6llinen hiekkalaatikon puhdistus on t\u00e4rke\u00e4\u00e4 paitsi hygienian ja kissan sis\u00e4siisteyden toteutumisen kannalta, auttaa s\u00e4\u00e4nn\u00f6llinen puhdistus my\u00f6s huomaamaan muutokset kissan laatikkok\u00e4ytt\u00e4ytymisess\u00e4 nopeasti.<\/p>\n<\/blockquote>\n\n\n\n<h2 class=\"wp-block-heading\">Hiekkalaatikolle p\u00e4\u00e4syn estyminen?<\/h2>\n\n\n\n<p>Joskus kissa tekee tarpeensa laatikon ulkopuolelle, koska sen <strong>p\u00e4\u00e4sy omalle k\u00e4ym\u00e4l\u00e4lle on estynyt<\/strong>. T\u00e4m\u00e4 voi johtua vaikkapa vahingossa suljetusta kylpyhuoneen ovesta tai toisesta kissasta, jonka ohi kissa ei uskalla kulkea laatikolle p\u00e4\u00e4st\u00e4kseen. Monen kissan taloudessa onkin aina oltava hiekkalaatikoita lukum\u00e4\u00e4r\u00e4isesti enemm\u00e4n kuin kissoja, ja yhdell\u00e4 kissakin tulee olla laatikoita enemm\u00e4n kuin yksi.<\/p>\n\n\n\n<h2 class=\"wp-block-heading\">Likainen laatikko tai ep\u00e4mieluisa kuivike?<\/h2>\n\n\n\n<p>My\u00f6s <strong>k\u00e4ym\u00e4l\u00e4n liian harva siivousv\u00e4li, kissalle ep\u00e4mieluisa kuivike tai liian pitk\u00e4\u00e4n laatikossa hajuja itseens\u00e4 ker\u00e4nnyt hiekka<\/strong> voivat olla ei-toivottuihin paikoihin virtsaamisen tai ulostamisen taustalla. Luonnossa kissa ei v\u00e4ltt\u00e4m\u00e4tt\u00e4 asioi kahta kertaa samassa paikassa. Huonosti siivottu laatikko karkottaa kissan etsim\u00e4\u00e4n muuta asiointipaikkaa. Ulosteet ja pissapaakut t\u00e4ytyy siivota k\u00e4ym\u00e4l\u00f6ist\u00e4 v\u00e4hint\u00e4\u00e4n kerran p\u00e4iv\u00e4ss\u00e4 \u2013 tarvittaessa useamminkin. Koko hiekkalaatikon sis\u00e4lt\u00f6 on hyv\u00e4 vaihtaa uuteen kissojen m\u00e4\u00e4r\u00e4st\u00e4 riippuen 2\u20138 viikon v\u00e4lein ja itse laatikkokin on pest\u00e4v\u00e4 s\u00e4\u00e4nn\u00f6llisesti.<\/p>\n\n\n\n<p>Kuivikkeista hienojakoinen, hajusteeton ja hyvin paakkuuntuva ns. mikrohiekka on yleens\u00e4 kissalle mieluisinta. Yksil\u00f6llisi\u00e4 eroja kuitenkin on, ja oman kissan mieltymyksi\u00e4 voi selvitt\u00e4\u00e4 tarjoamalla sille erilaisia kuivikkeita useasta eri laatikosta ja tarkkailemalla sen valintoja.<\/p>\n\n\n\n<p>Kuiviketta tulee olla laatikossa runsaasti, noin 15 cm kerros. Siivotessa ei kannata s\u00e4\u00e4stell\u00e4 kuiviketta sihtaamalla kuiviketta liikaa, jotta laatikkoon ei j\u00e4isi likaantunutta hienojakoista kuiviketta.<\/p>\n\n\n\n<figure class=\"wp-block-image size-large\"><img loading=\"lazy\" decoding=\"async\" width=\"1024\" height=\"683\" src=\"https:\/\/sey.fi\/wp-content\/uploads\/sites\/47\/2026\/03\/IMG_1319-1024x683.jpg\" alt=\"\" class=\"wp-image-692\" srcset=\"https:\/\/sey.fi\/wp-content\/uploads\/sites\/47\/2026\/03\/IMG_1319-1024x683.jpg 1024w, https:\/\/sey.fi\/wp-content\/uploads\/sites\/47\/2026\/03\/IMG_1319-300x200.jpg 300w, https:\/\/sey.fi\/wp-content\/uploads\/sites\/47\/2026\/03\/IMG_1319-768x512.jpg 768w, https:\/\/sey.fi\/wp-content\/uploads\/sites\/47\/2026\/03\/IMG_1319-1536x1024.jpg 1536w, https:\/\/sey.fi\/wp-content\/uploads\/sites\/47\/2026\/03\/IMG_1319-2048x1365.jpg 2048w\" sizes=\"auto, (max-width: 1024px) 100vw, 1024px\" \/><figcaption class=\"wp-element-caption\">Puupohjaista paakkuuntuvaa kuiviketta. Erilaisia bentoniittisavesta tehtyj\u00e4 paakkuuntuvia kuivikkeita on yleisimmin myynniss\u00e4. On my\u00f6s suurempikokoisia puupellettej\u00e4, jotka ovat monien kissojen mielest\u00e4 ep\u00e4sopivia tarpeiden tekemiseen, kun taas joillekin kissoille ne sopivat. Kuva: Jenni Pasanen<\/figcaption><\/figure>\n\n\n\n<h2 class=\"wp-block-heading\">Ep\u00e4sopiva k\u00e4ym\u00e4l\u00e4laatikko?<\/h2>\n\n\n\n<p>My\u00f6s <strong>k\u00e4ym\u00e4l\u00e4n ominaisuuksilla ja sijainnilla<\/strong> on merkityst\u00e4. Useimmat kissat pit\u00e4v\u00e4t suurista ja laakeista isoista avomallisista laatikoista ja saattavat karttaa katollisia malleja. Niiss\u00e4 kissa saattaa tuntea olevansa ansassa umpinaisessa laatikossa. My\u00f6s ilmanvaihto kopin sis\u00e4ll\u00e4 on puutteellinen. On kuitenkin niit\u00e4kin kissayksil\u00f6it\u00e4, jotka arvostavat kopin takaamaa vessarauhaa. Oman kissan suosikki l\u00f6ytyy kokeilemalla. Laatikko sijoitetaan rauhalliseen paikkaan, josta on kuitenkin hyv\u00e4 n\u00e4kyvyys ymp\u00e4rist\u00f6\u00f6n. Jos hiekkalaatikko on liian levottomassa paikassa, esimerkiksi meluisten kodinkoneiden l\u00e4hettyvill\u00e4, kissa saattaa vaihtaa rauhallisempaan asiointipaikkaan.<\/p>\n\n\n\n<figure class=\"wp-block-image size-large\"><img loading=\"lazy\" decoding=\"async\" width=\"879\" height=\"1024\" src=\"https:\/\/sey.fi\/wp-content\/uploads\/sites\/47\/2026\/03\/kannellinen-kissanhiekkalaatikko-879x1024.jpg\" alt=\"\" class=\"wp-image-693\" srcset=\"https:\/\/sey.fi\/wp-content\/uploads\/sites\/47\/2026\/03\/kannellinen-kissanhiekkalaatikko-879x1024.jpg 879w, https:\/\/sey.fi\/wp-content\/uploads\/sites\/47\/2026\/03\/kannellinen-kissanhiekkalaatikko-257x300.jpg 257w, https:\/\/sey.fi\/wp-content\/uploads\/sites\/47\/2026\/03\/kannellinen-kissanhiekkalaatikko-768x895.jpg 768w, https:\/\/sey.fi\/wp-content\/uploads\/sites\/47\/2026\/03\/kannellinen-kissanhiekkalaatikko-1318x1536.jpg 1318w, https:\/\/sey.fi\/wp-content\/uploads\/sites\/47\/2026\/03\/kannellinen-kissanhiekkalaatikko-1757x2048.jpg 1757w, https:\/\/sey.fi\/wp-content\/uploads\/sites\/47\/2026\/03\/kannellinen-kissanhiekkalaatikko.jpg 1899w\" sizes=\"auto, (max-width: 879px) 100vw, 879px\" \/><figcaption class=\"wp-element-caption\">Katollinen kissanhiekkalaatikko ja l\u00e4pp\u00e4ovi voivat tehd\u00e4 laatikolla k\u00e4ynnin monille kissoille ep\u00e4mieluisaksi, kun taas joillekin kissoille t\u00e4llainen umpinaisempi ratkaisu voi sopia. Kuva: Jenni Pasanen<\/figcaption><\/figure>\n\n\n\n<h2 class=\"wp-block-heading\">Opittu k\u00e4ytt\u00e4ytyminen?<\/h2>\n\n\n\n<p>Joskus harvoin kyse on siit\u00e4, ett\u00e4 kissa <strong>ei ole oppinut<\/strong> hiekkalaatikon k\u00e4ytt\u00e4mist\u00e4 pentuaikana, vaan se on tehnyt tarpeensa esimerkiksi ulos. T\u00e4ll\u00f6in k\u00e4ym\u00e4l\u00e4n ja sen sis\u00e4ll\u00f6n muuttaminen aiempia k\u00e4ym\u00e4l\u00e4olosuhteita muistuttaviksi voi auttaa. Toisaalta vaikka kissa olisikin alun perin oppinut k\u00e4ytt\u00e4m\u00e4\u00e4n laatikkoa, esimerkiksi sairastuminen tai sopimaton kuivike voivat saada aikuisenkin kissan etsim\u00e4\u00e4n uuden k\u00e4ym\u00e4l\u00e4paikan, jonka k\u00e4ytt\u00e4misest\u00e4 syntyy helposti tapa.<\/p>\n\n\n\n<h2 class=\"wp-block-heading\">Merkkailu?<\/h2>\n\n\n\n<p>Tarpeiden tekemisen lis\u00e4ksi kissan pissailu voi olla my\u00f6s <strong>merkkailua<\/strong>. T\u00e4ll\u00f6in kissa useimmiten suhauttaa pienen virtsam\u00e4\u00e4r\u00e4n pystysuorille pinnoille keskeisten kulkureittiens\u00e4 varrella. Merkkailu on eritt\u00e4in yleist\u00e4 leikkaamattomilla kissoilla. Toinen yleinen syy merkkailuun on kissan kokema stressi. Esimerkiksi kodin liian suuri kissam\u00e4\u00e4r\u00e4, arvaamattomasti k\u00e4ytt\u00e4ytyv\u00e4 omistaja tai uusi perheenj\u00e4sen saattavat stressata kissaa. Merkkailulla kissa pyrkii lievitt\u00e4m\u00e4\u00e4n stressi\u00e4\u00e4n sek\u00e4 ratkomaan kissojen v\u00e4lisi\u00e4 j\u00e4nnitteit\u00e4 ilman tappeluita. Merkkailun tarkoitus on siis hyv\u00e4, eik\u00e4 merkkailu miss\u00e4\u00e4n tilanteessa ole esimerkiksi omistajalle mielen osoittamista \u2013 mik\u00e4 on valitettavan laajalle levinnyt harhaluulo. Merkkailuun auttaa eritt\u00e4in tehokkaasti kissan leikkauttaminen. Jos taustalla on stressi, on sen syyt selvitett\u00e4v\u00e4 ja minimoitava.<\/p>\n\n\n\n<figure class=\"wp-block-image size-large\"><img loading=\"lazy\" decoding=\"async\" width=\"1024\" height=\"872\" src=\"https:\/\/sey.fi\/wp-content\/uploads\/sites\/47\/2026\/03\/Kuva-fr0ggy5-Unsplash-1024x872.jpg\" alt=\"\" class=\"wp-image-694\" srcset=\"https:\/\/sey.fi\/wp-content\/uploads\/sites\/47\/2026\/03\/Kuva-fr0ggy5-Unsplash-1024x872.jpg 1024w, https:\/\/sey.fi\/wp-content\/uploads\/sites\/47\/2026\/03\/Kuva-fr0ggy5-Unsplash-300x255.jpg 300w, https:\/\/sey.fi\/wp-content\/uploads\/sites\/47\/2026\/03\/Kuva-fr0ggy5-Unsplash-768x654.jpg 768w, https:\/\/sey.fi\/wp-content\/uploads\/sites\/47\/2026\/03\/Kuva-fr0ggy5-Unsplash-1536x1308.jpg 1536w, https:\/\/sey.fi\/wp-content\/uploads\/sites\/47\/2026\/03\/Kuva-fr0ggy5-Unsplash-2048x1744.jpg 2048w\" sizes=\"auto, (max-width: 1024px) 100vw, 1024px\" \/><figcaption class=\"wp-element-caption\">Kissa merkkailee etenkin suihkuttamalla seisaaltaan virtsaa vaakasuoraan h\u00e4nn\u00e4n sojottaessa yl\u00f6sp\u00e4in samalla usein v\u00e4risytt\u00e4m\u00e4ll\u00e4 takap\u00e4\u00e4t\u00e4\u00e4n ja h\u00e4nt\u00e4\u00e4. Kuva: fr0ggy5 \/ Unsplash<\/figcaption><\/figure>\n\n\n\n<h2 class=\"wp-block-heading\">Mit\u00e4 tehd\u00e4?<\/h2>\n\n\n\n<p><strong>K\u00e4ytt\u00e4ytymisen syiden perusteellinen selvittely<\/strong> on hyv\u00e4 tehd\u00e4 mahdollisimman varhaisessa vaiheessa, ennen kuin k\u00e4ytt\u00e4ytymisest\u00e4 muodostuu vakiintunut tapa, josta on vaikeampaa p\u00e4\u00e4st\u00e4 eroon. Ensin suljetaan pois sairauden mahdollisuus, sitten selvitet\u00e4\u00e4n, onko kyse tarpeiden tekemisest\u00e4 vai merkkailusta. Kissan elinolosuhteita ja stressin m\u00e4\u00e4r\u00e4\u00e4 arvioidaan ja tehd\u00e4\u00e4n tarvittavat korjaustoimenpiteet. Kissan rankaisemisesta v\u00e4\u00e4r\u00e4\u00e4n paikkaan pissaamisesta ei ole hy\u00f6ty\u00e4 \u2013 p\u00e4invastoin se usein hidastaa tai jopa est\u00e4\u00e4 tilanteen ratkaisemisen. Kissa ei osaa yhdist\u00e4\u00e4 vihaista tai jopa kipua aiheuttavaa omistajaa siihen, ett\u00e4 se on tehnyt tarpeensa tiettyyn paikkaan, vaan oppii pelk\u00e4\u00e4m\u00e4\u00e4n ihmist\u00e4 ja stressaantuu entisest\u00e4\u00e4n.<\/p>\n\n\n\n<p>Oli laatikon ulkopuolelle pissailun syy sitten tarpeiden tekeminen tai merkkailu, on t\u00e4rke\u00e4\u00e4 <strong>puhdistaa kohteet<\/strong> huolellisesti, sill\u00e4 virtsan haju saattaa houkutella jatkamaan kohteeseen virtsaamista. El\u00e4intarvikeliikkeiss\u00e4 myyd\u00e4\u00e4n erillisi\u00e4 eritetahrojen puhdistamiseen tarkoitettuja tuotteita, mutta my\u00f6s etikka huuhteluvedess\u00e4 vie hajun tehokkaasti mukanaan. Kodin puhdistusaineista kannattaa v\u00e4ltt\u00e4\u00e4 klooria tai ammoniakkia sis\u00e4lt\u00e4vi\u00e4 aineita. Niiden haju muistuttaa virtsanhajua ja saattaa innostaa kissaa jatkamaan k\u00e4yt\u00f6st\u00e4\u00e4n. Kissan <strong>naamaferomonia<\/strong> sis\u00e4lt\u00e4v\u00e4n Feliway-suihkeen suihkuttaminen kohteeseen sen puhdistamisen j\u00e4lkeen saattaa auttaa, sill\u00e4 kissa ei yleens\u00e4 merkkaile samaan paikkaan naamaferomonilla ja virtsalla.<\/p>\n\n\n\n<p>Jos kissa k\u00e4y s\u00e4\u00e4nn\u00f6llisesti tietyss\u00e4 paikassa tarpeillaan, voi <strong>p\u00e4\u00e4sy kohteeseen olla tarpeen tilap\u00e4isesti est\u00e4\u00e4<\/strong>. Paikan voi suojata esimerkiksi muovilla tai kaksipuolisella teipill\u00e4, ja l\u00e4helle kohdetta asetetaan tarjolle mahdollisimman houkutteleva hiekkalaatikko. Laatikkoa voi my\u00f6hemmin v\u00e4hitellen l\u00e4hte\u00e4 siirt\u00e4m\u00e4\u00e4n kohti ihmisen mielest\u00e4 sopivampaa paikkaa. Kissan saataville j\u00e4rjestet\u00e4\u00e4n <strong>useita muitakin laatikoita<\/strong> eri puolille asuntoa, ja niihin voi laittaa tarjolle erilaisia kuivikkeita.<\/p>\n\n\n\n<p><\/p>\n","protected":false},"excerpt":{"rendered":"<p>Kuva: Ami Bergstr\u00f6m Kissa on tavallisesti siisti el\u00e4in, joka tekee tarpeensa hiekkalaatikkoonsa. Joskus kuitenkin aikaisemmin sis\u00e4siisti kissa ryhtyy virtsaamaan ja ulostamaan muualle kuin laatikkoonsa. Muutokset kissan laatikkok\u00e4ytt\u00e4ytymisess\u00e4 vaativat aina omistajan nopeaa reagointia, sill\u00e4 kyseess\u00e4 voi olla tuskallinen tai jopa hengenvaarallinenkin sairaus. Sairaus? Ensimm\u00e4inen merkki virtsatiesairaudesta voi olla hiekkapaakkujen pienentyminen, kun kissa yritt\u00e4\u00e4 tiristell\u00e4 kipe\u00e4\u00e4 rakkoaan [&hellip;]<\/p>\n","protected":false},"author":8,"featured_media":206,"parent":203,"menu_order":0,"comment_status":"closed","ping_status":"closed","template":"","meta":{"_acf_changed":false,"footnotes":""},"class_list":["post-205","page","type-page","status-publish","has-post-thumbnail","hentry"],"acf":[],"yoast_head":"<!-- This site is optimized with the Yoast SEO plugin v27.1.1 - https:\/\/yoast.com\/product\/yoast-seo-wordpress\/ -->\n<title>Ongelmat sis\u00e4siisteyden kanssa - Kissatieto<\/title>\n<meta name=\"robots\" content=\"index, follow, max-snippet:-1, max-image-preview:large, max-video-preview:-1\" \/>\n<link rel=\"canonical\" href=\"https:\/\/sey.fi\/kissa\/kissat\/kissaongelmia\/ongelmat-sisasiisteyden-kanssa\/\" \/>\n<meta property=\"og:locale\" content=\"fi_FI\" \/>\n<meta property=\"og:type\" content=\"article\" \/>\n<meta property=\"og:title\" content=\"Ongelmat sis\u00e4siisteyden kanssa - Kissatieto\" \/>\n<meta property=\"og:description\" content=\"Kuva: Ami Bergstr\u00f6m Kissa on tavallisesti siisti el\u00e4in, joka tekee tarpeensa hiekkalaatikkoonsa. Joskus kuitenkin aikaisemmin sis\u00e4siisti kissa ryhtyy virtsaamaan ja ulostamaan muualle kuin laatikkoonsa. Muutokset kissan laatikkok\u00e4ytt\u00e4ytymisess\u00e4 vaativat aina omistajan nopeaa reagointia, sill\u00e4 kyseess\u00e4 voi olla tuskallinen tai jopa hengenvaarallinenkin sairaus. Sairaus? Ensimm\u00e4inen merkki virtsatiesairaudesta voi olla hiekkapaakkujen pienentyminen, kun kissa yritt\u00e4\u00e4 tiristell\u00e4 kipe\u00e4\u00e4 rakkoaan [&hellip;]\" \/>\n<meta property=\"og:url\" content=\"https:\/\/sey.fi\/kissa\/kissat\/kissaongelmia\/ongelmat-sisasiisteyden-kanssa\/\" \/>\n<meta property=\"og:site_name\" content=\"Kissatieto\" \/>\n<meta property=\"article:modified_time\" content=\"2026-03-27T08:51:23+00:00\" \/>\n<meta property=\"og:image\" content=\"https:\/\/sey.fi\/wp-content\/uploads\/sites\/47\/2019\/12\/dscn1160_ami_bergstrom.jpg\" \/>\n\t<meta property=\"og:image:width\" content=\"410\" \/>\n\t<meta property=\"og:image:height\" content=\"308\" \/>\n\t<meta property=\"og:image:type\" content=\"image\/jpeg\" \/>\n<meta name=\"twitter:card\" content=\"summary_large_image\" \/>\n<meta name=\"twitter:label1\" content=\"Arvioitu lukuaika\" \/>\n\t<meta name=\"twitter:data1\" content=\"7 minuuttia\" \/>\n<script type=\"application\/ld+json\" class=\"yoast-schema-graph\">{\"@context\":\"https:\/\/schema.org\",\"@graph\":[{\"@type\":\"WebPage\",\"@id\":\"https:\/\/sey.fi\/kissa\/kissat\/kissaongelmia\/ongelmat-sisasiisteyden-kanssa\/\",\"url\":\"https:\/\/sey.fi\/kissa\/kissat\/kissaongelmia\/ongelmat-sisasiisteyden-kanssa\/\",\"name\":\"Ongelmat sis\u00e4siisteyden kanssa - Kissatieto\",\"isPartOf\":{\"@id\":\"https:\/\/sey.fi\/kissa\/#website\"},\"primaryImageOfPage\":{\"@id\":\"https:\/\/sey.fi\/kissa\/kissat\/kissaongelmia\/ongelmat-sisasiisteyden-kanssa\/#primaryimage\"},\"image\":{\"@id\":\"https:\/\/sey.fi\/kissa\/kissat\/kissaongelmia\/ongelmat-sisasiisteyden-kanssa\/#primaryimage\"},\"thumbnailUrl\":\"https:\/\/sey.fi\/wp-content\/uploads\/sites\/47\/2019\/12\/dscn1160_ami_bergstrom.jpg\",\"datePublished\":\"2019-12-09T13:34:49+00:00\",\"dateModified\":\"2026-03-27T08:51:23+00:00\",\"breadcrumb\":{\"@id\":\"https:\/\/sey.fi\/kissa\/kissat\/kissaongelmia\/ongelmat-sisasiisteyden-kanssa\/#breadcrumb\"},\"inLanguage\":\"fi\",\"potentialAction\":[{\"@type\":\"ReadAction\",\"target\":[\"https:\/\/sey.fi\/kissa\/kissat\/kissaongelmia\/ongelmat-sisasiisteyden-kanssa\/\"]}]},{\"@type\":\"ImageObject\",\"inLanguage\":\"fi\",\"@id\":\"https:\/\/sey.fi\/kissa\/kissat\/kissaongelmia\/ongelmat-sisasiisteyden-kanssa\/#primaryimage\",\"url\":\"https:\/\/sey.fi\/wp-content\/uploads\/sites\/47\/2019\/12\/dscn1160_ami_bergstrom.jpg\",\"contentUrl\":\"https:\/\/sey.fi\/wp-content\/uploads\/sites\/47\/2019\/12\/dscn1160_ami_bergstrom.jpg\",\"width\":410,\"height\":308},{\"@type\":\"BreadcrumbList\",\"@id\":\"https:\/\/sey.fi\/kissa\/kissat\/kissaongelmia\/ongelmat-sisasiisteyden-kanssa\/#breadcrumb\",\"itemListElement\":[{\"@type\":\"ListItem\",\"position\":1,\"name\":\"Home\",\"item\":\"https:\/\/sey.fi\/kissa\/\"},{\"@type\":\"ListItem\",\"position\":2,\"name\":\"Kissatieto\",\"item\":\"https:\/\/sey.fi\/kissa\/\"},{\"@type\":\"ListItem\",\"position\":3,\"name\":\"Kissaongelmia\",\"item\":\"https:\/\/sey.fi\/kissa\/kissat\/kissaongelmia\/\"},{\"@type\":\"ListItem\",\"position\":4,\"name\":\"Ongelmat sis\u00e4siisteyden kanssa\"}]},{\"@type\":\"WebSite\",\"@id\":\"https:\/\/sey.fi\/kissa\/#website\",\"url\":\"https:\/\/sey.fi\/kissa\/\",\"name\":\"Kissatieto\",\"description\":\"Uusi SEY J\u00e4senyhdistykset -sivusto\",\"potentialAction\":[{\"@type\":\"SearchAction\",\"target\":{\"@type\":\"EntryPoint\",\"urlTemplate\":\"https:\/\/sey.fi\/kissa\/?s={search_term_string}\"},\"query-input\":{\"@type\":\"PropertyValueSpecification\",\"valueRequired\":true,\"valueName\":\"search_term_string\"}}],\"inLanguage\":\"fi\"}]}<\/script>\n<!-- \/ Yoast SEO plugin. -->","yoast_head_json":{"title":"Ongelmat sis\u00e4siisteyden kanssa - Kissatieto","robots":{"index":"index","follow":"follow","max-snippet":"max-snippet:-1","max-image-preview":"max-image-preview:large","max-video-preview":"max-video-preview:-1"},"canonical":"https:\/\/sey.fi\/kissa\/kissat\/kissaongelmia\/ongelmat-sisasiisteyden-kanssa\/","og_locale":"fi_FI","og_type":"article","og_title":"Ongelmat sis\u00e4siisteyden kanssa - Kissatieto","og_description":"Kuva: Ami Bergstr\u00f6m Kissa on tavallisesti siisti el\u00e4in, joka tekee tarpeensa hiekkalaatikkoonsa. Joskus kuitenkin aikaisemmin sis\u00e4siisti kissa ryhtyy virtsaamaan ja ulostamaan muualle kuin laatikkoonsa. Muutokset kissan laatikkok\u00e4ytt\u00e4ytymisess\u00e4 vaativat aina omistajan nopeaa reagointia, sill\u00e4 kyseess\u00e4 voi olla tuskallinen tai jopa hengenvaarallinenkin sairaus. Sairaus? Ensimm\u00e4inen merkki virtsatiesairaudesta voi olla hiekkapaakkujen pienentyminen, kun kissa yritt\u00e4\u00e4 tiristell\u00e4 kipe\u00e4\u00e4 rakkoaan [&hellip;]","og_url":"https:\/\/sey.fi\/kissa\/kissat\/kissaongelmia\/ongelmat-sisasiisteyden-kanssa\/","og_site_name":"Kissatieto","article_modified_time":"2026-03-27T08:51:23+00:00","og_image":[{"width":410,"height":308,"url":"https:\/\/sey.fi\/wp-content\/uploads\/sites\/47\/2019\/12\/dscn1160_ami_bergstrom.jpg","type":"image\/jpeg"}],"twitter_card":"summary_large_image","twitter_misc":{"Arvioitu lukuaika":"7 minuuttia"},"schema":{"@context":"https:\/\/schema.org","@graph":[{"@type":"WebPage","@id":"https:\/\/sey.fi\/kissa\/kissat\/kissaongelmia\/ongelmat-sisasiisteyden-kanssa\/","url":"https:\/\/sey.fi\/kissa\/kissat\/kissaongelmia\/ongelmat-sisasiisteyden-kanssa\/","name":"Ongelmat sis\u00e4siisteyden kanssa - Kissatieto","isPartOf":{"@id":"https:\/\/sey.fi\/kissa\/#website"},"primaryImageOfPage":{"@id":"https:\/\/sey.fi\/kissa\/kissat\/kissaongelmia\/ongelmat-sisasiisteyden-kanssa\/#primaryimage"},"image":{"@id":"https:\/\/sey.fi\/kissa\/kissat\/kissaongelmia\/ongelmat-sisasiisteyden-kanssa\/#primaryimage"},"thumbnailUrl":"https:\/\/sey.fi\/wp-content\/uploads\/sites\/47\/2019\/12\/dscn1160_ami_bergstrom.jpg","datePublished":"2019-12-09T13:34:49+00:00","dateModified":"2026-03-27T08:51:23+00:00","breadcrumb":{"@id":"https:\/\/sey.fi\/kissa\/kissat\/kissaongelmia\/ongelmat-sisasiisteyden-kanssa\/#breadcrumb"},"inLanguage":"fi","potentialAction":[{"@type":"ReadAction","target":["https:\/\/sey.fi\/kissa\/kissat\/kissaongelmia\/ongelmat-sisasiisteyden-kanssa\/"]}]},{"@type":"ImageObject","inLanguage":"fi","@id":"https:\/\/sey.fi\/kissa\/kissat\/kissaongelmia\/ongelmat-sisasiisteyden-kanssa\/#primaryimage","url":"https:\/\/sey.fi\/wp-content\/uploads\/sites\/47\/2019\/12\/dscn1160_ami_bergstrom.jpg","contentUrl":"https:\/\/sey.fi\/wp-content\/uploads\/sites\/47\/2019\/12\/dscn1160_ami_bergstrom.jpg","width":410,"height":308},{"@type":"BreadcrumbList","@id":"https:\/\/sey.fi\/kissa\/kissat\/kissaongelmia\/ongelmat-sisasiisteyden-kanssa\/#breadcrumb","itemListElement":[{"@type":"ListItem","position":1,"name":"Home","item":"https:\/\/sey.fi\/kissa\/"},{"@type":"ListItem","position":2,"name":"Kissatieto","item":"https:\/\/sey.fi\/kissa\/"},{"@type":"ListItem","position":3,"name":"Kissaongelmia","item":"https:\/\/sey.fi\/kissa\/kissat\/kissaongelmia\/"},{"@type":"ListItem","position":4,"name":"Ongelmat sis\u00e4siisteyden kanssa"}]},{"@type":"WebSite","@id":"https:\/\/sey.fi\/kissa\/#website","url":"https:\/\/sey.fi\/kissa\/","name":"Kissatieto","description":"Uusi SEY J\u00e4senyhdistykset -sivusto","potentialAction":[{"@type":"SearchAction","target":{"@type":"EntryPoint","urlTemplate":"https:\/\/sey.fi\/kissa\/?s={search_term_string}"},"query-input":{"@type":"PropertyValueSpecification","valueRequired":true,"valueName":"search_term_string"}}],"inLanguage":"fi"}]}},"_links":{"self":[{"href":"https:\/\/sey.fi\/kissa\/wp-json\/wp\/v2\/pages\/205","targetHints":{"allow":["GET"]}}],"collection":[{"href":"https:\/\/sey.fi\/kissa\/wp-json\/wp\/v2\/pages"}],"about":[{"href":"https:\/\/sey.fi\/kissa\/wp-json\/wp\/v2\/types\/page"}],"author":[{"embeddable":true,"href":"https:\/\/sey.fi\/kissa\/wp-json\/wp\/v2\/users\/8"}],"replies":[{"embeddable":true,"href":"https:\/\/sey.fi\/kissa\/wp-json\/wp\/v2\/comments?post=205"}],"version-history":[{"count":11,"href":"https:\/\/sey.fi\/kissa\/wp-json\/wp\/v2\/pages\/205\/revisions"}],"predecessor-version":[{"id":710,"href":"https:\/\/sey.fi\/kissa\/wp-json\/wp\/v2\/pages\/205\/revisions\/710"}],"up":[{"embeddable":true,"href":"https:\/\/sey.fi\/kissa\/wp-json\/wp\/v2\/pages\/203"}],"wp:featuredmedia":[{"embeddable":true,"href":"https:\/\/sey.fi\/kissa\/wp-json\/wp\/v2\/media\/206"}],"wp:attachment":[{"href":"https:\/\/sey.fi\/kissa\/wp-json\/wp\/v2\/media?parent=205"}],"curies":[{"name":"wp","href":"https:\/\/api.w.org\/{rel}","templated":true}]}}