{"id":212,"date":"2019-12-09T15:36:58","date_gmt":"2019-12-09T13:36:58","guid":{"rendered":"http:\/\/srvr10.xetpoint.com\/~seyfi\/kissatieto\/?page_id=212"},"modified":"2026-03-27T11:36:02","modified_gmt":"2026-03-27T09:36:02","slug":"hairitseva-naukuminen","status":"publish","type":"page","link":"https:\/\/sey.fi\/kissa\/kissat\/kissaongelmia\/hairitseva-naukuminen\/","title":{"rendered":"H\u00e4iritsev\u00e4 naukuminen"},"content":{"rendered":"\n<p class=\"has-text-align-right has-small-font-size\"><em>Kuva: Timothy Barrett \/ Unsplash<\/em><\/p>\n\n\n\n<hr class=\"wp-block-separator has-alpha-channel-opacity\" \/>\n\n\n\n<p class=\"has-medium-font-size\"><em>Kissoilla on monipuolinen \u00e4\u00e4nimaailma. Naukuminen on \u00e4\u00e4nist\u00e4 se, jolla kissa viestii tarpeistaan omistajalleen. Toisinaan kissan keskustelunavaukset saattavat ruveta kirist\u00e4m\u00e4\u00e4n ihmisen hermoja, varsinkin jos naukuminen ajoittuu y\u00f6aikaan.<\/em><\/p>\n\n\n\n<hr class=\"wp-block-separator has-alpha-channel-opacity\" \/>\n\n\n\n<p>Joskus lis\u00e4\u00e4ntyneen naukumisen taustalla on sairaus, kuten kissoilla yleinen kilpirauhasen liikatoiminta. Mik\u00e4li vanha kissa alkaa konsertoida \u00f6iseen aikaan, voi kyse olla vanhenemiseen liittyvist\u00e4 muutoksista. Kissa voi reagoida my\u00f6s kipuun naukumalla. Siksi \u00e4\u00e4ntelynkin kohdalla on vastuullista kartoittaa ensimm\u00e4iseksi huolellisesti kivun tai sairauden mahdollisuudet ja hankkia kissalle tarvittaessa el\u00e4inl\u00e4\u00e4k\u00e4rin apua.<\/p>\n\n\n\n<p>Naukumisessa on usein kyse my\u00f6s opitusta k\u00e4ytt\u00e4ytymisest\u00e4. Kun ihminen her\u00e4\u00e4 uniltaan lemmikin metel\u00f6intiin, voi tuntua hyv\u00e4lt\u00e4 idealta hiljent\u00e4\u00e4 se silittelem\u00e4ll\u00e4 tai ruokkimalla. Kissa kuitenkin oppii nopeasti, ett\u00e4 \u00f6isest\u00e4 \u00e4\u00e4ntelyst\u00e4 seuraa mukavia asioita. N\u00e4in y\u00f6llisen levottomuuden kierre on valmis.<\/p>\n\n\n\n<p>Ongelmaa ratkottaessa on ensiksi syyt\u00e4 varmistaa, ett\u00e4 kissalla on p\u00e4iv\u00e4n mittaan riitt\u00e4v\u00e4sti tekemist\u00e4. Aktiivista el\u00e4m\u00e4\u00e4 viett\u00e4v\u00e4n pikkupedon ei voi olettaa kuluttavan koko vuorokautta \u2013 ja sen per\u00e4\u00e4n y\u00f6t\u00e4 \u2013 nukkumiseen. Leikkiminen kissan kanssa useaan otteeseen p\u00e4iv\u00e4n mittaan takaa molemmille paremmat y\u00f6unet. Lis\u00e4ksi kannattaa j\u00e4rjest\u00e4\u00e4 kissalle mahdollisuuksia kipeill\u00e4, tutkia uusia asioita, kuten pahvilaatikoita tai vilttimajoja, etsi\u00e4 herkkupaloja ja k\u00e4ytt\u00e4\u00e4 erilaisia ruokavirikkeit\u00e4. Ennen nukkumaanmenoa kissalle annetaan ateria, joka pit\u00e4\u00e4 sen kyll\u00e4isen\u00e4 mahdollisimman pitk\u00e4\u00e4n.<\/p>\n\n\n\n<p>Kun omistaja lakkaa reagoimasta \u00f6isiin \u00e4\u00e4ntelyihin, ensin huutelu todenn\u00e4k\u00f6isesti pahenee kissan yritt\u00e4ess\u00e4 entist\u00e4 kovemmin saada totuttua reaktiota omistajassaan aikaan. Omistajan pit\u00e4ess\u00e4 k\u00e4rsiv\u00e4llisesti kiinni p\u00e4\u00e4t\u00f6ksest\u00e4\u00e4n ja j\u00e4tt\u00e4ess\u00e4 kissan \u00e4\u00e4net y\u00f6 toisensa j\u00e4lkeen huomioimatta, alkavat y\u00f6konsertit kuitenkin pikkuhiljaa v\u00e4henty\u00e4. On hyv\u00e4 huomioida, ett\u00e4 jos kissan \u00e4\u00e4ntelyyn reagoi kerrankin jollain tavalla, jatkuu huutelu entisell\u00e4\u00e4n tai lis\u00e4\u00e4ntyy, eli omistajan on oltava hyvin johdonmukainen.<\/p>\n","protected":false},"excerpt":{"rendered":"<p>Kuva: Timothy Barrett \/ Unsplash Kissoilla on monipuolinen \u00e4\u00e4nimaailma. Naukuminen on \u00e4\u00e4nist\u00e4 se, jolla kissa viestii tarpeistaan omistajalleen. Toisinaan kissan keskustelunavaukset saattavat ruveta kirist\u00e4m\u00e4\u00e4n ihmisen hermoja, varsinkin jos naukuminen ajoittuu y\u00f6aikaan. Joskus lis\u00e4\u00e4ntyneen naukumisen taustalla on sairaus, kuten kissoilla yleinen kilpirauhasen liikatoiminta. Mik\u00e4li vanha kissa alkaa konsertoida \u00f6iseen aikaan, voi kyse olla vanhenemiseen liittyvist\u00e4 muutoksista. [&hellip;]<\/p>\n","protected":false},"author":8,"featured_media":718,"parent":203,"menu_order":0,"comment_status":"closed","ping_status":"closed","template":"","meta":{"_acf_changed":false,"footnotes":""},"class_list":["post-212","page","type-page","status-publish","has-post-thumbnail","hentry"],"acf":[],"yoast_head":"<!-- This site is optimized with the Yoast SEO plugin v27.1.1 - https:\/\/yoast.com\/product\/yoast-seo-wordpress\/ -->\n<title>H\u00e4iritsev\u00e4 naukuminen - Kissatieto<\/title>\n<meta name=\"robots\" content=\"index, follow, max-snippet:-1, max-image-preview:large, max-video-preview:-1\" \/>\n<link rel=\"canonical\" href=\"https:\/\/sey.fi\/kissa\/kissat\/kissaongelmia\/hairitseva-naukuminen\/\" \/>\n<meta property=\"og:locale\" content=\"fi_FI\" \/>\n<meta property=\"og:type\" content=\"article\" \/>\n<meta property=\"og:title\" content=\"H\u00e4iritsev\u00e4 naukuminen - Kissatieto\" \/>\n<meta property=\"og:description\" content=\"Kuva: Timothy Barrett \/ Unsplash Kissoilla on monipuolinen \u00e4\u00e4nimaailma. Naukuminen on \u00e4\u00e4nist\u00e4 se, jolla kissa viestii tarpeistaan omistajalleen. Toisinaan kissan keskustelunavaukset saattavat ruveta kirist\u00e4m\u00e4\u00e4n ihmisen hermoja, varsinkin jos naukuminen ajoittuu y\u00f6aikaan. Joskus lis\u00e4\u00e4ntyneen naukumisen taustalla on sairaus, kuten kissoilla yleinen kilpirauhasen liikatoiminta. Mik\u00e4li vanha kissa alkaa konsertoida \u00f6iseen aikaan, voi kyse olla vanhenemiseen liittyvist\u00e4 muutoksista. [&hellip;]\" \/>\n<meta property=\"og:url\" content=\"https:\/\/sey.fi\/kissa\/kissat\/kissaongelmia\/hairitseva-naukuminen\/\" \/>\n<meta property=\"og:site_name\" content=\"Kissatieto\" \/>\n<meta property=\"article:modified_time\" content=\"2026-03-27T09:36:02+00:00\" \/>\n<meta property=\"og:image\" content=\"https:\/\/sey.fi\/wp-content\/uploads\/sites\/47\/2026\/03\/Timothy-Barrett-Unsplash.jpg\" \/>\n\t<meta property=\"og:image:width\" content=\"1280\" \/>\n\t<meta property=\"og:image:height\" content=\"640\" \/>\n\t<meta property=\"og:image:type\" content=\"image\/jpeg\" \/>\n<meta name=\"twitter:card\" content=\"summary_large_image\" \/>\n<meta name=\"twitter:label1\" content=\"Arvioitu lukuaika\" \/>\n\t<meta name=\"twitter:data1\" content=\"2 minuuttia\" \/>\n<script type=\"application\/ld+json\" class=\"yoast-schema-graph\">{\"@context\":\"https:\/\/schema.org\",\"@graph\":[{\"@type\":\"WebPage\",\"@id\":\"https:\/\/sey.fi\/kissa\/kissat\/kissaongelmia\/hairitseva-naukuminen\/\",\"url\":\"https:\/\/sey.fi\/kissa\/kissat\/kissaongelmia\/hairitseva-naukuminen\/\",\"name\":\"H\u00e4iritsev\u00e4 naukuminen - Kissatieto\",\"isPartOf\":{\"@id\":\"https:\/\/sey.fi\/kissa\/#website\"},\"primaryImageOfPage\":{\"@id\":\"https:\/\/sey.fi\/kissa\/kissat\/kissaongelmia\/hairitseva-naukuminen\/#primaryimage\"},\"image\":{\"@id\":\"https:\/\/sey.fi\/kissa\/kissat\/kissaongelmia\/hairitseva-naukuminen\/#primaryimage\"},\"thumbnailUrl\":\"https:\/\/sey.fi\/wp-content\/uploads\/sites\/47\/2026\/03\/Timothy-Barrett-Unsplash.jpg\",\"datePublished\":\"2019-12-09T13:36:58+00:00\",\"dateModified\":\"2026-03-27T09:36:02+00:00\",\"breadcrumb\":{\"@id\":\"https:\/\/sey.fi\/kissa\/kissat\/kissaongelmia\/hairitseva-naukuminen\/#breadcrumb\"},\"inLanguage\":\"fi\",\"potentialAction\":[{\"@type\":\"ReadAction\",\"target\":[\"https:\/\/sey.fi\/kissa\/kissat\/kissaongelmia\/hairitseva-naukuminen\/\"]}]},{\"@type\":\"ImageObject\",\"inLanguage\":\"fi\",\"@id\":\"https:\/\/sey.fi\/kissa\/kissat\/kissaongelmia\/hairitseva-naukuminen\/#primaryimage\",\"url\":\"https:\/\/sey.fi\/wp-content\/uploads\/sites\/47\/2026\/03\/Timothy-Barrett-Unsplash.jpg\",\"contentUrl\":\"https:\/\/sey.fi\/wp-content\/uploads\/sites\/47\/2026\/03\/Timothy-Barrett-Unsplash.jpg\",\"width\":1280,\"height\":640,\"caption\":\"Oranssiraidallinen ja keltasilm\u00e4inen kissa seisoo ja naukuu katse yl\u00f6sp\u00e4in\"},{\"@type\":\"BreadcrumbList\",\"@id\":\"https:\/\/sey.fi\/kissa\/kissat\/kissaongelmia\/hairitseva-naukuminen\/#breadcrumb\",\"itemListElement\":[{\"@type\":\"ListItem\",\"position\":1,\"name\":\"Home\",\"item\":\"https:\/\/sey.fi\/kissa\/\"},{\"@type\":\"ListItem\",\"position\":2,\"name\":\"Kissatieto\",\"item\":\"https:\/\/sey.fi\/kissa\/\"},{\"@type\":\"ListItem\",\"position\":3,\"name\":\"Kissaongelmia\",\"item\":\"https:\/\/sey.fi\/kissa\/kissat\/kissaongelmia\/\"},{\"@type\":\"ListItem\",\"position\":4,\"name\":\"H\u00e4iritsev\u00e4 naukuminen\"}]},{\"@type\":\"WebSite\",\"@id\":\"https:\/\/sey.fi\/kissa\/#website\",\"url\":\"https:\/\/sey.fi\/kissa\/\",\"name\":\"Kissatieto\",\"description\":\"Uusi SEY J\u00e4senyhdistykset -sivusto\",\"potentialAction\":[{\"@type\":\"SearchAction\",\"target\":{\"@type\":\"EntryPoint\",\"urlTemplate\":\"https:\/\/sey.fi\/kissa\/?s={search_term_string}\"},\"query-input\":{\"@type\":\"PropertyValueSpecification\",\"valueRequired\":true,\"valueName\":\"search_term_string\"}}],\"inLanguage\":\"fi\"}]}<\/script>\n<!-- \/ Yoast SEO plugin. -->","yoast_head_json":{"title":"H\u00e4iritsev\u00e4 naukuminen - Kissatieto","robots":{"index":"index","follow":"follow","max-snippet":"max-snippet:-1","max-image-preview":"max-image-preview:large","max-video-preview":"max-video-preview:-1"},"canonical":"https:\/\/sey.fi\/kissa\/kissat\/kissaongelmia\/hairitseva-naukuminen\/","og_locale":"fi_FI","og_type":"article","og_title":"H\u00e4iritsev\u00e4 naukuminen - Kissatieto","og_description":"Kuva: Timothy Barrett \/ Unsplash Kissoilla on monipuolinen \u00e4\u00e4nimaailma. Naukuminen on \u00e4\u00e4nist\u00e4 se, jolla kissa viestii tarpeistaan omistajalleen. Toisinaan kissan keskustelunavaukset saattavat ruveta kirist\u00e4m\u00e4\u00e4n ihmisen hermoja, varsinkin jos naukuminen ajoittuu y\u00f6aikaan. Joskus lis\u00e4\u00e4ntyneen naukumisen taustalla on sairaus, kuten kissoilla yleinen kilpirauhasen liikatoiminta. Mik\u00e4li vanha kissa alkaa konsertoida \u00f6iseen aikaan, voi kyse olla vanhenemiseen liittyvist\u00e4 muutoksista. [&hellip;]","og_url":"https:\/\/sey.fi\/kissa\/kissat\/kissaongelmia\/hairitseva-naukuminen\/","og_site_name":"Kissatieto","article_modified_time":"2026-03-27T09:36:02+00:00","og_image":[{"width":1280,"height":640,"url":"https:\/\/sey.fi\/wp-content\/uploads\/sites\/47\/2026\/03\/Timothy-Barrett-Unsplash.jpg","type":"image\/jpeg"}],"twitter_card":"summary_large_image","twitter_misc":{"Arvioitu lukuaika":"2 minuuttia"},"schema":{"@context":"https:\/\/schema.org","@graph":[{"@type":"WebPage","@id":"https:\/\/sey.fi\/kissa\/kissat\/kissaongelmia\/hairitseva-naukuminen\/","url":"https:\/\/sey.fi\/kissa\/kissat\/kissaongelmia\/hairitseva-naukuminen\/","name":"H\u00e4iritsev\u00e4 naukuminen - Kissatieto","isPartOf":{"@id":"https:\/\/sey.fi\/kissa\/#website"},"primaryImageOfPage":{"@id":"https:\/\/sey.fi\/kissa\/kissat\/kissaongelmia\/hairitseva-naukuminen\/#primaryimage"},"image":{"@id":"https:\/\/sey.fi\/kissa\/kissat\/kissaongelmia\/hairitseva-naukuminen\/#primaryimage"},"thumbnailUrl":"https:\/\/sey.fi\/wp-content\/uploads\/sites\/47\/2026\/03\/Timothy-Barrett-Unsplash.jpg","datePublished":"2019-12-09T13:36:58+00:00","dateModified":"2026-03-27T09:36:02+00:00","breadcrumb":{"@id":"https:\/\/sey.fi\/kissa\/kissat\/kissaongelmia\/hairitseva-naukuminen\/#breadcrumb"},"inLanguage":"fi","potentialAction":[{"@type":"ReadAction","target":["https:\/\/sey.fi\/kissa\/kissat\/kissaongelmia\/hairitseva-naukuminen\/"]}]},{"@type":"ImageObject","inLanguage":"fi","@id":"https:\/\/sey.fi\/kissa\/kissat\/kissaongelmia\/hairitseva-naukuminen\/#primaryimage","url":"https:\/\/sey.fi\/wp-content\/uploads\/sites\/47\/2026\/03\/Timothy-Barrett-Unsplash.jpg","contentUrl":"https:\/\/sey.fi\/wp-content\/uploads\/sites\/47\/2026\/03\/Timothy-Barrett-Unsplash.jpg","width":1280,"height":640,"caption":"Oranssiraidallinen ja keltasilm\u00e4inen kissa seisoo ja naukuu katse yl\u00f6sp\u00e4in"},{"@type":"BreadcrumbList","@id":"https:\/\/sey.fi\/kissa\/kissat\/kissaongelmia\/hairitseva-naukuminen\/#breadcrumb","itemListElement":[{"@type":"ListItem","position":1,"name":"Home","item":"https:\/\/sey.fi\/kissa\/"},{"@type":"ListItem","position":2,"name":"Kissatieto","item":"https:\/\/sey.fi\/kissa\/"},{"@type":"ListItem","position":3,"name":"Kissaongelmia","item":"https:\/\/sey.fi\/kissa\/kissat\/kissaongelmia\/"},{"@type":"ListItem","position":4,"name":"H\u00e4iritsev\u00e4 naukuminen"}]},{"@type":"WebSite","@id":"https:\/\/sey.fi\/kissa\/#website","url":"https:\/\/sey.fi\/kissa\/","name":"Kissatieto","description":"Uusi SEY J\u00e4senyhdistykset -sivusto","potentialAction":[{"@type":"SearchAction","target":{"@type":"EntryPoint","urlTemplate":"https:\/\/sey.fi\/kissa\/?s={search_term_string}"},"query-input":{"@type":"PropertyValueSpecification","valueRequired":true,"valueName":"search_term_string"}}],"inLanguage":"fi"}]}},"_links":{"self":[{"href":"https:\/\/sey.fi\/kissa\/wp-json\/wp\/v2\/pages\/212","targetHints":{"allow":["GET"]}}],"collection":[{"href":"https:\/\/sey.fi\/kissa\/wp-json\/wp\/v2\/pages"}],"about":[{"href":"https:\/\/sey.fi\/kissa\/wp-json\/wp\/v2\/types\/page"}],"author":[{"embeddable":true,"href":"https:\/\/sey.fi\/kissa\/wp-json\/wp\/v2\/users\/8"}],"replies":[{"embeddable":true,"href":"https:\/\/sey.fi\/kissa\/wp-json\/wp\/v2\/comments?post=212"}],"version-history":[{"count":2,"href":"https:\/\/sey.fi\/kissa\/wp-json\/wp\/v2\/pages\/212\/revisions"}],"predecessor-version":[{"id":719,"href":"https:\/\/sey.fi\/kissa\/wp-json\/wp\/v2\/pages\/212\/revisions\/719"}],"up":[{"embeddable":true,"href":"https:\/\/sey.fi\/kissa\/wp-json\/wp\/v2\/pages\/203"}],"wp:featuredmedia":[{"embeddable":true,"href":"https:\/\/sey.fi\/kissa\/wp-json\/wp\/v2\/media\/718"}],"wp:attachment":[{"href":"https:\/\/sey.fi\/kissa\/wp-json\/wp\/v2\/media?parent=212"}],"curies":[{"name":"wp","href":"https:\/\/api.w.org\/{rel}","templated":true}]}}