{"id":219,"date":"2019-12-09T15:39:52","date_gmt":"2019-12-09T13:39:52","guid":{"rendered":"http:\/\/srvr10.xetpoint.com\/~seyfi\/kissatieto\/?page_id=219"},"modified":"2019-12-09T15:39:54","modified_gmt":"2019-12-09T13:39:54","slug":"yhdeksan-kissamyyttia","status":"publish","type":"page","link":"https:\/\/sey.fi\/kissa\/kissat\/yhdeksan-kissamyyttia\/","title":{"rendered":"Yhdeks\u00e4n kissamyytti\u00e4"},"content":{"rendered":"\n<p><strong>Ihmisill\u00e4 on tapana keksi\u00e4 selityksi\u00e4 selitt\u00e4m\u00e4tt\u00f6mille \nasioille. Selitykset kulkevat sukupolvelta toiselle, eiv\u00e4tk\u00e4 ne aina \nvastaa todellisuutta. Kissoihin liittyy runsaasti my\u00f6s virheellisi\u00e4 \nuskomuksia, jotka pahimmillaan vahingoittavat kissoja ja aiheuttavat \nniille tarpeetonta k\u00e4rsimyst\u00e4.<\/strong><\/p>\n\n\n\n<h2 class=\"wp-block-heading\">&#8221;Kissalla on yhdeks\u00e4n el\u00e4m\u00e4\u00e4&#8221;.&nbsp;<\/h2>\n\n\n\n<p>Kissalla ei ole yhdeks\u00e4\u00e4 el\u00e4m\u00e4\u00e4. Suomessa hyl\u00e4t\u00e4\u00e4n ja lopetetaan \nkodittomina joka vuosi arviolta jopa 20 000 kissaa. Kissa ei tule \ntoimeen Suomen luonnossa. El\u00e4insuojeluyhdistyksille tuodaan kissoja, \njotka ovat n\u00e4lkiintyneit\u00e4 ja pahasti paleltuneita. Lemmikkiel\u00e4imen \nheitteillej\u00e4tt\u00f6 on rikos. Jos lemmikist\u00e4 joutuu luopumaan, pit\u00e4\u00e4 sille \netsi\u00e4 uusi koti.<\/p>\n\n\n\n<h2 class=\"wp-block-heading\">&#8221;Kissan pit\u00e4\u00e4 saada ainakin yhdet pennut el\u00e4m\u00e4ns\u00e4 aikana&#8221;.&nbsp;<\/h2>\n\n\n\n<p>Joskus n\u00e4in on luultu. Kissalle ei kuitenkaan ole pentujen saamisesta\n mit\u00e4\u00e4n hy\u00f6ty\u00e4. Sen sijaan kissa hy\u00f6tyy aikaisesta leikkauttamisesta.<\/p>\n\n\n\n<h2 class=\"wp-block-heading\">&#8221;Kissa putoaa aina jaloilleen&#8221;.<\/h2>\n\n\n\n<p>Kissalla on hyv\u00e4 tasapainoaisti, joten se onnistuu usein tulemaan \nmaahan jalat edell\u00e4. Silti se voi vahingoittua pahasti. Kerrostalossa on\n t\u00e4rke\u00e4\u00e4 huolehtia, ettei kissa p\u00e4\u00e4se putoamaan parvekkeelta tai \nikkunanraosta.<\/p>\n\n\n\n<h2 class=\"wp-block-heading\">&#8221;Kissa kostaa pissaamalla v\u00e4\u00e4r\u00e4\u00e4n paikkaan&#8221;.&nbsp;<\/h2>\n\n\n\n<p>Jos kissa tekee tarpeensa lattialle tai s\u00e4nkyyn, jotkut luulevat sen \n\u201dkostavan\u201d omistajalleen. Se ei pid\u00e4 paikkaansa. Kissa ei ymm\u00e4rr\u00e4 \naiheuttavansa mielipahaa, eik\u00e4 se my\u00f6sk\u00e4\u00e4n osaa kostaa. V\u00e4\u00e4riin \npaikkoihin pissaileva kissa voi olla sairas tai stressaantunut, ja se \npit\u00e4\u00e4 aina k\u00e4ytt\u00e4\u00e4 el\u00e4inl\u00e4\u00e4k\u00e4riss\u00e4 tutkimuksissa.<\/p>\n\n\n\n<h2 class=\"wp-block-heading\">&#8221;Kuin kissa ja koira&#8221;.<\/h2>\n\n\n\n<p>Jos kaksi ihmist\u00e4 ei tule toimeen kesken\u00e4\u00e4n, sanotaan, ett\u00e4 ne \nk\u00e4ytt\u00e4ytyv\u00e4t kuin \u201dkissat ja koirat\u201d. Kun kissan ja koiran totuttaa \nrauhallisesti toisiinsa, ne voivat jopa yst\u00e4vysty\u00e4. Samassa kodissa on \nsyyt\u00e4 pit\u00e4\u00e4 vain sellaisia el\u00e4imi\u00e4, jotka suhtautuvat toisiinsa rennosti\n ja luottavaisesti.<\/p>\n\n\n\n<h2 class=\"wp-block-heading\">&#8221;Itsen\u00e4inen kissa&#8221;.&nbsp;<\/h2>\n\n\n\n<p>Kissaa pidet\u00e4\u00e4n usein itsen\u00e4isen\u00e4 ja riippumattomana el\u00e4imen\u00e4. Jotkut\n luulevat, ettei kissa kiinny ihmisiin, vaan paikkoihin. Oikein ja \nreilusti kohdeltu kissa kiintyy omistajiinsa lujasti. Kaikki kissat \neiv\u00e4t viihdy syliss\u00e4, mutta kaikki kotikissat kaipaavat ihmisen seuraa \nja huolenpitoa.<\/p>\n\n\n\n<h2 class=\"wp-block-heading\">&#8221;Kissa levitt\u00e4\u00e4 tauteja&#8221;.&nbsp;<\/h2>\n\n\n\n<p>Joskus kuulee, ett\u00e4 kissaa sanotaan likaiseksi el\u00e4imeksi, joka \nlevitt\u00e4\u00e4 tauteja. Kissa ei ole sen likaisempi kuin mik\u00e4\u00e4n muukaan el\u00e4in.\n K\u00e4det on kuitenkin syyt\u00e4 pest\u00e4, kun on esimerkiksi siivonnut kissan \nhiekkalaatikon.<\/p>\n\n\n\n<h2 class=\"wp-block-heading\">&#8221;Kissa sy\u00f6 kalaa ja juo maitoa&#8221;.<\/h2>\n\n\n\n<p>Monet ajattelevat, ett\u00e4 kissalle parasta ravintoa ovat maito ja kala.\n Moni kissa pit\u00e4\u00e4kin maidon mausta, mutta sen juominen voi aiheuttaa \nvatsakipua ja ripulia. Kissan vatsa ei kest\u00e4 maidon sis\u00e4lt\u00e4m\u00e4\u00e4 \nlaktoosia. Kalaa kissalle on hyv\u00e4 antaa korkeintaan kerran viikossa. \nLiika kalansy\u00f6nti voi johtaa kissan sairastumiseen. J\u00e4rvest\u00e4 kalastettu \nkala on lis\u00e4ksi kypsennett\u00e4v\u00e4. Raa\u2019asta j\u00e4rvikalasta voi saada \nlapamadon.<\/p>\n\n\n\n<h2 class=\"wp-block-heading\">&#8221;Musta kissa aiheuttaa ep\u00e4onnea&#8221;.&nbsp;<\/h2>\n\n\n\n<p>Aikaisemmin luultiin, ett\u00e4, musta kissa aiheuttaa ep\u00e4onnea. Kissan \nv\u00e4rill\u00e4 ei ole mit\u00e4\u00e4n tekemist\u00e4 onnen tai ep\u00e4onnen kanssa. Voi jopa \nolla, ett\u00e4 musta kissa on hiukan rauhallisempi luonteeltaan kuin \nmuunv\u00e4rinen. Turkin mustan v\u00e4rin aiheuttaa melaniini, joka vaikuttaa \nmy\u00f6s luonteeseen. Kissan luonnetta ei kuitenkaan voi p\u00e4\u00e4tell\u00e4 pelk\u00e4st\u00e4\u00e4n\n turkin v\u00e4rin perusteella.<\/p>\n\n\n\n<figure class=\"wp-block-image\"><img decoding=\"async\" src=\"http:\/\/kissatieto.fi\/images\/img_0013.jpg\" alt=\"\" \/><\/figure>\n\n\n\n<p><em>Kuva: Sonja Nurmi-Tuominen<\/em><\/p>\n","protected":false},"excerpt":{"rendered":"<p>Ihmisill\u00e4 on tapana keksi\u00e4 selityksi\u00e4 selitt\u00e4m\u00e4tt\u00f6mille asioille. Selitykset kulkevat sukupolvelta toiselle, eiv\u00e4tk\u00e4 ne aina vastaa todellisuutta. Kissoihin liittyy runsaasti my\u00f6s virheellisi\u00e4 uskomuksia, jotka pahimmillaan vahingoittavat kissoja ja aiheuttavat niille tarpeetonta k\u00e4rsimyst\u00e4. &#8221;Kissalla on yhdeks\u00e4n el\u00e4m\u00e4\u00e4&#8221;.&nbsp; Kissalla ei ole yhdeks\u00e4\u00e4 el\u00e4m\u00e4\u00e4. Suomessa hyl\u00e4t\u00e4\u00e4n ja lopetetaan kodittomina joka vuosi arviolta jopa 20 000 kissaa. Kissa ei tule [&hellip;]<\/p>\n","protected":false},"author":8,"featured_media":0,"parent":2,"menu_order":0,"comment_status":"closed","ping_status":"closed","template":"","meta":{"_acf_changed":false,"footnotes":""},"class_list":["post-219","page","type-page","status-publish","hentry"],"acf":[],"yoast_head":"<!-- This site is optimized with the Yoast SEO plugin v27.1.1 - https:\/\/yoast.com\/product\/yoast-seo-wordpress\/ -->\n<title>Yhdeks\u00e4n kissamyytti\u00e4 - Kissatieto<\/title>\n<meta name=\"robots\" content=\"index, follow, max-snippet:-1, max-image-preview:large, max-video-preview:-1\" \/>\n<link rel=\"canonical\" href=\"https:\/\/sey.fi\/kissa\/kissat\/yhdeksan-kissamyyttia\/\" \/>\n<meta property=\"og:locale\" content=\"fi_FI\" \/>\n<meta property=\"og:type\" content=\"article\" \/>\n<meta property=\"og:title\" content=\"Yhdeks\u00e4n kissamyytti\u00e4 - Kissatieto\" \/>\n<meta property=\"og:description\" content=\"Ihmisill\u00e4 on tapana keksi\u00e4 selityksi\u00e4 selitt\u00e4m\u00e4tt\u00f6mille asioille. Selitykset kulkevat sukupolvelta toiselle, eiv\u00e4tk\u00e4 ne aina vastaa todellisuutta. Kissoihin liittyy runsaasti my\u00f6s virheellisi\u00e4 uskomuksia, jotka pahimmillaan vahingoittavat kissoja ja aiheuttavat niille tarpeetonta k\u00e4rsimyst\u00e4. &#8221;Kissalla on yhdeks\u00e4n el\u00e4m\u00e4\u00e4&#8221;.&nbsp; Kissalla ei ole yhdeks\u00e4\u00e4 el\u00e4m\u00e4\u00e4. Suomessa hyl\u00e4t\u00e4\u00e4n ja lopetetaan kodittomina joka vuosi arviolta jopa 20 000 kissaa. Kissa ei tule [&hellip;]\" \/>\n<meta property=\"og:url\" content=\"https:\/\/sey.fi\/kissa\/kissat\/yhdeksan-kissamyyttia\/\" \/>\n<meta property=\"og:site_name\" content=\"Kissatieto\" \/>\n<meta property=\"article:modified_time\" content=\"2019-12-09T13:39:54+00:00\" \/>\n<meta property=\"og:image\" content=\"http:\/\/kissatieto.fi\/images\/img_0013.jpg\" \/>\n<meta name=\"twitter:card\" content=\"summary_large_image\" \/>\n<meta name=\"twitter:label1\" content=\"Arvioitu lukuaika\" \/>\n\t<meta name=\"twitter:data1\" content=\"2 minuuttia\" \/>\n<script type=\"application\/ld+json\" class=\"yoast-schema-graph\">{\"@context\":\"https:\/\/schema.org\",\"@graph\":[{\"@type\":\"WebPage\",\"@id\":\"https:\/\/sey.fi\/kissa\/kissat\/yhdeksan-kissamyyttia\/\",\"url\":\"https:\/\/sey.fi\/kissa\/kissat\/yhdeksan-kissamyyttia\/\",\"name\":\"Yhdeks\u00e4n kissamyytti\u00e4 - Kissatieto\",\"isPartOf\":{\"@id\":\"https:\/\/sey.fi\/kissa\/#website\"},\"primaryImageOfPage\":{\"@id\":\"https:\/\/sey.fi\/kissa\/kissat\/yhdeksan-kissamyyttia\/#primaryimage\"},\"image\":{\"@id\":\"https:\/\/sey.fi\/kissa\/kissat\/yhdeksan-kissamyyttia\/#primaryimage\"},\"thumbnailUrl\":\"http:\/\/kissatieto.fi\/images\/img_0013.jpg\",\"datePublished\":\"2019-12-09T13:39:52+00:00\",\"dateModified\":\"2019-12-09T13:39:54+00:00\",\"breadcrumb\":{\"@id\":\"https:\/\/sey.fi\/kissa\/kissat\/yhdeksan-kissamyyttia\/#breadcrumb\"},\"inLanguage\":\"fi\",\"potentialAction\":[{\"@type\":\"ReadAction\",\"target\":[\"https:\/\/sey.fi\/kissa\/kissat\/yhdeksan-kissamyyttia\/\"]}]},{\"@type\":\"ImageObject\",\"inLanguage\":\"fi\",\"@id\":\"https:\/\/sey.fi\/kissa\/kissat\/yhdeksan-kissamyyttia\/#primaryimage\",\"url\":\"http:\/\/kissatieto.fi\/images\/img_0013.jpg\",\"contentUrl\":\"http:\/\/kissatieto.fi\/images\/img_0013.jpg\"},{\"@type\":\"BreadcrumbList\",\"@id\":\"https:\/\/sey.fi\/kissa\/kissat\/yhdeksan-kissamyyttia\/#breadcrumb\",\"itemListElement\":[{\"@type\":\"ListItem\",\"position\":1,\"name\":\"Home\",\"item\":\"https:\/\/sey.fi\/kissa\/\"},{\"@type\":\"ListItem\",\"position\":2,\"name\":\"Kissatieto\",\"item\":\"https:\/\/sey.fi\/kissa\/\"},{\"@type\":\"ListItem\",\"position\":3,\"name\":\"Yhdeks\u00e4n kissamyytti\u00e4\"}]},{\"@type\":\"WebSite\",\"@id\":\"https:\/\/sey.fi\/kissa\/#website\",\"url\":\"https:\/\/sey.fi\/kissa\/\",\"name\":\"Kissatieto\",\"description\":\"Uusi SEY J\u00e4senyhdistykset -sivusto\",\"potentialAction\":[{\"@type\":\"SearchAction\",\"target\":{\"@type\":\"EntryPoint\",\"urlTemplate\":\"https:\/\/sey.fi\/kissa\/?s={search_term_string}\"},\"query-input\":{\"@type\":\"PropertyValueSpecification\",\"valueRequired\":true,\"valueName\":\"search_term_string\"}}],\"inLanguage\":\"fi\"}]}<\/script>\n<!-- \/ Yoast SEO plugin. -->","yoast_head_json":{"title":"Yhdeks\u00e4n kissamyytti\u00e4 - Kissatieto","robots":{"index":"index","follow":"follow","max-snippet":"max-snippet:-1","max-image-preview":"max-image-preview:large","max-video-preview":"max-video-preview:-1"},"canonical":"https:\/\/sey.fi\/kissa\/kissat\/yhdeksan-kissamyyttia\/","og_locale":"fi_FI","og_type":"article","og_title":"Yhdeks\u00e4n kissamyytti\u00e4 - Kissatieto","og_description":"Ihmisill\u00e4 on tapana keksi\u00e4 selityksi\u00e4 selitt\u00e4m\u00e4tt\u00f6mille asioille. Selitykset kulkevat sukupolvelta toiselle, eiv\u00e4tk\u00e4 ne aina vastaa todellisuutta. Kissoihin liittyy runsaasti my\u00f6s virheellisi\u00e4 uskomuksia, jotka pahimmillaan vahingoittavat kissoja ja aiheuttavat niille tarpeetonta k\u00e4rsimyst\u00e4. &#8221;Kissalla on yhdeks\u00e4n el\u00e4m\u00e4\u00e4&#8221;.&nbsp; Kissalla ei ole yhdeks\u00e4\u00e4 el\u00e4m\u00e4\u00e4. Suomessa hyl\u00e4t\u00e4\u00e4n ja lopetetaan kodittomina joka vuosi arviolta jopa 20 000 kissaa. Kissa ei tule [&hellip;]","og_url":"https:\/\/sey.fi\/kissa\/kissat\/yhdeksan-kissamyyttia\/","og_site_name":"Kissatieto","article_modified_time":"2019-12-09T13:39:54+00:00","og_image":[{"url":"http:\/\/kissatieto.fi\/images\/img_0013.jpg","type":"","width":"","height":""}],"twitter_card":"summary_large_image","twitter_misc":{"Arvioitu lukuaika":"2 minuuttia"},"schema":{"@context":"https:\/\/schema.org","@graph":[{"@type":"WebPage","@id":"https:\/\/sey.fi\/kissa\/kissat\/yhdeksan-kissamyyttia\/","url":"https:\/\/sey.fi\/kissa\/kissat\/yhdeksan-kissamyyttia\/","name":"Yhdeks\u00e4n kissamyytti\u00e4 - Kissatieto","isPartOf":{"@id":"https:\/\/sey.fi\/kissa\/#website"},"primaryImageOfPage":{"@id":"https:\/\/sey.fi\/kissa\/kissat\/yhdeksan-kissamyyttia\/#primaryimage"},"image":{"@id":"https:\/\/sey.fi\/kissa\/kissat\/yhdeksan-kissamyyttia\/#primaryimage"},"thumbnailUrl":"http:\/\/kissatieto.fi\/images\/img_0013.jpg","datePublished":"2019-12-09T13:39:52+00:00","dateModified":"2019-12-09T13:39:54+00:00","breadcrumb":{"@id":"https:\/\/sey.fi\/kissa\/kissat\/yhdeksan-kissamyyttia\/#breadcrumb"},"inLanguage":"fi","potentialAction":[{"@type":"ReadAction","target":["https:\/\/sey.fi\/kissa\/kissat\/yhdeksan-kissamyyttia\/"]}]},{"@type":"ImageObject","inLanguage":"fi","@id":"https:\/\/sey.fi\/kissa\/kissat\/yhdeksan-kissamyyttia\/#primaryimage","url":"http:\/\/kissatieto.fi\/images\/img_0013.jpg","contentUrl":"http:\/\/kissatieto.fi\/images\/img_0013.jpg"},{"@type":"BreadcrumbList","@id":"https:\/\/sey.fi\/kissa\/kissat\/yhdeksan-kissamyyttia\/#breadcrumb","itemListElement":[{"@type":"ListItem","position":1,"name":"Home","item":"https:\/\/sey.fi\/kissa\/"},{"@type":"ListItem","position":2,"name":"Kissatieto","item":"https:\/\/sey.fi\/kissa\/"},{"@type":"ListItem","position":3,"name":"Yhdeks\u00e4n kissamyytti\u00e4"}]},{"@type":"WebSite","@id":"https:\/\/sey.fi\/kissa\/#website","url":"https:\/\/sey.fi\/kissa\/","name":"Kissatieto","description":"Uusi SEY J\u00e4senyhdistykset -sivusto","potentialAction":[{"@type":"SearchAction","target":{"@type":"EntryPoint","urlTemplate":"https:\/\/sey.fi\/kissa\/?s={search_term_string}"},"query-input":{"@type":"PropertyValueSpecification","valueRequired":true,"valueName":"search_term_string"}}],"inLanguage":"fi"}]}},"_links":{"self":[{"href":"https:\/\/sey.fi\/kissa\/wp-json\/wp\/v2\/pages\/219","targetHints":{"allow":["GET"]}}],"collection":[{"href":"https:\/\/sey.fi\/kissa\/wp-json\/wp\/v2\/pages"}],"about":[{"href":"https:\/\/sey.fi\/kissa\/wp-json\/wp\/v2\/types\/page"}],"author":[{"embeddable":true,"href":"https:\/\/sey.fi\/kissa\/wp-json\/wp\/v2\/users\/8"}],"replies":[{"embeddable":true,"href":"https:\/\/sey.fi\/kissa\/wp-json\/wp\/v2\/comments?post=219"}],"version-history":[{"count":1,"href":"https:\/\/sey.fi\/kissa\/wp-json\/wp\/v2\/pages\/219\/revisions"}],"predecessor-version":[{"id":220,"href":"https:\/\/sey.fi\/kissa\/wp-json\/wp\/v2\/pages\/219\/revisions\/220"}],"up":[{"embeddable":true,"href":"https:\/\/sey.fi\/kissa\/wp-json\/wp\/v2\/pages\/2"}],"wp:attachment":[{"href":"https:\/\/sey.fi\/kissa\/wp-json\/wp\/v2\/media?parent=219"}],"curies":[{"name":"wp","href":"https:\/\/api.w.org\/{rel}","templated":true}]}}