{"id":221,"date":"2019-12-09T15:40:47","date_gmt":"2019-12-09T13:40:47","guid":{"rendered":"http:\/\/srvr10.xetpoint.com\/~seyfi\/kissatieto\/?page_id=221"},"modified":"2019-12-09T15:40:50","modified_gmt":"2019-12-09T13:40:50","slug":"sey-ja-kissat","status":"publish","type":"page","link":"https:\/\/sey.fi\/kissa\/kissat\/sey-ja-kissat\/","title":{"rendered":"SEY ja kissat"},"content":{"rendered":"\n<p>Kissat ovat SEYt\u00e4 ja suomalaisia el\u00e4insuojelijoita eniten ty\u00f6llist\u00e4v\u00e4\n el\u00e4inlaji. L\u00f6yt\u00f6el\u00e4intaloihin ja el\u00e4insuojeluyhdistysten hoitoon p\u00e4\u00e4tyy\n vuosittain tuhansia kissoja. SEYn arvion mukaan jopa 20 000 kissaa \nhyl\u00e4t\u00e4\u00e4n tai lopetetaan ei-toivottuina Suomessa joka vuosi.<\/p>\n\n\n\n<p>J\u00e4senlehtemme <a href=\"http:\/\/www.elaintenystava.fi\/tags\/117-kissa\" target=\"_blank\" rel=\"noreferrer noopener\">El\u00e4inten yst\u00e4v\u00e4n verkkosivuilta<\/a>&nbsp;l\u00f6yd\u00e4t kissoihin liittyvi\u00e4 uutisia sek\u00e4 asiantuntevia artikkeleita kissoista.<\/p>\n\n\n\n<h3 class=\"wp-block-heading\">Hyvinvoiva kissa -opas<\/h3>\n\n\n\n<figure class=\"wp-block-image\"><a href=\"http:\/\/www.sey.fi\/images\/Julkaisut\/hyvinvoiva_kissa_-opas.pdf\" target=\"_blank\" rel=\"noreferrer noopener\"><img decoding=\"async\" src=\"http:\/\/kissatieto.fi\/images\/kuvat\/hyvinvoiva_kissa.png\" alt=\"\" \/><\/a><\/figure>\n\n\n\n<p><a href=\"http:\/\/www.sey.fi\/images\/Julkaisut\/hyvinvoiva_kissa_-opas.pdf\" target=\"_blank\" rel=\"noreferrer noopener\">Hyvinvoiva kissa &#8211; SEYn opas kissanhoitoon<\/a>&nbsp;(p\u00e5 svenska: <a href=\"http:\/\/www.sey.fi\/images\/valmaende_katt.pdf\" target=\"_blank\" rel=\"noreferrer noopener\">En v\u00e4lm\u00e5ende katt \u2013 SEYs kattv\u00e5rdsguide<\/a>)\n on maksuton julkaisu, jossa kerrotaan muun muassa&nbsp;kissan alkuper\u00e4st\u00e4, \nkissan lajityypillisist\u00e4 perustarpeista ja hoidosta sek\u00e4 kissan \nk\u00e4ytt\u00e4ytymisest\u00e4. Oppaassa annetaan my\u00f6s neuvoja yleisimpien kissan \nkanssa kohdattavien ongelmien ratkaisemiseksi.<\/p>\n\n\n\n<p>Opas on tarkoitettu&nbsp;kissan kasvattajille ja myyjille, \nl\u00f6yt\u00f6el\u00e4intaloille, kissan hankkijoille, omistajille ja kaikille \nkissoista kiinnostuneille.<\/p>\n","protected":false},"excerpt":{"rendered":"<p>Kissat ovat SEYt\u00e4 ja suomalaisia el\u00e4insuojelijoita eniten ty\u00f6llist\u00e4v\u00e4 el\u00e4inlaji. L\u00f6yt\u00f6el\u00e4intaloihin ja el\u00e4insuojeluyhdistysten hoitoon p\u00e4\u00e4tyy vuosittain tuhansia kissoja. SEYn arvion mukaan jopa 20 000 kissaa hyl\u00e4t\u00e4\u00e4n tai lopetetaan ei-toivottuina Suomessa joka vuosi. J\u00e4senlehtemme El\u00e4inten yst\u00e4v\u00e4n verkkosivuilta&nbsp;l\u00f6yd\u00e4t kissoihin liittyvi\u00e4 uutisia sek\u00e4 asiantuntevia artikkeleita kissoista. Hyvinvoiva kissa -opas Hyvinvoiva kissa &#8211; SEYn opas kissanhoitoon&nbsp;(p\u00e5 svenska: En v\u00e4lm\u00e5ende katt [&hellip;]<\/p>\n","protected":false},"author":8,"featured_media":0,"parent":2,"menu_order":0,"comment_status":"closed","ping_status":"closed","template":"","meta":{"_acf_changed":false,"footnotes":""},"class_list":["post-221","page","type-page","status-publish","hentry"],"acf":[],"yoast_head":"<!-- This site is optimized with the Yoast SEO plugin v27.1.1 - https:\/\/yoast.com\/product\/yoast-seo-wordpress\/ -->\n<title>SEY ja kissat - Kissatieto<\/title>\n<meta name=\"robots\" content=\"index, follow, max-snippet:-1, max-image-preview:large, max-video-preview:-1\" \/>\n<link rel=\"canonical\" href=\"https:\/\/sey.fi\/kissa\/kissat\/sey-ja-kissat\/\" \/>\n<meta property=\"og:locale\" content=\"fi_FI\" \/>\n<meta property=\"og:type\" content=\"article\" \/>\n<meta property=\"og:title\" content=\"SEY ja kissat - Kissatieto\" \/>\n<meta property=\"og:description\" content=\"Kissat ovat SEYt\u00e4 ja suomalaisia el\u00e4insuojelijoita eniten ty\u00f6llist\u00e4v\u00e4 el\u00e4inlaji. L\u00f6yt\u00f6el\u00e4intaloihin ja el\u00e4insuojeluyhdistysten hoitoon p\u00e4\u00e4tyy vuosittain tuhansia kissoja. SEYn arvion mukaan jopa 20 000 kissaa hyl\u00e4t\u00e4\u00e4n tai lopetetaan ei-toivottuina Suomessa joka vuosi. J\u00e4senlehtemme El\u00e4inten yst\u00e4v\u00e4n verkkosivuilta&nbsp;l\u00f6yd\u00e4t kissoihin liittyvi\u00e4 uutisia sek\u00e4 asiantuntevia artikkeleita kissoista. Hyvinvoiva kissa -opas Hyvinvoiva kissa &#8211; SEYn opas kissanhoitoon&nbsp;(p\u00e5 svenska: En v\u00e4lm\u00e5ende katt [&hellip;]\" \/>\n<meta property=\"og:url\" content=\"https:\/\/sey.fi\/kissa\/kissat\/sey-ja-kissat\/\" \/>\n<meta property=\"og:site_name\" content=\"Kissatieto\" \/>\n<meta property=\"article:modified_time\" content=\"2019-12-09T13:40:50+00:00\" \/>\n<meta property=\"og:image\" content=\"http:\/\/kissatieto.fi\/images\/kuvat\/hyvinvoiva_kissa.png\" \/>\n<meta name=\"twitter:card\" content=\"summary_large_image\" \/>\n<meta name=\"twitter:label1\" content=\"Arvioitu lukuaika\" \/>\n\t<meta name=\"twitter:data1\" content=\"1 minuutti\" \/>\n<script type=\"application\/ld+json\" class=\"yoast-schema-graph\">{\"@context\":\"https:\/\/schema.org\",\"@graph\":[{\"@type\":\"WebPage\",\"@id\":\"https:\/\/sey.fi\/kissa\/kissat\/sey-ja-kissat\/\",\"url\":\"https:\/\/sey.fi\/kissa\/kissat\/sey-ja-kissat\/\",\"name\":\"SEY ja kissat - Kissatieto\",\"isPartOf\":{\"@id\":\"https:\/\/sey.fi\/kissa\/#website\"},\"primaryImageOfPage\":{\"@id\":\"https:\/\/sey.fi\/kissa\/kissat\/sey-ja-kissat\/#primaryimage\"},\"image\":{\"@id\":\"https:\/\/sey.fi\/kissa\/kissat\/sey-ja-kissat\/#primaryimage\"},\"thumbnailUrl\":\"http:\/\/kissatieto.fi\/images\/kuvat\/hyvinvoiva_kissa.png\",\"datePublished\":\"2019-12-09T13:40:47+00:00\",\"dateModified\":\"2019-12-09T13:40:50+00:00\",\"breadcrumb\":{\"@id\":\"https:\/\/sey.fi\/kissa\/kissat\/sey-ja-kissat\/#breadcrumb\"},\"inLanguage\":\"fi\",\"potentialAction\":[{\"@type\":\"ReadAction\",\"target\":[\"https:\/\/sey.fi\/kissa\/kissat\/sey-ja-kissat\/\"]}]},{\"@type\":\"ImageObject\",\"inLanguage\":\"fi\",\"@id\":\"https:\/\/sey.fi\/kissa\/kissat\/sey-ja-kissat\/#primaryimage\",\"url\":\"http:\/\/kissatieto.fi\/images\/kuvat\/hyvinvoiva_kissa.png\",\"contentUrl\":\"http:\/\/kissatieto.fi\/images\/kuvat\/hyvinvoiva_kissa.png\"},{\"@type\":\"BreadcrumbList\",\"@id\":\"https:\/\/sey.fi\/kissa\/kissat\/sey-ja-kissat\/#breadcrumb\",\"itemListElement\":[{\"@type\":\"ListItem\",\"position\":1,\"name\":\"Home\",\"item\":\"https:\/\/sey.fi\/kissa\/\"},{\"@type\":\"ListItem\",\"position\":2,\"name\":\"Kissatieto\",\"item\":\"https:\/\/sey.fi\/kissa\/\"},{\"@type\":\"ListItem\",\"position\":3,\"name\":\"SEY ja kissat\"}]},{\"@type\":\"WebSite\",\"@id\":\"https:\/\/sey.fi\/kissa\/#website\",\"url\":\"https:\/\/sey.fi\/kissa\/\",\"name\":\"Kissatieto\",\"description\":\"Uusi SEY J\u00e4senyhdistykset -sivusto\",\"potentialAction\":[{\"@type\":\"SearchAction\",\"target\":{\"@type\":\"EntryPoint\",\"urlTemplate\":\"https:\/\/sey.fi\/kissa\/?s={search_term_string}\"},\"query-input\":{\"@type\":\"PropertyValueSpecification\",\"valueRequired\":true,\"valueName\":\"search_term_string\"}}],\"inLanguage\":\"fi\"}]}<\/script>\n<!-- \/ Yoast SEO plugin. -->","yoast_head_json":{"title":"SEY ja kissat - Kissatieto","robots":{"index":"index","follow":"follow","max-snippet":"max-snippet:-1","max-image-preview":"max-image-preview:large","max-video-preview":"max-video-preview:-1"},"canonical":"https:\/\/sey.fi\/kissa\/kissat\/sey-ja-kissat\/","og_locale":"fi_FI","og_type":"article","og_title":"SEY ja kissat - Kissatieto","og_description":"Kissat ovat SEYt\u00e4 ja suomalaisia el\u00e4insuojelijoita eniten ty\u00f6llist\u00e4v\u00e4 el\u00e4inlaji. L\u00f6yt\u00f6el\u00e4intaloihin ja el\u00e4insuojeluyhdistysten hoitoon p\u00e4\u00e4tyy vuosittain tuhansia kissoja. SEYn arvion mukaan jopa 20 000 kissaa hyl\u00e4t\u00e4\u00e4n tai lopetetaan ei-toivottuina Suomessa joka vuosi. J\u00e4senlehtemme El\u00e4inten yst\u00e4v\u00e4n verkkosivuilta&nbsp;l\u00f6yd\u00e4t kissoihin liittyvi\u00e4 uutisia sek\u00e4 asiantuntevia artikkeleita kissoista. Hyvinvoiva kissa -opas Hyvinvoiva kissa &#8211; SEYn opas kissanhoitoon&nbsp;(p\u00e5 svenska: En v\u00e4lm\u00e5ende katt [&hellip;]","og_url":"https:\/\/sey.fi\/kissa\/kissat\/sey-ja-kissat\/","og_site_name":"Kissatieto","article_modified_time":"2019-12-09T13:40:50+00:00","og_image":[{"url":"http:\/\/kissatieto.fi\/images\/kuvat\/hyvinvoiva_kissa.png","type":"","width":"","height":""}],"twitter_card":"summary_large_image","twitter_misc":{"Arvioitu lukuaika":"1 minuutti"},"schema":{"@context":"https:\/\/schema.org","@graph":[{"@type":"WebPage","@id":"https:\/\/sey.fi\/kissa\/kissat\/sey-ja-kissat\/","url":"https:\/\/sey.fi\/kissa\/kissat\/sey-ja-kissat\/","name":"SEY ja kissat - Kissatieto","isPartOf":{"@id":"https:\/\/sey.fi\/kissa\/#website"},"primaryImageOfPage":{"@id":"https:\/\/sey.fi\/kissa\/kissat\/sey-ja-kissat\/#primaryimage"},"image":{"@id":"https:\/\/sey.fi\/kissa\/kissat\/sey-ja-kissat\/#primaryimage"},"thumbnailUrl":"http:\/\/kissatieto.fi\/images\/kuvat\/hyvinvoiva_kissa.png","datePublished":"2019-12-09T13:40:47+00:00","dateModified":"2019-12-09T13:40:50+00:00","breadcrumb":{"@id":"https:\/\/sey.fi\/kissa\/kissat\/sey-ja-kissat\/#breadcrumb"},"inLanguage":"fi","potentialAction":[{"@type":"ReadAction","target":["https:\/\/sey.fi\/kissa\/kissat\/sey-ja-kissat\/"]}]},{"@type":"ImageObject","inLanguage":"fi","@id":"https:\/\/sey.fi\/kissa\/kissat\/sey-ja-kissat\/#primaryimage","url":"http:\/\/kissatieto.fi\/images\/kuvat\/hyvinvoiva_kissa.png","contentUrl":"http:\/\/kissatieto.fi\/images\/kuvat\/hyvinvoiva_kissa.png"},{"@type":"BreadcrumbList","@id":"https:\/\/sey.fi\/kissa\/kissat\/sey-ja-kissat\/#breadcrumb","itemListElement":[{"@type":"ListItem","position":1,"name":"Home","item":"https:\/\/sey.fi\/kissa\/"},{"@type":"ListItem","position":2,"name":"Kissatieto","item":"https:\/\/sey.fi\/kissa\/"},{"@type":"ListItem","position":3,"name":"SEY ja kissat"}]},{"@type":"WebSite","@id":"https:\/\/sey.fi\/kissa\/#website","url":"https:\/\/sey.fi\/kissa\/","name":"Kissatieto","description":"Uusi SEY J\u00e4senyhdistykset -sivusto","potentialAction":[{"@type":"SearchAction","target":{"@type":"EntryPoint","urlTemplate":"https:\/\/sey.fi\/kissa\/?s={search_term_string}"},"query-input":{"@type":"PropertyValueSpecification","valueRequired":true,"valueName":"search_term_string"}}],"inLanguage":"fi"}]}},"_links":{"self":[{"href":"https:\/\/sey.fi\/kissa\/wp-json\/wp\/v2\/pages\/221","targetHints":{"allow":["GET"]}}],"collection":[{"href":"https:\/\/sey.fi\/kissa\/wp-json\/wp\/v2\/pages"}],"about":[{"href":"https:\/\/sey.fi\/kissa\/wp-json\/wp\/v2\/types\/page"}],"author":[{"embeddable":true,"href":"https:\/\/sey.fi\/kissa\/wp-json\/wp\/v2\/users\/8"}],"replies":[{"embeddable":true,"href":"https:\/\/sey.fi\/kissa\/wp-json\/wp\/v2\/comments?post=221"}],"version-history":[{"count":1,"href":"https:\/\/sey.fi\/kissa\/wp-json\/wp\/v2\/pages\/221\/revisions"}],"predecessor-version":[{"id":222,"href":"https:\/\/sey.fi\/kissa\/wp-json\/wp\/v2\/pages\/221\/revisions\/222"}],"up":[{"embeddable":true,"href":"https:\/\/sey.fi\/kissa\/wp-json\/wp\/v2\/pages\/2"}],"wp:attachment":[{"href":"https:\/\/sey.fi\/kissa\/wp-json\/wp\/v2\/media?parent=221"}],"curies":[{"name":"wp","href":"https:\/\/api.w.org\/{rel}","templated":true}]}}