{"id":228,"date":"2019-12-09T15:44:25","date_gmt":"2019-12-09T13:44:25","guid":{"rendered":"http:\/\/srvr10.xetpoint.com\/~seyfi\/kissatieto\/?page_id=228"},"modified":"2019-12-09T15:44:28","modified_gmt":"2019-12-09T13:44:28","slug":"hylatyn-kissan-kohtalo","status":"publish","type":"page","link":"https:\/\/sey.fi\/kissa\/kissat\/sey-ja-kissat\/hylatyn-kissan-kohtalo\/","title":{"rendered":"Hyl\u00e4tyn kissan kohtalo"},"content":{"rendered":"\n<p>Kaikilla kissoilla ei ole kotia. SEYn el\u00e4insuojeluneuvojia \nty\u00f6llist\u00e4v\u00e4t my\u00f6s r\u00e4j\u00e4hdysm\u00e4isesti lis\u00e4\u00e4ntyv\u00e4t ihmisasutuksen liepeill\u00e4 \nel\u00e4v\u00e4t kissapopulaatiot. Laumojen kissat ovat usein todella \nhuonokuntoisia. Ne kuhisevat loisia ja k\u00e4rsiv\u00e4t Suomen kylm\u00e4st\u00e4 \nilmastosta. Monet niist\u00e4 kuolevatkin talven aikana, mutta rakennukset \ntarjoavat riitt\u00e4v\u00e4sti suojaa, siten ett\u00e4 joitakin yksil\u00f6it\u00e4 j\u00e4\u00e4 \njatkamaan sukua. My\u00f6s tartuntataudit verottavat kissakantaa. Kissojen \nrivakka lis\u00e4\u00e4ntymistahti kuitenkin takaa sen, ettei suku sammu.<\/p>\n\n\n\n<p>El\u00e4insuojeluneuvojat ovat el\u00e4inrakkaita ihmisi\u00e4. Heille \nhuonokuntoisten kissojen p\u00e4\u00e4st\u00e4minen k\u00e4rsimyksist\u00e4\u00e4n tuottaa tuskaa. \nKaikkia ei kuitenkaan voida pelastaa, vaan suuri osa villiintyneist\u00e4 ja \nsairaista kissoista joudutaan el\u00e4insuojelullisista syist\u00e4 lopettamaan. \nKissat ovat yleens\u00e4 villiintyneit\u00e4 niin, ett\u00e4 niiden k\u00e4sittely on \nmahdotonta. Villiintyneen el\u00e4imen sulkeminen pitkiksi ajoiksi \nsis\u00e4tiloihin ja pakottaminen vuorovaikutukseen ihmisen kanssa aiheuttaa \nel\u00e4imiss\u00e4 pelkoa ja stressi\u00e4 eik\u00e4 se ole el\u00e4imen kannalta oikein.<\/p>\n\n\n\n<p>Kissojen loukuttaminen sitoo vapaaehtoisten el\u00e4insuojeluneuvojien ja \nyhdistysten v\u00e4en voimia. Kissalaumat sijaitsevat usein yhteis\u00f6jen \nlaitamilla, joten ajokilometrej\u00e4 kertyy. Kissanloukut on tarkastettava \ns\u00e4\u00e4nn\u00f6llisesti, v\u00e4hint\u00e4\u00e4n kerran p\u00e4iv\u00e4ss\u00e4, kylm\u00e4ll\u00e4 s\u00e4\u00e4ll\u00e4 huomattavasti\n useammin. Kissa ei p\u00e4\u00e4se loukusta pakoon, joten laiminly\u00f6ty loukku on \ntappava ansa. Yhdistykset usein my\u00f6s lopettavat k\u00e4rsiv\u00e4t el\u00e4imet omalla \nkustannuksellaan.<\/p>\n\n\n\n<p>Valtavaksi paisunut k\u00e4rsiv\u00e4 kissalauma voi saada alkunsa vain yhdest\u00e4\n pihapiiriin ilmestyneest\u00e4 tiineest\u00e4 kissasta (ks. video). Tulevan \nk\u00e4rsimyksen v\u00e4ltt\u00e4miseksi ihmisten on syyt\u00e4 olla tarkkana. Todellista \nel\u00e4inrakkautta ei ole n\u00e4lk\u00e4isen kulkurin ruokkiminen, vaan kulkukissan \ntoimittaminen kunnan l\u00f6yt\u00f6el\u00e4inten talteenottopaikkaan.<\/p>\n\n\n\n<p>Parhaassa tapauksessa kissa on jonkun rakas lemmikki, ja varsinkin \nmik\u00e4li se on tunnistusmerkitty, se p\u00e4\u00e4see nopeasti omaan kotiin. Mik\u00e4li \nkissa on kesy ja sopeutuu el\u00e4m\u00e4\u00e4n ihmisen kanssa, se saattaa saada uuden\n kodin. Joka tapauksessa ihmisen ripe\u00e4 toiminta est\u00e4\u00e4 jopa useiden \nkissasukupolvien k\u00e4rsimyksen kylm\u00e4ss\u00e4 ja n\u00e4l\u00e4ss\u00e4. Kissa ei kuulu Suomen \nkylm\u00e4\u00e4n luontoon.<\/p>\n\n\n\n<figure class=\"wp-block-image\"><img decoding=\"async\" src=\"http:\/\/kissatieto.fi\/images\/img_0015_paivi_maki.jpg\" alt=\"\" \/><\/figure>\n\n\n\n<p><em>SEYn vapaaehtoinen el\u00e4insuojeluneuvoja loukutti t\u00e4lt\u00e4 tilalta 42 villiintyntytt\u00e4 ja n\u00e4lkiintynytt\u00e4 kissaa. Kuvat: P\u00e4ivi M\u00e4ki<\/em><\/p>\n","protected":false},"excerpt":{"rendered":"<p>Kaikilla kissoilla ei ole kotia. SEYn el\u00e4insuojeluneuvojia ty\u00f6llist\u00e4v\u00e4t my\u00f6s r\u00e4j\u00e4hdysm\u00e4isesti lis\u00e4\u00e4ntyv\u00e4t ihmisasutuksen liepeill\u00e4 el\u00e4v\u00e4t kissapopulaatiot. Laumojen kissat ovat usein todella huonokuntoisia. Ne kuhisevat loisia ja k\u00e4rsiv\u00e4t Suomen kylm\u00e4st\u00e4 ilmastosta. Monet niist\u00e4 kuolevatkin talven aikana, mutta rakennukset tarjoavat riitt\u00e4v\u00e4sti suojaa, siten ett\u00e4 joitakin yksil\u00f6it\u00e4 j\u00e4\u00e4 jatkamaan sukua. My\u00f6s tartuntataudit verottavat kissakantaa. Kissojen rivakka lis\u00e4\u00e4ntymistahti kuitenkin takaa [&hellip;]<\/p>\n","protected":false},"author":8,"featured_media":229,"parent":221,"menu_order":0,"comment_status":"closed","ping_status":"closed","template":"","meta":{"_acf_changed":false,"footnotes":""},"class_list":["post-228","page","type-page","status-publish","has-post-thumbnail","hentry"],"acf":[],"yoast_head":"<!-- This site is optimized with the Yoast SEO plugin v27.1.1 - https:\/\/yoast.com\/product\/yoast-seo-wordpress\/ -->\n<title>Hyl\u00e4tyn kissan kohtalo - Kissatieto<\/title>\n<meta name=\"robots\" content=\"index, follow, max-snippet:-1, max-image-preview:large, max-video-preview:-1\" \/>\n<link rel=\"canonical\" href=\"https:\/\/sey.fi\/kissa\/kissat\/sey-ja-kissat\/hylatyn-kissan-kohtalo\/\" \/>\n<meta property=\"og:locale\" content=\"fi_FI\" \/>\n<meta property=\"og:type\" content=\"article\" \/>\n<meta property=\"og:title\" content=\"Hyl\u00e4tyn kissan kohtalo - Kissatieto\" \/>\n<meta property=\"og:description\" content=\"Kaikilla kissoilla ei ole kotia. SEYn el\u00e4insuojeluneuvojia ty\u00f6llist\u00e4v\u00e4t my\u00f6s r\u00e4j\u00e4hdysm\u00e4isesti lis\u00e4\u00e4ntyv\u00e4t ihmisasutuksen liepeill\u00e4 el\u00e4v\u00e4t kissapopulaatiot. Laumojen kissat ovat usein todella huonokuntoisia. Ne kuhisevat loisia ja k\u00e4rsiv\u00e4t Suomen kylm\u00e4st\u00e4 ilmastosta. Monet niist\u00e4 kuolevatkin talven aikana, mutta rakennukset tarjoavat riitt\u00e4v\u00e4sti suojaa, siten ett\u00e4 joitakin yksil\u00f6it\u00e4 j\u00e4\u00e4 jatkamaan sukua. My\u00f6s tartuntataudit verottavat kissakantaa. Kissojen rivakka lis\u00e4\u00e4ntymistahti kuitenkin takaa [&hellip;]\" \/>\n<meta property=\"og:url\" content=\"https:\/\/sey.fi\/kissa\/kissat\/sey-ja-kissat\/hylatyn-kissan-kohtalo\/\" \/>\n<meta property=\"og:site_name\" content=\"Kissatieto\" \/>\n<meta property=\"article:modified_time\" content=\"2019-12-09T13:44:28+00:00\" \/>\n<meta property=\"og:image\" content=\"https:\/\/sey.fi\/wp-content\/uploads\/sites\/47\/2019\/12\/img_0023_paivi_maki.jpg\" \/>\n\t<meta property=\"og:image:width\" content=\"410\" \/>\n\t<meta property=\"og:image:height\" content=\"308\" \/>\n\t<meta property=\"og:image:type\" content=\"image\/jpeg\" \/>\n<meta name=\"twitter:card\" content=\"summary_large_image\" \/>\n<meta name=\"twitter:label1\" content=\"Arvioitu lukuaika\" \/>\n\t<meta name=\"twitter:data1\" content=\"2 minuuttia\" \/>\n<script type=\"application\/ld+json\" class=\"yoast-schema-graph\">{\"@context\":\"https:\/\/schema.org\",\"@graph\":[{\"@type\":\"WebPage\",\"@id\":\"https:\/\/sey.fi\/kissa\/kissat\/sey-ja-kissat\/hylatyn-kissan-kohtalo\/\",\"url\":\"https:\/\/sey.fi\/kissa\/kissat\/sey-ja-kissat\/hylatyn-kissan-kohtalo\/\",\"name\":\"Hyl\u00e4tyn kissan kohtalo - Kissatieto\",\"isPartOf\":{\"@id\":\"https:\/\/sey.fi\/kissa\/#website\"},\"primaryImageOfPage\":{\"@id\":\"https:\/\/sey.fi\/kissa\/kissat\/sey-ja-kissat\/hylatyn-kissan-kohtalo\/#primaryimage\"},\"image\":{\"@id\":\"https:\/\/sey.fi\/kissa\/kissat\/sey-ja-kissat\/hylatyn-kissan-kohtalo\/#primaryimage\"},\"thumbnailUrl\":\"https:\/\/sey.fi\/wp-content\/uploads\/sites\/47\/2019\/12\/img_0023_paivi_maki.jpg\",\"datePublished\":\"2019-12-09T13:44:25+00:00\",\"dateModified\":\"2019-12-09T13:44:28+00:00\",\"breadcrumb\":{\"@id\":\"https:\/\/sey.fi\/kissa\/kissat\/sey-ja-kissat\/hylatyn-kissan-kohtalo\/#breadcrumb\"},\"inLanguage\":\"fi\",\"potentialAction\":[{\"@type\":\"ReadAction\",\"target\":[\"https:\/\/sey.fi\/kissa\/kissat\/sey-ja-kissat\/hylatyn-kissan-kohtalo\/\"]}]},{\"@type\":\"ImageObject\",\"inLanguage\":\"fi\",\"@id\":\"https:\/\/sey.fi\/kissa\/kissat\/sey-ja-kissat\/hylatyn-kissan-kohtalo\/#primaryimage\",\"url\":\"https:\/\/sey.fi\/wp-content\/uploads\/sites\/47\/2019\/12\/img_0023_paivi_maki.jpg\",\"contentUrl\":\"https:\/\/sey.fi\/wp-content\/uploads\/sites\/47\/2019\/12\/img_0023_paivi_maki.jpg\",\"width\":410,\"height\":308},{\"@type\":\"BreadcrumbList\",\"@id\":\"https:\/\/sey.fi\/kissa\/kissat\/sey-ja-kissat\/hylatyn-kissan-kohtalo\/#breadcrumb\",\"itemListElement\":[{\"@type\":\"ListItem\",\"position\":1,\"name\":\"Home\",\"item\":\"https:\/\/sey.fi\/kissa\/\"},{\"@type\":\"ListItem\",\"position\":2,\"name\":\"Kissatieto\",\"item\":\"https:\/\/sey.fi\/kissa\/\"},{\"@type\":\"ListItem\",\"position\":3,\"name\":\"SEY ja kissat\",\"item\":\"https:\/\/sey.fi\/kissa\/kissat\/sey-ja-kissat\/\"},{\"@type\":\"ListItem\",\"position\":4,\"name\":\"Hyl\u00e4tyn kissan kohtalo\"}]},{\"@type\":\"WebSite\",\"@id\":\"https:\/\/sey.fi\/kissa\/#website\",\"url\":\"https:\/\/sey.fi\/kissa\/\",\"name\":\"Kissatieto\",\"description\":\"Uusi SEY J\u00e4senyhdistykset -sivusto\",\"potentialAction\":[{\"@type\":\"SearchAction\",\"target\":{\"@type\":\"EntryPoint\",\"urlTemplate\":\"https:\/\/sey.fi\/kissa\/?s={search_term_string}\"},\"query-input\":{\"@type\":\"PropertyValueSpecification\",\"valueRequired\":true,\"valueName\":\"search_term_string\"}}],\"inLanguage\":\"fi\"}]}<\/script>\n<!-- \/ Yoast SEO plugin. -->","yoast_head_json":{"title":"Hyl\u00e4tyn kissan kohtalo - Kissatieto","robots":{"index":"index","follow":"follow","max-snippet":"max-snippet:-1","max-image-preview":"max-image-preview:large","max-video-preview":"max-video-preview:-1"},"canonical":"https:\/\/sey.fi\/kissa\/kissat\/sey-ja-kissat\/hylatyn-kissan-kohtalo\/","og_locale":"fi_FI","og_type":"article","og_title":"Hyl\u00e4tyn kissan kohtalo - Kissatieto","og_description":"Kaikilla kissoilla ei ole kotia. SEYn el\u00e4insuojeluneuvojia ty\u00f6llist\u00e4v\u00e4t my\u00f6s r\u00e4j\u00e4hdysm\u00e4isesti lis\u00e4\u00e4ntyv\u00e4t ihmisasutuksen liepeill\u00e4 el\u00e4v\u00e4t kissapopulaatiot. Laumojen kissat ovat usein todella huonokuntoisia. Ne kuhisevat loisia ja k\u00e4rsiv\u00e4t Suomen kylm\u00e4st\u00e4 ilmastosta. Monet niist\u00e4 kuolevatkin talven aikana, mutta rakennukset tarjoavat riitt\u00e4v\u00e4sti suojaa, siten ett\u00e4 joitakin yksil\u00f6it\u00e4 j\u00e4\u00e4 jatkamaan sukua. My\u00f6s tartuntataudit verottavat kissakantaa. Kissojen rivakka lis\u00e4\u00e4ntymistahti kuitenkin takaa [&hellip;]","og_url":"https:\/\/sey.fi\/kissa\/kissat\/sey-ja-kissat\/hylatyn-kissan-kohtalo\/","og_site_name":"Kissatieto","article_modified_time":"2019-12-09T13:44:28+00:00","og_image":[{"width":410,"height":308,"url":"https:\/\/sey.fi\/wp-content\/uploads\/sites\/47\/2019\/12\/img_0023_paivi_maki.jpg","type":"image\/jpeg"}],"twitter_card":"summary_large_image","twitter_misc":{"Arvioitu lukuaika":"2 minuuttia"},"schema":{"@context":"https:\/\/schema.org","@graph":[{"@type":"WebPage","@id":"https:\/\/sey.fi\/kissa\/kissat\/sey-ja-kissat\/hylatyn-kissan-kohtalo\/","url":"https:\/\/sey.fi\/kissa\/kissat\/sey-ja-kissat\/hylatyn-kissan-kohtalo\/","name":"Hyl\u00e4tyn kissan kohtalo - Kissatieto","isPartOf":{"@id":"https:\/\/sey.fi\/kissa\/#website"},"primaryImageOfPage":{"@id":"https:\/\/sey.fi\/kissa\/kissat\/sey-ja-kissat\/hylatyn-kissan-kohtalo\/#primaryimage"},"image":{"@id":"https:\/\/sey.fi\/kissa\/kissat\/sey-ja-kissat\/hylatyn-kissan-kohtalo\/#primaryimage"},"thumbnailUrl":"https:\/\/sey.fi\/wp-content\/uploads\/sites\/47\/2019\/12\/img_0023_paivi_maki.jpg","datePublished":"2019-12-09T13:44:25+00:00","dateModified":"2019-12-09T13:44:28+00:00","breadcrumb":{"@id":"https:\/\/sey.fi\/kissa\/kissat\/sey-ja-kissat\/hylatyn-kissan-kohtalo\/#breadcrumb"},"inLanguage":"fi","potentialAction":[{"@type":"ReadAction","target":["https:\/\/sey.fi\/kissa\/kissat\/sey-ja-kissat\/hylatyn-kissan-kohtalo\/"]}]},{"@type":"ImageObject","inLanguage":"fi","@id":"https:\/\/sey.fi\/kissa\/kissat\/sey-ja-kissat\/hylatyn-kissan-kohtalo\/#primaryimage","url":"https:\/\/sey.fi\/wp-content\/uploads\/sites\/47\/2019\/12\/img_0023_paivi_maki.jpg","contentUrl":"https:\/\/sey.fi\/wp-content\/uploads\/sites\/47\/2019\/12\/img_0023_paivi_maki.jpg","width":410,"height":308},{"@type":"BreadcrumbList","@id":"https:\/\/sey.fi\/kissa\/kissat\/sey-ja-kissat\/hylatyn-kissan-kohtalo\/#breadcrumb","itemListElement":[{"@type":"ListItem","position":1,"name":"Home","item":"https:\/\/sey.fi\/kissa\/"},{"@type":"ListItem","position":2,"name":"Kissatieto","item":"https:\/\/sey.fi\/kissa\/"},{"@type":"ListItem","position":3,"name":"SEY ja kissat","item":"https:\/\/sey.fi\/kissa\/kissat\/sey-ja-kissat\/"},{"@type":"ListItem","position":4,"name":"Hyl\u00e4tyn kissan kohtalo"}]},{"@type":"WebSite","@id":"https:\/\/sey.fi\/kissa\/#website","url":"https:\/\/sey.fi\/kissa\/","name":"Kissatieto","description":"Uusi SEY J\u00e4senyhdistykset -sivusto","potentialAction":[{"@type":"SearchAction","target":{"@type":"EntryPoint","urlTemplate":"https:\/\/sey.fi\/kissa\/?s={search_term_string}"},"query-input":{"@type":"PropertyValueSpecification","valueRequired":true,"valueName":"search_term_string"}}],"inLanguage":"fi"}]}},"_links":{"self":[{"href":"https:\/\/sey.fi\/kissa\/wp-json\/wp\/v2\/pages\/228","targetHints":{"allow":["GET"]}}],"collection":[{"href":"https:\/\/sey.fi\/kissa\/wp-json\/wp\/v2\/pages"}],"about":[{"href":"https:\/\/sey.fi\/kissa\/wp-json\/wp\/v2\/types\/page"}],"author":[{"embeddable":true,"href":"https:\/\/sey.fi\/kissa\/wp-json\/wp\/v2\/users\/8"}],"replies":[{"embeddable":true,"href":"https:\/\/sey.fi\/kissa\/wp-json\/wp\/v2\/comments?post=228"}],"version-history":[{"count":1,"href":"https:\/\/sey.fi\/kissa\/wp-json\/wp\/v2\/pages\/228\/revisions"}],"predecessor-version":[{"id":230,"href":"https:\/\/sey.fi\/kissa\/wp-json\/wp\/v2\/pages\/228\/revisions\/230"}],"up":[{"embeddable":true,"href":"https:\/\/sey.fi\/kissa\/wp-json\/wp\/v2\/pages\/221"}],"wp:featuredmedia":[{"embeddable":true,"href":"https:\/\/sey.fi\/kissa\/wp-json\/wp\/v2\/media\/229"}],"wp:attachment":[{"href":"https:\/\/sey.fi\/kissa\/wp-json\/wp\/v2\/media?parent=228"}],"curies":[{"name":"wp","href":"https:\/\/api.w.org\/{rel}","templated":true}]}}