{"id":231,"date":"2019-12-09T15:45:15","date_gmt":"2019-12-09T13:45:15","guid":{"rendered":"http:\/\/srvr10.xetpoint.com\/~seyfi\/kissatieto\/?page_id=231"},"modified":"2019-12-09T15:45:17","modified_gmt":"2019-12-09T13:45:17","slug":"lapset-ja-nuoret-kissatiedon-aarelle","status":"publish","type":"page","link":"https:\/\/sey.fi\/kissa\/kissat\/sey-ja-kissat\/lapset-ja-nuoret-kissatiedon-aarelle\/","title":{"rendered":"Lapset ja nuoret kissatiedon \u00e4\u00e4relle"},"content":{"rendered":"\n<p>SEY pyrkii takaamaan tuleville kissasukupolville kissanp\u00e4iv\u00e4t. SEYn  kouluvierailijat k\u00e4yv\u00e4t kouluissa kertomassa my\u00f6s kissoihin liittyvist\u00e4  asioista. Nuorten El\u00e4intaitokoulutus ELLUssa voi peruskurssin j\u00e4lkeen  suorittaa lajikurssin kissasta. Sanonta \u201dsen mink\u00e4 nuorena oppii, sen  vanhana taitaa\u201d p\u00e4tee my\u00f6s el\u00e4intaitoihin. Nuoret el\u00e4intaitajat taas  voivat sivist\u00e4\u00e4 l\u00e4hipiiri\u00e4\u00e4n el\u00e4inasioissa. <\/p>\n","protected":false},"excerpt":{"rendered":"<p>SEY pyrkii takaamaan tuleville kissasukupolville kissanp\u00e4iv\u00e4t. SEYn kouluvierailijat k\u00e4yv\u00e4t kouluissa kertomassa my\u00f6s kissoihin liittyvist\u00e4 asioista. Nuorten El\u00e4intaitokoulutus ELLUssa voi peruskurssin j\u00e4lkeen suorittaa lajikurssin kissasta. Sanonta \u201dsen mink\u00e4 nuorena oppii, sen vanhana taitaa\u201d p\u00e4tee my\u00f6s el\u00e4intaitoihin. Nuoret el\u00e4intaitajat taas voivat sivist\u00e4\u00e4 l\u00e4hipiiri\u00e4\u00e4n el\u00e4inasioissa.<\/p>\n","protected":false},"author":8,"featured_media":0,"parent":221,"menu_order":0,"comment_status":"closed","ping_status":"closed","template":"","meta":{"_acf_changed":false,"footnotes":""},"class_list":["post-231","page","type-page","status-publish","hentry"],"acf":[],"yoast_head":"<!-- This site is optimized with the Yoast SEO plugin v27.1.1 - https:\/\/yoast.com\/product\/yoast-seo-wordpress\/ -->\n<title>Lapset ja nuoret kissatiedon \u00e4\u00e4relle - Kissatieto<\/title>\n<meta name=\"robots\" content=\"index, follow, max-snippet:-1, max-image-preview:large, max-video-preview:-1\" \/>\n<link rel=\"canonical\" href=\"https:\/\/sey.fi\/kissa\/kissat\/sey-ja-kissat\/lapset-ja-nuoret-kissatiedon-aarelle\/\" \/>\n<meta property=\"og:locale\" content=\"fi_FI\" \/>\n<meta property=\"og:type\" content=\"article\" \/>\n<meta property=\"og:title\" content=\"Lapset ja nuoret kissatiedon \u00e4\u00e4relle - Kissatieto\" \/>\n<meta property=\"og:description\" content=\"SEY pyrkii takaamaan tuleville kissasukupolville kissanp\u00e4iv\u00e4t. SEYn kouluvierailijat k\u00e4yv\u00e4t kouluissa kertomassa my\u00f6s kissoihin liittyvist\u00e4 asioista. Nuorten El\u00e4intaitokoulutus ELLUssa voi peruskurssin j\u00e4lkeen suorittaa lajikurssin kissasta. Sanonta \u201dsen mink\u00e4 nuorena oppii, sen vanhana taitaa\u201d p\u00e4tee my\u00f6s el\u00e4intaitoihin. Nuoret el\u00e4intaitajat taas voivat sivist\u00e4\u00e4 l\u00e4hipiiri\u00e4\u00e4n el\u00e4inasioissa.\" \/>\n<meta property=\"og:url\" content=\"https:\/\/sey.fi\/kissa\/kissat\/sey-ja-kissat\/lapset-ja-nuoret-kissatiedon-aarelle\/\" \/>\n<meta property=\"og:site_name\" content=\"Kissatieto\" \/>\n<meta property=\"article:modified_time\" content=\"2019-12-09T13:45:17+00:00\" \/>\n<meta name=\"twitter:card\" content=\"summary_large_image\" \/>\n<script type=\"application\/ld+json\" class=\"yoast-schema-graph\">{\"@context\":\"https:\/\/schema.org\",\"@graph\":[{\"@type\":\"WebPage\",\"@id\":\"https:\/\/sey.fi\/kissa\/kissat\/sey-ja-kissat\/lapset-ja-nuoret-kissatiedon-aarelle\/\",\"url\":\"https:\/\/sey.fi\/kissa\/kissat\/sey-ja-kissat\/lapset-ja-nuoret-kissatiedon-aarelle\/\",\"name\":\"Lapset ja nuoret kissatiedon \u00e4\u00e4relle - Kissatieto\",\"isPartOf\":{\"@id\":\"https:\/\/sey.fi\/kissa\/#website\"},\"datePublished\":\"2019-12-09T13:45:15+00:00\",\"dateModified\":\"2019-12-09T13:45:17+00:00\",\"breadcrumb\":{\"@id\":\"https:\/\/sey.fi\/kissa\/kissat\/sey-ja-kissat\/lapset-ja-nuoret-kissatiedon-aarelle\/#breadcrumb\"},\"inLanguage\":\"fi\",\"potentialAction\":[{\"@type\":\"ReadAction\",\"target\":[\"https:\/\/sey.fi\/kissa\/kissat\/sey-ja-kissat\/lapset-ja-nuoret-kissatiedon-aarelle\/\"]}]},{\"@type\":\"BreadcrumbList\",\"@id\":\"https:\/\/sey.fi\/kissa\/kissat\/sey-ja-kissat\/lapset-ja-nuoret-kissatiedon-aarelle\/#breadcrumb\",\"itemListElement\":[{\"@type\":\"ListItem\",\"position\":1,\"name\":\"Home\",\"item\":\"https:\/\/sey.fi\/kissa\/\"},{\"@type\":\"ListItem\",\"position\":2,\"name\":\"Kissatieto\",\"item\":\"https:\/\/sey.fi\/kissa\/\"},{\"@type\":\"ListItem\",\"position\":3,\"name\":\"SEY ja kissat\",\"item\":\"https:\/\/sey.fi\/kissa\/kissat\/sey-ja-kissat\/\"},{\"@type\":\"ListItem\",\"position\":4,\"name\":\"Lapset ja nuoret kissatiedon \u00e4\u00e4relle\"}]},{\"@type\":\"WebSite\",\"@id\":\"https:\/\/sey.fi\/kissa\/#website\",\"url\":\"https:\/\/sey.fi\/kissa\/\",\"name\":\"Kissatieto\",\"description\":\"Uusi SEY J\u00e4senyhdistykset -sivusto\",\"potentialAction\":[{\"@type\":\"SearchAction\",\"target\":{\"@type\":\"EntryPoint\",\"urlTemplate\":\"https:\/\/sey.fi\/kissa\/?s={search_term_string}\"},\"query-input\":{\"@type\":\"PropertyValueSpecification\",\"valueRequired\":true,\"valueName\":\"search_term_string\"}}],\"inLanguage\":\"fi\"}]}<\/script>\n<!-- \/ Yoast SEO plugin. -->","yoast_head_json":{"title":"Lapset ja nuoret kissatiedon \u00e4\u00e4relle - Kissatieto","robots":{"index":"index","follow":"follow","max-snippet":"max-snippet:-1","max-image-preview":"max-image-preview:large","max-video-preview":"max-video-preview:-1"},"canonical":"https:\/\/sey.fi\/kissa\/kissat\/sey-ja-kissat\/lapset-ja-nuoret-kissatiedon-aarelle\/","og_locale":"fi_FI","og_type":"article","og_title":"Lapset ja nuoret kissatiedon \u00e4\u00e4relle - Kissatieto","og_description":"SEY pyrkii takaamaan tuleville kissasukupolville kissanp\u00e4iv\u00e4t. SEYn kouluvierailijat k\u00e4yv\u00e4t kouluissa kertomassa my\u00f6s kissoihin liittyvist\u00e4 asioista. Nuorten El\u00e4intaitokoulutus ELLUssa voi peruskurssin j\u00e4lkeen suorittaa lajikurssin kissasta. Sanonta \u201dsen mink\u00e4 nuorena oppii, sen vanhana taitaa\u201d p\u00e4tee my\u00f6s el\u00e4intaitoihin. Nuoret el\u00e4intaitajat taas voivat sivist\u00e4\u00e4 l\u00e4hipiiri\u00e4\u00e4n el\u00e4inasioissa.","og_url":"https:\/\/sey.fi\/kissa\/kissat\/sey-ja-kissat\/lapset-ja-nuoret-kissatiedon-aarelle\/","og_site_name":"Kissatieto","article_modified_time":"2019-12-09T13:45:17+00:00","twitter_card":"summary_large_image","schema":{"@context":"https:\/\/schema.org","@graph":[{"@type":"WebPage","@id":"https:\/\/sey.fi\/kissa\/kissat\/sey-ja-kissat\/lapset-ja-nuoret-kissatiedon-aarelle\/","url":"https:\/\/sey.fi\/kissa\/kissat\/sey-ja-kissat\/lapset-ja-nuoret-kissatiedon-aarelle\/","name":"Lapset ja nuoret kissatiedon \u00e4\u00e4relle - Kissatieto","isPartOf":{"@id":"https:\/\/sey.fi\/kissa\/#website"},"datePublished":"2019-12-09T13:45:15+00:00","dateModified":"2019-12-09T13:45:17+00:00","breadcrumb":{"@id":"https:\/\/sey.fi\/kissa\/kissat\/sey-ja-kissat\/lapset-ja-nuoret-kissatiedon-aarelle\/#breadcrumb"},"inLanguage":"fi","potentialAction":[{"@type":"ReadAction","target":["https:\/\/sey.fi\/kissa\/kissat\/sey-ja-kissat\/lapset-ja-nuoret-kissatiedon-aarelle\/"]}]},{"@type":"BreadcrumbList","@id":"https:\/\/sey.fi\/kissa\/kissat\/sey-ja-kissat\/lapset-ja-nuoret-kissatiedon-aarelle\/#breadcrumb","itemListElement":[{"@type":"ListItem","position":1,"name":"Home","item":"https:\/\/sey.fi\/kissa\/"},{"@type":"ListItem","position":2,"name":"Kissatieto","item":"https:\/\/sey.fi\/kissa\/"},{"@type":"ListItem","position":3,"name":"SEY ja kissat","item":"https:\/\/sey.fi\/kissa\/kissat\/sey-ja-kissat\/"},{"@type":"ListItem","position":4,"name":"Lapset ja nuoret kissatiedon \u00e4\u00e4relle"}]},{"@type":"WebSite","@id":"https:\/\/sey.fi\/kissa\/#website","url":"https:\/\/sey.fi\/kissa\/","name":"Kissatieto","description":"Uusi SEY J\u00e4senyhdistykset -sivusto","potentialAction":[{"@type":"SearchAction","target":{"@type":"EntryPoint","urlTemplate":"https:\/\/sey.fi\/kissa\/?s={search_term_string}"},"query-input":{"@type":"PropertyValueSpecification","valueRequired":true,"valueName":"search_term_string"}}],"inLanguage":"fi"}]}},"_links":{"self":[{"href":"https:\/\/sey.fi\/kissa\/wp-json\/wp\/v2\/pages\/231","targetHints":{"allow":["GET"]}}],"collection":[{"href":"https:\/\/sey.fi\/kissa\/wp-json\/wp\/v2\/pages"}],"about":[{"href":"https:\/\/sey.fi\/kissa\/wp-json\/wp\/v2\/types\/page"}],"author":[{"embeddable":true,"href":"https:\/\/sey.fi\/kissa\/wp-json\/wp\/v2\/users\/8"}],"replies":[{"embeddable":true,"href":"https:\/\/sey.fi\/kissa\/wp-json\/wp\/v2\/comments?post=231"}],"version-history":[{"count":1,"href":"https:\/\/sey.fi\/kissa\/wp-json\/wp\/v2\/pages\/231\/revisions"}],"predecessor-version":[{"id":232,"href":"https:\/\/sey.fi\/kissa\/wp-json\/wp\/v2\/pages\/231\/revisions\/232"}],"up":[{"embeddable":true,"href":"https:\/\/sey.fi\/kissa\/wp-json\/wp\/v2\/pages\/221"}],"wp:attachment":[{"href":"https:\/\/sey.fi\/kissa\/wp-json\/wp\/v2\/media?parent=231"}],"curies":[{"name":"wp","href":"https:\/\/api.w.org\/{rel}","templated":true}]}}