{"id":233,"date":"2019-12-09T15:46:25","date_gmt":"2019-12-09T13:46:25","guid":{"rendered":"http:\/\/srvr10.xetpoint.com\/~seyfi\/kissatieto\/?page_id=233"},"modified":"2020-09-11T12:28:31","modified_gmt":"2020-09-11T09:28:31","slug":"koululaisille-ja-opettajille-kissatehtavia","status":"publish","type":"page","link":"https:\/\/sey.fi\/kissa\/kissat\/koululaisille-ja-opettajille-kissatehtavia\/","title":{"rendered":"Koululaisille ja opettajille &#8211; kissateht\u00e4vi\u00e4"},"content":{"rendered":"\n<h3 class=\"wp-block-heading\">Kissateht\u00e4vi\u00e4 koululaisille, el\u00e4inkerhoille ja 4H-toimintaan<\/h3>\n\n\n\n<p>Oletko opettaja tai kerhonvet\u00e4j\u00e4? Haluaisitko k\u00e4sitell\u00e4 lasten ja nuorten kanssa kissan hyvinvointiin liittyvi\u00e4 teemoja? T\u00e4lt\u00e4 sivulta l\u00f6yd\u00e4t kissateht\u00e4vi\u00e4 eri-ik\u00e4isille lapsille ja nuorille.<\/p>\n\n\n\n<p>T\u00e4m\u00e4n sivun kissa-aiheiset toiminnalliset teht\u00e4v\u00e4t, leikit ja muut materiaalit lis\u00e4\u00e4v\u00e4t lasten ja nuorten tietoa kissasta ja kannustavat heit\u00e4 pohtimaan kissan hyvinvointiin liittyvi\u00e4 n\u00e4k\u00f6kulmia. Ne sopivat mainiosti koulun ymp\u00e4rist\u00f6opin, biologian, uskonnon tai el\u00e4m\u00e4nkatsomustiedon tunneille, iltap\u00e4iv\u00e4- tai kerhotoimintaan tai esimerkiksi kirjaston lasten- ja nuortenosastolle. <\/p>\n\n\n\n<p>Teht\u00e4v\u00e4t on jaoteltu kolmeen osaan sen mukaan, mille ik\u00e4ryhm\u00e4lle ne sopivat parhaiten. Voit kuitenkin muokata ja soveltaa mink\u00e4 tahansa ik\u00e4ryhm\u00e4n teht\u00e4vi\u00e4 niin, ett\u00e4 ne sopivat omille oppilaillesi tai kerholaisillesi.<\/p>\n\n\n\n<p>Harjoitukset on koottu tukemaan El\u00e4inten viikon 2020 kissateeman k\u00e4sittely\u00e4.  P\u00e4\u00e4set tutustumaan El\u00e4inten viikon materiaaleihin ja tilaamaan niit\u00e4 <a rel=\"noreferrer noopener\" href=\"https:\/\/sey.fi\/tilaa-oppaita\/elainten-viikko-2020\/\" target=\"_blank\">SEYn nettisivuilta<\/a>. <\/p>\n\n\n\n<p>Kaikki t\u00e4m\u00e4n sivuston teht\u00e4v\u00e4t l\u00f6yd\u00e4t kootusti julkaisustamme <a rel=\"noreferrer noopener\" aria-label=\"Kasvattajan opas el\u00e4inten viikkoon 2020 - toiminnallisia teht\u00e4vi\u00e4 tuntisuunnittelun tueksi (avautuu uudessa v\u00e4lilehdess\u00e4)\" href=\"http:\/\/sey.fi\/kasvattajanopas\" target=\"_blank\">Kasvattajan opas el\u00e4inten viikkoon 2020 &#8211; toiminnallisia teht\u00e4vi\u00e4 tuntisuunnittelun tueksi<\/a>.<\/p>\n\n\n\n<p><\/p>\n","protected":false},"excerpt":{"rendered":"<p>Kissateht\u00e4vi\u00e4 koululaisille, el\u00e4inkerhoille ja 4H-toimintaan Oletko opettaja tai kerhonvet\u00e4j\u00e4? Haluaisitko k\u00e4sitell\u00e4 lasten ja nuorten kanssa kissan hyvinvointiin liittyvi\u00e4 teemoja? T\u00e4lt\u00e4 sivulta l\u00f6yd\u00e4t kissateht\u00e4vi\u00e4 eri-ik\u00e4isille lapsille ja nuorille. T\u00e4m\u00e4n sivun kissa-aiheiset toiminnalliset teht\u00e4v\u00e4t, leikit ja muut materiaalit lis\u00e4\u00e4v\u00e4t lasten ja nuorten tietoa kissasta ja kannustavat heit\u00e4 pohtimaan kissan hyvinvointiin liittyvi\u00e4 n\u00e4k\u00f6kulmia. Ne sopivat mainiosti koulun ymp\u00e4rist\u00f6opin, [&hellip;]<\/p>\n","protected":false},"author":8,"featured_media":322,"parent":2,"menu_order":0,"comment_status":"closed","ping_status":"closed","template":"","meta":{"_acf_changed":false,"footnotes":""},"class_list":["post-233","page","type-page","status-publish","has-post-thumbnail","hentry"],"acf":[],"yoast_head":"<!-- This site is optimized with the Yoast SEO plugin v27.1.1 - https:\/\/yoast.com\/product\/yoast-seo-wordpress\/ -->\n<title>Koululaisille ja opettajille - kissateht\u00e4vi\u00e4 - Kissatieto<\/title>\n<meta name=\"description\" content=\"T\u00e4lt\u00e4 sivulta l\u00f6yd\u00e4t kissateht\u00e4vi\u00e4, -leikkej\u00e4 ja muuta materiaalia koululaisille ja opettajille. Teht\u00e4v\u00e4t lis\u00e4\u00e4v\u00e4t lasten ja nuorten tietoa kissasta.\" \/>\n<meta name=\"robots\" content=\"index, follow, max-snippet:-1, max-image-preview:large, max-video-preview:-1\" \/>\n<link rel=\"canonical\" href=\"https:\/\/sey.fi\/kissa\/kissat\/koululaisille-ja-opettajille-kissatehtavia\/\" \/>\n<meta property=\"og:locale\" content=\"fi_FI\" \/>\n<meta property=\"og:type\" content=\"article\" \/>\n<meta property=\"og:title\" content=\"Koululaisille ja opettajille - kissateht\u00e4vi\u00e4 - Kissatieto\" \/>\n<meta property=\"og:description\" content=\"T\u00e4lt\u00e4 sivulta l\u00f6yd\u00e4t kissateht\u00e4vi\u00e4, -leikkej\u00e4 ja muuta materiaalia koululaisille ja opettajille. Teht\u00e4v\u00e4t lis\u00e4\u00e4v\u00e4t lasten ja nuorten tietoa kissasta.\" \/>\n<meta property=\"og:url\" content=\"https:\/\/sey.fi\/kissa\/kissat\/koululaisille-ja-opettajille-kissatehtavia\/\" \/>\n<meta property=\"og:site_name\" content=\"Kissatieto\" \/>\n<meta property=\"article:modified_time\" content=\"2020-09-11T09:28:31+00:00\" \/>\n<meta property=\"og:image\" content=\"https:\/\/sey.fi\/wp-content\/uploads\/sites\/47\/2020\/09\/ASC_6765_Jouko_Torssonen.jpg\" \/>\n\t<meta property=\"og:image:width\" content=\"1920\" \/>\n\t<meta property=\"og:image:height\" content=\"960\" \/>\n\t<meta property=\"og:image:type\" content=\"image\/jpeg\" \/>\n<meta name=\"twitter:card\" content=\"summary_large_image\" \/>\n<meta name=\"twitter:label1\" content=\"Arvioitu lukuaika\" \/>\n\t<meta name=\"twitter:data1\" content=\"1 minuutti\" \/>\n<script type=\"application\/ld+json\" class=\"yoast-schema-graph\">{\"@context\":\"https:\/\/schema.org\",\"@graph\":[{\"@type\":\"WebPage\",\"@id\":\"https:\/\/sey.fi\/kissa\/kissat\/koululaisille-ja-opettajille-kissatehtavia\/\",\"url\":\"https:\/\/sey.fi\/kissa\/kissat\/koululaisille-ja-opettajille-kissatehtavia\/\",\"name\":\"Koululaisille ja opettajille - kissateht\u00e4vi\u00e4 - Kissatieto\",\"isPartOf\":{\"@id\":\"https:\/\/sey.fi\/kissa\/#website\"},\"primaryImageOfPage\":{\"@id\":\"https:\/\/sey.fi\/kissa\/kissat\/koululaisille-ja-opettajille-kissatehtavia\/#primaryimage\"},\"image\":{\"@id\":\"https:\/\/sey.fi\/kissa\/kissat\/koululaisille-ja-opettajille-kissatehtavia\/#primaryimage\"},\"thumbnailUrl\":\"https:\/\/sey.fi\/wp-content\/uploads\/sites\/47\/2020\/09\/ASC_6765_Jouko_Torssonen.jpg\",\"datePublished\":\"2019-12-09T13:46:25+00:00\",\"dateModified\":\"2020-09-11T09:28:31+00:00\",\"description\":\"T\u00e4lt\u00e4 sivulta l\u00f6yd\u00e4t kissateht\u00e4vi\u00e4, -leikkej\u00e4 ja muuta materiaalia koululaisille ja opettajille. Teht\u00e4v\u00e4t lis\u00e4\u00e4v\u00e4t lasten ja nuorten tietoa kissasta.\",\"breadcrumb\":{\"@id\":\"https:\/\/sey.fi\/kissa\/kissat\/koululaisille-ja-opettajille-kissatehtavia\/#breadcrumb\"},\"inLanguage\":\"fi\",\"potentialAction\":[{\"@type\":\"ReadAction\",\"target\":[\"https:\/\/sey.fi\/kissa\/kissat\/koululaisille-ja-opettajille-kissatehtavia\/\"]}]},{\"@type\":\"ImageObject\",\"inLanguage\":\"fi\",\"@id\":\"https:\/\/sey.fi\/kissa\/kissat\/koululaisille-ja-opettajille-kissatehtavia\/#primaryimage\",\"url\":\"https:\/\/sey.fi\/wp-content\/uploads\/sites\/47\/2020\/09\/ASC_6765_Jouko_Torssonen.jpg\",\"contentUrl\":\"https:\/\/sey.fi\/wp-content\/uploads\/sites\/47\/2020\/09\/ASC_6765_Jouko_Torssonen.jpg\",\"width\":1920,\"height\":960,\"caption\":\"kissateht\u00e4vi\u00e4\"},{\"@type\":\"BreadcrumbList\",\"@id\":\"https:\/\/sey.fi\/kissa\/kissat\/koululaisille-ja-opettajille-kissatehtavia\/#breadcrumb\",\"itemListElement\":[{\"@type\":\"ListItem\",\"position\":1,\"name\":\"Home\",\"item\":\"https:\/\/sey.fi\/kissa\/\"},{\"@type\":\"ListItem\",\"position\":2,\"name\":\"Kissatieto\",\"item\":\"https:\/\/sey.fi\/kissa\/\"},{\"@type\":\"ListItem\",\"position\":3,\"name\":\"Koululaisille ja opettajille &#8211; kissateht\u00e4vi\u00e4\"}]},{\"@type\":\"WebSite\",\"@id\":\"https:\/\/sey.fi\/kissa\/#website\",\"url\":\"https:\/\/sey.fi\/kissa\/\",\"name\":\"Kissatieto\",\"description\":\"Uusi SEY J\u00e4senyhdistykset -sivusto\",\"potentialAction\":[{\"@type\":\"SearchAction\",\"target\":{\"@type\":\"EntryPoint\",\"urlTemplate\":\"https:\/\/sey.fi\/kissa\/?s={search_term_string}\"},\"query-input\":{\"@type\":\"PropertyValueSpecification\",\"valueRequired\":true,\"valueName\":\"search_term_string\"}}],\"inLanguage\":\"fi\"}]}<\/script>\n<!-- \/ Yoast SEO plugin. -->","yoast_head_json":{"title":"Koululaisille ja opettajille - kissateht\u00e4vi\u00e4 - Kissatieto","description":"T\u00e4lt\u00e4 sivulta l\u00f6yd\u00e4t kissateht\u00e4vi\u00e4, -leikkej\u00e4 ja muuta materiaalia koululaisille ja opettajille. Teht\u00e4v\u00e4t lis\u00e4\u00e4v\u00e4t lasten ja nuorten tietoa kissasta.","robots":{"index":"index","follow":"follow","max-snippet":"max-snippet:-1","max-image-preview":"max-image-preview:large","max-video-preview":"max-video-preview:-1"},"canonical":"https:\/\/sey.fi\/kissa\/kissat\/koululaisille-ja-opettajille-kissatehtavia\/","og_locale":"fi_FI","og_type":"article","og_title":"Koululaisille ja opettajille - kissateht\u00e4vi\u00e4 - Kissatieto","og_description":"T\u00e4lt\u00e4 sivulta l\u00f6yd\u00e4t kissateht\u00e4vi\u00e4, -leikkej\u00e4 ja muuta materiaalia koululaisille ja opettajille. Teht\u00e4v\u00e4t lis\u00e4\u00e4v\u00e4t lasten ja nuorten tietoa kissasta.","og_url":"https:\/\/sey.fi\/kissa\/kissat\/koululaisille-ja-opettajille-kissatehtavia\/","og_site_name":"Kissatieto","article_modified_time":"2020-09-11T09:28:31+00:00","og_image":[{"width":1920,"height":960,"url":"https:\/\/sey.fi\/wp-content\/uploads\/sites\/47\/2020\/09\/ASC_6765_Jouko_Torssonen.jpg","type":"image\/jpeg"}],"twitter_card":"summary_large_image","twitter_misc":{"Arvioitu lukuaika":"1 minuutti"},"schema":{"@context":"https:\/\/schema.org","@graph":[{"@type":"WebPage","@id":"https:\/\/sey.fi\/kissa\/kissat\/koululaisille-ja-opettajille-kissatehtavia\/","url":"https:\/\/sey.fi\/kissa\/kissat\/koululaisille-ja-opettajille-kissatehtavia\/","name":"Koululaisille ja opettajille - kissateht\u00e4vi\u00e4 - Kissatieto","isPartOf":{"@id":"https:\/\/sey.fi\/kissa\/#website"},"primaryImageOfPage":{"@id":"https:\/\/sey.fi\/kissa\/kissat\/koululaisille-ja-opettajille-kissatehtavia\/#primaryimage"},"image":{"@id":"https:\/\/sey.fi\/kissa\/kissat\/koululaisille-ja-opettajille-kissatehtavia\/#primaryimage"},"thumbnailUrl":"https:\/\/sey.fi\/wp-content\/uploads\/sites\/47\/2020\/09\/ASC_6765_Jouko_Torssonen.jpg","datePublished":"2019-12-09T13:46:25+00:00","dateModified":"2020-09-11T09:28:31+00:00","description":"T\u00e4lt\u00e4 sivulta l\u00f6yd\u00e4t kissateht\u00e4vi\u00e4, -leikkej\u00e4 ja muuta materiaalia koululaisille ja opettajille. Teht\u00e4v\u00e4t lis\u00e4\u00e4v\u00e4t lasten ja nuorten tietoa kissasta.","breadcrumb":{"@id":"https:\/\/sey.fi\/kissa\/kissat\/koululaisille-ja-opettajille-kissatehtavia\/#breadcrumb"},"inLanguage":"fi","potentialAction":[{"@type":"ReadAction","target":["https:\/\/sey.fi\/kissa\/kissat\/koululaisille-ja-opettajille-kissatehtavia\/"]}]},{"@type":"ImageObject","inLanguage":"fi","@id":"https:\/\/sey.fi\/kissa\/kissat\/koululaisille-ja-opettajille-kissatehtavia\/#primaryimage","url":"https:\/\/sey.fi\/wp-content\/uploads\/sites\/47\/2020\/09\/ASC_6765_Jouko_Torssonen.jpg","contentUrl":"https:\/\/sey.fi\/wp-content\/uploads\/sites\/47\/2020\/09\/ASC_6765_Jouko_Torssonen.jpg","width":1920,"height":960,"caption":"kissateht\u00e4vi\u00e4"},{"@type":"BreadcrumbList","@id":"https:\/\/sey.fi\/kissa\/kissat\/koululaisille-ja-opettajille-kissatehtavia\/#breadcrumb","itemListElement":[{"@type":"ListItem","position":1,"name":"Home","item":"https:\/\/sey.fi\/kissa\/"},{"@type":"ListItem","position":2,"name":"Kissatieto","item":"https:\/\/sey.fi\/kissa\/"},{"@type":"ListItem","position":3,"name":"Koululaisille ja opettajille &#8211; kissateht\u00e4vi\u00e4"}]},{"@type":"WebSite","@id":"https:\/\/sey.fi\/kissa\/#website","url":"https:\/\/sey.fi\/kissa\/","name":"Kissatieto","description":"Uusi SEY J\u00e4senyhdistykset -sivusto","potentialAction":[{"@type":"SearchAction","target":{"@type":"EntryPoint","urlTemplate":"https:\/\/sey.fi\/kissa\/?s={search_term_string}"},"query-input":{"@type":"PropertyValueSpecification","valueRequired":true,"valueName":"search_term_string"}}],"inLanguage":"fi"}]}},"_links":{"self":[{"href":"https:\/\/sey.fi\/kissa\/wp-json\/wp\/v2\/pages\/233","targetHints":{"allow":["GET"]}}],"collection":[{"href":"https:\/\/sey.fi\/kissa\/wp-json\/wp\/v2\/pages"}],"about":[{"href":"https:\/\/sey.fi\/kissa\/wp-json\/wp\/v2\/types\/page"}],"author":[{"embeddable":true,"href":"https:\/\/sey.fi\/kissa\/wp-json\/wp\/v2\/users\/8"}],"replies":[{"embeddable":true,"href":"https:\/\/sey.fi\/kissa\/wp-json\/wp\/v2\/comments?post=233"}],"version-history":[{"count":7,"href":"https:\/\/sey.fi\/kissa\/wp-json\/wp\/v2\/pages\/233\/revisions"}],"predecessor-version":[{"id":325,"href":"https:\/\/sey.fi\/kissa\/wp-json\/wp\/v2\/pages\/233\/revisions\/325"}],"up":[{"embeddable":true,"href":"https:\/\/sey.fi\/kissa\/wp-json\/wp\/v2\/pages\/2"}],"wp:featuredmedia":[{"embeddable":true,"href":"https:\/\/sey.fi\/kissa\/wp-json\/wp\/v2\/media\/322"}],"wp:attachment":[{"href":"https:\/\/sey.fi\/kissa\/wp-json\/wp\/v2\/media?parent=233"}],"curies":[{"name":"wp","href":"https:\/\/api.w.org\/{rel}","templated":true}]}}