{"id":239,"date":"2019-12-09T15:49:13","date_gmt":"2019-12-09T13:49:13","guid":{"rendered":"http:\/\/srvr10.xetpoint.com\/~seyfi\/kissatieto\/?page_id=239"},"modified":"2020-09-11T12:17:15","modified_gmt":"2020-09-11T09:17:15","slug":"tehtavia-ylakoululaisille","status":"publish","type":"page","link":"https:\/\/sey.fi\/kissa\/kissat\/koululaisille-ja-opettajille-kissatehtavia\/tehtavia-ylakoululaisille\/","title":{"rendered":"Teht\u00e4vi\u00e4 yl\u00e4koululaisille"},"content":{"rendered":"\n<p>T\u00e4ss\u00e4 osiossa on kissa-aiheisia teht\u00e4vi\u00e4 yl\u00e4koululaisille. Sovellettuna teht\u00e4v\u00e4t voivat sopia my\u00f6s alakouluik\u00e4isille lapsille.<\/p>\n\n\n\n<h2 class=\"wp-block-heading\">TEHT\u00c4V\u00c4 1: Kantaaottavan somepostauksen suunnittelu<\/h2>\n\n\n\n<p>Joka vuosi Suomessa hyl\u00e4t\u00e4\u00e4n arviolta kymmeni\u00e4tuhansia kissoja. Kissojen kohteluun liittyy valitettavasti muitakin ep\u00e4kohtia. Toisinaan syy kissojen huonoon kohteluun on ihmisten puutteellisissa tai vanhentuneissa tiedoissa. Joskus kissaansa ep\u00e4asiallisesti pit\u00e4v\u00e4n ihmisen asenteen korjaamiseen riitt\u00e4\u00e4 se, ett\u00e4 asian perustelee h\u00e4nelle hyvin.<\/p>\n\n\n\n<p>Tekem\u00e4ll\u00e4 kantaaottavan postauksen sosiaaliseen mediaan,\nesim. Instagramiin, voit tehd\u00e4 el\u00e4insuojeluteon. Voit keksi\u00e4 aiheen itse, mutta\nesimerkiksi n\u00e4m\u00e4 teemat vaikuttavat suomalaiskissojen hyvinvointiin:<\/p>\n\n\n\n<ul class=\"wp-block-list\"><li>En hylk\u00e4\u00e4 kissaa<\/li><li>Kissanpennun luovutusik\u00e4 on v\u00e4hint\u00e4\u00e4n 14 viikkoa<\/li><li>Leikkauta kissasi ajoissa<\/li><li>Kissa ulkoilemassa kaupungissa <\/li><li>Kotikissan el\u00e4m\u00e4 on tyls\u00e4\u00e4 \u2013 viihdyt\u00e4 kissaasi<\/li><li>Kissallakin on tunteet<\/li><\/ul>\n\n\n\n<p>Jotta postauksestasi tulee mahdollisimman vakuuttava,\ntarvitset paljon tuoretta tietoa. Tiedonhaun alkuun p\u00e4\u00e4set vaikka Kissatieto.fi\n\u2013sivulla.<\/p>\n\n\n\n<p><strong>1.<\/strong> <strong>Valitse aiheeseesi sopiva kuva. <\/strong>Se voi olla\nkuva omasta tai kaverin kissasta tai netin kuvapankista etsitty\ntekij\u00e4noikeusvapaa kuva (esim. Pixabay, Unsplash).<\/p>\n\n\n\n<p><strong>2. Kirjoita kuvatekstiin kannanottosi<\/strong>. Teksti voi\nolla yksitt\u00e4inen iskulause tai toimintaehdotus, tai pidempi kantaaottava\nteksti. Jos kirjoitat pidemm\u00e4n tekstin, siin\u00e4 voi olla esimerkiksi seuraavat\nosat:<\/p>\n\n\n\n<ul class=\"wp-block-list\"><li><strong>Mielenkiintoinen\naloitus,<\/strong>&nbsp;jossa esittelet ongelman lukijalle. <\/li><li><strong>Perustele\nmielipidett\u00e4si<\/strong>. Perustelulla tarkoitetaan sit\u00e4, ett\u00e4 todistat\nv\u00e4itteesi lukijalle. Hyv\u00e4 perustelu on uskottava. Perustelussa voit vedota\nesimerkiksi asiantuntijoihin, tutkimuksiin, syihin ja seurauksiin \/ etuihin ja\nhaittoihin, omiin kokemuksiisi tai havaintoihisi.<\/li><li><strong>Pyri ottamaan huomioon my\u00f6s<\/strong><strong>&nbsp;vastapuolen n\u00e4kemykset<\/strong>&nbsp;ja\nkumoamaan ne tekstiss\u00e4.<\/li><li><strong>Hyv\u00e4\nlopetus<\/strong>&nbsp;j\u00e4\u00e4 lukijan mieleen. Lopetuksessa voit esitt\u00e4\u00e4\ntoimintaehdotuksen, kerrata mielipiteesi, esitt\u00e4\u00e4 toiveen tai kysymyksen\nlukijalle. Voit my\u00f6s haastaa lukijan toimimaan kissojen hyvinvoinnin puolesta.<\/li><\/ul>\n\n\n\n<p><strong>3. Halutessasi postaa kuva ja teksti someen. <\/strong>Muista merkit\u00e4 SEY postaukseen. Olemme Instagramissa <a href=\"https:\/\/www.instagram.com\/sey_suomen_elainsuojelu\/\">@sey_suomen_elainsuojelu<\/a>, Facebookissa <a href=\"https:\/\/www.facebook.com\/elainsuojelu\/\">SEY Suomen el\u00e4insuojelu<\/a>, ja Twitteriss\u00e4 <a href=\"https:\/\/twitter.com\/SEY_ry\">SEY_ry<\/a>.<\/p>\n\n\n\n<p><strong><em>Variaatio: <\/em><\/strong>Samalla ohjeistuksella (ilman\nkuvaa) voidaan kirjoittaa my\u00f6s pidempi mielipidekirjoitus.<br><\/p>\n\n\n\n<h2 class=\"wp-block-heading\">TEHT\u00c4V\u00c4 2: Ryhm\u00e4ty\u00f6 kissoihin liittyv\u00e4st\u00e4 teemasta<\/h2>\n\n\n\n<p>T\u00e4m\u00e4 teht\u00e4v\u00e4 sopii hyvin esimerkiksi biologian tai\nel\u00e4inetiikan oppitunneille. <\/p>\n\n\n\n<p>Jakautukaa 3\u20134 hengen ryhmiin. Valitkaa kissaan liittyv\u00e4n\naihe, josta haluatte tehd\u00e4 ryhm\u00e4ty\u00f6n. Aiheet voivat olla esimerkiksi seuraavia:<\/p>\n\n\n\n<ul class=\"wp-block-list\"><li>Kotikissan historia<\/li><li>Kissan aistit<\/li><li>Mit\u00e4 kissa tarvitsee hyv\u00e4\u00e4n el\u00e4m\u00e4\u00e4n?<\/li><li>Kissan kommunikaatio \u2013 ilmeet, eleet ja tunteet<\/li><li>Kissan lis\u00e4\u00e4ntyminen ja leikkauttaminen<\/li><\/ul>\n\n\n\n<p>Etsik\u00e4\u00e4 aiheestanne riitt\u00e4v\u00e4sti tietoa; pyrkik\u00e4\u00e4 k\u00e4ytt\u00e4m\u00e4\u00e4n\nvain asiantuntevia ja luotettavia l\u00e4hteit\u00e4. Voitte aloittaa tiedonhaun\nesimerkiksi El\u00e4inten viikon oppaasta ja kissatieto.fi-sivustolta.<\/p>\n\n\n\n<p>Voitte itse valita, miss\u00e4 muodossa ty\u00f6nne esittelette:\nvalmis ty\u00f6 voi olla sein\u00e4posteri, Powerpoint-esitelm\u00e4, n\u00e4ytelm\u00e4 tai vaikka\nYouTube-video. <\/p>\n\n\n\n<p>Ryhm\u00e4t\u00f6iden tuotoksia voi jakaa sosiaalisessa mediassa hashtageilla #el\u00e4intenviikko ja #elaintenviikko2020. Muista merkit\u00e4 SEY julkaisuun! Olemme Instagramissa <a href=\"https:\/\/www.instagram.com\/sey_suomen_elainsuojelu\/\">@sey_suomen_elainsuojelu<\/a>, Facebookissa <a href=\"https:\/\/www.facebook.com\/elainsuojelu\/\" target=\"_blank\" rel=\"noreferrer noopener\" aria-label=\" (avautuu uudessa v\u00e4lilehdess\u00e4)\">SEY Suomen el\u00e4insuojelu<\/a>, ja Twitteriss\u00e4 <a href=\"https:\/\/twitter.com\/SEY_ry\" target=\"_blank\" rel=\"noreferrer noopener\" aria-label=\" (avautuu uudessa v\u00e4lilehdess\u00e4)\">SEY_ry<\/a>. Huom! Kysyth\u00e4n kaikilta ryhm\u00e4si j\u00e4senilt\u00e4 luvan ty\u00f6n jakamiseen.<\/p>\n\n\n\n<h2 class=\"wp-block-heading\">TEHT\u00c4V\u00c4 3: <a href=\"http:\/\/elaintaito.fi\" target=\"_blank\" rel=\"noreferrer noopener\" aria-label=\"El\u00e4intaito.fi- (avautuu uudessa v\u00e4lilehdess\u00e4)\">El\u00e4intaito.fi-<\/a>verkkokurssi<\/h2>\n\n\n\n<p><a href=\"https:\/\/www.elaintaito.fi\/\" target=\"_blank\" rel=\"noreferrer noopener\" aria-label=\"El\u00e4intaito.fi (avautuu uudessa v\u00e4lilehdess\u00e4)\">El\u00e4intaito.fi<\/a> on SEY Suomen el\u00e4insuojelu ry:n kehitt\u00e4m\u00e4, erityisesti yl\u00e4kouluik\u00e4isille nuorille suunnattu maksuton verkkokurssi el\u00e4inosaamisesta. Se sopii mainiosti osaksi El\u00e4inten viikon ohjelmaa. Kurssi k\u00e4sittelee el\u00e4insuojelua, tavallisimpia lemmikkiel\u00e4inlajeja ja niiden tarpeita sek\u00e4 vastuullista lemmikin omistamista. Kurssilla etsit\u00e4\u00e4n vastauksia kysymykseen \u201dKuinka min\u00e4 voin tuottaa el\u00e4imelle hyv\u00e4n el\u00e4m\u00e4n?\u201d. Kurssin voi suorittaa kuka tahansa joko itsen\u00e4isesti vapaa-ajallaan tai esimerkiksi osana kerhotoimintaa tai kouluopetusta. Sis\u00e4ll\u00f6t soveltuvat hyvin esimerkiksi osaksi biologian, el\u00e4m\u00e4nkatsomustiedon ja valinnaisaineiden opetusta.<\/p>\n\n\n\n<p>Kurssin tavoitteena on<\/p>\n\n\n\n<ul class=\"wp-block-list\"><li>esitell\u00e4 erilaisia mahdollisuuksia toimia\nel\u00e4inten hyvinvoinnin puolesta<\/li><li>kertoa, ett\u00e4 lemmikin omistamisen lis\u00e4ksi on\nmonia muita mahdollisuuksia toteuttaa el\u00e4inrakkautta<\/li><li>lis\u00e4t\u00e4 osallistujien tietoja yleisimmist\u00e4\nlemmikkiel\u00e4imist\u00e4 ja niiden tarpeista<\/li><li>korostaa el\u00e4imen hankkimisen ja omistamisen\nvastuullisuutta \u2013 ja aikuisen roolia vastuunkantajana<\/li><li>opettaa asioita, jotka edist\u00e4v\u00e4t el\u00e4imen\nkokonaisvaltaista hyvinvointia: lajinmukaisia ymp\u00e4rist\u00f6-, terveys-, ravinto- ja\nk\u00e4ytt\u00e4ytymistarpeita.<\/li><\/ul>\n\n\n\n<p>Kurssin hyv\u00e4ksytysti l\u00e4p\u00e4isseet\nsaavat El\u00e4intaitaja-diplomin osoitukseksi kurssin suorittamisesta ja sen aikana\nopituista tiedoista ja taidoista.<\/p>\n\n\n\n<p><\/p>\n","protected":false},"excerpt":{"rendered":"<p>T\u00e4ss\u00e4 osiossa on kissa-aiheisia teht\u00e4vi\u00e4 yl\u00e4koululaisille. Sovellettuna teht\u00e4v\u00e4t voivat sopia my\u00f6s alakouluik\u00e4isille lapsille. TEHT\u00c4V\u00c4 1: Kantaaottavan somepostauksen suunnittelu Joka vuosi Suomessa hyl\u00e4t\u00e4\u00e4n arviolta kymmeni\u00e4tuhansia kissoja. Kissojen kohteluun liittyy valitettavasti muitakin ep\u00e4kohtia. Toisinaan syy kissojen huonoon kohteluun on ihmisten puutteellisissa tai vanhentuneissa tiedoissa. Joskus kissaansa ep\u00e4asiallisesti pit\u00e4v\u00e4n ihmisen asenteen korjaamiseen riitt\u00e4\u00e4 se, ett\u00e4 asian perustelee h\u00e4nelle [&hellip;]<\/p>\n","protected":false},"author":8,"featured_media":0,"parent":233,"menu_order":0,"comment_status":"closed","ping_status":"closed","template":"","meta":{"_acf_changed":false,"footnotes":""},"class_list":["post-239","page","type-page","status-publish","hentry"],"acf":[],"yoast_head":"<!-- This site is optimized with the Yoast SEO plugin v27.1.1 - https:\/\/yoast.com\/product\/yoast-seo-wordpress\/ -->\n<title>Teht\u00e4vi\u00e4 yl\u00e4koululaisille - Kissatieto<\/title>\n<meta name=\"description\" content=\"T\u00e4lt\u00e4 sivulta l\u00f6yd\u00e4t kissateht\u00e4vi\u00e4 yl\u00e4kouluik\u00e4isille nuorille. Teht\u00e4v\u00e4t lis\u00e4\u00e4v\u00e4t yl\u00e4koululaisten tietoa kissasta ja sen hyvinvoinnista.\" \/>\n<meta name=\"robots\" content=\"index, follow, max-snippet:-1, max-image-preview:large, max-video-preview:-1\" \/>\n<link rel=\"canonical\" href=\"https:\/\/sey.fi\/kissa\/kissat\/koululaisille-ja-opettajille-kissatehtavia\/tehtavia-ylakoululaisille\/\" \/>\n<meta property=\"og:locale\" content=\"fi_FI\" \/>\n<meta property=\"og:type\" content=\"article\" \/>\n<meta property=\"og:title\" content=\"Teht\u00e4vi\u00e4 yl\u00e4koululaisille - Kissatieto\" \/>\n<meta property=\"og:description\" content=\"T\u00e4lt\u00e4 sivulta l\u00f6yd\u00e4t kissateht\u00e4vi\u00e4 yl\u00e4kouluik\u00e4isille nuorille. Teht\u00e4v\u00e4t lis\u00e4\u00e4v\u00e4t yl\u00e4koululaisten tietoa kissasta ja sen hyvinvoinnista.\" \/>\n<meta property=\"og:url\" content=\"https:\/\/sey.fi\/kissa\/kissat\/koululaisille-ja-opettajille-kissatehtavia\/tehtavia-ylakoululaisille\/\" \/>\n<meta property=\"og:site_name\" content=\"Kissatieto\" \/>\n<meta property=\"article:modified_time\" content=\"2020-09-11T09:17:15+00:00\" \/>\n<meta name=\"twitter:card\" content=\"summary_large_image\" \/>\n<meta name=\"twitter:label1\" content=\"Arvioitu lukuaika\" \/>\n\t<meta name=\"twitter:data1\" content=\"3 minuuttia\" \/>\n<script type=\"application\/ld+json\" class=\"yoast-schema-graph\">{\"@context\":\"https:\/\/schema.org\",\"@graph\":[{\"@type\":\"WebPage\",\"@id\":\"https:\/\/sey.fi\/kissa\/kissat\/koululaisille-ja-opettajille-kissatehtavia\/tehtavia-ylakoululaisille\/\",\"url\":\"https:\/\/sey.fi\/kissa\/kissat\/koululaisille-ja-opettajille-kissatehtavia\/tehtavia-ylakoululaisille\/\",\"name\":\"Teht\u00e4vi\u00e4 yl\u00e4koululaisille - Kissatieto\",\"isPartOf\":{\"@id\":\"https:\/\/sey.fi\/kissa\/#website\"},\"datePublished\":\"2019-12-09T13:49:13+00:00\",\"dateModified\":\"2020-09-11T09:17:15+00:00\",\"description\":\"T\u00e4lt\u00e4 sivulta l\u00f6yd\u00e4t kissateht\u00e4vi\u00e4 yl\u00e4kouluik\u00e4isille nuorille. Teht\u00e4v\u00e4t lis\u00e4\u00e4v\u00e4t yl\u00e4koululaisten tietoa kissasta ja sen hyvinvoinnista.\",\"breadcrumb\":{\"@id\":\"https:\/\/sey.fi\/kissa\/kissat\/koululaisille-ja-opettajille-kissatehtavia\/tehtavia-ylakoululaisille\/#breadcrumb\"},\"inLanguage\":\"fi\",\"potentialAction\":[{\"@type\":\"ReadAction\",\"target\":[\"https:\/\/sey.fi\/kissa\/kissat\/koululaisille-ja-opettajille-kissatehtavia\/tehtavia-ylakoululaisille\/\"]}]},{\"@type\":\"BreadcrumbList\",\"@id\":\"https:\/\/sey.fi\/kissa\/kissat\/koululaisille-ja-opettajille-kissatehtavia\/tehtavia-ylakoululaisille\/#breadcrumb\",\"itemListElement\":[{\"@type\":\"ListItem\",\"position\":1,\"name\":\"Home\",\"item\":\"https:\/\/sey.fi\/kissa\/\"},{\"@type\":\"ListItem\",\"position\":2,\"name\":\"Kissatieto\",\"item\":\"https:\/\/sey.fi\/kissa\/\"},{\"@type\":\"ListItem\",\"position\":3,\"name\":\"Koululaisille ja opettajille &#8211; kissateht\u00e4vi\u00e4\",\"item\":\"https:\/\/sey.fi\/kissa\/kissat\/koululaisille-ja-opettajille-kissatehtavia\/\"},{\"@type\":\"ListItem\",\"position\":4,\"name\":\"Teht\u00e4vi\u00e4 yl\u00e4koululaisille\"}]},{\"@type\":\"WebSite\",\"@id\":\"https:\/\/sey.fi\/kissa\/#website\",\"url\":\"https:\/\/sey.fi\/kissa\/\",\"name\":\"Kissatieto\",\"description\":\"Uusi SEY J\u00e4senyhdistykset -sivusto\",\"potentialAction\":[{\"@type\":\"SearchAction\",\"target\":{\"@type\":\"EntryPoint\",\"urlTemplate\":\"https:\/\/sey.fi\/kissa\/?s={search_term_string}\"},\"query-input\":{\"@type\":\"PropertyValueSpecification\",\"valueRequired\":true,\"valueName\":\"search_term_string\"}}],\"inLanguage\":\"fi\"}]}<\/script>\n<!-- \/ Yoast SEO plugin. -->","yoast_head_json":{"title":"Teht\u00e4vi\u00e4 yl\u00e4koululaisille - Kissatieto","description":"T\u00e4lt\u00e4 sivulta l\u00f6yd\u00e4t kissateht\u00e4vi\u00e4 yl\u00e4kouluik\u00e4isille nuorille. Teht\u00e4v\u00e4t lis\u00e4\u00e4v\u00e4t yl\u00e4koululaisten tietoa kissasta ja sen hyvinvoinnista.","robots":{"index":"index","follow":"follow","max-snippet":"max-snippet:-1","max-image-preview":"max-image-preview:large","max-video-preview":"max-video-preview:-1"},"canonical":"https:\/\/sey.fi\/kissa\/kissat\/koululaisille-ja-opettajille-kissatehtavia\/tehtavia-ylakoululaisille\/","og_locale":"fi_FI","og_type":"article","og_title":"Teht\u00e4vi\u00e4 yl\u00e4koululaisille - Kissatieto","og_description":"T\u00e4lt\u00e4 sivulta l\u00f6yd\u00e4t kissateht\u00e4vi\u00e4 yl\u00e4kouluik\u00e4isille nuorille. Teht\u00e4v\u00e4t lis\u00e4\u00e4v\u00e4t yl\u00e4koululaisten tietoa kissasta ja sen hyvinvoinnista.","og_url":"https:\/\/sey.fi\/kissa\/kissat\/koululaisille-ja-opettajille-kissatehtavia\/tehtavia-ylakoululaisille\/","og_site_name":"Kissatieto","article_modified_time":"2020-09-11T09:17:15+00:00","twitter_card":"summary_large_image","twitter_misc":{"Arvioitu lukuaika":"3 minuuttia"},"schema":{"@context":"https:\/\/schema.org","@graph":[{"@type":"WebPage","@id":"https:\/\/sey.fi\/kissa\/kissat\/koululaisille-ja-opettajille-kissatehtavia\/tehtavia-ylakoululaisille\/","url":"https:\/\/sey.fi\/kissa\/kissat\/koululaisille-ja-opettajille-kissatehtavia\/tehtavia-ylakoululaisille\/","name":"Teht\u00e4vi\u00e4 yl\u00e4koululaisille - Kissatieto","isPartOf":{"@id":"https:\/\/sey.fi\/kissa\/#website"},"datePublished":"2019-12-09T13:49:13+00:00","dateModified":"2020-09-11T09:17:15+00:00","description":"T\u00e4lt\u00e4 sivulta l\u00f6yd\u00e4t kissateht\u00e4vi\u00e4 yl\u00e4kouluik\u00e4isille nuorille. Teht\u00e4v\u00e4t lis\u00e4\u00e4v\u00e4t yl\u00e4koululaisten tietoa kissasta ja sen hyvinvoinnista.","breadcrumb":{"@id":"https:\/\/sey.fi\/kissa\/kissat\/koululaisille-ja-opettajille-kissatehtavia\/tehtavia-ylakoululaisille\/#breadcrumb"},"inLanguage":"fi","potentialAction":[{"@type":"ReadAction","target":["https:\/\/sey.fi\/kissa\/kissat\/koululaisille-ja-opettajille-kissatehtavia\/tehtavia-ylakoululaisille\/"]}]},{"@type":"BreadcrumbList","@id":"https:\/\/sey.fi\/kissa\/kissat\/koululaisille-ja-opettajille-kissatehtavia\/tehtavia-ylakoululaisille\/#breadcrumb","itemListElement":[{"@type":"ListItem","position":1,"name":"Home","item":"https:\/\/sey.fi\/kissa\/"},{"@type":"ListItem","position":2,"name":"Kissatieto","item":"https:\/\/sey.fi\/kissa\/"},{"@type":"ListItem","position":3,"name":"Koululaisille ja opettajille &#8211; kissateht\u00e4vi\u00e4","item":"https:\/\/sey.fi\/kissa\/kissat\/koululaisille-ja-opettajille-kissatehtavia\/"},{"@type":"ListItem","position":4,"name":"Teht\u00e4vi\u00e4 yl\u00e4koululaisille"}]},{"@type":"WebSite","@id":"https:\/\/sey.fi\/kissa\/#website","url":"https:\/\/sey.fi\/kissa\/","name":"Kissatieto","description":"Uusi SEY J\u00e4senyhdistykset -sivusto","potentialAction":[{"@type":"SearchAction","target":{"@type":"EntryPoint","urlTemplate":"https:\/\/sey.fi\/kissa\/?s={search_term_string}"},"query-input":{"@type":"PropertyValueSpecification","valueRequired":true,"valueName":"search_term_string"}}],"inLanguage":"fi"}]}},"_links":{"self":[{"href":"https:\/\/sey.fi\/kissa\/wp-json\/wp\/v2\/pages\/239","targetHints":{"allow":["GET"]}}],"collection":[{"href":"https:\/\/sey.fi\/kissa\/wp-json\/wp\/v2\/pages"}],"about":[{"href":"https:\/\/sey.fi\/kissa\/wp-json\/wp\/v2\/types\/page"}],"author":[{"embeddable":true,"href":"https:\/\/sey.fi\/kissa\/wp-json\/wp\/v2\/users\/8"}],"replies":[{"embeddable":true,"href":"https:\/\/sey.fi\/kissa\/wp-json\/wp\/v2\/comments?post=239"}],"version-history":[{"count":4,"href":"https:\/\/sey.fi\/kissa\/wp-json\/wp\/v2\/pages\/239\/revisions"}],"predecessor-version":[{"id":348,"href":"https:\/\/sey.fi\/kissa\/wp-json\/wp\/v2\/pages\/239\/revisions\/348"}],"up":[{"embeddable":true,"href":"https:\/\/sey.fi\/kissa\/wp-json\/wp\/v2\/pages\/233"}],"wp:attachment":[{"href":"https:\/\/sey.fi\/kissa\/wp-json\/wp\/v2\/media?parent=239"}],"curies":[{"name":"wp","href":"https:\/\/api.w.org\/{rel}","templated":true}]}}